{"id":18843,"date":"2026-02-10T09:27:22","date_gmt":"2026-02-10T09:27:22","guid":{"rendered":"https:\/\/meber2026.graphoservice.it\/product\/980-2\/"},"modified":"2026-04-28T16:10:05","modified_gmt":"2026-04-28T16:10:05","slug":"980-2","status":"publish","type":"product","link":"https:\/\/meber2026.graphoservice.it\/fr\/product\/980-2\/","title":{"rendered":"980"},"content":{"rendered":"<p><span style=\"font-size: medium;\"><span style=\"font-family: \" times=\"\" new=\"\">Kit de crochets pour brancard \u00e0 plusieurs niveaux \u00ab MEBER-X \u00bb compos\u00e9 d\u2019une fixation avant, d\u2019une fixation lat\u00e9rale et d\u2019un crochet de s\u00e9curit\u00e9 arri\u00e8re.<\/span><\/span><span style=\"font-family: \" times=\"\" new=\"\"><span style=\"font-size: small;\">\u00a0<br \/> <\/span><\/span><span style=\"font-family: \" courier=\"\" \/><\/p>\n<p> <strong style=\"font-family: Arial; font-size: small; \">Fixation avant<\/strong><br style=\"font-family: Arial; font-size: small; \" \/> <span style=\"font-family: Arial; font-size: small; \">Longueur: 540 mm<\/span><br style=\"font-family: Arial; font-size: small; \" \/> <span style=\"font-family: Arial; font-size: small; \">Largeur: 680 mm<\/span><br style=\"font-family: Arial; font-size: small; \" \/> <span style=\"font-family: Arial; font-size: small; \">Hauteur: 140 mm<\/span><br style=\"font-family: Arial; font-size: small; \" \/> <br style=\"font-family: Arial; font-size: small; \" \/> <strong style=\"font-family: Arial; font-size: small; \">Fixation lat\u00e9rale<\/strong><br style=\"font-family: Arial; font-size: small; \" \/> <span style=\"font-family: Arial; font-size: small; \">Longueur: 750 mm<\/span><br style=\"font-family: Arial; font-size: small; \" \/> <span style=\"font-family: Arial; font-size: small; \">Largeur: 80 mm<\/span><br style=\"font-family: Arial; font-size: small; \" \/> <span style=\"font-family: Arial; font-size: small; \">Hauteur:240 mm<\/span><br style=\"font-family: Arial; font-size: small; \" \/> <br style=\"font-family: Arial; font-size: small; \" \/> <strong style=\"font-family: Arial; font-size: small; \">Crochet de s\u00e9curit\u00e9 arri\u00e8re<\/strong><br style=\"font-family: Arial; font-size: small; \" \/> <span style=\"font-family: Arial; font-size: small; \">Longueur: 100 mm<\/span><br style=\"font-family: Arial; font-size: small; \" \/> <span style=\"font-family: Arial; font-size: small; \">Largeur: 20 mm<\/span><br style=\"font-family: Arial; font-size: small; \" \/> <span style=\"font-family: Arial; font-size: small; \">Hauteur: 50 mm<\/span><br style=\"font-family: Arial; font-size: small; \" \/><\/p>\n","protected":false},"excerpt":{"rendered":"<p>Kit de crochets pour brancard \u00e0 plusieurs niveaux \u00ab MEBER-X \u00bb compos\u00e9 d\u2019une fixation avant, d\u2019une fixation lat\u00e9rale et d\u2019un crochet de s\u00e9curit\u00e9 arri\u00e8re.\u00a0 Fixation avant Longueur: 540 mm Largeur: 680 mm Hauteur: 140 mm Fixation lat\u00e9rale Longueur: 750 mm Largeur: 80 mm Hauteur:240 mm Crochet de s\u00e9curit\u00e9 arri\u00e8re Longueur: 100 mm Largeur: 20 mm [&hellip;]<\/p>\n","protected":false},"author":1,"featured_media":15355,"parent":0,"menu_order":90000800,"template":"","meta":{"_acf_changed":false,"footnotes":""},"application-tag":[77],"class_list":["post-18843","product","type-product","status-publish","has-post-thumbnail","hentry","application-tag-systemes-de-fixation"],"acf":[],"dsm_author":{"name":"admeb26","avatar_url":"https:\/\/meber2026.graphoservice.it\/wp-content\/plugins\/ultimate-member\/assets\/img\/default_avatar.jpg","archive_link":"https:\/\/meber2026.graphoservice.it\/fr\/author\/admeb26\/","biodata":""},"dsm_categories":[],"dsm_attachment_categories":[],"dsm_featured_image":{"thumbnail":"https:\/\/meber2026.graphoservice.it\/wp-content\/uploads\/2026\/02\/Kit_980_MeBerX-150x150.jpg","medium":"https:\/\/meber2026.graphoservice.it\/wp-content\/uploads\/2026\/02\/Kit_980_MeBerX-300x225.jpg","medium_large":"https:\/\/meber2026.graphoservice.it\/wp-content\/uploads\/2026\/02\/Kit_980_MeBerX-768x576.jpg","large":"https:\/\/meber2026.graphoservice.it\/wp-content\/uploads\/2026\/02\/Kit_980_MeBerX.jpg","1536x1536":"https:\/\/meber2026.graphoservice.it\/wp-content\/uploads\/2026\/02\/Kit_980_MeBerX.jpg","2048x2048":"https:\/\/meber2026.graphoservice.it\/wp-content\/uploads\/2026\/02\/Kit_980_MeBerX.jpg","et-pb-post-main-image":"https:\/\/meber2026.graphoservice.it\/wp-content\/uploads\/2026\/02\/Kit_980_MeBerX-400x250.jpg","et-pb-post-main-image-fullwidth":"https:\/\/meber2026.graphoservice.it\/wp-content\/uploads\/2026\/02\/Kit_980_MeBerX.jpg","et-pb-portfolio-image":"https:\/\/meber2026.graphoservice.it\/wp-content\/uploads\/2026\/02\/Kit_980_MeBerX-400x284.jpg","et-pb-portfolio-module-image":"https:\/\/meber2026.graphoservice.it\/wp-content\/uploads\/2026\/02\/Kit_980_MeBerX-510x382.jpg","et-pb-portfolio-image-single":"https:\/\/meber2026.graphoservice.it\/wp-content\/uploads\/2026\/02\/Kit_980_MeBerX.jpg","et-pb-gallery-module-image-portrait":"https:\/\/meber2026.graphoservice.it\/wp-content\/uploads\/2026\/02\/Kit_980_MeBerX-400x516.jpg","et-pb-post-main-image-fullwidth-large":"https:\/\/meber2026.graphoservice.it\/wp-content\/uploads\/2026\/02\/Kit_980_MeBerX.jpg","et-pb-image--responsive--desktop":"https:\/\/meber2026.graphoservice.it\/wp-content\/uploads\/2026\/02\/Kit_980_MeBerX.jpg","et-pb-image--responsive--tablet":"https:\/\/meber2026.graphoservice.it\/wp-content\/uploads\/2026\/02\/Kit_980_MeBerX.jpg","et-pb-image--responsive--phone":"https:\/\/meber2026.graphoservice.it\/wp-content\/uploads\/2026\/02\/Kit_980_MeBerX-480x360.jpg","full":"https:\/\/meber2026.graphoservice.it\/wp-content\/uploads\/2026\/02\/Kit_980_MeBerX.jpg"},"yoast_head":"<!-- This site is optimized with the Yoast SEO plugin v27.4 - https:\/\/yoast.com\/product\/yoast-seo-wordpress\/ -->\n<title>980<\/title>\n<meta name=\"robots\" content=\"noindex, follow, max-snippet:-1, max-image-preview:large, max-video-preview:-1\" \/>\n<meta property=\"og:locale\" content=\"fr_FR\" \/>\n<meta property=\"og:type\" content=\"article\" \/>\n<meta property=\"og:title\" content=\"980\" \/>\n<meta property=\"og:description\" content=\"Kit de crochets pour brancard \u00e0 plusieurs niveaux \u00ab MEBER-X \u00bb compos\u00e9 d\u2019une fixation avant, d\u2019une fixation lat\u00e9rale et d\u2019un crochet de s\u00e9curit\u00e9 arri\u00e8re.\u00a0 Fixation avant Longueur: 540 mm Largeur: 680 mm Hauteur: 140 mm Fixation lat\u00e9rale Longueur: 750 mm Largeur: 80 mm Hauteur:240 mm Crochet de s\u00e9curit\u00e9 arri\u00e8re Longueur: 100 mm Largeur: 20 mm [&hellip;]\" \/>\n<meta property=\"og:url\" content=\"https:\/\/meber2026.graphoservice.it\/fr\/product\/980-2\/\" \/>\n<meta property=\"og:site_name\" content=\"Me.Ber.\" \/>\n<meta property=\"article:modified_time\" content=\"2026-04-28T16:10:05+00:00\" \/>\n<meta property=\"og:image\" content=\"https:\/\/meber2026.graphoservice.it\/wp-content\/uploads\/2026\/02\/Kit_980_MeBerX.jpg\" \/>\n\t<meta property=\"og:image:width\" content=\"780\" \/>\n\t<meta property=\"og:image:height\" content=\"585\" \/>\n\t<meta property=\"og:image:type\" content=\"image\/jpeg\" \/>\n<meta name=\"twitter:card\" content=\"summary_large_image\" \/>\n<script type=\"application\/ld+json\" class=\"yoast-schema-graph\">{\"@context\":\"https:\\\/\\\/schema.org\",\"@graph\":[{\"@type\":\"WebPage\",\"@id\":\"https:\\\/\\\/meber2026.graphoservice.it\\\/fr\\\/product\\\/980-2\\\/\",\"url\":\"https:\\\/\\\/meber2026.graphoservice.it\\\/fr\\\/product\\\/980-2\\\/\",\"name\":\"980\",\"isPartOf\":{\"@id\":\"https:\\\/\\\/meber2026.graphoservice.it\\\/fr\\\/#website\"},\"primaryImageOfPage\":{\"@id\":\"https:\\\/\\\/meber2026.graphoservice.it\\\/fr\\\/product\\\/980-2\\\/#primaryimage\"},\"image\":{\"@id\":\"https:\\\/\\\/meber2026.graphoservice.it\\\/fr\\\/product\\\/980-2\\\/#primaryimage\"},\"thumbnailUrl\":\"https:\\\/\\\/meber2026.graphoservice.it\\\/wp-content\\\/uploads\\\/2026\\\/02\\\/Kit_980_MeBerX.jpg\",\"datePublished\":\"2026-02-10T09:27:22+00:00\",\"dateModified\":\"2026-04-28T16:10:05+00:00\",\"breadcrumb\":{\"@id\":\"https:\\\/\\\/meber2026.graphoservice.it\\\/fr\\\/product\\\/980-2\\\/#breadcrumb\"},\"inLanguage\":\"fr-FR\",\"potentialAction\":[{\"@type\":\"ReadAction\",\"target\":[\"https:\\\/\\\/meber2026.graphoservice.it\\\/fr\\\/product\\\/980-2\\\/\"]}]},{\"@type\":\"ImageObject\",\"inLanguage\":\"fr-FR\",\"@id\":\"https:\\\/\\\/meber2026.graphoservice.it\\\/fr\\\/product\\\/980-2\\\/#primaryimage\",\"url\":\"https:\\\/\\\/meber2026.graphoservice.it\\\/wp-content\\\/uploads\\\/2026\\\/02\\\/Kit_980_MeBerX.jpg\",\"contentUrl\":\"https:\\\/\\\/meber2026.graphoservice.it\\\/wp-content\\\/uploads\\\/2026\\\/02\\\/Kit_980_MeBerX.jpg\",\"width\":780,\"height\":585},{\"@type\":\"BreadcrumbList\",\"@id\":\"https:\\\/\\\/meber2026.graphoservice.it\\\/fr\\\/product\\\/980-2\\\/#breadcrumb\",\"itemListElement\":[{\"@type\":\"ListItem\",\"position\":1,\"name\":\"Home\",\"item\":\"https:\\\/\\\/meber2026.graphoservice.it\\\/fr\\\/\"},{\"@type\":\"ListItem\",\"position\":2,\"name\":\"980\"}]},{\"@type\":\"WebSite\",\"@id\":\"https:\\\/\\\/meber2026.graphoservice.it\\\/fr\\\/#website\",\"url\":\"https:\\\/\\\/meber2026.graphoservice.it\\\/fr\\\/\",\"name\":\"Me.Ber.\",\"description\":\"In Case of Emergerncy\",\"potentialAction\":[{\"@type\":\"SearchAction\",\"target\":{\"@type\":\"EntryPoint\",\"urlTemplate\":\"https:\\\/\\\/meber2026.graphoservice.it\\\/fr\\\/?s={search_term_string}\"},\"query-input\":{\"@type\":\"PropertyValueSpecification\",\"valueRequired\":true,\"valueName\":\"search_term_string\"}}],\"inLanguage\":\"fr-FR\"}]}<\/script>\n<!-- \/ Yoast SEO plugin. -->","yoast_head_json":{"title":"980","robots":{"index":"noindex","follow":"follow","max-snippet":"max-snippet:-1","max-image-preview":"max-image-preview:large","max-video-preview":"max-video-preview:-1"},"og_locale":"fr_FR","og_type":"article","og_title":"980","og_description":"Kit de crochets pour brancard \u00e0 plusieurs niveaux \u00ab MEBER-X \u00bb compos\u00e9 d\u2019une fixation avant, d\u2019une fixation lat\u00e9rale et d\u2019un crochet de s\u00e9curit\u00e9 arri\u00e8re.\u00a0 Fixation avant Longueur: 540 mm Largeur: 680 mm Hauteur: 140 mm Fixation lat\u00e9rale Longueur: 750 mm Largeur: 80 mm Hauteur:240 mm Crochet de s\u00e9curit\u00e9 arri\u00e8re Longueur: 100 mm Largeur: 20 mm [&hellip;]","og_url":"https:\/\/meber2026.graphoservice.it\/fr\/product\/980-2\/","og_site_name":"Me.Ber.","article_modified_time":"2026-04-28T16:10:05+00:00","og_image":[{"width":780,"height":585,"url":"https:\/\/meber2026.graphoservice.it\/wp-content\/uploads\/2026\/02\/Kit_980_MeBerX.jpg","type":"image\/jpeg"}],"twitter_card":"summary_large_image","schema":{"@context":"https:\/\/schema.org","@graph":[{"@type":"WebPage","@id":"https:\/\/meber2026.graphoservice.it\/fr\/product\/980-2\/","url":"https:\/\/meber2026.graphoservice.it\/fr\/product\/980-2\/","name":"980","isPartOf":{"@id":"https:\/\/meber2026.graphoservice.it\/fr\/#website"},"primaryImageOfPage":{"@id":"https:\/\/meber2026.graphoservice.it\/fr\/product\/980-2\/#primaryimage"},"image":{"@id":"https:\/\/meber2026.graphoservice.it\/fr\/product\/980-2\/#primaryimage"},"thumbnailUrl":"https:\/\/meber2026.graphoservice.it\/wp-content\/uploads\/2026\/02\/Kit_980_MeBerX.jpg","datePublished":"2026-02-10T09:27:22+00:00","dateModified":"2026-04-28T16:10:05+00:00","breadcrumb":{"@id":"https:\/\/meber2026.graphoservice.it\/fr\/product\/980-2\/#breadcrumb"},"inLanguage":"fr-FR","potentialAction":[{"@type":"ReadAction","target":["https:\/\/meber2026.graphoservice.it\/fr\/product\/980-2\/"]}]},{"@type":"ImageObject","inLanguage":"fr-FR","@id":"https:\/\/meber2026.graphoservice.it\/fr\/product\/980-2\/#primaryimage","url":"https:\/\/meber2026.graphoservice.it\/wp-content\/uploads\/2026\/02\/Kit_980_MeBerX.jpg","contentUrl":"https:\/\/meber2026.graphoservice.it\/wp-content\/uploads\/2026\/02\/Kit_980_MeBerX.jpg","width":780,"height":585},{"@type":"BreadcrumbList","@id":"https:\/\/meber2026.graphoservice.it\/fr\/product\/980-2\/#breadcrumb","itemListElement":[{"@type":"ListItem","position":1,"name":"Home","item":"https:\/\/meber2026.graphoservice.it\/fr\/"},{"@type":"ListItem","position":2,"name":"980"}]},{"@type":"WebSite","@id":"https:\/\/meber2026.graphoservice.it\/fr\/#website","url":"https:\/\/meber2026.graphoservice.it\/fr\/","name":"Me.Ber.","description":"In Case of Emergerncy","potentialAction":[{"@type":"SearchAction","target":{"@type":"EntryPoint","urlTemplate":"https:\/\/meber2026.graphoservice.it\/fr\/?s={search_term_string}"},"query-input":{"@type":"PropertyValueSpecification","valueRequired":true,"valueName":"search_term_string"}}],"inLanguage":"fr-FR"}]}},"_links":{"self":[{"href":"https:\/\/meber2026.graphoservice.it\/fr\/wp-json\/wp\/v2\/product\/18843","targetHints":{"allow":["GET"]}}],"collection":[{"href":"https:\/\/meber2026.graphoservice.it\/fr\/wp-json\/wp\/v2\/product"}],"about":[{"href":"https:\/\/meber2026.graphoservice.it\/fr\/wp-json\/wp\/v2\/types\/product"}],"author":[{"embeddable":true,"href":"https:\/\/meber2026.graphoservice.it\/fr\/wp-json\/wp\/v2\/users\/1"}],"version-history":[{"count":1,"href":"https:\/\/meber2026.graphoservice.it\/fr\/wp-json\/wp\/v2\/product\/18843\/revisions"}],"predecessor-version":[{"id":30890,"href":"https:\/\/meber2026.graphoservice.it\/fr\/wp-json\/wp\/v2\/product\/18843\/revisions\/30890"}],"wp:featuredmedia":[{"embeddable":true,"href":"https:\/\/meber2026.graphoservice.it\/fr\/wp-json\/wp\/v2\/media\/15355"}],"wp:attachment":[{"href":"https:\/\/meber2026.graphoservice.it\/fr\/wp-json\/wp\/v2\/media?parent=18843"}],"wp:term":[{"taxonomy":"application-tag","embeddable":true,"href":"https:\/\/meber2026.graphoservice.it\/fr\/wp-json\/wp\/v2\/application-tag?post=18843"}],"curies":[{"name":"wp","href":"https:\/\/api.w.org\/{rel}","templated":true}]}}