{"id":18733,"date":"2026-02-10T09:27:12","date_gmt":"2026-02-10T09:27:12","guid":{"rendered":"https:\/\/meber2026.graphoservice.it\/product\/frog-7240-inc-proof\/"},"modified":"2026-02-10T09:27:12","modified_gmt":"2026-02-10T09:27:12","slug":"frog-7240-inc-proof","status":"publish","type":"product","link":"https:\/\/meber2026.graphoservice.it\/fr\/product\/frog-7240-inc-proof\/","title":{"rendered":"Frog 7240\/INC Proof"},"content":{"rendered":"<p>Construit avec la pr\u00e9disposition pour notre syst\u00e8me de fixation certifi\u00e9 Art. 955 Proof, il est id\u00e9al pour le transport des incubateurs sur des v\u00e9hicules d\u2019urgence. \u00c9galement d\u00e9pourvu de dossier, de barri\u00e8res lat\u00e9rales et de surface de lit rigide, il fait partie de la gamme de brancards \u00e0 chargement automatique &#8220;FROG PLUS&#8221;. <\/p>\n<p class=\"MsoNormal\" style=\"margin: 0cm 0cm 0pt; \"><strong><img loading=\"lazy\" decoding=\"async\" alt=\"\" height=\"88\" src=\"http:\/\/www.meber.it\/adm\/Images\/contents\/10G Logo 2019_def.png\" width=\"80\" \/><br \/> Appareil certifi\u00e9 selon les normes europ\u00e9ennes harmonis\u00e9es UNI EN1865 &#8211; UNI EN1789.<\/strong><\/p>\n","protected":false},"excerpt":{"rendered":"<p>Construit avec la pr\u00e9disposition pour notre syst\u00e8me de fixation certifi\u00e9 Art. 955 Proof, il est id\u00e9al pour le transport des incubateurs sur des v\u00e9hicules d\u2019urgence. \u00c9galement d\u00e9pourvu de dossier, de barri\u00e8res lat\u00e9rales et de surface de lit rigide, il fait partie de la gamme de brancards \u00e0 chargement automatique &#8220;FROG PLUS&#8221;. Appareil certifi\u00e9 selon les [&hellip;]<\/p>\n","protected":false},"author":1,"featured_media":15201,"parent":0,"menu_order":20001800,"template":"","meta":{"_acf_changed":false,"footnotes":""},"application-tag":[74,65,68],"class_list":["post-18733","product","type-product","status-publish","has-post-thumbnail","hentry","application-tag-brancards-et-chariots-a-chargement-automatique","application-tag-certifie-10g","application-tag-pediatrique"],"acf":[],"dsm_author":{"name":"admeb26","avatar_url":"https:\/\/meber2026.graphoservice.it\/wp-content\/plugins\/ultimate-member\/assets\/img\/default_avatar.jpg","archive_link":"https:\/\/meber2026.graphoservice.it\/fr\/author\/admeb26\/","biodata":""},"dsm_categories":[],"dsm_attachment_categories":[],"dsm_featured_image":{"thumbnail":"https:\/\/meber2026.graphoservice.it\/wp-content\/uploads\/2026\/02\/Porta_incubatrice_7240_Proof-150x150.jpg","medium":"https:\/\/meber2026.graphoservice.it\/wp-content\/uploads\/2026\/02\/Porta_incubatrice_7240_Proof-300x200.jpg","medium_large":"https:\/\/meber2026.graphoservice.it\/wp-content\/uploads\/2026\/02\/Porta_incubatrice_7240_Proof-768x513.jpg","large":"https:\/\/meber2026.graphoservice.it\/wp-content\/uploads\/2026\/02\/Porta_incubatrice_7240_Proof.jpg","1536x1536":"https:\/\/meber2026.graphoservice.it\/wp-content\/uploads\/2026\/02\/Porta_incubatrice_7240_Proof.jpg","2048x2048":"https:\/\/meber2026.graphoservice.it\/wp-content\/uploads\/2026\/02\/Porta_incubatrice_7240_Proof.jpg","et-pb-post-main-image":"https:\/\/meber2026.graphoservice.it\/wp-content\/uploads\/2026\/02\/Porta_incubatrice_7240_Proof-400x250.jpg","et-pb-post-main-image-fullwidth":"https:\/\/meber2026.graphoservice.it\/wp-content\/uploads\/2026\/02\/Porta_incubatrice_7240_Proof.jpg","et-pb-portfolio-image":"https:\/\/meber2026.graphoservice.it\/wp-content\/uploads\/2026\/02\/Porta_incubatrice_7240_Proof-400x284.jpg","et-pb-portfolio-module-image":"https:\/\/meber2026.graphoservice.it\/wp-content\/uploads\/2026\/02\/Porta_incubatrice_7240_Proof-510x382.jpg","et-pb-portfolio-image-single":"https:\/\/meber2026.graphoservice.it\/wp-content\/uploads\/2026\/02\/Porta_incubatrice_7240_Proof.jpg","et-pb-gallery-module-image-portrait":"https:\/\/meber2026.graphoservice.it\/wp-content\/uploads\/2026\/02\/Porta_incubatrice_7240_Proof-400x516.jpg","et-pb-post-main-image-fullwidth-large":"https:\/\/meber2026.graphoservice.it\/wp-content\/uploads\/2026\/02\/Porta_incubatrice_7240_Proof.jpg","et-pb-image--responsive--desktop":"https:\/\/meber2026.graphoservice.it\/wp-content\/uploads\/2026\/02\/Porta_incubatrice_7240_Proof.jpg","et-pb-image--responsive--tablet":"https:\/\/meber2026.graphoservice.it\/wp-content\/uploads\/2026\/02\/Porta_incubatrice_7240_Proof.jpg","et-pb-image--responsive--phone":"https:\/\/meber2026.graphoservice.it\/wp-content\/uploads\/2026\/02\/Porta_incubatrice_7240_Proof-480x321.jpg","full":"https:\/\/meber2026.graphoservice.it\/wp-content\/uploads\/2026\/02\/Porta_incubatrice_7240_Proof.jpg"},"yoast_head":"<!-- This site is optimized with the Yoast SEO plugin v27.4 - https:\/\/yoast.com\/product\/yoast-seo-wordpress\/ -->\n<title>Frog 7240\/INC Proof<\/title>\n<meta name=\"description\" content=\"FROG Plus INC Proof\u00a0: brancard \u00e0 chargement automatique pour incubateur avec pr\u00e9disposition pour crochet certifi\u00e9.\" \/>\n<meta name=\"robots\" content=\"noindex, follow, max-snippet:-1, max-image-preview:large, max-video-preview:-1\" \/>\n<meta property=\"og:locale\" content=\"fr_FR\" \/>\n<meta property=\"og:type\" content=\"article\" \/>\n<meta property=\"og:title\" content=\"Frog 7240\/INC Proof\" \/>\n<meta property=\"og:description\" content=\"FROG Plus INC Proof\u00a0: brancard \u00e0 chargement automatique pour incubateur avec pr\u00e9disposition pour crochet certifi\u00e9.\" \/>\n<meta property=\"og:url\" content=\"https:\/\/meber2026.graphoservice.it\/fr\/product\/frog-7240-inc-proof\/\" \/>\n<meta property=\"og:site_name\" content=\"Me.Ber.\" \/>\n<meta name=\"twitter:card\" content=\"summary_large_image\" \/>\n<script type=\"application\/ld+json\" class=\"yoast-schema-graph\">{\"@context\":\"https:\\\/\\\/schema.org\",\"@graph\":[{\"@type\":\"WebPage\",\"@id\":\"https:\\\/\\\/meber2026.graphoservice.it\\\/fr\\\/product\\\/frog-7240-inc-proof\\\/\",\"url\":\"https:\\\/\\\/meber2026.graphoservice.it\\\/fr\\\/product\\\/frog-7240-inc-proof\\\/\",\"name\":\"Frog 7240\\\/INC Proof\",\"isPartOf\":{\"@id\":\"https:\\\/\\\/meber2026.graphoservice.it\\\/fr\\\/#website\"},\"primaryImageOfPage\":{\"@id\":\"https:\\\/\\\/meber2026.graphoservice.it\\\/fr\\\/product\\\/frog-7240-inc-proof\\\/#primaryimage\"},\"image\":{\"@id\":\"https:\\\/\\\/meber2026.graphoservice.it\\\/fr\\\/product\\\/frog-7240-inc-proof\\\/#primaryimage\"},\"thumbnailUrl\":\"https:\\\/\\\/meber2026.graphoservice.it\\\/wp-content\\\/uploads\\\/2026\\\/02\\\/Porta_incubatrice_7240_Proof.jpg\",\"datePublished\":\"2026-02-10T09:27:12+00:00\",\"description\":\"FROG Plus INC Proof\u00a0: brancard \u00e0 chargement automatique pour incubateur avec pr\u00e9disposition pour crochet certifi\u00e9.\",\"breadcrumb\":{\"@id\":\"https:\\\/\\\/meber2026.graphoservice.it\\\/fr\\\/product\\\/frog-7240-inc-proof\\\/#breadcrumb\"},\"inLanguage\":\"fr-FR\",\"potentialAction\":[{\"@type\":\"ReadAction\",\"target\":[\"https:\\\/\\\/meber2026.graphoservice.it\\\/fr\\\/product\\\/frog-7240-inc-proof\\\/\"]}]},{\"@type\":\"ImageObject\",\"inLanguage\":\"fr-FR\",\"@id\":\"https:\\\/\\\/meber2026.graphoservice.it\\\/fr\\\/product\\\/frog-7240-inc-proof\\\/#primaryimage\",\"url\":\"https:\\\/\\\/meber2026.graphoservice.it\\\/wp-content\\\/uploads\\\/2026\\\/02\\\/Porta_incubatrice_7240_Proof.jpg\",\"contentUrl\":\"https:\\\/\\\/meber2026.graphoservice.it\\\/wp-content\\\/uploads\\\/2026\\\/02\\\/Porta_incubatrice_7240_Proof.jpg\",\"width\":780,\"height\":521},{\"@type\":\"BreadcrumbList\",\"@id\":\"https:\\\/\\\/meber2026.graphoservice.it\\\/fr\\\/product\\\/frog-7240-inc-proof\\\/#breadcrumb\",\"itemListElement\":[{\"@type\":\"ListItem\",\"position\":1,\"name\":\"Home\",\"item\":\"https:\\\/\\\/meber2026.graphoservice.it\\\/fr\\\/\"},{\"@type\":\"ListItem\",\"position\":2,\"name\":\"Frog 7240\\\/INC Proof\"}]},{\"@type\":\"WebSite\",\"@id\":\"https:\\\/\\\/meber2026.graphoservice.it\\\/fr\\\/#website\",\"url\":\"https:\\\/\\\/meber2026.graphoservice.it\\\/fr\\\/\",\"name\":\"Me.Ber.\",\"description\":\"In Case of Emergerncy\",\"potentialAction\":[{\"@type\":\"SearchAction\",\"target\":{\"@type\":\"EntryPoint\",\"urlTemplate\":\"https:\\\/\\\/meber2026.graphoservice.it\\\/fr\\\/?s={search_term_string}\"},\"query-input\":{\"@type\":\"PropertyValueSpecification\",\"valueRequired\":true,\"valueName\":\"search_term_string\"}}],\"inLanguage\":\"fr-FR\"}]}<\/script>\n<!-- \/ Yoast SEO plugin. -->","yoast_head_json":{"title":"Frog 7240\/INC Proof","description":"FROG Plus INC Proof\u00a0: brancard \u00e0 chargement automatique pour incubateur avec pr\u00e9disposition pour crochet certifi\u00e9.","robots":{"index":"noindex","follow":"follow","max-snippet":"max-snippet:-1","max-image-preview":"max-image-preview:large","max-video-preview":"max-video-preview:-1"},"og_locale":"fr_FR","og_type":"article","og_title":"Frog 7240\/INC Proof","og_description":"FROG Plus INC Proof\u00a0: brancard \u00e0 chargement automatique pour incubateur avec pr\u00e9disposition pour crochet certifi\u00e9.","og_url":"https:\/\/meber2026.graphoservice.it\/fr\/product\/frog-7240-inc-proof\/","og_site_name":"Me.Ber.","twitter_card":"summary_large_image","schema":{"@context":"https:\/\/schema.org","@graph":[{"@type":"WebPage","@id":"https:\/\/meber2026.graphoservice.it\/fr\/product\/frog-7240-inc-proof\/","url":"https:\/\/meber2026.graphoservice.it\/fr\/product\/frog-7240-inc-proof\/","name":"Frog 7240\/INC Proof","isPartOf":{"@id":"https:\/\/meber2026.graphoservice.it\/fr\/#website"},"primaryImageOfPage":{"@id":"https:\/\/meber2026.graphoservice.it\/fr\/product\/frog-7240-inc-proof\/#primaryimage"},"image":{"@id":"https:\/\/meber2026.graphoservice.it\/fr\/product\/frog-7240-inc-proof\/#primaryimage"},"thumbnailUrl":"https:\/\/meber2026.graphoservice.it\/wp-content\/uploads\/2026\/02\/Porta_incubatrice_7240_Proof.jpg","datePublished":"2026-02-10T09:27:12+00:00","description":"FROG Plus INC Proof\u00a0: brancard \u00e0 chargement automatique pour incubateur avec pr\u00e9disposition pour crochet certifi\u00e9.","breadcrumb":{"@id":"https:\/\/meber2026.graphoservice.it\/fr\/product\/frog-7240-inc-proof\/#breadcrumb"},"inLanguage":"fr-FR","potentialAction":[{"@type":"ReadAction","target":["https:\/\/meber2026.graphoservice.it\/fr\/product\/frog-7240-inc-proof\/"]}]},{"@type":"ImageObject","inLanguage":"fr-FR","@id":"https:\/\/meber2026.graphoservice.it\/fr\/product\/frog-7240-inc-proof\/#primaryimage","url":"https:\/\/meber2026.graphoservice.it\/wp-content\/uploads\/2026\/02\/Porta_incubatrice_7240_Proof.jpg","contentUrl":"https:\/\/meber2026.graphoservice.it\/wp-content\/uploads\/2026\/02\/Porta_incubatrice_7240_Proof.jpg","width":780,"height":521},{"@type":"BreadcrumbList","@id":"https:\/\/meber2026.graphoservice.it\/fr\/product\/frog-7240-inc-proof\/#breadcrumb","itemListElement":[{"@type":"ListItem","position":1,"name":"Home","item":"https:\/\/meber2026.graphoservice.it\/fr\/"},{"@type":"ListItem","position":2,"name":"Frog 7240\/INC Proof"}]},{"@type":"WebSite","@id":"https:\/\/meber2026.graphoservice.it\/fr\/#website","url":"https:\/\/meber2026.graphoservice.it\/fr\/","name":"Me.Ber.","description":"In Case of Emergerncy","potentialAction":[{"@type":"SearchAction","target":{"@type":"EntryPoint","urlTemplate":"https:\/\/meber2026.graphoservice.it\/fr\/?s={search_term_string}"},"query-input":{"@type":"PropertyValueSpecification","valueRequired":true,"valueName":"search_term_string"}}],"inLanguage":"fr-FR"}]}},"_links":{"self":[{"href":"https:\/\/meber2026.graphoservice.it\/fr\/wp-json\/wp\/v2\/product\/18733","targetHints":{"allow":["GET"]}}],"collection":[{"href":"https:\/\/meber2026.graphoservice.it\/fr\/wp-json\/wp\/v2\/product"}],"about":[{"href":"https:\/\/meber2026.graphoservice.it\/fr\/wp-json\/wp\/v2\/types\/product"}],"author":[{"embeddable":true,"href":"https:\/\/meber2026.graphoservice.it\/fr\/wp-json\/wp\/v2\/users\/1"}],"version-history":[{"count":0,"href":"https:\/\/meber2026.graphoservice.it\/fr\/wp-json\/wp\/v2\/product\/18733\/revisions"}],"wp:featuredmedia":[{"embeddable":true,"href":"https:\/\/meber2026.graphoservice.it\/fr\/wp-json\/wp\/v2\/media\/15201"}],"wp:attachment":[{"href":"https:\/\/meber2026.graphoservice.it\/fr\/wp-json\/wp\/v2\/media?parent=18733"}],"wp:term":[{"taxonomy":"application-tag","embeddable":true,"href":"https:\/\/meber2026.graphoservice.it\/fr\/wp-json\/wp\/v2\/application-tag?post=18733"}],"curies":[{"name":"wp","href":"https:\/\/api.w.org\/{rel}","templated":true}]}}