{"id":18708,"date":"2026-02-10T09:27:09","date_gmt":"2026-02-10T09:27:09","guid":{"rendered":"https:\/\/meber2026.graphoservice.it\/product\/cormos-plus-11022-fa\/"},"modified":"2026-04-28T16:07:58","modified_gmt":"2026-04-28T16:07:58","slug":"cormos-plus-11022-fa","status":"publish","type":"product","link":"https:\/\/meber2026.graphoservice.it\/fr\/product\/cormos-plus-11022-fa\/","title":{"rendered":"Cormos Plus 11022\/FA"},"content":{"rendered":"<p style=\"\"><font size=\"1\"><span style=\"font-size: small;\">Les aspirateurs de s\u00e9cr\u00e9tions de la gamme CORMOS PLUS sont des dispositifs m\u00e9dicaux simples et compacts aliment\u00e9s par batterie. Ils se diff\u00e9rencient de la gamme CORMOS par la plus grande puissance d\u00e9livr\u00e9e par un moteur silencieux \u00e0 double piston de 30 litres\/<br \/>\nminute. L\u2019aspiration est r\u00e9glable lin\u00e9airement au moyen d\u2019un manom\u00e8tre de contr\u00f4le de 0 \u00e0 800 mbar. Il est livr\u00e9 avec ceux-ci : sac vert Meber pour le transport, pot autoclavable, support mural rechargeable 10G et tube d\u2019aspiration avec sonde.<\/p>\n<p><strong>Produit conforme aux normes ISO 10079-1, IEC 60601-1 et 3.0, approbation e1 selon la directive 72\/245\/CEE, UNI EN 1789, IEC 60601-1-11. Classification selon DDM 93\/42\/CEE: IIb.<\/p>\n<p>Dimensions 35x12x24 cm \/ Poids 4,6 kg \/ Autonomie environ > 45 minutes<\/strong><\/span><\/font><br type=\"_moz\" \/><br \/>\n\u00a0<\/p>\n","protected":false},"excerpt":{"rendered":"<p>Les aspirateurs de s\u00e9cr\u00e9tions de la gamme CORMOS PLUS sont des dispositifs m\u00e9dicaux simples et compacts aliment\u00e9s par batterie. Ils se diff\u00e9rencient de la gamme CORMOS par la plus grande puissance d\u00e9livr\u00e9e par un moteur silencieux \u00e0 double piston de 30 litres\/ minute. L\u2019aspiration est r\u00e9glable lin\u00e9airement au moyen d\u2019un manom\u00e8tre de contr\u00f4le de 0 [&hellip;]<\/p>\n","protected":false},"author":1,"featured_media":15166,"parent":0,"menu_order":80003600,"template":"","meta":{"_acf_changed":false,"footnotes":""},"application-tag":[95],"class_list":["post-18708","product","type-product","status-publish","has-post-thumbnail","hentry","application-tag-materiel-de-premiers-secours"],"acf":[],"dsm_author":{"name":"admeb26","avatar_url":"https:\/\/meber2026.graphoservice.it\/wp-content\/plugins\/ultimate-member\/assets\/img\/default_avatar.jpg","archive_link":"https:\/\/meber2026.graphoservice.it\/fr\/author\/admeb26\/","biodata":""},"dsm_categories":[],"dsm_attachment_categories":[],"dsm_featured_image":{"thumbnail":"https:\/\/meber2026.graphoservice.it\/wp-content\/uploads\/2026\/02\/Aspiratore_Cormos_11022FA-150x150.jpg","medium":"https:\/\/meber2026.graphoservice.it\/wp-content\/uploads\/2026\/02\/Aspiratore_Cormos_11022FA-300x288.jpg","medium_large":"https:\/\/meber2026.graphoservice.it\/wp-content\/uploads\/2026\/02\/Aspiratore_Cormos_11022FA-768x736.jpg","large":"https:\/\/meber2026.graphoservice.it\/wp-content\/uploads\/2026\/02\/Aspiratore_Cormos_11022FA.jpg","1536x1536":"https:\/\/meber2026.graphoservice.it\/wp-content\/uploads\/2026\/02\/Aspiratore_Cormos_11022FA.jpg","2048x2048":"https:\/\/meber2026.graphoservice.it\/wp-content\/uploads\/2026\/02\/Aspiratore_Cormos_11022FA.jpg","et-pb-post-main-image":"https:\/\/meber2026.graphoservice.it\/wp-content\/uploads\/2026\/02\/Aspiratore_Cormos_11022FA-400x250.jpg","et-pb-post-main-image-fullwidth":"https:\/\/meber2026.graphoservice.it\/wp-content\/uploads\/2026\/02\/Aspiratore_Cormos_11022FA-780x675.jpg","et-pb-portfolio-image":"https:\/\/meber2026.graphoservice.it\/wp-content\/uploads\/2026\/02\/Aspiratore_Cormos_11022FA-400x284.jpg","et-pb-portfolio-module-image":"https:\/\/meber2026.graphoservice.it\/wp-content\/uploads\/2026\/02\/Aspiratore_Cormos_11022FA-510x382.jpg","et-pb-portfolio-image-single":"https:\/\/meber2026.graphoservice.it\/wp-content\/uploads\/2026\/02\/Aspiratore_Cormos_11022FA.jpg","et-pb-gallery-module-image-portrait":"https:\/\/meber2026.graphoservice.it\/wp-content\/uploads\/2026\/02\/Aspiratore_Cormos_11022FA-400x516.jpg","et-pb-post-main-image-fullwidth-large":"https:\/\/meber2026.graphoservice.it\/wp-content\/uploads\/2026\/02\/Aspiratore_Cormos_11022FA.jpg","et-pb-image--responsive--desktop":"https:\/\/meber2026.graphoservice.it\/wp-content\/uploads\/2026\/02\/Aspiratore_Cormos_11022FA.jpg","et-pb-image--responsive--tablet":"https:\/\/meber2026.graphoservice.it\/wp-content\/uploads\/2026\/02\/Aspiratore_Cormos_11022FA.jpg","et-pb-image--responsive--phone":"https:\/\/meber2026.graphoservice.it\/wp-content\/uploads\/2026\/02\/Aspiratore_Cormos_11022FA-480x460.jpg","full":"https:\/\/meber2026.graphoservice.it\/wp-content\/uploads\/2026\/02\/Aspiratore_Cormos_11022FA.jpg"},"yoast_head":"<!-- This site is optimized with the Yoast SEO plugin v27.4 - https:\/\/yoast.com\/product\/yoast-seo-wordpress\/ -->\n<title>Aspirateur de s\u00e9cr\u00e9tions portable avec bouteille autoclavable<\/title>\n<meta name=\"robots\" content=\"noindex, follow, max-snippet:-1, max-image-preview:large, max-video-preview:-1\" \/>\n<meta property=\"og:locale\" content=\"fr_FR\" \/>\n<meta property=\"og:type\" content=\"article\" \/>\n<meta property=\"og:title\" content=\"Aspirateur de s\u00e9cr\u00e9tions portable avec bouteille autoclavable\" \/>\n<meta property=\"og:description\" content=\"Les aspirateurs de s\u00e9cr\u00e9tions de la gamme CORMOS PLUS sont des dispositifs m\u00e9dicaux simples et compacts aliment\u00e9s par batterie. Ils se diff\u00e9rencient de la gamme CORMOS par la plus grande puissance d\u00e9livr\u00e9e par un moteur silencieux \u00e0 double piston de 30 litres\/ minute. L\u2019aspiration est r\u00e9glable lin\u00e9airement au moyen d\u2019un manom\u00e8tre de contr\u00f4le de 0 [&hellip;]\" \/>\n<meta property=\"og:url\" content=\"https:\/\/meber2026.graphoservice.it\/fr\/product\/cormos-plus-11022-fa\/\" \/>\n<meta property=\"og:site_name\" content=\"Me.Ber.\" \/>\n<meta property=\"article:modified_time\" content=\"2026-04-28T16:07:58+00:00\" \/>\n<meta property=\"og:image\" content=\"https:\/\/meber2026.graphoservice.it\/wp-content\/uploads\/2026\/02\/Aspiratore_Cormos_11022FA.jpg\" \/>\n\t<meta property=\"og:image:width\" content=\"780\" \/>\n\t<meta property=\"og:image:height\" content=\"748\" \/>\n\t<meta property=\"og:image:type\" content=\"image\/jpeg\" \/>\n<meta name=\"twitter:card\" content=\"summary_large_image\" \/>\n<meta name=\"twitter:label1\" content=\"Dur\u00e9e de lecture estim\u00e9e\" \/>\n\t<meta name=\"twitter:data1\" content=\"1 minute\" \/>\n<script type=\"application\/ld+json\" class=\"yoast-schema-graph\">{\"@context\":\"https:\\\/\\\/schema.org\",\"@graph\":[{\"@type\":\"WebPage\",\"@id\":\"https:\\\/\\\/meber2026.graphoservice.it\\\/fr\\\/product\\\/cormos-plus-11022-fa\\\/\",\"url\":\"https:\\\/\\\/meber2026.graphoservice.it\\\/fr\\\/product\\\/cormos-plus-11022-fa\\\/\",\"name\":\"Aspirateur de s\u00e9cr\u00e9tions portable avec bouteille autoclavable\",\"isPartOf\":{\"@id\":\"https:\\\/\\\/meber2026.graphoservice.it\\\/fr\\\/#website\"},\"primaryImageOfPage\":{\"@id\":\"https:\\\/\\\/meber2026.graphoservice.it\\\/fr\\\/product\\\/cormos-plus-11022-fa\\\/#primaryimage\"},\"image\":{\"@id\":\"https:\\\/\\\/meber2026.graphoservice.it\\\/fr\\\/product\\\/cormos-plus-11022-fa\\\/#primaryimage\"},\"thumbnailUrl\":\"https:\\\/\\\/meber2026.graphoservice.it\\\/wp-content\\\/uploads\\\/2026\\\/02\\\/Aspiratore_Cormos_11022FA.jpg\",\"datePublished\":\"2026-02-10T09:27:09+00:00\",\"dateModified\":\"2026-04-28T16:07:58+00:00\",\"breadcrumb\":{\"@id\":\"https:\\\/\\\/meber2026.graphoservice.it\\\/fr\\\/product\\\/cormos-plus-11022-fa\\\/#breadcrumb\"},\"inLanguage\":\"fr-FR\",\"potentialAction\":[{\"@type\":\"ReadAction\",\"target\":[\"https:\\\/\\\/meber2026.graphoservice.it\\\/fr\\\/product\\\/cormos-plus-11022-fa\\\/\"]}]},{\"@type\":\"ImageObject\",\"inLanguage\":\"fr-FR\",\"@id\":\"https:\\\/\\\/meber2026.graphoservice.it\\\/fr\\\/product\\\/cormos-plus-11022-fa\\\/#primaryimage\",\"url\":\"https:\\\/\\\/meber2026.graphoservice.it\\\/wp-content\\\/uploads\\\/2026\\\/02\\\/Aspiratore_Cormos_11022FA.jpg\",\"contentUrl\":\"https:\\\/\\\/meber2026.graphoservice.it\\\/wp-content\\\/uploads\\\/2026\\\/02\\\/Aspiratore_Cormos_11022FA.jpg\",\"width\":780,\"height\":748},{\"@type\":\"BreadcrumbList\",\"@id\":\"https:\\\/\\\/meber2026.graphoservice.it\\\/fr\\\/product\\\/cormos-plus-11022-fa\\\/#breadcrumb\",\"itemListElement\":[{\"@type\":\"ListItem\",\"position\":1,\"name\":\"Home\",\"item\":\"https:\\\/\\\/meber2026.graphoservice.it\\\/fr\\\/\"},{\"@type\":\"ListItem\",\"position\":2,\"name\":\"Cormos Plus 11022\\\/FA\"}]},{\"@type\":\"WebSite\",\"@id\":\"https:\\\/\\\/meber2026.graphoservice.it\\\/fr\\\/#website\",\"url\":\"https:\\\/\\\/meber2026.graphoservice.it\\\/fr\\\/\",\"name\":\"Me.Ber.\",\"description\":\"In Case of Emergerncy\",\"potentialAction\":[{\"@type\":\"SearchAction\",\"target\":{\"@type\":\"EntryPoint\",\"urlTemplate\":\"https:\\\/\\\/meber2026.graphoservice.it\\\/fr\\\/?s={search_term_string}\"},\"query-input\":{\"@type\":\"PropertyValueSpecification\",\"valueRequired\":true,\"valueName\":\"search_term_string\"}}],\"inLanguage\":\"fr-FR\"}]}<\/script>\n<!-- \/ Yoast SEO plugin. -->","yoast_head_json":{"title":"Aspirateur de s\u00e9cr\u00e9tions portable avec bouteille autoclavable","robots":{"index":"noindex","follow":"follow","max-snippet":"max-snippet:-1","max-image-preview":"max-image-preview:large","max-video-preview":"max-video-preview:-1"},"og_locale":"fr_FR","og_type":"article","og_title":"Aspirateur de s\u00e9cr\u00e9tions portable avec bouteille autoclavable","og_description":"Les aspirateurs de s\u00e9cr\u00e9tions de la gamme CORMOS PLUS sont des dispositifs m\u00e9dicaux simples et compacts aliment\u00e9s par batterie. Ils se diff\u00e9rencient de la gamme CORMOS par la plus grande puissance d\u00e9livr\u00e9e par un moteur silencieux \u00e0 double piston de 30 litres\/ minute. L\u2019aspiration est r\u00e9glable lin\u00e9airement au moyen d\u2019un manom\u00e8tre de contr\u00f4le de 0 [&hellip;]","og_url":"https:\/\/meber2026.graphoservice.it\/fr\/product\/cormos-plus-11022-fa\/","og_site_name":"Me.Ber.","article_modified_time":"2026-04-28T16:07:58+00:00","og_image":[{"width":780,"height":748,"url":"https:\/\/meber2026.graphoservice.it\/wp-content\/uploads\/2026\/02\/Aspiratore_Cormos_11022FA.jpg","type":"image\/jpeg"}],"twitter_card":"summary_large_image","twitter_misc":{"Dur\u00e9e de lecture estim\u00e9e":"1 minute"},"schema":{"@context":"https:\/\/schema.org","@graph":[{"@type":"WebPage","@id":"https:\/\/meber2026.graphoservice.it\/fr\/product\/cormos-plus-11022-fa\/","url":"https:\/\/meber2026.graphoservice.it\/fr\/product\/cormos-plus-11022-fa\/","name":"Aspirateur de s\u00e9cr\u00e9tions portable avec bouteille autoclavable","isPartOf":{"@id":"https:\/\/meber2026.graphoservice.it\/fr\/#website"},"primaryImageOfPage":{"@id":"https:\/\/meber2026.graphoservice.it\/fr\/product\/cormos-plus-11022-fa\/#primaryimage"},"image":{"@id":"https:\/\/meber2026.graphoservice.it\/fr\/product\/cormos-plus-11022-fa\/#primaryimage"},"thumbnailUrl":"https:\/\/meber2026.graphoservice.it\/wp-content\/uploads\/2026\/02\/Aspiratore_Cormos_11022FA.jpg","datePublished":"2026-02-10T09:27:09+00:00","dateModified":"2026-04-28T16:07:58+00:00","breadcrumb":{"@id":"https:\/\/meber2026.graphoservice.it\/fr\/product\/cormos-plus-11022-fa\/#breadcrumb"},"inLanguage":"fr-FR","potentialAction":[{"@type":"ReadAction","target":["https:\/\/meber2026.graphoservice.it\/fr\/product\/cormos-plus-11022-fa\/"]}]},{"@type":"ImageObject","inLanguage":"fr-FR","@id":"https:\/\/meber2026.graphoservice.it\/fr\/product\/cormos-plus-11022-fa\/#primaryimage","url":"https:\/\/meber2026.graphoservice.it\/wp-content\/uploads\/2026\/02\/Aspiratore_Cormos_11022FA.jpg","contentUrl":"https:\/\/meber2026.graphoservice.it\/wp-content\/uploads\/2026\/02\/Aspiratore_Cormos_11022FA.jpg","width":780,"height":748},{"@type":"BreadcrumbList","@id":"https:\/\/meber2026.graphoservice.it\/fr\/product\/cormos-plus-11022-fa\/#breadcrumb","itemListElement":[{"@type":"ListItem","position":1,"name":"Home","item":"https:\/\/meber2026.graphoservice.it\/fr\/"},{"@type":"ListItem","position":2,"name":"Cormos Plus 11022\/FA"}]},{"@type":"WebSite","@id":"https:\/\/meber2026.graphoservice.it\/fr\/#website","url":"https:\/\/meber2026.graphoservice.it\/fr\/","name":"Me.Ber.","description":"In Case of Emergerncy","potentialAction":[{"@type":"SearchAction","target":{"@type":"EntryPoint","urlTemplate":"https:\/\/meber2026.graphoservice.it\/fr\/?s={search_term_string}"},"query-input":{"@type":"PropertyValueSpecification","valueRequired":true,"valueName":"search_term_string"}}],"inLanguage":"fr-FR"}]}},"_links":{"self":[{"href":"https:\/\/meber2026.graphoservice.it\/fr\/wp-json\/wp\/v2\/product\/18708","targetHints":{"allow":["GET"]}}],"collection":[{"href":"https:\/\/meber2026.graphoservice.it\/fr\/wp-json\/wp\/v2\/product"}],"about":[{"href":"https:\/\/meber2026.graphoservice.it\/fr\/wp-json\/wp\/v2\/types\/product"}],"author":[{"embeddable":true,"href":"https:\/\/meber2026.graphoservice.it\/fr\/wp-json\/wp\/v2\/users\/1"}],"version-history":[{"count":1,"href":"https:\/\/meber2026.graphoservice.it\/fr\/wp-json\/wp\/v2\/product\/18708\/revisions"}],"predecessor-version":[{"id":30782,"href":"https:\/\/meber2026.graphoservice.it\/fr\/wp-json\/wp\/v2\/product\/18708\/revisions\/30782"}],"wp:featuredmedia":[{"embeddable":true,"href":"https:\/\/meber2026.graphoservice.it\/fr\/wp-json\/wp\/v2\/media\/15166"}],"wp:attachment":[{"href":"https:\/\/meber2026.graphoservice.it\/fr\/wp-json\/wp\/v2\/media?parent=18708"}],"wp:term":[{"taxonomy":"application-tag","embeddable":true,"href":"https:\/\/meber2026.graphoservice.it\/fr\/wp-json\/wp\/v2\/application-tag?post=18708"}],"curies":[{"name":"wp","href":"https:\/\/api.w.org\/{rel}","templated":true}]}}