{"id":18688,"date":"2026-02-10T09:26:27","date_gmt":"2026-02-10T09:26:27","guid":{"rendered":"https:\/\/meber2026.graphoservice.it\/product\/8442-2\/"},"modified":"2026-04-28T16:07:22","modified_gmt":"2026-04-28T16:07:22","slug":"8442-2","status":"publish","type":"product","link":"https:\/\/meber2026.graphoservice.it\/fr\/product\/8442-2\/","title":{"rendered":"8442"},"content":{"rendered":"<p>Le syst\u00e8me de formation pour d\u00e9fibrillateur externe automatique (AED) est un simulateur qui permet d\u2019enseigner les techniques de sauvetage de base et les proc\u00e9dures de d\u00e9fibrillation correctes aux secouristes qui utilisent les DAE TecnoHeart Plus. Le syst\u00e8me d\u2019entra\u00eenement DAE Trainer: <\/p>\n<ul>\n<li>\n<div>il simule la d\u00e9livrance de chocs \u00e9lectriques et, en ne d\u00e9livrant pas de hautes tensions, vous permet d\u2019op\u00e9rer en toute s\u00e9curit\u00e9 pendant l\u2019entra\u00eenement,<\/div>\n<\/li>\n<li>\n<div>il contient 10 sc\u00e9narios d\u2019entra\u00eenement pr\u00e9configur\u00e9s qui simulent des \u00e9pisodes r\u00e9alistes d\u2019arr\u00eat cardiaque soudain,<\/div>\n<\/li>\n<li>\n<div>et peut \u00eatre utilis\u00e9 avec la t\u00e9l\u00e9commande infrarouge qui permet \u00e0 l\u2019instructeur de modifier les sc\u00e9narios pendant la phase d\u2019entra\u00eenement afin de v\u00e9rifier la r\u00e9action de l\u2019\u00e9l\u00e8ve. \u00c0 l\u2019aide de la t\u00e9l\u00e9commande, le rythme choquable ou le rythme non choquable peut \u00e9galement \u00eatre simul\u00e9 imm\u00e9diatement.<\/div>\n<\/li>\n<\/ul>\n<div>Le logiciel PC vous permet de configurer des sc\u00e9narios personnalis\u00e9s.<\/div>\n<div>Pour connecter l\u2019appareil au port s\u00e9rie du PC, vous avez besoin d\u2019un c\u00e2ble s\u00e9rie D-sub 1:1 \u00e0 9 broches normal.<\/p>\n<p> \u00a0<\/p><\/div>\n<div><span style=\"font-family: Tahoma;\"><b style=\"font-family: Arial; font-size: small;\"><span style=\"line-height: 115%;\">Sp\u00e9cifications techniques<\/span><\/b><\/span><\/div>\n<ul>\n<li>\n<div><span style=\"font-family: Tahoma;\"><span style=\"font-size: small;\"><b>Alimentation:<\/b><\/span><\/span><\/div>\n<\/li>\n<\/ul>\n<div style=\"margin-left: 40px;\"><span style=\"font-family: Tahoma;\"><span style=\"font-size: small;\"><span style=\"font-size: small;\">DC 10,8V \/ 2200mAh<\/span><\/span><\/span><\/div>\n<div style=\"margin-left: 40px;\"><span style=\"font-family: Tahoma;\"><span style=\"font-size: small;\">Batterie au lithium rechargeable \u00e0 3 cellules<\/span><br \/> <span style=\"font-size: small;\">DV 15V \/ adaptateur DC 15V, 1,5A<\/span><\/span><\/div>\n<ul>\n<li>\n<div><span style=\"font-family: Tahoma;\"><span style=\"font-size: small;\"><b>Courant statique:<\/b> < 5uA<\/span><\/span><\/div>\n<\/li>\n<li>\n<div><span style=\"font-family: Tahoma;\"><span style=\"font-size: small;\"><b>Courant maximal:<\/b> < 500mA<\/span><\/span><\/div>\n<\/li>\n<li>\n<div><span style=\"font-family: Tahoma;\"><span style=\"font-size: small;\"><b>Dimensions: <\/b>314mm x 259mm x 109mm<\/span><\/span><\/div>\n<\/li>\n<li>\n<div><span style=\"font-family: Tahoma;\"><span style=\"font-size: small;\"><b>Poids:<\/b> 1,9kg<\/span><\/span><\/div>\n<\/li>\n<\/ul>\n<div>\u00a0<\/div>\n<div>\u00a0<\/div>\n<div>\u00a0<\/div>\n<div>\u00a0<\/div>\n<p><span style=\"font-family: Tahoma;\"><span style=\"font-size: small;\"><span style=\"font-family: Arial;\">\u00a0<\/span><\/span><\/span><\/p>\n<p><span style=\"font-family: Tahoma;\"><span style=\"font-size: small;\"><span style=\"font-family: Tahoma;\"><b><span style=\"line-height: 115%;\">Conditions environnementales:<\/span><\/b><\/span><\/span><\/span><\/p>\n<div><span style=\"font-family: Tahoma;\"><span style=\"font-family: Tahoma;\"><span style=\"font-size: small;\"><b>OP\u00c9RATIONNEL<\/b><\/span><\/span><\/span><\/div>\n<ul>\n<li>\n<div><span style=\"font-family: Tahoma;\"><span style=\"font-family: Tahoma;\"><span style=\"font-size: small;\"><b>Fonctionnement:<\/b> da 0 a 43\u00b0C (da 32 a 109,4\u00b0F)<\/span><\/span><\/span><\/div>\n<\/li>\n<li>\n<div><span style=\"font-family: Tahoma;\"><span style=\"font-family: Tahoma;\"><span style=\"font-size: small;\"><b>Humidit\u00e9 relative:<\/b> dal 5 al 95% (sans condensation)<\/span><\/span><\/span><\/div>\n<\/li>\n<li>\n<div><span style=\"font-family: Tahoma;\"><span style=\"font-family: Tahoma;\"><span style=\"font-size: small;\"><b>Altitude:<\/b> Da 0 a 4,475 m<\/span><\/span><\/span><\/div>\n<\/li>\n<\/ul>\n<div><span style=\"font-family: Tahoma;\"><span style=\"font-family: Tahoma;\"><span style=\"font-size: small;\"><b>STOCKAGE<\/b><\/span><\/span><\/span><\/div>\n<ul>\n<li>\n<div><span style=\"font-family: Tahoma;\"><span style=\"font-family: Tahoma;\"><span style=\"font-size: small;\"><b>Stockage:<\/b> da -20 a 60\u00b0C (da -4 a 140\u00b0F)<\/span><\/span><\/span><\/div>\n<\/li>\n<li>\n<div><span style=\"font-family: Tahoma;\"><span style=\"font-family: Tahoma;\"><span style=\"font-size: small;\"><b>Humidit\u00e9 relative : 5 \u00e0 95 % (sans condensation)<\/span><\/span><\/span><\/div>\n<\/li>\n<li>\n<div><span style=\"font-family: Tahoma;\"><span style=\"font-family: Tahoma;\"><span style=\"font-size: small;\"><b>Altitude:<\/b> Da 0 a 12,192m<\/span><\/span><\/span><\/div>\n<\/li>\n<\/ul>\n<div><span style=\"font-family: Tahoma;\">\u00a0<\/span><\/div>\n<div>\u00a0<\/div>\n<div>\u00a0<\/div>\n<div>\u00a0<\/div>\n<p><span style=\"font-family: Tahoma;\"><span style=\"font-family: Tahoma;\"><span style=\"font-size: small;\"><span style=\"font-family: Arial;\">\u00a0<\/span><\/span><\/span><\/span><\/p>\n<p><span style=\"font-family: Tahoma;\"><span style=\"font-family: Tahoma;\"><span style=\"font-size: small;\"><span style=\"font-family: Tahoma;\"><b><span style=\"line-height: 115%;\">T\u00e9l\u00e9commande<\/span><\/b><\/span><\/span><\/span><\/span><\/p>\n<ul>\n<li>\n<div><span style=\"font-family: Tahoma;\"><span style=\"font-family: Tahoma;\"><span style=\"font-family: Tahoma;\"><span style=\"font-size: small;\"><b>T\u00e9l\u00e9commande:<\/b> DC 3V \/ Batterie \u00e0 bouton <\/span><\/span><\/span><\/span><\/div>\n<\/li>\n<li>\n<div><span style=\"font-family: Tahoma;\"><span style=\"font-family: Tahoma;\"><span style=\"font-family: Tahoma;\"><span style=\"font-size: small;\"><b>Courant statique :<\/b> 5 <\/span><\/span><\/span><\/span><\/div>\n<\/li>\n<li>\n<div><span style=\"font-family: Tahoma;\"><span style=\"font-family: Tahoma;\"><span style=\"font-family: Tahoma;\"><span style=\"font-size: small;\"><b>Courant maximal :<\/b> < 10mA<\/span><\/span><\/span><\/span><\/div>\n<\/li>\n<\/ul>\n<div><span style=\"font-family: Tahoma;\"><span style=\"font-family: Tahoma;\">\u00a0<\/span><\/span><\/div>\n<div>\u00a0<\/div>\n<div>\u00a0<\/div>\n<div>\u00a0<\/div>\n<p><span style=\"font-family: Tahoma;\"><span style=\"font-family: Tahoma;\"><span style=\"font-family: Tahoma;\"><span style=\"font-size: small;\"><span style=\"font-family: Arial;\">\u00a0<\/span><\/span><\/span><\/span><\/span><\/p>\n<p><span style=\"font-family: Tahoma;\"><span style=\"font-family: Tahoma;\"><span style=\"font-family: Tahoma;\"><span style=\"font-size: small;\"><span style=\"font-family: Tahoma;\"><b><span style=\"line-height: 115%;\">Liste des composants <\/span><\/b><\/span><\/span><\/span><\/span><\/span><\/p>\n<div><span style=\"font-family: Tahoma;\"><span style=\"font-family: Tahoma;\"><span style=\"font-family: Tahoma;\"><span style=\"font-family: Tahoma;\"><span style=\"font-size: small;\"><span style=\"line-height: 115%;\">N\u00b0 1 t\u00e9l\u00e9commande<\/span><\/span><\/span><\/span><\/span><\/span><\/div>\n<div><span style=\"font-family: Tahoma;\"><span style=\"font-family: Tahoma;\"><span style=\"font-family: Tahoma;\"><span style=\"font-family: Tahoma;\"><span style=\"font-size: small;\"><span style=\"line-height: 115%;\">N\u00b0 1 \u00e9lectrode d\u2019entra\u00eenement pour adultes (utilisable 100 fois)<\/span><\/span><\/span><\/span><\/span><\/span><\/div>\n<div><span style=\"font-family: Tahoma;\"><span style=\"font-family: Tahoma;\"><span style=\"font-family: Tahoma;\"><span style=\"font-family: Tahoma;\"><span style=\"font-size: small;\"><span style=\"line-height: 115%;\">N\u00b0 1 manuel d\u2019utilisation<\/span><\/span><\/span><\/span><\/span><\/span><\/div>\n<div><span style=\"font-family: Tahoma;\"><span style=\"font-family: Tahoma;\"><span style=\"font-family: Tahoma;\"><span style=\"font-family: Tahoma;\"><span style=\"font-size: small;\"><span style=\"line-height: 115%;\">N\u00b0 1 \u00e9tui (en nylon)<\/span><\/span><\/span><\/span><\/span><\/span><\/div>\n<div><span style=\"font-family: Tahoma;\"><span style=\"font-family: Tahoma;\"><span style=\"font-family: Tahoma;\"><span style=\"font-family: Tahoma;\"><span style=\"font-size: small;\"><span style=\"line-height: 115%;\">N\u00b0 1 adaptateur DC<\/span><\/span><\/span><\/span><\/span><\/span><\/div>\n<div><span style=\"font-family: Tahoma;\"><span style=\"font-family: Tahoma;\"><span style=\"font-family: Tahoma;\"><span style=\"font-family: Tahoma;\"><span style=\"font-size: small;\"><span style=\"line-height: 115%;\">N\u00b0 1 CD logiciel DAE Trainer (en option)<\/span><\/span><\/span><\/span><\/span><\/span><\/div>\n","protected":false},"excerpt":{"rendered":"<p>Le syst\u00e8me de formation pour d\u00e9fibrillateur externe automatique (AED) est un simulateur qui permet d\u2019enseigner les techniques de sauvetage de base et les proc\u00e9dures de d\u00e9fibrillation correctes aux secouristes qui utilisent les DAE TecnoHeart Plus. Le syst\u00e8me d\u2019entra\u00eenement DAE Trainer: il simule la d\u00e9livrance de chocs \u00e9lectriques et, en ne d\u00e9livrant pas de hautes tensions, [&hellip;]<\/p>\n","protected":false},"author":1,"featured_media":15143,"parent":0,"menu_order":60003500,"template":"","meta":{"_acf_changed":false,"footnotes":""},"application-tag":[102],"class_list":["post-18688","product","type-product","status-publish","has-post-thumbnail","hentry","application-tag-diagnostic"],"acf":[],"dsm_author":{"name":"admeb26","avatar_url":"https:\/\/meber2026.graphoservice.it\/wp-content\/plugins\/ultimate-member\/assets\/img\/default_avatar.jpg","archive_link":"https:\/\/meber2026.graphoservice.it\/fr\/author\/admeb26\/","biodata":""},"dsm_categories":[],"dsm_attachment_categories":[],"dsm_featured_image":{"thumbnail":"https:\/\/meber2026.graphoservice.it\/wp-content\/uploads\/2026\/02\/8442_foto_HD_2-150x150.jpg","medium":"https:\/\/meber2026.graphoservice.it\/wp-content\/uploads\/2026\/02\/8442_foto_HD_2-300x225.jpg","medium_large":"https:\/\/meber2026.graphoservice.it\/wp-content\/uploads\/2026\/02\/8442_foto_HD_2-768x576.jpg","large":"https:\/\/meber2026.graphoservice.it\/wp-content\/uploads\/2026\/02\/8442_foto_HD_2.jpg","1536x1536":"https:\/\/meber2026.graphoservice.it\/wp-content\/uploads\/2026\/02\/8442_foto_HD_2.jpg","2048x2048":"https:\/\/meber2026.graphoservice.it\/wp-content\/uploads\/2026\/02\/8442_foto_HD_2.jpg","et-pb-post-main-image":"https:\/\/meber2026.graphoservice.it\/wp-content\/uploads\/2026\/02\/8442_foto_HD_2-400x250.jpg","et-pb-post-main-image-fullwidth":"https:\/\/meber2026.graphoservice.it\/wp-content\/uploads\/2026\/02\/8442_foto_HD_2.jpg","et-pb-portfolio-image":"https:\/\/meber2026.graphoservice.it\/wp-content\/uploads\/2026\/02\/8442_foto_HD_2-400x284.jpg","et-pb-portfolio-module-image":"https:\/\/meber2026.graphoservice.it\/wp-content\/uploads\/2026\/02\/8442_foto_HD_2-510x382.jpg","et-pb-portfolio-image-single":"https:\/\/meber2026.graphoservice.it\/wp-content\/uploads\/2026\/02\/8442_foto_HD_2.jpg","et-pb-gallery-module-image-portrait":"https:\/\/meber2026.graphoservice.it\/wp-content\/uploads\/2026\/02\/8442_foto_HD_2-400x516.jpg","et-pb-post-main-image-fullwidth-large":"https:\/\/meber2026.graphoservice.it\/wp-content\/uploads\/2026\/02\/8442_foto_HD_2.jpg","et-pb-image--responsive--desktop":"https:\/\/meber2026.graphoservice.it\/wp-content\/uploads\/2026\/02\/8442_foto_HD_2.jpg","et-pb-image--responsive--tablet":"https:\/\/meber2026.graphoservice.it\/wp-content\/uploads\/2026\/02\/8442_foto_HD_2.jpg","et-pb-image--responsive--phone":"https:\/\/meber2026.graphoservice.it\/wp-content\/uploads\/2026\/02\/8442_foto_HD_2-480x360.jpg","full":"https:\/\/meber2026.graphoservice.it\/wp-content\/uploads\/2026\/02\/8442_foto_HD_2.jpg"},"yoast_head":"<!-- This site is optimized with the Yoast SEO plugin v27.4 - https:\/\/yoast.com\/product\/yoast-seo-wordpress\/ -->\n<title>8442<\/title>\n<meta name=\"robots\" content=\"noindex, follow, max-snippet:-1, max-image-preview:large, max-video-preview:-1\" \/>\n<meta property=\"og:locale\" content=\"fr_FR\" \/>\n<meta property=\"og:type\" content=\"article\" \/>\n<meta property=\"og:title\" content=\"8442\" \/>\n<meta property=\"og:description\" content=\"Le syst\u00e8me de formation pour d\u00e9fibrillateur externe automatique (AED) est un simulateur qui permet d\u2019enseigner les techniques de sauvetage de base et les proc\u00e9dures de d\u00e9fibrillation correctes aux secouristes qui utilisent les DAE TecnoHeart Plus. Le syst\u00e8me d\u2019entra\u00eenement DAE Trainer: il simule la d\u00e9livrance de chocs \u00e9lectriques et, en ne d\u00e9livrant pas de hautes tensions, [&hellip;]\" \/>\n<meta property=\"og:url\" content=\"https:\/\/meber2026.graphoservice.it\/fr\/product\/8442-2\/\" \/>\n<meta property=\"og:site_name\" content=\"Me.Ber.\" \/>\n<meta property=\"article:modified_time\" content=\"2026-04-28T16:07:22+00:00\" \/>\n<meta property=\"og:image\" content=\"https:\/\/meber2026.graphoservice.it\/wp-content\/uploads\/2026\/02\/8442_foto_HD_2.jpg\" \/>\n\t<meta property=\"og:image:width\" content=\"780\" \/>\n\t<meta property=\"og:image:height\" content=\"585\" \/>\n\t<meta property=\"og:image:type\" content=\"image\/jpeg\" \/>\n<meta name=\"twitter:card\" content=\"summary_large_image\" \/>\n<meta name=\"twitter:label1\" content=\"Dur\u00e9e de lecture estim\u00e9e\" \/>\n\t<meta name=\"twitter:data1\" content=\"2 minutes\" \/>\n<script type=\"application\/ld+json\" class=\"yoast-schema-graph\">{\"@context\":\"https:\\\/\\\/schema.org\",\"@graph\":[{\"@type\":\"WebPage\",\"@id\":\"https:\\\/\\\/meber2026.graphoservice.it\\\/fr\\\/product\\\/8442-2\\\/\",\"url\":\"https:\\\/\\\/meber2026.graphoservice.it\\\/fr\\\/product\\\/8442-2\\\/\",\"name\":\"8442\",\"isPartOf\":{\"@id\":\"https:\\\/\\\/meber2026.graphoservice.it\\\/fr\\\/#website\"},\"primaryImageOfPage\":{\"@id\":\"https:\\\/\\\/meber2026.graphoservice.it\\\/fr\\\/product\\\/8442-2\\\/#primaryimage\"},\"image\":{\"@id\":\"https:\\\/\\\/meber2026.graphoservice.it\\\/fr\\\/product\\\/8442-2\\\/#primaryimage\"},\"thumbnailUrl\":\"https:\\\/\\\/meber2026.graphoservice.it\\\/wp-content\\\/uploads\\\/2026\\\/02\\\/8442_foto_HD_2.jpg\",\"datePublished\":\"2026-02-10T09:26:27+00:00\",\"dateModified\":\"2026-04-28T16:07:22+00:00\",\"breadcrumb\":{\"@id\":\"https:\\\/\\\/meber2026.graphoservice.it\\\/fr\\\/product\\\/8442-2\\\/#breadcrumb\"},\"inLanguage\":\"fr-FR\",\"potentialAction\":[{\"@type\":\"ReadAction\",\"target\":[\"https:\\\/\\\/meber2026.graphoservice.it\\\/fr\\\/product\\\/8442-2\\\/\"]}]},{\"@type\":\"ImageObject\",\"inLanguage\":\"fr-FR\",\"@id\":\"https:\\\/\\\/meber2026.graphoservice.it\\\/fr\\\/product\\\/8442-2\\\/#primaryimage\",\"url\":\"https:\\\/\\\/meber2026.graphoservice.it\\\/wp-content\\\/uploads\\\/2026\\\/02\\\/8442_foto_HD_2.jpg\",\"contentUrl\":\"https:\\\/\\\/meber2026.graphoservice.it\\\/wp-content\\\/uploads\\\/2026\\\/02\\\/8442_foto_HD_2.jpg\",\"width\":780,\"height\":585},{\"@type\":\"BreadcrumbList\",\"@id\":\"https:\\\/\\\/meber2026.graphoservice.it\\\/fr\\\/product\\\/8442-2\\\/#breadcrumb\",\"itemListElement\":[{\"@type\":\"ListItem\",\"position\":1,\"name\":\"Home\",\"item\":\"https:\\\/\\\/meber2026.graphoservice.it\\\/fr\\\/\"},{\"@type\":\"ListItem\",\"position\":2,\"name\":\"8442\"}]},{\"@type\":\"WebSite\",\"@id\":\"https:\\\/\\\/meber2026.graphoservice.it\\\/fr\\\/#website\",\"url\":\"https:\\\/\\\/meber2026.graphoservice.it\\\/fr\\\/\",\"name\":\"Me.Ber.\",\"description\":\"In Case of Emergerncy\",\"potentialAction\":[{\"@type\":\"SearchAction\",\"target\":{\"@type\":\"EntryPoint\",\"urlTemplate\":\"https:\\\/\\\/meber2026.graphoservice.it\\\/fr\\\/?s={search_term_string}\"},\"query-input\":{\"@type\":\"PropertyValueSpecification\",\"valueRequired\":true,\"valueName\":\"search_term_string\"}}],\"inLanguage\":\"fr-FR\"}]}<\/script>\n<!-- \/ Yoast SEO plugin. -->","yoast_head_json":{"title":"8442","robots":{"index":"noindex","follow":"follow","max-snippet":"max-snippet:-1","max-image-preview":"max-image-preview:large","max-video-preview":"max-video-preview:-1"},"og_locale":"fr_FR","og_type":"article","og_title":"8442","og_description":"Le syst\u00e8me de formation pour d\u00e9fibrillateur externe automatique (AED) est un simulateur qui permet d\u2019enseigner les techniques de sauvetage de base et les proc\u00e9dures de d\u00e9fibrillation correctes aux secouristes qui utilisent les DAE TecnoHeart Plus. Le syst\u00e8me d\u2019entra\u00eenement DAE Trainer: il simule la d\u00e9livrance de chocs \u00e9lectriques et, en ne d\u00e9livrant pas de hautes tensions, [&hellip;]","og_url":"https:\/\/meber2026.graphoservice.it\/fr\/product\/8442-2\/","og_site_name":"Me.Ber.","article_modified_time":"2026-04-28T16:07:22+00:00","og_image":[{"width":780,"height":585,"url":"https:\/\/meber2026.graphoservice.it\/wp-content\/uploads\/2026\/02\/8442_foto_HD_2.jpg","type":"image\/jpeg"}],"twitter_card":"summary_large_image","twitter_misc":{"Dur\u00e9e de lecture estim\u00e9e":"2 minutes"},"schema":{"@context":"https:\/\/schema.org","@graph":[{"@type":"WebPage","@id":"https:\/\/meber2026.graphoservice.it\/fr\/product\/8442-2\/","url":"https:\/\/meber2026.graphoservice.it\/fr\/product\/8442-2\/","name":"8442","isPartOf":{"@id":"https:\/\/meber2026.graphoservice.it\/fr\/#website"},"primaryImageOfPage":{"@id":"https:\/\/meber2026.graphoservice.it\/fr\/product\/8442-2\/#primaryimage"},"image":{"@id":"https:\/\/meber2026.graphoservice.it\/fr\/product\/8442-2\/#primaryimage"},"thumbnailUrl":"https:\/\/meber2026.graphoservice.it\/wp-content\/uploads\/2026\/02\/8442_foto_HD_2.jpg","datePublished":"2026-02-10T09:26:27+00:00","dateModified":"2026-04-28T16:07:22+00:00","breadcrumb":{"@id":"https:\/\/meber2026.graphoservice.it\/fr\/product\/8442-2\/#breadcrumb"},"inLanguage":"fr-FR","potentialAction":[{"@type":"ReadAction","target":["https:\/\/meber2026.graphoservice.it\/fr\/product\/8442-2\/"]}]},{"@type":"ImageObject","inLanguage":"fr-FR","@id":"https:\/\/meber2026.graphoservice.it\/fr\/product\/8442-2\/#primaryimage","url":"https:\/\/meber2026.graphoservice.it\/wp-content\/uploads\/2026\/02\/8442_foto_HD_2.jpg","contentUrl":"https:\/\/meber2026.graphoservice.it\/wp-content\/uploads\/2026\/02\/8442_foto_HD_2.jpg","width":780,"height":585},{"@type":"BreadcrumbList","@id":"https:\/\/meber2026.graphoservice.it\/fr\/product\/8442-2\/#breadcrumb","itemListElement":[{"@type":"ListItem","position":1,"name":"Home","item":"https:\/\/meber2026.graphoservice.it\/fr\/"},{"@type":"ListItem","position":2,"name":"8442"}]},{"@type":"WebSite","@id":"https:\/\/meber2026.graphoservice.it\/fr\/#website","url":"https:\/\/meber2026.graphoservice.it\/fr\/","name":"Me.Ber.","description":"In Case of Emergerncy","potentialAction":[{"@type":"SearchAction","target":{"@type":"EntryPoint","urlTemplate":"https:\/\/meber2026.graphoservice.it\/fr\/?s={search_term_string}"},"query-input":{"@type":"PropertyValueSpecification","valueRequired":true,"valueName":"search_term_string"}}],"inLanguage":"fr-FR"}]}},"_links":{"self":[{"href":"https:\/\/meber2026.graphoservice.it\/fr\/wp-json\/wp\/v2\/product\/18688","targetHints":{"allow":["GET"]}}],"collection":[{"href":"https:\/\/meber2026.graphoservice.it\/fr\/wp-json\/wp\/v2\/product"}],"about":[{"href":"https:\/\/meber2026.graphoservice.it\/fr\/wp-json\/wp\/v2\/types\/product"}],"author":[{"embeddable":true,"href":"https:\/\/meber2026.graphoservice.it\/fr\/wp-json\/wp\/v2\/users\/1"}],"version-history":[{"count":1,"href":"https:\/\/meber2026.graphoservice.it\/fr\/wp-json\/wp\/v2\/product\/18688\/revisions"}],"predecessor-version":[{"id":30767,"href":"https:\/\/meber2026.graphoservice.it\/fr\/wp-json\/wp\/v2\/product\/18688\/revisions\/30767"}],"wp:featuredmedia":[{"embeddable":true,"href":"https:\/\/meber2026.graphoservice.it\/fr\/wp-json\/wp\/v2\/media\/15143"}],"wp:attachment":[{"href":"https:\/\/meber2026.graphoservice.it\/fr\/wp-json\/wp\/v2\/media?parent=18688"}],"wp:term":[{"taxonomy":"application-tag","embeddable":true,"href":"https:\/\/meber2026.graphoservice.it\/fr\/wp-json\/wp\/v2\/application-tag?post=18688"}],"curies":[{"name":"wp","href":"https:\/\/api.w.org\/{rel}","templated":true}]}}