{"id":18673,"date":"2026-02-10T09:26:26","date_gmt":"2026-02-10T09:26:26","guid":{"rendered":"https:\/\/meber2026.graphoservice.it\/product\/1375-2\/"},"modified":"2026-04-28T16:07:08","modified_gmt":"2026-04-28T16:07:08","slug":"1375-2","status":"publish","type":"product","link":"https:\/\/meber2026.graphoservice.it\/fr\/product\/1375-2\/","title":{"rendered":"1375"},"content":{"rendered":"<div style=\"\">\u00a0<\/div>\n<div style=\"\"><em>Pharma-Med<\/em> est un nouveau dispositif m\u00e9dical professionnel d\u00e9velopp\u00e9 par Meber pour transporter et stocker des m\u00e9dicaments vitaux en toute s\u00e9curit\u00e9. Fabriqu\u00e9 en nylon ind\u00e9chirable, imperm\u00e9able et ignifuge, il est \u00e9quip\u00e9 de charni\u00e8res robustes, d\u2019une poign\u00e9e confortable recouverte de caoutchouc et de 4 pieds en plastique plac\u00e9s sur le fond pour isoler l\u2019appareil de la surface de support.<br \/> Le porte-m\u00e9dicaments Pharma-Med se compose de trois sections diff\u00e9rentes accessibles par de solides charni\u00e8res \u00e0 double fermeture \u00e9clair: &#8220;<em>\u00a0Liquides et Poudres<\/em>&#8220;, &#8220;<em>\u00a0Froids\u00a0<\/em>&#8221; et &#8220;<em>\u00a0G\u00e9lules<\/em>&#8220;.<br \/> Le compartiment&#8221;<em>\u00a0Liquides et Poudres<\/em>&#8221; est positionn\u00e9 au centre et est \u00e0 son tour divis\u00e9 int\u00e9rieurement en 3 sections, \u00e9quip\u00e9es de bandes \u00e9lastiques pour flacons et entrecoup\u00e9es de deux membranes en mousse de polyur\u00e9thane \u00e0 m\u00e9moire lente pour prot\u00e9ger les flacons de la rupture en cas d\u2019\u00e9crasement ou de chute.<br \/> Le compartiment&#8221;<em>\u00a0Froids\u00a0<\/em>&#8220;, marqu\u00e9 du Cordura rouge, est \u00e9quip\u00e9 d\u2019\u00e9lastiques pour ampoules d\u2019un c\u00f4t\u00e9 et de sachets r\u00e9utilisables de gel chaud\/froid de l\u2019autre (<strong>fournis en standard avec le <u>n.6<\/u> <\/strong><u><strong>Mini Dispogel<\/strong><\/u>)pour maintenir une temp\u00e9rature interne adapt\u00e9e au bon stockage de m\u00e9dicaments n\u00e9cessitant de basses temp\u00e9ratures.<br \/> Le compartiment&#8221;<em>G\u00e9lules<\/em>&#8221; est compos\u00e9 \u00e0 l\u2019int\u00e9rieur d\u2019une poche transparente avec ouverture zipp\u00e9e, et d\u2019un compartiment transparent avec ouverture Velcro\u00ae pour placer les bo\u00eetes ou les blisters de mani\u00e8re ordonn\u00e9e et visible, en \u00e9vitant que les m\u00e9dicaments n\u2019entrent en contact les uns avec les autres avec des alt\u00e9rations cons\u00e9quentes de ces derniers.<br \/> Pharma-Med est \u00e9galement \u00e9quip\u00e9 \u00e0 l\u2019ext\u00e9rieur d\u2019une poche transparente pratique pour stocker une liste de contr\u00f4le ou une date de p\u00e9remption de m\u00e9dicament.<\/p>\n<p> <strong>Dimension: 20 x 16 x 28 (L x H x P)<br \/> N\u00b0 de flacons contenus: MIN 108 \u2013 MAX 120<br \/> Volume: 8960 cm<sup>3<\/sup><\/strong><\/div>\n","protected":false},"excerpt":{"rendered":"<p>\u00a0 Pharma-Med est un nouveau dispositif m\u00e9dical professionnel d\u00e9velopp\u00e9 par Meber pour transporter et stocker des m\u00e9dicaments vitaux en toute s\u00e9curit\u00e9. Fabriqu\u00e9 en nylon ind\u00e9chirable, imperm\u00e9able et ignifuge, il est \u00e9quip\u00e9 de charni\u00e8res robustes, d\u2019une poign\u00e9e confortable recouverte de caoutchouc et de 4 pieds en plastique plac\u00e9s sur le fond pour isoler l\u2019appareil de la [&hellip;]<\/p>\n","protected":false},"author":1,"featured_media":15116,"parent":0,"menu_order":80003000,"template":"","meta":{"_acf_changed":false,"footnotes":""},"application-tag":[95],"class_list":["post-18673","product","type-product","status-publish","has-post-thumbnail","hentry","application-tag-materiel-de-premiers-secours"],"acf":[],"dsm_author":{"name":"admeb26","avatar_url":"https:\/\/meber2026.graphoservice.it\/wp-content\/plugins\/ultimate-member\/assets\/img\/default_avatar.jpg","archive_link":"https:\/\/meber2026.graphoservice.it\/fr\/author\/admeb26\/","biodata":""},"dsm_categories":[],"dsm_attachment_categories":[],"dsm_featured_image":{"thumbnail":"https:\/\/meber2026.graphoservice.it\/wp-content\/uploads\/2026\/02\/1375_borsa_portafarmaci-150x150.jpg","medium":"https:\/\/meber2026.graphoservice.it\/wp-content\/uploads\/2026\/02\/1375_borsa_portafarmaci-300x242.jpg","medium_large":"https:\/\/meber2026.graphoservice.it\/wp-content\/uploads\/2026\/02\/1375_borsa_portafarmaci-768x619.jpg","large":"https:\/\/meber2026.graphoservice.it\/wp-content\/uploads\/2026\/02\/1375_borsa_portafarmaci.jpg","1536x1536":"https:\/\/meber2026.graphoservice.it\/wp-content\/uploads\/2026\/02\/1375_borsa_portafarmaci.jpg","2048x2048":"https:\/\/meber2026.graphoservice.it\/wp-content\/uploads\/2026\/02\/1375_borsa_portafarmaci.jpg","et-pb-post-main-image":"https:\/\/meber2026.graphoservice.it\/wp-content\/uploads\/2026\/02\/1375_borsa_portafarmaci-400x250.jpg","et-pb-post-main-image-fullwidth":"https:\/\/meber2026.graphoservice.it\/wp-content\/uploads\/2026\/02\/1375_borsa_portafarmaci.jpg","et-pb-portfolio-image":"https:\/\/meber2026.graphoservice.it\/wp-content\/uploads\/2026\/02\/1375_borsa_portafarmaci-400x284.jpg","et-pb-portfolio-module-image":"https:\/\/meber2026.graphoservice.it\/wp-content\/uploads\/2026\/02\/1375_borsa_portafarmaci-510x382.jpg","et-pb-portfolio-image-single":"https:\/\/meber2026.graphoservice.it\/wp-content\/uploads\/2026\/02\/1375_borsa_portafarmaci.jpg","et-pb-gallery-module-image-portrait":"https:\/\/meber2026.graphoservice.it\/wp-content\/uploads\/2026\/02\/1375_borsa_portafarmaci-400x516.jpg","et-pb-post-main-image-fullwidth-large":"https:\/\/meber2026.graphoservice.it\/wp-content\/uploads\/2026\/02\/1375_borsa_portafarmaci.jpg","et-pb-image--responsive--desktop":"https:\/\/meber2026.graphoservice.it\/wp-content\/uploads\/2026\/02\/1375_borsa_portafarmaci.jpg","et-pb-image--responsive--tablet":"https:\/\/meber2026.graphoservice.it\/wp-content\/uploads\/2026\/02\/1375_borsa_portafarmaci.jpg","et-pb-image--responsive--phone":"https:\/\/meber2026.graphoservice.it\/wp-content\/uploads\/2026\/02\/1375_borsa_portafarmaci-480x387.jpg","full":"https:\/\/meber2026.graphoservice.it\/wp-content\/uploads\/2026\/02\/1375_borsa_portafarmaci.jpg"},"yoast_head":"<!-- This site is optimized with the Yoast SEO plugin v27.4 - https:\/\/yoast.com\/product\/yoast-seo-wordpress\/ -->\n<title>1375<\/title>\n<meta name=\"robots\" content=\"noindex, follow, max-snippet:-1, max-image-preview:large, max-video-preview:-1\" \/>\n<meta property=\"og:locale\" content=\"fr_FR\" \/>\n<meta property=\"og:type\" content=\"article\" \/>\n<meta property=\"og:title\" content=\"1375\" \/>\n<meta property=\"og:description\" content=\"\u00a0 Pharma-Med est un nouveau dispositif m\u00e9dical professionnel d\u00e9velopp\u00e9 par Meber pour transporter et stocker des m\u00e9dicaments vitaux en toute s\u00e9curit\u00e9. Fabriqu\u00e9 en nylon ind\u00e9chirable, imperm\u00e9able et ignifuge, il est \u00e9quip\u00e9 de charni\u00e8res robustes, d\u2019une poign\u00e9e confortable recouverte de caoutchouc et de 4 pieds en plastique plac\u00e9s sur le fond pour isoler l\u2019appareil de la [&hellip;]\" \/>\n<meta property=\"og:url\" content=\"https:\/\/meber2026.graphoservice.it\/fr\/product\/1375-2\/\" \/>\n<meta property=\"og:site_name\" content=\"Me.Ber.\" \/>\n<meta property=\"article:modified_time\" content=\"2026-04-28T16:07:08+00:00\" \/>\n<meta property=\"og:image\" content=\"https:\/\/meber2026.graphoservice.it\/wp-content\/uploads\/2026\/02\/1375_borsa_portafarmaci.jpg\" \/>\n\t<meta property=\"og:image:width\" content=\"780\" \/>\n\t<meta property=\"og:image:height\" content=\"629\" \/>\n\t<meta property=\"og:image:type\" content=\"image\/jpeg\" \/>\n<meta name=\"twitter:card\" content=\"summary_large_image\" \/>\n<meta name=\"twitter:label1\" content=\"Dur\u00e9e de lecture estim\u00e9e\" \/>\n\t<meta name=\"twitter:data1\" content=\"2 minutes\" \/>\n<script type=\"application\/ld+json\" class=\"yoast-schema-graph\">{\"@context\":\"https:\\\/\\\/schema.org\",\"@graph\":[{\"@type\":\"WebPage\",\"@id\":\"https:\\\/\\\/meber2026.graphoservice.it\\\/fr\\\/product\\\/1375-2\\\/\",\"url\":\"https:\\\/\\\/meber2026.graphoservice.it\\\/fr\\\/product\\\/1375-2\\\/\",\"name\":\"1375\",\"isPartOf\":{\"@id\":\"https:\\\/\\\/meber2026.graphoservice.it\\\/fr\\\/#website\"},\"primaryImageOfPage\":{\"@id\":\"https:\\\/\\\/meber2026.graphoservice.it\\\/fr\\\/product\\\/1375-2\\\/#primaryimage\"},\"image\":{\"@id\":\"https:\\\/\\\/meber2026.graphoservice.it\\\/fr\\\/product\\\/1375-2\\\/#primaryimage\"},\"thumbnailUrl\":\"https:\\\/\\\/meber2026.graphoservice.it\\\/wp-content\\\/uploads\\\/2026\\\/02\\\/1375_borsa_portafarmaci.jpg\",\"datePublished\":\"2026-02-10T09:26:26+00:00\",\"dateModified\":\"2026-04-28T16:07:08+00:00\",\"breadcrumb\":{\"@id\":\"https:\\\/\\\/meber2026.graphoservice.it\\\/fr\\\/product\\\/1375-2\\\/#breadcrumb\"},\"inLanguage\":\"fr-FR\",\"potentialAction\":[{\"@type\":\"ReadAction\",\"target\":[\"https:\\\/\\\/meber2026.graphoservice.it\\\/fr\\\/product\\\/1375-2\\\/\"]}]},{\"@type\":\"ImageObject\",\"inLanguage\":\"fr-FR\",\"@id\":\"https:\\\/\\\/meber2026.graphoservice.it\\\/fr\\\/product\\\/1375-2\\\/#primaryimage\",\"url\":\"https:\\\/\\\/meber2026.graphoservice.it\\\/wp-content\\\/uploads\\\/2026\\\/02\\\/1375_borsa_portafarmaci.jpg\",\"contentUrl\":\"https:\\\/\\\/meber2026.graphoservice.it\\\/wp-content\\\/uploads\\\/2026\\\/02\\\/1375_borsa_portafarmaci.jpg\",\"width\":780,\"height\":629},{\"@type\":\"BreadcrumbList\",\"@id\":\"https:\\\/\\\/meber2026.graphoservice.it\\\/fr\\\/product\\\/1375-2\\\/#breadcrumb\",\"itemListElement\":[{\"@type\":\"ListItem\",\"position\":1,\"name\":\"Home\",\"item\":\"https:\\\/\\\/meber2026.graphoservice.it\\\/fr\\\/\"},{\"@type\":\"ListItem\",\"position\":2,\"name\":\"1375\"}]},{\"@type\":\"WebSite\",\"@id\":\"https:\\\/\\\/meber2026.graphoservice.it\\\/fr\\\/#website\",\"url\":\"https:\\\/\\\/meber2026.graphoservice.it\\\/fr\\\/\",\"name\":\"Me.Ber.\",\"description\":\"In Case of Emergerncy\",\"potentialAction\":[{\"@type\":\"SearchAction\",\"target\":{\"@type\":\"EntryPoint\",\"urlTemplate\":\"https:\\\/\\\/meber2026.graphoservice.it\\\/fr\\\/?s={search_term_string}\"},\"query-input\":{\"@type\":\"PropertyValueSpecification\",\"valueRequired\":true,\"valueName\":\"search_term_string\"}}],\"inLanguage\":\"fr-FR\"}]}<\/script>\n<!-- \/ Yoast SEO plugin. -->","yoast_head_json":{"title":"1375","robots":{"index":"noindex","follow":"follow","max-snippet":"max-snippet:-1","max-image-preview":"max-image-preview:large","max-video-preview":"max-video-preview:-1"},"og_locale":"fr_FR","og_type":"article","og_title":"1375","og_description":"\u00a0 Pharma-Med est un nouveau dispositif m\u00e9dical professionnel d\u00e9velopp\u00e9 par Meber pour transporter et stocker des m\u00e9dicaments vitaux en toute s\u00e9curit\u00e9. Fabriqu\u00e9 en nylon ind\u00e9chirable, imperm\u00e9able et ignifuge, il est \u00e9quip\u00e9 de charni\u00e8res robustes, d\u2019une poign\u00e9e confortable recouverte de caoutchouc et de 4 pieds en plastique plac\u00e9s sur le fond pour isoler l\u2019appareil de la [&hellip;]","og_url":"https:\/\/meber2026.graphoservice.it\/fr\/product\/1375-2\/","og_site_name":"Me.Ber.","article_modified_time":"2026-04-28T16:07:08+00:00","og_image":[{"width":780,"height":629,"url":"https:\/\/meber2026.graphoservice.it\/wp-content\/uploads\/2026\/02\/1375_borsa_portafarmaci.jpg","type":"image\/jpeg"}],"twitter_card":"summary_large_image","twitter_misc":{"Dur\u00e9e de lecture estim\u00e9e":"2 minutes"},"schema":{"@context":"https:\/\/schema.org","@graph":[{"@type":"WebPage","@id":"https:\/\/meber2026.graphoservice.it\/fr\/product\/1375-2\/","url":"https:\/\/meber2026.graphoservice.it\/fr\/product\/1375-2\/","name":"1375","isPartOf":{"@id":"https:\/\/meber2026.graphoservice.it\/fr\/#website"},"primaryImageOfPage":{"@id":"https:\/\/meber2026.graphoservice.it\/fr\/product\/1375-2\/#primaryimage"},"image":{"@id":"https:\/\/meber2026.graphoservice.it\/fr\/product\/1375-2\/#primaryimage"},"thumbnailUrl":"https:\/\/meber2026.graphoservice.it\/wp-content\/uploads\/2026\/02\/1375_borsa_portafarmaci.jpg","datePublished":"2026-02-10T09:26:26+00:00","dateModified":"2026-04-28T16:07:08+00:00","breadcrumb":{"@id":"https:\/\/meber2026.graphoservice.it\/fr\/product\/1375-2\/#breadcrumb"},"inLanguage":"fr-FR","potentialAction":[{"@type":"ReadAction","target":["https:\/\/meber2026.graphoservice.it\/fr\/product\/1375-2\/"]}]},{"@type":"ImageObject","inLanguage":"fr-FR","@id":"https:\/\/meber2026.graphoservice.it\/fr\/product\/1375-2\/#primaryimage","url":"https:\/\/meber2026.graphoservice.it\/wp-content\/uploads\/2026\/02\/1375_borsa_portafarmaci.jpg","contentUrl":"https:\/\/meber2026.graphoservice.it\/wp-content\/uploads\/2026\/02\/1375_borsa_portafarmaci.jpg","width":780,"height":629},{"@type":"BreadcrumbList","@id":"https:\/\/meber2026.graphoservice.it\/fr\/product\/1375-2\/#breadcrumb","itemListElement":[{"@type":"ListItem","position":1,"name":"Home","item":"https:\/\/meber2026.graphoservice.it\/fr\/"},{"@type":"ListItem","position":2,"name":"1375"}]},{"@type":"WebSite","@id":"https:\/\/meber2026.graphoservice.it\/fr\/#website","url":"https:\/\/meber2026.graphoservice.it\/fr\/","name":"Me.Ber.","description":"In Case of Emergerncy","potentialAction":[{"@type":"SearchAction","target":{"@type":"EntryPoint","urlTemplate":"https:\/\/meber2026.graphoservice.it\/fr\/?s={search_term_string}"},"query-input":{"@type":"PropertyValueSpecification","valueRequired":true,"valueName":"search_term_string"}}],"inLanguage":"fr-FR"}]}},"_links":{"self":[{"href":"https:\/\/meber2026.graphoservice.it\/fr\/wp-json\/wp\/v2\/product\/18673","targetHints":{"allow":["GET"]}}],"collection":[{"href":"https:\/\/meber2026.graphoservice.it\/fr\/wp-json\/wp\/v2\/product"}],"about":[{"href":"https:\/\/meber2026.graphoservice.it\/fr\/wp-json\/wp\/v2\/types\/product"}],"author":[{"embeddable":true,"href":"https:\/\/meber2026.graphoservice.it\/fr\/wp-json\/wp\/v2\/users\/1"}],"version-history":[{"count":1,"href":"https:\/\/meber2026.graphoservice.it\/fr\/wp-json\/wp\/v2\/product\/18673\/revisions"}],"predecessor-version":[{"id":30755,"href":"https:\/\/meber2026.graphoservice.it\/fr\/wp-json\/wp\/v2\/product\/18673\/revisions\/30755"}],"wp:featuredmedia":[{"embeddable":true,"href":"https:\/\/meber2026.graphoservice.it\/fr\/wp-json\/wp\/v2\/media\/15116"}],"wp:attachment":[{"href":"https:\/\/meber2026.graphoservice.it\/fr\/wp-json\/wp\/v2\/media?parent=18673"}],"wp:term":[{"taxonomy":"application-tag","embeddable":true,"href":"https:\/\/meber2026.graphoservice.it\/fr\/wp-json\/wp\/v2\/application-tag?post=18673"}],"curies":[{"name":"wp","href":"https:\/\/api.w.org\/{rel}","templated":true}]}}