{"id":18413,"date":"2026-02-10T09:25:59","date_gmt":"2026-02-10T09:25:59","guid":{"rendered":"https:\/\/meber2026.graphoservice.it\/product\/9128me-ber-vacuum-baby-fix\/"},"modified":"2026-02-10T09:25:59","modified_gmt":"2026-02-10T09:25:59","slug":"9128me-ber-vacuum-baby-fix","status":"publish","type":"product","link":"https:\/\/meber2026.graphoservice.it\/fr\/product\/9128me-ber-vacuum-baby-fix\/","title":{"rendered":"9128Me.Ber. Vacuum Baby Fix"},"content":{"rendered":"<div style=\"\">Me.Ber. Vacuum Baby Fix est un matelas \u00e0 d\u00e9pression qui peut \u00eatre utilis\u00e9 en combinaison avec l\u2019Art. 9130. Une extr\u00eame l\u00e9g\u00e8ret\u00e9 et robustesse, des ceintures de s\u00e9curit\u00e9 et un enroulement parfait du patient conf\u00e8rent au matelas 9128 des caract\u00e9ristiques uniques. <strong>Certifi\u00e9 UNI EN 1789<\/strong>, radio-transparent, amagn\u00e9tique.<br \/> <strong>Longueur 79 x Largeur 45 cm<\/strong><\/div>\n","protected":false},"excerpt":{"rendered":"<p>Me.Ber. Vacuum Baby Fix est un matelas \u00e0 d\u00e9pression qui peut \u00eatre utilis\u00e9 en combinaison avec l\u2019Art. 9130. Une extr\u00eame l\u00e9g\u00e8ret\u00e9 et robustesse, des ceintures de s\u00e9curit\u00e9 et un enroulement parfait du patient conf\u00e8rent au matelas 9128 des caract\u00e9ristiques uniques. Certifi\u00e9 UNI EN 1789, radio-transparent, amagn\u00e9tique. Longueur 79 x Largeur 45 cm<\/p>\n","protected":false},"author":1,"featured_media":14686,"parent":0,"menu_order":50002400,"template":"","meta":{"_acf_changed":false,"footnotes":""},"application-tag":[83,68],"class_list":["post-18413","product","type-product","status-publish","has-post-thumbnail","hentry","application-tag-immobilisation","application-tag-pediatrique"],"acf":[],"dsm_author":{"name":"admeb26","avatar_url":"https:\/\/meber2026.graphoservice.it\/wp-content\/plugins\/ultimate-member\/assets\/img\/default_avatar.jpg","archive_link":"https:\/\/meber2026.graphoservice.it\/fr\/author\/admeb26\/","biodata":""},"dsm_categories":[],"dsm_attachment_categories":[],"dsm_featured_image":{"thumbnail":"https:\/\/meber2026.graphoservice.it\/wp-content\/uploads\/2026\/02\/9128-150x150.jpg","medium":"https:\/\/meber2026.graphoservice.it\/wp-content\/uploads\/2026\/02\/9128-291x300.jpg","medium_large":"https:\/\/meber2026.graphoservice.it\/wp-content\/uploads\/2026\/02\/9128.jpg","large":"https:\/\/meber2026.graphoservice.it\/wp-content\/uploads\/2026\/02\/9128.jpg","1536x1536":"https:\/\/meber2026.graphoservice.it\/wp-content\/uploads\/2026\/02\/9128.jpg","2048x2048":"https:\/\/meber2026.graphoservice.it\/wp-content\/uploads\/2026\/02\/9128.jpg","et-pb-post-main-image":"https:\/\/meber2026.graphoservice.it\/wp-content\/uploads\/2026\/02\/9128-400x250.jpg","et-pb-post-main-image-fullwidth":"https:\/\/meber2026.graphoservice.it\/wp-content\/uploads\/2026\/02\/9128-750x675.jpg","et-pb-portfolio-image":"https:\/\/meber2026.graphoservice.it\/wp-content\/uploads\/2026\/02\/9128-400x284.jpg","et-pb-portfolio-module-image":"https:\/\/meber2026.graphoservice.it\/wp-content\/uploads\/2026\/02\/9128-510x382.jpg","et-pb-portfolio-image-single":"https:\/\/meber2026.graphoservice.it\/wp-content\/uploads\/2026\/02\/9128.jpg","et-pb-gallery-module-image-portrait":"https:\/\/meber2026.graphoservice.it\/wp-content\/uploads\/2026\/02\/9128-400x516.jpg","et-pb-post-main-image-fullwidth-large":"https:\/\/meber2026.graphoservice.it\/wp-content\/uploads\/2026\/02\/9128.jpg","et-pb-image--responsive--desktop":"https:\/\/meber2026.graphoservice.it\/wp-content\/uploads\/2026\/02\/9128.jpg","et-pb-image--responsive--tablet":"https:\/\/meber2026.graphoservice.it\/wp-content\/uploads\/2026\/02\/9128.jpg","et-pb-image--responsive--phone":"https:\/\/meber2026.graphoservice.it\/wp-content\/uploads\/2026\/02\/9128-480x495.jpg","full":"https:\/\/meber2026.graphoservice.it\/wp-content\/uploads\/2026\/02\/9128.jpg"},"yoast_head":"<!-- This site is optimized with the Yoast SEO plugin v27.4 - https:\/\/yoast.com\/product\/yoast-seo-wordpress\/ -->\n<title>9128Me.Ber. Vacuum Baby Fix<\/title>\n<meta name=\"robots\" content=\"noindex, follow, max-snippet:-1, max-image-preview:large, max-video-preview:-1\" \/>\n<meta property=\"og:locale\" content=\"fr_FR\" \/>\n<meta property=\"og:type\" content=\"article\" \/>\n<meta property=\"og:title\" content=\"9128Me.Ber. Vacuum Baby Fix\" \/>\n<meta property=\"og:description\" content=\"Me.Ber. Vacuum Baby Fix est un matelas \u00e0 d\u00e9pression qui peut \u00eatre utilis\u00e9 en combinaison avec l\u2019Art. 9130. Une extr\u00eame l\u00e9g\u00e8ret\u00e9 et robustesse, des ceintures de s\u00e9curit\u00e9 et un enroulement parfait du patient conf\u00e8rent au matelas 9128 des caract\u00e9ristiques uniques. Certifi\u00e9 UNI EN 1789, radio-transparent, amagn\u00e9tique. Longueur 79 x Largeur 45 cm\" \/>\n<meta property=\"og:url\" content=\"https:\/\/meber2026.graphoservice.it\/fr\/product\/9128me-ber-vacuum-baby-fix\/\" \/>\n<meta property=\"og:site_name\" content=\"Me.Ber.\" \/>\n<meta name=\"twitter:card\" content=\"summary_large_image\" \/>\n<script type=\"application\/ld+json\" class=\"yoast-schema-graph\">{\"@context\":\"https:\\\/\\\/schema.org\",\"@graph\":[{\"@type\":\"WebPage\",\"@id\":\"https:\\\/\\\/meber2026.graphoservice.it\\\/fr\\\/product\\\/9128me-ber-vacuum-baby-fix\\\/\",\"url\":\"https:\\\/\\\/meber2026.graphoservice.it\\\/fr\\\/product\\\/9128me-ber-vacuum-baby-fix\\\/\",\"name\":\"9128Me.Ber. Vacuum Baby Fix\",\"isPartOf\":{\"@id\":\"https:\\\/\\\/meber2026.graphoservice.it\\\/fr\\\/#website\"},\"primaryImageOfPage\":{\"@id\":\"https:\\\/\\\/meber2026.graphoservice.it\\\/fr\\\/product\\\/9128me-ber-vacuum-baby-fix\\\/#primaryimage\"},\"image\":{\"@id\":\"https:\\\/\\\/meber2026.graphoservice.it\\\/fr\\\/product\\\/9128me-ber-vacuum-baby-fix\\\/#primaryimage\"},\"thumbnailUrl\":\"https:\\\/\\\/meber2026.graphoservice.it\\\/wp-content\\\/uploads\\\/2026\\\/02\\\/9128.jpg\",\"datePublished\":\"2026-02-10T09:25:59+00:00\",\"breadcrumb\":{\"@id\":\"https:\\\/\\\/meber2026.graphoservice.it\\\/fr\\\/product\\\/9128me-ber-vacuum-baby-fix\\\/#breadcrumb\"},\"inLanguage\":\"fr-FR\",\"potentialAction\":[{\"@type\":\"ReadAction\",\"target\":[\"https:\\\/\\\/meber2026.graphoservice.it\\\/fr\\\/product\\\/9128me-ber-vacuum-baby-fix\\\/\"]}]},{\"@type\":\"ImageObject\",\"inLanguage\":\"fr-FR\",\"@id\":\"https:\\\/\\\/meber2026.graphoservice.it\\\/fr\\\/product\\\/9128me-ber-vacuum-baby-fix\\\/#primaryimage\",\"url\":\"https:\\\/\\\/meber2026.graphoservice.it\\\/wp-content\\\/uploads\\\/2026\\\/02\\\/9128.jpg\",\"contentUrl\":\"https:\\\/\\\/meber2026.graphoservice.it\\\/wp-content\\\/uploads\\\/2026\\\/02\\\/9128.jpg\",\"width\":750,\"height\":774},{\"@type\":\"BreadcrumbList\",\"@id\":\"https:\\\/\\\/meber2026.graphoservice.it\\\/fr\\\/product\\\/9128me-ber-vacuum-baby-fix\\\/#breadcrumb\",\"itemListElement\":[{\"@type\":\"ListItem\",\"position\":1,\"name\":\"Home\",\"item\":\"https:\\\/\\\/meber2026.graphoservice.it\\\/fr\\\/\"},{\"@type\":\"ListItem\",\"position\":2,\"name\":\"9128Me.Ber. Vacuum Baby Fix\"}]},{\"@type\":\"WebSite\",\"@id\":\"https:\\\/\\\/meber2026.graphoservice.it\\\/fr\\\/#website\",\"url\":\"https:\\\/\\\/meber2026.graphoservice.it\\\/fr\\\/\",\"name\":\"Me.Ber.\",\"description\":\"In Case of Emergerncy\",\"potentialAction\":[{\"@type\":\"SearchAction\",\"target\":{\"@type\":\"EntryPoint\",\"urlTemplate\":\"https:\\\/\\\/meber2026.graphoservice.it\\\/fr\\\/?s={search_term_string}\"},\"query-input\":{\"@type\":\"PropertyValueSpecification\",\"valueRequired\":true,\"valueName\":\"search_term_string\"}}],\"inLanguage\":\"fr-FR\"}]}<\/script>\n<!-- \/ Yoast SEO plugin. -->","yoast_head_json":{"title":"9128Me.Ber. Vacuum Baby Fix","robots":{"index":"noindex","follow":"follow","max-snippet":"max-snippet:-1","max-image-preview":"max-image-preview:large","max-video-preview":"max-video-preview:-1"},"og_locale":"fr_FR","og_type":"article","og_title":"9128Me.Ber. Vacuum Baby Fix","og_description":"Me.Ber. Vacuum Baby Fix est un matelas \u00e0 d\u00e9pression qui peut \u00eatre utilis\u00e9 en combinaison avec l\u2019Art. 9130. Une extr\u00eame l\u00e9g\u00e8ret\u00e9 et robustesse, des ceintures de s\u00e9curit\u00e9 et un enroulement parfait du patient conf\u00e8rent au matelas 9128 des caract\u00e9ristiques uniques. Certifi\u00e9 UNI EN 1789, radio-transparent, amagn\u00e9tique. Longueur 79 x Largeur 45 cm","og_url":"https:\/\/meber2026.graphoservice.it\/fr\/product\/9128me-ber-vacuum-baby-fix\/","og_site_name":"Me.Ber.","twitter_card":"summary_large_image","schema":{"@context":"https:\/\/schema.org","@graph":[{"@type":"WebPage","@id":"https:\/\/meber2026.graphoservice.it\/fr\/product\/9128me-ber-vacuum-baby-fix\/","url":"https:\/\/meber2026.graphoservice.it\/fr\/product\/9128me-ber-vacuum-baby-fix\/","name":"9128Me.Ber. Vacuum Baby Fix","isPartOf":{"@id":"https:\/\/meber2026.graphoservice.it\/fr\/#website"},"primaryImageOfPage":{"@id":"https:\/\/meber2026.graphoservice.it\/fr\/product\/9128me-ber-vacuum-baby-fix\/#primaryimage"},"image":{"@id":"https:\/\/meber2026.graphoservice.it\/fr\/product\/9128me-ber-vacuum-baby-fix\/#primaryimage"},"thumbnailUrl":"https:\/\/meber2026.graphoservice.it\/wp-content\/uploads\/2026\/02\/9128.jpg","datePublished":"2026-02-10T09:25:59+00:00","breadcrumb":{"@id":"https:\/\/meber2026.graphoservice.it\/fr\/product\/9128me-ber-vacuum-baby-fix\/#breadcrumb"},"inLanguage":"fr-FR","potentialAction":[{"@type":"ReadAction","target":["https:\/\/meber2026.graphoservice.it\/fr\/product\/9128me-ber-vacuum-baby-fix\/"]}]},{"@type":"ImageObject","inLanguage":"fr-FR","@id":"https:\/\/meber2026.graphoservice.it\/fr\/product\/9128me-ber-vacuum-baby-fix\/#primaryimage","url":"https:\/\/meber2026.graphoservice.it\/wp-content\/uploads\/2026\/02\/9128.jpg","contentUrl":"https:\/\/meber2026.graphoservice.it\/wp-content\/uploads\/2026\/02\/9128.jpg","width":750,"height":774},{"@type":"BreadcrumbList","@id":"https:\/\/meber2026.graphoservice.it\/fr\/product\/9128me-ber-vacuum-baby-fix\/#breadcrumb","itemListElement":[{"@type":"ListItem","position":1,"name":"Home","item":"https:\/\/meber2026.graphoservice.it\/fr\/"},{"@type":"ListItem","position":2,"name":"9128Me.Ber. Vacuum Baby Fix"}]},{"@type":"WebSite","@id":"https:\/\/meber2026.graphoservice.it\/fr\/#website","url":"https:\/\/meber2026.graphoservice.it\/fr\/","name":"Me.Ber.","description":"In Case of Emergerncy","potentialAction":[{"@type":"SearchAction","target":{"@type":"EntryPoint","urlTemplate":"https:\/\/meber2026.graphoservice.it\/fr\/?s={search_term_string}"},"query-input":{"@type":"PropertyValueSpecification","valueRequired":true,"valueName":"search_term_string"}}],"inLanguage":"fr-FR"}]}},"_links":{"self":[{"href":"https:\/\/meber2026.graphoservice.it\/fr\/wp-json\/wp\/v2\/product\/18413","targetHints":{"allow":["GET"]}}],"collection":[{"href":"https:\/\/meber2026.graphoservice.it\/fr\/wp-json\/wp\/v2\/product"}],"about":[{"href":"https:\/\/meber2026.graphoservice.it\/fr\/wp-json\/wp\/v2\/types\/product"}],"author":[{"embeddable":true,"href":"https:\/\/meber2026.graphoservice.it\/fr\/wp-json\/wp\/v2\/users\/1"}],"version-history":[{"count":0,"href":"https:\/\/meber2026.graphoservice.it\/fr\/wp-json\/wp\/v2\/product\/18413\/revisions"}],"wp:featuredmedia":[{"embeddable":true,"href":"https:\/\/meber2026.graphoservice.it\/fr\/wp-json\/wp\/v2\/media\/14686"}],"wp:attachment":[{"href":"https:\/\/meber2026.graphoservice.it\/fr\/wp-json\/wp\/v2\/media?parent=18413"}],"wp:term":[{"taxonomy":"application-tag","embeddable":true,"href":"https:\/\/meber2026.graphoservice.it\/fr\/wp-json\/wp\/v2\/application-tag?post=18413"}],"curies":[{"name":"wp","href":"https:\/\/api.w.org\/{rel}","templated":true}]}}