{"id":18408,"date":"2026-02-10T09:25:58","date_gmt":"2026-02-10T09:25:58","guid":{"rendered":"https:\/\/meber2026.graphoservice.it\/product\/galaxy-p-9040\/"},"modified":"2026-02-10T09:25:58","modified_gmt":"2026-02-10T09:25:58","slug":"galaxy-p-9040","status":"publish","type":"product","link":"https:\/\/meber2026.graphoservice.it\/fr\/product\/galaxy-p-9040\/","title":{"rendered":"Galaxy-P 9040"},"content":{"rendered":"<p style=\"\"><font size=\"1\"><span style=\"font-size: small;\">Planches dorsales avec les m\u00eames caract\u00e9ristiques que celles des \u00ab Galaxy \u00bb Art. 9010, 9012 et 9015, \u00e9quip\u00e9es de 10 \u00c9PINGLES en plastique utiles pour la fixation rapide des syst\u00e8mes de retenue avec mousquetons. Livr\u00e9e avec 3 ceintures (605\/MEB).<\/span><\/font><\/p>\n","protected":false},"excerpt":{"rendered":"<p>Planches dorsales avec les m\u00eames caract\u00e9ristiques que celles des \u00ab Galaxy \u00bb Art. 9010, 9012 et 9015, \u00e9quip\u00e9es de 10 \u00c9PINGLES en plastique utiles pour la fixation rapide des syst\u00e8mes de retenue avec mousquetons. Livr\u00e9e avec 3 ceintures (605\/MEB).<\/p>\n","protected":false},"author":1,"featured_media":26670,"parent":0,"menu_order":50001200,"template":"","meta":{"_acf_changed":false,"footnotes":""},"application-tag":[],"class_list":["post-18408","product","type-product","status-publish","has-post-thumbnail","hentry"],"acf":[],"dsm_author":{"name":"admeb26","avatar_url":"https:\/\/meber2026.graphoservice.it\/wp-content\/plugins\/ultimate-member\/assets\/img\/default_avatar.jpg","archive_link":"https:\/\/meber2026.graphoservice.it\/fr\/author\/admeb26\/","biodata":""},"dsm_categories":[],"dsm_attachment_categories":[],"dsm_featured_image":{"thumbnail":"https:\/\/meber2026.graphoservice.it\/wp-content\/uploads\/2026\/02\/Galaxy-9040-con-pins-Tavola-spinale-adulto-gialla-orizz-150x150.webp","medium":"https:\/\/meber2026.graphoservice.it\/wp-content\/uploads\/2026\/02\/Galaxy-9040-con-pins-Tavola-spinale-adulto-gialla-orizz-300x300.webp","medium_large":"https:\/\/meber2026.graphoservice.it\/wp-content\/uploads\/2026\/02\/Galaxy-9040-con-pins-Tavola-spinale-adulto-gialla-orizz-768x768.webp","large":"https:\/\/meber2026.graphoservice.it\/wp-content\/uploads\/2026\/02\/Galaxy-9040-con-pins-Tavola-spinale-adulto-gialla-orizz-1024x1024.webp","1536x1536":"https:\/\/meber2026.graphoservice.it\/wp-content\/uploads\/2026\/02\/Galaxy-9040-con-pins-Tavola-spinale-adulto-gialla-orizz-1536x1536.webp","2048x2048":"https:\/\/meber2026.graphoservice.it\/wp-content\/uploads\/2026\/02\/Galaxy-9040-con-pins-Tavola-spinale-adulto-gialla-orizz.webp","et-pb-post-main-image":"https:\/\/meber2026.graphoservice.it\/wp-content\/uploads\/2026\/02\/Galaxy-9040-con-pins-Tavola-spinale-adulto-gialla-orizz-400x250.webp","et-pb-post-main-image-fullwidth":"https:\/\/meber2026.graphoservice.it\/wp-content\/uploads\/2026\/02\/Galaxy-9040-con-pins-Tavola-spinale-adulto-gialla-orizz-1080x675.webp","et-pb-portfolio-image":"https:\/\/meber2026.graphoservice.it\/wp-content\/uploads\/2026\/02\/Galaxy-9040-con-pins-Tavola-spinale-adulto-gialla-orizz-400x284.webp","et-pb-portfolio-module-image":"https:\/\/meber2026.graphoservice.it\/wp-content\/uploads\/2026\/02\/Galaxy-9040-con-pins-Tavola-spinale-adulto-gialla-orizz-510x382.webp","et-pb-portfolio-image-single":"https:\/\/meber2026.graphoservice.it\/wp-content\/uploads\/2026\/02\/Galaxy-9040-con-pins-Tavola-spinale-adulto-gialla-orizz-1080x1080.webp","et-pb-gallery-module-image-portrait":"https:\/\/meber2026.graphoservice.it\/wp-content\/uploads\/2026\/02\/Galaxy-9040-con-pins-Tavola-spinale-adulto-gialla-orizz-400x516.webp","et-pb-post-main-image-fullwidth-large":"https:\/\/meber2026.graphoservice.it\/wp-content\/uploads\/2026\/02\/Galaxy-9040-con-pins-Tavola-spinale-adulto-gialla-orizz-2000x1800.webp","et-pb-image--responsive--desktop":"https:\/\/meber2026.graphoservice.it\/wp-content\/uploads\/2026\/02\/Galaxy-9040-con-pins-Tavola-spinale-adulto-gialla-orizz-1280x1280.webp","et-pb-image--responsive--tablet":"https:\/\/meber2026.graphoservice.it\/wp-content\/uploads\/2026\/02\/Galaxy-9040-con-pins-Tavola-spinale-adulto-gialla-orizz-980x980.webp","et-pb-image--responsive--phone":"https:\/\/meber2026.graphoservice.it\/wp-content\/uploads\/2026\/02\/Galaxy-9040-con-pins-Tavola-spinale-adulto-gialla-orizz-480x480.webp","full":"https:\/\/meber2026.graphoservice.it\/wp-content\/uploads\/2026\/02\/Galaxy-9040-con-pins-Tavola-spinale-adulto-gialla-orizz.webp"},"yoast_head":"<!-- This site is optimized with the Yoast SEO plugin v27.4 - https:\/\/yoast.com\/product\/yoast-seo-wordpress\/ -->\n<title>Planche dorsale jaune avec \u00e9pingles \u2013 Meber<\/title>\n<meta name=\"description\" content=\"Planche dorsale \u00e9quip\u00e9e de 10 \u00e9pingles en plastique, utiles pour la fixation rapide des syst\u00e8mes de retenue avec mousquetons.\" \/>\n<meta name=\"robots\" content=\"noindex, follow, max-snippet:-1, max-image-preview:large, max-video-preview:-1\" \/>\n<meta property=\"og:locale\" content=\"fr_FR\" \/>\n<meta property=\"og:type\" content=\"article\" \/>\n<meta property=\"og:title\" content=\"Planche dorsale jaune avec \u00e9pingles \u2013 Meber\" \/>\n<meta property=\"og:description\" content=\"Planche dorsale \u00e9quip\u00e9e de 10 \u00e9pingles en plastique, utiles pour la fixation rapide des syst\u00e8mes de retenue avec mousquetons.\" \/>\n<meta property=\"og:url\" content=\"https:\/\/meber2026.graphoservice.it\/fr\/product\/galaxy-p-9040\/\" \/>\n<meta property=\"og:site_name\" content=\"Me.Ber.\" \/>\n<meta name=\"twitter:card\" content=\"summary_large_image\" \/>\n<script type=\"application\/ld+json\" class=\"yoast-schema-graph\">{\"@context\":\"https:\\\/\\\/schema.org\",\"@graph\":[{\"@type\":\"WebPage\",\"@id\":\"https:\\\/\\\/meber2026.graphoservice.it\\\/fr\\\/product\\\/galaxy-p-9040\\\/\",\"url\":\"https:\\\/\\\/meber2026.graphoservice.it\\\/fr\\\/product\\\/galaxy-p-9040\\\/\",\"name\":\"Planche dorsale jaune avec \u00e9pingles \u2013 Meber\",\"isPartOf\":{\"@id\":\"https:\\\/\\\/meber2026.graphoservice.it\\\/fr\\\/#website\"},\"primaryImageOfPage\":{\"@id\":\"https:\\\/\\\/meber2026.graphoservice.it\\\/fr\\\/product\\\/galaxy-p-9040\\\/#primaryimage\"},\"image\":{\"@id\":\"https:\\\/\\\/meber2026.graphoservice.it\\\/fr\\\/product\\\/galaxy-p-9040\\\/#primaryimage\"},\"thumbnailUrl\":\"https:\\\/\\\/meber2026.graphoservice.it\\\/wp-content\\\/uploads\\\/2026\\\/02\\\/Galaxy-9040-con-pins-Tavola-spinale-adulto-gialla-orizz.webp\",\"datePublished\":\"2026-02-10T09:25:58+00:00\",\"description\":\"Planche dorsale \u00e9quip\u00e9e de 10 \u00e9pingles en plastique, utiles pour la fixation rapide des syst\u00e8mes de retenue avec mousquetons.\",\"breadcrumb\":{\"@id\":\"https:\\\/\\\/meber2026.graphoservice.it\\\/fr\\\/product\\\/galaxy-p-9040\\\/#breadcrumb\"},\"inLanguage\":\"fr-FR\",\"potentialAction\":[{\"@type\":\"ReadAction\",\"target\":[\"https:\\\/\\\/meber2026.graphoservice.it\\\/fr\\\/product\\\/galaxy-p-9040\\\/\"]}]},{\"@type\":\"ImageObject\",\"inLanguage\":\"fr-FR\",\"@id\":\"https:\\\/\\\/meber2026.graphoservice.it\\\/fr\\\/product\\\/galaxy-p-9040\\\/#primaryimage\",\"url\":\"https:\\\/\\\/meber2026.graphoservice.it\\\/wp-content\\\/uploads\\\/2026\\\/02\\\/Galaxy-9040-con-pins-Tavola-spinale-adulto-gialla-orizz.webp\",\"contentUrl\":\"https:\\\/\\\/meber2026.graphoservice.it\\\/wp-content\\\/uploads\\\/2026\\\/02\\\/Galaxy-9040-con-pins-Tavola-spinale-adulto-gialla-orizz.webp\",\"width\":2000,\"height\":2000},{\"@type\":\"BreadcrumbList\",\"@id\":\"https:\\\/\\\/meber2026.graphoservice.it\\\/fr\\\/product\\\/galaxy-p-9040\\\/#breadcrumb\",\"itemListElement\":[{\"@type\":\"ListItem\",\"position\":1,\"name\":\"Home\",\"item\":\"https:\\\/\\\/meber2026.graphoservice.it\\\/fr\\\/\"},{\"@type\":\"ListItem\",\"position\":2,\"name\":\"Galaxy-P 9040\"}]},{\"@type\":\"WebSite\",\"@id\":\"https:\\\/\\\/meber2026.graphoservice.it\\\/fr\\\/#website\",\"url\":\"https:\\\/\\\/meber2026.graphoservice.it\\\/fr\\\/\",\"name\":\"Me.Ber.\",\"description\":\"In Case of Emergerncy\",\"potentialAction\":[{\"@type\":\"SearchAction\",\"target\":{\"@type\":\"EntryPoint\",\"urlTemplate\":\"https:\\\/\\\/meber2026.graphoservice.it\\\/fr\\\/?s={search_term_string}\"},\"query-input\":{\"@type\":\"PropertyValueSpecification\",\"valueRequired\":true,\"valueName\":\"search_term_string\"}}],\"inLanguage\":\"fr-FR\"}]}<\/script>\n<!-- \/ Yoast SEO plugin. -->","yoast_head_json":{"title":"Planche dorsale jaune avec \u00e9pingles \u2013 Meber","description":"Planche dorsale \u00e9quip\u00e9e de 10 \u00e9pingles en plastique, utiles pour la fixation rapide des syst\u00e8mes de retenue avec mousquetons.","robots":{"index":"noindex","follow":"follow","max-snippet":"max-snippet:-1","max-image-preview":"max-image-preview:large","max-video-preview":"max-video-preview:-1"},"og_locale":"fr_FR","og_type":"article","og_title":"Planche dorsale jaune avec \u00e9pingles \u2013 Meber","og_description":"Planche dorsale \u00e9quip\u00e9e de 10 \u00e9pingles en plastique, utiles pour la fixation rapide des syst\u00e8mes de retenue avec mousquetons.","og_url":"https:\/\/meber2026.graphoservice.it\/fr\/product\/galaxy-p-9040\/","og_site_name":"Me.Ber.","twitter_card":"summary_large_image","schema":{"@context":"https:\/\/schema.org","@graph":[{"@type":"WebPage","@id":"https:\/\/meber2026.graphoservice.it\/fr\/product\/galaxy-p-9040\/","url":"https:\/\/meber2026.graphoservice.it\/fr\/product\/galaxy-p-9040\/","name":"Planche dorsale jaune avec \u00e9pingles \u2013 Meber","isPartOf":{"@id":"https:\/\/meber2026.graphoservice.it\/fr\/#website"},"primaryImageOfPage":{"@id":"https:\/\/meber2026.graphoservice.it\/fr\/product\/galaxy-p-9040\/#primaryimage"},"image":{"@id":"https:\/\/meber2026.graphoservice.it\/fr\/product\/galaxy-p-9040\/#primaryimage"},"thumbnailUrl":"https:\/\/meber2026.graphoservice.it\/wp-content\/uploads\/2026\/02\/Galaxy-9040-con-pins-Tavola-spinale-adulto-gialla-orizz.webp","datePublished":"2026-02-10T09:25:58+00:00","description":"Planche dorsale \u00e9quip\u00e9e de 10 \u00e9pingles en plastique, utiles pour la fixation rapide des syst\u00e8mes de retenue avec mousquetons.","breadcrumb":{"@id":"https:\/\/meber2026.graphoservice.it\/fr\/product\/galaxy-p-9040\/#breadcrumb"},"inLanguage":"fr-FR","potentialAction":[{"@type":"ReadAction","target":["https:\/\/meber2026.graphoservice.it\/fr\/product\/galaxy-p-9040\/"]}]},{"@type":"ImageObject","inLanguage":"fr-FR","@id":"https:\/\/meber2026.graphoservice.it\/fr\/product\/galaxy-p-9040\/#primaryimage","url":"https:\/\/meber2026.graphoservice.it\/wp-content\/uploads\/2026\/02\/Galaxy-9040-con-pins-Tavola-spinale-adulto-gialla-orizz.webp","contentUrl":"https:\/\/meber2026.graphoservice.it\/wp-content\/uploads\/2026\/02\/Galaxy-9040-con-pins-Tavola-spinale-adulto-gialla-orizz.webp","width":2000,"height":2000},{"@type":"BreadcrumbList","@id":"https:\/\/meber2026.graphoservice.it\/fr\/product\/galaxy-p-9040\/#breadcrumb","itemListElement":[{"@type":"ListItem","position":1,"name":"Home","item":"https:\/\/meber2026.graphoservice.it\/fr\/"},{"@type":"ListItem","position":2,"name":"Galaxy-P 9040"}]},{"@type":"WebSite","@id":"https:\/\/meber2026.graphoservice.it\/fr\/#website","url":"https:\/\/meber2026.graphoservice.it\/fr\/","name":"Me.Ber.","description":"In Case of Emergerncy","potentialAction":[{"@type":"SearchAction","target":{"@type":"EntryPoint","urlTemplate":"https:\/\/meber2026.graphoservice.it\/fr\/?s={search_term_string}"},"query-input":{"@type":"PropertyValueSpecification","valueRequired":true,"valueName":"search_term_string"}}],"inLanguage":"fr-FR"}]}},"_links":{"self":[{"href":"https:\/\/meber2026.graphoservice.it\/fr\/wp-json\/wp\/v2\/product\/18408","targetHints":{"allow":["GET"]}}],"collection":[{"href":"https:\/\/meber2026.graphoservice.it\/fr\/wp-json\/wp\/v2\/product"}],"about":[{"href":"https:\/\/meber2026.graphoservice.it\/fr\/wp-json\/wp\/v2\/types\/product"}],"author":[{"embeddable":true,"href":"https:\/\/meber2026.graphoservice.it\/fr\/wp-json\/wp\/v2\/users\/1"}],"version-history":[{"count":0,"href":"https:\/\/meber2026.graphoservice.it\/fr\/wp-json\/wp\/v2\/product\/18408\/revisions"}],"wp:featuredmedia":[{"embeddable":true,"href":"https:\/\/meber2026.graphoservice.it\/fr\/wp-json\/wp\/v2\/media\/26670"}],"wp:attachment":[{"href":"https:\/\/meber2026.graphoservice.it\/fr\/wp-json\/wp\/v2\/media?parent=18408"}],"wp:term":[{"taxonomy":"application-tag","embeddable":true,"href":"https:\/\/meber2026.graphoservice.it\/fr\/wp-json\/wp\/v2\/application-tag?post=18408"}],"curies":[{"name":"wp","href":"https:\/\/api.w.org\/{rel}","templated":true}]}}