{"id":18388,"date":"2026-02-10T09:25:56","date_gmt":"2026-02-10T09:25:56","guid":{"rendered":"https:\/\/meber2026.graphoservice.it\/product\/maxima-631-g\/"},"modified":"2026-02-10T09:25:56","modified_gmt":"2026-02-10T09:25:56","slug":"maxima-631-g","status":"publish","type":"product","link":"https:\/\/meber2026.graphoservice.it\/fr\/product\/maxima-631-g\/","title":{"rendered":"Maxima 631\/G"},"content":{"rendered":"<p><span style=\"font-size: small;\">Il conserve les m\u00eames caract\u00e9ristiques que l\u2019art. 631. Sa peinture jaune sp\u00e9ciale, cr\u00e9\u00e9e pour r\u00e9sister dans le temps, distingue l\u2019op\u00e9rateur ou le quartier auquel il appartient.<\/span><\/p>\n<div> <span style=\"font-size: 12px;\"><img loading=\"lazy\" decoding=\"async\" alt=\"\" height=\"88\" src=\"https:\/\/www.meber.it\/adm\/Images\/contents\/10G Logo 2019_def.png\" width=\"80\" \/><\/span><\/div>\n<div style=\"\"><strong>Appareil certifi\u00e9 selon les normes de s\u00e9curit\u00e9 harmonis\u00e9es UNI EN 1865 &#8211; UNI EN 1789.<\/strong><\/div>\n","protected":false},"excerpt":{"rendered":"<p>Il conserve les m\u00eames caract\u00e9ristiques que l\u2019art. 631. Sa peinture jaune sp\u00e9ciale, cr\u00e9\u00e9e pour r\u00e9sister dans le temps, distingue l\u2019op\u00e9rateur ou le quartier auquel il appartient. Appareil certifi\u00e9 selon les normes de s\u00e9curit\u00e9 harmonis\u00e9es UNI EN 1865 &#8211; UNI EN 1789.<\/p>\n","protected":false},"author":1,"featured_media":27073,"parent":0,"menu_order":10001100,"template":"","meta":{"_acf_changed":false,"footnotes":""},"application-tag":[],"class_list":["post-18388","product","type-product","status-publish","has-post-thumbnail","hentry"],"acf":[],"dsm_author":{"name":"admeb26","avatar_url":"https:\/\/meber2026.graphoservice.it\/wp-content\/plugins\/ultimate-member\/assets\/img\/default_avatar.jpg","archive_link":"https:\/\/meber2026.graphoservice.it\/fr\/author\/admeb26\/","biodata":""},"dsm_categories":[],"dsm_attachment_categories":[],"dsm_featured_image":{"thumbnail":"https:\/\/meber2026.graphoservice.it\/wp-content\/uploads\/2026\/03\/631G_Barella_cucchiaio_gialla-150x150.png","medium":"https:\/\/meber2026.graphoservice.it\/wp-content\/uploads\/2026\/03\/631G_Barella_cucchiaio_gialla-300x300.png","medium_large":"https:\/\/meber2026.graphoservice.it\/wp-content\/uploads\/2026\/03\/631G_Barella_cucchiaio_gialla-768x768.png","large":"https:\/\/meber2026.graphoservice.it\/wp-content\/uploads\/2026\/03\/631G_Barella_cucchiaio_gialla-1024x1024.png","1536x1536":"https:\/\/meber2026.graphoservice.it\/wp-content\/uploads\/2026\/03\/631G_Barella_cucchiaio_gialla-1536x1536.png","2048x2048":"https:\/\/meber2026.graphoservice.it\/wp-content\/uploads\/2026\/03\/631G_Barella_cucchiaio_gialla.png","et-pb-post-main-image":"https:\/\/meber2026.graphoservice.it\/wp-content\/uploads\/2026\/03\/631G_Barella_cucchiaio_gialla-400x250.png","et-pb-post-main-image-fullwidth":"https:\/\/meber2026.graphoservice.it\/wp-content\/uploads\/2026\/03\/631G_Barella_cucchiaio_gialla-1080x675.png","et-pb-portfolio-image":"https:\/\/meber2026.graphoservice.it\/wp-content\/uploads\/2026\/03\/631G_Barella_cucchiaio_gialla-400x284.png","et-pb-portfolio-module-image":"https:\/\/meber2026.graphoservice.it\/wp-content\/uploads\/2026\/03\/631G_Barella_cucchiaio_gialla-510x382.png","et-pb-portfolio-image-single":"https:\/\/meber2026.graphoservice.it\/wp-content\/uploads\/2026\/03\/631G_Barella_cucchiaio_gialla-1080x1080.png","et-pb-gallery-module-image-portrait":"https:\/\/meber2026.graphoservice.it\/wp-content\/uploads\/2026\/03\/631G_Barella_cucchiaio_gialla-400x516.png","et-pb-post-main-image-fullwidth-large":"https:\/\/meber2026.graphoservice.it\/wp-content\/uploads\/2026\/03\/631G_Barella_cucchiaio_gialla-1920x1800.png","et-pb-image--responsive--desktop":"https:\/\/meber2026.graphoservice.it\/wp-content\/uploads\/2026\/03\/631G_Barella_cucchiaio_gialla-1280x1280.png","et-pb-image--responsive--tablet":"https:\/\/meber2026.graphoservice.it\/wp-content\/uploads\/2026\/03\/631G_Barella_cucchiaio_gialla-980x980.png","et-pb-image--responsive--phone":"https:\/\/meber2026.graphoservice.it\/wp-content\/uploads\/2026\/03\/631G_Barella_cucchiaio_gialla-480x480.png","full":"https:\/\/meber2026.graphoservice.it\/wp-content\/uploads\/2026\/03\/631G_Barella_cucchiaio_gialla.png"},"yoast_head":"<!-- This site is optimized with the Yoast SEO plugin v27.4 - https:\/\/yoast.com\/product\/yoast-seo-wordpress\/ -->\n<title>Maxima 631\/G<\/title>\n<meta name=\"robots\" content=\"noindex, follow, max-snippet:-1, max-image-preview:large, max-video-preview:-1\" \/>\n<meta property=\"og:locale\" content=\"fr_FR\" \/>\n<meta property=\"og:type\" content=\"article\" \/>\n<meta property=\"og:title\" content=\"Maxima 631\/G\" \/>\n<meta property=\"og:description\" content=\"Il conserve les m\u00eames caract\u00e9ristiques que l\u2019art. 631. Sa peinture jaune sp\u00e9ciale, cr\u00e9\u00e9e pour r\u00e9sister dans le temps, distingue l\u2019op\u00e9rateur ou le quartier auquel il appartient. Appareil certifi\u00e9 selon les normes de s\u00e9curit\u00e9 harmonis\u00e9es UNI EN 1865 &#8211; UNI EN 1789.\" \/>\n<meta property=\"og:url\" content=\"https:\/\/meber2026.graphoservice.it\/fr\/product\/maxima-631-g\/\" \/>\n<meta property=\"og:site_name\" content=\"Me.Ber.\" \/>\n<meta name=\"twitter:card\" content=\"summary_large_image\" \/>\n<script type=\"application\/ld+json\" class=\"yoast-schema-graph\">{\"@context\":\"https:\\\/\\\/schema.org\",\"@graph\":[{\"@type\":\"WebPage\",\"@id\":\"https:\\\/\\\/meber2026.graphoservice.it\\\/fr\\\/product\\\/maxima-631-g\\\/\",\"url\":\"https:\\\/\\\/meber2026.graphoservice.it\\\/fr\\\/product\\\/maxima-631-g\\\/\",\"name\":\"Maxima 631\\\/G\",\"isPartOf\":{\"@id\":\"https:\\\/\\\/meber2026.graphoservice.it\\\/fr\\\/#website\"},\"primaryImageOfPage\":{\"@id\":\"https:\\\/\\\/meber2026.graphoservice.it\\\/fr\\\/product\\\/maxima-631-g\\\/#primaryimage\"},\"image\":{\"@id\":\"https:\\\/\\\/meber2026.graphoservice.it\\\/fr\\\/product\\\/maxima-631-g\\\/#primaryimage\"},\"thumbnailUrl\":\"https:\\\/\\\/meber2026.graphoservice.it\\\/wp-content\\\/uploads\\\/2026\\\/03\\\/631G_Barella_cucchiaio_gialla.png\",\"datePublished\":\"2026-02-10T09:25:56+00:00\",\"breadcrumb\":{\"@id\":\"https:\\\/\\\/meber2026.graphoservice.it\\\/fr\\\/product\\\/maxima-631-g\\\/#breadcrumb\"},\"inLanguage\":\"fr-FR\",\"potentialAction\":[{\"@type\":\"ReadAction\",\"target\":[\"https:\\\/\\\/meber2026.graphoservice.it\\\/fr\\\/product\\\/maxima-631-g\\\/\"]}]},{\"@type\":\"ImageObject\",\"inLanguage\":\"fr-FR\",\"@id\":\"https:\\\/\\\/meber2026.graphoservice.it\\\/fr\\\/product\\\/maxima-631-g\\\/#primaryimage\",\"url\":\"https:\\\/\\\/meber2026.graphoservice.it\\\/wp-content\\\/uploads\\\/2026\\\/03\\\/631G_Barella_cucchiaio_gialla.png\",\"contentUrl\":\"https:\\\/\\\/meber2026.graphoservice.it\\\/wp-content\\\/uploads\\\/2026\\\/03\\\/631G_Barella_cucchiaio_gialla.png\",\"width\":1920,\"height\":1920},{\"@type\":\"BreadcrumbList\",\"@id\":\"https:\\\/\\\/meber2026.graphoservice.it\\\/fr\\\/product\\\/maxima-631-g\\\/#breadcrumb\",\"itemListElement\":[{\"@type\":\"ListItem\",\"position\":1,\"name\":\"Home\",\"item\":\"https:\\\/\\\/meber2026.graphoservice.it\\\/fr\\\/\"},{\"@type\":\"ListItem\",\"position\":2,\"name\":\"Maxima 631\\\/G\"}]},{\"@type\":\"WebSite\",\"@id\":\"https:\\\/\\\/meber2026.graphoservice.it\\\/fr\\\/#website\",\"url\":\"https:\\\/\\\/meber2026.graphoservice.it\\\/fr\\\/\",\"name\":\"Me.Ber.\",\"description\":\"In Case of Emergerncy\",\"potentialAction\":[{\"@type\":\"SearchAction\",\"target\":{\"@type\":\"EntryPoint\",\"urlTemplate\":\"https:\\\/\\\/meber2026.graphoservice.it\\\/fr\\\/?s={search_term_string}\"},\"query-input\":{\"@type\":\"PropertyValueSpecification\",\"valueRequired\":true,\"valueName\":\"search_term_string\"}}],\"inLanguage\":\"fr-FR\"}]}<\/script>\n<!-- \/ Yoast SEO plugin. -->","yoast_head_json":{"title":"Maxima 631\/G","robots":{"index":"noindex","follow":"follow","max-snippet":"max-snippet:-1","max-image-preview":"max-image-preview:large","max-video-preview":"max-video-preview:-1"},"og_locale":"fr_FR","og_type":"article","og_title":"Maxima 631\/G","og_description":"Il conserve les m\u00eames caract\u00e9ristiques que l\u2019art. 631. Sa peinture jaune sp\u00e9ciale, cr\u00e9\u00e9e pour r\u00e9sister dans le temps, distingue l\u2019op\u00e9rateur ou le quartier auquel il appartient. Appareil certifi\u00e9 selon les normes de s\u00e9curit\u00e9 harmonis\u00e9es UNI EN 1865 &#8211; UNI EN 1789.","og_url":"https:\/\/meber2026.graphoservice.it\/fr\/product\/maxima-631-g\/","og_site_name":"Me.Ber.","twitter_card":"summary_large_image","schema":{"@context":"https:\/\/schema.org","@graph":[{"@type":"WebPage","@id":"https:\/\/meber2026.graphoservice.it\/fr\/product\/maxima-631-g\/","url":"https:\/\/meber2026.graphoservice.it\/fr\/product\/maxima-631-g\/","name":"Maxima 631\/G","isPartOf":{"@id":"https:\/\/meber2026.graphoservice.it\/fr\/#website"},"primaryImageOfPage":{"@id":"https:\/\/meber2026.graphoservice.it\/fr\/product\/maxima-631-g\/#primaryimage"},"image":{"@id":"https:\/\/meber2026.graphoservice.it\/fr\/product\/maxima-631-g\/#primaryimage"},"thumbnailUrl":"https:\/\/meber2026.graphoservice.it\/wp-content\/uploads\/2026\/03\/631G_Barella_cucchiaio_gialla.png","datePublished":"2026-02-10T09:25:56+00:00","breadcrumb":{"@id":"https:\/\/meber2026.graphoservice.it\/fr\/product\/maxima-631-g\/#breadcrumb"},"inLanguage":"fr-FR","potentialAction":[{"@type":"ReadAction","target":["https:\/\/meber2026.graphoservice.it\/fr\/product\/maxima-631-g\/"]}]},{"@type":"ImageObject","inLanguage":"fr-FR","@id":"https:\/\/meber2026.graphoservice.it\/fr\/product\/maxima-631-g\/#primaryimage","url":"https:\/\/meber2026.graphoservice.it\/wp-content\/uploads\/2026\/03\/631G_Barella_cucchiaio_gialla.png","contentUrl":"https:\/\/meber2026.graphoservice.it\/wp-content\/uploads\/2026\/03\/631G_Barella_cucchiaio_gialla.png","width":1920,"height":1920},{"@type":"BreadcrumbList","@id":"https:\/\/meber2026.graphoservice.it\/fr\/product\/maxima-631-g\/#breadcrumb","itemListElement":[{"@type":"ListItem","position":1,"name":"Home","item":"https:\/\/meber2026.graphoservice.it\/fr\/"},{"@type":"ListItem","position":2,"name":"Maxima 631\/G"}]},{"@type":"WebSite","@id":"https:\/\/meber2026.graphoservice.it\/fr\/#website","url":"https:\/\/meber2026.graphoservice.it\/fr\/","name":"Me.Ber.","description":"In Case of Emergerncy","potentialAction":[{"@type":"SearchAction","target":{"@type":"EntryPoint","urlTemplate":"https:\/\/meber2026.graphoservice.it\/fr\/?s={search_term_string}"},"query-input":{"@type":"PropertyValueSpecification","valueRequired":true,"valueName":"search_term_string"}}],"inLanguage":"fr-FR"}]}},"_links":{"self":[{"href":"https:\/\/meber2026.graphoservice.it\/fr\/wp-json\/wp\/v2\/product\/18388","targetHints":{"allow":["GET"]}}],"collection":[{"href":"https:\/\/meber2026.graphoservice.it\/fr\/wp-json\/wp\/v2\/product"}],"about":[{"href":"https:\/\/meber2026.graphoservice.it\/fr\/wp-json\/wp\/v2\/types\/product"}],"author":[{"embeddable":true,"href":"https:\/\/meber2026.graphoservice.it\/fr\/wp-json\/wp\/v2\/users\/1"}],"version-history":[{"count":0,"href":"https:\/\/meber2026.graphoservice.it\/fr\/wp-json\/wp\/v2\/product\/18388\/revisions"}],"wp:featuredmedia":[{"embeddable":true,"href":"https:\/\/meber2026.graphoservice.it\/fr\/wp-json\/wp\/v2\/media\/27073"}],"wp:attachment":[{"href":"https:\/\/meber2026.graphoservice.it\/fr\/wp-json\/wp\/v2\/media?parent=18388"}],"wp:term":[{"taxonomy":"application-tag","embeddable":true,"href":"https:\/\/meber2026.graphoservice.it\/fr\/wp-json\/wp\/v2\/application-tag?post=18388"}],"curies":[{"name":"wp","href":"https:\/\/api.w.org\/{rel}","templated":true}]}}