{"id":18313,"date":"2026-02-10T09:25:48","date_gmt":"2026-02-10T09:25:48","guid":{"rendered":"https:\/\/meber2026.graphoservice.it\/product\/gemini-9208\/"},"modified":"2026-04-28T16:00:13","modified_gmt":"2026-04-28T16:00:13","slug":"gemini-9208","status":"publish","type":"product","link":"https:\/\/meber2026.graphoservice.it\/fr\/product\/gemini-9208\/","title":{"rendered":"Gemini 9208"},"content":{"rendered":"<p>Le collier cervical GEMINI est un outil hautement professionnel et indispensable pour le secouriste. Compos\u00e9 de 2 pi\u00e8ces, il se positionne \u00e0 l\u2019avant et \u00e0 l\u2019arri\u00e8re du cou, permettant une immobilisation parfaite de la colonne cervicale. Dot\u00e9 d\u2019un trou central pour la r\u00e9alisation d\u2019une \u00e9ventuelle trach\u00e9otomie, il est facile \u00e0 appliquer et \u00e0 r\u00e9gler gr\u00e2ce aux attaches auto-agrippantes. Il est fabriqu\u00e9 en poly\u00e9thyl\u00e8ne moul\u00e9 color\u00e9 pour distinguer les diff\u00e9rentes tailles avec une doublure en E.V.A. lavable fix\u00e9e avec des rivets en plastique. Disponible en 6 tailles diff\u00e9rentes.<\/p>\n","protected":false},"excerpt":{"rendered":"<p>Le collier cervical GEMINI est un outil hautement professionnel et indispensable pour le secouriste. Compos\u00e9 de 2 pi\u00e8ces, il se positionne \u00e0 l\u2019avant et \u00e0 l\u2019arri\u00e8re du cou, permettant une immobilisation parfaite de la colonne cervicale. Dot\u00e9 d\u2019un trou central pour la r\u00e9alisation d\u2019une \u00e9ventuelle trach\u00e9otomie, il est facile \u00e0 appliquer et \u00e0 r\u00e9gler gr\u00e2ce [&hellip;]<\/p>\n","protected":false},"author":1,"featured_media":14532,"parent":0,"menu_order":50004800,"template":"","meta":{"_acf_changed":false,"footnotes":""},"application-tag":[83],"class_list":["post-18313","product","type-product","status-publish","has-post-thumbnail","hentry","application-tag-immobilisation"],"acf":[],"dsm_author":{"name":"admeb26","avatar_url":"https:\/\/meber2026.graphoservice.it\/wp-content\/plugins\/ultimate-member\/assets\/img\/default_avatar.jpg","archive_link":"https:\/\/meber2026.graphoservice.it\/fr\/author\/admeb26\/","biodata":""},"dsm_categories":[],"dsm_attachment_categories":[],"dsm_featured_image":{"thumbnail":"https:\/\/meber2026.graphoservice.it\/wp-content\/uploads\/2026\/02\/9208_-_Collare_Gemini_Arancio_Regular-150x150.jpg","medium":"https:\/\/meber2026.graphoservice.it\/wp-content\/uploads\/2026\/02\/9208_-_Collare_Gemini_Arancio_Regular-295x300.jpg","medium_large":"https:\/\/meber2026.graphoservice.it\/wp-content\/uploads\/2026\/02\/9208_-_Collare_Gemini_Arancio_Regular.jpg","large":"https:\/\/meber2026.graphoservice.it\/wp-content\/uploads\/2026\/02\/9208_-_Collare_Gemini_Arancio_Regular.jpg","1536x1536":"https:\/\/meber2026.graphoservice.it\/wp-content\/uploads\/2026\/02\/9208_-_Collare_Gemini_Arancio_Regular.jpg","2048x2048":"https:\/\/meber2026.graphoservice.it\/wp-content\/uploads\/2026\/02\/9208_-_Collare_Gemini_Arancio_Regular.jpg","et-pb-post-main-image":"https:\/\/meber2026.graphoservice.it\/wp-content\/uploads\/2026\/02\/9208_-_Collare_Gemini_Arancio_Regular-400x250.jpg","et-pb-post-main-image-fullwidth":"https:\/\/meber2026.graphoservice.it\/wp-content\/uploads\/2026\/02\/9208_-_Collare_Gemini_Arancio_Regular-766x675.jpg","et-pb-portfolio-image":"https:\/\/meber2026.graphoservice.it\/wp-content\/uploads\/2026\/02\/9208_-_Collare_Gemini_Arancio_Regular-400x284.jpg","et-pb-portfolio-module-image":"https:\/\/meber2026.graphoservice.it\/wp-content\/uploads\/2026\/02\/9208_-_Collare_Gemini_Arancio_Regular-510x382.jpg","et-pb-portfolio-image-single":"https:\/\/meber2026.graphoservice.it\/wp-content\/uploads\/2026\/02\/9208_-_Collare_Gemini_Arancio_Regular.jpg","et-pb-gallery-module-image-portrait":"https:\/\/meber2026.graphoservice.it\/wp-content\/uploads\/2026\/02\/9208_-_Collare_Gemini_Arancio_Regular-400x516.jpg","et-pb-post-main-image-fullwidth-large":"https:\/\/meber2026.graphoservice.it\/wp-content\/uploads\/2026\/02\/9208_-_Collare_Gemini_Arancio_Regular.jpg","et-pb-image--responsive--desktop":"https:\/\/meber2026.graphoservice.it\/wp-content\/uploads\/2026\/02\/9208_-_Collare_Gemini_Arancio_Regular.jpg","et-pb-image--responsive--tablet":"https:\/\/meber2026.graphoservice.it\/wp-content\/uploads\/2026\/02\/9208_-_Collare_Gemini_Arancio_Regular.jpg","et-pb-image--responsive--phone":"https:\/\/meber2026.graphoservice.it\/wp-content\/uploads\/2026\/02\/9208_-_Collare_Gemini_Arancio_Regular-480x489.jpg","full":"https:\/\/meber2026.graphoservice.it\/wp-content\/uploads\/2026\/02\/9208_-_Collare_Gemini_Arancio_Regular.jpg"},"yoast_head":"<!-- This site is optimized with the Yoast SEO plugin v27.4 - https:\/\/yoast.com\/product\/yoast-seo-wordpress\/ -->\n<title>Gemini 9208<\/title>\n<meta name=\"robots\" content=\"noindex, follow, max-snippet:-1, max-image-preview:large, max-video-preview:-1\" \/>\n<meta property=\"og:locale\" content=\"fr_FR\" \/>\n<meta property=\"og:type\" content=\"article\" \/>\n<meta property=\"og:title\" content=\"Gemini 9208\" \/>\n<meta property=\"og:description\" content=\"Le collier cervical GEMINI est un outil hautement professionnel et indispensable pour le secouriste. Compos\u00e9 de 2 pi\u00e8ces, il se positionne \u00e0 l\u2019avant et \u00e0 l\u2019arri\u00e8re du cou, permettant une immobilisation parfaite de la colonne cervicale. Dot\u00e9 d\u2019un trou central pour la r\u00e9alisation d\u2019une \u00e9ventuelle trach\u00e9otomie, il est facile \u00e0 appliquer et \u00e0 r\u00e9gler gr\u00e2ce [&hellip;]\" \/>\n<meta property=\"og:url\" content=\"https:\/\/meber2026.graphoservice.it\/fr\/product\/gemini-9208\/\" \/>\n<meta property=\"og:site_name\" content=\"Me.Ber.\" \/>\n<meta property=\"article:modified_time\" content=\"2026-04-28T16:00:13+00:00\" \/>\n<meta property=\"og:image\" content=\"https:\/\/meber2026.graphoservice.it\/wp-content\/uploads\/2026\/02\/9208_-_Collare_Gemini_Arancio_Regular.jpg\" \/>\n\t<meta property=\"og:image:width\" content=\"766\" \/>\n\t<meta property=\"og:image:height\" content=\"780\" \/>\n\t<meta property=\"og:image:type\" content=\"image\/jpeg\" \/>\n<meta name=\"twitter:card\" content=\"summary_large_image\" \/>\n<script type=\"application\/ld+json\" class=\"yoast-schema-graph\">{\"@context\":\"https:\\\/\\\/schema.org\",\"@graph\":[{\"@type\":\"WebPage\",\"@id\":\"https:\\\/\\\/meber2026.graphoservice.it\\\/fr\\\/product\\\/gemini-9208\\\/\",\"url\":\"https:\\\/\\\/meber2026.graphoservice.it\\\/fr\\\/product\\\/gemini-9208\\\/\",\"name\":\"Gemini 9208\",\"isPartOf\":{\"@id\":\"https:\\\/\\\/meber2026.graphoservice.it\\\/fr\\\/#website\"},\"primaryImageOfPage\":{\"@id\":\"https:\\\/\\\/meber2026.graphoservice.it\\\/fr\\\/product\\\/gemini-9208\\\/#primaryimage\"},\"image\":{\"@id\":\"https:\\\/\\\/meber2026.graphoservice.it\\\/fr\\\/product\\\/gemini-9208\\\/#primaryimage\"},\"thumbnailUrl\":\"https:\\\/\\\/meber2026.graphoservice.it\\\/wp-content\\\/uploads\\\/2026\\\/02\\\/9208_-_Collare_Gemini_Arancio_Regular.jpg\",\"datePublished\":\"2026-02-10T09:25:48+00:00\",\"dateModified\":\"2026-04-28T16:00:13+00:00\",\"breadcrumb\":{\"@id\":\"https:\\\/\\\/meber2026.graphoservice.it\\\/fr\\\/product\\\/gemini-9208\\\/#breadcrumb\"},\"inLanguage\":\"fr-FR\",\"potentialAction\":[{\"@type\":\"ReadAction\",\"target\":[\"https:\\\/\\\/meber2026.graphoservice.it\\\/fr\\\/product\\\/gemini-9208\\\/\"]}]},{\"@type\":\"ImageObject\",\"inLanguage\":\"fr-FR\",\"@id\":\"https:\\\/\\\/meber2026.graphoservice.it\\\/fr\\\/product\\\/gemini-9208\\\/#primaryimage\",\"url\":\"https:\\\/\\\/meber2026.graphoservice.it\\\/wp-content\\\/uploads\\\/2026\\\/02\\\/9208_-_Collare_Gemini_Arancio_Regular.jpg\",\"contentUrl\":\"https:\\\/\\\/meber2026.graphoservice.it\\\/wp-content\\\/uploads\\\/2026\\\/02\\\/9208_-_Collare_Gemini_Arancio_Regular.jpg\",\"width\":766,\"height\":780},{\"@type\":\"BreadcrumbList\",\"@id\":\"https:\\\/\\\/meber2026.graphoservice.it\\\/fr\\\/product\\\/gemini-9208\\\/#breadcrumb\",\"itemListElement\":[{\"@type\":\"ListItem\",\"position\":1,\"name\":\"Home\",\"item\":\"https:\\\/\\\/meber2026.graphoservice.it\\\/fr\\\/\"},{\"@type\":\"ListItem\",\"position\":2,\"name\":\"Gemini 9208\"}]},{\"@type\":\"WebSite\",\"@id\":\"https:\\\/\\\/meber2026.graphoservice.it\\\/fr\\\/#website\",\"url\":\"https:\\\/\\\/meber2026.graphoservice.it\\\/fr\\\/\",\"name\":\"Me.Ber.\",\"description\":\"In Case of Emergerncy\",\"potentialAction\":[{\"@type\":\"SearchAction\",\"target\":{\"@type\":\"EntryPoint\",\"urlTemplate\":\"https:\\\/\\\/meber2026.graphoservice.it\\\/fr\\\/?s={search_term_string}\"},\"query-input\":{\"@type\":\"PropertyValueSpecification\",\"valueRequired\":true,\"valueName\":\"search_term_string\"}}],\"inLanguage\":\"fr-FR\"}]}<\/script>\n<!-- \/ Yoast SEO plugin. -->","yoast_head_json":{"title":"Gemini 9208","robots":{"index":"noindex","follow":"follow","max-snippet":"max-snippet:-1","max-image-preview":"max-image-preview:large","max-video-preview":"max-video-preview:-1"},"og_locale":"fr_FR","og_type":"article","og_title":"Gemini 9208","og_description":"Le collier cervical GEMINI est un outil hautement professionnel et indispensable pour le secouriste. Compos\u00e9 de 2 pi\u00e8ces, il se positionne \u00e0 l\u2019avant et \u00e0 l\u2019arri\u00e8re du cou, permettant une immobilisation parfaite de la colonne cervicale. Dot\u00e9 d\u2019un trou central pour la r\u00e9alisation d\u2019une \u00e9ventuelle trach\u00e9otomie, il est facile \u00e0 appliquer et \u00e0 r\u00e9gler gr\u00e2ce [&hellip;]","og_url":"https:\/\/meber2026.graphoservice.it\/fr\/product\/gemini-9208\/","og_site_name":"Me.Ber.","article_modified_time":"2026-04-28T16:00:13+00:00","og_image":[{"width":766,"height":780,"url":"https:\/\/meber2026.graphoservice.it\/wp-content\/uploads\/2026\/02\/9208_-_Collare_Gemini_Arancio_Regular.jpg","type":"image\/jpeg"}],"twitter_card":"summary_large_image","schema":{"@context":"https:\/\/schema.org","@graph":[{"@type":"WebPage","@id":"https:\/\/meber2026.graphoservice.it\/fr\/product\/gemini-9208\/","url":"https:\/\/meber2026.graphoservice.it\/fr\/product\/gemini-9208\/","name":"Gemini 9208","isPartOf":{"@id":"https:\/\/meber2026.graphoservice.it\/fr\/#website"},"primaryImageOfPage":{"@id":"https:\/\/meber2026.graphoservice.it\/fr\/product\/gemini-9208\/#primaryimage"},"image":{"@id":"https:\/\/meber2026.graphoservice.it\/fr\/product\/gemini-9208\/#primaryimage"},"thumbnailUrl":"https:\/\/meber2026.graphoservice.it\/wp-content\/uploads\/2026\/02\/9208_-_Collare_Gemini_Arancio_Regular.jpg","datePublished":"2026-02-10T09:25:48+00:00","dateModified":"2026-04-28T16:00:13+00:00","breadcrumb":{"@id":"https:\/\/meber2026.graphoservice.it\/fr\/product\/gemini-9208\/#breadcrumb"},"inLanguage":"fr-FR","potentialAction":[{"@type":"ReadAction","target":["https:\/\/meber2026.graphoservice.it\/fr\/product\/gemini-9208\/"]}]},{"@type":"ImageObject","inLanguage":"fr-FR","@id":"https:\/\/meber2026.graphoservice.it\/fr\/product\/gemini-9208\/#primaryimage","url":"https:\/\/meber2026.graphoservice.it\/wp-content\/uploads\/2026\/02\/9208_-_Collare_Gemini_Arancio_Regular.jpg","contentUrl":"https:\/\/meber2026.graphoservice.it\/wp-content\/uploads\/2026\/02\/9208_-_Collare_Gemini_Arancio_Regular.jpg","width":766,"height":780},{"@type":"BreadcrumbList","@id":"https:\/\/meber2026.graphoservice.it\/fr\/product\/gemini-9208\/#breadcrumb","itemListElement":[{"@type":"ListItem","position":1,"name":"Home","item":"https:\/\/meber2026.graphoservice.it\/fr\/"},{"@type":"ListItem","position":2,"name":"Gemini 9208"}]},{"@type":"WebSite","@id":"https:\/\/meber2026.graphoservice.it\/fr\/#website","url":"https:\/\/meber2026.graphoservice.it\/fr\/","name":"Me.Ber.","description":"In Case of Emergerncy","potentialAction":[{"@type":"SearchAction","target":{"@type":"EntryPoint","urlTemplate":"https:\/\/meber2026.graphoservice.it\/fr\/?s={search_term_string}"},"query-input":{"@type":"PropertyValueSpecification","valueRequired":true,"valueName":"search_term_string"}}],"inLanguage":"fr-FR"}]}},"_links":{"self":[{"href":"https:\/\/meber2026.graphoservice.it\/fr\/wp-json\/wp\/v2\/product\/18313","targetHints":{"allow":["GET"]}}],"collection":[{"href":"https:\/\/meber2026.graphoservice.it\/fr\/wp-json\/wp\/v2\/product"}],"about":[{"href":"https:\/\/meber2026.graphoservice.it\/fr\/wp-json\/wp\/v2\/types\/product"}],"author":[{"embeddable":true,"href":"https:\/\/meber2026.graphoservice.it\/fr\/wp-json\/wp\/v2\/users\/1"}],"version-history":[{"count":1,"href":"https:\/\/meber2026.graphoservice.it\/fr\/wp-json\/wp\/v2\/product\/18313\/revisions"}],"predecessor-version":[{"id":30456,"href":"https:\/\/meber2026.graphoservice.it\/fr\/wp-json\/wp\/v2\/product\/18313\/revisions\/30456"}],"wp:featuredmedia":[{"embeddable":true,"href":"https:\/\/meber2026.graphoservice.it\/fr\/wp-json\/wp\/v2\/media\/14532"}],"wp:attachment":[{"href":"https:\/\/meber2026.graphoservice.it\/fr\/wp-json\/wp\/v2\/media?parent=18313"}],"wp:term":[{"taxonomy":"application-tag","embeddable":true,"href":"https:\/\/meber2026.graphoservice.it\/fr\/wp-json\/wp\/v2\/application-tag?post=18313"}],"curies":[{"name":"wp","href":"https:\/\/api.w.org\/{rel}","templated":true}]}}