{"id":18303,"date":"2026-02-10T09:25:47","date_gmt":"2026-02-10T09:25:47","guid":{"rendered":"https:\/\/meber2026.graphoservice.it\/product\/gemini-9213\/"},"modified":"2026-04-28T16:00:01","modified_gmt":"2026-04-28T16:00:01","slug":"gemini-9213","status":"publish","type":"product","link":"https:\/\/meber2026.graphoservice.it\/fr\/product\/gemini-9213\/","title":{"rendered":"Gemini 9213"},"content":{"rendered":"<p>Le collier cervical GEMINI est un outil hautement professionnel et indispensable pour le secouriste. Compos\u00e9 de 2 pi\u00e8ces, il se positionne \u00e0 l\u2019avant et \u00e0 l\u2019arri\u00e8re du cou, permettant une immobilisation parfaite de la colonne cervicale. Dot\u00e9 d\u2019un trou central pour la r\u00e9alisation d\u2019une \u00e9ventuelle trach\u00e9otomie, il est facile \u00e0 appliquer et \u00e0 r\u00e9gler gr\u00e2ce aux attaches auto-agrippantes. \u00c8Il est fabriqu\u00e9 en poly\u00e9thyl\u00e8ne moul\u00e9 color\u00e9 pour distinguer les diff\u00e9rentes tailles avec une doublure en E.V.A. lavable fix\u00e9e avec des rivets en plastique. Disponible en 6 tailles diff\u00e9rentes.<br \/> Art. 9204 &#8211; 9206 &#8211; 9208<\/p>\n","protected":false},"excerpt":{"rendered":"<p>Le collier cervical GEMINI est un outil hautement professionnel et indispensable pour le secouriste. Compos\u00e9 de 2 pi\u00e8ces, il se positionne \u00e0 l\u2019avant et \u00e0 l\u2019arri\u00e8re du cou, permettant une immobilisation parfaite de la colonne cervicale. Dot\u00e9 d\u2019un trou central pour la r\u00e9alisation d\u2019une \u00e9ventuelle trach\u00e9otomie, il est facile \u00e0 appliquer et \u00e0 r\u00e9gler gr\u00e2ce [&hellip;]<\/p>\n","protected":false},"author":1,"featured_media":14510,"parent":0,"menu_order":50005000,"template":"","meta":{"_acf_changed":false,"footnotes":""},"application-tag":[83],"class_list":["post-18303","product","type-product","status-publish","has-post-thumbnail","hentry","application-tag-immobilisation"],"acf":[],"dsm_author":{"name":"admeb26","avatar_url":"https:\/\/meber2026.graphoservice.it\/wp-content\/plugins\/ultimate-member\/assets\/img\/default_avatar.jpg","archive_link":"https:\/\/meber2026.graphoservice.it\/fr\/author\/admeb26\/","biodata":""},"dsm_categories":[],"dsm_attachment_categories":[],"dsm_featured_image":{"thumbnail":"https:\/\/meber2026.graphoservice.it\/wp-content\/uploads\/2026\/02\/9216_-_Set_collari_Gemini_6pz_con_custodia-150x150.jpg","medium":"https:\/\/meber2026.graphoservice.it\/wp-content\/uploads\/2026\/02\/9216_-_Set_collari_Gemini_6pz_con_custodia-300x179.jpg","medium_large":"https:\/\/meber2026.graphoservice.it\/wp-content\/uploads\/2026\/02\/9216_-_Set_collari_Gemini_6pz_con_custodia-768x458.jpg","large":"https:\/\/meber2026.graphoservice.it\/wp-content\/uploads\/2026\/02\/9216_-_Set_collari_Gemini_6pz_con_custodia.jpg","1536x1536":"https:\/\/meber2026.graphoservice.it\/wp-content\/uploads\/2026\/02\/9216_-_Set_collari_Gemini_6pz_con_custodia.jpg","2048x2048":"https:\/\/meber2026.graphoservice.it\/wp-content\/uploads\/2026\/02\/9216_-_Set_collari_Gemini_6pz_con_custodia.jpg","et-pb-post-main-image":"https:\/\/meber2026.graphoservice.it\/wp-content\/uploads\/2026\/02\/9216_-_Set_collari_Gemini_6pz_con_custodia-400x250.jpg","et-pb-post-main-image-fullwidth":"https:\/\/meber2026.graphoservice.it\/wp-content\/uploads\/2026\/02\/9216_-_Set_collari_Gemini_6pz_con_custodia.jpg","et-pb-portfolio-image":"https:\/\/meber2026.graphoservice.it\/wp-content\/uploads\/2026\/02\/9216_-_Set_collari_Gemini_6pz_con_custodia-400x284.jpg","et-pb-portfolio-module-image":"https:\/\/meber2026.graphoservice.it\/wp-content\/uploads\/2026\/02\/9216_-_Set_collari_Gemini_6pz_con_custodia-510x382.jpg","et-pb-portfolio-image-single":"https:\/\/meber2026.graphoservice.it\/wp-content\/uploads\/2026\/02\/9216_-_Set_collari_Gemini_6pz_con_custodia.jpg","et-pb-gallery-module-image-portrait":"https:\/\/meber2026.graphoservice.it\/wp-content\/uploads\/2026\/02\/9216_-_Set_collari_Gemini_6pz_con_custodia-400x465.jpg","et-pb-post-main-image-fullwidth-large":"https:\/\/meber2026.graphoservice.it\/wp-content\/uploads\/2026\/02\/9216_-_Set_collari_Gemini_6pz_con_custodia.jpg","et-pb-image--responsive--desktop":"https:\/\/meber2026.graphoservice.it\/wp-content\/uploads\/2026\/02\/9216_-_Set_collari_Gemini_6pz_con_custodia.jpg","et-pb-image--responsive--tablet":"https:\/\/meber2026.graphoservice.it\/wp-content\/uploads\/2026\/02\/9216_-_Set_collari_Gemini_6pz_con_custodia.jpg","et-pb-image--responsive--phone":"https:\/\/meber2026.graphoservice.it\/wp-content\/uploads\/2026\/02\/9216_-_Set_collari_Gemini_6pz_con_custodia-480x286.jpg","full":"https:\/\/meber2026.graphoservice.it\/wp-content\/uploads\/2026\/02\/9216_-_Set_collari_Gemini_6pz_con_custodia.jpg"},"yoast_head":"<!-- This site is optimized with the Yoast SEO plugin v27.4 - https:\/\/yoast.com\/product\/yoast-seo-wordpress\/ -->\n<title>Gemini 9213<\/title>\n<meta name=\"robots\" content=\"noindex, follow, max-snippet:-1, max-image-preview:large, max-video-preview:-1\" \/>\n<meta property=\"og:locale\" content=\"fr_FR\" \/>\n<meta property=\"og:type\" content=\"article\" \/>\n<meta property=\"og:title\" content=\"Gemini 9213\" \/>\n<meta property=\"og:description\" content=\"Le collier cervical GEMINI est un outil hautement professionnel et indispensable pour le secouriste. Compos\u00e9 de 2 pi\u00e8ces, il se positionne \u00e0 l\u2019avant et \u00e0 l\u2019arri\u00e8re du cou, permettant une immobilisation parfaite de la colonne cervicale. Dot\u00e9 d\u2019un trou central pour la r\u00e9alisation d\u2019une \u00e9ventuelle trach\u00e9otomie, il est facile \u00e0 appliquer et \u00e0 r\u00e9gler gr\u00e2ce [&hellip;]\" \/>\n<meta property=\"og:url\" content=\"https:\/\/meber2026.graphoservice.it\/fr\/product\/gemini-9213\/\" \/>\n<meta property=\"og:site_name\" content=\"Me.Ber.\" \/>\n<meta property=\"article:modified_time\" content=\"2026-04-28T16:00:01+00:00\" \/>\n<meta property=\"og:image\" content=\"https:\/\/meber2026.graphoservice.it\/wp-content\/uploads\/2026\/02\/9216_-_Set_collari_Gemini_6pz_con_custodia.jpg\" \/>\n\t<meta property=\"og:image:width\" content=\"780\" \/>\n\t<meta property=\"og:image:height\" content=\"465\" \/>\n\t<meta property=\"og:image:type\" content=\"image\/jpeg\" \/>\n<meta name=\"twitter:card\" content=\"summary_large_image\" \/>\n<meta name=\"twitter:label1\" content=\"Dur\u00e9e de lecture estim\u00e9e\" \/>\n\t<meta name=\"twitter:data1\" content=\"1 minute\" \/>\n<script type=\"application\/ld+json\" class=\"yoast-schema-graph\">{\"@context\":\"https:\\\/\\\/schema.org\",\"@graph\":[{\"@type\":\"WebPage\",\"@id\":\"https:\\\/\\\/meber2026.graphoservice.it\\\/fr\\\/product\\\/gemini-9213\\\/\",\"url\":\"https:\\\/\\\/meber2026.graphoservice.it\\\/fr\\\/product\\\/gemini-9213\\\/\",\"name\":\"Gemini 9213\",\"isPartOf\":{\"@id\":\"https:\\\/\\\/meber2026.graphoservice.it\\\/fr\\\/#website\"},\"primaryImageOfPage\":{\"@id\":\"https:\\\/\\\/meber2026.graphoservice.it\\\/fr\\\/product\\\/gemini-9213\\\/#primaryimage\"},\"image\":{\"@id\":\"https:\\\/\\\/meber2026.graphoservice.it\\\/fr\\\/product\\\/gemini-9213\\\/#primaryimage\"},\"thumbnailUrl\":\"https:\\\/\\\/meber2026.graphoservice.it\\\/wp-content\\\/uploads\\\/2026\\\/02\\\/9216_-_Set_collari_Gemini_6pz_con_custodia.jpg\",\"datePublished\":\"2026-02-10T09:25:47+00:00\",\"dateModified\":\"2026-04-28T16:00:01+00:00\",\"breadcrumb\":{\"@id\":\"https:\\\/\\\/meber2026.graphoservice.it\\\/fr\\\/product\\\/gemini-9213\\\/#breadcrumb\"},\"inLanguage\":\"fr-FR\",\"potentialAction\":[{\"@type\":\"ReadAction\",\"target\":[\"https:\\\/\\\/meber2026.graphoservice.it\\\/fr\\\/product\\\/gemini-9213\\\/\"]}]},{\"@type\":\"ImageObject\",\"inLanguage\":\"fr-FR\",\"@id\":\"https:\\\/\\\/meber2026.graphoservice.it\\\/fr\\\/product\\\/gemini-9213\\\/#primaryimage\",\"url\":\"https:\\\/\\\/meber2026.graphoservice.it\\\/wp-content\\\/uploads\\\/2026\\\/02\\\/9216_-_Set_collari_Gemini_6pz_con_custodia.jpg\",\"contentUrl\":\"https:\\\/\\\/meber2026.graphoservice.it\\\/wp-content\\\/uploads\\\/2026\\\/02\\\/9216_-_Set_collari_Gemini_6pz_con_custodia.jpg\",\"width\":780,\"height\":465},{\"@type\":\"BreadcrumbList\",\"@id\":\"https:\\\/\\\/meber2026.graphoservice.it\\\/fr\\\/product\\\/gemini-9213\\\/#breadcrumb\",\"itemListElement\":[{\"@type\":\"ListItem\",\"position\":1,\"name\":\"Home\",\"item\":\"https:\\\/\\\/meber2026.graphoservice.it\\\/fr\\\/\"},{\"@type\":\"ListItem\",\"position\":2,\"name\":\"Gemini 9213\"}]},{\"@type\":\"WebSite\",\"@id\":\"https:\\\/\\\/meber2026.graphoservice.it\\\/fr\\\/#website\",\"url\":\"https:\\\/\\\/meber2026.graphoservice.it\\\/fr\\\/\",\"name\":\"Me.Ber.\",\"description\":\"In Case of Emergerncy\",\"potentialAction\":[{\"@type\":\"SearchAction\",\"target\":{\"@type\":\"EntryPoint\",\"urlTemplate\":\"https:\\\/\\\/meber2026.graphoservice.it\\\/fr\\\/?s={search_term_string}\"},\"query-input\":{\"@type\":\"PropertyValueSpecification\",\"valueRequired\":true,\"valueName\":\"search_term_string\"}}],\"inLanguage\":\"fr-FR\"}]}<\/script>\n<!-- \/ Yoast SEO plugin. -->","yoast_head_json":{"title":"Gemini 9213","robots":{"index":"noindex","follow":"follow","max-snippet":"max-snippet:-1","max-image-preview":"max-image-preview:large","max-video-preview":"max-video-preview:-1"},"og_locale":"fr_FR","og_type":"article","og_title":"Gemini 9213","og_description":"Le collier cervical GEMINI est un outil hautement professionnel et indispensable pour le secouriste. Compos\u00e9 de 2 pi\u00e8ces, il se positionne \u00e0 l\u2019avant et \u00e0 l\u2019arri\u00e8re du cou, permettant une immobilisation parfaite de la colonne cervicale. Dot\u00e9 d\u2019un trou central pour la r\u00e9alisation d\u2019une \u00e9ventuelle trach\u00e9otomie, il est facile \u00e0 appliquer et \u00e0 r\u00e9gler gr\u00e2ce [&hellip;]","og_url":"https:\/\/meber2026.graphoservice.it\/fr\/product\/gemini-9213\/","og_site_name":"Me.Ber.","article_modified_time":"2026-04-28T16:00:01+00:00","og_image":[{"width":780,"height":465,"url":"https:\/\/meber2026.graphoservice.it\/wp-content\/uploads\/2026\/02\/9216_-_Set_collari_Gemini_6pz_con_custodia.jpg","type":"image\/jpeg"}],"twitter_card":"summary_large_image","twitter_misc":{"Dur\u00e9e de lecture estim\u00e9e":"1 minute"},"schema":{"@context":"https:\/\/schema.org","@graph":[{"@type":"WebPage","@id":"https:\/\/meber2026.graphoservice.it\/fr\/product\/gemini-9213\/","url":"https:\/\/meber2026.graphoservice.it\/fr\/product\/gemini-9213\/","name":"Gemini 9213","isPartOf":{"@id":"https:\/\/meber2026.graphoservice.it\/fr\/#website"},"primaryImageOfPage":{"@id":"https:\/\/meber2026.graphoservice.it\/fr\/product\/gemini-9213\/#primaryimage"},"image":{"@id":"https:\/\/meber2026.graphoservice.it\/fr\/product\/gemini-9213\/#primaryimage"},"thumbnailUrl":"https:\/\/meber2026.graphoservice.it\/wp-content\/uploads\/2026\/02\/9216_-_Set_collari_Gemini_6pz_con_custodia.jpg","datePublished":"2026-02-10T09:25:47+00:00","dateModified":"2026-04-28T16:00:01+00:00","breadcrumb":{"@id":"https:\/\/meber2026.graphoservice.it\/fr\/product\/gemini-9213\/#breadcrumb"},"inLanguage":"fr-FR","potentialAction":[{"@type":"ReadAction","target":["https:\/\/meber2026.graphoservice.it\/fr\/product\/gemini-9213\/"]}]},{"@type":"ImageObject","inLanguage":"fr-FR","@id":"https:\/\/meber2026.graphoservice.it\/fr\/product\/gemini-9213\/#primaryimage","url":"https:\/\/meber2026.graphoservice.it\/wp-content\/uploads\/2026\/02\/9216_-_Set_collari_Gemini_6pz_con_custodia.jpg","contentUrl":"https:\/\/meber2026.graphoservice.it\/wp-content\/uploads\/2026\/02\/9216_-_Set_collari_Gemini_6pz_con_custodia.jpg","width":780,"height":465},{"@type":"BreadcrumbList","@id":"https:\/\/meber2026.graphoservice.it\/fr\/product\/gemini-9213\/#breadcrumb","itemListElement":[{"@type":"ListItem","position":1,"name":"Home","item":"https:\/\/meber2026.graphoservice.it\/fr\/"},{"@type":"ListItem","position":2,"name":"Gemini 9213"}]},{"@type":"WebSite","@id":"https:\/\/meber2026.graphoservice.it\/fr\/#website","url":"https:\/\/meber2026.graphoservice.it\/fr\/","name":"Me.Ber.","description":"In Case of Emergerncy","potentialAction":[{"@type":"SearchAction","target":{"@type":"EntryPoint","urlTemplate":"https:\/\/meber2026.graphoservice.it\/fr\/?s={search_term_string}"},"query-input":{"@type":"PropertyValueSpecification","valueRequired":true,"valueName":"search_term_string"}}],"inLanguage":"fr-FR"}]}},"_links":{"self":[{"href":"https:\/\/meber2026.graphoservice.it\/fr\/wp-json\/wp\/v2\/product\/18303","targetHints":{"allow":["GET"]}}],"collection":[{"href":"https:\/\/meber2026.graphoservice.it\/fr\/wp-json\/wp\/v2\/product"}],"about":[{"href":"https:\/\/meber2026.graphoservice.it\/fr\/wp-json\/wp\/v2\/types\/product"}],"author":[{"embeddable":true,"href":"https:\/\/meber2026.graphoservice.it\/fr\/wp-json\/wp\/v2\/users\/1"}],"version-history":[{"count":1,"href":"https:\/\/meber2026.graphoservice.it\/fr\/wp-json\/wp\/v2\/product\/18303\/revisions"}],"predecessor-version":[{"id":30448,"href":"https:\/\/meber2026.graphoservice.it\/fr\/wp-json\/wp\/v2\/product\/18303\/revisions\/30448"}],"wp:featuredmedia":[{"embeddable":true,"href":"https:\/\/meber2026.graphoservice.it\/fr\/wp-json\/wp\/v2\/media\/14510"}],"wp:attachment":[{"href":"https:\/\/meber2026.graphoservice.it\/fr\/wp-json\/wp\/v2\/media?parent=18303"}],"wp:term":[{"taxonomy":"application-tag","embeddable":true,"href":"https:\/\/meber2026.graphoservice.it\/fr\/wp-json\/wp\/v2\/application-tag?post=18303"}],"curies":[{"name":"wp","href":"https:\/\/api.w.org\/{rel}","templated":true}]}}