{"id":18288,"date":"2026-02-10T09:25:46","date_gmt":"2026-02-10T09:25:46","guid":{"rendered":"https:\/\/meber2026.graphoservice.it\/product\/9144-2\/"},"modified":"2026-02-10T09:25:46","modified_gmt":"2026-02-10T09:25:46","slug":"9144-2","status":"publish","type":"product","link":"https:\/\/meber2026.graphoservice.it\/fr\/product\/9144-2\/","title":{"rendered":"9144"},"content":{"rendered":"<div style=\"\">L\u2019appareil maintient une traction align\u00e9e correcte et r\u00e9duit consid\u00e9rablement la douleur, \u00e9vitant ainsi d\u2019autres dommages dus au transport.<\/div>\n","protected":false},"excerpt":{"rendered":"<p>L\u2019appareil maintient une traction align\u00e9e correcte et r\u00e9duit consid\u00e9rablement la douleur, \u00e9vitant ainsi d\u2019autres dommages dus au transport.<\/p>\n","protected":false},"author":1,"featured_media":14494,"parent":0,"menu_order":50003700,"template":"","meta":{"_acf_changed":false,"footnotes":""},"application-tag":[83,68],"class_list":["post-18288","product","type-product","status-publish","has-post-thumbnail","hentry","application-tag-immobilisation","application-tag-pediatrique"],"acf":[],"dsm_author":{"name":"admeb26","avatar_url":"https:\/\/meber2026.graphoservice.it\/wp-content\/plugins\/ultimate-member\/assets\/img\/default_avatar.jpg","archive_link":"https:\/\/meber2026.graphoservice.it\/fr\/author\/admeb26\/","biodata":""},"dsm_categories":[],"dsm_attachment_categories":[],"dsm_featured_image":{"thumbnail":"https:\/\/meber2026.graphoservice.it\/wp-content\/uploads\/2026\/02\/9144_Traction_Splint_Bambino-150x150.jpg","medium":"https:\/\/meber2026.graphoservice.it\/wp-content\/uploads\/2026\/02\/9144_Traction_Splint_Bambino-300x168.jpg","medium_large":"https:\/\/meber2026.graphoservice.it\/wp-content\/uploads\/2026\/02\/9144_Traction_Splint_Bambino.jpg","large":"https:\/\/meber2026.graphoservice.it\/wp-content\/uploads\/2026\/02\/9144_Traction_Splint_Bambino.jpg","1536x1536":"https:\/\/meber2026.graphoservice.it\/wp-content\/uploads\/2026\/02\/9144_Traction_Splint_Bambino.jpg","2048x2048":"https:\/\/meber2026.graphoservice.it\/wp-content\/uploads\/2026\/02\/9144_Traction_Splint_Bambino.jpg","et-pb-post-main-image":"https:\/\/meber2026.graphoservice.it\/wp-content\/uploads\/2026\/02\/9144_Traction_Splint_Bambino-400x250.jpg","et-pb-post-main-image-fullwidth":"https:\/\/meber2026.graphoservice.it\/wp-content\/uploads\/2026\/02\/9144_Traction_Splint_Bambino.jpg","et-pb-portfolio-image":"https:\/\/meber2026.graphoservice.it\/wp-content\/uploads\/2026\/02\/9144_Traction_Splint_Bambino-400x284.jpg","et-pb-portfolio-module-image":"https:\/\/meber2026.graphoservice.it\/wp-content\/uploads\/2026\/02\/9144_Traction_Splint_Bambino-510x335.jpg","et-pb-portfolio-image-single":"https:\/\/meber2026.graphoservice.it\/wp-content\/uploads\/2026\/02\/9144_Traction_Splint_Bambino.jpg","et-pb-gallery-module-image-portrait":"https:\/\/meber2026.graphoservice.it\/wp-content\/uploads\/2026\/02\/9144_Traction_Splint_Bambino-400x335.jpg","et-pb-post-main-image-fullwidth-large":"https:\/\/meber2026.graphoservice.it\/wp-content\/uploads\/2026\/02\/9144_Traction_Splint_Bambino.jpg","et-pb-image--responsive--desktop":"https:\/\/meber2026.graphoservice.it\/wp-content\/uploads\/2026\/02\/9144_Traction_Splint_Bambino.jpg","et-pb-image--responsive--tablet":"https:\/\/meber2026.graphoservice.it\/wp-content\/uploads\/2026\/02\/9144_Traction_Splint_Bambino.jpg","et-pb-image--responsive--phone":"https:\/\/meber2026.graphoservice.it\/wp-content\/uploads\/2026\/02\/9144_Traction_Splint_Bambino-480x268.jpg","full":"https:\/\/meber2026.graphoservice.it\/wp-content\/uploads\/2026\/02\/9144_Traction_Splint_Bambino.jpg"},"yoast_head":"<!-- This site is optimized with the Yoast SEO plugin v27.4 - https:\/\/yoast.com\/product\/yoast-seo-wordpress\/ -->\n<title>9144<\/title>\n<meta name=\"robots\" content=\"noindex, follow, max-snippet:-1, max-image-preview:large, max-video-preview:-1\" \/>\n<meta property=\"og:locale\" content=\"fr_FR\" \/>\n<meta property=\"og:type\" content=\"article\" \/>\n<meta property=\"og:title\" content=\"9144\" \/>\n<meta property=\"og:description\" content=\"L\u2019appareil maintient une traction align\u00e9e correcte et r\u00e9duit consid\u00e9rablement la douleur, \u00e9vitant ainsi d\u2019autres dommages dus au transport.\" \/>\n<meta property=\"og:url\" content=\"https:\/\/meber2026.graphoservice.it\/fr\/product\/9144-2\/\" \/>\n<meta property=\"og:site_name\" content=\"Me.Ber.\" \/>\n<meta name=\"twitter:card\" content=\"summary_large_image\" \/>\n<script type=\"application\/ld+json\" class=\"yoast-schema-graph\">{\"@context\":\"https:\\\/\\\/schema.org\",\"@graph\":[{\"@type\":\"WebPage\",\"@id\":\"https:\\\/\\\/meber2026.graphoservice.it\\\/fr\\\/product\\\/9144-2\\\/\",\"url\":\"https:\\\/\\\/meber2026.graphoservice.it\\\/fr\\\/product\\\/9144-2\\\/\",\"name\":\"9144\",\"isPartOf\":{\"@id\":\"https:\\\/\\\/meber2026.graphoservice.it\\\/fr\\\/#website\"},\"primaryImageOfPage\":{\"@id\":\"https:\\\/\\\/meber2026.graphoservice.it\\\/fr\\\/product\\\/9144-2\\\/#primaryimage\"},\"image\":{\"@id\":\"https:\\\/\\\/meber2026.graphoservice.it\\\/fr\\\/product\\\/9144-2\\\/#primaryimage\"},\"thumbnailUrl\":\"https:\\\/\\\/meber2026.graphoservice.it\\\/wp-content\\\/uploads\\\/2026\\\/02\\\/9144_Traction_Splint_Bambino.jpg\",\"datePublished\":\"2026-02-10T09:25:46+00:00\",\"breadcrumb\":{\"@id\":\"https:\\\/\\\/meber2026.graphoservice.it\\\/fr\\\/product\\\/9144-2\\\/#breadcrumb\"},\"inLanguage\":\"fr-FR\",\"potentialAction\":[{\"@type\":\"ReadAction\",\"target\":[\"https:\\\/\\\/meber2026.graphoservice.it\\\/fr\\\/product\\\/9144-2\\\/\"]}]},{\"@type\":\"ImageObject\",\"inLanguage\":\"fr-FR\",\"@id\":\"https:\\\/\\\/meber2026.graphoservice.it\\\/fr\\\/product\\\/9144-2\\\/#primaryimage\",\"url\":\"https:\\\/\\\/meber2026.graphoservice.it\\\/wp-content\\\/uploads\\\/2026\\\/02\\\/9144_Traction_Splint_Bambino.jpg\",\"contentUrl\":\"https:\\\/\\\/meber2026.graphoservice.it\\\/wp-content\\\/uploads\\\/2026\\\/02\\\/9144_Traction_Splint_Bambino.jpg\",\"width\":600,\"height\":335},{\"@type\":\"BreadcrumbList\",\"@id\":\"https:\\\/\\\/meber2026.graphoservice.it\\\/fr\\\/product\\\/9144-2\\\/#breadcrumb\",\"itemListElement\":[{\"@type\":\"ListItem\",\"position\":1,\"name\":\"Home\",\"item\":\"https:\\\/\\\/meber2026.graphoservice.it\\\/fr\\\/\"},{\"@type\":\"ListItem\",\"position\":2,\"name\":\"9144\"}]},{\"@type\":\"WebSite\",\"@id\":\"https:\\\/\\\/meber2026.graphoservice.it\\\/fr\\\/#website\",\"url\":\"https:\\\/\\\/meber2026.graphoservice.it\\\/fr\\\/\",\"name\":\"Me.Ber.\",\"description\":\"In Case of Emergerncy\",\"potentialAction\":[{\"@type\":\"SearchAction\",\"target\":{\"@type\":\"EntryPoint\",\"urlTemplate\":\"https:\\\/\\\/meber2026.graphoservice.it\\\/fr\\\/?s={search_term_string}\"},\"query-input\":{\"@type\":\"PropertyValueSpecification\",\"valueRequired\":true,\"valueName\":\"search_term_string\"}}],\"inLanguage\":\"fr-FR\"}]}<\/script>\n<!-- \/ Yoast SEO plugin. -->","yoast_head_json":{"title":"9144","robots":{"index":"noindex","follow":"follow","max-snippet":"max-snippet:-1","max-image-preview":"max-image-preview:large","max-video-preview":"max-video-preview:-1"},"og_locale":"fr_FR","og_type":"article","og_title":"9144","og_description":"L\u2019appareil maintient une traction align\u00e9e correcte et r\u00e9duit consid\u00e9rablement la douleur, \u00e9vitant ainsi d\u2019autres dommages dus au transport.","og_url":"https:\/\/meber2026.graphoservice.it\/fr\/product\/9144-2\/","og_site_name":"Me.Ber.","twitter_card":"summary_large_image","schema":{"@context":"https:\/\/schema.org","@graph":[{"@type":"WebPage","@id":"https:\/\/meber2026.graphoservice.it\/fr\/product\/9144-2\/","url":"https:\/\/meber2026.graphoservice.it\/fr\/product\/9144-2\/","name":"9144","isPartOf":{"@id":"https:\/\/meber2026.graphoservice.it\/fr\/#website"},"primaryImageOfPage":{"@id":"https:\/\/meber2026.graphoservice.it\/fr\/product\/9144-2\/#primaryimage"},"image":{"@id":"https:\/\/meber2026.graphoservice.it\/fr\/product\/9144-2\/#primaryimage"},"thumbnailUrl":"https:\/\/meber2026.graphoservice.it\/wp-content\/uploads\/2026\/02\/9144_Traction_Splint_Bambino.jpg","datePublished":"2026-02-10T09:25:46+00:00","breadcrumb":{"@id":"https:\/\/meber2026.graphoservice.it\/fr\/product\/9144-2\/#breadcrumb"},"inLanguage":"fr-FR","potentialAction":[{"@type":"ReadAction","target":["https:\/\/meber2026.graphoservice.it\/fr\/product\/9144-2\/"]}]},{"@type":"ImageObject","inLanguage":"fr-FR","@id":"https:\/\/meber2026.graphoservice.it\/fr\/product\/9144-2\/#primaryimage","url":"https:\/\/meber2026.graphoservice.it\/wp-content\/uploads\/2026\/02\/9144_Traction_Splint_Bambino.jpg","contentUrl":"https:\/\/meber2026.graphoservice.it\/wp-content\/uploads\/2026\/02\/9144_Traction_Splint_Bambino.jpg","width":600,"height":335},{"@type":"BreadcrumbList","@id":"https:\/\/meber2026.graphoservice.it\/fr\/product\/9144-2\/#breadcrumb","itemListElement":[{"@type":"ListItem","position":1,"name":"Home","item":"https:\/\/meber2026.graphoservice.it\/fr\/"},{"@type":"ListItem","position":2,"name":"9144"}]},{"@type":"WebSite","@id":"https:\/\/meber2026.graphoservice.it\/fr\/#website","url":"https:\/\/meber2026.graphoservice.it\/fr\/","name":"Me.Ber.","description":"In Case of Emergerncy","potentialAction":[{"@type":"SearchAction","target":{"@type":"EntryPoint","urlTemplate":"https:\/\/meber2026.graphoservice.it\/fr\/?s={search_term_string}"},"query-input":{"@type":"PropertyValueSpecification","valueRequired":true,"valueName":"search_term_string"}}],"inLanguage":"fr-FR"}]}},"_links":{"self":[{"href":"https:\/\/meber2026.graphoservice.it\/fr\/wp-json\/wp\/v2\/product\/18288","targetHints":{"allow":["GET"]}}],"collection":[{"href":"https:\/\/meber2026.graphoservice.it\/fr\/wp-json\/wp\/v2\/product"}],"about":[{"href":"https:\/\/meber2026.graphoservice.it\/fr\/wp-json\/wp\/v2\/types\/product"}],"author":[{"embeddable":true,"href":"https:\/\/meber2026.graphoservice.it\/fr\/wp-json\/wp\/v2\/users\/1"}],"version-history":[{"count":0,"href":"https:\/\/meber2026.graphoservice.it\/fr\/wp-json\/wp\/v2\/product\/18288\/revisions"}],"wp:featuredmedia":[{"embeddable":true,"href":"https:\/\/meber2026.graphoservice.it\/fr\/wp-json\/wp\/v2\/media\/14494"}],"wp:attachment":[{"href":"https:\/\/meber2026.graphoservice.it\/fr\/wp-json\/wp\/v2\/media?parent=18288"}],"wp:term":[{"taxonomy":"application-tag","embeddable":true,"href":"https:\/\/meber2026.graphoservice.it\/fr\/wp-json\/wp\/v2\/application-tag?post=18288"}],"curies":[{"name":"wp","href":"https:\/\/api.w.org\/{rel}","templated":true}]}}