{"id":18258,"date":"2026-02-10T09:25:42","date_gmt":"2026-02-10T09:25:42","guid":{"rendered":"https:\/\/meber2026.graphoservice.it\/product\/11128-ln\/"},"modified":"2026-04-28T15:59:17","modified_gmt":"2026-04-28T15:59:17","slug":"11128-ln","status":"publish","type":"product","link":"https:\/\/meber2026.graphoservice.it\/fr\/product\/11128-ln\/","title":{"rendered":"11128\/LN"},"content":{"rendered":"<p>\u2022 Aspirateur de s\u00e9cr\u00e9tions m\u00e9dical pour montage fixe dans les v\u00e9hicules d\u2019urgence.<br \/>\n\u2022 D\u00e9bit d\u2019aspiration maximal de 30lt\/min.<br \/>\n\u2022 Puissance d\u2019aspiration maximale de 800 mbar.<br \/>\n\u2022 Flacon autoclavable de 1000 ml avec cartouche jetable (mod\u00e8le LN)<br \/>\n\u2022 Flacon autoclavable de 1000 ml avec soupape de trop-plein et filtre de protection ins\u00e9r\u00e9 directement dans le couvercle (mod\u00e8le FA)<br \/>\n\u2022 Dimensions de la plaque : profondeur de 9 x 8,5 x 6.<br \/>\n\u2022 Conforme \u00e0 toutes les r\u00e9glementations en vigueur.<\/p>\n","protected":false},"excerpt":{"rendered":"<p>\u2022 Aspirateur de s\u00e9cr\u00e9tions m\u00e9dical pour montage fixe dans les v\u00e9hicules d\u2019urgence. \u2022 D\u00e9bit d\u2019aspiration maximal de 30lt\/min. \u2022 Puissance d\u2019aspiration maximale de 800 mbar. \u2022 Flacon autoclavable de 1000 ml avec cartouche jetable (mod\u00e8le LN) \u2022 Flacon autoclavable de 1000 ml avec soupape de trop-plein et filtre de protection ins\u00e9r\u00e9 directement dans le couvercle [&hellip;]<\/p>\n","protected":false},"author":1,"featured_media":14455,"parent":0,"menu_order":80004840,"template":"","meta":{"_acf_changed":false,"footnotes":""},"application-tag":[95],"class_list":["post-18258","product","type-product","status-publish","has-post-thumbnail","hentry","application-tag-materiel-de-premiers-secours"],"acf":[],"dsm_author":{"name":"admeb26","avatar_url":"https:\/\/meber2026.graphoservice.it\/wp-content\/plugins\/ultimate-member\/assets\/img\/default_avatar.jpg","archive_link":"https:\/\/meber2026.graphoservice.it\/fr\/author\/admeb26\/","biodata":""},"dsm_categories":[],"dsm_attachment_categories":[],"dsm_featured_image":{"thumbnail":"https:\/\/meber2026.graphoservice.it\/wp-content\/uploads\/2026\/02\/11128-LN_Aspiratore_da_incasso-150x150.jpg","medium":"https:\/\/meber2026.graphoservice.it\/wp-content\/uploads\/2026\/02\/11128-LN_Aspiratore_da_incasso-300x263.jpg","medium_large":"https:\/\/meber2026.graphoservice.it\/wp-content\/uploads\/2026\/02\/11128-LN_Aspiratore_da_incasso-768x674.jpg","large":"https:\/\/meber2026.graphoservice.it\/wp-content\/uploads\/2026\/02\/11128-LN_Aspiratore_da_incasso.jpg","1536x1536":"https:\/\/meber2026.graphoservice.it\/wp-content\/uploads\/2026\/02\/11128-LN_Aspiratore_da_incasso.jpg","2048x2048":"https:\/\/meber2026.graphoservice.it\/wp-content\/uploads\/2026\/02\/11128-LN_Aspiratore_da_incasso.jpg","et-pb-post-main-image":"https:\/\/meber2026.graphoservice.it\/wp-content\/uploads\/2026\/02\/11128-LN_Aspiratore_da_incasso-400x250.jpg","et-pb-post-main-image-fullwidth":"https:\/\/meber2026.graphoservice.it\/wp-content\/uploads\/2026\/02\/11128-LN_Aspiratore_da_incasso-780x675.jpg","et-pb-portfolio-image":"https:\/\/meber2026.graphoservice.it\/wp-content\/uploads\/2026\/02\/11128-LN_Aspiratore_da_incasso-400x284.jpg","et-pb-portfolio-module-image":"https:\/\/meber2026.graphoservice.it\/wp-content\/uploads\/2026\/02\/11128-LN_Aspiratore_da_incasso-510x382.jpg","et-pb-portfolio-image-single":"https:\/\/meber2026.graphoservice.it\/wp-content\/uploads\/2026\/02\/11128-LN_Aspiratore_da_incasso.jpg","et-pb-gallery-module-image-portrait":"https:\/\/meber2026.graphoservice.it\/wp-content\/uploads\/2026\/02\/11128-LN_Aspiratore_da_incasso-400x516.jpg","et-pb-post-main-image-fullwidth-large":"https:\/\/meber2026.graphoservice.it\/wp-content\/uploads\/2026\/02\/11128-LN_Aspiratore_da_incasso.jpg","et-pb-image--responsive--desktop":"https:\/\/meber2026.graphoservice.it\/wp-content\/uploads\/2026\/02\/11128-LN_Aspiratore_da_incasso.jpg","et-pb-image--responsive--tablet":"https:\/\/meber2026.graphoservice.it\/wp-content\/uploads\/2026\/02\/11128-LN_Aspiratore_da_incasso.jpg","et-pb-image--responsive--phone":"https:\/\/meber2026.graphoservice.it\/wp-content\/uploads\/2026\/02\/11128-LN_Aspiratore_da_incasso-480x422.jpg","full":"https:\/\/meber2026.graphoservice.it\/wp-content\/uploads\/2026\/02\/11128-LN_Aspiratore_da_incasso.jpg"},"yoast_head":"<!-- This site is optimized with the Yoast SEO plugin v27.4 - https:\/\/yoast.com\/product\/yoast-seo-wordpress\/ -->\n<title>11128\/LN<\/title>\n<meta name=\"robots\" content=\"noindex, follow, max-snippet:-1, max-image-preview:large, max-video-preview:-1\" \/>\n<meta property=\"og:locale\" content=\"fr_FR\" \/>\n<meta property=\"og:type\" content=\"article\" \/>\n<meta property=\"og:title\" content=\"11128\/LN\" \/>\n<meta property=\"og:description\" content=\"\u2022 Aspirateur de s\u00e9cr\u00e9tions m\u00e9dical pour montage fixe dans les v\u00e9hicules d\u2019urgence. \u2022 D\u00e9bit d\u2019aspiration maximal de 30lt\/min. \u2022 Puissance d\u2019aspiration maximale de 800 mbar. \u2022 Flacon autoclavable de 1000 ml avec cartouche jetable (mod\u00e8le LN) \u2022 Flacon autoclavable de 1000 ml avec soupape de trop-plein et filtre de protection ins\u00e9r\u00e9 directement dans le couvercle [&hellip;]\" \/>\n<meta property=\"og:url\" content=\"https:\/\/meber2026.graphoservice.it\/fr\/product\/11128-ln\/\" \/>\n<meta property=\"og:site_name\" content=\"Me.Ber.\" \/>\n<meta property=\"article:modified_time\" content=\"2026-04-28T15:59:17+00:00\" \/>\n<meta property=\"og:image\" content=\"https:\/\/meber2026.graphoservice.it\/wp-content\/uploads\/2026\/02\/11128-LN_Aspiratore_da_incasso.jpg\" \/>\n\t<meta property=\"og:image:width\" content=\"780\" \/>\n\t<meta property=\"og:image:height\" content=\"685\" \/>\n\t<meta property=\"og:image:type\" content=\"image\/jpeg\" \/>\n<meta name=\"twitter:card\" content=\"summary_large_image\" \/>\n<script type=\"application\/ld+json\" class=\"yoast-schema-graph\">{\"@context\":\"https:\\\/\\\/schema.org\",\"@graph\":[{\"@type\":\"WebPage\",\"@id\":\"https:\\\/\\\/meber2026.graphoservice.it\\\/fr\\\/product\\\/11128-ln\\\/\",\"url\":\"https:\\\/\\\/meber2026.graphoservice.it\\\/fr\\\/product\\\/11128-ln\\\/\",\"name\":\"11128\\\/LN\",\"isPartOf\":{\"@id\":\"https:\\\/\\\/meber2026.graphoservice.it\\\/fr\\\/#website\"},\"primaryImageOfPage\":{\"@id\":\"https:\\\/\\\/meber2026.graphoservice.it\\\/fr\\\/product\\\/11128-ln\\\/#primaryimage\"},\"image\":{\"@id\":\"https:\\\/\\\/meber2026.graphoservice.it\\\/fr\\\/product\\\/11128-ln\\\/#primaryimage\"},\"thumbnailUrl\":\"https:\\\/\\\/meber2026.graphoservice.it\\\/wp-content\\\/uploads\\\/2026\\\/02\\\/11128-LN_Aspiratore_da_incasso.jpg\",\"datePublished\":\"2026-02-10T09:25:42+00:00\",\"dateModified\":\"2026-04-28T15:59:17+00:00\",\"breadcrumb\":{\"@id\":\"https:\\\/\\\/meber2026.graphoservice.it\\\/fr\\\/product\\\/11128-ln\\\/#breadcrumb\"},\"inLanguage\":\"fr-FR\",\"potentialAction\":[{\"@type\":\"ReadAction\",\"target\":[\"https:\\\/\\\/meber2026.graphoservice.it\\\/fr\\\/product\\\/11128-ln\\\/\"]}]},{\"@type\":\"ImageObject\",\"inLanguage\":\"fr-FR\",\"@id\":\"https:\\\/\\\/meber2026.graphoservice.it\\\/fr\\\/product\\\/11128-ln\\\/#primaryimage\",\"url\":\"https:\\\/\\\/meber2026.graphoservice.it\\\/wp-content\\\/uploads\\\/2026\\\/02\\\/11128-LN_Aspiratore_da_incasso.jpg\",\"contentUrl\":\"https:\\\/\\\/meber2026.graphoservice.it\\\/wp-content\\\/uploads\\\/2026\\\/02\\\/11128-LN_Aspiratore_da_incasso.jpg\",\"width\":780,\"height\":685},{\"@type\":\"BreadcrumbList\",\"@id\":\"https:\\\/\\\/meber2026.graphoservice.it\\\/fr\\\/product\\\/11128-ln\\\/#breadcrumb\",\"itemListElement\":[{\"@type\":\"ListItem\",\"position\":1,\"name\":\"Home\",\"item\":\"https:\\\/\\\/meber2026.graphoservice.it\\\/fr\\\/\"},{\"@type\":\"ListItem\",\"position\":2,\"name\":\"11128\\\/LN\"}]},{\"@type\":\"WebSite\",\"@id\":\"https:\\\/\\\/meber2026.graphoservice.it\\\/fr\\\/#website\",\"url\":\"https:\\\/\\\/meber2026.graphoservice.it\\\/fr\\\/\",\"name\":\"Me.Ber.\",\"description\":\"In Case of Emergerncy\",\"potentialAction\":[{\"@type\":\"SearchAction\",\"target\":{\"@type\":\"EntryPoint\",\"urlTemplate\":\"https:\\\/\\\/meber2026.graphoservice.it\\\/fr\\\/?s={search_term_string}\"},\"query-input\":{\"@type\":\"PropertyValueSpecification\",\"valueRequired\":true,\"valueName\":\"search_term_string\"}}],\"inLanguage\":\"fr-FR\"}]}<\/script>\n<!-- \/ Yoast SEO plugin. -->","yoast_head_json":{"title":"11128\/LN","robots":{"index":"noindex","follow":"follow","max-snippet":"max-snippet:-1","max-image-preview":"max-image-preview:large","max-video-preview":"max-video-preview:-1"},"og_locale":"fr_FR","og_type":"article","og_title":"11128\/LN","og_description":"\u2022 Aspirateur de s\u00e9cr\u00e9tions m\u00e9dical pour montage fixe dans les v\u00e9hicules d\u2019urgence. \u2022 D\u00e9bit d\u2019aspiration maximal de 30lt\/min. \u2022 Puissance d\u2019aspiration maximale de 800 mbar. \u2022 Flacon autoclavable de 1000 ml avec cartouche jetable (mod\u00e8le LN) \u2022 Flacon autoclavable de 1000 ml avec soupape de trop-plein et filtre de protection ins\u00e9r\u00e9 directement dans le couvercle [&hellip;]","og_url":"https:\/\/meber2026.graphoservice.it\/fr\/product\/11128-ln\/","og_site_name":"Me.Ber.","article_modified_time":"2026-04-28T15:59:17+00:00","og_image":[{"width":780,"height":685,"url":"https:\/\/meber2026.graphoservice.it\/wp-content\/uploads\/2026\/02\/11128-LN_Aspiratore_da_incasso.jpg","type":"image\/jpeg"}],"twitter_card":"summary_large_image","schema":{"@context":"https:\/\/schema.org","@graph":[{"@type":"WebPage","@id":"https:\/\/meber2026.graphoservice.it\/fr\/product\/11128-ln\/","url":"https:\/\/meber2026.graphoservice.it\/fr\/product\/11128-ln\/","name":"11128\/LN","isPartOf":{"@id":"https:\/\/meber2026.graphoservice.it\/fr\/#website"},"primaryImageOfPage":{"@id":"https:\/\/meber2026.graphoservice.it\/fr\/product\/11128-ln\/#primaryimage"},"image":{"@id":"https:\/\/meber2026.graphoservice.it\/fr\/product\/11128-ln\/#primaryimage"},"thumbnailUrl":"https:\/\/meber2026.graphoservice.it\/wp-content\/uploads\/2026\/02\/11128-LN_Aspiratore_da_incasso.jpg","datePublished":"2026-02-10T09:25:42+00:00","dateModified":"2026-04-28T15:59:17+00:00","breadcrumb":{"@id":"https:\/\/meber2026.graphoservice.it\/fr\/product\/11128-ln\/#breadcrumb"},"inLanguage":"fr-FR","potentialAction":[{"@type":"ReadAction","target":["https:\/\/meber2026.graphoservice.it\/fr\/product\/11128-ln\/"]}]},{"@type":"ImageObject","inLanguage":"fr-FR","@id":"https:\/\/meber2026.graphoservice.it\/fr\/product\/11128-ln\/#primaryimage","url":"https:\/\/meber2026.graphoservice.it\/wp-content\/uploads\/2026\/02\/11128-LN_Aspiratore_da_incasso.jpg","contentUrl":"https:\/\/meber2026.graphoservice.it\/wp-content\/uploads\/2026\/02\/11128-LN_Aspiratore_da_incasso.jpg","width":780,"height":685},{"@type":"BreadcrumbList","@id":"https:\/\/meber2026.graphoservice.it\/fr\/product\/11128-ln\/#breadcrumb","itemListElement":[{"@type":"ListItem","position":1,"name":"Home","item":"https:\/\/meber2026.graphoservice.it\/fr\/"},{"@type":"ListItem","position":2,"name":"11128\/LN"}]},{"@type":"WebSite","@id":"https:\/\/meber2026.graphoservice.it\/fr\/#website","url":"https:\/\/meber2026.graphoservice.it\/fr\/","name":"Me.Ber.","description":"In Case of Emergerncy","potentialAction":[{"@type":"SearchAction","target":{"@type":"EntryPoint","urlTemplate":"https:\/\/meber2026.graphoservice.it\/fr\/?s={search_term_string}"},"query-input":{"@type":"PropertyValueSpecification","valueRequired":true,"valueName":"search_term_string"}}],"inLanguage":"fr-FR"}]}},"_links":{"self":[{"href":"https:\/\/meber2026.graphoservice.it\/fr\/wp-json\/wp\/v2\/product\/18258","targetHints":{"allow":["GET"]}}],"collection":[{"href":"https:\/\/meber2026.graphoservice.it\/fr\/wp-json\/wp\/v2\/product"}],"about":[{"href":"https:\/\/meber2026.graphoservice.it\/fr\/wp-json\/wp\/v2\/types\/product"}],"author":[{"embeddable":true,"href":"https:\/\/meber2026.graphoservice.it\/fr\/wp-json\/wp\/v2\/users\/1"}],"version-history":[{"count":1,"href":"https:\/\/meber2026.graphoservice.it\/fr\/wp-json\/wp\/v2\/product\/18258\/revisions"}],"predecessor-version":[{"id":30412,"href":"https:\/\/meber2026.graphoservice.it\/fr\/wp-json\/wp\/v2\/product\/18258\/revisions\/30412"}],"wp:featuredmedia":[{"embeddable":true,"href":"https:\/\/meber2026.graphoservice.it\/fr\/wp-json\/wp\/v2\/media\/14455"}],"wp:attachment":[{"href":"https:\/\/meber2026.graphoservice.it\/fr\/wp-json\/wp\/v2\/media?parent=18258"}],"wp:term":[{"taxonomy":"application-tag","embeddable":true,"href":"https:\/\/meber2026.graphoservice.it\/fr\/wp-json\/wp\/v2\/application-tag?post=18258"}],"curies":[{"name":"wp","href":"https:\/\/api.w.org\/{rel}","templated":true}]}}