{"id":18253,"date":"2026-02-10T09:25:42","date_gmt":"2026-02-10T09:25:42","guid":{"rendered":"https:\/\/meber2026.graphoservice.it\/product\/cormos-11010-ln\/"},"modified":"2026-04-28T15:59:09","modified_gmt":"2026-04-28T15:59:09","slug":"cormos-11010-ln","status":"publish","type":"product","link":"https:\/\/meber2026.graphoservice.it\/fr\/product\/cormos-11010-ln\/","title":{"rendered":"Cormos 11010\/LN"},"content":{"rendered":"<p>Aspirateur de s\u00e9cr\u00e9tions m\u00e9dical livr\u00e9 en standard avec flacon autoclavable de 1000 ml pour poches Serres jetables type LINER, sac vert Meber, tube d\u2019aspiration avec sonde et support rechargeable 10G. Convient aux services d\u2019urgence. CORMOS fonctionne directement avec 12 volts cc. du v\u00e9hicule ou avec accumulateur interne d\u2019une autonomie sup\u00e9rieure \u00e0 45 minutes. CORMOS est silencieux et puissant gr\u00e2ce au moteur de 25 l\/min qui assure une aspiration r\u00e9glable, avec un manom\u00e8tre de contr\u00f4le \u00e0 l\u2019avant de l\u2019unit\u00e9 d\u2019aspiration, au-dessus de 850 mbar. Facilement transportable gr\u00e2ce aux dimensions particuli\u00e8res et compactes, \u00e0 la poign\u00e9e anatomique et \u00e0 son poids de 4,6 kg. Bo\u00eete en ABS\/UL antichoc \u00e0 haute r\u00e9sistance, aux dimensions de 34 x 11 x 24 cm. <strong>L\u2019aspirateur de s\u00e9cr\u00e9tions CORMOS est fabriqu\u00e9 conform\u00e9ment aux normes de produit ISO 10079-1, IEC 60601-1 et 3.0, approbation e1 selon la directive 72\/245\/CEE, UNI EN 1789, IEC 60601-1-11. Classification selon DDM 93\/42\/CEE: IIb<\/strong><\/p>\n","protected":false},"excerpt":{"rendered":"<p>Aspirateur de s\u00e9cr\u00e9tions m\u00e9dical livr\u00e9 en standard avec flacon autoclavable de 1000 ml pour poches Serres jetables type LINER, sac vert Meber, tube d\u2019aspiration avec sonde et support rechargeable 10G. Convient aux services d\u2019urgence. CORMOS fonctionne directement avec 12 volts cc. du v\u00e9hicule ou avec accumulateur interne d\u2019une autonomie sup\u00e9rieure \u00e0 45 minutes. CORMOS est [&hellip;]<\/p>\n","protected":false},"author":1,"featured_media":14448,"parent":0,"menu_order":80003500,"template":"","meta":{"_acf_changed":false,"footnotes":""},"application-tag":[95],"class_list":["post-18253","product","type-product","status-publish","has-post-thumbnail","hentry","application-tag-materiel-de-premiers-secours"],"acf":[],"dsm_author":{"name":"admeb26","avatar_url":"https:\/\/meber2026.graphoservice.it\/wp-content\/plugins\/ultimate-member\/assets\/img\/default_avatar.jpg","archive_link":"https:\/\/meber2026.graphoservice.it\/fr\/author\/admeb26\/","biodata":""},"dsm_categories":[],"dsm_attachment_categories":[],"dsm_featured_image":{"thumbnail":"https:\/\/meber2026.graphoservice.it\/wp-content\/uploads\/2026\/02\/CORMOS_aspiratore_11010LN-150x150.jpg","medium":"https:\/\/meber2026.graphoservice.it\/wp-content\/uploads\/2026\/02\/CORMOS_aspiratore_11010LN-300x255.jpg","medium_large":"https:\/\/meber2026.graphoservice.it\/wp-content\/uploads\/2026\/02\/CORMOS_aspiratore_11010LN-768x653.jpg","large":"https:\/\/meber2026.graphoservice.it\/wp-content\/uploads\/2026\/02\/CORMOS_aspiratore_11010LN.jpg","1536x1536":"https:\/\/meber2026.graphoservice.it\/wp-content\/uploads\/2026\/02\/CORMOS_aspiratore_11010LN.jpg","2048x2048":"https:\/\/meber2026.graphoservice.it\/wp-content\/uploads\/2026\/02\/CORMOS_aspiratore_11010LN.jpg","et-pb-post-main-image":"https:\/\/meber2026.graphoservice.it\/wp-content\/uploads\/2026\/02\/CORMOS_aspiratore_11010LN-400x250.jpg","et-pb-post-main-image-fullwidth":"https:\/\/meber2026.graphoservice.it\/wp-content\/uploads\/2026\/02\/CORMOS_aspiratore_11010LN.jpg","et-pb-portfolio-image":"https:\/\/meber2026.graphoservice.it\/wp-content\/uploads\/2026\/02\/CORMOS_aspiratore_11010LN-400x284.jpg","et-pb-portfolio-module-image":"https:\/\/meber2026.graphoservice.it\/wp-content\/uploads\/2026\/02\/CORMOS_aspiratore_11010LN-510x382.jpg","et-pb-portfolio-image-single":"https:\/\/meber2026.graphoservice.it\/wp-content\/uploads\/2026\/02\/CORMOS_aspiratore_11010LN.jpg","et-pb-gallery-module-image-portrait":"https:\/\/meber2026.graphoservice.it\/wp-content\/uploads\/2026\/02\/CORMOS_aspiratore_11010LN-400x516.jpg","et-pb-post-main-image-fullwidth-large":"https:\/\/meber2026.graphoservice.it\/wp-content\/uploads\/2026\/02\/CORMOS_aspiratore_11010LN.jpg","et-pb-image--responsive--desktop":"https:\/\/meber2026.graphoservice.it\/wp-content\/uploads\/2026\/02\/CORMOS_aspiratore_11010LN.jpg","et-pb-image--responsive--tablet":"https:\/\/meber2026.graphoservice.it\/wp-content\/uploads\/2026\/02\/CORMOS_aspiratore_11010LN.jpg","et-pb-image--responsive--phone":"https:\/\/meber2026.graphoservice.it\/wp-content\/uploads\/2026\/02\/CORMOS_aspiratore_11010LN-480x408.jpg","full":"https:\/\/meber2026.graphoservice.it\/wp-content\/uploads\/2026\/02\/CORMOS_aspiratore_11010LN.jpg"},"yoast_head":"<!-- This site is optimized with the Yoast SEO plugin v27.4 - https:\/\/yoast.com\/product\/yoast-seo-wordpress\/ -->\n<title>Aspirateur de s\u00e9cr\u00e9tions portable avec doublure jetable<\/title>\n<meta name=\"robots\" content=\"noindex, follow, max-snippet:-1, max-image-preview:large, max-video-preview:-1\" \/>\n<meta property=\"og:locale\" content=\"fr_FR\" \/>\n<meta property=\"og:type\" content=\"article\" \/>\n<meta property=\"og:title\" content=\"Aspirateur de s\u00e9cr\u00e9tions portable avec doublure jetable\" \/>\n<meta property=\"og:description\" content=\"Aspirateur de s\u00e9cr\u00e9tions m\u00e9dical livr\u00e9 en standard avec flacon autoclavable de 1000 ml pour poches Serres jetables type LINER, sac vert Meber, tube d\u2019aspiration avec sonde et support rechargeable 10G. Convient aux services d\u2019urgence. CORMOS fonctionne directement avec 12 volts cc. du v\u00e9hicule ou avec accumulateur interne d\u2019une autonomie sup\u00e9rieure \u00e0 45 minutes. CORMOS est [&hellip;]\" \/>\n<meta property=\"og:url\" content=\"https:\/\/meber2026.graphoservice.it\/fr\/product\/cormos-11010-ln\/\" \/>\n<meta property=\"og:site_name\" content=\"Me.Ber.\" \/>\n<meta property=\"article:modified_time\" content=\"2026-04-28T15:59:09+00:00\" \/>\n<meta property=\"og:image\" content=\"https:\/\/meber2026.graphoservice.it\/wp-content\/uploads\/2026\/02\/CORMOS_aspiratore_11010LN.jpg\" \/>\n\t<meta property=\"og:image:width\" content=\"780\" \/>\n\t<meta property=\"og:image:height\" content=\"663\" \/>\n\t<meta property=\"og:image:type\" content=\"image\/jpeg\" \/>\n<meta name=\"twitter:card\" content=\"summary_large_image\" \/>\n<meta name=\"twitter:label1\" content=\"Dur\u00e9e de lecture estim\u00e9e\" \/>\n\t<meta name=\"twitter:data1\" content=\"1 minute\" \/>\n<script type=\"application\/ld+json\" class=\"yoast-schema-graph\">{\"@context\":\"https:\\\/\\\/schema.org\",\"@graph\":[{\"@type\":\"WebPage\",\"@id\":\"https:\\\/\\\/meber2026.graphoservice.it\\\/fr\\\/product\\\/cormos-11010-ln\\\/\",\"url\":\"https:\\\/\\\/meber2026.graphoservice.it\\\/fr\\\/product\\\/cormos-11010-ln\\\/\",\"name\":\"Aspirateur de s\u00e9cr\u00e9tions portable avec doublure jetable\",\"isPartOf\":{\"@id\":\"https:\\\/\\\/meber2026.graphoservice.it\\\/fr\\\/#website\"},\"primaryImageOfPage\":{\"@id\":\"https:\\\/\\\/meber2026.graphoservice.it\\\/fr\\\/product\\\/cormos-11010-ln\\\/#primaryimage\"},\"image\":{\"@id\":\"https:\\\/\\\/meber2026.graphoservice.it\\\/fr\\\/product\\\/cormos-11010-ln\\\/#primaryimage\"},\"thumbnailUrl\":\"https:\\\/\\\/meber2026.graphoservice.it\\\/wp-content\\\/uploads\\\/2026\\\/02\\\/CORMOS_aspiratore_11010LN.jpg\",\"datePublished\":\"2026-02-10T09:25:42+00:00\",\"dateModified\":\"2026-04-28T15:59:09+00:00\",\"breadcrumb\":{\"@id\":\"https:\\\/\\\/meber2026.graphoservice.it\\\/fr\\\/product\\\/cormos-11010-ln\\\/#breadcrumb\"},\"inLanguage\":\"fr-FR\",\"potentialAction\":[{\"@type\":\"ReadAction\",\"target\":[\"https:\\\/\\\/meber2026.graphoservice.it\\\/fr\\\/product\\\/cormos-11010-ln\\\/\"]}]},{\"@type\":\"ImageObject\",\"inLanguage\":\"fr-FR\",\"@id\":\"https:\\\/\\\/meber2026.graphoservice.it\\\/fr\\\/product\\\/cormos-11010-ln\\\/#primaryimage\",\"url\":\"https:\\\/\\\/meber2026.graphoservice.it\\\/wp-content\\\/uploads\\\/2026\\\/02\\\/CORMOS_aspiratore_11010LN.jpg\",\"contentUrl\":\"https:\\\/\\\/meber2026.graphoservice.it\\\/wp-content\\\/uploads\\\/2026\\\/02\\\/CORMOS_aspiratore_11010LN.jpg\",\"width\":780,\"height\":663},{\"@type\":\"BreadcrumbList\",\"@id\":\"https:\\\/\\\/meber2026.graphoservice.it\\\/fr\\\/product\\\/cormos-11010-ln\\\/#breadcrumb\",\"itemListElement\":[{\"@type\":\"ListItem\",\"position\":1,\"name\":\"Home\",\"item\":\"https:\\\/\\\/meber2026.graphoservice.it\\\/fr\\\/\"},{\"@type\":\"ListItem\",\"position\":2,\"name\":\"Cormos 11010\\\/LN\"}]},{\"@type\":\"WebSite\",\"@id\":\"https:\\\/\\\/meber2026.graphoservice.it\\\/fr\\\/#website\",\"url\":\"https:\\\/\\\/meber2026.graphoservice.it\\\/fr\\\/\",\"name\":\"Me.Ber.\",\"description\":\"In Case of Emergerncy\",\"potentialAction\":[{\"@type\":\"SearchAction\",\"target\":{\"@type\":\"EntryPoint\",\"urlTemplate\":\"https:\\\/\\\/meber2026.graphoservice.it\\\/fr\\\/?s={search_term_string}\"},\"query-input\":{\"@type\":\"PropertyValueSpecification\",\"valueRequired\":true,\"valueName\":\"search_term_string\"}}],\"inLanguage\":\"fr-FR\"}]}<\/script>\n<!-- \/ Yoast SEO plugin. -->","yoast_head_json":{"title":"Aspirateur de s\u00e9cr\u00e9tions portable avec doublure jetable","robots":{"index":"noindex","follow":"follow","max-snippet":"max-snippet:-1","max-image-preview":"max-image-preview:large","max-video-preview":"max-video-preview:-1"},"og_locale":"fr_FR","og_type":"article","og_title":"Aspirateur de s\u00e9cr\u00e9tions portable avec doublure jetable","og_description":"Aspirateur de s\u00e9cr\u00e9tions m\u00e9dical livr\u00e9 en standard avec flacon autoclavable de 1000 ml pour poches Serres jetables type LINER, sac vert Meber, tube d\u2019aspiration avec sonde et support rechargeable 10G. Convient aux services d\u2019urgence. CORMOS fonctionne directement avec 12 volts cc. du v\u00e9hicule ou avec accumulateur interne d\u2019une autonomie sup\u00e9rieure \u00e0 45 minutes. CORMOS est [&hellip;]","og_url":"https:\/\/meber2026.graphoservice.it\/fr\/product\/cormos-11010-ln\/","og_site_name":"Me.Ber.","article_modified_time":"2026-04-28T15:59:09+00:00","og_image":[{"width":780,"height":663,"url":"https:\/\/meber2026.graphoservice.it\/wp-content\/uploads\/2026\/02\/CORMOS_aspiratore_11010LN.jpg","type":"image\/jpeg"}],"twitter_card":"summary_large_image","twitter_misc":{"Dur\u00e9e de lecture estim\u00e9e":"1 minute"},"schema":{"@context":"https:\/\/schema.org","@graph":[{"@type":"WebPage","@id":"https:\/\/meber2026.graphoservice.it\/fr\/product\/cormos-11010-ln\/","url":"https:\/\/meber2026.graphoservice.it\/fr\/product\/cormos-11010-ln\/","name":"Aspirateur de s\u00e9cr\u00e9tions portable avec doublure jetable","isPartOf":{"@id":"https:\/\/meber2026.graphoservice.it\/fr\/#website"},"primaryImageOfPage":{"@id":"https:\/\/meber2026.graphoservice.it\/fr\/product\/cormos-11010-ln\/#primaryimage"},"image":{"@id":"https:\/\/meber2026.graphoservice.it\/fr\/product\/cormos-11010-ln\/#primaryimage"},"thumbnailUrl":"https:\/\/meber2026.graphoservice.it\/wp-content\/uploads\/2026\/02\/CORMOS_aspiratore_11010LN.jpg","datePublished":"2026-02-10T09:25:42+00:00","dateModified":"2026-04-28T15:59:09+00:00","breadcrumb":{"@id":"https:\/\/meber2026.graphoservice.it\/fr\/product\/cormos-11010-ln\/#breadcrumb"},"inLanguage":"fr-FR","potentialAction":[{"@type":"ReadAction","target":["https:\/\/meber2026.graphoservice.it\/fr\/product\/cormos-11010-ln\/"]}]},{"@type":"ImageObject","inLanguage":"fr-FR","@id":"https:\/\/meber2026.graphoservice.it\/fr\/product\/cormos-11010-ln\/#primaryimage","url":"https:\/\/meber2026.graphoservice.it\/wp-content\/uploads\/2026\/02\/CORMOS_aspiratore_11010LN.jpg","contentUrl":"https:\/\/meber2026.graphoservice.it\/wp-content\/uploads\/2026\/02\/CORMOS_aspiratore_11010LN.jpg","width":780,"height":663},{"@type":"BreadcrumbList","@id":"https:\/\/meber2026.graphoservice.it\/fr\/product\/cormos-11010-ln\/#breadcrumb","itemListElement":[{"@type":"ListItem","position":1,"name":"Home","item":"https:\/\/meber2026.graphoservice.it\/fr\/"},{"@type":"ListItem","position":2,"name":"Cormos 11010\/LN"}]},{"@type":"WebSite","@id":"https:\/\/meber2026.graphoservice.it\/fr\/#website","url":"https:\/\/meber2026.graphoservice.it\/fr\/","name":"Me.Ber.","description":"In Case of Emergerncy","potentialAction":[{"@type":"SearchAction","target":{"@type":"EntryPoint","urlTemplate":"https:\/\/meber2026.graphoservice.it\/fr\/?s={search_term_string}"},"query-input":{"@type":"PropertyValueSpecification","valueRequired":true,"valueName":"search_term_string"}}],"inLanguage":"fr-FR"}]}},"_links":{"self":[{"href":"https:\/\/meber2026.graphoservice.it\/fr\/wp-json\/wp\/v2\/product\/18253","targetHints":{"allow":["GET"]}}],"collection":[{"href":"https:\/\/meber2026.graphoservice.it\/fr\/wp-json\/wp\/v2\/product"}],"about":[{"href":"https:\/\/meber2026.graphoservice.it\/fr\/wp-json\/wp\/v2\/types\/product"}],"author":[{"embeddable":true,"href":"https:\/\/meber2026.graphoservice.it\/fr\/wp-json\/wp\/v2\/users\/1"}],"version-history":[{"count":1,"href":"https:\/\/meber2026.graphoservice.it\/fr\/wp-json\/wp\/v2\/product\/18253\/revisions"}],"predecessor-version":[{"id":30408,"href":"https:\/\/meber2026.graphoservice.it\/fr\/wp-json\/wp\/v2\/product\/18253\/revisions\/30408"}],"wp:featuredmedia":[{"embeddable":true,"href":"https:\/\/meber2026.graphoservice.it\/fr\/wp-json\/wp\/v2\/media\/14448"}],"wp:attachment":[{"href":"https:\/\/meber2026.graphoservice.it\/fr\/wp-json\/wp\/v2\/media?parent=18253"}],"wp:term":[{"taxonomy":"application-tag","embeddable":true,"href":"https:\/\/meber2026.graphoservice.it\/fr\/wp-json\/wp\/v2\/application-tag?post=18253"}],"curies":[{"name":"wp","href":"https:\/\/api.w.org\/{rel}","templated":true}]}}