{"id":18208,"date":"2026-02-10T09:25:37","date_gmt":"2026-02-10T09:25:37","guid":{"rendered":"https:\/\/meber2026.graphoservice.it\/product\/frog-lite-7260-proof\/"},"modified":"2026-02-10T09:25:38","modified_gmt":"2026-02-10T09:25:38","slug":"frog-lite-7260-proof","status":"publish","type":"product","link":"https:\/\/meber2026.graphoservice.it\/fr\/product\/frog-lite-7260-proof\/","title":{"rendered":"Frog Lite 7260 PROOF"},"content":{"rendered":"<p style=\"\">Fabriqu\u00e9 enti\u00e8rement en alliage d\u2019aluminium peint, tr\u00e8s l\u00e9ger, il est \u00e9galement \u00e9quip\u00e9 de Trendelenburg. 4 roues en polyur\u00e9thane (2 fixes avec frein et 2 pivotantes \u00e0 centrage automatique \u00d8 200 mm) offrent un grand confort sur les sols irr\u00e9guliers et les surfaces in\u00e9gales. Le mat\u00e9riau avec lequel il est construit le rend facile \u00e0 d\u00e9sinfecter.<\/p>\n<p>\u2022Plancher rigide en alliage d\u2019aluminium peint<br \/>\n\u2022 Dossier inclinable de 0 \u00e0 80\u00b0 pouvant \u00eatre verrouill\u00e9 dans n\u2019importe quelle position<br \/>\n\u2022 Barri\u00e8res lat\u00e9rales rabattables<br \/>\n\u2022 Pieds verticaux prot\u00e9g\u00e9s par des pare-chocs<br \/>\n\u2022 Roues pivotantes \u00e9quip\u00e9es d\u2019un syst\u00e8me d\u2019auto-centrage<br \/>\n\u2022 Chariot avant abaissable<\/p>\n<p>En combinaison avec la fixation 955 Proof sp\u00e9cifique, il r\u00e9siste \u00e0 des contraintes jusqu\u2019\u00e0 10g.<br \/>\nIl est fourni avec un matelas et des ceintures (Art. 7013, 2 ceintures Art. 608-A\/MEB ou 608-N\/MEB et 1 ceinture Art. 612\/AN-2\/MEB ou Art. 612\/N \u2013 2\/MEB).\u00a0<\/p>\n<p style=\"\">\u00a0<\/p>\n<p><img loading=\"lazy\" decoding=\"async\" alt=\"\" height=\"88\" src=\"http:\/\/www.meber.it\/adm\/Images\/contents\/10G Logo 2019_def.png\" width=\"80\" \/><\/p>\n<p><span style=\"font-size: smaller;\"><span style=\"font-size: medium;\"><span style=\"font-size: small;\"><span style=\"font-size: small;\"><span style=\"font-size: medium;\"><span style=\"font-size: small;\"><span style=\"font-size: medium;\"><span style=\"font-size: medium;\"><strong><font size=\"2\">Appareil certifi\u00e9 selon les normes harmonis\u00e9es UNI EN 1865 &#8211; UNI EN 1789<\/font><\/strong><\/span><\/span><\/span><\/span><\/span><\/span><\/span><\/span><\/p>\n","protected":false},"excerpt":{"rendered":"<p>Fabriqu\u00e9 enti\u00e8rement en alliage d\u2019aluminium peint, tr\u00e8s l\u00e9ger, il est \u00e9galement \u00e9quip\u00e9 de Trendelenburg. 4 roues en polyur\u00e9thane (2 fixes avec frein et 2 pivotantes \u00e0 centrage automatique \u00d8 200 mm) offrent un grand confort sur les sols irr\u00e9guliers et les surfaces in\u00e9gales. Le mat\u00e9riau avec lequel il est construit le rend facile \u00e0 d\u00e9sinfecter. [&hellip;]<\/p>\n","protected":false},"author":1,"featured_media":24124,"parent":0,"menu_order":20001400,"template":"","meta":{"_acf_changed":false,"footnotes":""},"application-tag":[74,65],"class_list":["post-18208","product","type-product","status-publish","has-post-thumbnail","hentry","application-tag-brancards-et-chariots-a-chargement-automatique","application-tag-certifie-10g"],"acf":[],"dsm_author":{"name":"admeb26","avatar_url":"https:\/\/meber2026.graphoservice.it\/wp-content\/plugins\/ultimate-member\/assets\/img\/default_avatar.jpg","archive_link":"https:\/\/meber2026.graphoservice.it\/fr\/author\/admeb26\/","biodata":""},"dsm_categories":[],"dsm_attachment_categories":[],"dsm_featured_image":{"thumbnail":"https:\/\/meber2026.graphoservice.it\/wp-content\/uploads\/2026\/02\/Frog-Lite-ateriore-bianca_DSC0666-150x150.webp","medium":"https:\/\/meber2026.graphoservice.it\/wp-content\/uploads\/2026\/02\/Frog-Lite-ateriore-bianca_DSC0666-300x300.webp","medium_large":"https:\/\/meber2026.graphoservice.it\/wp-content\/uploads\/2026\/02\/Frog-Lite-ateriore-bianca_DSC0666-768x768.webp","large":"https:\/\/meber2026.graphoservice.it\/wp-content\/uploads\/2026\/02\/Frog-Lite-ateriore-bianca_DSC0666-1024x1024.webp","1536x1536":"https:\/\/meber2026.graphoservice.it\/wp-content\/uploads\/2026\/02\/Frog-Lite-ateriore-bianca_DSC0666-1536x1536.webp","2048x2048":"https:\/\/meber2026.graphoservice.it\/wp-content\/uploads\/2026\/02\/Frog-Lite-ateriore-bianca_DSC0666.webp","et-pb-post-main-image":"https:\/\/meber2026.graphoservice.it\/wp-content\/uploads\/2026\/02\/Frog-Lite-ateriore-bianca_DSC0666-400x250.webp","et-pb-post-main-image-fullwidth":"https:\/\/meber2026.graphoservice.it\/wp-content\/uploads\/2026\/02\/Frog-Lite-ateriore-bianca_DSC0666-1080x675.webp","et-pb-portfolio-image":"https:\/\/meber2026.graphoservice.it\/wp-content\/uploads\/2026\/02\/Frog-Lite-ateriore-bianca_DSC0666-400x284.webp","et-pb-portfolio-module-image":"https:\/\/meber2026.graphoservice.it\/wp-content\/uploads\/2026\/02\/Frog-Lite-ateriore-bianca_DSC0666-510x382.webp","et-pb-portfolio-image-single":"https:\/\/meber2026.graphoservice.it\/wp-content\/uploads\/2026\/02\/Frog-Lite-ateriore-bianca_DSC0666-1080x1080.webp","et-pb-gallery-module-image-portrait":"https:\/\/meber2026.graphoservice.it\/wp-content\/uploads\/2026\/02\/Frog-Lite-ateriore-bianca_DSC0666-400x516.webp","et-pb-post-main-image-fullwidth-large":"https:\/\/meber2026.graphoservice.it\/wp-content\/uploads\/2026\/02\/Frog-Lite-ateriore-bianca_DSC0666-2000x1800.webp","et-pb-image--responsive--desktop":"https:\/\/meber2026.graphoservice.it\/wp-content\/uploads\/2026\/02\/Frog-Lite-ateriore-bianca_DSC0666-1280x1280.webp","et-pb-image--responsive--tablet":"https:\/\/meber2026.graphoservice.it\/wp-content\/uploads\/2026\/02\/Frog-Lite-ateriore-bianca_DSC0666-980x980.webp","et-pb-image--responsive--phone":"https:\/\/meber2026.graphoservice.it\/wp-content\/uploads\/2026\/02\/Frog-Lite-ateriore-bianca_DSC0666-480x480.webp","full":"https:\/\/meber2026.graphoservice.it\/wp-content\/uploads\/2026\/02\/Frog-Lite-ateriore-bianca_DSC0666.webp"},"yoast_head":"<!-- This site is optimized with the Yoast SEO plugin v27.4 - https:\/\/yoast.com\/product\/yoast-seo-wordpress\/ -->\n<title>Brancard \u00e0 chargement automatique Frog Lite Proof<\/title>\n<meta name=\"description\" content=\"Brancard \u00e0 chargement automatique en aluminium peint avec Trendelenburg certifi\u00e9. R\u00e9siste \u00e0 des contraintes jusqu\u2019\u00e0 10\u00a0g.\" \/>\n<meta name=\"robots\" content=\"noindex, follow, max-snippet:-1, max-image-preview:large, max-video-preview:-1\" \/>\n<meta property=\"og:locale\" content=\"fr_FR\" \/>\n<meta property=\"og:type\" content=\"article\" \/>\n<meta property=\"og:title\" content=\"Brancard \u00e0 chargement automatique Frog Lite Proof\" \/>\n<meta property=\"og:description\" content=\"Brancard \u00e0 chargement automatique en aluminium peint avec Trendelenburg certifi\u00e9. R\u00e9siste \u00e0 des contraintes jusqu\u2019\u00e0 10\u00a0g.\" \/>\n<meta property=\"og:url\" content=\"https:\/\/meber2026.graphoservice.it\/fr\/product\/frog-lite-7260-proof\/\" \/>\n<meta property=\"og:site_name\" content=\"Me.Ber.\" \/>\n<meta property=\"article:modified_time\" content=\"2026-02-10T09:25:38+00:00\" \/>\n<meta name=\"twitter:card\" content=\"summary_large_image\" \/>\n<meta name=\"twitter:label1\" content=\"Dur\u00e9e de lecture estim\u00e9e\" \/>\n\t<meta name=\"twitter:data1\" content=\"1 minute\" \/>\n<script type=\"application\/ld+json\" class=\"yoast-schema-graph\">{\"@context\":\"https:\\\/\\\/schema.org\",\"@graph\":[{\"@type\":\"WebPage\",\"@id\":\"https:\\\/\\\/meber2026.graphoservice.it\\\/fr\\\/product\\\/frog-lite-7260-proof\\\/\",\"url\":\"https:\\\/\\\/meber2026.graphoservice.it\\\/fr\\\/product\\\/frog-lite-7260-proof\\\/\",\"name\":\"Brancard \u00e0 chargement automatique Frog Lite Proof\",\"isPartOf\":{\"@id\":\"https:\\\/\\\/meber2026.graphoservice.it\\\/fr\\\/#website\"},\"primaryImageOfPage\":{\"@id\":\"https:\\\/\\\/meber2026.graphoservice.it\\\/fr\\\/product\\\/frog-lite-7260-proof\\\/#primaryimage\"},\"image\":{\"@id\":\"https:\\\/\\\/meber2026.graphoservice.it\\\/fr\\\/product\\\/frog-lite-7260-proof\\\/#primaryimage\"},\"thumbnailUrl\":\"https:\\\/\\\/meber2026.graphoservice.it\\\/wp-content\\\/uploads\\\/2026\\\/02\\\/Frog-Lite-ateriore-bianca_DSC0666.webp\",\"datePublished\":\"2026-02-10T09:25:37+00:00\",\"dateModified\":\"2026-02-10T09:25:38+00:00\",\"description\":\"Brancard \u00e0 chargement automatique en aluminium peint avec Trendelenburg certifi\u00e9. R\u00e9siste \u00e0 des contraintes jusqu\u2019\u00e0 10\u00a0g.\",\"breadcrumb\":{\"@id\":\"https:\\\/\\\/meber2026.graphoservice.it\\\/fr\\\/product\\\/frog-lite-7260-proof\\\/#breadcrumb\"},\"inLanguage\":\"fr-FR\",\"potentialAction\":[{\"@type\":\"ReadAction\",\"target\":[\"https:\\\/\\\/meber2026.graphoservice.it\\\/fr\\\/product\\\/frog-lite-7260-proof\\\/\"]}]},{\"@type\":\"ImageObject\",\"inLanguage\":\"fr-FR\",\"@id\":\"https:\\\/\\\/meber2026.graphoservice.it\\\/fr\\\/product\\\/frog-lite-7260-proof\\\/#primaryimage\",\"url\":\"https:\\\/\\\/meber2026.graphoservice.it\\\/wp-content\\\/uploads\\\/2026\\\/02\\\/Frog-Lite-ateriore-bianca_DSC0666.webp\",\"contentUrl\":\"https:\\\/\\\/meber2026.graphoservice.it\\\/wp-content\\\/uploads\\\/2026\\\/02\\\/Frog-Lite-ateriore-bianca_DSC0666.webp\",\"width\":2000,\"height\":2000},{\"@type\":\"BreadcrumbList\",\"@id\":\"https:\\\/\\\/meber2026.graphoservice.it\\\/fr\\\/product\\\/frog-lite-7260-proof\\\/#breadcrumb\",\"itemListElement\":[{\"@type\":\"ListItem\",\"position\":1,\"name\":\"Home\",\"item\":\"https:\\\/\\\/meber2026.graphoservice.it\\\/fr\\\/\"},{\"@type\":\"ListItem\",\"position\":2,\"name\":\"Frog Lite 7260 PROOF\"}]},{\"@type\":\"WebSite\",\"@id\":\"https:\\\/\\\/meber2026.graphoservice.it\\\/fr\\\/#website\",\"url\":\"https:\\\/\\\/meber2026.graphoservice.it\\\/fr\\\/\",\"name\":\"Me.Ber.\",\"description\":\"In Case of Emergerncy\",\"potentialAction\":[{\"@type\":\"SearchAction\",\"target\":{\"@type\":\"EntryPoint\",\"urlTemplate\":\"https:\\\/\\\/meber2026.graphoservice.it\\\/fr\\\/?s={search_term_string}\"},\"query-input\":{\"@type\":\"PropertyValueSpecification\",\"valueRequired\":true,\"valueName\":\"search_term_string\"}}],\"inLanguage\":\"fr-FR\"}]}<\/script>\n<!-- \/ Yoast SEO plugin. -->","yoast_head_json":{"title":"Brancard \u00e0 chargement automatique Frog Lite Proof","description":"Brancard \u00e0 chargement automatique en aluminium peint avec Trendelenburg certifi\u00e9. R\u00e9siste \u00e0 des contraintes jusqu\u2019\u00e0 10\u00a0g.","robots":{"index":"noindex","follow":"follow","max-snippet":"max-snippet:-1","max-image-preview":"max-image-preview:large","max-video-preview":"max-video-preview:-1"},"og_locale":"fr_FR","og_type":"article","og_title":"Brancard \u00e0 chargement automatique Frog Lite Proof","og_description":"Brancard \u00e0 chargement automatique en aluminium peint avec Trendelenburg certifi\u00e9. R\u00e9siste \u00e0 des contraintes jusqu\u2019\u00e0 10\u00a0g.","og_url":"https:\/\/meber2026.graphoservice.it\/fr\/product\/frog-lite-7260-proof\/","og_site_name":"Me.Ber.","article_modified_time":"2026-02-10T09:25:38+00:00","twitter_card":"summary_large_image","twitter_misc":{"Dur\u00e9e de lecture estim\u00e9e":"1 minute"},"schema":{"@context":"https:\/\/schema.org","@graph":[{"@type":"WebPage","@id":"https:\/\/meber2026.graphoservice.it\/fr\/product\/frog-lite-7260-proof\/","url":"https:\/\/meber2026.graphoservice.it\/fr\/product\/frog-lite-7260-proof\/","name":"Brancard \u00e0 chargement automatique Frog Lite Proof","isPartOf":{"@id":"https:\/\/meber2026.graphoservice.it\/fr\/#website"},"primaryImageOfPage":{"@id":"https:\/\/meber2026.graphoservice.it\/fr\/product\/frog-lite-7260-proof\/#primaryimage"},"image":{"@id":"https:\/\/meber2026.graphoservice.it\/fr\/product\/frog-lite-7260-proof\/#primaryimage"},"thumbnailUrl":"https:\/\/meber2026.graphoservice.it\/wp-content\/uploads\/2026\/02\/Frog-Lite-ateriore-bianca_DSC0666.webp","datePublished":"2026-02-10T09:25:37+00:00","dateModified":"2026-02-10T09:25:38+00:00","description":"Brancard \u00e0 chargement automatique en aluminium peint avec Trendelenburg certifi\u00e9. R\u00e9siste \u00e0 des contraintes jusqu\u2019\u00e0 10\u00a0g.","breadcrumb":{"@id":"https:\/\/meber2026.graphoservice.it\/fr\/product\/frog-lite-7260-proof\/#breadcrumb"},"inLanguage":"fr-FR","potentialAction":[{"@type":"ReadAction","target":["https:\/\/meber2026.graphoservice.it\/fr\/product\/frog-lite-7260-proof\/"]}]},{"@type":"ImageObject","inLanguage":"fr-FR","@id":"https:\/\/meber2026.graphoservice.it\/fr\/product\/frog-lite-7260-proof\/#primaryimage","url":"https:\/\/meber2026.graphoservice.it\/wp-content\/uploads\/2026\/02\/Frog-Lite-ateriore-bianca_DSC0666.webp","contentUrl":"https:\/\/meber2026.graphoservice.it\/wp-content\/uploads\/2026\/02\/Frog-Lite-ateriore-bianca_DSC0666.webp","width":2000,"height":2000},{"@type":"BreadcrumbList","@id":"https:\/\/meber2026.graphoservice.it\/fr\/product\/frog-lite-7260-proof\/#breadcrumb","itemListElement":[{"@type":"ListItem","position":1,"name":"Home","item":"https:\/\/meber2026.graphoservice.it\/fr\/"},{"@type":"ListItem","position":2,"name":"Frog Lite 7260 PROOF"}]},{"@type":"WebSite","@id":"https:\/\/meber2026.graphoservice.it\/fr\/#website","url":"https:\/\/meber2026.graphoservice.it\/fr\/","name":"Me.Ber.","description":"In Case of Emergerncy","potentialAction":[{"@type":"SearchAction","target":{"@type":"EntryPoint","urlTemplate":"https:\/\/meber2026.graphoservice.it\/fr\/?s={search_term_string}"},"query-input":{"@type":"PropertyValueSpecification","valueRequired":true,"valueName":"search_term_string"}}],"inLanguage":"fr-FR"}]}},"_links":{"self":[{"href":"https:\/\/meber2026.graphoservice.it\/fr\/wp-json\/wp\/v2\/product\/18208","targetHints":{"allow":["GET"]}}],"collection":[{"href":"https:\/\/meber2026.graphoservice.it\/fr\/wp-json\/wp\/v2\/product"}],"about":[{"href":"https:\/\/meber2026.graphoservice.it\/fr\/wp-json\/wp\/v2\/types\/product"}],"author":[{"embeddable":true,"href":"https:\/\/meber2026.graphoservice.it\/fr\/wp-json\/wp\/v2\/users\/1"}],"version-history":[{"count":0,"href":"https:\/\/meber2026.graphoservice.it\/fr\/wp-json\/wp\/v2\/product\/18208\/revisions"}],"wp:featuredmedia":[{"embeddable":true,"href":"https:\/\/meber2026.graphoservice.it\/fr\/wp-json\/wp\/v2\/media\/24124"}],"wp:attachment":[{"href":"https:\/\/meber2026.graphoservice.it\/fr\/wp-json\/wp\/v2\/media?parent=18208"}],"wp:term":[{"taxonomy":"application-tag","embeddable":true,"href":"https:\/\/meber2026.graphoservice.it\/fr\/wp-json\/wp\/v2\/application-tag?post=18208"}],"curies":[{"name":"wp","href":"https:\/\/api.w.org\/{rel}","templated":true}]}}