{"id":18203,"date":"2026-02-10T09:25:37","date_gmt":"2026-02-10T09:25:37","guid":{"rendered":"https:\/\/meber2026.graphoservice.it\/product\/snake-snow-894-snow\/"},"modified":"2026-02-10T09:25:37","modified_gmt":"2026-02-10T09:25:37","slug":"snake-snow-894-snow","status":"publish","type":"product","link":"https:\/\/meber2026.graphoservice.it\/fr\/product\/snake-snow-894-snow\/","title":{"rendered":"Snake Snow 894\/SNOW"},"content":{"rendered":"<div style=\"\">Matelas \u00e0 d\u00e9pression \u00e0 14 chambres ind\u00e9pendantes pour une immobilisation parfaite et rapide.<strong>Avec dispositif antid\u00e9rapant pour le sauvetage sur neige et glace.<\/strong> Une extr\u00eame l\u00e9g\u00e8ret\u00e9 et robustesse, 8 poign\u00e9es ergonomiques, des ceintures de s\u00e9curit\u00e9 et un enroulement parfait du patient conf\u00e8rent au matelas\u201cSnake\u201d des caract\u00e9ristiques uniques. Utilisable de -30 \u00e0 +70 \u00b0C. La tenue de la d\u00e9pression pendant longtemps sans aucune flexion, <strong>et la certification UNI EN 1865<\/strong>, selon les normes europ\u00e9ennes harmonis\u00e9es,<strong>compl\u00e8tent les caract\u00e9ristiques de ce dispositif<\/strong><strong>.<\/strong><\/div>\n","protected":false},"excerpt":{"rendered":"<p>Matelas \u00e0 d\u00e9pression \u00e0 14 chambres ind\u00e9pendantes pour une immobilisation parfaite et rapide.Avec dispositif antid\u00e9rapant pour le sauvetage sur neige et glace. Une extr\u00eame l\u00e9g\u00e8ret\u00e9 et robustesse, 8 poign\u00e9es ergonomiques, des ceintures de s\u00e9curit\u00e9 et un enroulement parfait du patient conf\u00e8rent au matelas\u201cSnake\u201d des caract\u00e9ristiques uniques. Utilisable de -30 \u00e0 +70 \u00b0C. La tenue de [&hellip;]<\/p>\n","protected":false},"author":1,"featured_media":14374,"parent":0,"menu_order":50002100,"template":"","meta":{"_acf_changed":false,"footnotes":""},"application-tag":[],"class_list":["post-18203","product","type-product","status-publish","has-post-thumbnail","hentry"],"acf":[],"dsm_author":{"name":"admeb26","avatar_url":"https:\/\/meber2026.graphoservice.it\/wp-content\/plugins\/ultimate-member\/assets\/img\/default_avatar.jpg","archive_link":"https:\/\/meber2026.graphoservice.it\/fr\/author\/admeb26\/","biodata":""},"dsm_categories":[],"dsm_attachment_categories":[],"dsm_featured_image":{"thumbnail":"https:\/\/meber2026.graphoservice.it\/wp-content\/uploads\/2026\/02\/894SNOW_Fronte-150x150.jpg","medium":"https:\/\/meber2026.graphoservice.it\/wp-content\/uploads\/2026\/02\/894SNOW_Fronte-300x93.jpg","medium_large":"https:\/\/meber2026.graphoservice.it\/wp-content\/uploads\/2026\/02\/894SNOW_Fronte-768x239.jpg","large":"https:\/\/meber2026.graphoservice.it\/wp-content\/uploads\/2026\/02\/894SNOW_Fronte.jpg","1536x1536":"https:\/\/meber2026.graphoservice.it\/wp-content\/uploads\/2026\/02\/894SNOW_Fronte.jpg","2048x2048":"https:\/\/meber2026.graphoservice.it\/wp-content\/uploads\/2026\/02\/894SNOW_Fronte.jpg","et-pb-post-main-image":"https:\/\/meber2026.graphoservice.it\/wp-content\/uploads\/2026\/02\/894SNOW_Fronte-400x243.jpg","et-pb-post-main-image-fullwidth":"https:\/\/meber2026.graphoservice.it\/wp-content\/uploads\/2026\/02\/894SNOW_Fronte.jpg","et-pb-portfolio-image":"https:\/\/meber2026.graphoservice.it\/wp-content\/uploads\/2026\/02\/894SNOW_Fronte-400x243.jpg","et-pb-portfolio-module-image":"https:\/\/meber2026.graphoservice.it\/wp-content\/uploads\/2026\/02\/894SNOW_Fronte-510x243.jpg","et-pb-portfolio-image-single":"https:\/\/meber2026.graphoservice.it\/wp-content\/uploads\/2026\/02\/894SNOW_Fronte.jpg","et-pb-gallery-module-image-portrait":"https:\/\/meber2026.graphoservice.it\/wp-content\/uploads\/2026\/02\/894SNOW_Fronte-400x243.jpg","et-pb-post-main-image-fullwidth-large":"https:\/\/meber2026.graphoservice.it\/wp-content\/uploads\/2026\/02\/894SNOW_Fronte.jpg","et-pb-image--responsive--desktop":"https:\/\/meber2026.graphoservice.it\/wp-content\/uploads\/2026\/02\/894SNOW_Fronte.jpg","et-pb-image--responsive--tablet":"https:\/\/meber2026.graphoservice.it\/wp-content\/uploads\/2026\/02\/894SNOW_Fronte.jpg","et-pb-image--responsive--phone":"https:\/\/meber2026.graphoservice.it\/wp-content\/uploads\/2026\/02\/894SNOW_Fronte-480x150.jpg","full":"https:\/\/meber2026.graphoservice.it\/wp-content\/uploads\/2026\/02\/894SNOW_Fronte.jpg"},"yoast_head":"<!-- This site is optimized with the Yoast SEO plugin v27.4 - https:\/\/yoast.com\/product\/yoast-seo-wordpress\/ -->\n<title>Snake Snow 894\/SNOW<\/title>\n<meta name=\"robots\" content=\"noindex, follow, max-snippet:-1, max-image-preview:large, max-video-preview:-1\" \/>\n<meta property=\"og:locale\" content=\"fr_FR\" \/>\n<meta property=\"og:type\" content=\"article\" \/>\n<meta property=\"og:title\" content=\"Snake Snow 894\/SNOW\" \/>\n<meta property=\"og:description\" content=\"Matelas \u00e0 d\u00e9pression \u00e0 14 chambres ind\u00e9pendantes pour une immobilisation parfaite et rapide.Avec dispositif antid\u00e9rapant pour le sauvetage sur neige et glace. Une extr\u00eame l\u00e9g\u00e8ret\u00e9 et robustesse, 8 poign\u00e9es ergonomiques, des ceintures de s\u00e9curit\u00e9 et un enroulement parfait du patient conf\u00e8rent au matelas\u201cSnake\u201d des caract\u00e9ristiques uniques. Utilisable de -30 \u00e0 +70 \u00b0C. La tenue de [&hellip;]\" \/>\n<meta property=\"og:url\" content=\"https:\/\/meber2026.graphoservice.it\/fr\/product\/snake-snow-894-snow\/\" \/>\n<meta property=\"og:site_name\" content=\"Me.Ber.\" \/>\n<meta name=\"twitter:card\" content=\"summary_large_image\" \/>\n<script type=\"application\/ld+json\" class=\"yoast-schema-graph\">{\"@context\":\"https:\\\/\\\/schema.org\",\"@graph\":[{\"@type\":\"WebPage\",\"@id\":\"https:\\\/\\\/meber2026.graphoservice.it\\\/fr\\\/product\\\/snake-snow-894-snow\\\/\",\"url\":\"https:\\\/\\\/meber2026.graphoservice.it\\\/fr\\\/product\\\/snake-snow-894-snow\\\/\",\"name\":\"Snake Snow 894\\\/SNOW\",\"isPartOf\":{\"@id\":\"https:\\\/\\\/meber2026.graphoservice.it\\\/fr\\\/#website\"},\"primaryImageOfPage\":{\"@id\":\"https:\\\/\\\/meber2026.graphoservice.it\\\/fr\\\/product\\\/snake-snow-894-snow\\\/#primaryimage\"},\"image\":{\"@id\":\"https:\\\/\\\/meber2026.graphoservice.it\\\/fr\\\/product\\\/snake-snow-894-snow\\\/#primaryimage\"},\"thumbnailUrl\":\"https:\\\/\\\/meber2026.graphoservice.it\\\/wp-content\\\/uploads\\\/2026\\\/02\\\/894SNOW_Fronte.jpg\",\"datePublished\":\"2026-02-10T09:25:37+00:00\",\"breadcrumb\":{\"@id\":\"https:\\\/\\\/meber2026.graphoservice.it\\\/fr\\\/product\\\/snake-snow-894-snow\\\/#breadcrumb\"},\"inLanguage\":\"fr-FR\",\"potentialAction\":[{\"@type\":\"ReadAction\",\"target\":[\"https:\\\/\\\/meber2026.graphoservice.it\\\/fr\\\/product\\\/snake-snow-894-snow\\\/\"]}]},{\"@type\":\"ImageObject\",\"inLanguage\":\"fr-FR\",\"@id\":\"https:\\\/\\\/meber2026.graphoservice.it\\\/fr\\\/product\\\/snake-snow-894-snow\\\/#primaryimage\",\"url\":\"https:\\\/\\\/meber2026.graphoservice.it\\\/wp-content\\\/uploads\\\/2026\\\/02\\\/894SNOW_Fronte.jpg\",\"contentUrl\":\"https:\\\/\\\/meber2026.graphoservice.it\\\/wp-content\\\/uploads\\\/2026\\\/02\\\/894SNOW_Fronte.jpg\",\"width\":780,\"height\":243},{\"@type\":\"BreadcrumbList\",\"@id\":\"https:\\\/\\\/meber2026.graphoservice.it\\\/fr\\\/product\\\/snake-snow-894-snow\\\/#breadcrumb\",\"itemListElement\":[{\"@type\":\"ListItem\",\"position\":1,\"name\":\"Home\",\"item\":\"https:\\\/\\\/meber2026.graphoservice.it\\\/fr\\\/\"},{\"@type\":\"ListItem\",\"position\":2,\"name\":\"Snake Snow 894\\\/SNOW\"}]},{\"@type\":\"WebSite\",\"@id\":\"https:\\\/\\\/meber2026.graphoservice.it\\\/fr\\\/#website\",\"url\":\"https:\\\/\\\/meber2026.graphoservice.it\\\/fr\\\/\",\"name\":\"Me.Ber.\",\"description\":\"In Case of Emergerncy\",\"potentialAction\":[{\"@type\":\"SearchAction\",\"target\":{\"@type\":\"EntryPoint\",\"urlTemplate\":\"https:\\\/\\\/meber2026.graphoservice.it\\\/fr\\\/?s={search_term_string}\"},\"query-input\":{\"@type\":\"PropertyValueSpecification\",\"valueRequired\":true,\"valueName\":\"search_term_string\"}}],\"inLanguage\":\"fr-FR\"}]}<\/script>\n<!-- \/ Yoast SEO plugin. -->","yoast_head_json":{"title":"Snake Snow 894\/SNOW","robots":{"index":"noindex","follow":"follow","max-snippet":"max-snippet:-1","max-image-preview":"max-image-preview:large","max-video-preview":"max-video-preview:-1"},"og_locale":"fr_FR","og_type":"article","og_title":"Snake Snow 894\/SNOW","og_description":"Matelas \u00e0 d\u00e9pression \u00e0 14 chambres ind\u00e9pendantes pour une immobilisation parfaite et rapide.Avec dispositif antid\u00e9rapant pour le sauvetage sur neige et glace. Une extr\u00eame l\u00e9g\u00e8ret\u00e9 et robustesse, 8 poign\u00e9es ergonomiques, des ceintures de s\u00e9curit\u00e9 et un enroulement parfait du patient conf\u00e8rent au matelas\u201cSnake\u201d des caract\u00e9ristiques uniques. Utilisable de -30 \u00e0 +70 \u00b0C. La tenue de [&hellip;]","og_url":"https:\/\/meber2026.graphoservice.it\/fr\/product\/snake-snow-894-snow\/","og_site_name":"Me.Ber.","twitter_card":"summary_large_image","schema":{"@context":"https:\/\/schema.org","@graph":[{"@type":"WebPage","@id":"https:\/\/meber2026.graphoservice.it\/fr\/product\/snake-snow-894-snow\/","url":"https:\/\/meber2026.graphoservice.it\/fr\/product\/snake-snow-894-snow\/","name":"Snake Snow 894\/SNOW","isPartOf":{"@id":"https:\/\/meber2026.graphoservice.it\/fr\/#website"},"primaryImageOfPage":{"@id":"https:\/\/meber2026.graphoservice.it\/fr\/product\/snake-snow-894-snow\/#primaryimage"},"image":{"@id":"https:\/\/meber2026.graphoservice.it\/fr\/product\/snake-snow-894-snow\/#primaryimage"},"thumbnailUrl":"https:\/\/meber2026.graphoservice.it\/wp-content\/uploads\/2026\/02\/894SNOW_Fronte.jpg","datePublished":"2026-02-10T09:25:37+00:00","breadcrumb":{"@id":"https:\/\/meber2026.graphoservice.it\/fr\/product\/snake-snow-894-snow\/#breadcrumb"},"inLanguage":"fr-FR","potentialAction":[{"@type":"ReadAction","target":["https:\/\/meber2026.graphoservice.it\/fr\/product\/snake-snow-894-snow\/"]}]},{"@type":"ImageObject","inLanguage":"fr-FR","@id":"https:\/\/meber2026.graphoservice.it\/fr\/product\/snake-snow-894-snow\/#primaryimage","url":"https:\/\/meber2026.graphoservice.it\/wp-content\/uploads\/2026\/02\/894SNOW_Fronte.jpg","contentUrl":"https:\/\/meber2026.graphoservice.it\/wp-content\/uploads\/2026\/02\/894SNOW_Fronte.jpg","width":780,"height":243},{"@type":"BreadcrumbList","@id":"https:\/\/meber2026.graphoservice.it\/fr\/product\/snake-snow-894-snow\/#breadcrumb","itemListElement":[{"@type":"ListItem","position":1,"name":"Home","item":"https:\/\/meber2026.graphoservice.it\/fr\/"},{"@type":"ListItem","position":2,"name":"Snake Snow 894\/SNOW"}]},{"@type":"WebSite","@id":"https:\/\/meber2026.graphoservice.it\/fr\/#website","url":"https:\/\/meber2026.graphoservice.it\/fr\/","name":"Me.Ber.","description":"In Case of Emergerncy","potentialAction":[{"@type":"SearchAction","target":{"@type":"EntryPoint","urlTemplate":"https:\/\/meber2026.graphoservice.it\/fr\/?s={search_term_string}"},"query-input":{"@type":"PropertyValueSpecification","valueRequired":true,"valueName":"search_term_string"}}],"inLanguage":"fr-FR"}]}},"_links":{"self":[{"href":"https:\/\/meber2026.graphoservice.it\/fr\/wp-json\/wp\/v2\/product\/18203","targetHints":{"allow":["GET"]}}],"collection":[{"href":"https:\/\/meber2026.graphoservice.it\/fr\/wp-json\/wp\/v2\/product"}],"about":[{"href":"https:\/\/meber2026.graphoservice.it\/fr\/wp-json\/wp\/v2\/types\/product"}],"author":[{"embeddable":true,"href":"https:\/\/meber2026.graphoservice.it\/fr\/wp-json\/wp\/v2\/users\/1"}],"version-history":[{"count":0,"href":"https:\/\/meber2026.graphoservice.it\/fr\/wp-json\/wp\/v2\/product\/18203\/revisions"}],"wp:featuredmedia":[{"embeddable":true,"href":"https:\/\/meber2026.graphoservice.it\/fr\/wp-json\/wp\/v2\/media\/14374"}],"wp:attachment":[{"href":"https:\/\/meber2026.graphoservice.it\/fr\/wp-json\/wp\/v2\/media?parent=18203"}],"wp:term":[{"taxonomy":"application-tag","embeddable":true,"href":"https:\/\/meber2026.graphoservice.it\/fr\/wp-json\/wp\/v2\/application-tag?post=18203"}],"curies":[{"name":"wp","href":"https:\/\/api.w.org\/{rel}","templated":true}]}}