{"id":18078,"date":"2026-02-10T09:25:25","date_gmt":"2026-02-10T09:25:25","guid":{"rendered":"https:\/\/meber2026.graphoservice.it\/product\/winner-914-proof\/"},"modified":"2026-04-28T15:56:25","modified_gmt":"2026-04-28T15:56:25","slug":"winner-914-proof","status":"publish","type":"product","link":"https:\/\/meber2026.graphoservice.it\/fr\/product\/winner-914-proof\/","title":{"rendered":"Winner 914 PROOF"},"content":{"rendered":"<p class=\"MsoNormal\" style=\"margin: 0cm 0cm 0pt; \">L\u2019art. 914 PROOF est similaire au mod\u00e8le 914\u00a0; la diff\u00e9rence substantielle est d\u00e9termin\u00e9e par l\u2019application d\u2019une structure en acier rigide qui permet, en combinaison avec le syst\u00e8me de fixation appropri\u00e9, d\u2019absorber les contraintes d\u2019inertie caus\u00e9es par les acc\u00e9l\u00e9rations ou d\u00e9c\u00e9l\u00e9rations soudaines du v\u00e9hicule de secours.\u00a0<\/p>\n<p class=\"MsoNormal\" style=\"margin: 0cm 0cm 0pt; \">L&#8217;art. 914 PROOF a \u00e9t\u00e9 con\u00e7u pour offrir \u00e0 l\u2019op\u00e9rateur de sauvetage un outil pratique et fiable, en particulier en cas d\u2019urgence maximale. Le brancard, construit en aluminium anodis\u00e9, est robuste et facile \u00e0 manipuler gr\u00e2ce aux quatre roues de diam. 150\u00a0; deux fixes avec frein et deux pivotantes. Une caract\u00e9ristique importante de cet article est le syst\u00e8me de r\u00e9glage de la hauteur de chargement sur les diff\u00e9rents \u00e9tages de l\u2019ambulance.<br \/>\nLe brancard est en effet \u00e9quip\u00e9 de deux plaques perfor\u00e9es robustes qui permettent de faire varier la hauteur des roues de chargement avant, permettant ainsi de charger facilement le brancard sur des ambulances avec diff\u00e9rents am\u00e9nagements int\u00e9rieurs.<br \/>\nL&#8217;art. 914 PROOF a la possibilit\u00e9 d\u2019assumer les positions Trendelenburg et Fowler, offrant ainsi un soutien encore plus complet et fonctionnel pour toutes les situations d\u2019urgence. Plancher et dossier rigides en thermoplastique renforc\u00e9 pour permettre un massage cardiaque en cas d\u2019urgence\u00a0; faciles \u00e0 nettoyer et \u00e0 d\u00e9sinfecter. Dossier inclinable de 0 \u00e0 80\u00b0 actionn\u00e9 par un piston \u00e0 gaz, s\u00fbr et verrouillable dans n\u2019importe quelle position.<br \/>\nPositions Trendelenburg et Fowler actionn\u00e9es par un syst\u00e8me de piston \u00e0 gaz. Barri\u00e8res lat\u00e9rales enti\u00e8rement rabattables. Verrouillage des jambes en position repli\u00e9e avec un syst\u00e8me qui \u00e9vite l\u2019\u00e9crasement de la tige de verrouillage. Levier de s\u00e9curit\u00e9 qui agit sur les jambes, plac\u00e9 \u00e0 c\u00f4t\u00e9 de la poign\u00e9e de d\u00e9verrouillage, qui permet l\u2019op\u00e9ration de d\u00e9verrouillage de la charge tout en gardant les mains sur le brancard. Jambes verticales prot\u00e9g\u00e9es par des pare-chocs en nylon.<br \/>\nRoues pivotantes avec syst\u00e8me d\u2019auto-centrage pour permettre le positionnement du brancard dans l\u2019ambulance sans avoir \u00e0 tourner les roues manuellement.<\/p>\n<p class=\"MsoNormal\" style=\"margin: 0cm 0cm 0pt; \">Avec matelas et ceintures.<\/p>\n<div>\u00a0<\/div>\n<p class=\"MsoNormal\" style=\"margin: 0cm 0cm 0pt; \"><strong><img loading=\"lazy\" decoding=\"async\" alt=\"\" height=\"88\" src=\"http:\/\/www.meber.it\/adm\/Images\/contents\/10G Logo 2019_def.png\" width=\"80\" \/><br \/>\nAppareil certifi\u00e9 selon les normes europ\u00e9ennes harmonis\u00e9es UNI EN1865 \u2013 UNI EN1789.<\/strong><\/p>\n","protected":false},"excerpt":{"rendered":"<p>L\u2019art. 914 PROOF est similaire au mod\u00e8le 914\u00a0; la diff\u00e9rence substantielle est d\u00e9termin\u00e9e par l\u2019application d\u2019une structure en acier rigide qui permet, en combinaison avec le syst\u00e8me de fixation appropri\u00e9, d\u2019absorber les contraintes d\u2019inertie caus\u00e9es par les acc\u00e9l\u00e9rations ou d\u00e9c\u00e9l\u00e9rations soudaines du v\u00e9hicule de secours.\u00a0 L&#8217;art. 914 PROOF a \u00e9t\u00e9 con\u00e7u pour offrir \u00e0 l\u2019op\u00e9rateur [&hellip;]<\/p>\n","protected":false},"author":1,"featured_media":14157,"parent":0,"menu_order":20003400,"template":"","meta":{"_acf_changed":false,"footnotes":""},"application-tag":[74,65],"class_list":["post-18078","product","type-product","status-publish","has-post-thumbnail","hentry","application-tag-brancards-et-chariots-a-chargement-automatique","application-tag-certifie-10g"],"acf":[],"dsm_author":{"name":"admeb26","avatar_url":"https:\/\/meber2026.graphoservice.it\/wp-content\/plugins\/ultimate-member\/assets\/img\/default_avatar.jpg","archive_link":"https:\/\/meber2026.graphoservice.it\/fr\/author\/admeb26\/","biodata":""},"dsm_categories":[],"dsm_attachment_categories":[],"dsm_featured_image":{"thumbnail":"https:\/\/meber2026.graphoservice.it\/wp-content\/uploads\/2026\/02\/914_Proof_Winner-150x150.jpg","medium":"https:\/\/meber2026.graphoservice.it\/wp-content\/uploads\/2026\/02\/914_Proof_Winner-300x239.jpg","medium_large":"https:\/\/meber2026.graphoservice.it\/wp-content\/uploads\/2026\/02\/914_Proof_Winner-768x611.jpg","large":"https:\/\/meber2026.graphoservice.it\/wp-content\/uploads\/2026\/02\/914_Proof_Winner.jpg","1536x1536":"https:\/\/meber2026.graphoservice.it\/wp-content\/uploads\/2026\/02\/914_Proof_Winner.jpg","2048x2048":"https:\/\/meber2026.graphoservice.it\/wp-content\/uploads\/2026\/02\/914_Proof_Winner.jpg","et-pb-post-main-image":"https:\/\/meber2026.graphoservice.it\/wp-content\/uploads\/2026\/02\/914_Proof_Winner-400x250.jpg","et-pb-post-main-image-fullwidth":"https:\/\/meber2026.graphoservice.it\/wp-content\/uploads\/2026\/02\/914_Proof_Winner.jpg","et-pb-portfolio-image":"https:\/\/meber2026.graphoservice.it\/wp-content\/uploads\/2026\/02\/914_Proof_Winner-400x284.jpg","et-pb-portfolio-module-image":"https:\/\/meber2026.graphoservice.it\/wp-content\/uploads\/2026\/02\/914_Proof_Winner-510x382.jpg","et-pb-portfolio-image-single":"https:\/\/meber2026.graphoservice.it\/wp-content\/uploads\/2026\/02\/914_Proof_Winner.jpg","et-pb-gallery-module-image-portrait":"https:\/\/meber2026.graphoservice.it\/wp-content\/uploads\/2026\/02\/914_Proof_Winner-400x516.jpg","et-pb-post-main-image-fullwidth-large":"https:\/\/meber2026.graphoservice.it\/wp-content\/uploads\/2026\/02\/914_Proof_Winner.jpg","et-pb-image--responsive--desktop":"https:\/\/meber2026.graphoservice.it\/wp-content\/uploads\/2026\/02\/914_Proof_Winner.jpg","et-pb-image--responsive--tablet":"https:\/\/meber2026.graphoservice.it\/wp-content\/uploads\/2026\/02\/914_Proof_Winner.jpg","et-pb-image--responsive--phone":"https:\/\/meber2026.graphoservice.it\/wp-content\/uploads\/2026\/02\/914_Proof_Winner-480x382.jpg","full":"https:\/\/meber2026.graphoservice.it\/wp-content\/uploads\/2026\/02\/914_Proof_Winner.jpg"},"yoast_head":"<!-- This site is optimized with the Yoast SEO plugin v27.4 - https:\/\/yoast.com\/product\/yoast-seo-wordpress\/ -->\n<title>Brancard \u00e0 chargement automatique Winner 914 Proof<\/title>\n<meta name=\"description\" content=\"Similaire au mod\u00e8le 914 mais avec une structure en acier et la possibilit\u00e9 d\u2019assumer les positions Trendelenburg et Fowler.\" \/>\n<meta name=\"robots\" content=\"noindex, follow, max-snippet:-1, max-image-preview:large, max-video-preview:-1\" \/>\n<meta property=\"og:locale\" content=\"fr_FR\" \/>\n<meta property=\"og:type\" content=\"article\" \/>\n<meta property=\"og:title\" content=\"Brancard \u00e0 chargement automatique Winner 914 Proof\" \/>\n<meta property=\"og:description\" content=\"Similaire au mod\u00e8le 914 mais avec une structure en acier et la possibilit\u00e9 d\u2019assumer les positions Trendelenburg et Fowler.\" \/>\n<meta property=\"og:url\" content=\"https:\/\/meber2026.graphoservice.it\/fr\/product\/winner-914-proof\/\" \/>\n<meta property=\"og:site_name\" content=\"Me.Ber.\" \/>\n<meta property=\"article:modified_time\" content=\"2026-04-28T15:56:25+00:00\" \/>\n<meta property=\"og:image\" content=\"https:\/\/meber2026.graphoservice.it\/wp-content\/uploads\/2026\/02\/914_Proof_Winner.jpg\" \/>\n\t<meta property=\"og:image:width\" content=\"780\" \/>\n\t<meta property=\"og:image:height\" content=\"621\" \/>\n\t<meta property=\"og:image:type\" content=\"image\/jpeg\" \/>\n<meta name=\"twitter:card\" content=\"summary_large_image\" \/>\n<meta name=\"twitter:label1\" content=\"Dur\u00e9e de lecture estim\u00e9e\" \/>\n\t<meta name=\"twitter:data1\" content=\"2 minutes\" \/>\n<script type=\"application\/ld+json\" class=\"yoast-schema-graph\">{\"@context\":\"https:\\\/\\\/schema.org\",\"@graph\":[{\"@type\":\"WebPage\",\"@id\":\"https:\\\/\\\/meber2026.graphoservice.it\\\/fr\\\/product\\\/winner-914-proof\\\/\",\"url\":\"https:\\\/\\\/meber2026.graphoservice.it\\\/fr\\\/product\\\/winner-914-proof\\\/\",\"name\":\"Brancard \u00e0 chargement automatique Winner 914 Proof\",\"isPartOf\":{\"@id\":\"https:\\\/\\\/meber2026.graphoservice.it\\\/fr\\\/#website\"},\"primaryImageOfPage\":{\"@id\":\"https:\\\/\\\/meber2026.graphoservice.it\\\/fr\\\/product\\\/winner-914-proof\\\/#primaryimage\"},\"image\":{\"@id\":\"https:\\\/\\\/meber2026.graphoservice.it\\\/fr\\\/product\\\/winner-914-proof\\\/#primaryimage\"},\"thumbnailUrl\":\"https:\\\/\\\/meber2026.graphoservice.it\\\/wp-content\\\/uploads\\\/2026\\\/02\\\/914_Proof_Winner.jpg\",\"datePublished\":\"2026-02-10T09:25:25+00:00\",\"dateModified\":\"2026-04-28T15:56:25+00:00\",\"description\":\"Similaire au mod\u00e8le 914 mais avec une structure en acier et la possibilit\u00e9 d\u2019assumer les positions Trendelenburg et Fowler.\",\"breadcrumb\":{\"@id\":\"https:\\\/\\\/meber2026.graphoservice.it\\\/fr\\\/product\\\/winner-914-proof\\\/#breadcrumb\"},\"inLanguage\":\"fr-FR\",\"potentialAction\":[{\"@type\":\"ReadAction\",\"target\":[\"https:\\\/\\\/meber2026.graphoservice.it\\\/fr\\\/product\\\/winner-914-proof\\\/\"]}]},{\"@type\":\"ImageObject\",\"inLanguage\":\"fr-FR\",\"@id\":\"https:\\\/\\\/meber2026.graphoservice.it\\\/fr\\\/product\\\/winner-914-proof\\\/#primaryimage\",\"url\":\"https:\\\/\\\/meber2026.graphoservice.it\\\/wp-content\\\/uploads\\\/2026\\\/02\\\/914_Proof_Winner.jpg\",\"contentUrl\":\"https:\\\/\\\/meber2026.graphoservice.it\\\/wp-content\\\/uploads\\\/2026\\\/02\\\/914_Proof_Winner.jpg\",\"width\":780,\"height\":621},{\"@type\":\"BreadcrumbList\",\"@id\":\"https:\\\/\\\/meber2026.graphoservice.it\\\/fr\\\/product\\\/winner-914-proof\\\/#breadcrumb\",\"itemListElement\":[{\"@type\":\"ListItem\",\"position\":1,\"name\":\"Home\",\"item\":\"https:\\\/\\\/meber2026.graphoservice.it\\\/fr\\\/\"},{\"@type\":\"ListItem\",\"position\":2,\"name\":\"Winner 914 PROOF\"}]},{\"@type\":\"WebSite\",\"@id\":\"https:\\\/\\\/meber2026.graphoservice.it\\\/fr\\\/#website\",\"url\":\"https:\\\/\\\/meber2026.graphoservice.it\\\/fr\\\/\",\"name\":\"Me.Ber.\",\"description\":\"In Case of Emergerncy\",\"potentialAction\":[{\"@type\":\"SearchAction\",\"target\":{\"@type\":\"EntryPoint\",\"urlTemplate\":\"https:\\\/\\\/meber2026.graphoservice.it\\\/fr\\\/?s={search_term_string}\"},\"query-input\":{\"@type\":\"PropertyValueSpecification\",\"valueRequired\":true,\"valueName\":\"search_term_string\"}}],\"inLanguage\":\"fr-FR\"}]}<\/script>\n<!-- \/ Yoast SEO plugin. -->","yoast_head_json":{"title":"Brancard \u00e0 chargement automatique Winner 914 Proof","description":"Similaire au mod\u00e8le 914 mais avec une structure en acier et la possibilit\u00e9 d\u2019assumer les positions Trendelenburg et Fowler.","robots":{"index":"noindex","follow":"follow","max-snippet":"max-snippet:-1","max-image-preview":"max-image-preview:large","max-video-preview":"max-video-preview:-1"},"og_locale":"fr_FR","og_type":"article","og_title":"Brancard \u00e0 chargement automatique Winner 914 Proof","og_description":"Similaire au mod\u00e8le 914 mais avec une structure en acier et la possibilit\u00e9 d\u2019assumer les positions Trendelenburg et Fowler.","og_url":"https:\/\/meber2026.graphoservice.it\/fr\/product\/winner-914-proof\/","og_site_name":"Me.Ber.","article_modified_time":"2026-04-28T15:56:25+00:00","og_image":[{"width":780,"height":621,"url":"https:\/\/meber2026.graphoservice.it\/wp-content\/uploads\/2026\/02\/914_Proof_Winner.jpg","type":"image\/jpeg"}],"twitter_card":"summary_large_image","twitter_misc":{"Dur\u00e9e de lecture estim\u00e9e":"2 minutes"},"schema":{"@context":"https:\/\/schema.org","@graph":[{"@type":"WebPage","@id":"https:\/\/meber2026.graphoservice.it\/fr\/product\/winner-914-proof\/","url":"https:\/\/meber2026.graphoservice.it\/fr\/product\/winner-914-proof\/","name":"Brancard \u00e0 chargement automatique Winner 914 Proof","isPartOf":{"@id":"https:\/\/meber2026.graphoservice.it\/fr\/#website"},"primaryImageOfPage":{"@id":"https:\/\/meber2026.graphoservice.it\/fr\/product\/winner-914-proof\/#primaryimage"},"image":{"@id":"https:\/\/meber2026.graphoservice.it\/fr\/product\/winner-914-proof\/#primaryimage"},"thumbnailUrl":"https:\/\/meber2026.graphoservice.it\/wp-content\/uploads\/2026\/02\/914_Proof_Winner.jpg","datePublished":"2026-02-10T09:25:25+00:00","dateModified":"2026-04-28T15:56:25+00:00","description":"Similaire au mod\u00e8le 914 mais avec une structure en acier et la possibilit\u00e9 d\u2019assumer les positions Trendelenburg et Fowler.","breadcrumb":{"@id":"https:\/\/meber2026.graphoservice.it\/fr\/product\/winner-914-proof\/#breadcrumb"},"inLanguage":"fr-FR","potentialAction":[{"@type":"ReadAction","target":["https:\/\/meber2026.graphoservice.it\/fr\/product\/winner-914-proof\/"]}]},{"@type":"ImageObject","inLanguage":"fr-FR","@id":"https:\/\/meber2026.graphoservice.it\/fr\/product\/winner-914-proof\/#primaryimage","url":"https:\/\/meber2026.graphoservice.it\/wp-content\/uploads\/2026\/02\/914_Proof_Winner.jpg","contentUrl":"https:\/\/meber2026.graphoservice.it\/wp-content\/uploads\/2026\/02\/914_Proof_Winner.jpg","width":780,"height":621},{"@type":"BreadcrumbList","@id":"https:\/\/meber2026.graphoservice.it\/fr\/product\/winner-914-proof\/#breadcrumb","itemListElement":[{"@type":"ListItem","position":1,"name":"Home","item":"https:\/\/meber2026.graphoservice.it\/fr\/"},{"@type":"ListItem","position":2,"name":"Winner 914 PROOF"}]},{"@type":"WebSite","@id":"https:\/\/meber2026.graphoservice.it\/fr\/#website","url":"https:\/\/meber2026.graphoservice.it\/fr\/","name":"Me.Ber.","description":"In Case of Emergerncy","potentialAction":[{"@type":"SearchAction","target":{"@type":"EntryPoint","urlTemplate":"https:\/\/meber2026.graphoservice.it\/fr\/?s={search_term_string}"},"query-input":{"@type":"PropertyValueSpecification","valueRequired":true,"valueName":"search_term_string"}}],"inLanguage":"fr-FR"}]}},"_links":{"self":[{"href":"https:\/\/meber2026.graphoservice.it\/fr\/wp-json\/wp\/v2\/product\/18078","targetHints":{"allow":["GET"]}}],"collection":[{"href":"https:\/\/meber2026.graphoservice.it\/fr\/wp-json\/wp\/v2\/product"}],"about":[{"href":"https:\/\/meber2026.graphoservice.it\/fr\/wp-json\/wp\/v2\/types\/product"}],"author":[{"embeddable":true,"href":"https:\/\/meber2026.graphoservice.it\/fr\/wp-json\/wp\/v2\/users\/1"}],"version-history":[{"count":1,"href":"https:\/\/meber2026.graphoservice.it\/fr\/wp-json\/wp\/v2\/product\/18078\/revisions"}],"predecessor-version":[{"id":30259,"href":"https:\/\/meber2026.graphoservice.it\/fr\/wp-json\/wp\/v2\/product\/18078\/revisions\/30259"}],"wp:featuredmedia":[{"embeddable":true,"href":"https:\/\/meber2026.graphoservice.it\/fr\/wp-json\/wp\/v2\/media\/14157"}],"wp:attachment":[{"href":"https:\/\/meber2026.graphoservice.it\/fr\/wp-json\/wp\/v2\/media?parent=18078"}],"wp:term":[{"taxonomy":"application-tag","embeddable":true,"href":"https:\/\/meber2026.graphoservice.it\/fr\/wp-json\/wp\/v2\/application-tag?post=18078"}],"curies":[{"name":"wp","href":"https:\/\/api.w.org\/{rel}","templated":true}]}}