{"id":18073,"date":"2026-02-10T09:25:24","date_gmt":"2026-02-10T09:25:24","guid":{"rendered":"https:\/\/meber2026.graphoservice.it\/product\/winner-914\/"},"modified":"2026-02-10T09:25:24","modified_gmt":"2026-02-10T09:25:24","slug":"winner-914","status":"publish","type":"product","link":"https:\/\/meber2026.graphoservice.it\/fr\/product\/winner-914\/","title":{"rendered":"Winner 914"},"content":{"rendered":"<p style=\"\">L&#8217;art. 914 a \u00e9t\u00e9 con\u00e7u pour offrir \u00e0 l\u2019op\u00e9rateur de sauvetage un outil pratique et fiable, en particulier en cas d\u2019urgence maximale. Le brancard, construit en aluminium anodis\u00e9, est robuste et facile \u00e0 manipuler gr\u00e2ce aux quatre roues de diam. 150\u00a0; deux fixes avec frein et deux pivotantes. Une caract\u00e9ristique importante de cet article est le syst\u00e8me de r\u00e9glage de la hauteur de chargement sur les diff\u00e9rents \u00e9tages de l\u2019ambulance.<br \/>\nLe brancard \u00e0 chargement automatique \u00ab\u00a0WINNER\u00a0\u00bb est en effet \u00e9quip\u00e9 de deux plaques perfor\u00e9es robustes qui permettent de faire varier la hauteur des roues de chargement avant, permettant ainsi de charger facilement le brancard sur des ambulances avec diff\u00e9rents am\u00e9nagements int\u00e9rieurs.<br \/>\nL&#8217;art. 914 a la possibilit\u00e9 d\u2019assumer les positions Trendelenburg et Fowler, offrant ainsi un soutien encore plus complet et fonctionnel pour toutes les situations d\u2019urgence. Plancher et dossier rigides en thermoplastique renforc\u00e9 pour permettre un massage cardiaque en cas d\u2019urgence\u00a0; faciles \u00e0 nettoyer et \u00e0 d\u00e9sinfecter. Dossier inclinable de 0 \u00e0 80\u00b0 actionn\u00e9 par un piston \u00e0 gaz, s\u00fbr et verrouillable dans n\u2019importe quelle position.<br \/>\nPositions Trendelenburg et Fowler actionn\u00e9es par un syst\u00e8me de piston \u00e0 gaz. Barri\u00e8res lat\u00e9rales enti\u00e8rement rabattables. Verrouillage des jambes en position repli\u00e9e avec un syst\u00e8me qui \u00e9vite l\u2019\u00e9crasement de la tige de verrouillage.\u00a0Levier de s\u00e9curit\u00e9 qui agit sur les jambes, plac\u00e9 \u00e0 c\u00f4t\u00e9 de la poign\u00e9e de d\u00e9verrouillage, qui permet l\u2019op\u00e9ration de d\u00e9verrouillage de la charge tout en gardant les mains sur le brancard. Jambes verticales prot\u00e9g\u00e9es par des pare-chocs en nylon.<br \/>\nRoues pivotantes avec syst\u00e8me d\u2019auto-centrage pour permettre le positionnement du brancard dans l\u2019ambulance sans avoir \u00e0 tourner les roues manuellement.<\/p>\n","protected":false},"excerpt":{"rendered":"<p>L&#8217;art. 914 a \u00e9t\u00e9 con\u00e7u pour offrir \u00e0 l\u2019op\u00e9rateur de sauvetage un outil pratique et fiable, en particulier en cas d\u2019urgence maximale. Le brancard, construit en aluminium anodis\u00e9, est robuste et facile \u00e0 manipuler gr\u00e2ce aux quatre roues de diam. 150\u00a0; deux fixes avec frein et deux pivotantes. Une caract\u00e9ristique importante de cet article est [&hellip;]<\/p>\n","protected":false},"author":1,"featured_media":14148,"parent":0,"menu_order":20003300,"template":"","meta":{"_acf_changed":false,"footnotes":""},"application-tag":[74],"class_list":["post-18073","product","type-product","status-publish","has-post-thumbnail","hentry","application-tag-brancards-et-chariots-a-chargement-automatique"],"acf":[],"dsm_author":{"name":"admeb26","avatar_url":"https:\/\/meber2026.graphoservice.it\/wp-content\/plugins\/ultimate-member\/assets\/img\/default_avatar.jpg","archive_link":"https:\/\/meber2026.graphoservice.it\/fr\/author\/admeb26\/","biodata":""},"dsm_categories":[],"dsm_attachment_categories":[],"dsm_featured_image":{"thumbnail":"https:\/\/meber2026.graphoservice.it\/wp-content\/uploads\/2026\/02\/914_Winner-150x150.jpg","medium":"https:\/\/meber2026.graphoservice.it\/wp-content\/uploads\/2026\/02\/914_Winner-300x278.jpg","medium_large":"https:\/\/meber2026.graphoservice.it\/wp-content\/uploads\/2026\/02\/914_Winner-768x711.jpg","large":"https:\/\/meber2026.graphoservice.it\/wp-content\/uploads\/2026\/02\/914_Winner.jpg","1536x1536":"https:\/\/meber2026.graphoservice.it\/wp-content\/uploads\/2026\/02\/914_Winner.jpg","2048x2048":"https:\/\/meber2026.graphoservice.it\/wp-content\/uploads\/2026\/02\/914_Winner.jpg","et-pb-post-main-image":"https:\/\/meber2026.graphoservice.it\/wp-content\/uploads\/2026\/02\/914_Winner-400x250.jpg","et-pb-post-main-image-fullwidth":"https:\/\/meber2026.graphoservice.it\/wp-content\/uploads\/2026\/02\/914_Winner-780x675.jpg","et-pb-portfolio-image":"https:\/\/meber2026.graphoservice.it\/wp-content\/uploads\/2026\/02\/914_Winner-400x284.jpg","et-pb-portfolio-module-image":"https:\/\/meber2026.graphoservice.it\/wp-content\/uploads\/2026\/02\/914_Winner-510x382.jpg","et-pb-portfolio-image-single":"https:\/\/meber2026.graphoservice.it\/wp-content\/uploads\/2026\/02\/914_Winner.jpg","et-pb-gallery-module-image-portrait":"https:\/\/meber2026.graphoservice.it\/wp-content\/uploads\/2026\/02\/914_Winner-400x516.jpg","et-pb-post-main-image-fullwidth-large":"https:\/\/meber2026.graphoservice.it\/wp-content\/uploads\/2026\/02\/914_Winner.jpg","et-pb-image--responsive--desktop":"https:\/\/meber2026.graphoservice.it\/wp-content\/uploads\/2026\/02\/914_Winner.jpg","et-pb-image--responsive--tablet":"https:\/\/meber2026.graphoservice.it\/wp-content\/uploads\/2026\/02\/914_Winner.jpg","et-pb-image--responsive--phone":"https:\/\/meber2026.graphoservice.it\/wp-content\/uploads\/2026\/02\/914_Winner-480x444.jpg","full":"https:\/\/meber2026.graphoservice.it\/wp-content\/uploads\/2026\/02\/914_Winner.jpg"},"yoast_head":"<!-- This site is optimized with the Yoast SEO plugin v27.4 - https:\/\/yoast.com\/product\/yoast-seo-wordpress\/ -->\n<title>Winner 914<\/title>\n<meta name=\"robots\" content=\"noindex, follow, max-snippet:-1, max-image-preview:large, max-video-preview:-1\" \/>\n<meta property=\"og:locale\" content=\"fr_FR\" \/>\n<meta property=\"og:type\" content=\"article\" \/>\n<meta property=\"og:title\" content=\"Winner 914\" \/>\n<meta property=\"og:description\" content=\"L&#8217;art. 914 a \u00e9t\u00e9 con\u00e7u pour offrir \u00e0 l\u2019op\u00e9rateur de sauvetage un outil pratique et fiable, en particulier en cas d\u2019urgence maximale. Le brancard, construit en aluminium anodis\u00e9, est robuste et facile \u00e0 manipuler gr\u00e2ce aux quatre roues de diam. 150\u00a0; deux fixes avec frein et deux pivotantes. Une caract\u00e9ristique importante de cet article est [&hellip;]\" \/>\n<meta property=\"og:url\" content=\"https:\/\/meber2026.graphoservice.it\/fr\/product\/winner-914\/\" \/>\n<meta property=\"og:site_name\" content=\"Me.Ber.\" \/>\n<meta name=\"twitter:card\" content=\"summary_large_image\" \/>\n<meta name=\"twitter:label1\" content=\"Dur\u00e9e de lecture estim\u00e9e\" \/>\n\t<meta name=\"twitter:data1\" content=\"1 minute\" \/>\n<script type=\"application\/ld+json\" class=\"yoast-schema-graph\">{\"@context\":\"https:\\\/\\\/schema.org\",\"@graph\":[{\"@type\":\"WebPage\",\"@id\":\"https:\\\/\\\/meber2026.graphoservice.it\\\/fr\\\/product\\\/winner-914\\\/\",\"url\":\"https:\\\/\\\/meber2026.graphoservice.it\\\/fr\\\/product\\\/winner-914\\\/\",\"name\":\"Winner 914\",\"isPartOf\":{\"@id\":\"https:\\\/\\\/meber2026.graphoservice.it\\\/fr\\\/#website\"},\"primaryImageOfPage\":{\"@id\":\"https:\\\/\\\/meber2026.graphoservice.it\\\/fr\\\/product\\\/winner-914\\\/#primaryimage\"},\"image\":{\"@id\":\"https:\\\/\\\/meber2026.graphoservice.it\\\/fr\\\/product\\\/winner-914\\\/#primaryimage\"},\"thumbnailUrl\":\"https:\\\/\\\/meber2026.graphoservice.it\\\/wp-content\\\/uploads\\\/2026\\\/02\\\/914_Winner.jpg\",\"datePublished\":\"2026-02-10T09:25:24+00:00\",\"breadcrumb\":{\"@id\":\"https:\\\/\\\/meber2026.graphoservice.it\\\/fr\\\/product\\\/winner-914\\\/#breadcrumb\"},\"inLanguage\":\"fr-FR\",\"potentialAction\":[{\"@type\":\"ReadAction\",\"target\":[\"https:\\\/\\\/meber2026.graphoservice.it\\\/fr\\\/product\\\/winner-914\\\/\"]}]},{\"@type\":\"ImageObject\",\"inLanguage\":\"fr-FR\",\"@id\":\"https:\\\/\\\/meber2026.graphoservice.it\\\/fr\\\/product\\\/winner-914\\\/#primaryimage\",\"url\":\"https:\\\/\\\/meber2026.graphoservice.it\\\/wp-content\\\/uploads\\\/2026\\\/02\\\/914_Winner.jpg\",\"contentUrl\":\"https:\\\/\\\/meber2026.graphoservice.it\\\/wp-content\\\/uploads\\\/2026\\\/02\\\/914_Winner.jpg\",\"width\":780,\"height\":722},{\"@type\":\"BreadcrumbList\",\"@id\":\"https:\\\/\\\/meber2026.graphoservice.it\\\/fr\\\/product\\\/winner-914\\\/#breadcrumb\",\"itemListElement\":[{\"@type\":\"ListItem\",\"position\":1,\"name\":\"Home\",\"item\":\"https:\\\/\\\/meber2026.graphoservice.it\\\/fr\\\/\"},{\"@type\":\"ListItem\",\"position\":2,\"name\":\"Winner 914\"}]},{\"@type\":\"WebSite\",\"@id\":\"https:\\\/\\\/meber2026.graphoservice.it\\\/fr\\\/#website\",\"url\":\"https:\\\/\\\/meber2026.graphoservice.it\\\/fr\\\/\",\"name\":\"Me.Ber.\",\"description\":\"In Case of Emergerncy\",\"potentialAction\":[{\"@type\":\"SearchAction\",\"target\":{\"@type\":\"EntryPoint\",\"urlTemplate\":\"https:\\\/\\\/meber2026.graphoservice.it\\\/fr\\\/?s={search_term_string}\"},\"query-input\":{\"@type\":\"PropertyValueSpecification\",\"valueRequired\":true,\"valueName\":\"search_term_string\"}}],\"inLanguage\":\"fr-FR\"}]}<\/script>\n<!-- \/ Yoast SEO plugin. -->","yoast_head_json":{"title":"Winner 914","robots":{"index":"noindex","follow":"follow","max-snippet":"max-snippet:-1","max-image-preview":"max-image-preview:large","max-video-preview":"max-video-preview:-1"},"og_locale":"fr_FR","og_type":"article","og_title":"Winner 914","og_description":"L&#8217;art. 914 a \u00e9t\u00e9 con\u00e7u pour offrir \u00e0 l\u2019op\u00e9rateur de sauvetage un outil pratique et fiable, en particulier en cas d\u2019urgence maximale. Le brancard, construit en aluminium anodis\u00e9, est robuste et facile \u00e0 manipuler gr\u00e2ce aux quatre roues de diam. 150\u00a0; deux fixes avec frein et deux pivotantes. Une caract\u00e9ristique importante de cet article est [&hellip;]","og_url":"https:\/\/meber2026.graphoservice.it\/fr\/product\/winner-914\/","og_site_name":"Me.Ber.","twitter_card":"summary_large_image","twitter_misc":{"Dur\u00e9e de lecture estim\u00e9e":"1 minute"},"schema":{"@context":"https:\/\/schema.org","@graph":[{"@type":"WebPage","@id":"https:\/\/meber2026.graphoservice.it\/fr\/product\/winner-914\/","url":"https:\/\/meber2026.graphoservice.it\/fr\/product\/winner-914\/","name":"Winner 914","isPartOf":{"@id":"https:\/\/meber2026.graphoservice.it\/fr\/#website"},"primaryImageOfPage":{"@id":"https:\/\/meber2026.graphoservice.it\/fr\/product\/winner-914\/#primaryimage"},"image":{"@id":"https:\/\/meber2026.graphoservice.it\/fr\/product\/winner-914\/#primaryimage"},"thumbnailUrl":"https:\/\/meber2026.graphoservice.it\/wp-content\/uploads\/2026\/02\/914_Winner.jpg","datePublished":"2026-02-10T09:25:24+00:00","breadcrumb":{"@id":"https:\/\/meber2026.graphoservice.it\/fr\/product\/winner-914\/#breadcrumb"},"inLanguage":"fr-FR","potentialAction":[{"@type":"ReadAction","target":["https:\/\/meber2026.graphoservice.it\/fr\/product\/winner-914\/"]}]},{"@type":"ImageObject","inLanguage":"fr-FR","@id":"https:\/\/meber2026.graphoservice.it\/fr\/product\/winner-914\/#primaryimage","url":"https:\/\/meber2026.graphoservice.it\/wp-content\/uploads\/2026\/02\/914_Winner.jpg","contentUrl":"https:\/\/meber2026.graphoservice.it\/wp-content\/uploads\/2026\/02\/914_Winner.jpg","width":780,"height":722},{"@type":"BreadcrumbList","@id":"https:\/\/meber2026.graphoservice.it\/fr\/product\/winner-914\/#breadcrumb","itemListElement":[{"@type":"ListItem","position":1,"name":"Home","item":"https:\/\/meber2026.graphoservice.it\/fr\/"},{"@type":"ListItem","position":2,"name":"Winner 914"}]},{"@type":"WebSite","@id":"https:\/\/meber2026.graphoservice.it\/fr\/#website","url":"https:\/\/meber2026.graphoservice.it\/fr\/","name":"Me.Ber.","description":"In Case of Emergerncy","potentialAction":[{"@type":"SearchAction","target":{"@type":"EntryPoint","urlTemplate":"https:\/\/meber2026.graphoservice.it\/fr\/?s={search_term_string}"},"query-input":{"@type":"PropertyValueSpecification","valueRequired":true,"valueName":"search_term_string"}}],"inLanguage":"fr-FR"}]}},"_links":{"self":[{"href":"https:\/\/meber2026.graphoservice.it\/fr\/wp-json\/wp\/v2\/product\/18073","targetHints":{"allow":["GET"]}}],"collection":[{"href":"https:\/\/meber2026.graphoservice.it\/fr\/wp-json\/wp\/v2\/product"}],"about":[{"href":"https:\/\/meber2026.graphoservice.it\/fr\/wp-json\/wp\/v2\/types\/product"}],"author":[{"embeddable":true,"href":"https:\/\/meber2026.graphoservice.it\/fr\/wp-json\/wp\/v2\/users\/1"}],"version-history":[{"count":0,"href":"https:\/\/meber2026.graphoservice.it\/fr\/wp-json\/wp\/v2\/product\/18073\/revisions"}],"wp:featuredmedia":[{"embeddable":true,"href":"https:\/\/meber2026.graphoservice.it\/fr\/wp-json\/wp\/v2\/media\/14148"}],"wp:attachment":[{"href":"https:\/\/meber2026.graphoservice.it\/fr\/wp-json\/wp\/v2\/media?parent=18073"}],"wp:term":[{"taxonomy":"application-tag","embeddable":true,"href":"https:\/\/meber2026.graphoservice.it\/fr\/wp-json\/wp\/v2\/application-tag?post=18073"}],"curies":[{"name":"wp","href":"https:\/\/api.w.org\/{rel}","templated":true}]}}