{"id":18063,"date":"2026-02-10T09:25:23","date_gmt":"2026-02-10T09:25:23","guid":{"rendered":"https:\/\/meber2026.graphoservice.it\/product\/bunny-plus-9102\/"},"modified":"2026-02-10T09:25:23","modified_gmt":"2026-02-10T09:25:23","slug":"bunny-plus-9102","status":"publish","type":"product","link":"https:\/\/meber2026.graphoservice.it\/fr\/product\/bunny-plus-9102\/","title":{"rendered":"Bunny Plus 9102"},"content":{"rendered":"<div style=\"\">Matelas avec immobilisateur de t\u00eate int\u00e9gr\u00e9 pour une immobilisation rapide de la t\u00eate, en polyur\u00e9thane avec traitement ignifuge, avec <strong>14 chambres ind\u00e9pendantes<strong> pour une immobilisation parfaite et s\u00fbre. Utilisable de -30 \u00e0 +70 \u00b0C. L\u2019extr\u00eame l\u00e9g\u00e8ret\u00e9 et robustesse, les 8 poign\u00e9es ergonomiques renforc\u00e9es et rembourr\u00e9es, les ceintures de s\u00e9curit\u00e9 et un enveloppement parfait pour le patient conf\u00e8rent au matelas \u00ab\u00a0Bunny Plus\u00a0\u00bb des performances uniques. Compatibilit\u00e9 pour les examens radiologiques, CT et IRM.<\/strong><\/strong><\/div>\n","protected":false},"excerpt":{"rendered":"<p>Matelas avec immobilisateur de t\u00eate int\u00e9gr\u00e9 pour une immobilisation rapide de la t\u00eate, en polyur\u00e9thane avec traitement ignifuge, avec 14 chambres ind\u00e9pendantes pour une immobilisation parfaite et s\u00fbre. Utilisable de -30 \u00e0 +70 \u00b0C. L\u2019extr\u00eame l\u00e9g\u00e8ret\u00e9 et robustesse, les 8 poign\u00e9es ergonomiques renforc\u00e9es et rembourr\u00e9es, les ceintures de s\u00e9curit\u00e9 et un enveloppement parfait pour le [&hellip;]<\/p>\n","protected":false},"author":1,"featured_media":14130,"parent":0,"menu_order":50002000,"template":"","meta":{"_acf_changed":false,"footnotes":""},"application-tag":[],"class_list":["post-18063","product","type-product","status-publish","has-post-thumbnail","hentry"],"acf":[],"dsm_author":{"name":"admeb26","avatar_url":"https:\/\/meber2026.graphoservice.it\/wp-content\/plugins\/ultimate-member\/assets\/img\/default_avatar.jpg","archive_link":"https:\/\/meber2026.graphoservice.it\/fr\/author\/admeb26\/","biodata":""},"dsm_categories":[],"dsm_attachment_categories":[],"dsm_featured_image":{"thumbnail":"https:\/\/meber2026.graphoservice.it\/wp-content\/uploads\/2026\/02\/9102_BunnyPlus-150x150.jpg","medium":"https:\/\/meber2026.graphoservice.it\/wp-content\/uploads\/2026\/02\/9102_BunnyPlus-300x280.jpg","medium_large":"https:\/\/meber2026.graphoservice.it\/wp-content\/uploads\/2026\/02\/9102_BunnyPlus-768x718.jpg","large":"https:\/\/meber2026.graphoservice.it\/wp-content\/uploads\/2026\/02\/9102_BunnyPlus.jpg","1536x1536":"https:\/\/meber2026.graphoservice.it\/wp-content\/uploads\/2026\/02\/9102_BunnyPlus.jpg","2048x2048":"https:\/\/meber2026.graphoservice.it\/wp-content\/uploads\/2026\/02\/9102_BunnyPlus.jpg","et-pb-post-main-image":"https:\/\/meber2026.graphoservice.it\/wp-content\/uploads\/2026\/02\/9102_BunnyPlus-400x250.jpg","et-pb-post-main-image-fullwidth":"https:\/\/meber2026.graphoservice.it\/wp-content\/uploads\/2026\/02\/9102_BunnyPlus-780x675.jpg","et-pb-portfolio-image":"https:\/\/meber2026.graphoservice.it\/wp-content\/uploads\/2026\/02\/9102_BunnyPlus-400x284.jpg","et-pb-portfolio-module-image":"https:\/\/meber2026.graphoservice.it\/wp-content\/uploads\/2026\/02\/9102_BunnyPlus-510x382.jpg","et-pb-portfolio-image-single":"https:\/\/meber2026.graphoservice.it\/wp-content\/uploads\/2026\/02\/9102_BunnyPlus.jpg","et-pb-gallery-module-image-portrait":"https:\/\/meber2026.graphoservice.it\/wp-content\/uploads\/2026\/02\/9102_BunnyPlus-400x516.jpg","et-pb-post-main-image-fullwidth-large":"https:\/\/meber2026.graphoservice.it\/wp-content\/uploads\/2026\/02\/9102_BunnyPlus.jpg","et-pb-image--responsive--desktop":"https:\/\/meber2026.graphoservice.it\/wp-content\/uploads\/2026\/02\/9102_BunnyPlus.jpg","et-pb-image--responsive--tablet":"https:\/\/meber2026.graphoservice.it\/wp-content\/uploads\/2026\/02\/9102_BunnyPlus.jpg","et-pb-image--responsive--phone":"https:\/\/meber2026.graphoservice.it\/wp-content\/uploads\/2026\/02\/9102_BunnyPlus-480x449.jpg","full":"https:\/\/meber2026.graphoservice.it\/wp-content\/uploads\/2026\/02\/9102_BunnyPlus.jpg"},"yoast_head":"<!-- This site is optimized with the Yoast SEO plugin v27.4 - https:\/\/yoast.com\/product\/yoast-seo-wordpress\/ -->\n<title>Bunny Plus 9102<\/title>\n<meta name=\"robots\" content=\"noindex, follow, max-snippet:-1, max-image-preview:large, max-video-preview:-1\" \/>\n<meta property=\"og:locale\" content=\"fr_FR\" \/>\n<meta property=\"og:type\" content=\"article\" \/>\n<meta property=\"og:title\" content=\"Bunny Plus 9102\" \/>\n<meta property=\"og:description\" content=\"Matelas avec immobilisateur de t\u00eate int\u00e9gr\u00e9 pour une immobilisation rapide de la t\u00eate, en polyur\u00e9thane avec traitement ignifuge, avec 14 chambres ind\u00e9pendantes pour une immobilisation parfaite et s\u00fbre. Utilisable de -30 \u00e0 +70 \u00b0C. L\u2019extr\u00eame l\u00e9g\u00e8ret\u00e9 et robustesse, les 8 poign\u00e9es ergonomiques renforc\u00e9es et rembourr\u00e9es, les ceintures de s\u00e9curit\u00e9 et un enveloppement parfait pour le [&hellip;]\" \/>\n<meta property=\"og:url\" content=\"https:\/\/meber2026.graphoservice.it\/fr\/product\/bunny-plus-9102\/\" \/>\n<meta property=\"og:site_name\" content=\"Me.Ber.\" \/>\n<meta name=\"twitter:card\" content=\"summary_large_image\" \/>\n<script type=\"application\/ld+json\" class=\"yoast-schema-graph\">{\"@context\":\"https:\\\/\\\/schema.org\",\"@graph\":[{\"@type\":\"WebPage\",\"@id\":\"https:\\\/\\\/meber2026.graphoservice.it\\\/fr\\\/product\\\/bunny-plus-9102\\\/\",\"url\":\"https:\\\/\\\/meber2026.graphoservice.it\\\/fr\\\/product\\\/bunny-plus-9102\\\/\",\"name\":\"Bunny Plus 9102\",\"isPartOf\":{\"@id\":\"https:\\\/\\\/meber2026.graphoservice.it\\\/fr\\\/#website\"},\"primaryImageOfPage\":{\"@id\":\"https:\\\/\\\/meber2026.graphoservice.it\\\/fr\\\/product\\\/bunny-plus-9102\\\/#primaryimage\"},\"image\":{\"@id\":\"https:\\\/\\\/meber2026.graphoservice.it\\\/fr\\\/product\\\/bunny-plus-9102\\\/#primaryimage\"},\"thumbnailUrl\":\"https:\\\/\\\/meber2026.graphoservice.it\\\/wp-content\\\/uploads\\\/2026\\\/02\\\/9102_BunnyPlus.jpg\",\"datePublished\":\"2026-02-10T09:25:23+00:00\",\"breadcrumb\":{\"@id\":\"https:\\\/\\\/meber2026.graphoservice.it\\\/fr\\\/product\\\/bunny-plus-9102\\\/#breadcrumb\"},\"inLanguage\":\"fr-FR\",\"potentialAction\":[{\"@type\":\"ReadAction\",\"target\":[\"https:\\\/\\\/meber2026.graphoservice.it\\\/fr\\\/product\\\/bunny-plus-9102\\\/\"]}]},{\"@type\":\"ImageObject\",\"inLanguage\":\"fr-FR\",\"@id\":\"https:\\\/\\\/meber2026.graphoservice.it\\\/fr\\\/product\\\/bunny-plus-9102\\\/#primaryimage\",\"url\":\"https:\\\/\\\/meber2026.graphoservice.it\\\/wp-content\\\/uploads\\\/2026\\\/02\\\/9102_BunnyPlus.jpg\",\"contentUrl\":\"https:\\\/\\\/meber2026.graphoservice.it\\\/wp-content\\\/uploads\\\/2026\\\/02\\\/9102_BunnyPlus.jpg\",\"width\":780,\"height\":729},{\"@type\":\"BreadcrumbList\",\"@id\":\"https:\\\/\\\/meber2026.graphoservice.it\\\/fr\\\/product\\\/bunny-plus-9102\\\/#breadcrumb\",\"itemListElement\":[{\"@type\":\"ListItem\",\"position\":1,\"name\":\"Home\",\"item\":\"https:\\\/\\\/meber2026.graphoservice.it\\\/fr\\\/\"},{\"@type\":\"ListItem\",\"position\":2,\"name\":\"Bunny Plus 9102\"}]},{\"@type\":\"WebSite\",\"@id\":\"https:\\\/\\\/meber2026.graphoservice.it\\\/fr\\\/#website\",\"url\":\"https:\\\/\\\/meber2026.graphoservice.it\\\/fr\\\/\",\"name\":\"Me.Ber.\",\"description\":\"In Case of Emergerncy\",\"potentialAction\":[{\"@type\":\"SearchAction\",\"target\":{\"@type\":\"EntryPoint\",\"urlTemplate\":\"https:\\\/\\\/meber2026.graphoservice.it\\\/fr\\\/?s={search_term_string}\"},\"query-input\":{\"@type\":\"PropertyValueSpecification\",\"valueRequired\":true,\"valueName\":\"search_term_string\"}}],\"inLanguage\":\"fr-FR\"}]}<\/script>\n<!-- \/ Yoast SEO plugin. -->","yoast_head_json":{"title":"Bunny Plus 9102","robots":{"index":"noindex","follow":"follow","max-snippet":"max-snippet:-1","max-image-preview":"max-image-preview:large","max-video-preview":"max-video-preview:-1"},"og_locale":"fr_FR","og_type":"article","og_title":"Bunny Plus 9102","og_description":"Matelas avec immobilisateur de t\u00eate int\u00e9gr\u00e9 pour une immobilisation rapide de la t\u00eate, en polyur\u00e9thane avec traitement ignifuge, avec 14 chambres ind\u00e9pendantes pour une immobilisation parfaite et s\u00fbre. Utilisable de -30 \u00e0 +70 \u00b0C. L\u2019extr\u00eame l\u00e9g\u00e8ret\u00e9 et robustesse, les 8 poign\u00e9es ergonomiques renforc\u00e9es et rembourr\u00e9es, les ceintures de s\u00e9curit\u00e9 et un enveloppement parfait pour le [&hellip;]","og_url":"https:\/\/meber2026.graphoservice.it\/fr\/product\/bunny-plus-9102\/","og_site_name":"Me.Ber.","twitter_card":"summary_large_image","schema":{"@context":"https:\/\/schema.org","@graph":[{"@type":"WebPage","@id":"https:\/\/meber2026.graphoservice.it\/fr\/product\/bunny-plus-9102\/","url":"https:\/\/meber2026.graphoservice.it\/fr\/product\/bunny-plus-9102\/","name":"Bunny Plus 9102","isPartOf":{"@id":"https:\/\/meber2026.graphoservice.it\/fr\/#website"},"primaryImageOfPage":{"@id":"https:\/\/meber2026.graphoservice.it\/fr\/product\/bunny-plus-9102\/#primaryimage"},"image":{"@id":"https:\/\/meber2026.graphoservice.it\/fr\/product\/bunny-plus-9102\/#primaryimage"},"thumbnailUrl":"https:\/\/meber2026.graphoservice.it\/wp-content\/uploads\/2026\/02\/9102_BunnyPlus.jpg","datePublished":"2026-02-10T09:25:23+00:00","breadcrumb":{"@id":"https:\/\/meber2026.graphoservice.it\/fr\/product\/bunny-plus-9102\/#breadcrumb"},"inLanguage":"fr-FR","potentialAction":[{"@type":"ReadAction","target":["https:\/\/meber2026.graphoservice.it\/fr\/product\/bunny-plus-9102\/"]}]},{"@type":"ImageObject","inLanguage":"fr-FR","@id":"https:\/\/meber2026.graphoservice.it\/fr\/product\/bunny-plus-9102\/#primaryimage","url":"https:\/\/meber2026.graphoservice.it\/wp-content\/uploads\/2026\/02\/9102_BunnyPlus.jpg","contentUrl":"https:\/\/meber2026.graphoservice.it\/wp-content\/uploads\/2026\/02\/9102_BunnyPlus.jpg","width":780,"height":729},{"@type":"BreadcrumbList","@id":"https:\/\/meber2026.graphoservice.it\/fr\/product\/bunny-plus-9102\/#breadcrumb","itemListElement":[{"@type":"ListItem","position":1,"name":"Home","item":"https:\/\/meber2026.graphoservice.it\/fr\/"},{"@type":"ListItem","position":2,"name":"Bunny Plus 9102"}]},{"@type":"WebSite","@id":"https:\/\/meber2026.graphoservice.it\/fr\/#website","url":"https:\/\/meber2026.graphoservice.it\/fr\/","name":"Me.Ber.","description":"In Case of Emergerncy","potentialAction":[{"@type":"SearchAction","target":{"@type":"EntryPoint","urlTemplate":"https:\/\/meber2026.graphoservice.it\/fr\/?s={search_term_string}"},"query-input":{"@type":"PropertyValueSpecification","valueRequired":true,"valueName":"search_term_string"}}],"inLanguage":"fr-FR"}]}},"_links":{"self":[{"href":"https:\/\/meber2026.graphoservice.it\/fr\/wp-json\/wp\/v2\/product\/18063","targetHints":{"allow":["GET"]}}],"collection":[{"href":"https:\/\/meber2026.graphoservice.it\/fr\/wp-json\/wp\/v2\/product"}],"about":[{"href":"https:\/\/meber2026.graphoservice.it\/fr\/wp-json\/wp\/v2\/types\/product"}],"author":[{"embeddable":true,"href":"https:\/\/meber2026.graphoservice.it\/fr\/wp-json\/wp\/v2\/users\/1"}],"version-history":[{"count":0,"href":"https:\/\/meber2026.graphoservice.it\/fr\/wp-json\/wp\/v2\/product\/18063\/revisions"}],"wp:featuredmedia":[{"embeddable":true,"href":"https:\/\/meber2026.graphoservice.it\/fr\/wp-json\/wp\/v2\/media\/14130"}],"wp:attachment":[{"href":"https:\/\/meber2026.graphoservice.it\/fr\/wp-json\/wp\/v2\/media?parent=18063"}],"wp:term":[{"taxonomy":"application-tag","embeddable":true,"href":"https:\/\/meber2026.graphoservice.it\/fr\/wp-json\/wp\/v2\/application-tag?post=18063"}],"curies":[{"name":"wp","href":"https:\/\/api.w.org\/{rel}","templated":true}]}}