{"id":18053,"date":"2026-02-10T09:25:22","date_gmt":"2026-02-10T09:25:22","guid":{"rendered":"https:\/\/meber2026.graphoservice.it\/product\/winner-910-proof\/"},"modified":"2026-02-10T09:25:22","modified_gmt":"2026-02-10T09:25:22","slug":"winner-910-proof","status":"publish","type":"product","link":"https:\/\/meber2026.graphoservice.it\/fr\/product\/winner-910-proof\/","title":{"rendered":"Winner 910 PROOF"},"content":{"rendered":"<p class=\"MsoNormal\" style=\"margin: 0cm 0cm 0pt; \">L\u2019art. 910 PROOF est similaire au mod\u00e8le 910 ; la diff\u00e9rence substantielle est d\u00e9termin\u00e9e par l\u2019application d\u2019une structure en acier rigide qui permet, en combinaison avec le syst\u00e8me de fixation appropri\u00e9, d\u2019absorber les contraintes d\u2019inertie caus\u00e9es par les acc\u00e9l\u00e9rations ou d\u00e9c\u00e9l\u00e9rations soudaines du v\u00e9hicule de secours.<\/p>\n<div style=\"\">Autres caract\u00e9ristiques principales :<\/div>\n<p style=\"\"><o:p><\/o:p><\/p>\n<ul>\n<li style=\"\">Plancher et dossier rigides en thermoplastique renforc\u00e9 pour permettre un massage cardiaque en cas d\u2019urgence ; faciles \u00e0 nettoyer et \u00e0 d\u00e9sinfecter.<\/li>\n<li style=\"\">Dossier inclinable de 0 \u00e0 80\u00b0 actionn\u00e9 par un piston \u00e0 gaz, s\u00fbr et verrouillable dans n\u2019importe quelle position.<\/li>\n<li style=\"\">Barri\u00e8res lat\u00e9rales enti\u00e8rement rabattables.<\/li>\n<li style=\"\">Blocage des jambes en position repli\u00e9e avec syst\u00e8me qui \u00e9vite l\u2019\u00e9crasement de la tige de verrouillage.<\/li>\n<li style=\"\">Levier de s\u00e9curit\u00e9 qui agit sur les pieds plac\u00e9s \u00e0 c\u00f4t\u00e9 de la poign\u00e9e de d\u00e9verrouillage qui permet l\u2019op\u00e9ration de d\u00e9verrouillage de la charge, tout en gardant les mains sur le brancard.<\/li>\n<li style=\"\">Pieds verticaux prot\u00e9g\u00e9s par des pare-chocs en nylon.<\/li>\n<li style=\"\">Roues pivotantes avec syst\u00e8me d\u2019auto-centrage pour permettre le positionnement du brancard dans l\u2019ambulance sans avoir \u00e0 tourner les roues manuellement.<\/li>\n<li style=\"\">4 roues de diam. 150 dont deux fixes avec frein et deux pivotantes<\/li>\n<li style=\"\">Avec matelas et ceintures.<\/li>\n<\/ul>\n<p> \u00a0 <\/p>\n<p style=\"\"><img loading=\"lazy\" decoding=\"async\" alt=\"\" height=\"88\" src=\"http:\/\/www.meber.it\/adm\/Images\/contents\/10G Logo 2019_def.png\" width=\"80\" \/><\/p>\n<p style=\"\"><strong>Appareil certifi\u00e9 selon les normes de s\u00e9curit\u00e9 europ\u00e9ennes harmonis\u00e9es UNI EN1865- UNI EN1789.<\/strong><\/p>\n","protected":false},"excerpt":{"rendered":"<p>L\u2019art. 910 PROOF est similaire au mod\u00e8le 910 ; la diff\u00e9rence substantielle est d\u00e9termin\u00e9e par l\u2019application d\u2019une structure en acier rigide qui permet, en combinaison avec le syst\u00e8me de fixation appropri\u00e9, d\u2019absorber les contraintes d\u2019inertie caus\u00e9es par les acc\u00e9l\u00e9rations ou d\u00e9c\u00e9l\u00e9rations soudaines du v\u00e9hicule de secours. Autres caract\u00e9ristiques principales : Plancher et dossier rigides en [&hellip;]<\/p>\n","protected":false},"author":1,"featured_media":14112,"parent":0,"menu_order":20003200,"template":"","meta":{"_acf_changed":false,"footnotes":""},"application-tag":[],"class_list":["post-18053","product","type-product","status-publish","has-post-thumbnail","hentry"],"acf":[],"dsm_author":{"name":"admeb26","avatar_url":"https:\/\/meber2026.graphoservice.it\/wp-content\/plugins\/ultimate-member\/assets\/img\/default_avatar.jpg","archive_link":"https:\/\/meber2026.graphoservice.it\/fr\/author\/admeb26\/","biodata":""},"dsm_categories":[],"dsm_attachment_categories":[],"dsm_featured_image":{"thumbnail":"https:\/\/meber2026.graphoservice.it\/wp-content\/uploads\/2026\/02\/910_Proof_Winner-150x150.jpg","medium":"https:\/\/meber2026.graphoservice.it\/wp-content\/uploads\/2026\/02\/910_Proof_Winner-300x250.jpg","medium_large":"https:\/\/meber2026.graphoservice.it\/wp-content\/uploads\/2026\/02\/910_Proof_Winner-768x639.jpg","large":"https:\/\/meber2026.graphoservice.it\/wp-content\/uploads\/2026\/02\/910_Proof_Winner.jpg","1536x1536":"https:\/\/meber2026.graphoservice.it\/wp-content\/uploads\/2026\/02\/910_Proof_Winner.jpg","2048x2048":"https:\/\/meber2026.graphoservice.it\/wp-content\/uploads\/2026\/02\/910_Proof_Winner.jpg","et-pb-post-main-image":"https:\/\/meber2026.graphoservice.it\/wp-content\/uploads\/2026\/02\/910_Proof_Winner-400x250.jpg","et-pb-post-main-image-fullwidth":"https:\/\/meber2026.graphoservice.it\/wp-content\/uploads\/2026\/02\/910_Proof_Winner.jpg","et-pb-portfolio-image":"https:\/\/meber2026.graphoservice.it\/wp-content\/uploads\/2026\/02\/910_Proof_Winner-400x284.jpg","et-pb-portfolio-module-image":"https:\/\/meber2026.graphoservice.it\/wp-content\/uploads\/2026\/02\/910_Proof_Winner-510x382.jpg","et-pb-portfolio-image-single":"https:\/\/meber2026.graphoservice.it\/wp-content\/uploads\/2026\/02\/910_Proof_Winner.jpg","et-pb-gallery-module-image-portrait":"https:\/\/meber2026.graphoservice.it\/wp-content\/uploads\/2026\/02\/910_Proof_Winner-400x516.jpg","et-pb-post-main-image-fullwidth-large":"https:\/\/meber2026.graphoservice.it\/wp-content\/uploads\/2026\/02\/910_Proof_Winner.jpg","et-pb-image--responsive--desktop":"https:\/\/meber2026.graphoservice.it\/wp-content\/uploads\/2026\/02\/910_Proof_Winner.jpg","et-pb-image--responsive--tablet":"https:\/\/meber2026.graphoservice.it\/wp-content\/uploads\/2026\/02\/910_Proof_Winner.jpg","et-pb-image--responsive--phone":"https:\/\/meber2026.graphoservice.it\/wp-content\/uploads\/2026\/02\/910_Proof_Winner-480x399.jpg","full":"https:\/\/meber2026.graphoservice.it\/wp-content\/uploads\/2026\/02\/910_Proof_Winner.jpg"},"yoast_head":"<!-- This site is optimized with the Yoast SEO plugin v27.4 - https:\/\/yoast.com\/product\/yoast-seo-wordpress\/ -->\n<title>Brancard \u00e0 chargement automatique Winner 910 Proof<\/title>\n<meta name=\"description\" content=\"Le brancard \u00e0 chargement automatique 910 Proof est similaire au mod\u00e8le 910 mais est certifi\u00e9 UNI EN 1865 \u2013 UNI EN 1789.\" \/>\n<meta name=\"robots\" content=\"noindex, follow, max-snippet:-1, max-image-preview:large, max-video-preview:-1\" \/>\n<meta property=\"og:locale\" content=\"fr_FR\" \/>\n<meta property=\"og:type\" content=\"article\" \/>\n<meta property=\"og:title\" content=\"Brancard \u00e0 chargement automatique Winner 910 Proof\" \/>\n<meta property=\"og:description\" content=\"Le brancard \u00e0 chargement automatique 910 Proof est similaire au mod\u00e8le 910 mais est certifi\u00e9 UNI EN 1865 \u2013 UNI EN 1789.\" \/>\n<meta property=\"og:url\" content=\"https:\/\/meber2026.graphoservice.it\/fr\/product\/winner-910-proof\/\" \/>\n<meta property=\"og:site_name\" content=\"Me.Ber.\" \/>\n<meta name=\"twitter:card\" content=\"summary_large_image\" \/>\n<meta name=\"twitter:label1\" content=\"Dur\u00e9e de lecture estim\u00e9e\" \/>\n\t<meta name=\"twitter:data1\" content=\"1 minute\" \/>\n<script type=\"application\/ld+json\" class=\"yoast-schema-graph\">{\"@context\":\"https:\\\/\\\/schema.org\",\"@graph\":[{\"@type\":\"WebPage\",\"@id\":\"https:\\\/\\\/meber2026.graphoservice.it\\\/fr\\\/product\\\/winner-910-proof\\\/\",\"url\":\"https:\\\/\\\/meber2026.graphoservice.it\\\/fr\\\/product\\\/winner-910-proof\\\/\",\"name\":\"Brancard \u00e0 chargement automatique Winner 910 Proof\",\"isPartOf\":{\"@id\":\"https:\\\/\\\/meber2026.graphoservice.it\\\/fr\\\/#website\"},\"primaryImageOfPage\":{\"@id\":\"https:\\\/\\\/meber2026.graphoservice.it\\\/fr\\\/product\\\/winner-910-proof\\\/#primaryimage\"},\"image\":{\"@id\":\"https:\\\/\\\/meber2026.graphoservice.it\\\/fr\\\/product\\\/winner-910-proof\\\/#primaryimage\"},\"thumbnailUrl\":\"https:\\\/\\\/meber2026.graphoservice.it\\\/wp-content\\\/uploads\\\/2026\\\/02\\\/910_Proof_Winner.jpg\",\"datePublished\":\"2026-02-10T09:25:22+00:00\",\"description\":\"Le brancard \u00e0 chargement automatique 910 Proof est similaire au mod\u00e8le 910 mais est certifi\u00e9 UNI EN 1865 \u2013 UNI EN 1789.\",\"breadcrumb\":{\"@id\":\"https:\\\/\\\/meber2026.graphoservice.it\\\/fr\\\/product\\\/winner-910-proof\\\/#breadcrumb\"},\"inLanguage\":\"fr-FR\",\"potentialAction\":[{\"@type\":\"ReadAction\",\"target\":[\"https:\\\/\\\/meber2026.graphoservice.it\\\/fr\\\/product\\\/winner-910-proof\\\/\"]}]},{\"@type\":\"ImageObject\",\"inLanguage\":\"fr-FR\",\"@id\":\"https:\\\/\\\/meber2026.graphoservice.it\\\/fr\\\/product\\\/winner-910-proof\\\/#primaryimage\",\"url\":\"https:\\\/\\\/meber2026.graphoservice.it\\\/wp-content\\\/uploads\\\/2026\\\/02\\\/910_Proof_Winner.jpg\",\"contentUrl\":\"https:\\\/\\\/meber2026.graphoservice.it\\\/wp-content\\\/uploads\\\/2026\\\/02\\\/910_Proof_Winner.jpg\",\"width\":780,\"height\":649},{\"@type\":\"BreadcrumbList\",\"@id\":\"https:\\\/\\\/meber2026.graphoservice.it\\\/fr\\\/product\\\/winner-910-proof\\\/#breadcrumb\",\"itemListElement\":[{\"@type\":\"ListItem\",\"position\":1,\"name\":\"Home\",\"item\":\"https:\\\/\\\/meber2026.graphoservice.it\\\/fr\\\/\"},{\"@type\":\"ListItem\",\"position\":2,\"name\":\"Winner 910 PROOF\"}]},{\"@type\":\"WebSite\",\"@id\":\"https:\\\/\\\/meber2026.graphoservice.it\\\/fr\\\/#website\",\"url\":\"https:\\\/\\\/meber2026.graphoservice.it\\\/fr\\\/\",\"name\":\"Me.Ber.\",\"description\":\"In Case of Emergerncy\",\"potentialAction\":[{\"@type\":\"SearchAction\",\"target\":{\"@type\":\"EntryPoint\",\"urlTemplate\":\"https:\\\/\\\/meber2026.graphoservice.it\\\/fr\\\/?s={search_term_string}\"},\"query-input\":{\"@type\":\"PropertyValueSpecification\",\"valueRequired\":true,\"valueName\":\"search_term_string\"}}],\"inLanguage\":\"fr-FR\"}]}<\/script>\n<!-- \/ Yoast SEO plugin. -->","yoast_head_json":{"title":"Brancard \u00e0 chargement automatique Winner 910 Proof","description":"Le brancard \u00e0 chargement automatique 910 Proof est similaire au mod\u00e8le 910 mais est certifi\u00e9 UNI EN 1865 \u2013 UNI EN 1789.","robots":{"index":"noindex","follow":"follow","max-snippet":"max-snippet:-1","max-image-preview":"max-image-preview:large","max-video-preview":"max-video-preview:-1"},"og_locale":"fr_FR","og_type":"article","og_title":"Brancard \u00e0 chargement automatique Winner 910 Proof","og_description":"Le brancard \u00e0 chargement automatique 910 Proof est similaire au mod\u00e8le 910 mais est certifi\u00e9 UNI EN 1865 \u2013 UNI EN 1789.","og_url":"https:\/\/meber2026.graphoservice.it\/fr\/product\/winner-910-proof\/","og_site_name":"Me.Ber.","twitter_card":"summary_large_image","twitter_misc":{"Dur\u00e9e de lecture estim\u00e9e":"1 minute"},"schema":{"@context":"https:\/\/schema.org","@graph":[{"@type":"WebPage","@id":"https:\/\/meber2026.graphoservice.it\/fr\/product\/winner-910-proof\/","url":"https:\/\/meber2026.graphoservice.it\/fr\/product\/winner-910-proof\/","name":"Brancard \u00e0 chargement automatique Winner 910 Proof","isPartOf":{"@id":"https:\/\/meber2026.graphoservice.it\/fr\/#website"},"primaryImageOfPage":{"@id":"https:\/\/meber2026.graphoservice.it\/fr\/product\/winner-910-proof\/#primaryimage"},"image":{"@id":"https:\/\/meber2026.graphoservice.it\/fr\/product\/winner-910-proof\/#primaryimage"},"thumbnailUrl":"https:\/\/meber2026.graphoservice.it\/wp-content\/uploads\/2026\/02\/910_Proof_Winner.jpg","datePublished":"2026-02-10T09:25:22+00:00","description":"Le brancard \u00e0 chargement automatique 910 Proof est similaire au mod\u00e8le 910 mais est certifi\u00e9 UNI EN 1865 \u2013 UNI EN 1789.","breadcrumb":{"@id":"https:\/\/meber2026.graphoservice.it\/fr\/product\/winner-910-proof\/#breadcrumb"},"inLanguage":"fr-FR","potentialAction":[{"@type":"ReadAction","target":["https:\/\/meber2026.graphoservice.it\/fr\/product\/winner-910-proof\/"]}]},{"@type":"ImageObject","inLanguage":"fr-FR","@id":"https:\/\/meber2026.graphoservice.it\/fr\/product\/winner-910-proof\/#primaryimage","url":"https:\/\/meber2026.graphoservice.it\/wp-content\/uploads\/2026\/02\/910_Proof_Winner.jpg","contentUrl":"https:\/\/meber2026.graphoservice.it\/wp-content\/uploads\/2026\/02\/910_Proof_Winner.jpg","width":780,"height":649},{"@type":"BreadcrumbList","@id":"https:\/\/meber2026.graphoservice.it\/fr\/product\/winner-910-proof\/#breadcrumb","itemListElement":[{"@type":"ListItem","position":1,"name":"Home","item":"https:\/\/meber2026.graphoservice.it\/fr\/"},{"@type":"ListItem","position":2,"name":"Winner 910 PROOF"}]},{"@type":"WebSite","@id":"https:\/\/meber2026.graphoservice.it\/fr\/#website","url":"https:\/\/meber2026.graphoservice.it\/fr\/","name":"Me.Ber.","description":"In Case of Emergerncy","potentialAction":[{"@type":"SearchAction","target":{"@type":"EntryPoint","urlTemplate":"https:\/\/meber2026.graphoservice.it\/fr\/?s={search_term_string}"},"query-input":{"@type":"PropertyValueSpecification","valueRequired":true,"valueName":"search_term_string"}}],"inLanguage":"fr-FR"}]}},"_links":{"self":[{"href":"https:\/\/meber2026.graphoservice.it\/fr\/wp-json\/wp\/v2\/product\/18053","targetHints":{"allow":["GET"]}}],"collection":[{"href":"https:\/\/meber2026.graphoservice.it\/fr\/wp-json\/wp\/v2\/product"}],"about":[{"href":"https:\/\/meber2026.graphoservice.it\/fr\/wp-json\/wp\/v2\/types\/product"}],"author":[{"embeddable":true,"href":"https:\/\/meber2026.graphoservice.it\/fr\/wp-json\/wp\/v2\/users\/1"}],"version-history":[{"count":0,"href":"https:\/\/meber2026.graphoservice.it\/fr\/wp-json\/wp\/v2\/product\/18053\/revisions"}],"wp:featuredmedia":[{"embeddable":true,"href":"https:\/\/meber2026.graphoservice.it\/fr\/wp-json\/wp\/v2\/media\/14112"}],"wp:attachment":[{"href":"https:\/\/meber2026.graphoservice.it\/fr\/wp-json\/wp\/v2\/media?parent=18053"}],"wp:term":[{"taxonomy":"application-tag","embeddable":true,"href":"https:\/\/meber2026.graphoservice.it\/fr\/wp-json\/wp\/v2\/application-tag?post=18053"}],"curies":[{"name":"wp","href":"https:\/\/api.w.org\/{rel}","templated":true}]}}