{"id":18048,"date":"2026-02-10T09:25:22","date_gmt":"2026-02-10T09:25:22","guid":{"rendered":"https:\/\/meber2026.graphoservice.it\/product\/winner-910\/"},"modified":"2026-04-28T15:55:52","modified_gmt":"2026-04-28T15:55:52","slug":"winner-910","status":"publish","type":"product","link":"https:\/\/meber2026.graphoservice.it\/fr\/product\/winner-910\/","title":{"rendered":"Winner 910"},"content":{"rendered":"<p style=\"\">L\u2019art. 910 a \u00e9t\u00e9 con\u00e7u pour offrir \u00e0 l\u2019op\u00e9rateur de sauvetage un outil pratique et fiable, en particulier en cas d\u2019urgence maximale. Le brancard, construit en aluminium anodis\u00e9, est robuste et facile \u00e0 manipuler gr\u00e2ce aux quatre roues de diam. 150\u00a0; deux fixes avec frein et deux pivotantes. Une caract\u00e9ristique importante de cet article est le syst\u00e8me de r\u00e9glage de la hauteur de chargement sur les diff\u00e9rents \u00e9tages de l\u2019ambulance. Le brancard \u00e0 chargement automatique \u00ab\u00a0WINNER\u00a0\u00bb est en effet \u00e9quip\u00e9 de deux plaques perfor\u00e9es robustes qui permettent de faire varier la hauteur des roues de chargement avant, permettant ainsi de charger facilement le brancard sur des ambulances avec diff\u00e9rents am\u00e9nagements int\u00e9rieurs.\u00a0<br \/>\n\u00a0<\/p>\n<ul>\n<li style=\"\">Plancher et dossier rigides en thermoplastique renforc\u00e9 pour permettre un massage cardiaque en cas d\u2019urgence\u00a0; faciles \u00e0 nettoyer et \u00e0 d\u00e9sinfecter<\/li>\n<li style=\"\">Dossier inclinable de 0 \u00e0 80\u00b0 actionn\u00e9 par un piston \u00e0 gaz, s\u00fbr et verrouillable dans n\u2019importe quelle position<\/li>\n<li style=\"\">Barri\u00e8res lat\u00e9rales enti\u00e8rement rabattables<\/li>\n<li style=\"\">Blocage des jambes en position repli\u00e9e avec syst\u00e8me qui \u00e9vite l\u2019\u00e9crasement de la tige de verrouillage<\/li>\n<li style=\"\">Levier de s\u00e9curit\u00e9 qui agit sur les pieds plac\u00e9s \u00e0 c\u00f4t\u00e9 de la poign\u00e9e de d\u00e9verrouillage qui permet l\u2019op\u00e9ration de d\u00e9verrouillage de la charge, tout en gardant les mains sur le brancard<\/li>\n<li style=\"\">Pieds verticaux prot\u00e9g\u00e9s par des pare-chocs en nylon<\/li>\n<li style=\"\">Roues pivotantes avec syst\u00e8me d\u2019auto-centrage pour permettre le positionnement du brancard dans l\u2019ambulance sans avoir \u00e0 tourner les roues manuellement.<\/li>\n<\/ul>\n","protected":false},"excerpt":{"rendered":"<p>L\u2019art. 910 a \u00e9t\u00e9 con\u00e7u pour offrir \u00e0 l\u2019op\u00e9rateur de sauvetage un outil pratique et fiable, en particulier en cas d\u2019urgence maximale. Le brancard, construit en aluminium anodis\u00e9, est robuste et facile \u00e0 manipuler gr\u00e2ce aux quatre roues de diam. 150\u00a0; deux fixes avec frein et deux pivotantes. Une caract\u00e9ristique importante de cet article est [&hellip;]<\/p>\n","protected":false},"author":1,"featured_media":14103,"parent":0,"menu_order":20003100,"template":"","meta":{"_acf_changed":false,"footnotes":""},"application-tag":[74],"class_list":["post-18048","product","type-product","status-publish","has-post-thumbnail","hentry","application-tag-brancards-et-chariots-a-chargement-automatique"],"acf":[],"dsm_author":{"name":"admeb26","avatar_url":"https:\/\/meber2026.graphoservice.it\/wp-content\/plugins\/ultimate-member\/assets\/img\/default_avatar.jpg","archive_link":"https:\/\/meber2026.graphoservice.it\/fr\/author\/admeb26\/","biodata":""},"dsm_categories":[],"dsm_attachment_categories":[],"dsm_featured_image":{"thumbnail":"https:\/\/meber2026.graphoservice.it\/wp-content\/uploads\/2026\/02\/910_barella_Winner-150x150.jpg","medium":"https:\/\/meber2026.graphoservice.it\/wp-content\/uploads\/2026\/02\/910_barella_Winner-300x241.jpg","medium_large":"https:\/\/meber2026.graphoservice.it\/wp-content\/uploads\/2026\/02\/910_barella_Winner-768x616.jpg","large":"https:\/\/meber2026.graphoservice.it\/wp-content\/uploads\/2026\/02\/910_barella_Winner.jpg","1536x1536":"https:\/\/meber2026.graphoservice.it\/wp-content\/uploads\/2026\/02\/910_barella_Winner.jpg","2048x2048":"https:\/\/meber2026.graphoservice.it\/wp-content\/uploads\/2026\/02\/910_barella_Winner.jpg","et-pb-post-main-image":"https:\/\/meber2026.graphoservice.it\/wp-content\/uploads\/2026\/02\/910_barella_Winner-400x250.jpg","et-pb-post-main-image-fullwidth":"https:\/\/meber2026.graphoservice.it\/wp-content\/uploads\/2026\/02\/910_barella_Winner.jpg","et-pb-portfolio-image":"https:\/\/meber2026.graphoservice.it\/wp-content\/uploads\/2026\/02\/910_barella_Winner-400x284.jpg","et-pb-portfolio-module-image":"https:\/\/meber2026.graphoservice.it\/wp-content\/uploads\/2026\/02\/910_barella_Winner-510x382.jpg","et-pb-portfolio-image-single":"https:\/\/meber2026.graphoservice.it\/wp-content\/uploads\/2026\/02\/910_barella_Winner.jpg","et-pb-gallery-module-image-portrait":"https:\/\/meber2026.graphoservice.it\/wp-content\/uploads\/2026\/02\/910_barella_Winner-400x516.jpg","et-pb-post-main-image-fullwidth-large":"https:\/\/meber2026.graphoservice.it\/wp-content\/uploads\/2026\/02\/910_barella_Winner.jpg","et-pb-image--responsive--desktop":"https:\/\/meber2026.graphoservice.it\/wp-content\/uploads\/2026\/02\/910_barella_Winner.jpg","et-pb-image--responsive--tablet":"https:\/\/meber2026.graphoservice.it\/wp-content\/uploads\/2026\/02\/910_barella_Winner.jpg","et-pb-image--responsive--phone":"https:\/\/meber2026.graphoservice.it\/wp-content\/uploads\/2026\/02\/910_barella_Winner-480x385.jpg","full":"https:\/\/meber2026.graphoservice.it\/wp-content\/uploads\/2026\/02\/910_barella_Winner.jpg"},"yoast_head":"<!-- This site is optimized with the Yoast SEO plugin v27.4 - https:\/\/yoast.com\/product\/yoast-seo-wordpress\/ -->\n<title>Brancard \u00e0 chargement automatique Winner 910<\/title>\n<meta name=\"description\" content=\"Brancard en aluminium \u00e0 chargement automatique avec syst\u00e8me de r\u00e9glage de la hauteur de chargement sur les diff\u00e9rentes plates-formes des ambulances.\" \/>\n<meta name=\"robots\" content=\"noindex, follow, max-snippet:-1, max-image-preview:large, max-video-preview:-1\" \/>\n<meta property=\"og:locale\" content=\"fr_FR\" \/>\n<meta property=\"og:type\" content=\"article\" \/>\n<meta property=\"og:title\" content=\"Brancard \u00e0 chargement automatique Winner 910\" \/>\n<meta property=\"og:description\" content=\"Brancard en aluminium \u00e0 chargement automatique avec syst\u00e8me de r\u00e9glage de la hauteur de chargement sur les diff\u00e9rentes plates-formes des ambulances.\" \/>\n<meta property=\"og:url\" content=\"https:\/\/meber2026.graphoservice.it\/fr\/product\/winner-910\/\" \/>\n<meta property=\"og:site_name\" content=\"Me.Ber.\" \/>\n<meta property=\"article:modified_time\" content=\"2026-04-28T15:55:52+00:00\" \/>\n<meta property=\"og:image\" content=\"https:\/\/meber2026.graphoservice.it\/wp-content\/uploads\/2026\/02\/910_barella_Winner.jpg\" \/>\n\t<meta property=\"og:image:width\" content=\"780\" \/>\n\t<meta property=\"og:image:height\" content=\"626\" \/>\n\t<meta property=\"og:image:type\" content=\"image\/jpeg\" \/>\n<meta name=\"twitter:card\" content=\"summary_large_image\" \/>\n<meta name=\"twitter:label1\" content=\"Dur\u00e9e de lecture estim\u00e9e\" \/>\n\t<meta name=\"twitter:data1\" content=\"1 minute\" \/>\n<script type=\"application\/ld+json\" class=\"yoast-schema-graph\">{\"@context\":\"https:\\\/\\\/schema.org\",\"@graph\":[{\"@type\":\"WebPage\",\"@id\":\"https:\\\/\\\/meber2026.graphoservice.it\\\/fr\\\/product\\\/winner-910\\\/\",\"url\":\"https:\\\/\\\/meber2026.graphoservice.it\\\/fr\\\/product\\\/winner-910\\\/\",\"name\":\"Brancard \u00e0 chargement automatique Winner 910\",\"isPartOf\":{\"@id\":\"https:\\\/\\\/meber2026.graphoservice.it\\\/fr\\\/#website\"},\"primaryImageOfPage\":{\"@id\":\"https:\\\/\\\/meber2026.graphoservice.it\\\/fr\\\/product\\\/winner-910\\\/#primaryimage\"},\"image\":{\"@id\":\"https:\\\/\\\/meber2026.graphoservice.it\\\/fr\\\/product\\\/winner-910\\\/#primaryimage\"},\"thumbnailUrl\":\"https:\\\/\\\/meber2026.graphoservice.it\\\/wp-content\\\/uploads\\\/2026\\\/02\\\/910_barella_Winner.jpg\",\"datePublished\":\"2026-02-10T09:25:22+00:00\",\"dateModified\":\"2026-04-28T15:55:52+00:00\",\"description\":\"Brancard en aluminium \u00e0 chargement automatique avec syst\u00e8me de r\u00e9glage de la hauteur de chargement sur les diff\u00e9rentes plates-formes des ambulances.\",\"breadcrumb\":{\"@id\":\"https:\\\/\\\/meber2026.graphoservice.it\\\/fr\\\/product\\\/winner-910\\\/#breadcrumb\"},\"inLanguage\":\"fr-FR\",\"potentialAction\":[{\"@type\":\"ReadAction\",\"target\":[\"https:\\\/\\\/meber2026.graphoservice.it\\\/fr\\\/product\\\/winner-910\\\/\"]}]},{\"@type\":\"ImageObject\",\"inLanguage\":\"fr-FR\",\"@id\":\"https:\\\/\\\/meber2026.graphoservice.it\\\/fr\\\/product\\\/winner-910\\\/#primaryimage\",\"url\":\"https:\\\/\\\/meber2026.graphoservice.it\\\/wp-content\\\/uploads\\\/2026\\\/02\\\/910_barella_Winner.jpg\",\"contentUrl\":\"https:\\\/\\\/meber2026.graphoservice.it\\\/wp-content\\\/uploads\\\/2026\\\/02\\\/910_barella_Winner.jpg\",\"width\":780,\"height\":626},{\"@type\":\"BreadcrumbList\",\"@id\":\"https:\\\/\\\/meber2026.graphoservice.it\\\/fr\\\/product\\\/winner-910\\\/#breadcrumb\",\"itemListElement\":[{\"@type\":\"ListItem\",\"position\":1,\"name\":\"Home\",\"item\":\"https:\\\/\\\/meber2026.graphoservice.it\\\/fr\\\/\"},{\"@type\":\"ListItem\",\"position\":2,\"name\":\"Winner 910\"}]},{\"@type\":\"WebSite\",\"@id\":\"https:\\\/\\\/meber2026.graphoservice.it\\\/fr\\\/#website\",\"url\":\"https:\\\/\\\/meber2026.graphoservice.it\\\/fr\\\/\",\"name\":\"Me.Ber.\",\"description\":\"In Case of Emergerncy\",\"potentialAction\":[{\"@type\":\"SearchAction\",\"target\":{\"@type\":\"EntryPoint\",\"urlTemplate\":\"https:\\\/\\\/meber2026.graphoservice.it\\\/fr\\\/?s={search_term_string}\"},\"query-input\":{\"@type\":\"PropertyValueSpecification\",\"valueRequired\":true,\"valueName\":\"search_term_string\"}}],\"inLanguage\":\"fr-FR\"}]}<\/script>\n<!-- \/ Yoast SEO plugin. -->","yoast_head_json":{"title":"Brancard \u00e0 chargement automatique Winner 910","description":"Brancard en aluminium \u00e0 chargement automatique avec syst\u00e8me de r\u00e9glage de la hauteur de chargement sur les diff\u00e9rentes plates-formes des ambulances.","robots":{"index":"noindex","follow":"follow","max-snippet":"max-snippet:-1","max-image-preview":"max-image-preview:large","max-video-preview":"max-video-preview:-1"},"og_locale":"fr_FR","og_type":"article","og_title":"Brancard \u00e0 chargement automatique Winner 910","og_description":"Brancard en aluminium \u00e0 chargement automatique avec syst\u00e8me de r\u00e9glage de la hauteur de chargement sur les diff\u00e9rentes plates-formes des ambulances.","og_url":"https:\/\/meber2026.graphoservice.it\/fr\/product\/winner-910\/","og_site_name":"Me.Ber.","article_modified_time":"2026-04-28T15:55:52+00:00","og_image":[{"width":780,"height":626,"url":"https:\/\/meber2026.graphoservice.it\/wp-content\/uploads\/2026\/02\/910_barella_Winner.jpg","type":"image\/jpeg"}],"twitter_card":"summary_large_image","twitter_misc":{"Dur\u00e9e de lecture estim\u00e9e":"1 minute"},"schema":{"@context":"https:\/\/schema.org","@graph":[{"@type":"WebPage","@id":"https:\/\/meber2026.graphoservice.it\/fr\/product\/winner-910\/","url":"https:\/\/meber2026.graphoservice.it\/fr\/product\/winner-910\/","name":"Brancard \u00e0 chargement automatique Winner 910","isPartOf":{"@id":"https:\/\/meber2026.graphoservice.it\/fr\/#website"},"primaryImageOfPage":{"@id":"https:\/\/meber2026.graphoservice.it\/fr\/product\/winner-910\/#primaryimage"},"image":{"@id":"https:\/\/meber2026.graphoservice.it\/fr\/product\/winner-910\/#primaryimage"},"thumbnailUrl":"https:\/\/meber2026.graphoservice.it\/wp-content\/uploads\/2026\/02\/910_barella_Winner.jpg","datePublished":"2026-02-10T09:25:22+00:00","dateModified":"2026-04-28T15:55:52+00:00","description":"Brancard en aluminium \u00e0 chargement automatique avec syst\u00e8me de r\u00e9glage de la hauteur de chargement sur les diff\u00e9rentes plates-formes des ambulances.","breadcrumb":{"@id":"https:\/\/meber2026.graphoservice.it\/fr\/product\/winner-910\/#breadcrumb"},"inLanguage":"fr-FR","potentialAction":[{"@type":"ReadAction","target":["https:\/\/meber2026.graphoservice.it\/fr\/product\/winner-910\/"]}]},{"@type":"ImageObject","inLanguage":"fr-FR","@id":"https:\/\/meber2026.graphoservice.it\/fr\/product\/winner-910\/#primaryimage","url":"https:\/\/meber2026.graphoservice.it\/wp-content\/uploads\/2026\/02\/910_barella_Winner.jpg","contentUrl":"https:\/\/meber2026.graphoservice.it\/wp-content\/uploads\/2026\/02\/910_barella_Winner.jpg","width":780,"height":626},{"@type":"BreadcrumbList","@id":"https:\/\/meber2026.graphoservice.it\/fr\/product\/winner-910\/#breadcrumb","itemListElement":[{"@type":"ListItem","position":1,"name":"Home","item":"https:\/\/meber2026.graphoservice.it\/fr\/"},{"@type":"ListItem","position":2,"name":"Winner 910"}]},{"@type":"WebSite","@id":"https:\/\/meber2026.graphoservice.it\/fr\/#website","url":"https:\/\/meber2026.graphoservice.it\/fr\/","name":"Me.Ber.","description":"In Case of Emergerncy","potentialAction":[{"@type":"SearchAction","target":{"@type":"EntryPoint","urlTemplate":"https:\/\/meber2026.graphoservice.it\/fr\/?s={search_term_string}"},"query-input":{"@type":"PropertyValueSpecification","valueRequired":true,"valueName":"search_term_string"}}],"inLanguage":"fr-FR"}]}},"_links":{"self":[{"href":"https:\/\/meber2026.graphoservice.it\/fr\/wp-json\/wp\/v2\/product\/18048","targetHints":{"allow":["GET"]}}],"collection":[{"href":"https:\/\/meber2026.graphoservice.it\/fr\/wp-json\/wp\/v2\/product"}],"about":[{"href":"https:\/\/meber2026.graphoservice.it\/fr\/wp-json\/wp\/v2\/types\/product"}],"author":[{"embeddable":true,"href":"https:\/\/meber2026.graphoservice.it\/fr\/wp-json\/wp\/v2\/users\/1"}],"version-history":[{"count":1,"href":"https:\/\/meber2026.graphoservice.it\/fr\/wp-json\/wp\/v2\/product\/18048\/revisions"}],"predecessor-version":[{"id":30233,"href":"https:\/\/meber2026.graphoservice.it\/fr\/wp-json\/wp\/v2\/product\/18048\/revisions\/30233"}],"wp:featuredmedia":[{"embeddable":true,"href":"https:\/\/meber2026.graphoservice.it\/fr\/wp-json\/wp\/v2\/media\/14103"}],"wp:attachment":[{"href":"https:\/\/meber2026.graphoservice.it\/fr\/wp-json\/wp\/v2\/media?parent=18048"}],"wp:term":[{"taxonomy":"application-tag","embeddable":true,"href":"https:\/\/meber2026.graphoservice.it\/fr\/wp-json\/wp\/v2\/application-tag?post=18048"}],"curies":[{"name":"wp","href":"https:\/\/api.w.org\/{rel}","templated":true}]}}