{"id":18043,"date":"2026-02-10T09:25:21","date_gmt":"2026-02-10T09:25:21","guid":{"rendered":"https:\/\/meber2026.graphoservice.it\/product\/duck-9024\/"},"modified":"2026-02-10T09:25:21","modified_gmt":"2026-02-10T09:25:21","slug":"duck-9024","status":"publish","type":"product","link":"https:\/\/meber2026.graphoservice.it\/fr\/product\/duck-9024\/","title":{"rendered":"Duck 9024"},"content":{"rendered":"<p>Con\u00e7ue pour l\u2019immobilisation et le transport d\u2019enfants jusqu\u2019\u00e0 120 cm de hauteur, elle a \u00e9t\u00e9 r\u00e9alis\u00e9e en mati\u00e8re plastique \u00e0 haute r\u00e9sistance et \u00e9tudi\u00e9e en pr\u00eatant attention aux probl\u00e8mes rencontr\u00e9s lors des interventions quotidiennes : en effet, 4 fentes ont \u00e9t\u00e9 cr\u00e9\u00e9es pour une fixation rapide et totale de l\u2019immobilisateur de t\u00eate et 2 \u00e9videments dans la partie support \u2013 pour ceux qui verrouillent la base de mani\u00e8re traditionnelle \u2013 qui permettent aux sangles d\u00e9tachables de ne pas se casser pendant l\u2019utilisation et le logement en ambulance.<br \/> Elle est \u00e9quip\u00e9e de 10 poign\u00e9es de transport.<br \/> Elle permet un diagnostic pr\u00e9liminaire par rayons X et peut \u00eatre fournie en 3 couleurs diff\u00e9rentes\u00a0: jaune, orange et bleu.<br \/> Elle n\u2019est pas livr\u00e9e en standard avec des ceintures.<\/p>\n","protected":false},"excerpt":{"rendered":"<p>Con\u00e7ue pour l\u2019immobilisation et le transport d\u2019enfants jusqu\u2019\u00e0 120 cm de hauteur, elle a \u00e9t\u00e9 r\u00e9alis\u00e9e en mati\u00e8re plastique \u00e0 haute r\u00e9sistance et \u00e9tudi\u00e9e en pr\u00eatant attention aux probl\u00e8mes rencontr\u00e9s lors des interventions quotidiennes : en effet, 4 fentes ont \u00e9t\u00e9 cr\u00e9\u00e9es pour une fixation rapide et totale de l\u2019immobilisateur de t\u00eate et 2 \u00e9videments [&hellip;]<\/p>\n","protected":false},"author":1,"featured_media":26681,"parent":0,"menu_order":50000500,"template":"","meta":{"_acf_changed":false,"footnotes":""},"application-tag":[],"class_list":["post-18043","product","type-product","status-publish","has-post-thumbnail","hentry"],"acf":[],"dsm_author":{"name":"admeb26","avatar_url":"https:\/\/meber2026.graphoservice.it\/wp-content\/plugins\/ultimate-member\/assets\/img\/default_avatar.jpg","archive_link":"https:\/\/meber2026.graphoservice.it\/fr\/author\/admeb26\/","biodata":""},"dsm_categories":[],"dsm_attachment_categories":[],"dsm_featured_image":{"thumbnail":"https:\/\/meber2026.graphoservice.it\/wp-content\/uploads\/2026\/02\/Duck-9024-tavola-spinale-pediatrica-arancio-45deg-150x150.webp","medium":"https:\/\/meber2026.graphoservice.it\/wp-content\/uploads\/2026\/02\/Duck-9024-tavola-spinale-pediatrica-arancio-45deg-300x300.webp","medium_large":"https:\/\/meber2026.graphoservice.it\/wp-content\/uploads\/2026\/02\/Duck-9024-tavola-spinale-pediatrica-arancio-45deg-768x768.webp","large":"https:\/\/meber2026.graphoservice.it\/wp-content\/uploads\/2026\/02\/Duck-9024-tavola-spinale-pediatrica-arancio-45deg-1024x1024.webp","1536x1536":"https:\/\/meber2026.graphoservice.it\/wp-content\/uploads\/2026\/02\/Duck-9024-tavola-spinale-pediatrica-arancio-45deg-1536x1536.webp","2048x2048":"https:\/\/meber2026.graphoservice.it\/wp-content\/uploads\/2026\/02\/Duck-9024-tavola-spinale-pediatrica-arancio-45deg.webp","et-pb-post-main-image":"https:\/\/meber2026.graphoservice.it\/wp-content\/uploads\/2026\/02\/Duck-9024-tavola-spinale-pediatrica-arancio-45deg-400x250.webp","et-pb-post-main-image-fullwidth":"https:\/\/meber2026.graphoservice.it\/wp-content\/uploads\/2026\/02\/Duck-9024-tavola-spinale-pediatrica-arancio-45deg-1080x675.webp","et-pb-portfolio-image":"https:\/\/meber2026.graphoservice.it\/wp-content\/uploads\/2026\/02\/Duck-9024-tavola-spinale-pediatrica-arancio-45deg-400x284.webp","et-pb-portfolio-module-image":"https:\/\/meber2026.graphoservice.it\/wp-content\/uploads\/2026\/02\/Duck-9024-tavola-spinale-pediatrica-arancio-45deg-510x382.webp","et-pb-portfolio-image-single":"https:\/\/meber2026.graphoservice.it\/wp-content\/uploads\/2026\/02\/Duck-9024-tavola-spinale-pediatrica-arancio-45deg-1080x1080.webp","et-pb-gallery-module-image-portrait":"https:\/\/meber2026.graphoservice.it\/wp-content\/uploads\/2026\/02\/Duck-9024-tavola-spinale-pediatrica-arancio-45deg-400x516.webp","et-pb-post-main-image-fullwidth-large":"https:\/\/meber2026.graphoservice.it\/wp-content\/uploads\/2026\/02\/Duck-9024-tavola-spinale-pediatrica-arancio-45deg-2000x1800.webp","et-pb-image--responsive--desktop":"https:\/\/meber2026.graphoservice.it\/wp-content\/uploads\/2026\/02\/Duck-9024-tavola-spinale-pediatrica-arancio-45deg-1280x1280.webp","et-pb-image--responsive--tablet":"https:\/\/meber2026.graphoservice.it\/wp-content\/uploads\/2026\/02\/Duck-9024-tavola-spinale-pediatrica-arancio-45deg-980x980.webp","et-pb-image--responsive--phone":"https:\/\/meber2026.graphoservice.it\/wp-content\/uploads\/2026\/02\/Duck-9024-tavola-spinale-pediatrica-arancio-45deg-480x480.webp","full":"https:\/\/meber2026.graphoservice.it\/wp-content\/uploads\/2026\/02\/Duck-9024-tavola-spinale-pediatrica-arancio-45deg.webp"},"yoast_head":"<!-- This site is optimized with the Yoast SEO plugin v27.4 - https:\/\/yoast.com\/product\/yoast-seo-wordpress\/ -->\n<title>Duck 9024<\/title>\n<meta name=\"robots\" content=\"noindex, follow, max-snippet:-1, max-image-preview:large, max-video-preview:-1\" \/>\n<meta property=\"og:locale\" content=\"fr_FR\" \/>\n<meta property=\"og:type\" content=\"article\" \/>\n<meta property=\"og:title\" content=\"Duck 9024\" \/>\n<meta property=\"og:description\" content=\"Con\u00e7ue pour l\u2019immobilisation et le transport d\u2019enfants jusqu\u2019\u00e0 120 cm de hauteur, elle a \u00e9t\u00e9 r\u00e9alis\u00e9e en mati\u00e8re plastique \u00e0 haute r\u00e9sistance et \u00e9tudi\u00e9e en pr\u00eatant attention aux probl\u00e8mes rencontr\u00e9s lors des interventions quotidiennes : en effet, 4 fentes ont \u00e9t\u00e9 cr\u00e9\u00e9es pour une fixation rapide et totale de l\u2019immobilisateur de t\u00eate et 2 \u00e9videments [&hellip;]\" \/>\n<meta property=\"og:url\" content=\"https:\/\/meber2026.graphoservice.it\/fr\/product\/duck-9024\/\" \/>\n<meta property=\"og:site_name\" content=\"Me.Ber.\" \/>\n<meta name=\"twitter:card\" content=\"summary_large_image\" \/>\n<meta name=\"twitter:label1\" content=\"Dur\u00e9e de lecture estim\u00e9e\" \/>\n\t<meta name=\"twitter:data1\" content=\"1 minute\" \/>\n<script type=\"application\/ld+json\" class=\"yoast-schema-graph\">{\"@context\":\"https:\\\/\\\/schema.org\",\"@graph\":[{\"@type\":\"WebPage\",\"@id\":\"https:\\\/\\\/meber2026.graphoservice.it\\\/fr\\\/product\\\/duck-9024\\\/\",\"url\":\"https:\\\/\\\/meber2026.graphoservice.it\\\/fr\\\/product\\\/duck-9024\\\/\",\"name\":\"Duck 9024\",\"isPartOf\":{\"@id\":\"https:\\\/\\\/meber2026.graphoservice.it\\\/fr\\\/#website\"},\"primaryImageOfPage\":{\"@id\":\"https:\\\/\\\/meber2026.graphoservice.it\\\/fr\\\/product\\\/duck-9024\\\/#primaryimage\"},\"image\":{\"@id\":\"https:\\\/\\\/meber2026.graphoservice.it\\\/fr\\\/product\\\/duck-9024\\\/#primaryimage\"},\"thumbnailUrl\":\"https:\\\/\\\/meber2026.graphoservice.it\\\/wp-content\\\/uploads\\\/2026\\\/02\\\/Duck-9024-tavola-spinale-pediatrica-arancio-45deg.webp\",\"datePublished\":\"2026-02-10T09:25:21+00:00\",\"breadcrumb\":{\"@id\":\"https:\\\/\\\/meber2026.graphoservice.it\\\/fr\\\/product\\\/duck-9024\\\/#breadcrumb\"},\"inLanguage\":\"fr-FR\",\"potentialAction\":[{\"@type\":\"ReadAction\",\"target\":[\"https:\\\/\\\/meber2026.graphoservice.it\\\/fr\\\/product\\\/duck-9024\\\/\"]}]},{\"@type\":\"ImageObject\",\"inLanguage\":\"fr-FR\",\"@id\":\"https:\\\/\\\/meber2026.graphoservice.it\\\/fr\\\/product\\\/duck-9024\\\/#primaryimage\",\"url\":\"https:\\\/\\\/meber2026.graphoservice.it\\\/wp-content\\\/uploads\\\/2026\\\/02\\\/Duck-9024-tavola-spinale-pediatrica-arancio-45deg.webp\",\"contentUrl\":\"https:\\\/\\\/meber2026.graphoservice.it\\\/wp-content\\\/uploads\\\/2026\\\/02\\\/Duck-9024-tavola-spinale-pediatrica-arancio-45deg.webp\",\"width\":2000,\"height\":2000},{\"@type\":\"BreadcrumbList\",\"@id\":\"https:\\\/\\\/meber2026.graphoservice.it\\\/fr\\\/product\\\/duck-9024\\\/#breadcrumb\",\"itemListElement\":[{\"@type\":\"ListItem\",\"position\":1,\"name\":\"Home\",\"item\":\"https:\\\/\\\/meber2026.graphoservice.it\\\/fr\\\/\"},{\"@type\":\"ListItem\",\"position\":2,\"name\":\"Duck 9024\"}]},{\"@type\":\"WebSite\",\"@id\":\"https:\\\/\\\/meber2026.graphoservice.it\\\/fr\\\/#website\",\"url\":\"https:\\\/\\\/meber2026.graphoservice.it\\\/fr\\\/\",\"name\":\"Me.Ber.\",\"description\":\"In Case of Emergerncy\",\"potentialAction\":[{\"@type\":\"SearchAction\",\"target\":{\"@type\":\"EntryPoint\",\"urlTemplate\":\"https:\\\/\\\/meber2026.graphoservice.it\\\/fr\\\/?s={search_term_string}\"},\"query-input\":{\"@type\":\"PropertyValueSpecification\",\"valueRequired\":true,\"valueName\":\"search_term_string\"}}],\"inLanguage\":\"fr-FR\"}]}<\/script>\n<!-- \/ Yoast SEO plugin. -->","yoast_head_json":{"title":"Duck 9024","robots":{"index":"noindex","follow":"follow","max-snippet":"max-snippet:-1","max-image-preview":"max-image-preview:large","max-video-preview":"max-video-preview:-1"},"og_locale":"fr_FR","og_type":"article","og_title":"Duck 9024","og_description":"Con\u00e7ue pour l\u2019immobilisation et le transport d\u2019enfants jusqu\u2019\u00e0 120 cm de hauteur, elle a \u00e9t\u00e9 r\u00e9alis\u00e9e en mati\u00e8re plastique \u00e0 haute r\u00e9sistance et \u00e9tudi\u00e9e en pr\u00eatant attention aux probl\u00e8mes rencontr\u00e9s lors des interventions quotidiennes : en effet, 4 fentes ont \u00e9t\u00e9 cr\u00e9\u00e9es pour une fixation rapide et totale de l\u2019immobilisateur de t\u00eate et 2 \u00e9videments [&hellip;]","og_url":"https:\/\/meber2026.graphoservice.it\/fr\/product\/duck-9024\/","og_site_name":"Me.Ber.","twitter_card":"summary_large_image","twitter_misc":{"Dur\u00e9e de lecture estim\u00e9e":"1 minute"},"schema":{"@context":"https:\/\/schema.org","@graph":[{"@type":"WebPage","@id":"https:\/\/meber2026.graphoservice.it\/fr\/product\/duck-9024\/","url":"https:\/\/meber2026.graphoservice.it\/fr\/product\/duck-9024\/","name":"Duck 9024","isPartOf":{"@id":"https:\/\/meber2026.graphoservice.it\/fr\/#website"},"primaryImageOfPage":{"@id":"https:\/\/meber2026.graphoservice.it\/fr\/product\/duck-9024\/#primaryimage"},"image":{"@id":"https:\/\/meber2026.graphoservice.it\/fr\/product\/duck-9024\/#primaryimage"},"thumbnailUrl":"https:\/\/meber2026.graphoservice.it\/wp-content\/uploads\/2026\/02\/Duck-9024-tavola-spinale-pediatrica-arancio-45deg.webp","datePublished":"2026-02-10T09:25:21+00:00","breadcrumb":{"@id":"https:\/\/meber2026.graphoservice.it\/fr\/product\/duck-9024\/#breadcrumb"},"inLanguage":"fr-FR","potentialAction":[{"@type":"ReadAction","target":["https:\/\/meber2026.graphoservice.it\/fr\/product\/duck-9024\/"]}]},{"@type":"ImageObject","inLanguage":"fr-FR","@id":"https:\/\/meber2026.graphoservice.it\/fr\/product\/duck-9024\/#primaryimage","url":"https:\/\/meber2026.graphoservice.it\/wp-content\/uploads\/2026\/02\/Duck-9024-tavola-spinale-pediatrica-arancio-45deg.webp","contentUrl":"https:\/\/meber2026.graphoservice.it\/wp-content\/uploads\/2026\/02\/Duck-9024-tavola-spinale-pediatrica-arancio-45deg.webp","width":2000,"height":2000},{"@type":"BreadcrumbList","@id":"https:\/\/meber2026.graphoservice.it\/fr\/product\/duck-9024\/#breadcrumb","itemListElement":[{"@type":"ListItem","position":1,"name":"Home","item":"https:\/\/meber2026.graphoservice.it\/fr\/"},{"@type":"ListItem","position":2,"name":"Duck 9024"}]},{"@type":"WebSite","@id":"https:\/\/meber2026.graphoservice.it\/fr\/#website","url":"https:\/\/meber2026.graphoservice.it\/fr\/","name":"Me.Ber.","description":"In Case of Emergerncy","potentialAction":[{"@type":"SearchAction","target":{"@type":"EntryPoint","urlTemplate":"https:\/\/meber2026.graphoservice.it\/fr\/?s={search_term_string}"},"query-input":{"@type":"PropertyValueSpecification","valueRequired":true,"valueName":"search_term_string"}}],"inLanguage":"fr-FR"}]}},"_links":{"self":[{"href":"https:\/\/meber2026.graphoservice.it\/fr\/wp-json\/wp\/v2\/product\/18043","targetHints":{"allow":["GET"]}}],"collection":[{"href":"https:\/\/meber2026.graphoservice.it\/fr\/wp-json\/wp\/v2\/product"}],"about":[{"href":"https:\/\/meber2026.graphoservice.it\/fr\/wp-json\/wp\/v2\/types\/product"}],"author":[{"embeddable":true,"href":"https:\/\/meber2026.graphoservice.it\/fr\/wp-json\/wp\/v2\/users\/1"}],"version-history":[{"count":0,"href":"https:\/\/meber2026.graphoservice.it\/fr\/wp-json\/wp\/v2\/product\/18043\/revisions"}],"wp:featuredmedia":[{"embeddable":true,"href":"https:\/\/meber2026.graphoservice.it\/fr\/wp-json\/wp\/v2\/media\/26681"}],"wp:attachment":[{"href":"https:\/\/meber2026.graphoservice.it\/fr\/wp-json\/wp\/v2\/media?parent=18043"}],"wp:term":[{"taxonomy":"application-tag","embeddable":true,"href":"https:\/\/meber2026.graphoservice.it\/fr\/wp-json\/wp\/v2\/application-tag?post=18043"}],"curies":[{"name":"wp","href":"https:\/\/api.w.org\/{rel}","templated":true}]}}