{"id":18033,"date":"2026-02-10T09:25:20","date_gmt":"2026-02-10T09:25:20","guid":{"rendered":"https:\/\/meber2026.graphoservice.it\/product\/snake-plus-895\/"},"modified":"2026-04-28T15:55:35","modified_gmt":"2026-04-28T15:55:35","slug":"snake-plus-895","status":"publish","type":"product","link":"https:\/\/meber2026.graphoservice.it\/fr\/product\/snake-plus-895\/","title":{"rendered":"Snake Plus 895"},"content":{"rendered":"<p style=\"\">Matelas avec immobilisateur de t\u00eate int\u00e9gr\u00e9 pour une immobilisation rapide de la t\u00eate, en polyur\u00e9thane avec traitement ignifuge, <strong>conforme \u00e0 la norme europ\u00e9enne UNI EN 1865<\/strong>, avec <strong>14 chambres ind\u00e9pendantes<\/strong> pour une immobilisation parfaite et s\u00fbre. Utilisable de -30 \u00e0 +70 \u00b0C. L\u2019extr\u00eame l\u00e9g\u00e8ret\u00e9 et robustesse, les 8 poign\u00e9es ergonomiques renforc\u00e9es et rembourr\u00e9es, les ceintures de s\u00e9curit\u00e9 et un enveloppement parfait pour le patient conf\u00e8rent au matelas des performances uniques. Compatibilit\u00e9 pour les examens radiologiques, CT et IRM.<\/p>\n<p> \u00a0<\/p>\n<p> <iframe referrerpolicy=\"strict-origin-when-cross-origin\" loading=\"lazy\" allow=\"autoplay; encrypted-media\" allowfullscreen=\"\" frameborder=\"0\" height=\"430\" scrolling=\"no\" src=\"https:\/\/www.youtube.com\/embed\/gVopXUSOVhY?origin=https%3A%2F%2Fmeber2026.graphoservice.it%2Ffr%2F\" width=\"700\"><\/iframe><\/p>\n","protected":false},"excerpt":{"rendered":"<p>Matelas avec immobilisateur de t\u00eate int\u00e9gr\u00e9 pour une immobilisation rapide de la t\u00eate, en polyur\u00e9thane avec traitement ignifuge, conforme \u00e0 la norme europ\u00e9enne UNI EN 1865, avec 14 chambres ind\u00e9pendantes pour une immobilisation parfaite et s\u00fbre. Utilisable de -30 \u00e0 +70 \u00b0C. L\u2019extr\u00eame l\u00e9g\u00e8ret\u00e9 et robustesse, les 8 poign\u00e9es ergonomiques renforc\u00e9es et rembourr\u00e9es, les ceintures [&hellip;]<\/p>\n","protected":false},"author":1,"featured_media":14076,"parent":0,"menu_order":50001800,"template":"","meta":{"_acf_changed":false,"footnotes":""},"application-tag":[83],"class_list":["post-18033","product","type-product","status-publish","has-post-thumbnail","hentry","application-tag-immobilisation"],"acf":[],"dsm_author":{"name":"admeb26","avatar_url":"https:\/\/meber2026.graphoservice.it\/wp-content\/plugins\/ultimate-member\/assets\/img\/default_avatar.jpg","archive_link":"https:\/\/meber2026.graphoservice.it\/fr\/author\/admeb26\/","biodata":""},"dsm_categories":[],"dsm_attachment_categories":[],"dsm_featured_image":{"thumbnail":"https:\/\/meber2026.graphoservice.it\/wp-content\/uploads\/2026\/02\/895_chiuso-150x150.jpg","medium":"https:\/\/meber2026.graphoservice.it\/wp-content\/uploads\/2026\/02\/895_chiuso-300x113.jpg","medium_large":"https:\/\/meber2026.graphoservice.it\/wp-content\/uploads\/2026\/02\/895_chiuso-768x288.jpg","large":"https:\/\/meber2026.graphoservice.it\/wp-content\/uploads\/2026\/02\/895_chiuso.jpg","1536x1536":"https:\/\/meber2026.graphoservice.it\/wp-content\/uploads\/2026\/02\/895_chiuso.jpg","2048x2048":"https:\/\/meber2026.graphoservice.it\/wp-content\/uploads\/2026\/02\/895_chiuso.jpg","et-pb-post-main-image":"https:\/\/meber2026.graphoservice.it\/wp-content\/uploads\/2026\/02\/895_chiuso-400x250.jpg","et-pb-post-main-image-fullwidth":"https:\/\/meber2026.graphoservice.it\/wp-content\/uploads\/2026\/02\/895_chiuso.jpg","et-pb-portfolio-image":"https:\/\/meber2026.graphoservice.it\/wp-content\/uploads\/2026\/02\/895_chiuso-400x284.jpg","et-pb-portfolio-module-image":"https:\/\/meber2026.graphoservice.it\/wp-content\/uploads\/2026\/02\/895_chiuso-510x293.jpg","et-pb-portfolio-image-single":"https:\/\/meber2026.graphoservice.it\/wp-content\/uploads\/2026\/02\/895_chiuso.jpg","et-pb-gallery-module-image-portrait":"https:\/\/meber2026.graphoservice.it\/wp-content\/uploads\/2026\/02\/895_chiuso-400x293.jpg","et-pb-post-main-image-fullwidth-large":"https:\/\/meber2026.graphoservice.it\/wp-content\/uploads\/2026\/02\/895_chiuso.jpg","et-pb-image--responsive--desktop":"https:\/\/meber2026.graphoservice.it\/wp-content\/uploads\/2026\/02\/895_chiuso.jpg","et-pb-image--responsive--tablet":"https:\/\/meber2026.graphoservice.it\/wp-content\/uploads\/2026\/02\/895_chiuso.jpg","et-pb-image--responsive--phone":"https:\/\/meber2026.graphoservice.it\/wp-content\/uploads\/2026\/02\/895_chiuso-480x180.jpg","full":"https:\/\/meber2026.graphoservice.it\/wp-content\/uploads\/2026\/02\/895_chiuso.jpg"},"yoast_head":"<!-- This site is optimized with the Yoast SEO plugin v27.4 - https:\/\/yoast.com\/product\/yoast-seo-wordpress\/ -->\n<title>Snake Plus 895<\/title>\n<meta name=\"robots\" content=\"noindex, follow, max-snippet:-1, max-image-preview:large, max-video-preview:-1\" \/>\n<meta property=\"og:locale\" content=\"fr_FR\" \/>\n<meta property=\"og:type\" content=\"article\" \/>\n<meta property=\"og:title\" content=\"Snake Plus 895\" \/>\n<meta property=\"og:description\" content=\"Matelas avec immobilisateur de t\u00eate int\u00e9gr\u00e9 pour une immobilisation rapide de la t\u00eate, en polyur\u00e9thane avec traitement ignifuge, conforme \u00e0 la norme europ\u00e9enne UNI EN 1865, avec 14 chambres ind\u00e9pendantes pour une immobilisation parfaite et s\u00fbre. Utilisable de -30 \u00e0 +70 \u00b0C. L\u2019extr\u00eame l\u00e9g\u00e8ret\u00e9 et robustesse, les 8 poign\u00e9es ergonomiques renforc\u00e9es et rembourr\u00e9es, les ceintures [&hellip;]\" \/>\n<meta property=\"og:url\" content=\"https:\/\/meber2026.graphoservice.it\/fr\/product\/snake-plus-895\/\" \/>\n<meta property=\"og:site_name\" content=\"Me.Ber.\" \/>\n<meta property=\"article:modified_time\" content=\"2026-04-28T15:55:35+00:00\" \/>\n<meta property=\"og:image\" content=\"https:\/\/meber2026.graphoservice.it\/wp-content\/uploads\/2026\/02\/895_chiuso.jpg\" \/>\n\t<meta property=\"og:image:width\" content=\"780\" \/>\n\t<meta property=\"og:image:height\" content=\"293\" \/>\n\t<meta property=\"og:image:type\" content=\"image\/jpeg\" \/>\n<meta name=\"twitter:card\" content=\"summary_large_image\" \/>\n<script type=\"application\/ld+json\" class=\"yoast-schema-graph\">{\"@context\":\"https:\\\/\\\/schema.org\",\"@graph\":[{\"@type\":\"WebPage\",\"@id\":\"https:\\\/\\\/meber2026.graphoservice.it\\\/fr\\\/product\\\/snake-plus-895\\\/\",\"url\":\"https:\\\/\\\/meber2026.graphoservice.it\\\/fr\\\/product\\\/snake-plus-895\\\/\",\"name\":\"Snake Plus 895\",\"isPartOf\":{\"@id\":\"https:\\\/\\\/meber2026.graphoservice.it\\\/fr\\\/#website\"},\"primaryImageOfPage\":{\"@id\":\"https:\\\/\\\/meber2026.graphoservice.it\\\/fr\\\/product\\\/snake-plus-895\\\/#primaryimage\"},\"image\":{\"@id\":\"https:\\\/\\\/meber2026.graphoservice.it\\\/fr\\\/product\\\/snake-plus-895\\\/#primaryimage\"},\"thumbnailUrl\":\"https:\\\/\\\/meber2026.graphoservice.it\\\/wp-content\\\/uploads\\\/2026\\\/02\\\/895_chiuso.jpg\",\"datePublished\":\"2026-02-10T09:25:20+00:00\",\"dateModified\":\"2026-04-28T15:55:35+00:00\",\"breadcrumb\":{\"@id\":\"https:\\\/\\\/meber2026.graphoservice.it\\\/fr\\\/product\\\/snake-plus-895\\\/#breadcrumb\"},\"inLanguage\":\"fr-FR\",\"potentialAction\":[{\"@type\":\"ReadAction\",\"target\":[\"https:\\\/\\\/meber2026.graphoservice.it\\\/fr\\\/product\\\/snake-plus-895\\\/\"]}]},{\"@type\":\"ImageObject\",\"inLanguage\":\"fr-FR\",\"@id\":\"https:\\\/\\\/meber2026.graphoservice.it\\\/fr\\\/product\\\/snake-plus-895\\\/#primaryimage\",\"url\":\"https:\\\/\\\/meber2026.graphoservice.it\\\/wp-content\\\/uploads\\\/2026\\\/02\\\/895_chiuso.jpg\",\"contentUrl\":\"https:\\\/\\\/meber2026.graphoservice.it\\\/wp-content\\\/uploads\\\/2026\\\/02\\\/895_chiuso.jpg\",\"width\":780,\"height\":293},{\"@type\":\"BreadcrumbList\",\"@id\":\"https:\\\/\\\/meber2026.graphoservice.it\\\/fr\\\/product\\\/snake-plus-895\\\/#breadcrumb\",\"itemListElement\":[{\"@type\":\"ListItem\",\"position\":1,\"name\":\"Home\",\"item\":\"https:\\\/\\\/meber2026.graphoservice.it\\\/fr\\\/\"},{\"@type\":\"ListItem\",\"position\":2,\"name\":\"Snake Plus 895\"}]},{\"@type\":\"WebSite\",\"@id\":\"https:\\\/\\\/meber2026.graphoservice.it\\\/fr\\\/#website\",\"url\":\"https:\\\/\\\/meber2026.graphoservice.it\\\/fr\\\/\",\"name\":\"Me.Ber.\",\"description\":\"In Case of Emergerncy\",\"potentialAction\":[{\"@type\":\"SearchAction\",\"target\":{\"@type\":\"EntryPoint\",\"urlTemplate\":\"https:\\\/\\\/meber2026.graphoservice.it\\\/fr\\\/?s={search_term_string}\"},\"query-input\":{\"@type\":\"PropertyValueSpecification\",\"valueRequired\":true,\"valueName\":\"search_term_string\"}}],\"inLanguage\":\"fr-FR\"}]}<\/script>\n<!-- \/ Yoast SEO plugin. -->","yoast_head_json":{"title":"Snake Plus 895","robots":{"index":"noindex","follow":"follow","max-snippet":"max-snippet:-1","max-image-preview":"max-image-preview:large","max-video-preview":"max-video-preview:-1"},"og_locale":"fr_FR","og_type":"article","og_title":"Snake Plus 895","og_description":"Matelas avec immobilisateur de t\u00eate int\u00e9gr\u00e9 pour une immobilisation rapide de la t\u00eate, en polyur\u00e9thane avec traitement ignifuge, conforme \u00e0 la norme europ\u00e9enne UNI EN 1865, avec 14 chambres ind\u00e9pendantes pour une immobilisation parfaite et s\u00fbre. Utilisable de -30 \u00e0 +70 \u00b0C. L\u2019extr\u00eame l\u00e9g\u00e8ret\u00e9 et robustesse, les 8 poign\u00e9es ergonomiques renforc\u00e9es et rembourr\u00e9es, les ceintures [&hellip;]","og_url":"https:\/\/meber2026.graphoservice.it\/fr\/product\/snake-plus-895\/","og_site_name":"Me.Ber.","article_modified_time":"2026-04-28T15:55:35+00:00","og_image":[{"width":780,"height":293,"url":"https:\/\/meber2026.graphoservice.it\/wp-content\/uploads\/2026\/02\/895_chiuso.jpg","type":"image\/jpeg"}],"twitter_card":"summary_large_image","schema":{"@context":"https:\/\/schema.org","@graph":[{"@type":"WebPage","@id":"https:\/\/meber2026.graphoservice.it\/fr\/product\/snake-plus-895\/","url":"https:\/\/meber2026.graphoservice.it\/fr\/product\/snake-plus-895\/","name":"Snake Plus 895","isPartOf":{"@id":"https:\/\/meber2026.graphoservice.it\/fr\/#website"},"primaryImageOfPage":{"@id":"https:\/\/meber2026.graphoservice.it\/fr\/product\/snake-plus-895\/#primaryimage"},"image":{"@id":"https:\/\/meber2026.graphoservice.it\/fr\/product\/snake-plus-895\/#primaryimage"},"thumbnailUrl":"https:\/\/meber2026.graphoservice.it\/wp-content\/uploads\/2026\/02\/895_chiuso.jpg","datePublished":"2026-02-10T09:25:20+00:00","dateModified":"2026-04-28T15:55:35+00:00","breadcrumb":{"@id":"https:\/\/meber2026.graphoservice.it\/fr\/product\/snake-plus-895\/#breadcrumb"},"inLanguage":"fr-FR","potentialAction":[{"@type":"ReadAction","target":["https:\/\/meber2026.graphoservice.it\/fr\/product\/snake-plus-895\/"]}]},{"@type":"ImageObject","inLanguage":"fr-FR","@id":"https:\/\/meber2026.graphoservice.it\/fr\/product\/snake-plus-895\/#primaryimage","url":"https:\/\/meber2026.graphoservice.it\/wp-content\/uploads\/2026\/02\/895_chiuso.jpg","contentUrl":"https:\/\/meber2026.graphoservice.it\/wp-content\/uploads\/2026\/02\/895_chiuso.jpg","width":780,"height":293},{"@type":"BreadcrumbList","@id":"https:\/\/meber2026.graphoservice.it\/fr\/product\/snake-plus-895\/#breadcrumb","itemListElement":[{"@type":"ListItem","position":1,"name":"Home","item":"https:\/\/meber2026.graphoservice.it\/fr\/"},{"@type":"ListItem","position":2,"name":"Snake Plus 895"}]},{"@type":"WebSite","@id":"https:\/\/meber2026.graphoservice.it\/fr\/#website","url":"https:\/\/meber2026.graphoservice.it\/fr\/","name":"Me.Ber.","description":"In Case of Emergerncy","potentialAction":[{"@type":"SearchAction","target":{"@type":"EntryPoint","urlTemplate":"https:\/\/meber2026.graphoservice.it\/fr\/?s={search_term_string}"},"query-input":{"@type":"PropertyValueSpecification","valueRequired":true,"valueName":"search_term_string"}}],"inLanguage":"fr-FR"}]}},"_links":{"self":[{"href":"https:\/\/meber2026.graphoservice.it\/fr\/wp-json\/wp\/v2\/product\/18033","targetHints":{"allow":["GET"]}}],"collection":[{"href":"https:\/\/meber2026.graphoservice.it\/fr\/wp-json\/wp\/v2\/product"}],"about":[{"href":"https:\/\/meber2026.graphoservice.it\/fr\/wp-json\/wp\/v2\/types\/product"}],"author":[{"embeddable":true,"href":"https:\/\/meber2026.graphoservice.it\/fr\/wp-json\/wp\/v2\/users\/1"}],"version-history":[{"count":1,"href":"https:\/\/meber2026.graphoservice.it\/fr\/wp-json\/wp\/v2\/product\/18033\/revisions"}],"predecessor-version":[{"id":30219,"href":"https:\/\/meber2026.graphoservice.it\/fr\/wp-json\/wp\/v2\/product\/18033\/revisions\/30219"}],"wp:featuredmedia":[{"embeddable":true,"href":"https:\/\/meber2026.graphoservice.it\/fr\/wp-json\/wp\/v2\/media\/14076"}],"wp:attachment":[{"href":"https:\/\/meber2026.graphoservice.it\/fr\/wp-json\/wp\/v2\/media?parent=18033"}],"wp:term":[{"taxonomy":"application-tag","embeddable":true,"href":"https:\/\/meber2026.graphoservice.it\/fr\/wp-json\/wp\/v2\/application-tag?post=18033"}],"curies":[{"name":"wp","href":"https:\/\/api.w.org\/{rel}","templated":true}]}}