{"id":18028,"date":"2026-02-10T09:25:20","date_gmt":"2026-02-10T09:25:20","guid":{"rendered":"https:\/\/meber2026.graphoservice.it\/product\/snake-894\/"},"modified":"2026-04-28T15:55:29","modified_gmt":"2026-04-28T15:55:29","slug":"snake-894","status":"publish","type":"product","link":"https:\/\/meber2026.graphoservice.it\/fr\/product\/snake-894\/","title":{"rendered":"Snake 894"},"content":{"rendered":"<p style=\"\">Matelas \u00e0 d\u00e9pression \u00e0 14 chambres ind\u00e9pendantes pour une immobilisation parfaite et rapide. Une extr\u00eame l\u00e9g\u00e8ret\u00e9 et robustesse, 8 poign\u00e9es ergonomiques, des ceintures de s\u00e9curit\u00e9 et un enroulement parfait du patient conf\u00e8rent au matelas \u00ab\u00a0Snake\u00a0\u00bb des caract\u00e9ristiques uniques. Utilisable de -30 \u00e0 +70 \u00b0C. La tenue de la d\u00e9pression pendant longtemps sans aucune flexion, <strong>la certification UNI EN 1865<\/strong>, selon les normes europ\u00e9ennes harmonis\u00e9es, <strong>compl\u00e8tent les caract\u00e9ristiques de ce dispositif.<\/strong>.<\/p>\n","protected":false},"excerpt":{"rendered":"<p>Matelas \u00e0 d\u00e9pression \u00e0 14 chambres ind\u00e9pendantes pour une immobilisation parfaite et rapide. Une extr\u00eame l\u00e9g\u00e8ret\u00e9 et robustesse, 8 poign\u00e9es ergonomiques, des ceintures de s\u00e9curit\u00e9 et un enroulement parfait du patient conf\u00e8rent au matelas \u00ab\u00a0Snake\u00a0\u00bb des caract\u00e9ristiques uniques. Utilisable de -30 \u00e0 +70 \u00b0C. La tenue de la d\u00e9pression pendant longtemps sans aucune flexion, la [&hellip;]<\/p>\n","protected":false},"author":1,"featured_media":14067,"parent":0,"menu_order":50001700,"template":"","meta":{"_acf_changed":false,"footnotes":""},"application-tag":[83],"class_list":["post-18028","product","type-product","status-publish","has-post-thumbnail","hentry","application-tag-immobilisation"],"acf":[],"dsm_author":{"name":"admeb26","avatar_url":"https:\/\/meber2026.graphoservice.it\/wp-content\/plugins\/ultimate-member\/assets\/img\/default_avatar.jpg","archive_link":"https:\/\/meber2026.graphoservice.it\/fr\/author\/admeb26\/","biodata":""},"dsm_categories":[],"dsm_attachment_categories":[],"dsm_featured_image":{"thumbnail":"https:\/\/meber2026.graphoservice.it\/wp-content\/uploads\/2026\/02\/894_Materasso_depressione1-150x150.jpg","medium":"https:\/\/meber2026.graphoservice.it\/wp-content\/uploads\/2026\/02\/894_Materasso_depressione1-300x171.jpg","medium_large":"https:\/\/meber2026.graphoservice.it\/wp-content\/uploads\/2026\/02\/894_Materasso_depressione1-768x437.jpg","large":"https:\/\/meber2026.graphoservice.it\/wp-content\/uploads\/2026\/02\/894_Materasso_depressione1.jpg","1536x1536":"https:\/\/meber2026.graphoservice.it\/wp-content\/uploads\/2026\/02\/894_Materasso_depressione1.jpg","2048x2048":"https:\/\/meber2026.graphoservice.it\/wp-content\/uploads\/2026\/02\/894_Materasso_depressione1.jpg","et-pb-post-main-image":"https:\/\/meber2026.graphoservice.it\/wp-content\/uploads\/2026\/02\/894_Materasso_depressione1-400x250.jpg","et-pb-post-main-image-fullwidth":"https:\/\/meber2026.graphoservice.it\/wp-content\/uploads\/2026\/02\/894_Materasso_depressione1.jpg","et-pb-portfolio-image":"https:\/\/meber2026.graphoservice.it\/wp-content\/uploads\/2026\/02\/894_Materasso_depressione1-400x284.jpg","et-pb-portfolio-module-image":"https:\/\/meber2026.graphoservice.it\/wp-content\/uploads\/2026\/02\/894_Materasso_depressione1-510x382.jpg","et-pb-portfolio-image-single":"https:\/\/meber2026.graphoservice.it\/wp-content\/uploads\/2026\/02\/894_Materasso_depressione1.jpg","et-pb-gallery-module-image-portrait":"https:\/\/meber2026.graphoservice.it\/wp-content\/uploads\/2026\/02\/894_Materasso_depressione1-400x444.jpg","et-pb-post-main-image-fullwidth-large":"https:\/\/meber2026.graphoservice.it\/wp-content\/uploads\/2026\/02\/894_Materasso_depressione1.jpg","et-pb-image--responsive--desktop":"https:\/\/meber2026.graphoservice.it\/wp-content\/uploads\/2026\/02\/894_Materasso_depressione1.jpg","et-pb-image--responsive--tablet":"https:\/\/meber2026.graphoservice.it\/wp-content\/uploads\/2026\/02\/894_Materasso_depressione1.jpg","et-pb-image--responsive--phone":"https:\/\/meber2026.graphoservice.it\/wp-content\/uploads\/2026\/02\/894_Materasso_depressione1-480x273.jpg","full":"https:\/\/meber2026.graphoservice.it\/wp-content\/uploads\/2026\/02\/894_Materasso_depressione1.jpg"},"yoast_head":"<!-- This site is optimized with the Yoast SEO plugin v27.4 - https:\/\/yoast.com\/product\/yoast-seo-wordpress\/ -->\n<title>Snake 894<\/title>\n<meta name=\"robots\" content=\"noindex, follow, max-snippet:-1, max-image-preview:large, max-video-preview:-1\" \/>\n<meta property=\"og:locale\" content=\"fr_FR\" \/>\n<meta property=\"og:type\" content=\"article\" \/>\n<meta property=\"og:title\" content=\"Snake 894\" \/>\n<meta property=\"og:description\" content=\"Matelas \u00e0 d\u00e9pression \u00e0 14 chambres ind\u00e9pendantes pour une immobilisation parfaite et rapide. Une extr\u00eame l\u00e9g\u00e8ret\u00e9 et robustesse, 8 poign\u00e9es ergonomiques, des ceintures de s\u00e9curit\u00e9 et un enroulement parfait du patient conf\u00e8rent au matelas \u00ab\u00a0Snake\u00a0\u00bb des caract\u00e9ristiques uniques. Utilisable de -30 \u00e0 +70 \u00b0C. La tenue de la d\u00e9pression pendant longtemps sans aucune flexion, la [&hellip;]\" \/>\n<meta property=\"og:url\" content=\"https:\/\/meber2026.graphoservice.it\/fr\/product\/snake-894\/\" \/>\n<meta property=\"og:site_name\" content=\"Me.Ber.\" \/>\n<meta property=\"article:modified_time\" content=\"2026-04-28T15:55:29+00:00\" \/>\n<meta property=\"og:image\" content=\"https:\/\/meber2026.graphoservice.it\/wp-content\/uploads\/2026\/02\/894_Materasso_depressione1.jpg\" \/>\n\t<meta property=\"og:image:width\" content=\"780\" \/>\n\t<meta property=\"og:image:height\" content=\"444\" \/>\n\t<meta property=\"og:image:type\" content=\"image\/jpeg\" \/>\n<meta name=\"twitter:card\" content=\"summary_large_image\" \/>\n<script type=\"application\/ld+json\" class=\"yoast-schema-graph\">{\"@context\":\"https:\\\/\\\/schema.org\",\"@graph\":[{\"@type\":\"WebPage\",\"@id\":\"https:\\\/\\\/meber2026.graphoservice.it\\\/fr\\\/product\\\/snake-894\\\/\",\"url\":\"https:\\\/\\\/meber2026.graphoservice.it\\\/fr\\\/product\\\/snake-894\\\/\",\"name\":\"Snake 894\",\"isPartOf\":{\"@id\":\"https:\\\/\\\/meber2026.graphoservice.it\\\/fr\\\/#website\"},\"primaryImageOfPage\":{\"@id\":\"https:\\\/\\\/meber2026.graphoservice.it\\\/fr\\\/product\\\/snake-894\\\/#primaryimage\"},\"image\":{\"@id\":\"https:\\\/\\\/meber2026.graphoservice.it\\\/fr\\\/product\\\/snake-894\\\/#primaryimage\"},\"thumbnailUrl\":\"https:\\\/\\\/meber2026.graphoservice.it\\\/wp-content\\\/uploads\\\/2026\\\/02\\\/894_Materasso_depressione1.jpg\",\"datePublished\":\"2026-02-10T09:25:20+00:00\",\"dateModified\":\"2026-04-28T15:55:29+00:00\",\"breadcrumb\":{\"@id\":\"https:\\\/\\\/meber2026.graphoservice.it\\\/fr\\\/product\\\/snake-894\\\/#breadcrumb\"},\"inLanguage\":\"fr-FR\",\"potentialAction\":[{\"@type\":\"ReadAction\",\"target\":[\"https:\\\/\\\/meber2026.graphoservice.it\\\/fr\\\/product\\\/snake-894\\\/\"]}]},{\"@type\":\"ImageObject\",\"inLanguage\":\"fr-FR\",\"@id\":\"https:\\\/\\\/meber2026.graphoservice.it\\\/fr\\\/product\\\/snake-894\\\/#primaryimage\",\"url\":\"https:\\\/\\\/meber2026.graphoservice.it\\\/wp-content\\\/uploads\\\/2026\\\/02\\\/894_Materasso_depressione1.jpg\",\"contentUrl\":\"https:\\\/\\\/meber2026.graphoservice.it\\\/wp-content\\\/uploads\\\/2026\\\/02\\\/894_Materasso_depressione1.jpg\",\"width\":780,\"height\":444},{\"@type\":\"BreadcrumbList\",\"@id\":\"https:\\\/\\\/meber2026.graphoservice.it\\\/fr\\\/product\\\/snake-894\\\/#breadcrumb\",\"itemListElement\":[{\"@type\":\"ListItem\",\"position\":1,\"name\":\"Home\",\"item\":\"https:\\\/\\\/meber2026.graphoservice.it\\\/fr\\\/\"},{\"@type\":\"ListItem\",\"position\":2,\"name\":\"Snake 894\"}]},{\"@type\":\"WebSite\",\"@id\":\"https:\\\/\\\/meber2026.graphoservice.it\\\/fr\\\/#website\",\"url\":\"https:\\\/\\\/meber2026.graphoservice.it\\\/fr\\\/\",\"name\":\"Me.Ber.\",\"description\":\"In Case of Emergerncy\",\"potentialAction\":[{\"@type\":\"SearchAction\",\"target\":{\"@type\":\"EntryPoint\",\"urlTemplate\":\"https:\\\/\\\/meber2026.graphoservice.it\\\/fr\\\/?s={search_term_string}\"},\"query-input\":{\"@type\":\"PropertyValueSpecification\",\"valueRequired\":true,\"valueName\":\"search_term_string\"}}],\"inLanguage\":\"fr-FR\"}]}<\/script>\n<!-- \/ Yoast SEO plugin. -->","yoast_head_json":{"title":"Snake 894","robots":{"index":"noindex","follow":"follow","max-snippet":"max-snippet:-1","max-image-preview":"max-image-preview:large","max-video-preview":"max-video-preview:-1"},"og_locale":"fr_FR","og_type":"article","og_title":"Snake 894","og_description":"Matelas \u00e0 d\u00e9pression \u00e0 14 chambres ind\u00e9pendantes pour une immobilisation parfaite et rapide. Une extr\u00eame l\u00e9g\u00e8ret\u00e9 et robustesse, 8 poign\u00e9es ergonomiques, des ceintures de s\u00e9curit\u00e9 et un enroulement parfait du patient conf\u00e8rent au matelas \u00ab\u00a0Snake\u00a0\u00bb des caract\u00e9ristiques uniques. Utilisable de -30 \u00e0 +70 \u00b0C. La tenue de la d\u00e9pression pendant longtemps sans aucune flexion, la [&hellip;]","og_url":"https:\/\/meber2026.graphoservice.it\/fr\/product\/snake-894\/","og_site_name":"Me.Ber.","article_modified_time":"2026-04-28T15:55:29+00:00","og_image":[{"width":780,"height":444,"url":"https:\/\/meber2026.graphoservice.it\/wp-content\/uploads\/2026\/02\/894_Materasso_depressione1.jpg","type":"image\/jpeg"}],"twitter_card":"summary_large_image","schema":{"@context":"https:\/\/schema.org","@graph":[{"@type":"WebPage","@id":"https:\/\/meber2026.graphoservice.it\/fr\/product\/snake-894\/","url":"https:\/\/meber2026.graphoservice.it\/fr\/product\/snake-894\/","name":"Snake 894","isPartOf":{"@id":"https:\/\/meber2026.graphoservice.it\/fr\/#website"},"primaryImageOfPage":{"@id":"https:\/\/meber2026.graphoservice.it\/fr\/product\/snake-894\/#primaryimage"},"image":{"@id":"https:\/\/meber2026.graphoservice.it\/fr\/product\/snake-894\/#primaryimage"},"thumbnailUrl":"https:\/\/meber2026.graphoservice.it\/wp-content\/uploads\/2026\/02\/894_Materasso_depressione1.jpg","datePublished":"2026-02-10T09:25:20+00:00","dateModified":"2026-04-28T15:55:29+00:00","breadcrumb":{"@id":"https:\/\/meber2026.graphoservice.it\/fr\/product\/snake-894\/#breadcrumb"},"inLanguage":"fr-FR","potentialAction":[{"@type":"ReadAction","target":["https:\/\/meber2026.graphoservice.it\/fr\/product\/snake-894\/"]}]},{"@type":"ImageObject","inLanguage":"fr-FR","@id":"https:\/\/meber2026.graphoservice.it\/fr\/product\/snake-894\/#primaryimage","url":"https:\/\/meber2026.graphoservice.it\/wp-content\/uploads\/2026\/02\/894_Materasso_depressione1.jpg","contentUrl":"https:\/\/meber2026.graphoservice.it\/wp-content\/uploads\/2026\/02\/894_Materasso_depressione1.jpg","width":780,"height":444},{"@type":"BreadcrumbList","@id":"https:\/\/meber2026.graphoservice.it\/fr\/product\/snake-894\/#breadcrumb","itemListElement":[{"@type":"ListItem","position":1,"name":"Home","item":"https:\/\/meber2026.graphoservice.it\/fr\/"},{"@type":"ListItem","position":2,"name":"Snake 894"}]},{"@type":"WebSite","@id":"https:\/\/meber2026.graphoservice.it\/fr\/#website","url":"https:\/\/meber2026.graphoservice.it\/fr\/","name":"Me.Ber.","description":"In Case of Emergerncy","potentialAction":[{"@type":"SearchAction","target":{"@type":"EntryPoint","urlTemplate":"https:\/\/meber2026.graphoservice.it\/fr\/?s={search_term_string}"},"query-input":{"@type":"PropertyValueSpecification","valueRequired":true,"valueName":"search_term_string"}}],"inLanguage":"fr-FR"}]}},"_links":{"self":[{"href":"https:\/\/meber2026.graphoservice.it\/fr\/wp-json\/wp\/v2\/product\/18028","targetHints":{"allow":["GET"]}}],"collection":[{"href":"https:\/\/meber2026.graphoservice.it\/fr\/wp-json\/wp\/v2\/product"}],"about":[{"href":"https:\/\/meber2026.graphoservice.it\/fr\/wp-json\/wp\/v2\/types\/product"}],"author":[{"embeddable":true,"href":"https:\/\/meber2026.graphoservice.it\/fr\/wp-json\/wp\/v2\/users\/1"}],"version-history":[{"count":1,"href":"https:\/\/meber2026.graphoservice.it\/fr\/wp-json\/wp\/v2\/product\/18028\/revisions"}],"predecessor-version":[{"id":30215,"href":"https:\/\/meber2026.graphoservice.it\/fr\/wp-json\/wp\/v2\/product\/18028\/revisions\/30215"}],"wp:featuredmedia":[{"embeddable":true,"href":"https:\/\/meber2026.graphoservice.it\/fr\/wp-json\/wp\/v2\/media\/14067"}],"wp:attachment":[{"href":"https:\/\/meber2026.graphoservice.it\/fr\/wp-json\/wp\/v2\/media?parent=18028"}],"wp:term":[{"taxonomy":"application-tag","embeddable":true,"href":"https:\/\/meber2026.graphoservice.it\/fr\/wp-json\/wp\/v2\/application-tag?post=18028"}],"curies":[{"name":"wp","href":"https:\/\/api.w.org\/{rel}","templated":true}]}}