{"id":17948,"date":"2026-02-10T09:25:12","date_gmt":"2026-02-10T09:25:12","guid":{"rendered":"https:\/\/meber2026.graphoservice.it\/product\/antares-854\/"},"modified":"2026-02-10T09:25:12","modified_gmt":"2026-02-10T09:25:12","slug":"antares-854","status":"publish","type":"product","link":"https:\/\/meber2026.graphoservice.it\/fr\/product\/antares-854\/","title":{"rendered":"Antares 854"},"content":{"rendered":"<p>Le collier cervical ANTARES est un outil hautement professionnel et indispensable pour le secouriste. Compos\u00e9 de 2 pi\u00e8ces, il se positionne \u00e0 l\u2019avant et \u00e0 l\u2019arri\u00e8re du cou, permettant une immobilisation parfaite de la colonne cervicale. \u00c9quip\u00e9 d\u2019un trou central pour effectuer une \u00e9ventuelle trach\u00e9otomie, il est facile \u00e0 appliquer et \u00e0 r\u00e9gler gr\u00e2ce aux attaches auto-agrippantes r\u00e9alis\u00e9es en diff\u00e9rentes couleurs pour distinguer les diff\u00e9rentes tailles.\u00a0Il est fait de poly\u00e9thyl\u00e8ne transparent et d\u2019une doublure en E.V.A. lavable fix\u00e9e avec des rivets en plastique. Disponible en 6 tailles diff\u00e9rentes.<br \/> Art. 842 &#8211; 844 &#8211; 846 &#8211; 848<\/p>\n","protected":false},"excerpt":{"rendered":"<p>Le collier cervical ANTARES est un outil hautement professionnel et indispensable pour le secouriste. Compos\u00e9 de 2 pi\u00e8ces, il se positionne \u00e0 l\u2019avant et \u00e0 l\u2019arri\u00e8re du cou, permettant une immobilisation parfaite de la colonne cervicale. \u00c9quip\u00e9 d\u2019un trou central pour effectuer une \u00e9ventuelle trach\u00e9otomie, il est facile \u00e0 appliquer et \u00e0 r\u00e9gler gr\u00e2ce aux [&hellip;]<\/p>\n","protected":false},"author":1,"featured_media":27308,"parent":0,"menu_order":50006900,"template":"","meta":{"_acf_changed":false,"footnotes":""},"application-tag":[83],"class_list":["post-17948","product","type-product","status-publish","has-post-thumbnail","hentry","application-tag-immobilisation"],"acf":[],"dsm_author":{"name":"admeb26","avatar_url":"https:\/\/meber2026.graphoservice.it\/wp-content\/plugins\/ultimate-member\/assets\/img\/default_avatar.jpg","archive_link":"https:\/\/meber2026.graphoservice.it\/fr\/author\/admeb26\/","biodata":""},"dsm_categories":[],"dsm_attachment_categories":[],"dsm_featured_image":{"thumbnail":"https:\/\/meber2026.graphoservice.it\/wp-content\/uploads\/2026\/03\/Antares_collari_nuovo-logo-150x150.webp","medium":"https:\/\/meber2026.graphoservice.it\/wp-content\/uploads\/2026\/03\/Antares_collari_nuovo-logo-300x300.webp","medium_large":"https:\/\/meber2026.graphoservice.it\/wp-content\/uploads\/2026\/03\/Antares_collari_nuovo-logo-768x768.webp","large":"https:\/\/meber2026.graphoservice.it\/wp-content\/uploads\/2026\/03\/Antares_collari_nuovo-logo-1024x1024.webp","1536x1536":"https:\/\/meber2026.graphoservice.it\/wp-content\/uploads\/2026\/03\/Antares_collari_nuovo-logo.webp","2048x2048":"https:\/\/meber2026.graphoservice.it\/wp-content\/uploads\/2026\/03\/Antares_collari_nuovo-logo.webp","et-pb-post-main-image":"https:\/\/meber2026.graphoservice.it\/wp-content\/uploads\/2026\/03\/Antares_collari_nuovo-logo-400x250.webp","et-pb-post-main-image-fullwidth":"https:\/\/meber2026.graphoservice.it\/wp-content\/uploads\/2026\/03\/Antares_collari_nuovo-logo-1080x675.webp","et-pb-portfolio-image":"https:\/\/meber2026.graphoservice.it\/wp-content\/uploads\/2026\/03\/Antares_collari_nuovo-logo-400x284.webp","et-pb-portfolio-module-image":"https:\/\/meber2026.graphoservice.it\/wp-content\/uploads\/2026\/03\/Antares_collari_nuovo-logo-510x382.webp","et-pb-portfolio-image-single":"https:\/\/meber2026.graphoservice.it\/wp-content\/uploads\/2026\/03\/Antares_collari_nuovo-logo-1080x1080.webp","et-pb-gallery-module-image-portrait":"https:\/\/meber2026.graphoservice.it\/wp-content\/uploads\/2026\/03\/Antares_collari_nuovo-logo-400x516.webp","et-pb-post-main-image-fullwidth-large":"https:\/\/meber2026.graphoservice.it\/wp-content\/uploads\/2026\/03\/Antares_collari_nuovo-logo.webp","et-pb-image--responsive--desktop":"https:\/\/meber2026.graphoservice.it\/wp-content\/uploads\/2026\/03\/Antares_collari_nuovo-logo-1280x1280.webp","et-pb-image--responsive--tablet":"https:\/\/meber2026.graphoservice.it\/wp-content\/uploads\/2026\/03\/Antares_collari_nuovo-logo-980x980.webp","et-pb-image--responsive--phone":"https:\/\/meber2026.graphoservice.it\/wp-content\/uploads\/2026\/03\/Antares_collari_nuovo-logo-480x480.webp","full":"https:\/\/meber2026.graphoservice.it\/wp-content\/uploads\/2026\/03\/Antares_collari_nuovo-logo.webp"},"yoast_head":"<!-- This site is optimized with the Yoast SEO plugin v27.4 - https:\/\/yoast.com\/product\/yoast-seo-wordpress\/ -->\n<title>Antares 854<\/title>\n<meta name=\"robots\" content=\"noindex, follow, max-snippet:-1, max-image-preview:large, max-video-preview:-1\" \/>\n<meta property=\"og:locale\" content=\"fr_FR\" \/>\n<meta property=\"og:type\" content=\"article\" \/>\n<meta property=\"og:title\" content=\"Antares 854\" \/>\n<meta property=\"og:description\" content=\"Le collier cervical ANTARES est un outil hautement professionnel et indispensable pour le secouriste. Compos\u00e9 de 2 pi\u00e8ces, il se positionne \u00e0 l\u2019avant et \u00e0 l\u2019arri\u00e8re du cou, permettant une immobilisation parfaite de la colonne cervicale. \u00c9quip\u00e9 d\u2019un trou central pour effectuer une \u00e9ventuelle trach\u00e9otomie, il est facile \u00e0 appliquer et \u00e0 r\u00e9gler gr\u00e2ce aux [&hellip;]\" \/>\n<meta property=\"og:url\" content=\"https:\/\/meber2026.graphoservice.it\/fr\/product\/antares-854\/\" \/>\n<meta property=\"og:site_name\" content=\"Me.Ber.\" \/>\n<meta name=\"twitter:card\" content=\"summary_large_image\" \/>\n<meta name=\"twitter:label1\" content=\"Dur\u00e9e de lecture estim\u00e9e\" \/>\n\t<meta name=\"twitter:data1\" content=\"1 minute\" \/>\n<script type=\"application\/ld+json\" class=\"yoast-schema-graph\">{\"@context\":\"https:\\\/\\\/schema.org\",\"@graph\":[{\"@type\":\"WebPage\",\"@id\":\"https:\\\/\\\/meber2026.graphoservice.it\\\/fr\\\/product\\\/antares-854\\\/\",\"url\":\"https:\\\/\\\/meber2026.graphoservice.it\\\/fr\\\/product\\\/antares-854\\\/\",\"name\":\"Antares 854\",\"isPartOf\":{\"@id\":\"https:\\\/\\\/meber2026.graphoservice.it\\\/fr\\\/#website\"},\"primaryImageOfPage\":{\"@id\":\"https:\\\/\\\/meber2026.graphoservice.it\\\/fr\\\/product\\\/antares-854\\\/#primaryimage\"},\"image\":{\"@id\":\"https:\\\/\\\/meber2026.graphoservice.it\\\/fr\\\/product\\\/antares-854\\\/#primaryimage\"},\"thumbnailUrl\":\"https:\\\/\\\/meber2026.graphoservice.it\\\/wp-content\\\/uploads\\\/2026\\\/03\\\/Antares_collari_nuovo-logo.webp\",\"datePublished\":\"2026-02-10T09:25:12+00:00\",\"breadcrumb\":{\"@id\":\"https:\\\/\\\/meber2026.graphoservice.it\\\/fr\\\/product\\\/antares-854\\\/#breadcrumb\"},\"inLanguage\":\"fr-FR\",\"potentialAction\":[{\"@type\":\"ReadAction\",\"target\":[\"https:\\\/\\\/meber2026.graphoservice.it\\\/fr\\\/product\\\/antares-854\\\/\"]}]},{\"@type\":\"ImageObject\",\"inLanguage\":\"fr-FR\",\"@id\":\"https:\\\/\\\/meber2026.graphoservice.it\\\/fr\\\/product\\\/antares-854\\\/#primaryimage\",\"url\":\"https:\\\/\\\/meber2026.graphoservice.it\\\/wp-content\\\/uploads\\\/2026\\\/03\\\/Antares_collari_nuovo-logo.webp\",\"contentUrl\":\"https:\\\/\\\/meber2026.graphoservice.it\\\/wp-content\\\/uploads\\\/2026\\\/03\\\/Antares_collari_nuovo-logo.webp\",\"width\":1295,\"height\":1295},{\"@type\":\"BreadcrumbList\",\"@id\":\"https:\\\/\\\/meber2026.graphoservice.it\\\/fr\\\/product\\\/antares-854\\\/#breadcrumb\",\"itemListElement\":[{\"@type\":\"ListItem\",\"position\":1,\"name\":\"Home\",\"item\":\"https:\\\/\\\/meber2026.graphoservice.it\\\/fr\\\/\"},{\"@type\":\"ListItem\",\"position\":2,\"name\":\"Antares 854\"}]},{\"@type\":\"WebSite\",\"@id\":\"https:\\\/\\\/meber2026.graphoservice.it\\\/fr\\\/#website\",\"url\":\"https:\\\/\\\/meber2026.graphoservice.it\\\/fr\\\/\",\"name\":\"Me.Ber.\",\"description\":\"In Case of Emergerncy\",\"potentialAction\":[{\"@type\":\"SearchAction\",\"target\":{\"@type\":\"EntryPoint\",\"urlTemplate\":\"https:\\\/\\\/meber2026.graphoservice.it\\\/fr\\\/?s={search_term_string}\"},\"query-input\":{\"@type\":\"PropertyValueSpecification\",\"valueRequired\":true,\"valueName\":\"search_term_string\"}}],\"inLanguage\":\"fr-FR\"}]}<\/script>\n<!-- \/ Yoast SEO plugin. -->","yoast_head_json":{"title":"Antares 854","robots":{"index":"noindex","follow":"follow","max-snippet":"max-snippet:-1","max-image-preview":"max-image-preview:large","max-video-preview":"max-video-preview:-1"},"og_locale":"fr_FR","og_type":"article","og_title":"Antares 854","og_description":"Le collier cervical ANTARES est un outil hautement professionnel et indispensable pour le secouriste. Compos\u00e9 de 2 pi\u00e8ces, il se positionne \u00e0 l\u2019avant et \u00e0 l\u2019arri\u00e8re du cou, permettant une immobilisation parfaite de la colonne cervicale. \u00c9quip\u00e9 d\u2019un trou central pour effectuer une \u00e9ventuelle trach\u00e9otomie, il est facile \u00e0 appliquer et \u00e0 r\u00e9gler gr\u00e2ce aux [&hellip;]","og_url":"https:\/\/meber2026.graphoservice.it\/fr\/product\/antares-854\/","og_site_name":"Me.Ber.","twitter_card":"summary_large_image","twitter_misc":{"Dur\u00e9e de lecture estim\u00e9e":"1 minute"},"schema":{"@context":"https:\/\/schema.org","@graph":[{"@type":"WebPage","@id":"https:\/\/meber2026.graphoservice.it\/fr\/product\/antares-854\/","url":"https:\/\/meber2026.graphoservice.it\/fr\/product\/antares-854\/","name":"Antares 854","isPartOf":{"@id":"https:\/\/meber2026.graphoservice.it\/fr\/#website"},"primaryImageOfPage":{"@id":"https:\/\/meber2026.graphoservice.it\/fr\/product\/antares-854\/#primaryimage"},"image":{"@id":"https:\/\/meber2026.graphoservice.it\/fr\/product\/antares-854\/#primaryimage"},"thumbnailUrl":"https:\/\/meber2026.graphoservice.it\/wp-content\/uploads\/2026\/03\/Antares_collari_nuovo-logo.webp","datePublished":"2026-02-10T09:25:12+00:00","breadcrumb":{"@id":"https:\/\/meber2026.graphoservice.it\/fr\/product\/antares-854\/#breadcrumb"},"inLanguage":"fr-FR","potentialAction":[{"@type":"ReadAction","target":["https:\/\/meber2026.graphoservice.it\/fr\/product\/antares-854\/"]}]},{"@type":"ImageObject","inLanguage":"fr-FR","@id":"https:\/\/meber2026.graphoservice.it\/fr\/product\/antares-854\/#primaryimage","url":"https:\/\/meber2026.graphoservice.it\/wp-content\/uploads\/2026\/03\/Antares_collari_nuovo-logo.webp","contentUrl":"https:\/\/meber2026.graphoservice.it\/wp-content\/uploads\/2026\/03\/Antares_collari_nuovo-logo.webp","width":1295,"height":1295},{"@type":"BreadcrumbList","@id":"https:\/\/meber2026.graphoservice.it\/fr\/product\/antares-854\/#breadcrumb","itemListElement":[{"@type":"ListItem","position":1,"name":"Home","item":"https:\/\/meber2026.graphoservice.it\/fr\/"},{"@type":"ListItem","position":2,"name":"Antares 854"}]},{"@type":"WebSite","@id":"https:\/\/meber2026.graphoservice.it\/fr\/#website","url":"https:\/\/meber2026.graphoservice.it\/fr\/","name":"Me.Ber.","description":"In Case of Emergerncy","potentialAction":[{"@type":"SearchAction","target":{"@type":"EntryPoint","urlTemplate":"https:\/\/meber2026.graphoservice.it\/fr\/?s={search_term_string}"},"query-input":{"@type":"PropertyValueSpecification","valueRequired":true,"valueName":"search_term_string"}}],"inLanguage":"fr-FR"}]}},"_links":{"self":[{"href":"https:\/\/meber2026.graphoservice.it\/fr\/wp-json\/wp\/v2\/product\/17948","targetHints":{"allow":["GET"]}}],"collection":[{"href":"https:\/\/meber2026.graphoservice.it\/fr\/wp-json\/wp\/v2\/product"}],"about":[{"href":"https:\/\/meber2026.graphoservice.it\/fr\/wp-json\/wp\/v2\/types\/product"}],"author":[{"embeddable":true,"href":"https:\/\/meber2026.graphoservice.it\/fr\/wp-json\/wp\/v2\/users\/1"}],"version-history":[{"count":0,"href":"https:\/\/meber2026.graphoservice.it\/fr\/wp-json\/wp\/v2\/product\/17948\/revisions"}],"wp:featuredmedia":[{"embeddable":true,"href":"https:\/\/meber2026.graphoservice.it\/fr\/wp-json\/wp\/v2\/media\/27308"}],"wp:attachment":[{"href":"https:\/\/meber2026.graphoservice.it\/fr\/wp-json\/wp\/v2\/media?parent=17948"}],"wp:term":[{"taxonomy":"application-tag","embeddable":true,"href":"https:\/\/meber2026.graphoservice.it\/fr\/wp-json\/wp\/v2\/application-tag?post=17948"}],"curies":[{"name":"wp","href":"https:\/\/api.w.org\/{rel}","templated":true}]}}