{"id":17833,"date":"2026-02-10T09:25:03","date_gmt":"2026-02-10T09:25:03","guid":{"rendered":"https:\/\/meber2026.graphoservice.it\/product\/frog-7240-proof\/"},"modified":"2026-04-28T15:52:06","modified_gmt":"2026-04-28T15:52:06","slug":"frog-7240-proof","status":"publish","type":"product","link":"https:\/\/meber2026.graphoservice.it\/fr\/product\/frog-7240-proof\/","title":{"rendered":"Frog 7240 PROOF"},"content":{"rendered":"<p>R\u00e9alis\u00e9 en acier inoxydable \u00e9lectropoli, il est \u00e9quip\u00e9 de 4 roues \u00d8 200 mm (2 fixes avec frein et 2 pivotantes \u00e0 centrage automatique). L\u2019inclinaison des pieds a \u00e9t\u00e9 \u00e9tudi\u00e9e pour donner au brancard une meilleure stabilit\u00e9 lors de son utilisation. La position de Trendelenburg est actionn\u00e9e par un piston \u00e0 gaz qui peut \u00eatre verrouill\u00e9 dans n\u2019importe quelle position de 0 \u00e0 15\u00b0.<\/p>\n<p>\u2022 Plancher rigide en mat\u00e9riau thermoplastique renforc\u00e9.<br \/>\n\u2022 Dossier inclinable de 0 \u00e0 80\u00b0 actionn\u00e9 par un piston \u00e0 gaz verrouillable dans n\u2019importe quelle position.<br \/>\n\u2022 Barri\u00e8res lat\u00e9rales rabattables.<br \/>\n\u2022 Pieds verticaux prot\u00e9g\u00e9s par des pare-chocs en plastique.<br \/>\n\u2022 Roues pivotantes avec syst\u00e8me d\u2019auto-centrage pour permettre le positionnement du brancard dans l\u2019ambulance sans avoir \u00e0 tourner les roues manuellement.<br \/>\n\u2022 Chariot avant abaissable pour r\u00e9duire l\u2019encombrement du brancard.<\/p>\n<p>En combinaison avec la fixation sp\u00e9ciale 955 Proof, il r\u00e9siste aux contraintes d\u2019inertie du v\u00e9hicule de secours sur lequel il est transport\u00e9 jusqu\u2019\u00e0 10G.<br \/>\nAvec un matelas et des ceintures (Art. 7013, 2 ceintures Art. 608-A\/MEB ou 608-N\/MEB et 1 ceinture Art. 612\/AN-2\/MEB ou Art. 612\/N \u2013 2\/MEB).<\/p>\n<p><img loading=\"lazy\" decoding=\"async\" -=\"\" according=\"\" alt=\"\" certified=\"\" device=\"\" en=\"\" en1865=\"\" european=\"\" harmonized=\"\" height=\"88\" p=\"\" safety=\"\" src=\"https:\/\/www.meber.it\/adm\/Images\/contents\/10G Logo 2019_def.png\" standards=\"\" the=\"\" to=\"\" uni=\"\" width=\"80\" \/><\/p>\n<p><strong>Appareil certifi\u00e9 selon les normes europ\u00e9ennes harmonis\u00e9es UNI EN1865 \u2013 UNI EN1789.<\/strong><\/p>\n","protected":false},"excerpt":{"rendered":"<p>R\u00e9alis\u00e9 en acier inoxydable \u00e9lectropoli, il est \u00e9quip\u00e9 de 4 roues \u00d8 200 mm (2 fixes avec frein et 2 pivotantes \u00e0 centrage automatique). L\u2019inclinaison des pieds a \u00e9t\u00e9 \u00e9tudi\u00e9e pour donner au brancard une meilleure stabilit\u00e9 lors de son utilisation. La position de Trendelenburg est actionn\u00e9e par un piston \u00e0 gaz qui peut \u00eatre [&hellip;]<\/p>\n","protected":false},"author":1,"featured_media":13754,"parent":0,"menu_order":20001700,"template":"","meta":{"_acf_changed":false,"footnotes":""},"application-tag":[74,65],"class_list":["post-17833","product","type-product","status-publish","has-post-thumbnail","hentry","application-tag-brancards-et-chariots-a-chargement-automatique","application-tag-certifie-10g"],"acf":[],"dsm_author":{"name":"admeb26","avatar_url":"https:\/\/meber2026.graphoservice.it\/wp-content\/plugins\/ultimate-member\/assets\/img\/default_avatar.jpg","archive_link":"https:\/\/meber2026.graphoservice.it\/fr\/author\/admeb26\/","biodata":""},"dsm_categories":[],"dsm_attachment_categories":[],"dsm_featured_image":{"thumbnail":"https:\/\/meber2026.graphoservice.it\/wp-content\/uploads\/2026\/02\/Frog_7240_acciaio-150x150.jpg","medium":"https:\/\/meber2026.graphoservice.it\/wp-content\/uploads\/2026\/02\/Frog_7240_acciaio-300x247.jpg","medium_large":"https:\/\/meber2026.graphoservice.it\/wp-content\/uploads\/2026\/02\/Frog_7240_acciaio-768x631.jpg","large":"https:\/\/meber2026.graphoservice.it\/wp-content\/uploads\/2026\/02\/Frog_7240_acciaio.jpg","1536x1536":"https:\/\/meber2026.graphoservice.it\/wp-content\/uploads\/2026\/02\/Frog_7240_acciaio.jpg","2048x2048":"https:\/\/meber2026.graphoservice.it\/wp-content\/uploads\/2026\/02\/Frog_7240_acciaio.jpg","et-pb-post-main-image":"https:\/\/meber2026.graphoservice.it\/wp-content\/uploads\/2026\/02\/Frog_7240_acciaio-400x250.jpg","et-pb-post-main-image-fullwidth":"https:\/\/meber2026.graphoservice.it\/wp-content\/uploads\/2026\/02\/Frog_7240_acciaio.jpg","et-pb-portfolio-image":"https:\/\/meber2026.graphoservice.it\/wp-content\/uploads\/2026\/02\/Frog_7240_acciaio-400x284.jpg","et-pb-portfolio-module-image":"https:\/\/meber2026.graphoservice.it\/wp-content\/uploads\/2026\/02\/Frog_7240_acciaio-510x382.jpg","et-pb-portfolio-image-single":"https:\/\/meber2026.graphoservice.it\/wp-content\/uploads\/2026\/02\/Frog_7240_acciaio.jpg","et-pb-gallery-module-image-portrait":"https:\/\/meber2026.graphoservice.it\/wp-content\/uploads\/2026\/02\/Frog_7240_acciaio-400x516.jpg","et-pb-post-main-image-fullwidth-large":"https:\/\/meber2026.graphoservice.it\/wp-content\/uploads\/2026\/02\/Frog_7240_acciaio.jpg","et-pb-image--responsive--desktop":"https:\/\/meber2026.graphoservice.it\/wp-content\/uploads\/2026\/02\/Frog_7240_acciaio.jpg","et-pb-image--responsive--tablet":"https:\/\/meber2026.graphoservice.it\/wp-content\/uploads\/2026\/02\/Frog_7240_acciaio.jpg","et-pb-image--responsive--phone":"https:\/\/meber2026.graphoservice.it\/wp-content\/uploads\/2026\/02\/Frog_7240_acciaio-480x394.jpg","full":"https:\/\/meber2026.graphoservice.it\/wp-content\/uploads\/2026\/02\/Frog_7240_acciaio.jpg"},"yoast_head":"<!-- This site is optimized with the Yoast SEO plugin v27.4 - https:\/\/yoast.com\/product\/yoast-seo-wordpress\/ -->\n<title>Brancard \u00e0 chargement automatique Frog 7240 Proof<\/title>\n<meta name=\"description\" content=\"Brancard \u00e0 chargement automatique Frog PLUS pour ambulances. \u00c9quip\u00e9 de Trendelenburg certifi\u00e9 et d\u2019un dossier inclinable. Avec matelas et ceintures.\" \/>\n<meta name=\"robots\" content=\"noindex, follow, max-snippet:-1, max-image-preview:large, max-video-preview:-1\" \/>\n<meta property=\"og:locale\" content=\"fr_FR\" \/>\n<meta property=\"og:type\" content=\"article\" \/>\n<meta property=\"og:title\" content=\"Brancard \u00e0 chargement automatique Frog 7240 Proof\" \/>\n<meta property=\"og:description\" content=\"Brancard \u00e0 chargement automatique Frog PLUS pour ambulances. \u00c9quip\u00e9 de Trendelenburg certifi\u00e9 et d\u2019un dossier inclinable. Avec matelas et ceintures.\" \/>\n<meta property=\"og:url\" content=\"https:\/\/meber2026.graphoservice.it\/fr\/product\/frog-7240-proof\/\" \/>\n<meta property=\"og:site_name\" content=\"Me.Ber.\" \/>\n<meta property=\"article:modified_time\" content=\"2026-04-28T15:52:06+00:00\" \/>\n<meta property=\"og:image\" content=\"https:\/\/meber2026.graphoservice.it\/wp-content\/uploads\/2026\/02\/Frog_7240_acciaio.jpg\" \/>\n\t<meta property=\"og:image:width\" content=\"780\" \/>\n\t<meta property=\"og:image:height\" content=\"641\" \/>\n\t<meta property=\"og:image:type\" content=\"image\/jpeg\" \/>\n<meta name=\"twitter:card\" content=\"summary_large_image\" \/>\n<meta name=\"twitter:label1\" content=\"Dur\u00e9e de lecture estim\u00e9e\" \/>\n\t<meta name=\"twitter:data1\" content=\"1 minute\" \/>\n<script type=\"application\/ld+json\" class=\"yoast-schema-graph\">{\"@context\":\"https:\\\/\\\/schema.org\",\"@graph\":[{\"@type\":\"WebPage\",\"@id\":\"https:\\\/\\\/meber2026.graphoservice.it\\\/fr\\\/product\\\/frog-7240-proof\\\/\",\"url\":\"https:\\\/\\\/meber2026.graphoservice.it\\\/fr\\\/product\\\/frog-7240-proof\\\/\",\"name\":\"Brancard \u00e0 chargement automatique Frog 7240 Proof\",\"isPartOf\":{\"@id\":\"https:\\\/\\\/meber2026.graphoservice.it\\\/fr\\\/#website\"},\"primaryImageOfPage\":{\"@id\":\"https:\\\/\\\/meber2026.graphoservice.it\\\/fr\\\/product\\\/frog-7240-proof\\\/#primaryimage\"},\"image\":{\"@id\":\"https:\\\/\\\/meber2026.graphoservice.it\\\/fr\\\/product\\\/frog-7240-proof\\\/#primaryimage\"},\"thumbnailUrl\":\"https:\\\/\\\/meber2026.graphoservice.it\\\/wp-content\\\/uploads\\\/2026\\\/02\\\/Frog_7240_acciaio.jpg\",\"datePublished\":\"2026-02-10T09:25:03+00:00\",\"dateModified\":\"2026-04-28T15:52:06+00:00\",\"description\":\"Brancard \u00e0 chargement automatique Frog PLUS pour ambulances. \u00c9quip\u00e9 de Trendelenburg certifi\u00e9 et d\u2019un dossier inclinable. Avec matelas et ceintures.\",\"breadcrumb\":{\"@id\":\"https:\\\/\\\/meber2026.graphoservice.it\\\/fr\\\/product\\\/frog-7240-proof\\\/#breadcrumb\"},\"inLanguage\":\"fr-FR\",\"potentialAction\":[{\"@type\":\"ReadAction\",\"target\":[\"https:\\\/\\\/meber2026.graphoservice.it\\\/fr\\\/product\\\/frog-7240-proof\\\/\"]}]},{\"@type\":\"ImageObject\",\"inLanguage\":\"fr-FR\",\"@id\":\"https:\\\/\\\/meber2026.graphoservice.it\\\/fr\\\/product\\\/frog-7240-proof\\\/#primaryimage\",\"url\":\"https:\\\/\\\/meber2026.graphoservice.it\\\/wp-content\\\/uploads\\\/2026\\\/02\\\/Frog_7240_acciaio.jpg\",\"contentUrl\":\"https:\\\/\\\/meber2026.graphoservice.it\\\/wp-content\\\/uploads\\\/2026\\\/02\\\/Frog_7240_acciaio.jpg\",\"width\":780,\"height\":641},{\"@type\":\"BreadcrumbList\",\"@id\":\"https:\\\/\\\/meber2026.graphoservice.it\\\/fr\\\/product\\\/frog-7240-proof\\\/#breadcrumb\",\"itemListElement\":[{\"@type\":\"ListItem\",\"position\":1,\"name\":\"Home\",\"item\":\"https:\\\/\\\/meber2026.graphoservice.it\\\/fr\\\/\"},{\"@type\":\"ListItem\",\"position\":2,\"name\":\"Frog 7240 PROOF\"}]},{\"@type\":\"WebSite\",\"@id\":\"https:\\\/\\\/meber2026.graphoservice.it\\\/fr\\\/#website\",\"url\":\"https:\\\/\\\/meber2026.graphoservice.it\\\/fr\\\/\",\"name\":\"Me.Ber.\",\"description\":\"In Case of Emergerncy\",\"potentialAction\":[{\"@type\":\"SearchAction\",\"target\":{\"@type\":\"EntryPoint\",\"urlTemplate\":\"https:\\\/\\\/meber2026.graphoservice.it\\\/fr\\\/?s={search_term_string}\"},\"query-input\":{\"@type\":\"PropertyValueSpecification\",\"valueRequired\":true,\"valueName\":\"search_term_string\"}}],\"inLanguage\":\"fr-FR\"}]}<\/script>\n<!-- \/ Yoast SEO plugin. -->","yoast_head_json":{"title":"Brancard \u00e0 chargement automatique Frog 7240 Proof","description":"Brancard \u00e0 chargement automatique Frog PLUS pour ambulances. \u00c9quip\u00e9 de Trendelenburg certifi\u00e9 et d\u2019un dossier inclinable. Avec matelas et ceintures.","robots":{"index":"noindex","follow":"follow","max-snippet":"max-snippet:-1","max-image-preview":"max-image-preview:large","max-video-preview":"max-video-preview:-1"},"og_locale":"fr_FR","og_type":"article","og_title":"Brancard \u00e0 chargement automatique Frog 7240 Proof","og_description":"Brancard \u00e0 chargement automatique Frog PLUS pour ambulances. \u00c9quip\u00e9 de Trendelenburg certifi\u00e9 et d\u2019un dossier inclinable. Avec matelas et ceintures.","og_url":"https:\/\/meber2026.graphoservice.it\/fr\/product\/frog-7240-proof\/","og_site_name":"Me.Ber.","article_modified_time":"2026-04-28T15:52:06+00:00","og_image":[{"width":780,"height":641,"url":"https:\/\/meber2026.graphoservice.it\/wp-content\/uploads\/2026\/02\/Frog_7240_acciaio.jpg","type":"image\/jpeg"}],"twitter_card":"summary_large_image","twitter_misc":{"Dur\u00e9e de lecture estim\u00e9e":"1 minute"},"schema":{"@context":"https:\/\/schema.org","@graph":[{"@type":"WebPage","@id":"https:\/\/meber2026.graphoservice.it\/fr\/product\/frog-7240-proof\/","url":"https:\/\/meber2026.graphoservice.it\/fr\/product\/frog-7240-proof\/","name":"Brancard \u00e0 chargement automatique Frog 7240 Proof","isPartOf":{"@id":"https:\/\/meber2026.graphoservice.it\/fr\/#website"},"primaryImageOfPage":{"@id":"https:\/\/meber2026.graphoservice.it\/fr\/product\/frog-7240-proof\/#primaryimage"},"image":{"@id":"https:\/\/meber2026.graphoservice.it\/fr\/product\/frog-7240-proof\/#primaryimage"},"thumbnailUrl":"https:\/\/meber2026.graphoservice.it\/wp-content\/uploads\/2026\/02\/Frog_7240_acciaio.jpg","datePublished":"2026-02-10T09:25:03+00:00","dateModified":"2026-04-28T15:52:06+00:00","description":"Brancard \u00e0 chargement automatique Frog PLUS pour ambulances. \u00c9quip\u00e9 de Trendelenburg certifi\u00e9 et d\u2019un dossier inclinable. Avec matelas et ceintures.","breadcrumb":{"@id":"https:\/\/meber2026.graphoservice.it\/fr\/product\/frog-7240-proof\/#breadcrumb"},"inLanguage":"fr-FR","potentialAction":[{"@type":"ReadAction","target":["https:\/\/meber2026.graphoservice.it\/fr\/product\/frog-7240-proof\/"]}]},{"@type":"ImageObject","inLanguage":"fr-FR","@id":"https:\/\/meber2026.graphoservice.it\/fr\/product\/frog-7240-proof\/#primaryimage","url":"https:\/\/meber2026.graphoservice.it\/wp-content\/uploads\/2026\/02\/Frog_7240_acciaio.jpg","contentUrl":"https:\/\/meber2026.graphoservice.it\/wp-content\/uploads\/2026\/02\/Frog_7240_acciaio.jpg","width":780,"height":641},{"@type":"BreadcrumbList","@id":"https:\/\/meber2026.graphoservice.it\/fr\/product\/frog-7240-proof\/#breadcrumb","itemListElement":[{"@type":"ListItem","position":1,"name":"Home","item":"https:\/\/meber2026.graphoservice.it\/fr\/"},{"@type":"ListItem","position":2,"name":"Frog 7240 PROOF"}]},{"@type":"WebSite","@id":"https:\/\/meber2026.graphoservice.it\/fr\/#website","url":"https:\/\/meber2026.graphoservice.it\/fr\/","name":"Me.Ber.","description":"In Case of Emergerncy","potentialAction":[{"@type":"SearchAction","target":{"@type":"EntryPoint","urlTemplate":"https:\/\/meber2026.graphoservice.it\/fr\/?s={search_term_string}"},"query-input":{"@type":"PropertyValueSpecification","valueRequired":true,"valueName":"search_term_string"}}],"inLanguage":"fr-FR"}]}},"_links":{"self":[{"href":"https:\/\/meber2026.graphoservice.it\/fr\/wp-json\/wp\/v2\/product\/17833","targetHints":{"allow":["GET"]}}],"collection":[{"href":"https:\/\/meber2026.graphoservice.it\/fr\/wp-json\/wp\/v2\/product"}],"about":[{"href":"https:\/\/meber2026.graphoservice.it\/fr\/wp-json\/wp\/v2\/types\/product"}],"author":[{"embeddable":true,"href":"https:\/\/meber2026.graphoservice.it\/fr\/wp-json\/wp\/v2\/users\/1"}],"version-history":[{"count":1,"href":"https:\/\/meber2026.graphoservice.it\/fr\/wp-json\/wp\/v2\/product\/17833\/revisions"}],"predecessor-version":[{"id":30059,"href":"https:\/\/meber2026.graphoservice.it\/fr\/wp-json\/wp\/v2\/product\/17833\/revisions\/30059"}],"wp:featuredmedia":[{"embeddable":true,"href":"https:\/\/meber2026.graphoservice.it\/fr\/wp-json\/wp\/v2\/media\/13754"}],"wp:attachment":[{"href":"https:\/\/meber2026.graphoservice.it\/fr\/wp-json\/wp\/v2\/media?parent=17833"}],"wp:term":[{"taxonomy":"application-tag","embeddable":true,"href":"https:\/\/meber2026.graphoservice.it\/fr\/wp-json\/wp\/v2\/application-tag?post=17833"}],"curies":[{"name":"wp","href":"https:\/\/api.w.org\/{rel}","templated":true}]}}