{"id":17818,"date":"2026-02-10T09:25:02","date_gmt":"2026-02-10T09:25:02","guid":{"rendered":"https:\/\/meber2026.graphoservice.it\/product\/titanus-7062-4rg-proof\/"},"modified":"2026-02-10T09:25:02","modified_gmt":"2026-02-10T09:25:02","slug":"titanus-7062-4rg-proof","status":"publish","type":"product","link":"https:\/\/meber2026.graphoservice.it\/fr\/product\/titanus-7062-4rg-proof\/","title":{"rendered":"Titanus 7062\/4RG PROOF"},"content":{"rendered":"<p style=\"\">Titanus est propos\u00e9 comme la solution id\u00e9ale entre les brancards et les chariots \u00e0 chargement automatique \u00e0 hauteur variable pour les ambulances. Le syst\u00e8me d\u2019ancrage du brancard au chariot Titanus est test\u00e9 et certifi\u00e9 UNI EN 1789. La hauteur variable, ainsi que l\u2019abaissement des jambes pour le chargement et le d\u00e9chargement, est g\u00e9r\u00e9e par un syst\u00e8me \u00e0 2 pistons avec coulissement m\u00e9canique sur chaque axe. Les grandes roues de 200 mm et la configuration particuli\u00e8re des pieds conf\u00e8rent au chariot TITANUS stabilit\u00e9, maniabilit\u00e9 et ergonomie d\u2019utilisation.\u00a0<br \/> Cette version dispose de 4 roues pivotantes et vous permet de charger des ambulances avec une hauteur accrue sur les planchers.<\/p>\n<div style=\"\">\u00a0<\/div>\n<div style=\"\">\u00a0<\/div>\n<p class=\"MsoBodyText\" style=\"margin: 0cm 0cm 0pt;\"><span lang=\"EN-GB\" style=\"font-family: Arial; font-size: 10pt;\"><span lang=\"EN-GB\" style=\"font-family: Arial; font-size: 10pt;\"><strong><img loading=\"lazy\" decoding=\"async\" alt=\"\" height=\"88\" src=\"http:\/\/www.meber.it\/adm\/Images\/contents\/10G Logo 2019_def.png\" width=\"80\" \/><br \/> Appareil certifi\u00e9 selon les normes europ\u00e9ennes harmonis\u00e9es UNI EN1865 \u2013 UNI EN1789.<\/strong><\/span><\/span><br \/> \u00a0<\/p>\n","protected":false},"excerpt":{"rendered":"<p>Titanus est propos\u00e9 comme la solution id\u00e9ale entre les brancards et les chariots \u00e0 chargement automatique \u00e0 hauteur variable pour les ambulances. Le syst\u00e8me d\u2019ancrage du brancard au chariot Titanus est test\u00e9 et certifi\u00e9 UNI EN 1789. La hauteur variable, ainsi que l\u2019abaissement des jambes pour le chargement et le d\u00e9chargement, est g\u00e9r\u00e9e par un [&hellip;]<\/p>\n","protected":false},"author":1,"featured_media":13728,"parent":0,"menu_order":20002700,"template":"","meta":{"_acf_changed":false,"footnotes":""},"application-tag":[],"class_list":["post-17818","product","type-product","status-publish","has-post-thumbnail","hentry"],"acf":[],"dsm_author":{"name":"admeb26","avatar_url":"https:\/\/meber2026.graphoservice.it\/wp-content\/plugins\/ultimate-member\/assets\/img\/default_avatar.jpg","archive_link":"https:\/\/meber2026.graphoservice.it\/fr\/author\/admeb26\/","biodata":""},"dsm_categories":[],"dsm_attachment_categories":[],"dsm_featured_image":{"thumbnail":"https:\/\/meber2026.graphoservice.it\/wp-content\/uploads\/2026\/02\/7062_4rg_Titanus-150x150.jpg","medium":"https:\/\/meber2026.graphoservice.it\/wp-content\/uploads\/2026\/02\/7062_4rg_Titanus-300x217.jpg","medium_large":"https:\/\/meber2026.graphoservice.it\/wp-content\/uploads\/2026\/02\/7062_4rg_Titanus.jpg","large":"https:\/\/meber2026.graphoservice.it\/wp-content\/uploads\/2026\/02\/7062_4rg_Titanus.jpg","1536x1536":"https:\/\/meber2026.graphoservice.it\/wp-content\/uploads\/2026\/02\/7062_4rg_Titanus.jpg","2048x2048":"https:\/\/meber2026.graphoservice.it\/wp-content\/uploads\/2026\/02\/7062_4rg_Titanus.jpg","et-pb-post-main-image":"https:\/\/meber2026.graphoservice.it\/wp-content\/uploads\/2026\/02\/7062_4rg_Titanus-400x250.jpg","et-pb-post-main-image-fullwidth":"https:\/\/meber2026.graphoservice.it\/wp-content\/uploads\/2026\/02\/7062_4rg_Titanus.jpg","et-pb-portfolio-image":"https:\/\/meber2026.graphoservice.it\/wp-content\/uploads\/2026\/02\/7062_4rg_Titanus-400x284.jpg","et-pb-portfolio-module-image":"https:\/\/meber2026.graphoservice.it\/wp-content\/uploads\/2026\/02\/7062_4rg_Titanus-510x382.jpg","et-pb-portfolio-image-single":"https:\/\/meber2026.graphoservice.it\/wp-content\/uploads\/2026\/02\/7062_4rg_Titanus.jpg","et-pb-gallery-module-image-portrait":"https:\/\/meber2026.graphoservice.it\/wp-content\/uploads\/2026\/02\/7062_4rg_Titanus-400x516.jpg","et-pb-post-main-image-fullwidth-large":"https:\/\/meber2026.graphoservice.it\/wp-content\/uploads\/2026\/02\/7062_4rg_Titanus.jpg","et-pb-image--responsive--desktop":"https:\/\/meber2026.graphoservice.it\/wp-content\/uploads\/2026\/02\/7062_4rg_Titanus.jpg","et-pb-image--responsive--tablet":"https:\/\/meber2026.graphoservice.it\/wp-content\/uploads\/2026\/02\/7062_4rg_Titanus.jpg","et-pb-image--responsive--phone":"https:\/\/meber2026.graphoservice.it\/wp-content\/uploads\/2026\/02\/7062_4rg_Titanus-480x348.jpg","full":"https:\/\/meber2026.graphoservice.it\/wp-content\/uploads\/2026\/02\/7062_4rg_Titanus.jpg"},"yoast_head":"<!-- This site is optimized with the Yoast SEO plugin v27.4 - https:\/\/yoast.com\/product\/yoast-seo-wordpress\/ -->\n<title>Titanus 7062\/4RG Proof<\/title>\n<meta name=\"description\" content=\"Chariot \u00e0 chargement automatique en acier inoxydable \u00e0 hauteur variable pour ambulance. Cette version dispose de 4 roues pivotantes et permet de charger des ambulances jusqu\u2019\u00e0 75 cm de haut sur les sols. Appareil certifi\u00e9.\" \/>\n<meta name=\"robots\" content=\"noindex, follow, max-snippet:-1, max-image-preview:large, max-video-preview:-1\" \/>\n<meta property=\"og:locale\" content=\"fr_FR\" \/>\n<meta property=\"og:type\" content=\"article\" \/>\n<meta property=\"og:title\" content=\"Titanus 7062\/4RG Proof\" \/>\n<meta property=\"og:description\" content=\"Chariot \u00e0 chargement automatique en acier inoxydable \u00e0 hauteur variable pour ambulance. Cette version dispose de 4 roues pivotantes et permet de charger des ambulances jusqu\u2019\u00e0 75 cm de haut sur les sols. Appareil certifi\u00e9.\" \/>\n<meta property=\"og:url\" content=\"https:\/\/meber2026.graphoservice.it\/fr\/product\/titanus-7062-4rg-proof\/\" \/>\n<meta property=\"og:site_name\" content=\"Me.Ber.\" \/>\n<meta name=\"twitter:card\" content=\"summary_large_image\" \/>\n<meta name=\"twitter:label1\" content=\"Dur\u00e9e de lecture estim\u00e9e\" \/>\n\t<meta name=\"twitter:data1\" content=\"1 minute\" \/>\n<script type=\"application\/ld+json\" class=\"yoast-schema-graph\">{\"@context\":\"https:\\\/\\\/schema.org\",\"@graph\":[{\"@type\":\"WebPage\",\"@id\":\"https:\\\/\\\/meber2026.graphoservice.it\\\/fr\\\/product\\\/titanus-7062-4rg-proof\\\/\",\"url\":\"https:\\\/\\\/meber2026.graphoservice.it\\\/fr\\\/product\\\/titanus-7062-4rg-proof\\\/\",\"name\":\"Titanus 7062\\\/4RG Proof\",\"isPartOf\":{\"@id\":\"https:\\\/\\\/meber2026.graphoservice.it\\\/fr\\\/#website\"},\"primaryImageOfPage\":{\"@id\":\"https:\\\/\\\/meber2026.graphoservice.it\\\/fr\\\/product\\\/titanus-7062-4rg-proof\\\/#primaryimage\"},\"image\":{\"@id\":\"https:\\\/\\\/meber2026.graphoservice.it\\\/fr\\\/product\\\/titanus-7062-4rg-proof\\\/#primaryimage\"},\"thumbnailUrl\":\"https:\\\/\\\/meber2026.graphoservice.it\\\/wp-content\\\/uploads\\\/2026\\\/02\\\/7062_4rg_Titanus.jpg\",\"datePublished\":\"2026-02-10T09:25:02+00:00\",\"description\":\"Chariot \u00e0 chargement automatique en acier inoxydable \u00e0 hauteur variable pour ambulance. Cette version dispose de 4 roues pivotantes et permet de charger des ambulances jusqu\u2019\u00e0 75 cm de haut sur les sols. Appareil certifi\u00e9.\",\"breadcrumb\":{\"@id\":\"https:\\\/\\\/meber2026.graphoservice.it\\\/fr\\\/product\\\/titanus-7062-4rg-proof\\\/#breadcrumb\"},\"inLanguage\":\"fr-FR\",\"potentialAction\":[{\"@type\":\"ReadAction\",\"target\":[\"https:\\\/\\\/meber2026.graphoservice.it\\\/fr\\\/product\\\/titanus-7062-4rg-proof\\\/\"]}]},{\"@type\":\"ImageObject\",\"inLanguage\":\"fr-FR\",\"@id\":\"https:\\\/\\\/meber2026.graphoservice.it\\\/fr\\\/product\\\/titanus-7062-4rg-proof\\\/#primaryimage\",\"url\":\"https:\\\/\\\/meber2026.graphoservice.it\\\/wp-content\\\/uploads\\\/2026\\\/02\\\/7062_4rg_Titanus.jpg\",\"contentUrl\":\"https:\\\/\\\/meber2026.graphoservice.it\\\/wp-content\\\/uploads\\\/2026\\\/02\\\/7062_4rg_Titanus.jpg\",\"width\":750,\"height\":543},{\"@type\":\"BreadcrumbList\",\"@id\":\"https:\\\/\\\/meber2026.graphoservice.it\\\/fr\\\/product\\\/titanus-7062-4rg-proof\\\/#breadcrumb\",\"itemListElement\":[{\"@type\":\"ListItem\",\"position\":1,\"name\":\"Home\",\"item\":\"https:\\\/\\\/meber2026.graphoservice.it\\\/fr\\\/\"},{\"@type\":\"ListItem\",\"position\":2,\"name\":\"Titanus 7062\\\/4RG PROOF\"}]},{\"@type\":\"WebSite\",\"@id\":\"https:\\\/\\\/meber2026.graphoservice.it\\\/fr\\\/#website\",\"url\":\"https:\\\/\\\/meber2026.graphoservice.it\\\/fr\\\/\",\"name\":\"Me.Ber.\",\"description\":\"In Case of Emergerncy\",\"potentialAction\":[{\"@type\":\"SearchAction\",\"target\":{\"@type\":\"EntryPoint\",\"urlTemplate\":\"https:\\\/\\\/meber2026.graphoservice.it\\\/fr\\\/?s={search_term_string}\"},\"query-input\":{\"@type\":\"PropertyValueSpecification\",\"valueRequired\":true,\"valueName\":\"search_term_string\"}}],\"inLanguage\":\"fr-FR\"}]}<\/script>\n<!-- \/ Yoast SEO plugin. -->","yoast_head_json":{"title":"Titanus 7062\/4RG Proof","description":"Chariot \u00e0 chargement automatique en acier inoxydable \u00e0 hauteur variable pour ambulance. Cette version dispose de 4 roues pivotantes et permet de charger des ambulances jusqu\u2019\u00e0 75 cm de haut sur les sols. Appareil certifi\u00e9.","robots":{"index":"noindex","follow":"follow","max-snippet":"max-snippet:-1","max-image-preview":"max-image-preview:large","max-video-preview":"max-video-preview:-1"},"og_locale":"fr_FR","og_type":"article","og_title":"Titanus 7062\/4RG Proof","og_description":"Chariot \u00e0 chargement automatique en acier inoxydable \u00e0 hauteur variable pour ambulance. Cette version dispose de 4 roues pivotantes et permet de charger des ambulances jusqu\u2019\u00e0 75 cm de haut sur les sols. Appareil certifi\u00e9.","og_url":"https:\/\/meber2026.graphoservice.it\/fr\/product\/titanus-7062-4rg-proof\/","og_site_name":"Me.Ber.","twitter_card":"summary_large_image","twitter_misc":{"Dur\u00e9e de lecture estim\u00e9e":"1 minute"},"schema":{"@context":"https:\/\/schema.org","@graph":[{"@type":"WebPage","@id":"https:\/\/meber2026.graphoservice.it\/fr\/product\/titanus-7062-4rg-proof\/","url":"https:\/\/meber2026.graphoservice.it\/fr\/product\/titanus-7062-4rg-proof\/","name":"Titanus 7062\/4RG Proof","isPartOf":{"@id":"https:\/\/meber2026.graphoservice.it\/fr\/#website"},"primaryImageOfPage":{"@id":"https:\/\/meber2026.graphoservice.it\/fr\/product\/titanus-7062-4rg-proof\/#primaryimage"},"image":{"@id":"https:\/\/meber2026.graphoservice.it\/fr\/product\/titanus-7062-4rg-proof\/#primaryimage"},"thumbnailUrl":"https:\/\/meber2026.graphoservice.it\/wp-content\/uploads\/2026\/02\/7062_4rg_Titanus.jpg","datePublished":"2026-02-10T09:25:02+00:00","description":"Chariot \u00e0 chargement automatique en acier inoxydable \u00e0 hauteur variable pour ambulance. Cette version dispose de 4 roues pivotantes et permet de charger des ambulances jusqu\u2019\u00e0 75 cm de haut sur les sols. Appareil certifi\u00e9.","breadcrumb":{"@id":"https:\/\/meber2026.graphoservice.it\/fr\/product\/titanus-7062-4rg-proof\/#breadcrumb"},"inLanguage":"fr-FR","potentialAction":[{"@type":"ReadAction","target":["https:\/\/meber2026.graphoservice.it\/fr\/product\/titanus-7062-4rg-proof\/"]}]},{"@type":"ImageObject","inLanguage":"fr-FR","@id":"https:\/\/meber2026.graphoservice.it\/fr\/product\/titanus-7062-4rg-proof\/#primaryimage","url":"https:\/\/meber2026.graphoservice.it\/wp-content\/uploads\/2026\/02\/7062_4rg_Titanus.jpg","contentUrl":"https:\/\/meber2026.graphoservice.it\/wp-content\/uploads\/2026\/02\/7062_4rg_Titanus.jpg","width":750,"height":543},{"@type":"BreadcrumbList","@id":"https:\/\/meber2026.graphoservice.it\/fr\/product\/titanus-7062-4rg-proof\/#breadcrumb","itemListElement":[{"@type":"ListItem","position":1,"name":"Home","item":"https:\/\/meber2026.graphoservice.it\/fr\/"},{"@type":"ListItem","position":2,"name":"Titanus 7062\/4RG PROOF"}]},{"@type":"WebSite","@id":"https:\/\/meber2026.graphoservice.it\/fr\/#website","url":"https:\/\/meber2026.graphoservice.it\/fr\/","name":"Me.Ber.","description":"In Case of Emergerncy","potentialAction":[{"@type":"SearchAction","target":{"@type":"EntryPoint","urlTemplate":"https:\/\/meber2026.graphoservice.it\/fr\/?s={search_term_string}"},"query-input":{"@type":"PropertyValueSpecification","valueRequired":true,"valueName":"search_term_string"}}],"inLanguage":"fr-FR"}]}},"_links":{"self":[{"href":"https:\/\/meber2026.graphoservice.it\/fr\/wp-json\/wp\/v2\/product\/17818","targetHints":{"allow":["GET"]}}],"collection":[{"href":"https:\/\/meber2026.graphoservice.it\/fr\/wp-json\/wp\/v2\/product"}],"about":[{"href":"https:\/\/meber2026.graphoservice.it\/fr\/wp-json\/wp\/v2\/types\/product"}],"author":[{"embeddable":true,"href":"https:\/\/meber2026.graphoservice.it\/fr\/wp-json\/wp\/v2\/users\/1"}],"version-history":[{"count":0,"href":"https:\/\/meber2026.graphoservice.it\/fr\/wp-json\/wp\/v2\/product\/17818\/revisions"}],"wp:featuredmedia":[{"embeddable":true,"href":"https:\/\/meber2026.graphoservice.it\/fr\/wp-json\/wp\/v2\/media\/13728"}],"wp:attachment":[{"href":"https:\/\/meber2026.graphoservice.it\/fr\/wp-json\/wp\/v2\/media?parent=17818"}],"wp:term":[{"taxonomy":"application-tag","embeddable":true,"href":"https:\/\/meber2026.graphoservice.it\/fr\/wp-json\/wp\/v2\/application-tag?post=17818"}],"curies":[{"name":"wp","href":"https:\/\/api.w.org\/{rel}","templated":true}]}}