{"id":17803,"date":"2026-02-10T09:25:01","date_gmt":"2026-02-10T09:25:01","guid":{"rendered":"https:\/\/meber2026.graphoservice.it\/product\/spider-baby-692\/"},"modified":"2026-04-28T15:51:35","modified_gmt":"2026-04-28T15:51:35","slug":"spider-baby-692","status":"publish","type":"product","link":"https:\/\/meber2026.graphoservice.it\/fr\/product\/spider-baby-692\/","title":{"rendered":"Spider Baby 692"},"content":{"rendered":"<div style=\"\"><span style=\"font-size: small;\">Syst\u00e8me de ceinture qui permet au patient p\u00e9diatrique d\u2019\u00eatre compl\u00e8tement immobilis\u00e9 sur la table \u00ab\u00a0DUCK\u00a0\u00bb <br \/> Gr\u00e2ce aux sangles transversales coulissantes et aux fermetures auto-agrippantes, il s\u2019adapte facilement \u00e0 tous les patients.<\/span><\/div>\n","protected":false},"excerpt":{"rendered":"<p>Syst\u00e8me de ceinture qui permet au patient p\u00e9diatrique d\u2019\u00eatre compl\u00e8tement immobilis\u00e9 sur la table \u00ab\u00a0DUCK\u00a0\u00bb Gr\u00e2ce aux sangles transversales coulissantes et aux fermetures auto-agrippantes, il s\u2019adapte facilement \u00e0 tous les patients.<\/p>\n","protected":false},"author":1,"featured_media":24190,"parent":0,"menu_order":100000300,"template":"","meta":{"_acf_changed":false,"footnotes":""},"application-tag":[68,89],"class_list":["post-17803","product","type-product","status-publish","has-post-thumbnail","hentry","application-tag-pediatrique","application-tag-systemes-de-retenue"],"acf":[],"dsm_author":{"name":"admeb26","avatar_url":"https:\/\/meber2026.graphoservice.it\/wp-content\/plugins\/ultimate-member\/assets\/img\/default_avatar.jpg","archive_link":"https:\/\/meber2026.graphoservice.it\/fr\/author\/admeb26\/","biodata":""},"dsm_categories":[],"dsm_attachment_categories":[],"dsm_featured_image":{"thumbnail":"https:\/\/meber2026.graphoservice.it\/wp-content\/uploads\/2026\/02\/692_duck_ragno2015-150x150.webp","medium":"https:\/\/meber2026.graphoservice.it\/wp-content\/uploads\/2026\/02\/692_duck_ragno2015-300x300.webp","medium_large":"https:\/\/meber2026.graphoservice.it\/wp-content\/uploads\/2026\/02\/692_duck_ragno2015-768x768.webp","large":"https:\/\/meber2026.graphoservice.it\/wp-content\/uploads\/2026\/02\/692_duck_ragno2015-1024x1024.webp","1536x1536":"https:\/\/meber2026.graphoservice.it\/wp-content\/uploads\/2026\/02\/692_duck_ragno2015-1536x1536.webp","2048x2048":"https:\/\/meber2026.graphoservice.it\/wp-content\/uploads\/2026\/02\/692_duck_ragno2015.webp","et-pb-post-main-image":"https:\/\/meber2026.graphoservice.it\/wp-content\/uploads\/2026\/02\/692_duck_ragno2015-400x250.webp","et-pb-post-main-image-fullwidth":"https:\/\/meber2026.graphoservice.it\/wp-content\/uploads\/2026\/02\/692_duck_ragno2015-1080x675.webp","et-pb-portfolio-image":"https:\/\/meber2026.graphoservice.it\/wp-content\/uploads\/2026\/02\/692_duck_ragno2015-400x284.webp","et-pb-portfolio-module-image":"https:\/\/meber2026.graphoservice.it\/wp-content\/uploads\/2026\/02\/692_duck_ragno2015-510x382.webp","et-pb-portfolio-image-single":"https:\/\/meber2026.graphoservice.it\/wp-content\/uploads\/2026\/02\/692_duck_ragno2015-1080x1080.webp","et-pb-gallery-module-image-portrait":"https:\/\/meber2026.graphoservice.it\/wp-content\/uploads\/2026\/02\/692_duck_ragno2015-400x516.webp","et-pb-post-main-image-fullwidth-large":"https:\/\/meber2026.graphoservice.it\/wp-content\/uploads\/2026\/02\/692_duck_ragno2015-2000x1800.webp","et-pb-image--responsive--desktop":"https:\/\/meber2026.graphoservice.it\/wp-content\/uploads\/2026\/02\/692_duck_ragno2015-1280x1280.webp","et-pb-image--responsive--tablet":"https:\/\/meber2026.graphoservice.it\/wp-content\/uploads\/2026\/02\/692_duck_ragno2015-980x980.webp","et-pb-image--responsive--phone":"https:\/\/meber2026.graphoservice.it\/wp-content\/uploads\/2026\/02\/692_duck_ragno2015-480x480.webp","full":"https:\/\/meber2026.graphoservice.it\/wp-content\/uploads\/2026\/02\/692_duck_ragno2015.webp"},"yoast_head":"<!-- This site is optimized with the Yoast SEO plugin v27.4 - https:\/\/yoast.com\/product\/yoast-seo-wordpress\/ -->\n<title>Spider Baby 692<\/title>\n<meta name=\"robots\" content=\"noindex, follow, max-snippet:-1, max-image-preview:large, max-video-preview:-1\" \/>\n<meta property=\"og:locale\" content=\"fr_FR\" \/>\n<meta property=\"og:type\" content=\"article\" \/>\n<meta property=\"og:title\" content=\"Spider Baby 692\" \/>\n<meta property=\"og:description\" content=\"Syst\u00e8me de ceinture qui permet au patient p\u00e9diatrique d\u2019\u00eatre compl\u00e8tement immobilis\u00e9 sur la table \u00ab\u00a0DUCK\u00a0\u00bb Gr\u00e2ce aux sangles transversales coulissantes et aux fermetures auto-agrippantes, il s\u2019adapte facilement \u00e0 tous les patients.\" \/>\n<meta property=\"og:url\" content=\"https:\/\/meber2026.graphoservice.it\/fr\/product\/spider-baby-692\/\" \/>\n<meta property=\"og:site_name\" content=\"Me.Ber.\" \/>\n<meta property=\"article:modified_time\" content=\"2026-04-28T15:51:35+00:00\" \/>\n<meta property=\"og:image\" content=\"https:\/\/meber2026.graphoservice.it\/wp-content\/uploads\/2026\/02\/692_duck_ragno2015.webp\" \/>\n\t<meta property=\"og:image:width\" content=\"2000\" \/>\n\t<meta property=\"og:image:height\" content=\"2000\" \/>\n\t<meta property=\"og:image:type\" content=\"image\/webp\" \/>\n<meta name=\"twitter:card\" content=\"summary_large_image\" \/>\n<script type=\"application\/ld+json\" class=\"yoast-schema-graph\">{\"@context\":\"https:\\\/\\\/schema.org\",\"@graph\":[{\"@type\":\"WebPage\",\"@id\":\"https:\\\/\\\/meber2026.graphoservice.it\\\/fr\\\/product\\\/spider-baby-692\\\/\",\"url\":\"https:\\\/\\\/meber2026.graphoservice.it\\\/fr\\\/product\\\/spider-baby-692\\\/\",\"name\":\"Spider Baby 692\",\"isPartOf\":{\"@id\":\"https:\\\/\\\/meber2026.graphoservice.it\\\/fr\\\/#website\"},\"primaryImageOfPage\":{\"@id\":\"https:\\\/\\\/meber2026.graphoservice.it\\\/fr\\\/product\\\/spider-baby-692\\\/#primaryimage\"},\"image\":{\"@id\":\"https:\\\/\\\/meber2026.graphoservice.it\\\/fr\\\/product\\\/spider-baby-692\\\/#primaryimage\"},\"thumbnailUrl\":\"https:\\\/\\\/meber2026.graphoservice.it\\\/wp-content\\\/uploads\\\/2026\\\/02\\\/692_duck_ragno2015.webp\",\"datePublished\":\"2026-02-10T09:25:01+00:00\",\"dateModified\":\"2026-04-28T15:51:35+00:00\",\"breadcrumb\":{\"@id\":\"https:\\\/\\\/meber2026.graphoservice.it\\\/fr\\\/product\\\/spider-baby-692\\\/#breadcrumb\"},\"inLanguage\":\"fr-FR\",\"potentialAction\":[{\"@type\":\"ReadAction\",\"target\":[\"https:\\\/\\\/meber2026.graphoservice.it\\\/fr\\\/product\\\/spider-baby-692\\\/\"]}]},{\"@type\":\"ImageObject\",\"inLanguage\":\"fr-FR\",\"@id\":\"https:\\\/\\\/meber2026.graphoservice.it\\\/fr\\\/product\\\/spider-baby-692\\\/#primaryimage\",\"url\":\"https:\\\/\\\/meber2026.graphoservice.it\\\/wp-content\\\/uploads\\\/2026\\\/02\\\/692_duck_ragno2015.webp\",\"contentUrl\":\"https:\\\/\\\/meber2026.graphoservice.it\\\/wp-content\\\/uploads\\\/2026\\\/02\\\/692_duck_ragno2015.webp\",\"width\":2000,\"height\":2000},{\"@type\":\"BreadcrumbList\",\"@id\":\"https:\\\/\\\/meber2026.graphoservice.it\\\/fr\\\/product\\\/spider-baby-692\\\/#breadcrumb\",\"itemListElement\":[{\"@type\":\"ListItem\",\"position\":1,\"name\":\"Home\",\"item\":\"https:\\\/\\\/meber2026.graphoservice.it\\\/fr\\\/\"},{\"@type\":\"ListItem\",\"position\":2,\"name\":\"Spider Baby 692\"}]},{\"@type\":\"WebSite\",\"@id\":\"https:\\\/\\\/meber2026.graphoservice.it\\\/fr\\\/#website\",\"url\":\"https:\\\/\\\/meber2026.graphoservice.it\\\/fr\\\/\",\"name\":\"Me.Ber.\",\"description\":\"In Case of Emergerncy\",\"potentialAction\":[{\"@type\":\"SearchAction\",\"target\":{\"@type\":\"EntryPoint\",\"urlTemplate\":\"https:\\\/\\\/meber2026.graphoservice.it\\\/fr\\\/?s={search_term_string}\"},\"query-input\":{\"@type\":\"PropertyValueSpecification\",\"valueRequired\":true,\"valueName\":\"search_term_string\"}}],\"inLanguage\":\"fr-FR\"}]}<\/script>\n<!-- \/ Yoast SEO plugin. -->","yoast_head_json":{"title":"Spider Baby 692","robots":{"index":"noindex","follow":"follow","max-snippet":"max-snippet:-1","max-image-preview":"max-image-preview:large","max-video-preview":"max-video-preview:-1"},"og_locale":"fr_FR","og_type":"article","og_title":"Spider Baby 692","og_description":"Syst\u00e8me de ceinture qui permet au patient p\u00e9diatrique d\u2019\u00eatre compl\u00e8tement immobilis\u00e9 sur la table \u00ab\u00a0DUCK\u00a0\u00bb Gr\u00e2ce aux sangles transversales coulissantes et aux fermetures auto-agrippantes, il s\u2019adapte facilement \u00e0 tous les patients.","og_url":"https:\/\/meber2026.graphoservice.it\/fr\/product\/spider-baby-692\/","og_site_name":"Me.Ber.","article_modified_time":"2026-04-28T15:51:35+00:00","og_image":[{"width":2000,"height":2000,"url":"https:\/\/meber2026.graphoservice.it\/wp-content\/uploads\/2026\/02\/692_duck_ragno2015.webp","type":"image\/webp"}],"twitter_card":"summary_large_image","schema":{"@context":"https:\/\/schema.org","@graph":[{"@type":"WebPage","@id":"https:\/\/meber2026.graphoservice.it\/fr\/product\/spider-baby-692\/","url":"https:\/\/meber2026.graphoservice.it\/fr\/product\/spider-baby-692\/","name":"Spider Baby 692","isPartOf":{"@id":"https:\/\/meber2026.graphoservice.it\/fr\/#website"},"primaryImageOfPage":{"@id":"https:\/\/meber2026.graphoservice.it\/fr\/product\/spider-baby-692\/#primaryimage"},"image":{"@id":"https:\/\/meber2026.graphoservice.it\/fr\/product\/spider-baby-692\/#primaryimage"},"thumbnailUrl":"https:\/\/meber2026.graphoservice.it\/wp-content\/uploads\/2026\/02\/692_duck_ragno2015.webp","datePublished":"2026-02-10T09:25:01+00:00","dateModified":"2026-04-28T15:51:35+00:00","breadcrumb":{"@id":"https:\/\/meber2026.graphoservice.it\/fr\/product\/spider-baby-692\/#breadcrumb"},"inLanguage":"fr-FR","potentialAction":[{"@type":"ReadAction","target":["https:\/\/meber2026.graphoservice.it\/fr\/product\/spider-baby-692\/"]}]},{"@type":"ImageObject","inLanguage":"fr-FR","@id":"https:\/\/meber2026.graphoservice.it\/fr\/product\/spider-baby-692\/#primaryimage","url":"https:\/\/meber2026.graphoservice.it\/wp-content\/uploads\/2026\/02\/692_duck_ragno2015.webp","contentUrl":"https:\/\/meber2026.graphoservice.it\/wp-content\/uploads\/2026\/02\/692_duck_ragno2015.webp","width":2000,"height":2000},{"@type":"BreadcrumbList","@id":"https:\/\/meber2026.graphoservice.it\/fr\/product\/spider-baby-692\/#breadcrumb","itemListElement":[{"@type":"ListItem","position":1,"name":"Home","item":"https:\/\/meber2026.graphoservice.it\/fr\/"},{"@type":"ListItem","position":2,"name":"Spider Baby 692"}]},{"@type":"WebSite","@id":"https:\/\/meber2026.graphoservice.it\/fr\/#website","url":"https:\/\/meber2026.graphoservice.it\/fr\/","name":"Me.Ber.","description":"In Case of Emergerncy","potentialAction":[{"@type":"SearchAction","target":{"@type":"EntryPoint","urlTemplate":"https:\/\/meber2026.graphoservice.it\/fr\/?s={search_term_string}"},"query-input":{"@type":"PropertyValueSpecification","valueRequired":true,"valueName":"search_term_string"}}],"inLanguage":"fr-FR"}]}},"_links":{"self":[{"href":"https:\/\/meber2026.graphoservice.it\/fr\/wp-json\/wp\/v2\/product\/17803","targetHints":{"allow":["GET"]}}],"collection":[{"href":"https:\/\/meber2026.graphoservice.it\/fr\/wp-json\/wp\/v2\/product"}],"about":[{"href":"https:\/\/meber2026.graphoservice.it\/fr\/wp-json\/wp\/v2\/types\/product"}],"author":[{"embeddable":true,"href":"https:\/\/meber2026.graphoservice.it\/fr\/wp-json\/wp\/v2\/users\/1"}],"version-history":[{"count":1,"href":"https:\/\/meber2026.graphoservice.it\/fr\/wp-json\/wp\/v2\/product\/17803\/revisions"}],"predecessor-version":[{"id":30035,"href":"https:\/\/meber2026.graphoservice.it\/fr\/wp-json\/wp\/v2\/product\/17803\/revisions\/30035"}],"wp:featuredmedia":[{"embeddable":true,"href":"https:\/\/meber2026.graphoservice.it\/fr\/wp-json\/wp\/v2\/media\/24190"}],"wp:attachment":[{"href":"https:\/\/meber2026.graphoservice.it\/fr\/wp-json\/wp\/v2\/media?parent=17803"}],"wp:term":[{"taxonomy":"application-tag","embeddable":true,"href":"https:\/\/meber2026.graphoservice.it\/fr\/wp-json\/wp\/v2\/application-tag?post=17803"}],"curies":[{"name":"wp","href":"https:\/\/api.w.org\/{rel}","templated":true}]}}