{"id":17788,"date":"2026-02-10T09:25:00","date_gmt":"2026-02-10T09:25:00","guid":{"rendered":"https:\/\/meber2026.graphoservice.it\/product\/brancard-pliant-660\/"},"modified":"2026-02-10T09:25:00","modified_gmt":"2026-02-10T09:25:00","slug":"brancard-pliant-660","status":"publish","type":"product","link":"https:\/\/meber2026.graphoservice.it\/fr\/product\/brancard-pliant-660\/","title":{"rendered":"Brancard pliant 660"},"content":{"rendered":"<div style=\"\">Le brancard pliable en quatre pr\u00e9sente des caract\u00e9ristiques qui en font l\u2019un des plus complets et des plus polyvalents de la gamme. La structure, en tube d\u2019aluminium rond, rend ce brancard robuste et l\u00e9ger. Il est \u00e9galement \u00e9quip\u00e9 de quatre poign\u00e9es amovibles qui permettent d\u2019utiliser une plus grande surface d\u2019appui..<br \/>\n\u00a0<\/div>\n<ul>\n<li style=\"\">Pliage en quatre pour un placement facile<\/li>\n<li style=\"\">T\u00f4le grise en nylon enduite de PVC ignifuge, imperm\u00e9able, ind\u00e9chirable, facile \u00e0 nettoyer<\/li>\n<li style=\"\">Avec deux ceintures \u00e0 d\u00e9gagement rapide pour l\u2019immobilisation du patient (Art. 605\/Nmeb)<\/li>\n<\/ul>\n","protected":false},"excerpt":{"rendered":"<p>Le brancard pliable en quatre pr\u00e9sente des caract\u00e9ristiques qui en font l\u2019un des plus complets et des plus polyvalents de la gamme. La structure, en tube d\u2019aluminium rond, rend ce brancard robuste et l\u00e9ger. Il est \u00e9galement \u00e9quip\u00e9 de quatre poign\u00e9es amovibles qui permettent d\u2019utiliser une plus grande surface d\u2019appui.. \u00a0 Pliage en quatre pour [&hellip;]<\/p>\n","protected":false},"author":1,"featured_media":13675,"parent":0,"menu_order":10001900,"template":"","meta":{"_acf_changed":false,"footnotes":""},"application-tag":[71],"class_list":["post-17788","product","type-product","status-publish","has-post-thumbnail","hentry","application-tag-brancards"],"acf":[],"dsm_author":{"name":"admeb26","avatar_url":"https:\/\/meber2026.graphoservice.it\/wp-content\/plugins\/ultimate-member\/assets\/img\/default_avatar.jpg","archive_link":"https:\/\/meber2026.graphoservice.it\/fr\/author\/admeb26\/","biodata":""},"dsm_categories":[],"dsm_attachment_categories":[],"dsm_featured_image":{"thumbnail":"https:\/\/meber2026.graphoservice.it\/wp-content\/uploads\/2026\/02\/660-150x150.jpg","medium":"https:\/\/meber2026.graphoservice.it\/wp-content\/uploads\/2026\/02\/660-300x107.jpg","medium_large":"https:\/\/meber2026.graphoservice.it\/wp-content\/uploads\/2026\/02\/660-768x273.jpg","large":"https:\/\/meber2026.graphoservice.it\/wp-content\/uploads\/2026\/02\/660.jpg","1536x1536":"https:\/\/meber2026.graphoservice.it\/wp-content\/uploads\/2026\/02\/660.jpg","2048x2048":"https:\/\/meber2026.graphoservice.it\/wp-content\/uploads\/2026\/02\/660.jpg","et-pb-post-main-image":"https:\/\/meber2026.graphoservice.it\/wp-content\/uploads\/2026\/02\/660-400x250.jpg","et-pb-post-main-image-fullwidth":"https:\/\/meber2026.graphoservice.it\/wp-content\/uploads\/2026\/02\/660.jpg","et-pb-portfolio-image":"https:\/\/meber2026.graphoservice.it\/wp-content\/uploads\/2026\/02\/660-400x277.jpg","et-pb-portfolio-module-image":"https:\/\/meber2026.graphoservice.it\/wp-content\/uploads\/2026\/02\/660-510x277.jpg","et-pb-portfolio-image-single":"https:\/\/meber2026.graphoservice.it\/wp-content\/uploads\/2026\/02\/660.jpg","et-pb-gallery-module-image-portrait":"https:\/\/meber2026.graphoservice.it\/wp-content\/uploads\/2026\/02\/660-400x277.jpg","et-pb-post-main-image-fullwidth-large":"https:\/\/meber2026.graphoservice.it\/wp-content\/uploads\/2026\/02\/660.jpg","et-pb-image--responsive--desktop":"https:\/\/meber2026.graphoservice.it\/wp-content\/uploads\/2026\/02\/660.jpg","et-pb-image--responsive--tablet":"https:\/\/meber2026.graphoservice.it\/wp-content\/uploads\/2026\/02\/660.jpg","et-pb-image--responsive--phone":"https:\/\/meber2026.graphoservice.it\/wp-content\/uploads\/2026\/02\/660-480x170.jpg","full":"https:\/\/meber2026.graphoservice.it\/wp-content\/uploads\/2026\/02\/660.jpg"},"yoast_head":"<!-- This site is optimized with the Yoast SEO plugin v27.4 - https:\/\/yoast.com\/product\/yoast-seo-wordpress\/ -->\n<title>Brancard pliant art. 660 Meber<\/title>\n<meta name=\"description\" content=\"Le brancard pliable en quatre 660 est robuste et l\u00e9ger, et est \u00e9quip\u00e9 de 4 poign\u00e9es extractibles. Id\u00e9al pour un placement facile \u00e0 l\u2019int\u00e9rieur des v\u00e9hicules d\u2019urgence.\" \/>\n<meta name=\"robots\" content=\"noindex, follow, max-snippet:-1, max-image-preview:large, max-video-preview:-1\" \/>\n<meta property=\"og:locale\" content=\"fr_FR\" \/>\n<meta property=\"og:type\" content=\"article\" \/>\n<meta property=\"og:title\" content=\"Brancard pliant art. 660 Meber\" \/>\n<meta property=\"og:description\" content=\"Le brancard pliable en quatre 660 est robuste et l\u00e9ger, et est \u00e9quip\u00e9 de 4 poign\u00e9es extractibles. Id\u00e9al pour un placement facile \u00e0 l\u2019int\u00e9rieur des v\u00e9hicules d\u2019urgence.\" \/>\n<meta property=\"og:url\" content=\"https:\/\/meber2026.graphoservice.it\/fr\/product\/brancard-pliant-660\/\" \/>\n<meta property=\"og:site_name\" content=\"Me.Ber.\" \/>\n<meta name=\"twitter:card\" content=\"summary_large_image\" \/>\n<script type=\"application\/ld+json\" class=\"yoast-schema-graph\">{\"@context\":\"https:\\\/\\\/schema.org\",\"@graph\":[{\"@type\":\"WebPage\",\"@id\":\"https:\\\/\\\/meber2026.graphoservice.it\\\/fr\\\/product\\\/brancard-pliant-660\\\/\",\"url\":\"https:\\\/\\\/meber2026.graphoservice.it\\\/fr\\\/product\\\/brancard-pliant-660\\\/\",\"name\":\"Brancard pliant art. 660 Meber\",\"isPartOf\":{\"@id\":\"https:\\\/\\\/meber2026.graphoservice.it\\\/fr\\\/#website\"},\"primaryImageOfPage\":{\"@id\":\"https:\\\/\\\/meber2026.graphoservice.it\\\/fr\\\/product\\\/brancard-pliant-660\\\/#primaryimage\"},\"image\":{\"@id\":\"https:\\\/\\\/meber2026.graphoservice.it\\\/fr\\\/product\\\/brancard-pliant-660\\\/#primaryimage\"},\"thumbnailUrl\":\"https:\\\/\\\/meber2026.graphoservice.it\\\/wp-content\\\/uploads\\\/2026\\\/02\\\/660.jpg\",\"datePublished\":\"2026-02-10T09:25:00+00:00\",\"description\":\"Le brancard pliable en quatre 660 est robuste et l\u00e9ger, et est \u00e9quip\u00e9 de 4 poign\u00e9es extractibles. Id\u00e9al pour un placement facile \u00e0 l\u2019int\u00e9rieur des v\u00e9hicules d\u2019urgence.\",\"breadcrumb\":{\"@id\":\"https:\\\/\\\/meber2026.graphoservice.it\\\/fr\\\/product\\\/brancard-pliant-660\\\/#breadcrumb\"},\"inLanguage\":\"fr-FR\",\"potentialAction\":[{\"@type\":\"ReadAction\",\"target\":[\"https:\\\/\\\/meber2026.graphoservice.it\\\/fr\\\/product\\\/brancard-pliant-660\\\/\"]}]},{\"@type\":\"ImageObject\",\"inLanguage\":\"fr-FR\",\"@id\":\"https:\\\/\\\/meber2026.graphoservice.it\\\/fr\\\/product\\\/brancard-pliant-660\\\/#primaryimage\",\"url\":\"https:\\\/\\\/meber2026.graphoservice.it\\\/wp-content\\\/uploads\\\/2026\\\/02\\\/660.jpg\",\"contentUrl\":\"https:\\\/\\\/meber2026.graphoservice.it\\\/wp-content\\\/uploads\\\/2026\\\/02\\\/660.jpg\",\"width\":780,\"height\":277},{\"@type\":\"BreadcrumbList\",\"@id\":\"https:\\\/\\\/meber2026.graphoservice.it\\\/fr\\\/product\\\/brancard-pliant-660\\\/#breadcrumb\",\"itemListElement\":[{\"@type\":\"ListItem\",\"position\":1,\"name\":\"Home\",\"item\":\"https:\\\/\\\/meber2026.graphoservice.it\\\/fr\\\/\"},{\"@type\":\"ListItem\",\"position\":2,\"name\":\"Brancard pliant 660\"}]},{\"@type\":\"WebSite\",\"@id\":\"https:\\\/\\\/meber2026.graphoservice.it\\\/fr\\\/#website\",\"url\":\"https:\\\/\\\/meber2026.graphoservice.it\\\/fr\\\/\",\"name\":\"Me.Ber.\",\"description\":\"In Case of Emergerncy\",\"potentialAction\":[{\"@type\":\"SearchAction\",\"target\":{\"@type\":\"EntryPoint\",\"urlTemplate\":\"https:\\\/\\\/meber2026.graphoservice.it\\\/fr\\\/?s={search_term_string}\"},\"query-input\":{\"@type\":\"PropertyValueSpecification\",\"valueRequired\":true,\"valueName\":\"search_term_string\"}}],\"inLanguage\":\"fr-FR\"}]}<\/script>\n<!-- \/ Yoast SEO plugin. -->","yoast_head_json":{"title":"Brancard pliant art. 660 Meber","description":"Le brancard pliable en quatre 660 est robuste et l\u00e9ger, et est \u00e9quip\u00e9 de 4 poign\u00e9es extractibles. Id\u00e9al pour un placement facile \u00e0 l\u2019int\u00e9rieur des v\u00e9hicules d\u2019urgence.","robots":{"index":"noindex","follow":"follow","max-snippet":"max-snippet:-1","max-image-preview":"max-image-preview:large","max-video-preview":"max-video-preview:-1"},"og_locale":"fr_FR","og_type":"article","og_title":"Brancard pliant art. 660 Meber","og_description":"Le brancard pliable en quatre 660 est robuste et l\u00e9ger, et est \u00e9quip\u00e9 de 4 poign\u00e9es extractibles. Id\u00e9al pour un placement facile \u00e0 l\u2019int\u00e9rieur des v\u00e9hicules d\u2019urgence.","og_url":"https:\/\/meber2026.graphoservice.it\/fr\/product\/brancard-pliant-660\/","og_site_name":"Me.Ber.","twitter_card":"summary_large_image","schema":{"@context":"https:\/\/schema.org","@graph":[{"@type":"WebPage","@id":"https:\/\/meber2026.graphoservice.it\/fr\/product\/brancard-pliant-660\/","url":"https:\/\/meber2026.graphoservice.it\/fr\/product\/brancard-pliant-660\/","name":"Brancard pliant art. 660 Meber","isPartOf":{"@id":"https:\/\/meber2026.graphoservice.it\/fr\/#website"},"primaryImageOfPage":{"@id":"https:\/\/meber2026.graphoservice.it\/fr\/product\/brancard-pliant-660\/#primaryimage"},"image":{"@id":"https:\/\/meber2026.graphoservice.it\/fr\/product\/brancard-pliant-660\/#primaryimage"},"thumbnailUrl":"https:\/\/meber2026.graphoservice.it\/wp-content\/uploads\/2026\/02\/660.jpg","datePublished":"2026-02-10T09:25:00+00:00","description":"Le brancard pliable en quatre 660 est robuste et l\u00e9ger, et est \u00e9quip\u00e9 de 4 poign\u00e9es extractibles. Id\u00e9al pour un placement facile \u00e0 l\u2019int\u00e9rieur des v\u00e9hicules d\u2019urgence.","breadcrumb":{"@id":"https:\/\/meber2026.graphoservice.it\/fr\/product\/brancard-pliant-660\/#breadcrumb"},"inLanguage":"fr-FR","potentialAction":[{"@type":"ReadAction","target":["https:\/\/meber2026.graphoservice.it\/fr\/product\/brancard-pliant-660\/"]}]},{"@type":"ImageObject","inLanguage":"fr-FR","@id":"https:\/\/meber2026.graphoservice.it\/fr\/product\/brancard-pliant-660\/#primaryimage","url":"https:\/\/meber2026.graphoservice.it\/wp-content\/uploads\/2026\/02\/660.jpg","contentUrl":"https:\/\/meber2026.graphoservice.it\/wp-content\/uploads\/2026\/02\/660.jpg","width":780,"height":277},{"@type":"BreadcrumbList","@id":"https:\/\/meber2026.graphoservice.it\/fr\/product\/brancard-pliant-660\/#breadcrumb","itemListElement":[{"@type":"ListItem","position":1,"name":"Home","item":"https:\/\/meber2026.graphoservice.it\/fr\/"},{"@type":"ListItem","position":2,"name":"Brancard pliant 660"}]},{"@type":"WebSite","@id":"https:\/\/meber2026.graphoservice.it\/fr\/#website","url":"https:\/\/meber2026.graphoservice.it\/fr\/","name":"Me.Ber.","description":"In Case of Emergerncy","potentialAction":[{"@type":"SearchAction","target":{"@type":"EntryPoint","urlTemplate":"https:\/\/meber2026.graphoservice.it\/fr\/?s={search_term_string}"},"query-input":{"@type":"PropertyValueSpecification","valueRequired":true,"valueName":"search_term_string"}}],"inLanguage":"fr-FR"}]}},"_links":{"self":[{"href":"https:\/\/meber2026.graphoservice.it\/fr\/wp-json\/wp\/v2\/product\/17788","targetHints":{"allow":["GET"]}}],"collection":[{"href":"https:\/\/meber2026.graphoservice.it\/fr\/wp-json\/wp\/v2\/product"}],"about":[{"href":"https:\/\/meber2026.graphoservice.it\/fr\/wp-json\/wp\/v2\/types\/product"}],"author":[{"embeddable":true,"href":"https:\/\/meber2026.graphoservice.it\/fr\/wp-json\/wp\/v2\/users\/1"}],"version-history":[{"count":0,"href":"https:\/\/meber2026.graphoservice.it\/fr\/wp-json\/wp\/v2\/product\/17788\/revisions"}],"wp:featuredmedia":[{"embeddable":true,"href":"https:\/\/meber2026.graphoservice.it\/fr\/wp-json\/wp\/v2\/media\/13675"}],"wp:attachment":[{"href":"https:\/\/meber2026.graphoservice.it\/fr\/wp-json\/wp\/v2\/media?parent=17788"}],"wp:term":[{"taxonomy":"application-tag","embeddable":true,"href":"https:\/\/meber2026.graphoservice.it\/fr\/wp-json\/wp\/v2\/application-tag?post=17788"}],"curies":[{"name":"wp","href":"https:\/\/api.w.org\/{rel}","templated":true}]}}