{"id":17783,"date":"2026-02-10T09:25:00","date_gmt":"2026-02-10T09:25:00","guid":{"rendered":"https:\/\/meber2026.graphoservice.it\/product\/brancard-de-secours-pliable-646\/"},"modified":"2026-02-10T09:25:00","modified_gmt":"2026-02-10T09:25:00","slug":"brancard-de-secours-pliable-646","status":"publish","type":"product","link":"https:\/\/meber2026.graphoservice.it\/fr\/product\/brancard-de-secours-pliable-646\/","title":{"rendered":"Brancard de secours pliable 646"},"content":{"rendered":"<div style=\"\">Con\u00e7u pour \u00eatre utilis\u00e9 \u00e9galement pour le transport lourd, il est pliable en deux parties, \u00e9quip\u00e9 d\u2019un tissu orange en nylon enduit de PVC ignifuge, imperm\u00e9able et ind\u00e9chirable. Les ceintures ne sont pas incluses (voir \u00ab\u00a0Syst\u00e8mes de retenue\u00a0\u00bb Art. 604\/MEB).<\/div>\n","protected":false},"excerpt":{"rendered":"<p>Con\u00e7u pour \u00eatre utilis\u00e9 \u00e9galement pour le transport lourd, il est pliable en deux parties, \u00e9quip\u00e9 d\u2019un tissu orange en nylon enduit de PVC ignifuge, imperm\u00e9able et ind\u00e9chirable. Les ceintures ne sont pas incluses (voir \u00ab\u00a0Syst\u00e8mes de retenue\u00a0\u00bb Art. 604\/MEB).<\/p>\n","protected":false},"author":1,"featured_media":13666,"parent":0,"menu_order":10001600,"template":"","meta":{"_acf_changed":false,"footnotes":""},"application-tag":[],"class_list":["post-17783","product","type-product","status-publish","has-post-thumbnail","hentry"],"acf":[],"dsm_author":{"name":"admeb26","avatar_url":"https:\/\/meber2026.graphoservice.it\/wp-content\/plugins\/ultimate-member\/assets\/img\/default_avatar.jpg","archive_link":"https:\/\/meber2026.graphoservice.it\/fr\/author\/admeb26\/","biodata":""},"dsm_categories":[],"dsm_attachment_categories":[],"dsm_featured_image":{"thumbnail":"https:\/\/meber2026.graphoservice.it\/wp-content\/uploads\/2026\/02\/6461-150x150.jpg","medium":"https:\/\/meber2026.graphoservice.it\/wp-content\/uploads\/2026\/02\/6461-300x97.jpg","medium_large":"https:\/\/meber2026.graphoservice.it\/wp-content\/uploads\/2026\/02\/6461-768x247.jpg","large":"https:\/\/meber2026.graphoservice.it\/wp-content\/uploads\/2026\/02\/6461.jpg","1536x1536":"https:\/\/meber2026.graphoservice.it\/wp-content\/uploads\/2026\/02\/6461.jpg","2048x2048":"https:\/\/meber2026.graphoservice.it\/wp-content\/uploads\/2026\/02\/6461.jpg","et-pb-post-main-image":"https:\/\/meber2026.graphoservice.it\/wp-content\/uploads\/2026\/02\/6461-400x250.jpg","et-pb-post-main-image-fullwidth":"https:\/\/meber2026.graphoservice.it\/wp-content\/uploads\/2026\/02\/6461.jpg","et-pb-portfolio-image":"https:\/\/meber2026.graphoservice.it\/wp-content\/uploads\/2026\/02\/6461-400x251.jpg","et-pb-portfolio-module-image":"https:\/\/meber2026.graphoservice.it\/wp-content\/uploads\/2026\/02\/6461-510x251.jpg","et-pb-portfolio-image-single":"https:\/\/meber2026.graphoservice.it\/wp-content\/uploads\/2026\/02\/6461.jpg","et-pb-gallery-module-image-portrait":"https:\/\/meber2026.graphoservice.it\/wp-content\/uploads\/2026\/02\/6461-400x251.jpg","et-pb-post-main-image-fullwidth-large":"https:\/\/meber2026.graphoservice.it\/wp-content\/uploads\/2026\/02\/6461.jpg","et-pb-image--responsive--desktop":"https:\/\/meber2026.graphoservice.it\/wp-content\/uploads\/2026\/02\/6461.jpg","et-pb-image--responsive--tablet":"https:\/\/meber2026.graphoservice.it\/wp-content\/uploads\/2026\/02\/6461.jpg","et-pb-image--responsive--phone":"https:\/\/meber2026.graphoservice.it\/wp-content\/uploads\/2026\/02\/6461-480x154.jpg","full":"https:\/\/meber2026.graphoservice.it\/wp-content\/uploads\/2026\/02\/6461.jpg"},"yoast_head":"<!-- This site is optimized with the Yoast SEO plugin v27.4 - https:\/\/yoast.com\/product\/yoast-seo-wordpress\/ -->\n<title>Brancard de secours pliable art. 646<\/title>\n<meta name=\"description\" content=\"Le brancard de secours rigide repliable 646 est \u00e9galement utilis\u00e9 pour le transport lourd, et est \u00e9quip\u00e9 d\u2019une b\u00e2che en nylon enduit de PVC, ignifuge et ind\u00e9chirable.\" \/>\n<meta name=\"robots\" content=\"noindex, follow, max-snippet:-1, max-image-preview:large, max-video-preview:-1\" \/>\n<meta property=\"og:locale\" content=\"fr_FR\" \/>\n<meta property=\"og:type\" content=\"article\" \/>\n<meta property=\"og:title\" content=\"Brancard de secours pliable art. 646\" \/>\n<meta property=\"og:description\" content=\"Le brancard de secours rigide repliable 646 est \u00e9galement utilis\u00e9 pour le transport lourd, et est \u00e9quip\u00e9 d\u2019une b\u00e2che en nylon enduit de PVC, ignifuge et ind\u00e9chirable.\" \/>\n<meta property=\"og:url\" content=\"https:\/\/meber2026.graphoservice.it\/fr\/product\/brancard-de-secours-pliable-646\/\" \/>\n<meta property=\"og:site_name\" content=\"Me.Ber.\" \/>\n<meta name=\"twitter:card\" content=\"summary_large_image\" \/>\n<script type=\"application\/ld+json\" class=\"yoast-schema-graph\">{\"@context\":\"https:\\\/\\\/schema.org\",\"@graph\":[{\"@type\":\"WebPage\",\"@id\":\"https:\\\/\\\/meber2026.graphoservice.it\\\/fr\\\/product\\\/brancard-de-secours-pliable-646\\\/\",\"url\":\"https:\\\/\\\/meber2026.graphoservice.it\\\/fr\\\/product\\\/brancard-de-secours-pliable-646\\\/\",\"name\":\"Brancard de secours pliable art. 646\",\"isPartOf\":{\"@id\":\"https:\\\/\\\/meber2026.graphoservice.it\\\/fr\\\/#website\"},\"primaryImageOfPage\":{\"@id\":\"https:\\\/\\\/meber2026.graphoservice.it\\\/fr\\\/product\\\/brancard-de-secours-pliable-646\\\/#primaryimage\"},\"image\":{\"@id\":\"https:\\\/\\\/meber2026.graphoservice.it\\\/fr\\\/product\\\/brancard-de-secours-pliable-646\\\/#primaryimage\"},\"thumbnailUrl\":\"https:\\\/\\\/meber2026.graphoservice.it\\\/wp-content\\\/uploads\\\/2026\\\/02\\\/6461.jpg\",\"datePublished\":\"2026-02-10T09:25:00+00:00\",\"description\":\"Le brancard de secours rigide repliable 646 est \u00e9galement utilis\u00e9 pour le transport lourd, et est \u00e9quip\u00e9 d\u2019une b\u00e2che en nylon enduit de PVC, ignifuge et ind\u00e9chirable.\",\"breadcrumb\":{\"@id\":\"https:\\\/\\\/meber2026.graphoservice.it\\\/fr\\\/product\\\/brancard-de-secours-pliable-646\\\/#breadcrumb\"},\"inLanguage\":\"fr-FR\",\"potentialAction\":[{\"@type\":\"ReadAction\",\"target\":[\"https:\\\/\\\/meber2026.graphoservice.it\\\/fr\\\/product\\\/brancard-de-secours-pliable-646\\\/\"]}]},{\"@type\":\"ImageObject\",\"inLanguage\":\"fr-FR\",\"@id\":\"https:\\\/\\\/meber2026.graphoservice.it\\\/fr\\\/product\\\/brancard-de-secours-pliable-646\\\/#primaryimage\",\"url\":\"https:\\\/\\\/meber2026.graphoservice.it\\\/wp-content\\\/uploads\\\/2026\\\/02\\\/6461.jpg\",\"contentUrl\":\"https:\\\/\\\/meber2026.graphoservice.it\\\/wp-content\\\/uploads\\\/2026\\\/02\\\/6461.jpg\",\"width\":780,\"height\":251},{\"@type\":\"BreadcrumbList\",\"@id\":\"https:\\\/\\\/meber2026.graphoservice.it\\\/fr\\\/product\\\/brancard-de-secours-pliable-646\\\/#breadcrumb\",\"itemListElement\":[{\"@type\":\"ListItem\",\"position\":1,\"name\":\"Home\",\"item\":\"https:\\\/\\\/meber2026.graphoservice.it\\\/fr\\\/\"},{\"@type\":\"ListItem\",\"position\":2,\"name\":\"Brancard de secours pliable 646\"}]},{\"@type\":\"WebSite\",\"@id\":\"https:\\\/\\\/meber2026.graphoservice.it\\\/fr\\\/#website\",\"url\":\"https:\\\/\\\/meber2026.graphoservice.it\\\/fr\\\/\",\"name\":\"Me.Ber.\",\"description\":\"In Case of Emergerncy\",\"potentialAction\":[{\"@type\":\"SearchAction\",\"target\":{\"@type\":\"EntryPoint\",\"urlTemplate\":\"https:\\\/\\\/meber2026.graphoservice.it\\\/fr\\\/?s={search_term_string}\"},\"query-input\":{\"@type\":\"PropertyValueSpecification\",\"valueRequired\":true,\"valueName\":\"search_term_string\"}}],\"inLanguage\":\"fr-FR\"}]}<\/script>\n<!-- \/ Yoast SEO plugin. -->","yoast_head_json":{"title":"Brancard de secours pliable art. 646","description":"Le brancard de secours rigide repliable 646 est \u00e9galement utilis\u00e9 pour le transport lourd, et est \u00e9quip\u00e9 d\u2019une b\u00e2che en nylon enduit de PVC, ignifuge et ind\u00e9chirable.","robots":{"index":"noindex","follow":"follow","max-snippet":"max-snippet:-1","max-image-preview":"max-image-preview:large","max-video-preview":"max-video-preview:-1"},"og_locale":"fr_FR","og_type":"article","og_title":"Brancard de secours pliable art. 646","og_description":"Le brancard de secours rigide repliable 646 est \u00e9galement utilis\u00e9 pour le transport lourd, et est \u00e9quip\u00e9 d\u2019une b\u00e2che en nylon enduit de PVC, ignifuge et ind\u00e9chirable.","og_url":"https:\/\/meber2026.graphoservice.it\/fr\/product\/brancard-de-secours-pliable-646\/","og_site_name":"Me.Ber.","twitter_card":"summary_large_image","schema":{"@context":"https:\/\/schema.org","@graph":[{"@type":"WebPage","@id":"https:\/\/meber2026.graphoservice.it\/fr\/product\/brancard-de-secours-pliable-646\/","url":"https:\/\/meber2026.graphoservice.it\/fr\/product\/brancard-de-secours-pliable-646\/","name":"Brancard de secours pliable art. 646","isPartOf":{"@id":"https:\/\/meber2026.graphoservice.it\/fr\/#website"},"primaryImageOfPage":{"@id":"https:\/\/meber2026.graphoservice.it\/fr\/product\/brancard-de-secours-pliable-646\/#primaryimage"},"image":{"@id":"https:\/\/meber2026.graphoservice.it\/fr\/product\/brancard-de-secours-pliable-646\/#primaryimage"},"thumbnailUrl":"https:\/\/meber2026.graphoservice.it\/wp-content\/uploads\/2026\/02\/6461.jpg","datePublished":"2026-02-10T09:25:00+00:00","description":"Le brancard de secours rigide repliable 646 est \u00e9galement utilis\u00e9 pour le transport lourd, et est \u00e9quip\u00e9 d\u2019une b\u00e2che en nylon enduit de PVC, ignifuge et ind\u00e9chirable.","breadcrumb":{"@id":"https:\/\/meber2026.graphoservice.it\/fr\/product\/brancard-de-secours-pliable-646\/#breadcrumb"},"inLanguage":"fr-FR","potentialAction":[{"@type":"ReadAction","target":["https:\/\/meber2026.graphoservice.it\/fr\/product\/brancard-de-secours-pliable-646\/"]}]},{"@type":"ImageObject","inLanguage":"fr-FR","@id":"https:\/\/meber2026.graphoservice.it\/fr\/product\/brancard-de-secours-pliable-646\/#primaryimage","url":"https:\/\/meber2026.graphoservice.it\/wp-content\/uploads\/2026\/02\/6461.jpg","contentUrl":"https:\/\/meber2026.graphoservice.it\/wp-content\/uploads\/2026\/02\/6461.jpg","width":780,"height":251},{"@type":"BreadcrumbList","@id":"https:\/\/meber2026.graphoservice.it\/fr\/product\/brancard-de-secours-pliable-646\/#breadcrumb","itemListElement":[{"@type":"ListItem","position":1,"name":"Home","item":"https:\/\/meber2026.graphoservice.it\/fr\/"},{"@type":"ListItem","position":2,"name":"Brancard de secours pliable 646"}]},{"@type":"WebSite","@id":"https:\/\/meber2026.graphoservice.it\/fr\/#website","url":"https:\/\/meber2026.graphoservice.it\/fr\/","name":"Me.Ber.","description":"In Case of Emergerncy","potentialAction":[{"@type":"SearchAction","target":{"@type":"EntryPoint","urlTemplate":"https:\/\/meber2026.graphoservice.it\/fr\/?s={search_term_string}"},"query-input":{"@type":"PropertyValueSpecification","valueRequired":true,"valueName":"search_term_string"}}],"inLanguage":"fr-FR"}]}},"_links":{"self":[{"href":"https:\/\/meber2026.graphoservice.it\/fr\/wp-json\/wp\/v2\/product\/17783","targetHints":{"allow":["GET"]}}],"collection":[{"href":"https:\/\/meber2026.graphoservice.it\/fr\/wp-json\/wp\/v2\/product"}],"about":[{"href":"https:\/\/meber2026.graphoservice.it\/fr\/wp-json\/wp\/v2\/types\/product"}],"author":[{"embeddable":true,"href":"https:\/\/meber2026.graphoservice.it\/fr\/wp-json\/wp\/v2\/users\/1"}],"version-history":[{"count":0,"href":"https:\/\/meber2026.graphoservice.it\/fr\/wp-json\/wp\/v2\/product\/17783\/revisions"}],"wp:featuredmedia":[{"embeddable":true,"href":"https:\/\/meber2026.graphoservice.it\/fr\/wp-json\/wp\/v2\/media\/13666"}],"wp:attachment":[{"href":"https:\/\/meber2026.graphoservice.it\/fr\/wp-json\/wp\/v2\/media?parent=17783"}],"wp:term":[{"taxonomy":"application-tag","embeddable":true,"href":"https:\/\/meber2026.graphoservice.it\/fr\/wp-json\/wp\/v2\/application-tag?post=17783"}],"curies":[{"name":"wp","href":"https:\/\/api.w.org\/{rel}","templated":true}]}}