{"id":17773,"date":"2026-02-10T09:24:59","date_gmt":"2026-02-10T09:24:59","guid":{"rendered":"https:\/\/meber2026.graphoservice.it\/product\/brancard-pliant-643\/"},"modified":"2026-02-10T09:24:59","modified_gmt":"2026-02-10T09:24:59","slug":"brancard-pliant-643","status":"publish","type":"product","link":"https:\/\/meber2026.graphoservice.it\/fr\/product\/brancard-pliant-643\/","title":{"rendered":"Brancard pliant 643"},"content":{"rendered":"<p style=\"\">Fabriqu\u00e9 en tube rond en aluminium anodis\u00e9, avec un tissu en nylon ignifuge orange et des poign\u00e9es fixes, il est id\u00e9al pour \u00eatre rang\u00e9 \u00e0 l\u2019int\u00e9rieur de n\u2019importe quel v\u00e9hicule de secours. Les ceintures ne sont pas incluses (voir \u00ab\u00a0Syst\u00e8mes de retenue\u00a0\u00bb Art. 604\/MEB).<\/p>\n","protected":false},"excerpt":{"rendered":"<p>Fabriqu\u00e9 en tube rond en aluminium anodis\u00e9, avec un tissu en nylon ignifuge orange et des poign\u00e9es fixes, il est id\u00e9al pour \u00eatre rang\u00e9 \u00e0 l\u2019int\u00e9rieur de n\u2019importe quel v\u00e9hicule de secours. Les ceintures ne sont pas incluses (voir \u00ab\u00a0Syst\u00e8mes de retenue\u00a0\u00bb Art. 604\/MEB).<\/p>\n","protected":false},"author":1,"featured_media":13648,"parent":0,"menu_order":10001500,"template":"","meta":{"_acf_changed":false,"footnotes":""},"application-tag":[],"class_list":["post-17773","product","type-product","status-publish","has-post-thumbnail","hentry"],"acf":[],"dsm_author":{"name":"admeb26","avatar_url":"https:\/\/meber2026.graphoservice.it\/wp-content\/plugins\/ultimate-member\/assets\/img\/default_avatar.jpg","archive_link":"https:\/\/meber2026.graphoservice.it\/fr\/author\/admeb26\/","biodata":""},"dsm_categories":[],"dsm_attachment_categories":[],"dsm_featured_image":{"thumbnail":"https:\/\/meber2026.graphoservice.it\/wp-content\/uploads\/2026\/02\/643stesa-150x150.jpg","medium":"https:\/\/meber2026.graphoservice.it\/wp-content\/uploads\/2026\/02\/643stesa-300x97.jpg","medium_large":"https:\/\/meber2026.graphoservice.it\/wp-content\/uploads\/2026\/02\/643stesa.jpg","large":"https:\/\/meber2026.graphoservice.it\/wp-content\/uploads\/2026\/02\/643stesa.jpg","1536x1536":"https:\/\/meber2026.graphoservice.it\/wp-content\/uploads\/2026\/02\/643stesa.jpg","2048x2048":"https:\/\/meber2026.graphoservice.it\/wp-content\/uploads\/2026\/02\/643stesa.jpg","et-pb-post-main-image":"https:\/\/meber2026.graphoservice.it\/wp-content\/uploads\/2026\/02\/643stesa-400x162.jpg","et-pb-post-main-image-fullwidth":"https:\/\/meber2026.graphoservice.it\/wp-content\/uploads\/2026\/02\/643stesa.jpg","et-pb-portfolio-image":"https:\/\/meber2026.graphoservice.it\/wp-content\/uploads\/2026\/02\/643stesa-400x162.jpg","et-pb-portfolio-module-image":"https:\/\/meber2026.graphoservice.it\/wp-content\/uploads\/2026\/02\/643stesa.jpg","et-pb-portfolio-image-single":"https:\/\/meber2026.graphoservice.it\/wp-content\/uploads\/2026\/02\/643stesa.jpg","et-pb-gallery-module-image-portrait":"https:\/\/meber2026.graphoservice.it\/wp-content\/uploads\/2026\/02\/643stesa-400x162.jpg","et-pb-post-main-image-fullwidth-large":"https:\/\/meber2026.graphoservice.it\/wp-content\/uploads\/2026\/02\/643stesa.jpg","et-pb-image--responsive--desktop":"https:\/\/meber2026.graphoservice.it\/wp-content\/uploads\/2026\/02\/643stesa.jpg","et-pb-image--responsive--tablet":"https:\/\/meber2026.graphoservice.it\/wp-content\/uploads\/2026\/02\/643stesa.jpg","et-pb-image--responsive--phone":"https:\/\/meber2026.graphoservice.it\/wp-content\/uploads\/2026\/02\/643stesa-480x156.jpg","full":"https:\/\/meber2026.graphoservice.it\/wp-content\/uploads\/2026\/02\/643stesa.jpg"},"yoast_head":"<!-- This site is optimized with the Yoast SEO plugin v27.4 - https:\/\/yoast.com\/product\/yoast-seo-wordpress\/ -->\n<title>Brancard de secours pliable art. 643<\/title>\n<meta name=\"description\" content=\"Le brancard pliant 643 est id\u00e9al pour \u00eatre rang\u00e9 \u00e0 l\u2019int\u00e9rieur de n\u2019importe quel v\u00e9hicule de secours car il peut \u00eatre pli\u00e9 en quatre.\" \/>\n<meta name=\"robots\" content=\"noindex, follow, max-snippet:-1, max-image-preview:large, max-video-preview:-1\" \/>\n<meta property=\"og:locale\" content=\"fr_FR\" \/>\n<meta property=\"og:type\" content=\"article\" \/>\n<meta property=\"og:title\" content=\"Brancard de secours pliable art. 643\" \/>\n<meta property=\"og:description\" content=\"Le brancard pliant 643 est id\u00e9al pour \u00eatre rang\u00e9 \u00e0 l\u2019int\u00e9rieur de n\u2019importe quel v\u00e9hicule de secours car il peut \u00eatre pli\u00e9 en quatre.\" \/>\n<meta property=\"og:url\" content=\"https:\/\/meber2026.graphoservice.it\/fr\/product\/brancard-pliant-643\/\" \/>\n<meta property=\"og:site_name\" content=\"Me.Ber.\" \/>\n<meta name=\"twitter:card\" content=\"summary_large_image\" \/>\n<script type=\"application\/ld+json\" class=\"yoast-schema-graph\">{\"@context\":\"https:\\\/\\\/schema.org\",\"@graph\":[{\"@type\":\"WebPage\",\"@id\":\"https:\\\/\\\/meber2026.graphoservice.it\\\/fr\\\/product\\\/brancard-pliant-643\\\/\",\"url\":\"https:\\\/\\\/meber2026.graphoservice.it\\\/fr\\\/product\\\/brancard-pliant-643\\\/\",\"name\":\"Brancard de secours pliable art. 643\",\"isPartOf\":{\"@id\":\"https:\\\/\\\/meber2026.graphoservice.it\\\/fr\\\/#website\"},\"primaryImageOfPage\":{\"@id\":\"https:\\\/\\\/meber2026.graphoservice.it\\\/fr\\\/product\\\/brancard-pliant-643\\\/#primaryimage\"},\"image\":{\"@id\":\"https:\\\/\\\/meber2026.graphoservice.it\\\/fr\\\/product\\\/brancard-pliant-643\\\/#primaryimage\"},\"thumbnailUrl\":\"https:\\\/\\\/meber2026.graphoservice.it\\\/wp-content\\\/uploads\\\/2026\\\/02\\\/643stesa.jpg\",\"datePublished\":\"2026-02-10T09:24:59+00:00\",\"description\":\"Le brancard pliant 643 est id\u00e9al pour \u00eatre rang\u00e9 \u00e0 l\u2019int\u00e9rieur de n\u2019importe quel v\u00e9hicule de secours car il peut \u00eatre pli\u00e9 en quatre.\",\"breadcrumb\":{\"@id\":\"https:\\\/\\\/meber2026.graphoservice.it\\\/fr\\\/product\\\/brancard-pliant-643\\\/#breadcrumb\"},\"inLanguage\":\"fr-FR\",\"potentialAction\":[{\"@type\":\"ReadAction\",\"target\":[\"https:\\\/\\\/meber2026.graphoservice.it\\\/fr\\\/product\\\/brancard-pliant-643\\\/\"]}]},{\"@type\":\"ImageObject\",\"inLanguage\":\"fr-FR\",\"@id\":\"https:\\\/\\\/meber2026.graphoservice.it\\\/fr\\\/product\\\/brancard-pliant-643\\\/#primaryimage\",\"url\":\"https:\\\/\\\/meber2026.graphoservice.it\\\/wp-content\\\/uploads\\\/2026\\\/02\\\/643stesa.jpg\",\"contentUrl\":\"https:\\\/\\\/meber2026.graphoservice.it\\\/wp-content\\\/uploads\\\/2026\\\/02\\\/643stesa.jpg\",\"width\":500,\"height\":162},{\"@type\":\"BreadcrumbList\",\"@id\":\"https:\\\/\\\/meber2026.graphoservice.it\\\/fr\\\/product\\\/brancard-pliant-643\\\/#breadcrumb\",\"itemListElement\":[{\"@type\":\"ListItem\",\"position\":1,\"name\":\"Home\",\"item\":\"https:\\\/\\\/meber2026.graphoservice.it\\\/fr\\\/\"},{\"@type\":\"ListItem\",\"position\":2,\"name\":\"Brancard pliant 643\"}]},{\"@type\":\"WebSite\",\"@id\":\"https:\\\/\\\/meber2026.graphoservice.it\\\/fr\\\/#website\",\"url\":\"https:\\\/\\\/meber2026.graphoservice.it\\\/fr\\\/\",\"name\":\"Me.Ber.\",\"description\":\"In Case of Emergerncy\",\"potentialAction\":[{\"@type\":\"SearchAction\",\"target\":{\"@type\":\"EntryPoint\",\"urlTemplate\":\"https:\\\/\\\/meber2026.graphoservice.it\\\/fr\\\/?s={search_term_string}\"},\"query-input\":{\"@type\":\"PropertyValueSpecification\",\"valueRequired\":true,\"valueName\":\"search_term_string\"}}],\"inLanguage\":\"fr-FR\"}]}<\/script>\n<!-- \/ Yoast SEO plugin. -->","yoast_head_json":{"title":"Brancard de secours pliable art. 643","description":"Le brancard pliant 643 est id\u00e9al pour \u00eatre rang\u00e9 \u00e0 l\u2019int\u00e9rieur de n\u2019importe quel v\u00e9hicule de secours car il peut \u00eatre pli\u00e9 en quatre.","robots":{"index":"noindex","follow":"follow","max-snippet":"max-snippet:-1","max-image-preview":"max-image-preview:large","max-video-preview":"max-video-preview:-1"},"og_locale":"fr_FR","og_type":"article","og_title":"Brancard de secours pliable art. 643","og_description":"Le brancard pliant 643 est id\u00e9al pour \u00eatre rang\u00e9 \u00e0 l\u2019int\u00e9rieur de n\u2019importe quel v\u00e9hicule de secours car il peut \u00eatre pli\u00e9 en quatre.","og_url":"https:\/\/meber2026.graphoservice.it\/fr\/product\/brancard-pliant-643\/","og_site_name":"Me.Ber.","twitter_card":"summary_large_image","schema":{"@context":"https:\/\/schema.org","@graph":[{"@type":"WebPage","@id":"https:\/\/meber2026.graphoservice.it\/fr\/product\/brancard-pliant-643\/","url":"https:\/\/meber2026.graphoservice.it\/fr\/product\/brancard-pliant-643\/","name":"Brancard de secours pliable art. 643","isPartOf":{"@id":"https:\/\/meber2026.graphoservice.it\/fr\/#website"},"primaryImageOfPage":{"@id":"https:\/\/meber2026.graphoservice.it\/fr\/product\/brancard-pliant-643\/#primaryimage"},"image":{"@id":"https:\/\/meber2026.graphoservice.it\/fr\/product\/brancard-pliant-643\/#primaryimage"},"thumbnailUrl":"https:\/\/meber2026.graphoservice.it\/wp-content\/uploads\/2026\/02\/643stesa.jpg","datePublished":"2026-02-10T09:24:59+00:00","description":"Le brancard pliant 643 est id\u00e9al pour \u00eatre rang\u00e9 \u00e0 l\u2019int\u00e9rieur de n\u2019importe quel v\u00e9hicule de secours car il peut \u00eatre pli\u00e9 en quatre.","breadcrumb":{"@id":"https:\/\/meber2026.graphoservice.it\/fr\/product\/brancard-pliant-643\/#breadcrumb"},"inLanguage":"fr-FR","potentialAction":[{"@type":"ReadAction","target":["https:\/\/meber2026.graphoservice.it\/fr\/product\/brancard-pliant-643\/"]}]},{"@type":"ImageObject","inLanguage":"fr-FR","@id":"https:\/\/meber2026.graphoservice.it\/fr\/product\/brancard-pliant-643\/#primaryimage","url":"https:\/\/meber2026.graphoservice.it\/wp-content\/uploads\/2026\/02\/643stesa.jpg","contentUrl":"https:\/\/meber2026.graphoservice.it\/wp-content\/uploads\/2026\/02\/643stesa.jpg","width":500,"height":162},{"@type":"BreadcrumbList","@id":"https:\/\/meber2026.graphoservice.it\/fr\/product\/brancard-pliant-643\/#breadcrumb","itemListElement":[{"@type":"ListItem","position":1,"name":"Home","item":"https:\/\/meber2026.graphoservice.it\/fr\/"},{"@type":"ListItem","position":2,"name":"Brancard pliant 643"}]},{"@type":"WebSite","@id":"https:\/\/meber2026.graphoservice.it\/fr\/#website","url":"https:\/\/meber2026.graphoservice.it\/fr\/","name":"Me.Ber.","description":"In Case of Emergerncy","potentialAction":[{"@type":"SearchAction","target":{"@type":"EntryPoint","urlTemplate":"https:\/\/meber2026.graphoservice.it\/fr\/?s={search_term_string}"},"query-input":{"@type":"PropertyValueSpecification","valueRequired":true,"valueName":"search_term_string"}}],"inLanguage":"fr-FR"}]}},"_links":{"self":[{"href":"https:\/\/meber2026.graphoservice.it\/fr\/wp-json\/wp\/v2\/product\/17773","targetHints":{"allow":["GET"]}}],"collection":[{"href":"https:\/\/meber2026.graphoservice.it\/fr\/wp-json\/wp\/v2\/product"}],"about":[{"href":"https:\/\/meber2026.graphoservice.it\/fr\/wp-json\/wp\/v2\/types\/product"}],"author":[{"embeddable":true,"href":"https:\/\/meber2026.graphoservice.it\/fr\/wp-json\/wp\/v2\/users\/1"}],"version-history":[{"count":0,"href":"https:\/\/meber2026.graphoservice.it\/fr\/wp-json\/wp\/v2\/product\/17773\/revisions"}],"wp:featuredmedia":[{"embeddable":true,"href":"https:\/\/meber2026.graphoservice.it\/fr\/wp-json\/wp\/v2\/media\/13648"}],"wp:attachment":[{"href":"https:\/\/meber2026.graphoservice.it\/fr\/wp-json\/wp\/v2\/media?parent=17773"}],"wp:term":[{"taxonomy":"application-tag","embeddable":true,"href":"https:\/\/meber2026.graphoservice.it\/fr\/wp-json\/wp\/v2\/application-tag?post=17773"}],"curies":[{"name":"wp","href":"https:\/\/api.w.org\/{rel}","templated":true}]}}