{"id":17748,"date":"2026-02-10T09:24:57","date_gmt":"2026-02-10T09:24:57","guid":{"rendered":"https:\/\/meber2026.graphoservice.it\/product\/maxima-630-b\/"},"modified":"2026-02-10T09:24:57","modified_gmt":"2026-02-10T09:24:57","slug":"maxima-630-b","status":"publish","type":"product","link":"https:\/\/meber2026.graphoservice.it\/fr\/product\/maxima-630-b\/","title":{"rendered":"Maxima 630\/B"},"content":{"rendered":"<p style=\"\">Gamme de brancards cuill\u00e8res en aluminium color\u00e9. La peinture sp\u00e9ciale rend la coloration de ces brancards particuli\u00e8rement r\u00e9sistante qui, en termes de caract\u00e9ristiques et de fonctionnalit\u00e9, correspond au brancard cuill\u00e8re traditionnel art. 630. Les diff\u00e9rentes couleurs peuvent \u00e9galement \u00eatre utilis\u00e9es pour distinguer la propri\u00e9t\u00e9 des brancards cuill\u00e8res dans le m\u00eame quartier auquel ils appartiennent.<br \/> <img loading=\"lazy\" decoding=\"async\" alt=\"\" height=\"88\" src=\"http:\/\/www.meber.it\/adm\/Images\/contents\/10G Logo 2019_def.png\" width=\"80\" \/><\/p>\n<p> <strong>Dispositif certifi\u00e9 selon les normes de s\u00e9curit\u00e9 harmonis\u00e9es UNI EN 1865 \u2013 UNI EN 1789<\/strong><br \/> \u00a0<\/p>\n<ul>\n<li style=\"\">Dispositif efficace d\u2019accrochage et de d\u00e9crochage pour diviser le brancard.<\/li>\n<li style=\"\">Longueur r\u00e9glable avec verrouillage automatique..<\/li>\n<li style=\"\">Sac avec 3 ceintures \u00e0 d\u00e9gagement rapide pour l\u2019immobilisation du patient (603\/MEB).<\/li>\n<li style=\"\">Rangement facile dans l\u2019ambulance en position repli\u00e9e.<\/li>\n<li style=\"\">Enti\u00e8rement construit en aluminium robuste et l\u00e9ger.<\/li>\n<li style=\"\">L\u2019\u00e9tui pour brancard (Art. 630\/CS) est disponible sur demande.<\/li>\n<\/ul>\n","protected":false},"excerpt":{"rendered":"<p>Gamme de brancards cuill\u00e8res en aluminium color\u00e9. La peinture sp\u00e9ciale rend la coloration de ces brancards particuli\u00e8rement r\u00e9sistante qui, en termes de caract\u00e9ristiques et de fonctionnalit\u00e9, correspond au brancard cuill\u00e8re traditionnel art. 630. Les diff\u00e9rentes couleurs peuvent \u00e9galement \u00eatre utilis\u00e9es pour distinguer la propri\u00e9t\u00e9 des brancards cuill\u00e8res dans le m\u00eame quartier auquel ils appartiennent. Dispositif [&hellip;]<\/p>\n","protected":false},"author":1,"featured_media":13603,"parent":0,"menu_order":10000700,"template":"","meta":{"_acf_changed":false,"footnotes":""},"application-tag":[],"class_list":["post-17748","product","type-product","status-publish","has-post-thumbnail","hentry"],"acf":[],"dsm_author":{"name":"admeb26","avatar_url":"https:\/\/meber2026.graphoservice.it\/wp-content\/plugins\/ultimate-member\/assets\/img\/default_avatar.jpg","archive_link":"https:\/\/meber2026.graphoservice.it\/fr\/author\/admeb26\/","biodata":""},"dsm_categories":[],"dsm_attachment_categories":[],"dsm_featured_image":{"thumbnail":"https:\/\/meber2026.graphoservice.it\/wp-content\/uploads\/2026\/02\/Barella_a_cucchiaio_MeBer_blu-150x150.jpg","medium":"https:\/\/meber2026.graphoservice.it\/wp-content\/uploads\/2026\/02\/Barella_a_cucchiaio_MeBer_blu-300x212.jpg","medium_large":"https:\/\/meber2026.graphoservice.it\/wp-content\/uploads\/2026\/02\/Barella_a_cucchiaio_MeBer_blu-768x543.jpg","large":"https:\/\/meber2026.graphoservice.it\/wp-content\/uploads\/2026\/02\/Barella_a_cucchiaio_MeBer_blu.jpg","1536x1536":"https:\/\/meber2026.graphoservice.it\/wp-content\/uploads\/2026\/02\/Barella_a_cucchiaio_MeBer_blu.jpg","2048x2048":"https:\/\/meber2026.graphoservice.it\/wp-content\/uploads\/2026\/02\/Barella_a_cucchiaio_MeBer_blu.jpg","et-pb-post-main-image":"https:\/\/meber2026.graphoservice.it\/wp-content\/uploads\/2026\/02\/Barella_a_cucchiaio_MeBer_blu-400x250.jpg","et-pb-post-main-image-fullwidth":"https:\/\/meber2026.graphoservice.it\/wp-content\/uploads\/2026\/02\/Barella_a_cucchiaio_MeBer_blu.jpg","et-pb-portfolio-image":"https:\/\/meber2026.graphoservice.it\/wp-content\/uploads\/2026\/02\/Barella_a_cucchiaio_MeBer_blu-400x284.jpg","et-pb-portfolio-module-image":"https:\/\/meber2026.graphoservice.it\/wp-content\/uploads\/2026\/02\/Barella_a_cucchiaio_MeBer_blu-510x382.jpg","et-pb-portfolio-image-single":"https:\/\/meber2026.graphoservice.it\/wp-content\/uploads\/2026\/02\/Barella_a_cucchiaio_MeBer_blu.jpg","et-pb-gallery-module-image-portrait":"https:\/\/meber2026.graphoservice.it\/wp-content\/uploads\/2026\/02\/Barella_a_cucchiaio_MeBer_blu-400x516.jpg","et-pb-post-main-image-fullwidth-large":"https:\/\/meber2026.graphoservice.it\/wp-content\/uploads\/2026\/02\/Barella_a_cucchiaio_MeBer_blu.jpg","et-pb-image--responsive--desktop":"https:\/\/meber2026.graphoservice.it\/wp-content\/uploads\/2026\/02\/Barella_a_cucchiaio_MeBer_blu.jpg","et-pb-image--responsive--tablet":"https:\/\/meber2026.graphoservice.it\/wp-content\/uploads\/2026\/02\/Barella_a_cucchiaio_MeBer_blu.jpg","et-pb-image--responsive--phone":"https:\/\/meber2026.graphoservice.it\/wp-content\/uploads\/2026\/02\/Barella_a_cucchiaio_MeBer_blu-480x339.jpg","full":"https:\/\/meber2026.graphoservice.it\/wp-content\/uploads\/2026\/02\/Barella_a_cucchiaio_MeBer_blu.jpg"},"yoast_head":"<!-- This site is optimized with the Yoast SEO plugin v27.4 - https:\/\/yoast.com\/product\/yoast-seo-wordpress\/ -->\n<title>Brancard cuill\u00e8re 630\/B MeBer<\/title>\n<meta name=\"description\" content=\"Les brancards cuill\u00e8res atraumatiques Maxima sont disponibles en diff\u00e9rentes couleurs, et sont tous certifi\u00e9s selon la l\u00e9gislation en vigueur.\" \/>\n<meta name=\"robots\" content=\"noindex, follow, max-snippet:-1, max-image-preview:large, max-video-preview:-1\" \/>\n<meta property=\"og:locale\" content=\"fr_FR\" \/>\n<meta property=\"og:type\" content=\"article\" \/>\n<meta property=\"og:title\" content=\"Brancard cuill\u00e8re 630\/B MeBer\" \/>\n<meta property=\"og:description\" content=\"Les brancards cuill\u00e8res atraumatiques Maxima sont disponibles en diff\u00e9rentes couleurs, et sont tous certifi\u00e9s selon la l\u00e9gislation en vigueur.\" \/>\n<meta property=\"og:url\" content=\"https:\/\/meber2026.graphoservice.it\/fr\/product\/maxima-630-b\/\" \/>\n<meta property=\"og:site_name\" content=\"Me.Ber.\" \/>\n<meta name=\"twitter:card\" content=\"summary_large_image\" \/>\n<meta name=\"twitter:label1\" content=\"Dur\u00e9e de lecture estim\u00e9e\" \/>\n\t<meta name=\"twitter:data1\" content=\"1 minute\" \/>\n<script type=\"application\/ld+json\" class=\"yoast-schema-graph\">{\"@context\":\"https:\\\/\\\/schema.org\",\"@graph\":[{\"@type\":\"WebPage\",\"@id\":\"https:\\\/\\\/meber2026.graphoservice.it\\\/fr\\\/product\\\/maxima-630-b\\\/\",\"url\":\"https:\\\/\\\/meber2026.graphoservice.it\\\/fr\\\/product\\\/maxima-630-b\\\/\",\"name\":\"Brancard cuill\u00e8re 630\\\/B MeBer\",\"isPartOf\":{\"@id\":\"https:\\\/\\\/meber2026.graphoservice.it\\\/fr\\\/#website\"},\"primaryImageOfPage\":{\"@id\":\"https:\\\/\\\/meber2026.graphoservice.it\\\/fr\\\/product\\\/maxima-630-b\\\/#primaryimage\"},\"image\":{\"@id\":\"https:\\\/\\\/meber2026.graphoservice.it\\\/fr\\\/product\\\/maxima-630-b\\\/#primaryimage\"},\"thumbnailUrl\":\"https:\\\/\\\/meber2026.graphoservice.it\\\/wp-content\\\/uploads\\\/2026\\\/02\\\/Barella_a_cucchiaio_MeBer_blu.jpg\",\"datePublished\":\"2026-02-10T09:24:57+00:00\",\"description\":\"Les brancards cuill\u00e8res atraumatiques Maxima sont disponibles en diff\u00e9rentes couleurs, et sont tous certifi\u00e9s selon la l\u00e9gislation en vigueur.\",\"breadcrumb\":{\"@id\":\"https:\\\/\\\/meber2026.graphoservice.it\\\/fr\\\/product\\\/maxima-630-b\\\/#breadcrumb\"},\"inLanguage\":\"fr-FR\",\"potentialAction\":[{\"@type\":\"ReadAction\",\"target\":[\"https:\\\/\\\/meber2026.graphoservice.it\\\/fr\\\/product\\\/maxima-630-b\\\/\"]}]},{\"@type\":\"ImageObject\",\"inLanguage\":\"fr-FR\",\"@id\":\"https:\\\/\\\/meber2026.graphoservice.it\\\/fr\\\/product\\\/maxima-630-b\\\/#primaryimage\",\"url\":\"https:\\\/\\\/meber2026.graphoservice.it\\\/wp-content\\\/uploads\\\/2026\\\/02\\\/Barella_a_cucchiaio_MeBer_blu.jpg\",\"contentUrl\":\"https:\\\/\\\/meber2026.graphoservice.it\\\/wp-content\\\/uploads\\\/2026\\\/02\\\/Barella_a_cucchiaio_MeBer_blu.jpg\",\"width\":780,\"height\":551},{\"@type\":\"BreadcrumbList\",\"@id\":\"https:\\\/\\\/meber2026.graphoservice.it\\\/fr\\\/product\\\/maxima-630-b\\\/#breadcrumb\",\"itemListElement\":[{\"@type\":\"ListItem\",\"position\":1,\"name\":\"Home\",\"item\":\"https:\\\/\\\/meber2026.graphoservice.it\\\/fr\\\/\"},{\"@type\":\"ListItem\",\"position\":2,\"name\":\"Maxima 630\\\/B\"}]},{\"@type\":\"WebSite\",\"@id\":\"https:\\\/\\\/meber2026.graphoservice.it\\\/fr\\\/#website\",\"url\":\"https:\\\/\\\/meber2026.graphoservice.it\\\/fr\\\/\",\"name\":\"Me.Ber.\",\"description\":\"In Case of Emergerncy\",\"potentialAction\":[{\"@type\":\"SearchAction\",\"target\":{\"@type\":\"EntryPoint\",\"urlTemplate\":\"https:\\\/\\\/meber2026.graphoservice.it\\\/fr\\\/?s={search_term_string}\"},\"query-input\":{\"@type\":\"PropertyValueSpecification\",\"valueRequired\":true,\"valueName\":\"search_term_string\"}}],\"inLanguage\":\"fr-FR\"}]}<\/script>\n<!-- \/ Yoast SEO plugin. -->","yoast_head_json":{"title":"Brancard cuill\u00e8re 630\/B MeBer","description":"Les brancards cuill\u00e8res atraumatiques Maxima sont disponibles en diff\u00e9rentes couleurs, et sont tous certifi\u00e9s selon la l\u00e9gislation en vigueur.","robots":{"index":"noindex","follow":"follow","max-snippet":"max-snippet:-1","max-image-preview":"max-image-preview:large","max-video-preview":"max-video-preview:-1"},"og_locale":"fr_FR","og_type":"article","og_title":"Brancard cuill\u00e8re 630\/B MeBer","og_description":"Les brancards cuill\u00e8res atraumatiques Maxima sont disponibles en diff\u00e9rentes couleurs, et sont tous certifi\u00e9s selon la l\u00e9gislation en vigueur.","og_url":"https:\/\/meber2026.graphoservice.it\/fr\/product\/maxima-630-b\/","og_site_name":"Me.Ber.","twitter_card":"summary_large_image","twitter_misc":{"Dur\u00e9e de lecture estim\u00e9e":"1 minute"},"schema":{"@context":"https:\/\/schema.org","@graph":[{"@type":"WebPage","@id":"https:\/\/meber2026.graphoservice.it\/fr\/product\/maxima-630-b\/","url":"https:\/\/meber2026.graphoservice.it\/fr\/product\/maxima-630-b\/","name":"Brancard cuill\u00e8re 630\/B MeBer","isPartOf":{"@id":"https:\/\/meber2026.graphoservice.it\/fr\/#website"},"primaryImageOfPage":{"@id":"https:\/\/meber2026.graphoservice.it\/fr\/product\/maxima-630-b\/#primaryimage"},"image":{"@id":"https:\/\/meber2026.graphoservice.it\/fr\/product\/maxima-630-b\/#primaryimage"},"thumbnailUrl":"https:\/\/meber2026.graphoservice.it\/wp-content\/uploads\/2026\/02\/Barella_a_cucchiaio_MeBer_blu.jpg","datePublished":"2026-02-10T09:24:57+00:00","description":"Les brancards cuill\u00e8res atraumatiques Maxima sont disponibles en diff\u00e9rentes couleurs, et sont tous certifi\u00e9s selon la l\u00e9gislation en vigueur.","breadcrumb":{"@id":"https:\/\/meber2026.graphoservice.it\/fr\/product\/maxima-630-b\/#breadcrumb"},"inLanguage":"fr-FR","potentialAction":[{"@type":"ReadAction","target":["https:\/\/meber2026.graphoservice.it\/fr\/product\/maxima-630-b\/"]}]},{"@type":"ImageObject","inLanguage":"fr-FR","@id":"https:\/\/meber2026.graphoservice.it\/fr\/product\/maxima-630-b\/#primaryimage","url":"https:\/\/meber2026.graphoservice.it\/wp-content\/uploads\/2026\/02\/Barella_a_cucchiaio_MeBer_blu.jpg","contentUrl":"https:\/\/meber2026.graphoservice.it\/wp-content\/uploads\/2026\/02\/Barella_a_cucchiaio_MeBer_blu.jpg","width":780,"height":551},{"@type":"BreadcrumbList","@id":"https:\/\/meber2026.graphoservice.it\/fr\/product\/maxima-630-b\/#breadcrumb","itemListElement":[{"@type":"ListItem","position":1,"name":"Home","item":"https:\/\/meber2026.graphoservice.it\/fr\/"},{"@type":"ListItem","position":2,"name":"Maxima 630\/B"}]},{"@type":"WebSite","@id":"https:\/\/meber2026.graphoservice.it\/fr\/#website","url":"https:\/\/meber2026.graphoservice.it\/fr\/","name":"Me.Ber.","description":"In Case of Emergerncy","potentialAction":[{"@type":"SearchAction","target":{"@type":"EntryPoint","urlTemplate":"https:\/\/meber2026.graphoservice.it\/fr\/?s={search_term_string}"},"query-input":{"@type":"PropertyValueSpecification","valueRequired":true,"valueName":"search_term_string"}}],"inLanguage":"fr-FR"}]}},"_links":{"self":[{"href":"https:\/\/meber2026.graphoservice.it\/fr\/wp-json\/wp\/v2\/product\/17748","targetHints":{"allow":["GET"]}}],"collection":[{"href":"https:\/\/meber2026.graphoservice.it\/fr\/wp-json\/wp\/v2\/product"}],"about":[{"href":"https:\/\/meber2026.graphoservice.it\/fr\/wp-json\/wp\/v2\/types\/product"}],"author":[{"embeddable":true,"href":"https:\/\/meber2026.graphoservice.it\/fr\/wp-json\/wp\/v2\/users\/1"}],"version-history":[{"count":0,"href":"https:\/\/meber2026.graphoservice.it\/fr\/wp-json\/wp\/v2\/product\/17748\/revisions"}],"wp:featuredmedia":[{"embeddable":true,"href":"https:\/\/meber2026.graphoservice.it\/fr\/wp-json\/wp\/v2\/media\/13603"}],"wp:attachment":[{"href":"https:\/\/meber2026.graphoservice.it\/fr\/wp-json\/wp\/v2\/media?parent=17748"}],"wp:term":[{"taxonomy":"application-tag","embeddable":true,"href":"https:\/\/meber2026.graphoservice.it\/fr\/wp-json\/wp\/v2\/application-tag?post=17748"}],"curies":[{"name":"wp","href":"https:\/\/api.w.org\/{rel}","templated":true}]}}