{"id":17738,"date":"2026-02-10T09:24:56","date_gmt":"2026-02-10T09:24:56","guid":{"rendered":"https:\/\/meber2026.graphoservice.it\/product\/maxima-630\/"},"modified":"2026-02-10T09:24:56","modified_gmt":"2026-02-10T09:24:56","slug":"maxima-630","status":"publish","type":"product","link":"https:\/\/meber2026.graphoservice.it\/fr\/product\/maxima-630\/","title":{"rendered":"Maxima 630"},"content":{"rendered":"<p class=\"MsoNormal\" style=\"margin: 0cm 0cm 0pt; \">Gr\u00e2ce \u00e0 ses caract\u00e9ristiques, le brancard cuill\u00e8re remplit une fonction de sauvetage importante car il peut \u00eatre positionn\u00e9 directement sous le patient sans qu\u2019il soit n\u00e9cessaire de soulever ce dernier. La forme du brancard permet \u00e9galement au patient d\u2019\u00eatre parfaitement immobilis\u00e9 pendant le transport. Les mat\u00e9riaux de construction et d\u2019assemblage ont \u00e9t\u00e9 sp\u00e9cifiquement \u00e9tudi\u00e9s et s\u00e9lectionn\u00e9s pour r\u00e9pondre aux exigences de capacit\u00e9, de fiabilit\u00e9 et de durabilit\u00e9.<\/p>\n<ul>\n<li style=\"\">Dispositif efficace d\u2019accrochage et de d\u00e9crochage pour diviser le brancard.<\/li>\n<li style=\"\">Longueur r\u00e9glable avec verrouillage automatique.<\/li>\n<li style=\"\">Sac avec 3 ceintures \u00e0 d\u00e9gagement rapide pour l\u2019immobilisation du patient. (603\/MEB)<\/li>\n<li style=\"\">Rangement facile dans l\u2019ambulance en position repli\u00e9e.<\/li>\n<li style=\"\">Enti\u00e8rement construit en aluminium robuste et l\u00e9ger.<\/li>\n<li style=\"\">L\u2019\u00e9tui pour brancard (Art. 630\/CS) est disponible sur demande.<\/li>\n<\/ul>\n<p style=\"\">\u00a0<img loading=\"lazy\" decoding=\"async\" alt=\"\" height=\"88\" src=\"http:\/\/www.meber.it\/adm\/Images\/contents\/10G Logo 2019_def.png\" width=\"80\" \/><\/p>\n<p style=\"\"><b>Dispositif certifi\u00e9 selon les normes de s\u00e9curit\u00e9 harmonis\u00e9es UNI EN 1865 \u2013 UNI EN 1789<\/b><\/p>\n","protected":false},"excerpt":{"rendered":"<p>Gr\u00e2ce \u00e0 ses caract\u00e9ristiques, le brancard cuill\u00e8re remplit une fonction de sauvetage importante car il peut \u00eatre positionn\u00e9 directement sous le patient sans qu\u2019il soit n\u00e9cessaire de soulever ce dernier. La forme du brancard permet \u00e9galement au patient d\u2019\u00eatre parfaitement immobilis\u00e9 pendant le transport. Les mat\u00e9riaux de construction et d\u2019assemblage ont \u00e9t\u00e9 sp\u00e9cifiquement \u00e9tudi\u00e9s et [&hellip;]<\/p>\n","protected":false},"author":1,"featured_media":13585,"parent":0,"menu_order":10000500,"template":"","meta":{"_acf_changed":false,"footnotes":""},"application-tag":[71,65],"class_list":["post-17738","product","type-product","status-publish","has-post-thumbnail","hentry","application-tag-brancards","application-tag-certifie-10g"],"acf":[],"dsm_author":{"name":"admeb26","avatar_url":"https:\/\/meber2026.graphoservice.it\/wp-content\/plugins\/ultimate-member\/assets\/img\/default_avatar.jpg","archive_link":"https:\/\/meber2026.graphoservice.it\/fr\/author\/admeb26\/","biodata":""},"dsm_categories":[],"dsm_attachment_categories":[],"dsm_featured_image":{"thumbnail":"https:\/\/meber2026.graphoservice.it\/wp-content\/uploads\/2026\/02\/630_sola-150x150.jpg","medium":"https:\/\/meber2026.graphoservice.it\/wp-content\/uploads\/2026\/02\/630_sola-300x120.jpg","medium_large":"https:\/\/meber2026.graphoservice.it\/wp-content\/uploads\/2026\/02\/630_sola-768x307.jpg","large":"https:\/\/meber2026.graphoservice.it\/wp-content\/uploads\/2026\/02\/630_sola.jpg","1536x1536":"https:\/\/meber2026.graphoservice.it\/wp-content\/uploads\/2026\/02\/630_sola.jpg","2048x2048":"https:\/\/meber2026.graphoservice.it\/wp-content\/uploads\/2026\/02\/630_sola.jpg","et-pb-post-main-image":"https:\/\/meber2026.graphoservice.it\/wp-content\/uploads\/2026\/02\/630_sola-400x250.jpg","et-pb-post-main-image-fullwidth":"https:\/\/meber2026.graphoservice.it\/wp-content\/uploads\/2026\/02\/630_sola.jpg","et-pb-portfolio-image":"https:\/\/meber2026.graphoservice.it\/wp-content\/uploads\/2026\/02\/630_sola-400x284.jpg","et-pb-portfolio-module-image":"https:\/\/meber2026.graphoservice.it\/wp-content\/uploads\/2026\/02\/630_sola-510x312.jpg","et-pb-portfolio-image-single":"https:\/\/meber2026.graphoservice.it\/wp-content\/uploads\/2026\/02\/630_sola.jpg","et-pb-gallery-module-image-portrait":"https:\/\/meber2026.graphoservice.it\/wp-content\/uploads\/2026\/02\/630_sola-400x312.jpg","et-pb-post-main-image-fullwidth-large":"https:\/\/meber2026.graphoservice.it\/wp-content\/uploads\/2026\/02\/630_sola.jpg","et-pb-image--responsive--desktop":"https:\/\/meber2026.graphoservice.it\/wp-content\/uploads\/2026\/02\/630_sola.jpg","et-pb-image--responsive--tablet":"https:\/\/meber2026.graphoservice.it\/wp-content\/uploads\/2026\/02\/630_sola.jpg","et-pb-image--responsive--phone":"https:\/\/meber2026.graphoservice.it\/wp-content\/uploads\/2026\/02\/630_sola-480x192.jpg","full":"https:\/\/meber2026.graphoservice.it\/wp-content\/uploads\/2026\/02\/630_sola.jpg"},"yoast_head":"<!-- This site is optimized with the Yoast SEO plugin v27.4 - https:\/\/yoast.com\/product\/yoast-seo-wordpress\/ -->\n<title>Brancard Maxima 630<\/title>\n<meta name=\"description\" content=\"Le brancard cuill\u00e8re 630, certifi\u00e9 10G, permet une immobilisation parfaite du patient pendant le transport.\" \/>\n<meta name=\"robots\" content=\"noindex, follow, max-snippet:-1, max-image-preview:large, max-video-preview:-1\" \/>\n<meta property=\"og:locale\" content=\"fr_FR\" \/>\n<meta property=\"og:type\" content=\"article\" \/>\n<meta property=\"og:title\" content=\"Brancard Maxima 630\" \/>\n<meta property=\"og:description\" content=\"Le brancard cuill\u00e8re 630, certifi\u00e9 10G, permet une immobilisation parfaite du patient pendant le transport.\" \/>\n<meta property=\"og:url\" content=\"https:\/\/meber2026.graphoservice.it\/fr\/product\/maxima-630\/\" \/>\n<meta property=\"og:site_name\" content=\"Me.Ber.\" \/>\n<meta name=\"twitter:card\" content=\"summary_large_image\" \/>\n<meta name=\"twitter:label1\" content=\"Dur\u00e9e de lecture estim\u00e9e\" \/>\n\t<meta name=\"twitter:data1\" content=\"1 minute\" \/>\n<script type=\"application\/ld+json\" class=\"yoast-schema-graph\">{\"@context\":\"https:\\\/\\\/schema.org\",\"@graph\":[{\"@type\":\"WebPage\",\"@id\":\"https:\\\/\\\/meber2026.graphoservice.it\\\/fr\\\/product\\\/maxima-630\\\/\",\"url\":\"https:\\\/\\\/meber2026.graphoservice.it\\\/fr\\\/product\\\/maxima-630\\\/\",\"name\":\"Brancard Maxima 630\",\"isPartOf\":{\"@id\":\"https:\\\/\\\/meber2026.graphoservice.it\\\/fr\\\/#website\"},\"primaryImageOfPage\":{\"@id\":\"https:\\\/\\\/meber2026.graphoservice.it\\\/fr\\\/product\\\/maxima-630\\\/#primaryimage\"},\"image\":{\"@id\":\"https:\\\/\\\/meber2026.graphoservice.it\\\/fr\\\/product\\\/maxima-630\\\/#primaryimage\"},\"thumbnailUrl\":\"https:\\\/\\\/meber2026.graphoservice.it\\\/wp-content\\\/uploads\\\/2026\\\/02\\\/630_sola.jpg\",\"datePublished\":\"2026-02-10T09:24:56+00:00\",\"description\":\"Le brancard cuill\u00e8re 630, certifi\u00e9 10G, permet une immobilisation parfaite du patient pendant le transport.\",\"breadcrumb\":{\"@id\":\"https:\\\/\\\/meber2026.graphoservice.it\\\/fr\\\/product\\\/maxima-630\\\/#breadcrumb\"},\"inLanguage\":\"fr-FR\",\"potentialAction\":[{\"@type\":\"ReadAction\",\"target\":[\"https:\\\/\\\/meber2026.graphoservice.it\\\/fr\\\/product\\\/maxima-630\\\/\"]}]},{\"@type\":\"ImageObject\",\"inLanguage\":\"fr-FR\",\"@id\":\"https:\\\/\\\/meber2026.graphoservice.it\\\/fr\\\/product\\\/maxima-630\\\/#primaryimage\",\"url\":\"https:\\\/\\\/meber2026.graphoservice.it\\\/wp-content\\\/uploads\\\/2026\\\/02\\\/630_sola.jpg\",\"contentUrl\":\"https:\\\/\\\/meber2026.graphoservice.it\\\/wp-content\\\/uploads\\\/2026\\\/02\\\/630_sola.jpg\",\"width\":780,\"height\":312},{\"@type\":\"BreadcrumbList\",\"@id\":\"https:\\\/\\\/meber2026.graphoservice.it\\\/fr\\\/product\\\/maxima-630\\\/#breadcrumb\",\"itemListElement\":[{\"@type\":\"ListItem\",\"position\":1,\"name\":\"Home\",\"item\":\"https:\\\/\\\/meber2026.graphoservice.it\\\/fr\\\/\"},{\"@type\":\"ListItem\",\"position\":2,\"name\":\"Maxima 630\"}]},{\"@type\":\"WebSite\",\"@id\":\"https:\\\/\\\/meber2026.graphoservice.it\\\/fr\\\/#website\",\"url\":\"https:\\\/\\\/meber2026.graphoservice.it\\\/fr\\\/\",\"name\":\"Me.Ber.\",\"description\":\"In Case of Emergerncy\",\"potentialAction\":[{\"@type\":\"SearchAction\",\"target\":{\"@type\":\"EntryPoint\",\"urlTemplate\":\"https:\\\/\\\/meber2026.graphoservice.it\\\/fr\\\/?s={search_term_string}\"},\"query-input\":{\"@type\":\"PropertyValueSpecification\",\"valueRequired\":true,\"valueName\":\"search_term_string\"}}],\"inLanguage\":\"fr-FR\"}]}<\/script>\n<!-- \/ Yoast SEO plugin. -->","yoast_head_json":{"title":"Brancard Maxima 630","description":"Le brancard cuill\u00e8re 630, certifi\u00e9 10G, permet une immobilisation parfaite du patient pendant le transport.","robots":{"index":"noindex","follow":"follow","max-snippet":"max-snippet:-1","max-image-preview":"max-image-preview:large","max-video-preview":"max-video-preview:-1"},"og_locale":"fr_FR","og_type":"article","og_title":"Brancard Maxima 630","og_description":"Le brancard cuill\u00e8re 630, certifi\u00e9 10G, permet une immobilisation parfaite du patient pendant le transport.","og_url":"https:\/\/meber2026.graphoservice.it\/fr\/product\/maxima-630\/","og_site_name":"Me.Ber.","twitter_card":"summary_large_image","twitter_misc":{"Dur\u00e9e de lecture estim\u00e9e":"1 minute"},"schema":{"@context":"https:\/\/schema.org","@graph":[{"@type":"WebPage","@id":"https:\/\/meber2026.graphoservice.it\/fr\/product\/maxima-630\/","url":"https:\/\/meber2026.graphoservice.it\/fr\/product\/maxima-630\/","name":"Brancard Maxima 630","isPartOf":{"@id":"https:\/\/meber2026.graphoservice.it\/fr\/#website"},"primaryImageOfPage":{"@id":"https:\/\/meber2026.graphoservice.it\/fr\/product\/maxima-630\/#primaryimage"},"image":{"@id":"https:\/\/meber2026.graphoservice.it\/fr\/product\/maxima-630\/#primaryimage"},"thumbnailUrl":"https:\/\/meber2026.graphoservice.it\/wp-content\/uploads\/2026\/02\/630_sola.jpg","datePublished":"2026-02-10T09:24:56+00:00","description":"Le brancard cuill\u00e8re 630, certifi\u00e9 10G, permet une immobilisation parfaite du patient pendant le transport.","breadcrumb":{"@id":"https:\/\/meber2026.graphoservice.it\/fr\/product\/maxima-630\/#breadcrumb"},"inLanguage":"fr-FR","potentialAction":[{"@type":"ReadAction","target":["https:\/\/meber2026.graphoservice.it\/fr\/product\/maxima-630\/"]}]},{"@type":"ImageObject","inLanguage":"fr-FR","@id":"https:\/\/meber2026.graphoservice.it\/fr\/product\/maxima-630\/#primaryimage","url":"https:\/\/meber2026.graphoservice.it\/wp-content\/uploads\/2026\/02\/630_sola.jpg","contentUrl":"https:\/\/meber2026.graphoservice.it\/wp-content\/uploads\/2026\/02\/630_sola.jpg","width":780,"height":312},{"@type":"BreadcrumbList","@id":"https:\/\/meber2026.graphoservice.it\/fr\/product\/maxima-630\/#breadcrumb","itemListElement":[{"@type":"ListItem","position":1,"name":"Home","item":"https:\/\/meber2026.graphoservice.it\/fr\/"},{"@type":"ListItem","position":2,"name":"Maxima 630"}]},{"@type":"WebSite","@id":"https:\/\/meber2026.graphoservice.it\/fr\/#website","url":"https:\/\/meber2026.graphoservice.it\/fr\/","name":"Me.Ber.","description":"In Case of Emergerncy","potentialAction":[{"@type":"SearchAction","target":{"@type":"EntryPoint","urlTemplate":"https:\/\/meber2026.graphoservice.it\/fr\/?s={search_term_string}"},"query-input":{"@type":"PropertyValueSpecification","valueRequired":true,"valueName":"search_term_string"}}],"inLanguage":"fr-FR"}]}},"_links":{"self":[{"href":"https:\/\/meber2026.graphoservice.it\/fr\/wp-json\/wp\/v2\/product\/17738","targetHints":{"allow":["GET"]}}],"collection":[{"href":"https:\/\/meber2026.graphoservice.it\/fr\/wp-json\/wp\/v2\/product"}],"about":[{"href":"https:\/\/meber2026.graphoservice.it\/fr\/wp-json\/wp\/v2\/types\/product"}],"author":[{"embeddable":true,"href":"https:\/\/meber2026.graphoservice.it\/fr\/wp-json\/wp\/v2\/users\/1"}],"version-history":[{"count":0,"href":"https:\/\/meber2026.graphoservice.it\/fr\/wp-json\/wp\/v2\/product\/17738\/revisions"}],"wp:featuredmedia":[{"embeddable":true,"href":"https:\/\/meber2026.graphoservice.it\/fr\/wp-json\/wp\/v2\/media\/13585"}],"wp:attachment":[{"href":"https:\/\/meber2026.graphoservice.it\/fr\/wp-json\/wp\/v2\/media?parent=17738"}],"wp:term":[{"taxonomy":"application-tag","embeddable":true,"href":"https:\/\/meber2026.graphoservice.it\/fr\/wp-json\/wp\/v2\/application-tag?post=17738"}],"curies":[{"name":"wp","href":"https:\/\/api.w.org\/{rel}","templated":true}]}}