{"id":17533,"date":"2026-02-10T09:24:40","date_gmt":"2026-02-10T09:24:40","guid":{"rendered":"https:\/\/meber2026.graphoservice.it\/product\/1740-2\/"},"modified":"2026-02-10T09:24:40","modified_gmt":"2026-02-10T09:24:40","slug":"1740-2","status":"publish","type":"product","link":"https:\/\/meber2026.graphoservice.it\/fr\/product\/1740-2\/","title":{"rendered":"1740"},"content":{"rendered":"<div style=\"\">Tensiom\u00e8tre \u00e0 cadran rond, facile \u00e0 lire, id\u00e9al pour les ambulances ou les cabinets m\u00e9dicaux. Rotatif jusqu\u2019\u00e0 65\u00b0 dans les deux sens, panier \u00e0 brassard spacieux pour ranger les accessoires, tube en spirale extensible jusqu\u2019\u00e0 3 m\u00e8tres, soupape d\u2019a\u00e9ration \u00e0 une bille et chrom\u00e9e, grand cadran de 147 mm de diam\u00e8tre, membrane sp\u00e9ciale en cuivre au b\u00e9ryllium durci, brassard calibr\u00e9 en nylon Velcro\u00ae et vessie en latex \u00e0 2 tubes.<\/div>\n","protected":false},"excerpt":{"rendered":"<p>Tensiom\u00e8tre \u00e0 cadran rond, facile \u00e0 lire, id\u00e9al pour les ambulances ou les cabinets m\u00e9dicaux. Rotatif jusqu\u2019\u00e0 65\u00b0 dans les deux sens, panier \u00e0 brassard spacieux pour ranger les accessoires, tube en spirale extensible jusqu\u2019\u00e0 3 m\u00e8tres, soupape d\u2019a\u00e9ration \u00e0 une bille et chrom\u00e9e, grand cadran de 147 mm de diam\u00e8tre, membrane sp\u00e9ciale en cuivre [&hellip;]<\/p>\n","protected":false},"author":1,"featured_media":13224,"parent":0,"menu_order":60000800,"template":"","meta":{"_acf_changed":false,"footnotes":""},"application-tag":[102],"class_list":["post-17533","product","type-product","status-publish","has-post-thumbnail","hentry","application-tag-diagnostic"],"acf":[],"dsm_author":{"name":"admeb26","avatar_url":"https:\/\/meber2026.graphoservice.it\/wp-content\/plugins\/ultimate-member\/assets\/img\/default_avatar.jpg","archive_link":"https:\/\/meber2026.graphoservice.it\/fr\/author\/admeb26\/","biodata":""},"dsm_categories":[],"dsm_attachment_categories":[],"dsm_featured_image":{"thumbnail":"https:\/\/meber2026.graphoservice.it\/wp-content\/uploads\/2026\/02\/1740_sfigmo_aneroide_parete1-150x150.jpg","medium":"https:\/\/meber2026.graphoservice.it\/wp-content\/uploads\/2026\/02\/1740_sfigmo_aneroide_parete1-285x300.jpg","medium_large":"https:\/\/meber2026.graphoservice.it\/wp-content\/uploads\/2026\/02\/1740_sfigmo_aneroide_parete1.jpg","large":"https:\/\/meber2026.graphoservice.it\/wp-content\/uploads\/2026\/02\/1740_sfigmo_aneroide_parete1.jpg","1536x1536":"https:\/\/meber2026.graphoservice.it\/wp-content\/uploads\/2026\/02\/1740_sfigmo_aneroide_parete1.jpg","2048x2048":"https:\/\/meber2026.graphoservice.it\/wp-content\/uploads\/2026\/02\/1740_sfigmo_aneroide_parete1.jpg","et-pb-post-main-image":"https:\/\/meber2026.graphoservice.it\/wp-content\/uploads\/2026\/02\/1740_sfigmo_aneroide_parete1-400x250.jpg","et-pb-post-main-image-fullwidth":"https:\/\/meber2026.graphoservice.it\/wp-content\/uploads\/2026\/02\/1740_sfigmo_aneroide_parete1-742x675.jpg","et-pb-portfolio-image":"https:\/\/meber2026.graphoservice.it\/wp-content\/uploads\/2026\/02\/1740_sfigmo_aneroide_parete1-400x284.jpg","et-pb-portfolio-module-image":"https:\/\/meber2026.graphoservice.it\/wp-content\/uploads\/2026\/02\/1740_sfigmo_aneroide_parete1-510x382.jpg","et-pb-portfolio-image-single":"https:\/\/meber2026.graphoservice.it\/wp-content\/uploads\/2026\/02\/1740_sfigmo_aneroide_parete1.jpg","et-pb-gallery-module-image-portrait":"https:\/\/meber2026.graphoservice.it\/wp-content\/uploads\/2026\/02\/1740_sfigmo_aneroide_parete1-400x516.jpg","et-pb-post-main-image-fullwidth-large":"https:\/\/meber2026.graphoservice.it\/wp-content\/uploads\/2026\/02\/1740_sfigmo_aneroide_parete1.jpg","et-pb-image--responsive--desktop":"https:\/\/meber2026.graphoservice.it\/wp-content\/uploads\/2026\/02\/1740_sfigmo_aneroide_parete1.jpg","et-pb-image--responsive--tablet":"https:\/\/meber2026.graphoservice.it\/wp-content\/uploads\/2026\/02\/1740_sfigmo_aneroide_parete1.jpg","et-pb-image--responsive--phone":"https:\/\/meber2026.graphoservice.it\/wp-content\/uploads\/2026\/02\/1740_sfigmo_aneroide_parete1-480x505.jpg","full":"https:\/\/meber2026.graphoservice.it\/wp-content\/uploads\/2026\/02\/1740_sfigmo_aneroide_parete1.jpg"},"yoast_head":"<!-- This site is optimized with the Yoast SEO plugin v27.4 - https:\/\/yoast.com\/product\/yoast-seo-wordpress\/ -->\n<title>1740<\/title>\n<meta name=\"robots\" content=\"noindex, follow, max-snippet:-1, max-image-preview:large, max-video-preview:-1\" \/>\n<meta property=\"og:locale\" content=\"fr_FR\" \/>\n<meta property=\"og:type\" content=\"article\" \/>\n<meta property=\"og:title\" content=\"1740\" \/>\n<meta property=\"og:description\" content=\"Tensiom\u00e8tre \u00e0 cadran rond, facile \u00e0 lire, id\u00e9al pour les ambulances ou les cabinets m\u00e9dicaux. Rotatif jusqu\u2019\u00e0 65\u00b0 dans les deux sens, panier \u00e0 brassard spacieux pour ranger les accessoires, tube en spirale extensible jusqu\u2019\u00e0 3 m\u00e8tres, soupape d\u2019a\u00e9ration \u00e0 une bille et chrom\u00e9e, grand cadran de 147 mm de diam\u00e8tre, membrane sp\u00e9ciale en cuivre [&hellip;]\" \/>\n<meta property=\"og:url\" content=\"https:\/\/meber2026.graphoservice.it\/fr\/product\/1740-2\/\" \/>\n<meta property=\"og:site_name\" content=\"Me.Ber.\" \/>\n<meta name=\"twitter:card\" content=\"summary_large_image\" \/>\n<script type=\"application\/ld+json\" class=\"yoast-schema-graph\">{\"@context\":\"https:\\\/\\\/schema.org\",\"@graph\":[{\"@type\":\"WebPage\",\"@id\":\"https:\\\/\\\/meber2026.graphoservice.it\\\/fr\\\/product\\\/1740-2\\\/\",\"url\":\"https:\\\/\\\/meber2026.graphoservice.it\\\/fr\\\/product\\\/1740-2\\\/\",\"name\":\"1740\",\"isPartOf\":{\"@id\":\"https:\\\/\\\/meber2026.graphoservice.it\\\/fr\\\/#website\"},\"primaryImageOfPage\":{\"@id\":\"https:\\\/\\\/meber2026.graphoservice.it\\\/fr\\\/product\\\/1740-2\\\/#primaryimage\"},\"image\":{\"@id\":\"https:\\\/\\\/meber2026.graphoservice.it\\\/fr\\\/product\\\/1740-2\\\/#primaryimage\"},\"thumbnailUrl\":\"https:\\\/\\\/meber2026.graphoservice.it\\\/wp-content\\\/uploads\\\/2026\\\/02\\\/1740_sfigmo_aneroide_parete1.jpg\",\"datePublished\":\"2026-02-10T09:24:40+00:00\",\"breadcrumb\":{\"@id\":\"https:\\\/\\\/meber2026.graphoservice.it\\\/fr\\\/product\\\/1740-2\\\/#breadcrumb\"},\"inLanguage\":\"fr-FR\",\"potentialAction\":[{\"@type\":\"ReadAction\",\"target\":[\"https:\\\/\\\/meber2026.graphoservice.it\\\/fr\\\/product\\\/1740-2\\\/\"]}]},{\"@type\":\"ImageObject\",\"inLanguage\":\"fr-FR\",\"@id\":\"https:\\\/\\\/meber2026.graphoservice.it\\\/fr\\\/product\\\/1740-2\\\/#primaryimage\",\"url\":\"https:\\\/\\\/meber2026.graphoservice.it\\\/wp-content\\\/uploads\\\/2026\\\/02\\\/1740_sfigmo_aneroide_parete1.jpg\",\"contentUrl\":\"https:\\\/\\\/meber2026.graphoservice.it\\\/wp-content\\\/uploads\\\/2026\\\/02\\\/1740_sfigmo_aneroide_parete1.jpg\",\"width\":742,\"height\":780},{\"@type\":\"BreadcrumbList\",\"@id\":\"https:\\\/\\\/meber2026.graphoservice.it\\\/fr\\\/product\\\/1740-2\\\/#breadcrumb\",\"itemListElement\":[{\"@type\":\"ListItem\",\"position\":1,\"name\":\"Home\",\"item\":\"https:\\\/\\\/meber2026.graphoservice.it\\\/fr\\\/\"},{\"@type\":\"ListItem\",\"position\":2,\"name\":\"1740\"}]},{\"@type\":\"WebSite\",\"@id\":\"https:\\\/\\\/meber2026.graphoservice.it\\\/fr\\\/#website\",\"url\":\"https:\\\/\\\/meber2026.graphoservice.it\\\/fr\\\/\",\"name\":\"Me.Ber.\",\"description\":\"In Case of Emergerncy\",\"potentialAction\":[{\"@type\":\"SearchAction\",\"target\":{\"@type\":\"EntryPoint\",\"urlTemplate\":\"https:\\\/\\\/meber2026.graphoservice.it\\\/fr\\\/?s={search_term_string}\"},\"query-input\":{\"@type\":\"PropertyValueSpecification\",\"valueRequired\":true,\"valueName\":\"search_term_string\"}}],\"inLanguage\":\"fr-FR\"}]}<\/script>\n<!-- \/ Yoast SEO plugin. -->","yoast_head_json":{"title":"1740","robots":{"index":"noindex","follow":"follow","max-snippet":"max-snippet:-1","max-image-preview":"max-image-preview:large","max-video-preview":"max-video-preview:-1"},"og_locale":"fr_FR","og_type":"article","og_title":"1740","og_description":"Tensiom\u00e8tre \u00e0 cadran rond, facile \u00e0 lire, id\u00e9al pour les ambulances ou les cabinets m\u00e9dicaux. Rotatif jusqu\u2019\u00e0 65\u00b0 dans les deux sens, panier \u00e0 brassard spacieux pour ranger les accessoires, tube en spirale extensible jusqu\u2019\u00e0 3 m\u00e8tres, soupape d\u2019a\u00e9ration \u00e0 une bille et chrom\u00e9e, grand cadran de 147 mm de diam\u00e8tre, membrane sp\u00e9ciale en cuivre [&hellip;]","og_url":"https:\/\/meber2026.graphoservice.it\/fr\/product\/1740-2\/","og_site_name":"Me.Ber.","twitter_card":"summary_large_image","schema":{"@context":"https:\/\/schema.org","@graph":[{"@type":"WebPage","@id":"https:\/\/meber2026.graphoservice.it\/fr\/product\/1740-2\/","url":"https:\/\/meber2026.graphoservice.it\/fr\/product\/1740-2\/","name":"1740","isPartOf":{"@id":"https:\/\/meber2026.graphoservice.it\/fr\/#website"},"primaryImageOfPage":{"@id":"https:\/\/meber2026.graphoservice.it\/fr\/product\/1740-2\/#primaryimage"},"image":{"@id":"https:\/\/meber2026.graphoservice.it\/fr\/product\/1740-2\/#primaryimage"},"thumbnailUrl":"https:\/\/meber2026.graphoservice.it\/wp-content\/uploads\/2026\/02\/1740_sfigmo_aneroide_parete1.jpg","datePublished":"2026-02-10T09:24:40+00:00","breadcrumb":{"@id":"https:\/\/meber2026.graphoservice.it\/fr\/product\/1740-2\/#breadcrumb"},"inLanguage":"fr-FR","potentialAction":[{"@type":"ReadAction","target":["https:\/\/meber2026.graphoservice.it\/fr\/product\/1740-2\/"]}]},{"@type":"ImageObject","inLanguage":"fr-FR","@id":"https:\/\/meber2026.graphoservice.it\/fr\/product\/1740-2\/#primaryimage","url":"https:\/\/meber2026.graphoservice.it\/wp-content\/uploads\/2026\/02\/1740_sfigmo_aneroide_parete1.jpg","contentUrl":"https:\/\/meber2026.graphoservice.it\/wp-content\/uploads\/2026\/02\/1740_sfigmo_aneroide_parete1.jpg","width":742,"height":780},{"@type":"BreadcrumbList","@id":"https:\/\/meber2026.graphoservice.it\/fr\/product\/1740-2\/#breadcrumb","itemListElement":[{"@type":"ListItem","position":1,"name":"Home","item":"https:\/\/meber2026.graphoservice.it\/fr\/"},{"@type":"ListItem","position":2,"name":"1740"}]},{"@type":"WebSite","@id":"https:\/\/meber2026.graphoservice.it\/fr\/#website","url":"https:\/\/meber2026.graphoservice.it\/fr\/","name":"Me.Ber.","description":"In Case of Emergerncy","potentialAction":[{"@type":"SearchAction","target":{"@type":"EntryPoint","urlTemplate":"https:\/\/meber2026.graphoservice.it\/fr\/?s={search_term_string}"},"query-input":{"@type":"PropertyValueSpecification","valueRequired":true,"valueName":"search_term_string"}}],"inLanguage":"fr-FR"}]}},"_links":{"self":[{"href":"https:\/\/meber2026.graphoservice.it\/fr\/wp-json\/wp\/v2\/product\/17533","targetHints":{"allow":["GET"]}}],"collection":[{"href":"https:\/\/meber2026.graphoservice.it\/fr\/wp-json\/wp\/v2\/product"}],"about":[{"href":"https:\/\/meber2026.graphoservice.it\/fr\/wp-json\/wp\/v2\/types\/product"}],"author":[{"embeddable":true,"href":"https:\/\/meber2026.graphoservice.it\/fr\/wp-json\/wp\/v2\/users\/1"}],"version-history":[{"count":0,"href":"https:\/\/meber2026.graphoservice.it\/fr\/wp-json\/wp\/v2\/product\/17533\/revisions"}],"wp:featuredmedia":[{"embeddable":true,"href":"https:\/\/meber2026.graphoservice.it\/fr\/wp-json\/wp\/v2\/media\/13224"}],"wp:attachment":[{"href":"https:\/\/meber2026.graphoservice.it\/fr\/wp-json\/wp\/v2\/media?parent=17533"}],"wp:term":[{"taxonomy":"application-tag","embeddable":true,"href":"https:\/\/meber2026.graphoservice.it\/fr\/wp-json\/wp\/v2\/application-tag?post=17533"}],"curies":[{"name":"wp","href":"https:\/\/api.w.org\/{rel}","templated":true}]}}