{"id":17428,"date":"2026-02-10T09:24:31","date_gmt":"2026-02-10T09:24:31","guid":{"rendered":"https:\/\/meber2026.graphoservice.it\/product\/toboga-16102\/"},"modified":"2026-02-10T09:24:32","modified_gmt":"2026-02-10T09:24:32","slug":"toboga-16102","status":"publish","type":"product","link":"https:\/\/meber2026.graphoservice.it\/fr\/product\/toboga-16102\/","title":{"rendered":"Toboga 16102"},"content":{"rendered":"<p>Compos\u00e9 d\u2019une coque ext\u00e9rieure en polym\u00e8re ABS modifi\u00e9, et soutenu par une structure en aluminium robuste. 12 poign\u00e9es le rendent extr\u00eamement pratique. R\u00e9sistant aux produits chimiques, aux UV, \u00e0 la rouille et \u00e0 la corrosion. Des boucles en laiton robustes positionn\u00e9es sur les bords du brancard permettent de le soulever avec l\u2019accessoire Art. 16100-005. Une couche de mousse EVA est pr\u00e9sente \u00e0 l\u2019int\u00e9rieur du brancard pour un plus grand confort du patient. Un repose-pieds r\u00e9glable et quatre sangles de fixation compl\u00e8tent l\u2019offre standard.\u00a0<br \/>\nCe mod\u00e8le a les m\u00eames caract\u00e9ristiques m\u00e9caniques et constructives que celles du Toboga art. 16100, \u00e0 la seule diff\u00e9rence qu\u2019il est compos\u00e9 de deux parties s\u00e9parables qui lui donnent la possibilit\u00e9 d\u2019\u00eatre rang\u00e9 et transport\u00e9 avec une grande facilit\u00e9. Les deux moiti\u00e9s sont maintenues ensemble au moyen de tiges en aluminium robustes, fix\u00e9es avec des goupilles en acier.<\/p>\n","protected":false},"excerpt":{"rendered":"<p>Compos\u00e9 d\u2019une coque ext\u00e9rieure en polym\u00e8re ABS modifi\u00e9, et soutenu par une structure en aluminium robuste. 12 poign\u00e9es le rendent extr\u00eamement pratique. R\u00e9sistant aux produits chimiques, aux UV, \u00e0 la rouille et \u00e0 la corrosion. Des boucles en laiton robustes positionn\u00e9es sur les bords du brancard permettent de le soulever avec l\u2019accessoire Art. 16100-005. Une [&hellip;]<\/p>\n","protected":false},"author":1,"featured_media":26195,"parent":0,"menu_order":10002700,"template":"","meta":{"_acf_changed":false,"footnotes":""},"application-tag":[71,104],"class_list":["post-17428","product","type-product","status-publish","has-post-thumbnail","hentry","application-tag-brancards","application-tag-extreme"],"acf":[],"dsm_author":{"name":"admeb26","avatar_url":"https:\/\/meber2026.graphoservice.it\/wp-content\/plugins\/ultimate-member\/assets\/img\/default_avatar.jpg","archive_link":"https:\/\/meber2026.graphoservice.it\/fr\/author\/admeb26\/","biodata":""},"dsm_categories":[],"dsm_attachment_categories":[],"dsm_featured_image":{"thumbnail":"https:\/\/meber2026.graphoservice.it\/wp-content\/uploads\/2026\/02\/16102_toboga_separata1-copia-150x150.webp","medium":"https:\/\/meber2026.graphoservice.it\/wp-content\/uploads\/2026\/02\/16102_toboga_separata1-copia-300x300.webp","medium_large":"https:\/\/meber2026.graphoservice.it\/wp-content\/uploads\/2026\/02\/16102_toboga_separata1-copia-768x768.webp","large":"https:\/\/meber2026.graphoservice.it\/wp-content\/uploads\/2026\/02\/16102_toboga_separata1-copia-1024x1024.webp","1536x1536":"https:\/\/meber2026.graphoservice.it\/wp-content\/uploads\/2026\/02\/16102_toboga_separata1-copia.webp","2048x2048":"https:\/\/meber2026.graphoservice.it\/wp-content\/uploads\/2026\/02\/16102_toboga_separata1-copia.webp","et-pb-post-main-image":"https:\/\/meber2026.graphoservice.it\/wp-content\/uploads\/2026\/02\/16102_toboga_separata1-copia-400x250.webp","et-pb-post-main-image-fullwidth":"https:\/\/meber2026.graphoservice.it\/wp-content\/uploads\/2026\/02\/16102_toboga_separata1-copia-1080x675.webp","et-pb-portfolio-image":"https:\/\/meber2026.graphoservice.it\/wp-content\/uploads\/2026\/02\/16102_toboga_separata1-copia-400x284.webp","et-pb-portfolio-module-image":"https:\/\/meber2026.graphoservice.it\/wp-content\/uploads\/2026\/02\/16102_toboga_separata1-copia-510x382.webp","et-pb-portfolio-image-single":"https:\/\/meber2026.graphoservice.it\/wp-content\/uploads\/2026\/02\/16102_toboga_separata1-copia-1080x1080.webp","et-pb-gallery-module-image-portrait":"https:\/\/meber2026.graphoservice.it\/wp-content\/uploads\/2026\/02\/16102_toboga_separata1-copia-400x516.webp","et-pb-post-main-image-fullwidth-large":"https:\/\/meber2026.graphoservice.it\/wp-content\/uploads\/2026\/02\/16102_toboga_separata1-copia.webp","et-pb-image--responsive--desktop":"https:\/\/meber2026.graphoservice.it\/wp-content\/uploads\/2026\/02\/16102_toboga_separata1-copia.webp","et-pb-image--responsive--tablet":"https:\/\/meber2026.graphoservice.it\/wp-content\/uploads\/2026\/02\/16102_toboga_separata1-copia-980x980.webp","et-pb-image--responsive--phone":"https:\/\/meber2026.graphoservice.it\/wp-content\/uploads\/2026\/02\/16102_toboga_separata1-copia-480x480.webp","full":"https:\/\/meber2026.graphoservice.it\/wp-content\/uploads\/2026\/02\/16102_toboga_separata1-copia.webp"},"yoast_head":"<!-- This site is optimized with the Yoast SEO plugin v27.4 - https:\/\/yoast.com\/product\/yoast-seo-wordpress\/ -->\n<title>Brancard Toboga 16102<\/title>\n<meta name=\"description\" content=\"Brancard Toboga divisible avec ceintures et repose-pieds, id\u00e9al pour tout type de sauvetage, m\u00eame les plus extr\u00eataille. Facile \u00e0 transporter.\" \/>\n<meta name=\"robots\" content=\"noindex, follow, max-snippet:-1, max-image-preview:large, max-video-preview:-1\" \/>\n<meta property=\"og:locale\" content=\"fr_FR\" \/>\n<meta property=\"og:type\" content=\"article\" \/>\n<meta property=\"og:title\" content=\"Brancard Toboga 16102\" \/>\n<meta property=\"og:description\" content=\"Brancard Toboga divisible avec ceintures et repose-pieds, id\u00e9al pour tout type de sauvetage, m\u00eame les plus extr\u00eataille. Facile \u00e0 transporter.\" \/>\n<meta property=\"og:url\" content=\"https:\/\/meber2026.graphoservice.it\/fr\/product\/toboga-16102\/\" \/>\n<meta property=\"og:site_name\" content=\"Me.Ber.\" \/>\n<meta property=\"article:modified_time\" content=\"2026-02-10T09:24:32+00:00\" \/>\n<meta name=\"twitter:card\" content=\"summary_large_image\" \/>\n<meta name=\"twitter:label1\" content=\"Dur\u00e9e de lecture estim\u00e9e\" \/>\n\t<meta name=\"twitter:data1\" content=\"1 minute\" \/>\n<script type=\"application\/ld+json\" class=\"yoast-schema-graph\">{\"@context\":\"https:\\\/\\\/schema.org\",\"@graph\":[{\"@type\":\"WebPage\",\"@id\":\"https:\\\/\\\/meber2026.graphoservice.it\\\/fr\\\/product\\\/toboga-16102\\\/\",\"url\":\"https:\\\/\\\/meber2026.graphoservice.it\\\/fr\\\/product\\\/toboga-16102\\\/\",\"name\":\"Brancard Toboga 16102\",\"isPartOf\":{\"@id\":\"https:\\\/\\\/meber2026.graphoservice.it\\\/fr\\\/#website\"},\"primaryImageOfPage\":{\"@id\":\"https:\\\/\\\/meber2026.graphoservice.it\\\/fr\\\/product\\\/toboga-16102\\\/#primaryimage\"},\"image\":{\"@id\":\"https:\\\/\\\/meber2026.graphoservice.it\\\/fr\\\/product\\\/toboga-16102\\\/#primaryimage\"},\"thumbnailUrl\":\"https:\\\/\\\/meber2026.graphoservice.it\\\/wp-content\\\/uploads\\\/2026\\\/02\\\/16102_toboga_separata1-copia.webp\",\"datePublished\":\"2026-02-10T09:24:31+00:00\",\"dateModified\":\"2026-02-10T09:24:32+00:00\",\"description\":\"Brancard Toboga divisible avec ceintures et repose-pieds, id\u00e9al pour tout type de sauvetage, m\u00eame les plus extr\u00eataille. Facile \u00e0 transporter.\",\"breadcrumb\":{\"@id\":\"https:\\\/\\\/meber2026.graphoservice.it\\\/fr\\\/product\\\/toboga-16102\\\/#breadcrumb\"},\"inLanguage\":\"fr-FR\",\"potentialAction\":[{\"@type\":\"ReadAction\",\"target\":[\"https:\\\/\\\/meber2026.graphoservice.it\\\/fr\\\/product\\\/toboga-16102\\\/\"]}]},{\"@type\":\"ImageObject\",\"inLanguage\":\"fr-FR\",\"@id\":\"https:\\\/\\\/meber2026.graphoservice.it\\\/fr\\\/product\\\/toboga-16102\\\/#primaryimage\",\"url\":\"https:\\\/\\\/meber2026.graphoservice.it\\\/wp-content\\\/uploads\\\/2026\\\/02\\\/16102_toboga_separata1-copia.webp\",\"contentUrl\":\"https:\\\/\\\/meber2026.graphoservice.it\\\/wp-content\\\/uploads\\\/2026\\\/02\\\/16102_toboga_separata1-copia.webp\",\"width\":1200,\"height\":1200},{\"@type\":\"BreadcrumbList\",\"@id\":\"https:\\\/\\\/meber2026.graphoservice.it\\\/fr\\\/product\\\/toboga-16102\\\/#breadcrumb\",\"itemListElement\":[{\"@type\":\"ListItem\",\"position\":1,\"name\":\"Home\",\"item\":\"https:\\\/\\\/meber2026.graphoservice.it\\\/fr\\\/\"},{\"@type\":\"ListItem\",\"position\":2,\"name\":\"Toboga 16102\"}]},{\"@type\":\"WebSite\",\"@id\":\"https:\\\/\\\/meber2026.graphoservice.it\\\/fr\\\/#website\",\"url\":\"https:\\\/\\\/meber2026.graphoservice.it\\\/fr\\\/\",\"name\":\"Me.Ber.\",\"description\":\"In Case of Emergerncy\",\"potentialAction\":[{\"@type\":\"SearchAction\",\"target\":{\"@type\":\"EntryPoint\",\"urlTemplate\":\"https:\\\/\\\/meber2026.graphoservice.it\\\/fr\\\/?s={search_term_string}\"},\"query-input\":{\"@type\":\"PropertyValueSpecification\",\"valueRequired\":true,\"valueName\":\"search_term_string\"}}],\"inLanguage\":\"fr-FR\"}]}<\/script>\n<!-- \/ Yoast SEO plugin. -->","yoast_head_json":{"title":"Brancard Toboga 16102","description":"Brancard Toboga divisible avec ceintures et repose-pieds, id\u00e9al pour tout type de sauvetage, m\u00eame les plus extr\u00eataille. Facile \u00e0 transporter.","robots":{"index":"noindex","follow":"follow","max-snippet":"max-snippet:-1","max-image-preview":"max-image-preview:large","max-video-preview":"max-video-preview:-1"},"og_locale":"fr_FR","og_type":"article","og_title":"Brancard Toboga 16102","og_description":"Brancard Toboga divisible avec ceintures et repose-pieds, id\u00e9al pour tout type de sauvetage, m\u00eame les plus extr\u00eataille. Facile \u00e0 transporter.","og_url":"https:\/\/meber2026.graphoservice.it\/fr\/product\/toboga-16102\/","og_site_name":"Me.Ber.","article_modified_time":"2026-02-10T09:24:32+00:00","twitter_card":"summary_large_image","twitter_misc":{"Dur\u00e9e de lecture estim\u00e9e":"1 minute"},"schema":{"@context":"https:\/\/schema.org","@graph":[{"@type":"WebPage","@id":"https:\/\/meber2026.graphoservice.it\/fr\/product\/toboga-16102\/","url":"https:\/\/meber2026.graphoservice.it\/fr\/product\/toboga-16102\/","name":"Brancard Toboga 16102","isPartOf":{"@id":"https:\/\/meber2026.graphoservice.it\/fr\/#website"},"primaryImageOfPage":{"@id":"https:\/\/meber2026.graphoservice.it\/fr\/product\/toboga-16102\/#primaryimage"},"image":{"@id":"https:\/\/meber2026.graphoservice.it\/fr\/product\/toboga-16102\/#primaryimage"},"thumbnailUrl":"https:\/\/meber2026.graphoservice.it\/wp-content\/uploads\/2026\/02\/16102_toboga_separata1-copia.webp","datePublished":"2026-02-10T09:24:31+00:00","dateModified":"2026-02-10T09:24:32+00:00","description":"Brancard Toboga divisible avec ceintures et repose-pieds, id\u00e9al pour tout type de sauvetage, m\u00eame les plus extr\u00eataille. Facile \u00e0 transporter.","breadcrumb":{"@id":"https:\/\/meber2026.graphoservice.it\/fr\/product\/toboga-16102\/#breadcrumb"},"inLanguage":"fr-FR","potentialAction":[{"@type":"ReadAction","target":["https:\/\/meber2026.graphoservice.it\/fr\/product\/toboga-16102\/"]}]},{"@type":"ImageObject","inLanguage":"fr-FR","@id":"https:\/\/meber2026.graphoservice.it\/fr\/product\/toboga-16102\/#primaryimage","url":"https:\/\/meber2026.graphoservice.it\/wp-content\/uploads\/2026\/02\/16102_toboga_separata1-copia.webp","contentUrl":"https:\/\/meber2026.graphoservice.it\/wp-content\/uploads\/2026\/02\/16102_toboga_separata1-copia.webp","width":1200,"height":1200},{"@type":"BreadcrumbList","@id":"https:\/\/meber2026.graphoservice.it\/fr\/product\/toboga-16102\/#breadcrumb","itemListElement":[{"@type":"ListItem","position":1,"name":"Home","item":"https:\/\/meber2026.graphoservice.it\/fr\/"},{"@type":"ListItem","position":2,"name":"Toboga 16102"}]},{"@type":"WebSite","@id":"https:\/\/meber2026.graphoservice.it\/fr\/#website","url":"https:\/\/meber2026.graphoservice.it\/fr\/","name":"Me.Ber.","description":"In Case of Emergerncy","potentialAction":[{"@type":"SearchAction","target":{"@type":"EntryPoint","urlTemplate":"https:\/\/meber2026.graphoservice.it\/fr\/?s={search_term_string}"},"query-input":{"@type":"PropertyValueSpecification","valueRequired":true,"valueName":"search_term_string"}}],"inLanguage":"fr-FR"}]}},"_links":{"self":[{"href":"https:\/\/meber2026.graphoservice.it\/fr\/wp-json\/wp\/v2\/product\/17428","targetHints":{"allow":["GET"]}}],"collection":[{"href":"https:\/\/meber2026.graphoservice.it\/fr\/wp-json\/wp\/v2\/product"}],"about":[{"href":"https:\/\/meber2026.graphoservice.it\/fr\/wp-json\/wp\/v2\/types\/product"}],"author":[{"embeddable":true,"href":"https:\/\/meber2026.graphoservice.it\/fr\/wp-json\/wp\/v2\/users\/1"}],"version-history":[{"count":0,"href":"https:\/\/meber2026.graphoservice.it\/fr\/wp-json\/wp\/v2\/product\/17428\/revisions"}],"wp:featuredmedia":[{"embeddable":true,"href":"https:\/\/meber2026.graphoservice.it\/fr\/wp-json\/wp\/v2\/media\/26195"}],"wp:attachment":[{"href":"https:\/\/meber2026.graphoservice.it\/fr\/wp-json\/wp\/v2\/media?parent=17428"}],"wp:term":[{"taxonomy":"application-tag","embeddable":true,"href":"https:\/\/meber2026.graphoservice.it\/fr\/wp-json\/wp\/v2\/application-tag?post=17428"}],"curies":[{"name":"wp","href":"https:\/\/api.w.org\/{rel}","templated":true}]}}