{"id":17298,"date":"2026-02-10T09:24:22","date_gmt":"2026-02-10T09:24:22","guid":{"rendered":"https:\/\/meber2026.graphoservice.it\/product\/cronos-13018\/"},"modified":"2026-02-10T09:24:22","modified_gmt":"2026-02-10T09:24:22","slug":"cronos-13018","status":"publish","type":"product","link":"https:\/\/meber2026.graphoservice.it\/fr\/product\/cronos-13018\/","title":{"rendered":"Cronos 13018"},"content":{"rendered":"<p style=\"\">Le brancard de service CRONOS est en acier inoxydable \u00e9lectropoli, avec des c\u00f4t\u00e9s inclinables.<br \/> Le dossier et la position Trendelenburg sont r\u00e9glables avec des ressorts \u00e0 gaz qui permettent des positions infinies, comme les quatre ressorts situ\u00e9s sous la surface du lit qui permettent une adaptation parfaite \u00e0 n\u2019importe quelle hauteur.<br \/> Enfin, quatre roues de diam. 200, deux fixes et deux pivotantes avec frein, rendent ce brancard facile et polyvalent.<\/p>\n","protected":false},"excerpt":{"rendered":"<p>Le brancard de service CRONOS est en acier inoxydable \u00e9lectropoli, avec des c\u00f4t\u00e9s inclinables. Le dossier et la position Trendelenburg sont r\u00e9glables avec des ressorts \u00e0 gaz qui permettent des positions infinies, comme les quatre ressorts situ\u00e9s sous la surface du lit qui permettent une adaptation parfaite \u00e0 n\u2019importe quelle hauteur. Enfin, quatre roues de [&hellip;]<\/p>\n","protected":false},"author":1,"featured_media":26483,"parent":0,"menu_order":10002500,"template":"","meta":{"_acf_changed":false,"footnotes":""},"application-tag":[],"class_list":["post-17298","product","type-product","status-publish","has-post-thumbnail","hentry"],"acf":[],"dsm_author":{"name":"admeb26","avatar_url":"https:\/\/meber2026.graphoservice.it\/wp-content\/plugins\/ultimate-member\/assets\/img\/default_avatar.jpg","archive_link":"https:\/\/meber2026.graphoservice.it\/fr\/author\/admeb26\/","biodata":""},"dsm_categories":[],"dsm_attachment_categories":[],"dsm_featured_image":{"thumbnail":"https:\/\/meber2026.graphoservice.it\/wp-content\/uploads\/2026\/02\/13018_Cronos_006-150x150.webp","medium":"https:\/\/meber2026.graphoservice.it\/wp-content\/uploads\/2026\/02\/13018_Cronos_006-300x300.webp","medium_large":"https:\/\/meber2026.graphoservice.it\/wp-content\/uploads\/2026\/02\/13018_Cronos_006-768x768.webp","large":"https:\/\/meber2026.graphoservice.it\/wp-content\/uploads\/2026\/02\/13018_Cronos_006-1024x1024.webp","1536x1536":"https:\/\/meber2026.graphoservice.it\/wp-content\/uploads\/2026\/02\/13018_Cronos_006-1536x1536.webp","2048x2048":"https:\/\/meber2026.graphoservice.it\/wp-content\/uploads\/2026\/02\/13018_Cronos_006.webp","et-pb-post-main-image":"https:\/\/meber2026.graphoservice.it\/wp-content\/uploads\/2026\/02\/13018_Cronos_006-400x250.webp","et-pb-post-main-image-fullwidth":"https:\/\/meber2026.graphoservice.it\/wp-content\/uploads\/2026\/02\/13018_Cronos_006-1080x675.webp","et-pb-portfolio-image":"https:\/\/meber2026.graphoservice.it\/wp-content\/uploads\/2026\/02\/13018_Cronos_006-400x284.webp","et-pb-portfolio-module-image":"https:\/\/meber2026.graphoservice.it\/wp-content\/uploads\/2026\/02\/13018_Cronos_006-510x382.webp","et-pb-portfolio-image-single":"https:\/\/meber2026.graphoservice.it\/wp-content\/uploads\/2026\/02\/13018_Cronos_006-1080x1080.webp","et-pb-gallery-module-image-portrait":"https:\/\/meber2026.graphoservice.it\/wp-content\/uploads\/2026\/02\/13018_Cronos_006-400x516.webp","et-pb-post-main-image-fullwidth-large":"https:\/\/meber2026.graphoservice.it\/wp-content\/uploads\/2026\/02\/13018_Cronos_006-2000x1800.webp","et-pb-image--responsive--desktop":"https:\/\/meber2026.graphoservice.it\/wp-content\/uploads\/2026\/02\/13018_Cronos_006-1280x1280.webp","et-pb-image--responsive--tablet":"https:\/\/meber2026.graphoservice.it\/wp-content\/uploads\/2026\/02\/13018_Cronos_006-980x980.webp","et-pb-image--responsive--phone":"https:\/\/meber2026.graphoservice.it\/wp-content\/uploads\/2026\/02\/13018_Cronos_006-480x480.webp","full":"https:\/\/meber2026.graphoservice.it\/wp-content\/uploads\/2026\/02\/13018_Cronos_006.webp"},"yoast_head":"<!-- This site is optimized with the Yoast SEO plugin v27.4 - https:\/\/yoast.com\/product\/yoast-seo-wordpress\/ -->\n<title>Brancards Cronos 13018<\/title>\n<meta name=\"description\" content=\"Brancards \u00e0 plusieurs niveaux avec dossier et Trendelenburg en acier inoxydable \u00e9lectropoli. R\u00e9glables avec des ressorts \u00e0 gaz pour des positions infinies.\" \/>\n<meta name=\"robots\" content=\"noindex, follow, max-snippet:-1, max-image-preview:large, max-video-preview:-1\" \/>\n<meta property=\"og:locale\" content=\"fr_FR\" \/>\n<meta property=\"og:type\" content=\"article\" \/>\n<meta property=\"og:title\" content=\"Brancards Cronos 13018\" \/>\n<meta property=\"og:description\" content=\"Brancards \u00e0 plusieurs niveaux avec dossier et Trendelenburg en acier inoxydable \u00e9lectropoli. R\u00e9glables avec des ressorts \u00e0 gaz pour des positions infinies.\" \/>\n<meta property=\"og:url\" content=\"https:\/\/meber2026.graphoservice.it\/fr\/product\/cronos-13018\/\" \/>\n<meta property=\"og:site_name\" content=\"Me.Ber.\" \/>\n<meta name=\"twitter:card\" content=\"summary_large_image\" \/>\n<script type=\"application\/ld+json\" class=\"yoast-schema-graph\">{\"@context\":\"https:\\\/\\\/schema.org\",\"@graph\":[{\"@type\":\"WebPage\",\"@id\":\"https:\\\/\\\/meber2026.graphoservice.it\\\/fr\\\/product\\\/cronos-13018\\\/\",\"url\":\"https:\\\/\\\/meber2026.graphoservice.it\\\/fr\\\/product\\\/cronos-13018\\\/\",\"name\":\"Brancards Cronos 13018\",\"isPartOf\":{\"@id\":\"https:\\\/\\\/meber2026.graphoservice.it\\\/fr\\\/#website\"},\"primaryImageOfPage\":{\"@id\":\"https:\\\/\\\/meber2026.graphoservice.it\\\/fr\\\/product\\\/cronos-13018\\\/#primaryimage\"},\"image\":{\"@id\":\"https:\\\/\\\/meber2026.graphoservice.it\\\/fr\\\/product\\\/cronos-13018\\\/#primaryimage\"},\"thumbnailUrl\":\"https:\\\/\\\/meber2026.graphoservice.it\\\/wp-content\\\/uploads\\\/2026\\\/02\\\/13018_Cronos_006.webp\",\"datePublished\":\"2026-02-10T09:24:22+00:00\",\"description\":\"Brancards \u00e0 plusieurs niveaux avec dossier et Trendelenburg en acier inoxydable \u00e9lectropoli. R\u00e9glables avec des ressorts \u00e0 gaz pour des positions infinies.\",\"breadcrumb\":{\"@id\":\"https:\\\/\\\/meber2026.graphoservice.it\\\/fr\\\/product\\\/cronos-13018\\\/#breadcrumb\"},\"inLanguage\":\"fr-FR\",\"potentialAction\":[{\"@type\":\"ReadAction\",\"target\":[\"https:\\\/\\\/meber2026.graphoservice.it\\\/fr\\\/product\\\/cronos-13018\\\/\"]}]},{\"@type\":\"ImageObject\",\"inLanguage\":\"fr-FR\",\"@id\":\"https:\\\/\\\/meber2026.graphoservice.it\\\/fr\\\/product\\\/cronos-13018\\\/#primaryimage\",\"url\":\"https:\\\/\\\/meber2026.graphoservice.it\\\/wp-content\\\/uploads\\\/2026\\\/02\\\/13018_Cronos_006.webp\",\"contentUrl\":\"https:\\\/\\\/meber2026.graphoservice.it\\\/wp-content\\\/uploads\\\/2026\\\/02\\\/13018_Cronos_006.webp\",\"width\":2000,\"height\":2000},{\"@type\":\"BreadcrumbList\",\"@id\":\"https:\\\/\\\/meber2026.graphoservice.it\\\/fr\\\/product\\\/cronos-13018\\\/#breadcrumb\",\"itemListElement\":[{\"@type\":\"ListItem\",\"position\":1,\"name\":\"Home\",\"item\":\"https:\\\/\\\/meber2026.graphoservice.it\\\/fr\\\/\"},{\"@type\":\"ListItem\",\"position\":2,\"name\":\"Cronos 13018\"}]},{\"@type\":\"WebSite\",\"@id\":\"https:\\\/\\\/meber2026.graphoservice.it\\\/fr\\\/#website\",\"url\":\"https:\\\/\\\/meber2026.graphoservice.it\\\/fr\\\/\",\"name\":\"Me.Ber.\",\"description\":\"In Case of Emergerncy\",\"potentialAction\":[{\"@type\":\"SearchAction\",\"target\":{\"@type\":\"EntryPoint\",\"urlTemplate\":\"https:\\\/\\\/meber2026.graphoservice.it\\\/fr\\\/?s={search_term_string}\"},\"query-input\":{\"@type\":\"PropertyValueSpecification\",\"valueRequired\":true,\"valueName\":\"search_term_string\"}}],\"inLanguage\":\"fr-FR\"}]}<\/script>\n<!-- \/ Yoast SEO plugin. -->","yoast_head_json":{"title":"Brancards Cronos 13018","description":"Brancards \u00e0 plusieurs niveaux avec dossier et Trendelenburg en acier inoxydable \u00e9lectropoli. R\u00e9glables avec des ressorts \u00e0 gaz pour des positions infinies.","robots":{"index":"noindex","follow":"follow","max-snippet":"max-snippet:-1","max-image-preview":"max-image-preview:large","max-video-preview":"max-video-preview:-1"},"og_locale":"fr_FR","og_type":"article","og_title":"Brancards Cronos 13018","og_description":"Brancards \u00e0 plusieurs niveaux avec dossier et Trendelenburg en acier inoxydable \u00e9lectropoli. R\u00e9glables avec des ressorts \u00e0 gaz pour des positions infinies.","og_url":"https:\/\/meber2026.graphoservice.it\/fr\/product\/cronos-13018\/","og_site_name":"Me.Ber.","twitter_card":"summary_large_image","schema":{"@context":"https:\/\/schema.org","@graph":[{"@type":"WebPage","@id":"https:\/\/meber2026.graphoservice.it\/fr\/product\/cronos-13018\/","url":"https:\/\/meber2026.graphoservice.it\/fr\/product\/cronos-13018\/","name":"Brancards Cronos 13018","isPartOf":{"@id":"https:\/\/meber2026.graphoservice.it\/fr\/#website"},"primaryImageOfPage":{"@id":"https:\/\/meber2026.graphoservice.it\/fr\/product\/cronos-13018\/#primaryimage"},"image":{"@id":"https:\/\/meber2026.graphoservice.it\/fr\/product\/cronos-13018\/#primaryimage"},"thumbnailUrl":"https:\/\/meber2026.graphoservice.it\/wp-content\/uploads\/2026\/02\/13018_Cronos_006.webp","datePublished":"2026-02-10T09:24:22+00:00","description":"Brancards \u00e0 plusieurs niveaux avec dossier et Trendelenburg en acier inoxydable \u00e9lectropoli. R\u00e9glables avec des ressorts \u00e0 gaz pour des positions infinies.","breadcrumb":{"@id":"https:\/\/meber2026.graphoservice.it\/fr\/product\/cronos-13018\/#breadcrumb"},"inLanguage":"fr-FR","potentialAction":[{"@type":"ReadAction","target":["https:\/\/meber2026.graphoservice.it\/fr\/product\/cronos-13018\/"]}]},{"@type":"ImageObject","inLanguage":"fr-FR","@id":"https:\/\/meber2026.graphoservice.it\/fr\/product\/cronos-13018\/#primaryimage","url":"https:\/\/meber2026.graphoservice.it\/wp-content\/uploads\/2026\/02\/13018_Cronos_006.webp","contentUrl":"https:\/\/meber2026.graphoservice.it\/wp-content\/uploads\/2026\/02\/13018_Cronos_006.webp","width":2000,"height":2000},{"@type":"BreadcrumbList","@id":"https:\/\/meber2026.graphoservice.it\/fr\/product\/cronos-13018\/#breadcrumb","itemListElement":[{"@type":"ListItem","position":1,"name":"Home","item":"https:\/\/meber2026.graphoservice.it\/fr\/"},{"@type":"ListItem","position":2,"name":"Cronos 13018"}]},{"@type":"WebSite","@id":"https:\/\/meber2026.graphoservice.it\/fr\/#website","url":"https:\/\/meber2026.graphoservice.it\/fr\/","name":"Me.Ber.","description":"In Case of Emergerncy","potentialAction":[{"@type":"SearchAction","target":{"@type":"EntryPoint","urlTemplate":"https:\/\/meber2026.graphoservice.it\/fr\/?s={search_term_string}"},"query-input":{"@type":"PropertyValueSpecification","valueRequired":true,"valueName":"search_term_string"}}],"inLanguage":"fr-FR"}]}},"_links":{"self":[{"href":"https:\/\/meber2026.graphoservice.it\/fr\/wp-json\/wp\/v2\/product\/17298","targetHints":{"allow":["GET"]}}],"collection":[{"href":"https:\/\/meber2026.graphoservice.it\/fr\/wp-json\/wp\/v2\/product"}],"about":[{"href":"https:\/\/meber2026.graphoservice.it\/fr\/wp-json\/wp\/v2\/types\/product"}],"author":[{"embeddable":true,"href":"https:\/\/meber2026.graphoservice.it\/fr\/wp-json\/wp\/v2\/users\/1"}],"version-history":[{"count":0,"href":"https:\/\/meber2026.graphoservice.it\/fr\/wp-json\/wp\/v2\/product\/17298\/revisions"}],"wp:featuredmedia":[{"embeddable":true,"href":"https:\/\/meber2026.graphoservice.it\/fr\/wp-json\/wp\/v2\/media\/26483"}],"wp:attachment":[{"href":"https:\/\/meber2026.graphoservice.it\/fr\/wp-json\/wp\/v2\/media?parent=17298"}],"wp:term":[{"taxonomy":"application-tag","embeddable":true,"href":"https:\/\/meber2026.graphoservice.it\/fr\/wp-json\/wp\/v2\/application-tag?post=17298"}],"curies":[{"name":"wp","href":"https:\/\/api.w.org\/{rel}","templated":true}]}}