{"id":17293,"date":"2026-02-10T09:24:22","date_gmt":"2026-02-10T09:24:22","guid":{"rendered":"https:\/\/meber2026.graphoservice.it\/product\/icarus-13012\/"},"modified":"2026-02-10T09:24:22","modified_gmt":"2026-02-10T09:24:22","slug":"icarus-13012","status":"publish","type":"product","link":"https:\/\/meber2026.graphoservice.it\/fr\/product\/icarus-13012\/","title":{"rendered":"Icarus 13012"},"content":{"rendered":"<p>Construit en acier inoxydable, le brancard \u00e0 plusieurs niveaux Icarus est \u00e9quip\u00e9 de quatre roues, dont deux \u00e9quip\u00e9es de freins, de barri\u00e8res lat\u00e9rales et de repose-pieds.<br \/> Les quatre amortisseurs \u00e0 gaz permettent une adaptation parfaite \u00e0 toute hauteur requise pour un travail pratique et professionnel.<br \/> \u00a0<\/p>\n<p><strong>Disponible dans les versions avec\u00a0: <\/strong><\/p>\n<ul>\n<li>plate-forme en ABS pour le nettoyage et la d\u00e9sinfection totale (art. 13010)<\/li>\n<li style=\"\">r\u00e9servoir en acier (art. 13012).<br \/> \u00a0<\/li>\n<\/ul>\n<p> \u00a0<\/p>\n","protected":false},"excerpt":{"rendered":"<p>Construit en acier inoxydable, le brancard \u00e0 plusieurs niveaux Icarus est \u00e9quip\u00e9 de quatre roues, dont deux \u00e9quip\u00e9es de freins, de barri\u00e8res lat\u00e9rales et de repose-pieds. Les quatre amortisseurs \u00e0 gaz permettent une adaptation parfaite \u00e0 toute hauteur requise pour un travail pratique et professionnel. \u00a0 Disponible dans les versions avec\u00a0: plate-forme en ABS pour [&hellip;]<\/p>\n","protected":false},"author":1,"featured_media":12792,"parent":0,"menu_order":10002400,"template":"","meta":{"_acf_changed":false,"footnotes":""},"application-tag":[],"class_list":["post-17293","product","type-product","status-publish","has-post-thumbnail","hentry"],"acf":[],"dsm_author":{"name":"admeb26","avatar_url":"https:\/\/meber2026.graphoservice.it\/wp-content\/plugins\/ultimate-member\/assets\/img\/default_avatar.jpg","archive_link":"https:\/\/meber2026.graphoservice.it\/fr\/author\/admeb26\/","biodata":""},"dsm_categories":[],"dsm_attachment_categories":[],"dsm_featured_image":{"thumbnail":"https:\/\/meber2026.graphoservice.it\/wp-content\/uploads\/2026\/02\/13012-150x150.jpg","medium":"https:\/\/meber2026.graphoservice.it\/wp-content\/uploads\/2026\/02\/13012-300x220.jpg","medium_large":"https:\/\/meber2026.graphoservice.it\/wp-content\/uploads\/2026\/02\/13012-768x562.jpg","large":"https:\/\/meber2026.graphoservice.it\/wp-content\/uploads\/2026\/02\/13012.jpg","1536x1536":"https:\/\/meber2026.graphoservice.it\/wp-content\/uploads\/2026\/02\/13012.jpg","2048x2048":"https:\/\/meber2026.graphoservice.it\/wp-content\/uploads\/2026\/02\/13012.jpg","et-pb-post-main-image":"https:\/\/meber2026.graphoservice.it\/wp-content\/uploads\/2026\/02\/13012-400x250.jpg","et-pb-post-main-image-fullwidth":"https:\/\/meber2026.graphoservice.it\/wp-content\/uploads\/2026\/02\/13012.jpg","et-pb-portfolio-image":"https:\/\/meber2026.graphoservice.it\/wp-content\/uploads\/2026\/02\/13012-400x284.jpg","et-pb-portfolio-module-image":"https:\/\/meber2026.graphoservice.it\/wp-content\/uploads\/2026\/02\/13012-510x382.jpg","et-pb-portfolio-image-single":"https:\/\/meber2026.graphoservice.it\/wp-content\/uploads\/2026\/02\/13012.jpg","et-pb-gallery-module-image-portrait":"https:\/\/meber2026.graphoservice.it\/wp-content\/uploads\/2026\/02\/13012-400x516.jpg","et-pb-post-main-image-fullwidth-large":"https:\/\/meber2026.graphoservice.it\/wp-content\/uploads\/2026\/02\/13012.jpg","et-pb-image--responsive--desktop":"https:\/\/meber2026.graphoservice.it\/wp-content\/uploads\/2026\/02\/13012.jpg","et-pb-image--responsive--tablet":"https:\/\/meber2026.graphoservice.it\/wp-content\/uploads\/2026\/02\/13012.jpg","et-pb-image--responsive--phone":"https:\/\/meber2026.graphoservice.it\/wp-content\/uploads\/2026\/02\/13012-480x351.jpg","full":"https:\/\/meber2026.graphoservice.it\/wp-content\/uploads\/2026\/02\/13012.jpg"},"yoast_head":"<!-- This site is optimized with the Yoast SEO plugin v27.4 - https:\/\/yoast.com\/product\/yoast-seo-wordpress\/ -->\n<title>Brancard multiniveaux Icarus 13012<\/title>\n<meta name=\"description\" content=\"Brancard multiniveaux avec r\u00e9servoir en acier inoxydable. Le brancard est \u00e9quip\u00e9 d\u2019un frein \u00e0 deux roues, de barri\u00e8res lat\u00e9rales et d\u2019un repose-pieds. Quatre amortisseurs \u00e0 gaz facilitent le transport.\" \/>\n<meta name=\"robots\" content=\"noindex, follow, max-snippet:-1, max-image-preview:large, max-video-preview:-1\" \/>\n<meta property=\"og:locale\" content=\"fr_FR\" \/>\n<meta property=\"og:type\" content=\"article\" \/>\n<meta property=\"og:title\" content=\"Brancard multiniveaux Icarus 13012\" \/>\n<meta property=\"og:description\" content=\"Brancard multiniveaux avec r\u00e9servoir en acier inoxydable. Le brancard est \u00e9quip\u00e9 d\u2019un frein \u00e0 deux roues, de barri\u00e8res lat\u00e9rales et d\u2019un repose-pieds. Quatre amortisseurs \u00e0 gaz facilitent le transport.\" \/>\n<meta property=\"og:url\" content=\"https:\/\/meber2026.graphoservice.it\/fr\/product\/icarus-13012\/\" \/>\n<meta property=\"og:site_name\" content=\"Me.Ber.\" \/>\n<meta name=\"twitter:card\" content=\"summary_large_image\" \/>\n<script type=\"application\/ld+json\" class=\"yoast-schema-graph\">{\"@context\":\"https:\\\/\\\/schema.org\",\"@graph\":[{\"@type\":\"WebPage\",\"@id\":\"https:\\\/\\\/meber2026.graphoservice.it\\\/fr\\\/product\\\/icarus-13012\\\/\",\"url\":\"https:\\\/\\\/meber2026.graphoservice.it\\\/fr\\\/product\\\/icarus-13012\\\/\",\"name\":\"Brancard multiniveaux Icarus 13012\",\"isPartOf\":{\"@id\":\"https:\\\/\\\/meber2026.graphoservice.it\\\/fr\\\/#website\"},\"primaryImageOfPage\":{\"@id\":\"https:\\\/\\\/meber2026.graphoservice.it\\\/fr\\\/product\\\/icarus-13012\\\/#primaryimage\"},\"image\":{\"@id\":\"https:\\\/\\\/meber2026.graphoservice.it\\\/fr\\\/product\\\/icarus-13012\\\/#primaryimage\"},\"thumbnailUrl\":\"https:\\\/\\\/meber2026.graphoservice.it\\\/wp-content\\\/uploads\\\/2026\\\/02\\\/13012.jpg\",\"datePublished\":\"2026-02-10T09:24:22+00:00\",\"description\":\"Brancard multiniveaux avec r\u00e9servoir en acier inoxydable. Le brancard est \u00e9quip\u00e9 d\u2019un frein \u00e0 deux roues, de barri\u00e8res lat\u00e9rales et d\u2019un repose-pieds. Quatre amortisseurs \u00e0 gaz facilitent le transport.\",\"breadcrumb\":{\"@id\":\"https:\\\/\\\/meber2026.graphoservice.it\\\/fr\\\/product\\\/icarus-13012\\\/#breadcrumb\"},\"inLanguage\":\"fr-FR\",\"potentialAction\":[{\"@type\":\"ReadAction\",\"target\":[\"https:\\\/\\\/meber2026.graphoservice.it\\\/fr\\\/product\\\/icarus-13012\\\/\"]}]},{\"@type\":\"ImageObject\",\"inLanguage\":\"fr-FR\",\"@id\":\"https:\\\/\\\/meber2026.graphoservice.it\\\/fr\\\/product\\\/icarus-13012\\\/#primaryimage\",\"url\":\"https:\\\/\\\/meber2026.graphoservice.it\\\/wp-content\\\/uploads\\\/2026\\\/02\\\/13012.jpg\",\"contentUrl\":\"https:\\\/\\\/meber2026.graphoservice.it\\\/wp-content\\\/uploads\\\/2026\\\/02\\\/13012.jpg\",\"width\":780,\"height\":571},{\"@type\":\"BreadcrumbList\",\"@id\":\"https:\\\/\\\/meber2026.graphoservice.it\\\/fr\\\/product\\\/icarus-13012\\\/#breadcrumb\",\"itemListElement\":[{\"@type\":\"ListItem\",\"position\":1,\"name\":\"Home\",\"item\":\"https:\\\/\\\/meber2026.graphoservice.it\\\/fr\\\/\"},{\"@type\":\"ListItem\",\"position\":2,\"name\":\"Icarus 13012\"}]},{\"@type\":\"WebSite\",\"@id\":\"https:\\\/\\\/meber2026.graphoservice.it\\\/fr\\\/#website\",\"url\":\"https:\\\/\\\/meber2026.graphoservice.it\\\/fr\\\/\",\"name\":\"Me.Ber.\",\"description\":\"In Case of Emergerncy\",\"potentialAction\":[{\"@type\":\"SearchAction\",\"target\":{\"@type\":\"EntryPoint\",\"urlTemplate\":\"https:\\\/\\\/meber2026.graphoservice.it\\\/fr\\\/?s={search_term_string}\"},\"query-input\":{\"@type\":\"PropertyValueSpecification\",\"valueRequired\":true,\"valueName\":\"search_term_string\"}}],\"inLanguage\":\"fr-FR\"}]}<\/script>\n<!-- \/ Yoast SEO plugin. -->","yoast_head_json":{"title":"Brancard multiniveaux Icarus 13012","description":"Brancard multiniveaux avec r\u00e9servoir en acier inoxydable. Le brancard est \u00e9quip\u00e9 d\u2019un frein \u00e0 deux roues, de barri\u00e8res lat\u00e9rales et d\u2019un repose-pieds. Quatre amortisseurs \u00e0 gaz facilitent le transport.","robots":{"index":"noindex","follow":"follow","max-snippet":"max-snippet:-1","max-image-preview":"max-image-preview:large","max-video-preview":"max-video-preview:-1"},"og_locale":"fr_FR","og_type":"article","og_title":"Brancard multiniveaux Icarus 13012","og_description":"Brancard multiniveaux avec r\u00e9servoir en acier inoxydable. Le brancard est \u00e9quip\u00e9 d\u2019un frein \u00e0 deux roues, de barri\u00e8res lat\u00e9rales et d\u2019un repose-pieds. Quatre amortisseurs \u00e0 gaz facilitent le transport.","og_url":"https:\/\/meber2026.graphoservice.it\/fr\/product\/icarus-13012\/","og_site_name":"Me.Ber.","twitter_card":"summary_large_image","schema":{"@context":"https:\/\/schema.org","@graph":[{"@type":"WebPage","@id":"https:\/\/meber2026.graphoservice.it\/fr\/product\/icarus-13012\/","url":"https:\/\/meber2026.graphoservice.it\/fr\/product\/icarus-13012\/","name":"Brancard multiniveaux Icarus 13012","isPartOf":{"@id":"https:\/\/meber2026.graphoservice.it\/fr\/#website"},"primaryImageOfPage":{"@id":"https:\/\/meber2026.graphoservice.it\/fr\/product\/icarus-13012\/#primaryimage"},"image":{"@id":"https:\/\/meber2026.graphoservice.it\/fr\/product\/icarus-13012\/#primaryimage"},"thumbnailUrl":"https:\/\/meber2026.graphoservice.it\/wp-content\/uploads\/2026\/02\/13012.jpg","datePublished":"2026-02-10T09:24:22+00:00","description":"Brancard multiniveaux avec r\u00e9servoir en acier inoxydable. Le brancard est \u00e9quip\u00e9 d\u2019un frein \u00e0 deux roues, de barri\u00e8res lat\u00e9rales et d\u2019un repose-pieds. Quatre amortisseurs \u00e0 gaz facilitent le transport.","breadcrumb":{"@id":"https:\/\/meber2026.graphoservice.it\/fr\/product\/icarus-13012\/#breadcrumb"},"inLanguage":"fr-FR","potentialAction":[{"@type":"ReadAction","target":["https:\/\/meber2026.graphoservice.it\/fr\/product\/icarus-13012\/"]}]},{"@type":"ImageObject","inLanguage":"fr-FR","@id":"https:\/\/meber2026.graphoservice.it\/fr\/product\/icarus-13012\/#primaryimage","url":"https:\/\/meber2026.graphoservice.it\/wp-content\/uploads\/2026\/02\/13012.jpg","contentUrl":"https:\/\/meber2026.graphoservice.it\/wp-content\/uploads\/2026\/02\/13012.jpg","width":780,"height":571},{"@type":"BreadcrumbList","@id":"https:\/\/meber2026.graphoservice.it\/fr\/product\/icarus-13012\/#breadcrumb","itemListElement":[{"@type":"ListItem","position":1,"name":"Home","item":"https:\/\/meber2026.graphoservice.it\/fr\/"},{"@type":"ListItem","position":2,"name":"Icarus 13012"}]},{"@type":"WebSite","@id":"https:\/\/meber2026.graphoservice.it\/fr\/#website","url":"https:\/\/meber2026.graphoservice.it\/fr\/","name":"Me.Ber.","description":"In Case of Emergerncy","potentialAction":[{"@type":"SearchAction","target":{"@type":"EntryPoint","urlTemplate":"https:\/\/meber2026.graphoservice.it\/fr\/?s={search_term_string}"},"query-input":{"@type":"PropertyValueSpecification","valueRequired":true,"valueName":"search_term_string"}}],"inLanguage":"fr-FR"}]}},"_links":{"self":[{"href":"https:\/\/meber2026.graphoservice.it\/fr\/wp-json\/wp\/v2\/product\/17293","targetHints":{"allow":["GET"]}}],"collection":[{"href":"https:\/\/meber2026.graphoservice.it\/fr\/wp-json\/wp\/v2\/product"}],"about":[{"href":"https:\/\/meber2026.graphoservice.it\/fr\/wp-json\/wp\/v2\/types\/product"}],"author":[{"embeddable":true,"href":"https:\/\/meber2026.graphoservice.it\/fr\/wp-json\/wp\/v2\/users\/1"}],"version-history":[{"count":0,"href":"https:\/\/meber2026.graphoservice.it\/fr\/wp-json\/wp\/v2\/product\/17293\/revisions"}],"wp:featuredmedia":[{"embeddable":true,"href":"https:\/\/meber2026.graphoservice.it\/fr\/wp-json\/wp\/v2\/media\/12792"}],"wp:attachment":[{"href":"https:\/\/meber2026.graphoservice.it\/fr\/wp-json\/wp\/v2\/media?parent=17293"}],"wp:term":[{"taxonomy":"application-tag","embeddable":true,"href":"https:\/\/meber2026.graphoservice.it\/fr\/wp-json\/wp\/v2\/application-tag?post=17293"}],"curies":[{"name":"wp","href":"https:\/\/api.w.org\/{rel}","templated":true}]}}