{"id":17258,"date":"2026-02-10T09:24:20","date_gmt":"2026-02-10T09:24:20","guid":{"rendered":"https:\/\/meber2026.graphoservice.it\/product\/11200-vital-test\/"},"modified":"2026-04-28T15:43:14","modified_gmt":"2026-04-28T15:43:14","slug":"11200-vital-test","status":"publish","type":"product","link":"https:\/\/meber2026.graphoservice.it\/fr\/product\/11200-vital-test\/","title":{"rendered":"11200 Vital Test"},"content":{"rendered":"<div style=\"\">Vital Test est simple et professionnel\u00a0; il peut \u00eatre utilis\u00e9 en soins intensifs, services, cabinets m\u00e9dicaux, dentistes, urgences, et permet un suivi imm\u00e9diat, pr\u00e9cis et non invasif. Vital Test a une forme agr\u00e9able et ergonomique, facile \u00e0 tenir et \u00e0 transporter. Il permet de d\u00e9tecter la valeur de SpO2, la fr\u00e9quence cardiaque, l\u2019affichage de la forme d\u2019onde et la valeur de tendance des 10 derni\u00e8res minutes de ces 2 param\u00e8tres. L\u2019alimentation se fait par une batterie rechargeable.<\/p>\n","protected":false},"excerpt":{"rendered":"<p>Vital Test est simple et professionnel\u00a0; il peut \u00eatre utilis\u00e9 en soins intensifs, services, cabinets m\u00e9dicaux, dentistes, urgences, et permet un suivi imm\u00e9diat, pr\u00e9cis et non invasif. Vital Test a une forme agr\u00e9able et ergonomique, facile \u00e0 tenir et \u00e0 transporter. Il permet de d\u00e9tecter la valeur de SpO2, la fr\u00e9quence cardiaque, l\u2019affichage de la [&hellip;]<\/p>\n","protected":false},"author":1,"featured_media":12733,"parent":0,"menu_order":60004400,"template":"","meta":{"_acf_changed":false,"footnotes":""},"application-tag":[102,68],"class_list":["post-17258","product","type-product","status-publish","has-post-thumbnail","hentry","application-tag-diagnostic","application-tag-pediatrique"],"acf":[],"dsm_author":{"name":"admeb26","avatar_url":"https:\/\/meber2026.graphoservice.it\/wp-content\/plugins\/ultimate-member\/assets\/img\/default_avatar.jpg","archive_link":"https:\/\/meber2026.graphoservice.it\/fr\/author\/admeb26\/","biodata":""},"dsm_categories":[],"dsm_attachment_categories":[],"dsm_featured_image":{"thumbnail":"https:\/\/meber2026.graphoservice.it\/wp-content\/uploads\/2026\/02\/11200-VitalTest_Anonim_RID1-1-150x150.jpg","medium":"https:\/\/meber2026.graphoservice.it\/wp-content\/uploads\/2026\/02\/11200-VitalTest_Anonim_RID1-1-300x240.jpg","medium_large":"https:\/\/meber2026.graphoservice.it\/wp-content\/uploads\/2026\/02\/11200-VitalTest_Anonim_RID1-1-768x614.jpg","large":"https:\/\/meber2026.graphoservice.it\/wp-content\/uploads\/2026\/02\/11200-VitalTest_Anonim_RID1-1.jpg","1536x1536":"https:\/\/meber2026.graphoservice.it\/wp-content\/uploads\/2026\/02\/11200-VitalTest_Anonim_RID1-1.jpg","2048x2048":"https:\/\/meber2026.graphoservice.it\/wp-content\/uploads\/2026\/02\/11200-VitalTest_Anonim_RID1-1.jpg","et-pb-post-main-image":"https:\/\/meber2026.graphoservice.it\/wp-content\/uploads\/2026\/02\/11200-VitalTest_Anonim_RID1-1-400x250.jpg","et-pb-post-main-image-fullwidth":"https:\/\/meber2026.graphoservice.it\/wp-content\/uploads\/2026\/02\/11200-VitalTest_Anonim_RID1-1.jpg","et-pb-portfolio-image":"https:\/\/meber2026.graphoservice.it\/wp-content\/uploads\/2026\/02\/11200-VitalTest_Anonim_RID1-1-400x284.jpg","et-pb-portfolio-module-image":"https:\/\/meber2026.graphoservice.it\/wp-content\/uploads\/2026\/02\/11200-VitalTest_Anonim_RID1-1-510x382.jpg","et-pb-portfolio-image-single":"https:\/\/meber2026.graphoservice.it\/wp-content\/uploads\/2026\/02\/11200-VitalTest_Anonim_RID1-1.jpg","et-pb-gallery-module-image-portrait":"https:\/\/meber2026.graphoservice.it\/wp-content\/uploads\/2026\/02\/11200-VitalTest_Anonim_RID1-1-400x516.jpg","et-pb-post-main-image-fullwidth-large":"https:\/\/meber2026.graphoservice.it\/wp-content\/uploads\/2026\/02\/11200-VitalTest_Anonim_RID1-1.jpg","et-pb-image--responsive--desktop":"https:\/\/meber2026.graphoservice.it\/wp-content\/uploads\/2026\/02\/11200-VitalTest_Anonim_RID1-1.jpg","et-pb-image--responsive--tablet":"https:\/\/meber2026.graphoservice.it\/wp-content\/uploads\/2026\/02\/11200-VitalTest_Anonim_RID1-1.jpg","et-pb-image--responsive--phone":"https:\/\/meber2026.graphoservice.it\/wp-content\/uploads\/2026\/02\/11200-VitalTest_Anonim_RID1-1-480x384.jpg","full":"https:\/\/meber2026.graphoservice.it\/wp-content\/uploads\/2026\/02\/11200-VitalTest_Anonim_RID1-1.jpg"},"yoast_head":"<!-- This site is optimized with the Yoast SEO plugin v27.4 - https:\/\/yoast.com\/product\/yoast-seo-wordpress\/ -->\n<title>11200 Vital Test<\/title>\n<meta name=\"robots\" content=\"noindex, follow, max-snippet:-1, max-image-preview:large, max-video-preview:-1\" \/>\n<meta property=\"og:locale\" content=\"fr_FR\" \/>\n<meta property=\"og:type\" content=\"article\" \/>\n<meta property=\"og:title\" content=\"11200 Vital Test\" \/>\n<meta property=\"og:description\" content=\"Vital Test est simple et professionnel\u00a0; il peut \u00eatre utilis\u00e9 en soins intensifs, services, cabinets m\u00e9dicaux, dentistes, urgences, et permet un suivi imm\u00e9diat, pr\u00e9cis et non invasif. Vital Test a une forme agr\u00e9able et ergonomique, facile \u00e0 tenir et \u00e0 transporter. Il permet de d\u00e9tecter la valeur de SpO2, la fr\u00e9quence cardiaque, l\u2019affichage de la [&hellip;]\" \/>\n<meta property=\"og:url\" content=\"https:\/\/meber2026.graphoservice.it\/fr\/product\/11200-vital-test\/\" \/>\n<meta property=\"og:site_name\" content=\"Me.Ber.\" \/>\n<meta property=\"article:modified_time\" content=\"2026-04-28T15:43:14+00:00\" \/>\n<meta property=\"og:image\" content=\"https:\/\/meber2026.graphoservice.it\/wp-content\/uploads\/2026\/02\/11200-VitalTest_Anonim_RID1-1.jpg\" \/>\n\t<meta property=\"og:image:width\" content=\"780\" \/>\n\t<meta property=\"og:image:height\" content=\"624\" \/>\n\t<meta property=\"og:image:type\" content=\"image\/jpeg\" \/>\n<meta name=\"twitter:card\" content=\"summary_large_image\" \/>\n<script type=\"application\/ld+json\" class=\"yoast-schema-graph\">{\"@context\":\"https:\\\/\\\/schema.org\",\"@graph\":[{\"@type\":\"WebPage\",\"@id\":\"https:\\\/\\\/meber2026.graphoservice.it\\\/fr\\\/product\\\/11200-vital-test\\\/\",\"url\":\"https:\\\/\\\/meber2026.graphoservice.it\\\/fr\\\/product\\\/11200-vital-test\\\/\",\"name\":\"11200 Vital Test\",\"isPartOf\":{\"@id\":\"https:\\\/\\\/meber2026.graphoservice.it\\\/fr\\\/#website\"},\"primaryImageOfPage\":{\"@id\":\"https:\\\/\\\/meber2026.graphoservice.it\\\/fr\\\/product\\\/11200-vital-test\\\/#primaryimage\"},\"image\":{\"@id\":\"https:\\\/\\\/meber2026.graphoservice.it\\\/fr\\\/product\\\/11200-vital-test\\\/#primaryimage\"},\"thumbnailUrl\":\"https:\\\/\\\/meber2026.graphoservice.it\\\/wp-content\\\/uploads\\\/2026\\\/02\\\/11200-VitalTest_Anonim_RID1-1.jpg\",\"datePublished\":\"2026-02-10T09:24:20+00:00\",\"dateModified\":\"2026-04-28T15:43:14+00:00\",\"breadcrumb\":{\"@id\":\"https:\\\/\\\/meber2026.graphoservice.it\\\/fr\\\/product\\\/11200-vital-test\\\/#breadcrumb\"},\"inLanguage\":\"fr-FR\",\"potentialAction\":[{\"@type\":\"ReadAction\",\"target\":[\"https:\\\/\\\/meber2026.graphoservice.it\\\/fr\\\/product\\\/11200-vital-test\\\/\"]}]},{\"@type\":\"ImageObject\",\"inLanguage\":\"fr-FR\",\"@id\":\"https:\\\/\\\/meber2026.graphoservice.it\\\/fr\\\/product\\\/11200-vital-test\\\/#primaryimage\",\"url\":\"https:\\\/\\\/meber2026.graphoservice.it\\\/wp-content\\\/uploads\\\/2026\\\/02\\\/11200-VitalTest_Anonim_RID1-1.jpg\",\"contentUrl\":\"https:\\\/\\\/meber2026.graphoservice.it\\\/wp-content\\\/uploads\\\/2026\\\/02\\\/11200-VitalTest_Anonim_RID1-1.jpg\",\"width\":780,\"height\":624},{\"@type\":\"BreadcrumbList\",\"@id\":\"https:\\\/\\\/meber2026.graphoservice.it\\\/fr\\\/product\\\/11200-vital-test\\\/#breadcrumb\",\"itemListElement\":[{\"@type\":\"ListItem\",\"position\":1,\"name\":\"Home\",\"item\":\"https:\\\/\\\/meber2026.graphoservice.it\\\/fr\\\/\"},{\"@type\":\"ListItem\",\"position\":2,\"name\":\"11200 Vital Test\"}]},{\"@type\":\"WebSite\",\"@id\":\"https:\\\/\\\/meber2026.graphoservice.it\\\/fr\\\/#website\",\"url\":\"https:\\\/\\\/meber2026.graphoservice.it\\\/fr\\\/\",\"name\":\"Me.Ber.\",\"description\":\"In Case of Emergerncy\",\"potentialAction\":[{\"@type\":\"SearchAction\",\"target\":{\"@type\":\"EntryPoint\",\"urlTemplate\":\"https:\\\/\\\/meber2026.graphoservice.it\\\/fr\\\/?s={search_term_string}\"},\"query-input\":{\"@type\":\"PropertyValueSpecification\",\"valueRequired\":true,\"valueName\":\"search_term_string\"}}],\"inLanguage\":\"fr-FR\"}]}<\/script>\n<!-- \/ Yoast SEO plugin. -->","yoast_head_json":{"title":"11200 Vital Test","robots":{"index":"noindex","follow":"follow","max-snippet":"max-snippet:-1","max-image-preview":"max-image-preview:large","max-video-preview":"max-video-preview:-1"},"og_locale":"fr_FR","og_type":"article","og_title":"11200 Vital Test","og_description":"Vital Test est simple et professionnel\u00a0; il peut \u00eatre utilis\u00e9 en soins intensifs, services, cabinets m\u00e9dicaux, dentistes, urgences, et permet un suivi imm\u00e9diat, pr\u00e9cis et non invasif. Vital Test a une forme agr\u00e9able et ergonomique, facile \u00e0 tenir et \u00e0 transporter. Il permet de d\u00e9tecter la valeur de SpO2, la fr\u00e9quence cardiaque, l\u2019affichage de la [&hellip;]","og_url":"https:\/\/meber2026.graphoservice.it\/fr\/product\/11200-vital-test\/","og_site_name":"Me.Ber.","article_modified_time":"2026-04-28T15:43:14+00:00","og_image":[{"width":780,"height":624,"url":"https:\/\/meber2026.graphoservice.it\/wp-content\/uploads\/2026\/02\/11200-VitalTest_Anonim_RID1-1.jpg","type":"image\/jpeg"}],"twitter_card":"summary_large_image","schema":{"@context":"https:\/\/schema.org","@graph":[{"@type":"WebPage","@id":"https:\/\/meber2026.graphoservice.it\/fr\/product\/11200-vital-test\/","url":"https:\/\/meber2026.graphoservice.it\/fr\/product\/11200-vital-test\/","name":"11200 Vital Test","isPartOf":{"@id":"https:\/\/meber2026.graphoservice.it\/fr\/#website"},"primaryImageOfPage":{"@id":"https:\/\/meber2026.graphoservice.it\/fr\/product\/11200-vital-test\/#primaryimage"},"image":{"@id":"https:\/\/meber2026.graphoservice.it\/fr\/product\/11200-vital-test\/#primaryimage"},"thumbnailUrl":"https:\/\/meber2026.graphoservice.it\/wp-content\/uploads\/2026\/02\/11200-VitalTest_Anonim_RID1-1.jpg","datePublished":"2026-02-10T09:24:20+00:00","dateModified":"2026-04-28T15:43:14+00:00","breadcrumb":{"@id":"https:\/\/meber2026.graphoservice.it\/fr\/product\/11200-vital-test\/#breadcrumb"},"inLanguage":"fr-FR","potentialAction":[{"@type":"ReadAction","target":["https:\/\/meber2026.graphoservice.it\/fr\/product\/11200-vital-test\/"]}]},{"@type":"ImageObject","inLanguage":"fr-FR","@id":"https:\/\/meber2026.graphoservice.it\/fr\/product\/11200-vital-test\/#primaryimage","url":"https:\/\/meber2026.graphoservice.it\/wp-content\/uploads\/2026\/02\/11200-VitalTest_Anonim_RID1-1.jpg","contentUrl":"https:\/\/meber2026.graphoservice.it\/wp-content\/uploads\/2026\/02\/11200-VitalTest_Anonim_RID1-1.jpg","width":780,"height":624},{"@type":"BreadcrumbList","@id":"https:\/\/meber2026.graphoservice.it\/fr\/product\/11200-vital-test\/#breadcrumb","itemListElement":[{"@type":"ListItem","position":1,"name":"Home","item":"https:\/\/meber2026.graphoservice.it\/fr\/"},{"@type":"ListItem","position":2,"name":"11200 Vital Test"}]},{"@type":"WebSite","@id":"https:\/\/meber2026.graphoservice.it\/fr\/#website","url":"https:\/\/meber2026.graphoservice.it\/fr\/","name":"Me.Ber.","description":"In Case of Emergerncy","potentialAction":[{"@type":"SearchAction","target":{"@type":"EntryPoint","urlTemplate":"https:\/\/meber2026.graphoservice.it\/fr\/?s={search_term_string}"},"query-input":{"@type":"PropertyValueSpecification","valueRequired":true,"valueName":"search_term_string"}}],"inLanguage":"fr-FR"}]}},"_links":{"self":[{"href":"https:\/\/meber2026.graphoservice.it\/fr\/wp-json\/wp\/v2\/product\/17258","targetHints":{"allow":["GET"]}}],"collection":[{"href":"https:\/\/meber2026.graphoservice.it\/fr\/wp-json\/wp\/v2\/product"}],"about":[{"href":"https:\/\/meber2026.graphoservice.it\/fr\/wp-json\/wp\/v2\/types\/product"}],"author":[{"embeddable":true,"href":"https:\/\/meber2026.graphoservice.it\/fr\/wp-json\/wp\/v2\/users\/1"}],"version-history":[{"count":1,"href":"https:\/\/meber2026.graphoservice.it\/fr\/wp-json\/wp\/v2\/product\/17258\/revisions"}],"predecessor-version":[{"id":29597,"href":"https:\/\/meber2026.graphoservice.it\/fr\/wp-json\/wp\/v2\/product\/17258\/revisions\/29597"}],"wp:featuredmedia":[{"embeddable":true,"href":"https:\/\/meber2026.graphoservice.it\/fr\/wp-json\/wp\/v2\/media\/12733"}],"wp:attachment":[{"href":"https:\/\/meber2026.graphoservice.it\/fr\/wp-json\/wp\/v2\/media?parent=17258"}],"wp:term":[{"taxonomy":"application-tag","embeddable":true,"href":"https:\/\/meber2026.graphoservice.it\/fr\/wp-json\/wp\/v2\/application-tag?post=17258"}],"curies":[{"name":"wp","href":"https:\/\/api.w.org\/{rel}","templated":true}]}}