{"id":20101,"date":"2026-02-10T09:29:48","date_gmt":"2026-02-10T09:29:48","guid":{"rendered":"https:\/\/meber2026.graphoservice.it\/product\/629-007\/"},"modified":"2026-04-28T16:33:27","modified_gmt":"2026-04-28T16:33:27","slug":"629-007","status":"publish","type":"product","link":"https:\/\/meber2026.graphoservice.it\/es\/product\/629-007\/","title":{"rendered":"629-007"},"content":{"rendered":"<p data-end=\"2882\" data-start=\"2545\">La <strong data-end=\"2567\" data-start=\"2548\">Base Negra SLIM<\/strong> es una <strong data-end=\"2611\" data-start=\"2575\">plataforma de PVC de perfil bajo<\/strong> dise\u00f1ada para facilitar el <strong data-end=\"2693\" data-start=\"2639\">almacenamiento de la camilla espinal en el soporte<\/strong> de la ambulancia, incluso con el inmovilizador de cabeza instalado.<br data-end=\"2764\" data-start=\"2761\" \/><br \/>\nGracias a su <strong data-end=\"2795\" data-start=\"2777\">dise\u00f1o delgado<\/strong>, resuelve eficazmente los problemas de espacio presentes en las bases tradicionales.<\/p>\n<p data-end=\"3132\" data-start=\"2884\">Fabricada en <strong data-end=\"2924\" data-start=\"2897\">PVC de alta resistencia<\/strong>, es <strong data-end=\"2963\" data-start=\"2929\">f\u00e1cil de limpiar y desinfectar<\/strong>, y garantiza una excelente durabilidad.<br data-end=\"3006\" data-start=\"3003\" \/><br \/>\nSe suministra <strong data-end=\"3045\" data-start=\"3020\">con correas incluidas<\/strong> para una fijaci\u00f3n segura y estable del inmovilizador de cabeza a la camilla espinal.<\/p>\n<p data-end=\"3317\" data-start=\"3134\">\u2705 Dise\u00f1o de perfil bajo para un almacenamiento m\u00e1s f\u00e1cil<br data-end=\"3193\" data-start=\"3190\" \/><br \/>\n\u2705 Material: PVC higi\u00e9nico y f\u00e1cil de limpiar<br data-end=\"3240\" data-start=\"3237\" \/><br \/>\n\u2705 Correas incluidas<\/p>\n","protected":false},"excerpt":{"rendered":"<p>La Base Negra SLIM es una plataforma de PVC de perfil bajo dise\u00f1ada para facilitar el almacenamiento de la camilla espinal en el soporte de la ambulancia, incluso con el inmovilizador de cabeza instalado. Gracias a su dise\u00f1o delgado, resuelve eficazmente los problemas de espacio presentes en las bases tradicionales. Fabricada en PVC de alta [&hellip;]<\/p>\n","protected":false},"author":1,"featured_media":17184,"parent":0,"menu_order":50000750,"template":"","meta":{"_acf_changed":false,"footnotes":""},"application-tag":[84],"class_list":["post-20101","product","type-product","status-publish","has-post-thumbnail","hentry","application-tag-inmovilizacion"],"acf":[],"dsm_author":{"name":"admeb26","avatar_url":"https:\/\/meber2026.graphoservice.it\/wp-content\/plugins\/ultimate-member\/assets\/img\/default_avatar.jpg","archive_link":"https:\/\/meber2026.graphoservice.it\/es\/author\/admeb26\/","biodata":""},"dsm_categories":[],"dsm_attachment_categories":[],"dsm_featured_image":{"thumbnail":"https:\/\/meber2026.graphoservice.it\/wp-content\/uploads\/2026\/02\/Base_slim_fermacapo-150x150.jpg","medium":"https:\/\/meber2026.graphoservice.it\/wp-content\/uploads\/2026\/02\/Base_slim_fermacapo-300x221.jpg","medium_large":"https:\/\/meber2026.graphoservice.it\/wp-content\/uploads\/2026\/02\/Base_slim_fermacapo-768x565.jpg","large":"https:\/\/meber2026.graphoservice.it\/wp-content\/uploads\/2026\/02\/Base_slim_fermacapo.jpg","1536x1536":"https:\/\/meber2026.graphoservice.it\/wp-content\/uploads\/2026\/02\/Base_slim_fermacapo.jpg","2048x2048":"https:\/\/meber2026.graphoservice.it\/wp-content\/uploads\/2026\/02\/Base_slim_fermacapo.jpg","et-pb-post-main-image":"https:\/\/meber2026.graphoservice.it\/wp-content\/uploads\/2026\/02\/Base_slim_fermacapo-400x250.jpg","et-pb-post-main-image-fullwidth":"https:\/\/meber2026.graphoservice.it\/wp-content\/uploads\/2026\/02\/Base_slim_fermacapo.jpg","et-pb-portfolio-image":"https:\/\/meber2026.graphoservice.it\/wp-content\/uploads\/2026\/02\/Base_slim_fermacapo-400x284.jpg","et-pb-portfolio-module-image":"https:\/\/meber2026.graphoservice.it\/wp-content\/uploads\/2026\/02\/Base_slim_fermacapo-510x382.jpg","et-pb-portfolio-image-single":"https:\/\/meber2026.graphoservice.it\/wp-content\/uploads\/2026\/02\/Base_slim_fermacapo.jpg","et-pb-gallery-module-image-portrait":"https:\/\/meber2026.graphoservice.it\/wp-content\/uploads\/2026\/02\/Base_slim_fermacapo-400x516.jpg","et-pb-post-main-image-fullwidth-large":"https:\/\/meber2026.graphoservice.it\/wp-content\/uploads\/2026\/02\/Base_slim_fermacapo.jpg","et-pb-image--responsive--desktop":"https:\/\/meber2026.graphoservice.it\/wp-content\/uploads\/2026\/02\/Base_slim_fermacapo.jpg","et-pb-image--responsive--tablet":"https:\/\/meber2026.graphoservice.it\/wp-content\/uploads\/2026\/02\/Base_slim_fermacapo.jpg","et-pb-image--responsive--phone":"https:\/\/meber2026.graphoservice.it\/wp-content\/uploads\/2026\/02\/Base_slim_fermacapo-480x353.jpg","full":"https:\/\/meber2026.graphoservice.it\/wp-content\/uploads\/2026\/02\/Base_slim_fermacapo.jpg"},"yoast_head":"<!-- This site is optimized with the Yoast SEO plugin v27.4 - https:\/\/yoast.com\/product\/yoast-seo-wordpress\/ -->\n<title>629-007<\/title>\n<meta name=\"robots\" content=\"noindex, follow, max-snippet:-1, max-image-preview:large, max-video-preview:-1\" \/>\n<meta property=\"og:locale\" content=\"es_ES\" \/>\n<meta property=\"og:type\" content=\"article\" \/>\n<meta property=\"og:title\" content=\"629-007\" \/>\n<meta property=\"og:description\" content=\"La Base Negra SLIM es una plataforma de PVC de perfil bajo dise\u00f1ada para facilitar el almacenamiento de la camilla espinal en el soporte de la ambulancia, incluso con el inmovilizador de cabeza instalado. Gracias a su dise\u00f1o delgado, resuelve eficazmente los problemas de espacio presentes en las bases tradicionales. Fabricada en PVC de alta [&hellip;]\" \/>\n<meta property=\"og:url\" content=\"https:\/\/meber2026.graphoservice.it\/es\/product\/629-007\/\" \/>\n<meta property=\"og:site_name\" content=\"Me.Ber.\" \/>\n<meta property=\"article:modified_time\" content=\"2026-04-28T16:33:27+00:00\" \/>\n<meta property=\"og:image\" content=\"https:\/\/meber2026.graphoservice.it\/wp-content\/uploads\/2026\/02\/Base_slim_fermacapo.jpg\" \/>\n\t<meta property=\"og:image:width\" content=\"780\" \/>\n\t<meta property=\"og:image:height\" content=\"574\" \/>\n\t<meta property=\"og:image:type\" content=\"image\/jpeg\" \/>\n<meta name=\"twitter:card\" content=\"summary_large_image\" \/>\n<meta name=\"twitter:label1\" content=\"Tiempo de lectura\" \/>\n\t<meta name=\"twitter:data1\" content=\"1 minuto\" \/>\n<script type=\"application\/ld+json\" class=\"yoast-schema-graph\">{\"@context\":\"https:\\\/\\\/schema.org\",\"@graph\":[{\"@type\":\"WebPage\",\"@id\":\"https:\\\/\\\/meber2026.graphoservice.it\\\/es\\\/product\\\/629-007\\\/\",\"url\":\"https:\\\/\\\/meber2026.graphoservice.it\\\/es\\\/product\\\/629-007\\\/\",\"name\":\"629-007\",\"isPartOf\":{\"@id\":\"https:\\\/\\\/meber2026.graphoservice.it\\\/es\\\/#website\"},\"primaryImageOfPage\":{\"@id\":\"https:\\\/\\\/meber2026.graphoservice.it\\\/es\\\/product\\\/629-007\\\/#primaryimage\"},\"image\":{\"@id\":\"https:\\\/\\\/meber2026.graphoservice.it\\\/es\\\/product\\\/629-007\\\/#primaryimage\"},\"thumbnailUrl\":\"https:\\\/\\\/meber2026.graphoservice.it\\\/wp-content\\\/uploads\\\/2026\\\/02\\\/Base_slim_fermacapo.jpg\",\"datePublished\":\"2026-02-10T09:29:48+00:00\",\"dateModified\":\"2026-04-28T16:33:27+00:00\",\"breadcrumb\":{\"@id\":\"https:\\\/\\\/meber2026.graphoservice.it\\\/es\\\/product\\\/629-007\\\/#breadcrumb\"},\"inLanguage\":\"es\",\"potentialAction\":[{\"@type\":\"ReadAction\",\"target\":[\"https:\\\/\\\/meber2026.graphoservice.it\\\/es\\\/product\\\/629-007\\\/\"]}]},{\"@type\":\"ImageObject\",\"inLanguage\":\"es\",\"@id\":\"https:\\\/\\\/meber2026.graphoservice.it\\\/es\\\/product\\\/629-007\\\/#primaryimage\",\"url\":\"https:\\\/\\\/meber2026.graphoservice.it\\\/wp-content\\\/uploads\\\/2026\\\/02\\\/Base_slim_fermacapo.jpg\",\"contentUrl\":\"https:\\\/\\\/meber2026.graphoservice.it\\\/wp-content\\\/uploads\\\/2026\\\/02\\\/Base_slim_fermacapo.jpg\",\"width\":780,\"height\":574},{\"@type\":\"BreadcrumbList\",\"@id\":\"https:\\\/\\\/meber2026.graphoservice.it\\\/es\\\/product\\\/629-007\\\/#breadcrumb\",\"itemListElement\":[{\"@type\":\"ListItem\",\"position\":1,\"name\":\"Home\",\"item\":\"https:\\\/\\\/meber2026.graphoservice.it\\\/es\\\/\"},{\"@type\":\"ListItem\",\"position\":2,\"name\":\"629-007\"}]},{\"@type\":\"WebSite\",\"@id\":\"https:\\\/\\\/meber2026.graphoservice.it\\\/es\\\/#website\",\"url\":\"https:\\\/\\\/meber2026.graphoservice.it\\\/es\\\/\",\"name\":\"Me.Ber.\",\"description\":\"In Case of Emergerncy\",\"potentialAction\":[{\"@type\":\"SearchAction\",\"target\":{\"@type\":\"EntryPoint\",\"urlTemplate\":\"https:\\\/\\\/meber2026.graphoservice.it\\\/es\\\/?s={search_term_string}\"},\"query-input\":{\"@type\":\"PropertyValueSpecification\",\"valueRequired\":true,\"valueName\":\"search_term_string\"}}],\"inLanguage\":\"es\"}]}<\/script>\n<!-- \/ Yoast SEO plugin. -->","yoast_head_json":{"title":"629-007","robots":{"index":"noindex","follow":"follow","max-snippet":"max-snippet:-1","max-image-preview":"max-image-preview:large","max-video-preview":"max-video-preview:-1"},"og_locale":"es_ES","og_type":"article","og_title":"629-007","og_description":"La Base Negra SLIM es una plataforma de PVC de perfil bajo dise\u00f1ada para facilitar el almacenamiento de la camilla espinal en el soporte de la ambulancia, incluso con el inmovilizador de cabeza instalado. Gracias a su dise\u00f1o delgado, resuelve eficazmente los problemas de espacio presentes en las bases tradicionales. Fabricada en PVC de alta [&hellip;]","og_url":"https:\/\/meber2026.graphoservice.it\/es\/product\/629-007\/","og_site_name":"Me.Ber.","article_modified_time":"2026-04-28T16:33:27+00:00","og_image":[{"width":780,"height":574,"url":"https:\/\/meber2026.graphoservice.it\/wp-content\/uploads\/2026\/02\/Base_slim_fermacapo.jpg","type":"image\/jpeg"}],"twitter_card":"summary_large_image","twitter_misc":{"Tiempo de lectura":"1 minuto"},"schema":{"@context":"https:\/\/schema.org","@graph":[{"@type":"WebPage","@id":"https:\/\/meber2026.graphoservice.it\/es\/product\/629-007\/","url":"https:\/\/meber2026.graphoservice.it\/es\/product\/629-007\/","name":"629-007","isPartOf":{"@id":"https:\/\/meber2026.graphoservice.it\/es\/#website"},"primaryImageOfPage":{"@id":"https:\/\/meber2026.graphoservice.it\/es\/product\/629-007\/#primaryimage"},"image":{"@id":"https:\/\/meber2026.graphoservice.it\/es\/product\/629-007\/#primaryimage"},"thumbnailUrl":"https:\/\/meber2026.graphoservice.it\/wp-content\/uploads\/2026\/02\/Base_slim_fermacapo.jpg","datePublished":"2026-02-10T09:29:48+00:00","dateModified":"2026-04-28T16:33:27+00:00","breadcrumb":{"@id":"https:\/\/meber2026.graphoservice.it\/es\/product\/629-007\/#breadcrumb"},"inLanguage":"es","potentialAction":[{"@type":"ReadAction","target":["https:\/\/meber2026.graphoservice.it\/es\/product\/629-007\/"]}]},{"@type":"ImageObject","inLanguage":"es","@id":"https:\/\/meber2026.graphoservice.it\/es\/product\/629-007\/#primaryimage","url":"https:\/\/meber2026.graphoservice.it\/wp-content\/uploads\/2026\/02\/Base_slim_fermacapo.jpg","contentUrl":"https:\/\/meber2026.graphoservice.it\/wp-content\/uploads\/2026\/02\/Base_slim_fermacapo.jpg","width":780,"height":574},{"@type":"BreadcrumbList","@id":"https:\/\/meber2026.graphoservice.it\/es\/product\/629-007\/#breadcrumb","itemListElement":[{"@type":"ListItem","position":1,"name":"Home","item":"https:\/\/meber2026.graphoservice.it\/es\/"},{"@type":"ListItem","position":2,"name":"629-007"}]},{"@type":"WebSite","@id":"https:\/\/meber2026.graphoservice.it\/es\/#website","url":"https:\/\/meber2026.graphoservice.it\/es\/","name":"Me.Ber.","description":"In Case of Emergerncy","potentialAction":[{"@type":"SearchAction","target":{"@type":"EntryPoint","urlTemplate":"https:\/\/meber2026.graphoservice.it\/es\/?s={search_term_string}"},"query-input":{"@type":"PropertyValueSpecification","valueRequired":true,"valueName":"search_term_string"}}],"inLanguage":"es"}]}},"_links":{"self":[{"href":"https:\/\/meber2026.graphoservice.it\/es\/wp-json\/wp\/v2\/product\/20101","targetHints":{"allow":["GET"]}}],"collection":[{"href":"https:\/\/meber2026.graphoservice.it\/es\/wp-json\/wp\/v2\/product"}],"about":[{"href":"https:\/\/meber2026.graphoservice.it\/es\/wp-json\/wp\/v2\/types\/product"}],"author":[{"embeddable":true,"href":"https:\/\/meber2026.graphoservice.it\/es\/wp-json\/wp\/v2\/users\/1"}],"version-history":[{"count":1,"href":"https:\/\/meber2026.graphoservice.it\/es\/wp-json\/wp\/v2\/product\/20101\/revisions"}],"predecessor-version":[{"id":29366,"href":"https:\/\/meber2026.graphoservice.it\/es\/wp-json\/wp\/v2\/product\/20101\/revisions\/29366"}],"wp:featuredmedia":[{"embeddable":true,"href":"https:\/\/meber2026.graphoservice.it\/es\/wp-json\/wp\/v2\/media\/17184"}],"wp:attachment":[{"href":"https:\/\/meber2026.graphoservice.it\/es\/wp-json\/wp\/v2\/media?parent=20101"}],"wp:term":[{"taxonomy":"application-tag","embeddable":true,"href":"https:\/\/meber2026.graphoservice.it\/es\/wp-json\/wp\/v2\/application-tag?post=20101"}],"curies":[{"name":"wp","href":"https:\/\/api.w.org\/{rel}","templated":true}]}}