{"id":20006,"date":"2026-02-10T09:29:37","date_gmt":"2026-02-10T09:29:37","guid":{"rendered":"https:\/\/meber2026.graphoservice.it\/product\/b1-classic-8534\/"},"modified":"2026-02-10T09:29:37","modified_gmt":"2026-02-10T09:29:37","slug":"b1-classic-8534","status":"publish","type":"product","link":"https:\/\/meber2026.graphoservice.it\/es\/product\/b1-classic-8534\/","title":{"rendered":"B1 CLASSIC 8534"},"content":{"rendered":"<p>Dispositivo m\u00e9dico f\u00e1cil de usar, preciso y confiable para medir la presi\u00f3n sangu\u00ednea en el brazo.<\/p>\n<p><strong>Especificaciones t\u00e9cnicas<\/strong><br \/>\n\u2022 Temperatura de ejercicio: 10 &#8211; 40 \u00b0C \/ 50 &#8211; 104 \u00b0F 15 &#8211; 95 % humedad relativa m\u00e1xima<br \/>\n\u2022 Temperatura de almacenamiento: -20 &#8211; +55 \u00b0C \/ -4 &#8211; +131 \u00b0F 15 &#8211; 95 % humedad relativa m\u00e1xima<br \/>\n\u2022 Peso: 250 g (con bater\u00edas)<br \/>\n\u2022 Dimensiones: 124 x 92 x 61 mm<br \/>\n\u2022 Procedimiento de medici\u00f3n: oscilom\u00e9trico, correspondiente al m\u00e9todo de Korotkoff: fase sist\u00f3lica I, fase V diast\u00f3lica<br \/>\n\u2022 Rango de medici\u00f3n: 60-255 mmHg \u2013 presi\u00f3n arterial, 40-199 latidos por minuto &#8211; pulsaciones<br \/>\n\u2022 Rango de presi\u00f3n de inflado del brazalete: 0 &#8211; 299 mmHg<br \/>\n\u2022 Resoluci\u00f3n: 1 mmHg<br \/>\n\u2022 Precisi\u00f3n de presi\u00f3n est\u00e1tica: presi\u00f3n dentro de \u00b1 3 mmHg<br \/>\n\u2022 Precisi\u00f3n de pulsaciones: \u00b1 5% del valor le\u00eddo<br \/>\n\u2022 Memoria: almacena autom\u00e1ticamente los valores de las \u00faltimas 30 mediciones.<br \/>\n\u2022 Alimentaci\u00f3n: 4 x bater\u00edas de 1,5 voltios; tipo AAA<br \/>\n\u2022 Referencia a los est\u00e1ndares: EN 1060-1 \/-3 \/-4; IEC 60601-1; IEC 60601-1-2 (EMC); IEC 60601-1-11<br \/>\n\u2022 Garant\u00eda: este dispositivo est\u00e1 cubierto por una garant\u00eda de 5 a\u00f1os a partir de la fecha de compra. La garant\u00eda es v\u00e1lida solo si presenta la tarjeta completa con el nombre del distribuidor , la fecha de compra y el recibo. El brazalete tiene una garant\u00eda funcional (hermeticidad de la presi\u00f3n de la c\u00e1mara de aire) durante 2 a\u00f1os.<\/p>\n<p><strong>Accesorios<\/strong><br \/>\nEl dispositivo se suministra con pulseras de diferentes tama\u00f1os, en funci\u00f3n de la circunferencia del brazo y tambi\u00e9n es posible utilizar los brazaletes preformados &#8220;Easy&#8221;, que son f\u00e1ciles de usar y c\u00f3modos. Pulsera 22-42 cm incluido.<br \/>\nPara medir el brazalete para la circunferencia del brazo, consulte &#8220;Accesorios&#8221; al costado.\u00a0<\/p>\n<p><strong>Dispositivo y cuidado del brazalete<\/strong><br \/>\nLimpie el dispositivo solo con un pa\u00f1o suave y seco. Elimine cuidadosamente la suciedad del brazalete con un pa\u00f1o humedecido con agua y jab\u00f3n.<\/p>\n<p><strong>Prueba de precisi\u00f3n<\/strong><br \/>\nEs aconsejable someter el dispositivo a una prueba de verificaci\u00f3n de precisi\u00f3n cada 2 a\u00f1os o despu\u00e9s de un impacto mec\u00e1nico (por ejemplo, ca\u00edda); La prueba es realizada por el fabricante.<\/p>\n<p>Dispositivo conforme con la directiva de productos m\u00e9dicos 93\/42\/EEC.<br \/>\n\u00a0<\/p>\n","protected":false},"excerpt":{"rendered":"<p>Dispositivo m\u00e9dico f\u00e1cil de usar, preciso y confiable para medir la presi\u00f3n sangu\u00ednea en el brazo. Especificaciones t\u00e9cnicas \u2022 Temperatura de ejercicio: 10 &#8211; 40 \u00b0C \/ 50 &#8211; 104 \u00b0F 15 &#8211; 95 % humedad relativa m\u00e1xima \u2022 Temperatura de almacenamiento: -20 &#8211; +55 \u00b0C \/ -4 &#8211; +131 \u00b0F 15 &#8211; 95 % [&hellip;]<\/p>\n","protected":false},"author":1,"featured_media":17097,"parent":0,"menu_order":60001400,"template":"","meta":{"_acf_changed":false,"footnotes":""},"application-tag":[99,101,69],"class_list":["post-20006","product","type-product","status-publish","has-post-thumbnail","hentry","application-tag-bariatric","application-tag-diagnostico","application-tag-pediatrico"],"acf":[],"dsm_author":{"name":"admeb26","avatar_url":"https:\/\/meber2026.graphoservice.it\/wp-content\/plugins\/ultimate-member\/assets\/img\/default_avatar.jpg","archive_link":"https:\/\/meber2026.graphoservice.it\/es\/author\/admeb26\/","biodata":""},"dsm_categories":[],"dsm_attachment_categories":[],"dsm_featured_image":{"thumbnail":"https:\/\/meber2026.graphoservice.it\/wp-content\/uploads\/2026\/02\/Misuratore_pressione-150x150.jpg","medium":"https:\/\/meber2026.graphoservice.it\/wp-content\/uploads\/2026\/02\/Misuratore_pressione-224x300.jpg","medium_large":"https:\/\/meber2026.graphoservice.it\/wp-content\/uploads\/2026\/02\/Misuratore_pressione.jpg","large":"https:\/\/meber2026.graphoservice.it\/wp-content\/uploads\/2026\/02\/Misuratore_pressione.jpg","1536x1536":"https:\/\/meber2026.graphoservice.it\/wp-content\/uploads\/2026\/02\/Misuratore_pressione.jpg","2048x2048":"https:\/\/meber2026.graphoservice.it\/wp-content\/uploads\/2026\/02\/Misuratore_pressione.jpg","et-pb-post-main-image":"https:\/\/meber2026.graphoservice.it\/wp-content\/uploads\/2026\/02\/Misuratore_pressione-400x250.jpg","et-pb-post-main-image-fullwidth":"https:\/\/meber2026.graphoservice.it\/wp-content\/uploads\/2026\/02\/Misuratore_pressione-583x675.jpg","et-pb-portfolio-image":"https:\/\/meber2026.graphoservice.it\/wp-content\/uploads\/2026\/02\/Misuratore_pressione-400x284.jpg","et-pb-portfolio-module-image":"https:\/\/meber2026.graphoservice.it\/wp-content\/uploads\/2026\/02\/Misuratore_pressione-510x382.jpg","et-pb-portfolio-image-single":"https:\/\/meber2026.graphoservice.it\/wp-content\/uploads\/2026\/02\/Misuratore_pressione.jpg","et-pb-gallery-module-image-portrait":"https:\/\/meber2026.graphoservice.it\/wp-content\/uploads\/2026\/02\/Misuratore_pressione-400x516.jpg","et-pb-post-main-image-fullwidth-large":"https:\/\/meber2026.graphoservice.it\/wp-content\/uploads\/2026\/02\/Misuratore_pressione.jpg","et-pb-image--responsive--desktop":"https:\/\/meber2026.graphoservice.it\/wp-content\/uploads\/2026\/02\/Misuratore_pressione.jpg","et-pb-image--responsive--tablet":"https:\/\/meber2026.graphoservice.it\/wp-content\/uploads\/2026\/02\/Misuratore_pressione.jpg","et-pb-image--responsive--phone":"https:\/\/meber2026.graphoservice.it\/wp-content\/uploads\/2026\/02\/Misuratore_pressione-480x642.jpg","full":"https:\/\/meber2026.graphoservice.it\/wp-content\/uploads\/2026\/02\/Misuratore_pressione.jpg"},"yoast_head":"<!-- This site is optimized with the Yoast SEO plugin v27.4 - https:\/\/yoast.com\/product\/yoast-seo-wordpress\/ -->\n<title>B1 CLASSIC 8534<\/title>\n<meta name=\"robots\" content=\"noindex, follow, max-snippet:-1, max-image-preview:large, max-video-preview:-1\" \/>\n<meta property=\"og:locale\" content=\"es_ES\" \/>\n<meta property=\"og:type\" content=\"article\" \/>\n<meta property=\"og:title\" content=\"B1 CLASSIC 8534\" \/>\n<meta property=\"og:description\" content=\"Dispositivo m\u00e9dico f\u00e1cil de usar, preciso y confiable para medir la presi\u00f3n sangu\u00ednea en el brazo. Especificaciones t\u00e9cnicas \u2022 Temperatura de ejercicio: 10 &#8211; 40 \u00b0C \/ 50 &#8211; 104 \u00b0F 15 &#8211; 95 % humedad relativa m\u00e1xima \u2022 Temperatura de almacenamiento: -20 &#8211; +55 \u00b0C \/ -4 &#8211; +131 \u00b0F 15 &#8211; 95 % [&hellip;]\" \/>\n<meta property=\"og:url\" content=\"https:\/\/meber2026.graphoservice.it\/es\/product\/b1-classic-8534\/\" \/>\n<meta property=\"og:site_name\" content=\"Me.Ber.\" \/>\n<meta name=\"twitter:card\" content=\"summary_large_image\" \/>\n<meta name=\"twitter:label1\" content=\"Tiempo de lectura\" \/>\n\t<meta name=\"twitter:data1\" content=\"2 minutos\" \/>\n<script type=\"application\/ld+json\" class=\"yoast-schema-graph\">{\"@context\":\"https:\\\/\\\/schema.org\",\"@graph\":[{\"@type\":\"WebPage\",\"@id\":\"https:\\\/\\\/meber2026.graphoservice.it\\\/es\\\/product\\\/b1-classic-8534\\\/\",\"url\":\"https:\\\/\\\/meber2026.graphoservice.it\\\/es\\\/product\\\/b1-classic-8534\\\/\",\"name\":\"B1 CLASSIC 8534\",\"isPartOf\":{\"@id\":\"https:\\\/\\\/meber2026.graphoservice.it\\\/es\\\/#website\"},\"primaryImageOfPage\":{\"@id\":\"https:\\\/\\\/meber2026.graphoservice.it\\\/es\\\/product\\\/b1-classic-8534\\\/#primaryimage\"},\"image\":{\"@id\":\"https:\\\/\\\/meber2026.graphoservice.it\\\/es\\\/product\\\/b1-classic-8534\\\/#primaryimage\"},\"thumbnailUrl\":\"https:\\\/\\\/meber2026.graphoservice.it\\\/wp-content\\\/uploads\\\/2026\\\/02\\\/Misuratore_pressione.jpg\",\"datePublished\":\"2026-02-10T09:29:37+00:00\",\"breadcrumb\":{\"@id\":\"https:\\\/\\\/meber2026.graphoservice.it\\\/es\\\/product\\\/b1-classic-8534\\\/#breadcrumb\"},\"inLanguage\":\"es\",\"potentialAction\":[{\"@type\":\"ReadAction\",\"target\":[\"https:\\\/\\\/meber2026.graphoservice.it\\\/es\\\/product\\\/b1-classic-8534\\\/\"]}]},{\"@type\":\"ImageObject\",\"inLanguage\":\"es\",\"@id\":\"https:\\\/\\\/meber2026.graphoservice.it\\\/es\\\/product\\\/b1-classic-8534\\\/#primaryimage\",\"url\":\"https:\\\/\\\/meber2026.graphoservice.it\\\/wp-content\\\/uploads\\\/2026\\\/02\\\/Misuratore_pressione.jpg\",\"contentUrl\":\"https:\\\/\\\/meber2026.graphoservice.it\\\/wp-content\\\/uploads\\\/2026\\\/02\\\/Misuratore_pressione.jpg\",\"width\":583,\"height\":780},{\"@type\":\"BreadcrumbList\",\"@id\":\"https:\\\/\\\/meber2026.graphoservice.it\\\/es\\\/product\\\/b1-classic-8534\\\/#breadcrumb\",\"itemListElement\":[{\"@type\":\"ListItem\",\"position\":1,\"name\":\"Home\",\"item\":\"https:\\\/\\\/meber2026.graphoservice.it\\\/es\\\/\"},{\"@type\":\"ListItem\",\"position\":2,\"name\":\"B1 CLASSIC 8534\"}]},{\"@type\":\"WebSite\",\"@id\":\"https:\\\/\\\/meber2026.graphoservice.it\\\/es\\\/#website\",\"url\":\"https:\\\/\\\/meber2026.graphoservice.it\\\/es\\\/\",\"name\":\"Me.Ber.\",\"description\":\"In Case of Emergerncy\",\"potentialAction\":[{\"@type\":\"SearchAction\",\"target\":{\"@type\":\"EntryPoint\",\"urlTemplate\":\"https:\\\/\\\/meber2026.graphoservice.it\\\/es\\\/?s={search_term_string}\"},\"query-input\":{\"@type\":\"PropertyValueSpecification\",\"valueRequired\":true,\"valueName\":\"search_term_string\"}}],\"inLanguage\":\"es\"}]}<\/script>\n<!-- \/ Yoast SEO plugin. -->","yoast_head_json":{"title":"B1 CLASSIC 8534","robots":{"index":"noindex","follow":"follow","max-snippet":"max-snippet:-1","max-image-preview":"max-image-preview:large","max-video-preview":"max-video-preview:-1"},"og_locale":"es_ES","og_type":"article","og_title":"B1 CLASSIC 8534","og_description":"Dispositivo m\u00e9dico f\u00e1cil de usar, preciso y confiable para medir la presi\u00f3n sangu\u00ednea en el brazo. Especificaciones t\u00e9cnicas \u2022 Temperatura de ejercicio: 10 &#8211; 40 \u00b0C \/ 50 &#8211; 104 \u00b0F 15 &#8211; 95 % humedad relativa m\u00e1xima \u2022 Temperatura de almacenamiento: -20 &#8211; +55 \u00b0C \/ -4 &#8211; +131 \u00b0F 15 &#8211; 95 % [&hellip;]","og_url":"https:\/\/meber2026.graphoservice.it\/es\/product\/b1-classic-8534\/","og_site_name":"Me.Ber.","twitter_card":"summary_large_image","twitter_misc":{"Tiempo de lectura":"2 minutos"},"schema":{"@context":"https:\/\/schema.org","@graph":[{"@type":"WebPage","@id":"https:\/\/meber2026.graphoservice.it\/es\/product\/b1-classic-8534\/","url":"https:\/\/meber2026.graphoservice.it\/es\/product\/b1-classic-8534\/","name":"B1 CLASSIC 8534","isPartOf":{"@id":"https:\/\/meber2026.graphoservice.it\/es\/#website"},"primaryImageOfPage":{"@id":"https:\/\/meber2026.graphoservice.it\/es\/product\/b1-classic-8534\/#primaryimage"},"image":{"@id":"https:\/\/meber2026.graphoservice.it\/es\/product\/b1-classic-8534\/#primaryimage"},"thumbnailUrl":"https:\/\/meber2026.graphoservice.it\/wp-content\/uploads\/2026\/02\/Misuratore_pressione.jpg","datePublished":"2026-02-10T09:29:37+00:00","breadcrumb":{"@id":"https:\/\/meber2026.graphoservice.it\/es\/product\/b1-classic-8534\/#breadcrumb"},"inLanguage":"es","potentialAction":[{"@type":"ReadAction","target":["https:\/\/meber2026.graphoservice.it\/es\/product\/b1-classic-8534\/"]}]},{"@type":"ImageObject","inLanguage":"es","@id":"https:\/\/meber2026.graphoservice.it\/es\/product\/b1-classic-8534\/#primaryimage","url":"https:\/\/meber2026.graphoservice.it\/wp-content\/uploads\/2026\/02\/Misuratore_pressione.jpg","contentUrl":"https:\/\/meber2026.graphoservice.it\/wp-content\/uploads\/2026\/02\/Misuratore_pressione.jpg","width":583,"height":780},{"@type":"BreadcrumbList","@id":"https:\/\/meber2026.graphoservice.it\/es\/product\/b1-classic-8534\/#breadcrumb","itemListElement":[{"@type":"ListItem","position":1,"name":"Home","item":"https:\/\/meber2026.graphoservice.it\/es\/"},{"@type":"ListItem","position":2,"name":"B1 CLASSIC 8534"}]},{"@type":"WebSite","@id":"https:\/\/meber2026.graphoservice.it\/es\/#website","url":"https:\/\/meber2026.graphoservice.it\/es\/","name":"Me.Ber.","description":"In Case of Emergerncy","potentialAction":[{"@type":"SearchAction","target":{"@type":"EntryPoint","urlTemplate":"https:\/\/meber2026.graphoservice.it\/es\/?s={search_term_string}"},"query-input":{"@type":"PropertyValueSpecification","valueRequired":true,"valueName":"search_term_string"}}],"inLanguage":"es"}]}},"_links":{"self":[{"href":"https:\/\/meber2026.graphoservice.it\/es\/wp-json\/wp\/v2\/product\/20006","targetHints":{"allow":["GET"]}}],"collection":[{"href":"https:\/\/meber2026.graphoservice.it\/es\/wp-json\/wp\/v2\/product"}],"about":[{"href":"https:\/\/meber2026.graphoservice.it\/es\/wp-json\/wp\/v2\/types\/product"}],"author":[{"embeddable":true,"href":"https:\/\/meber2026.graphoservice.it\/es\/wp-json\/wp\/v2\/users\/1"}],"version-history":[{"count":0,"href":"https:\/\/meber2026.graphoservice.it\/es\/wp-json\/wp\/v2\/product\/20006\/revisions"}],"wp:featuredmedia":[{"embeddable":true,"href":"https:\/\/meber2026.graphoservice.it\/es\/wp-json\/wp\/v2\/media\/17097"}],"wp:attachment":[{"href":"https:\/\/meber2026.graphoservice.it\/es\/wp-json\/wp\/v2\/media?parent=20006"}],"wp:term":[{"taxonomy":"application-tag","embeddable":true,"href":"https:\/\/meber2026.graphoservice.it\/es\/wp-json\/wp\/v2\/application-tag?post=20006"}],"curies":[{"name":"wp","href":"https:\/\/api.w.org\/{rel}","templated":true}]}}