{"id":19996,"date":"2026-02-10T09:29:36","date_gmt":"2026-02-10T09:29:36","guid":{"rendered":"https:\/\/meber2026.graphoservice.it\/product\/mercury-el-7092-h3-proof\/"},"modified":"2026-02-10T09:29:36","modified_gmt":"2026-02-10T09:29:36","slug":"mercury-el-7092-h3-proof","status":"publish","type":"product","link":"https:\/\/meber2026.graphoservice.it\/es\/product\/mercury-el-7092-h3-proof\/","title":{"rendered":"Mercury EL 7092\/H3 PROOF"},"content":{"rendered":"<p style=\"\">Dise\u00f1ada para asumir diferentes configuraciones, equipado con un sistema multinivel que utiliza 2 pistones mec\u00e1nicos deslizantes en cada eje. La fijaci\u00f3n de la camilla, a bordo del veh\u00edculo de rescate, se realiza a trav\u00e9s del sistema de bloqueo certificado UNI EN 1789 Art. 955 Proof (ver \u201cSistemas de fijaci\u00f3n\u201d).<\/p>\n<p> <strong>Caracter\u00edsticas:<\/strong><\/p>\n<ul>\n<li>Controles ergon\u00f3micos para operaciones de carga en el veh\u00edculo de rescate y para la configuraci\u00f3n de ajustes.<\/li>\n<li>Respaldo ajustable con resorte de gas bloqueable para inclinaciones 0\u00b0-75\u00b0.<\/li>\n<li>Barandillas laterales de 600 mm totalmente inclinables.<\/li>\n<li>Parachoques en HDPE (tanto para patas delanteras como traseras)<\/li>\n<li>N. 2 ruedas delanteras fijas \u00d8 200 mm con frenos<\/li>\n<li>N. 2 ruedas traseras giratorias a 360\u00b0 \u00d8 200 mm autocentrantes<\/li>\n<li>N. 4 ruedas de carga de las cuales n. 2 \u00d8 100 mm y n. 2 \u00d8 125 mm (enhanced loading system)<\/li>\n<li>Incluye colchoneta Art. 7013, n. 2 cinturones Art. 608-A\/MEB o 608-N\/MEB y n. 1 cintur\u00f3n Art. 612\/AN-2\/MEB o Art. 612\/N-2\/MEB<\/li>\n<\/ul>\n<p style=\"\"> <img loading=\"lazy\" decoding=\"async\" alt=\"\" height=\"88\" src=\"https:\/\/www.meber.it\/adm\/Images\/contents\/10G Logo 2019_def.png\" width=\"80\" \/><br \/> <strong>Dispositivo certificado seg\u00fan los est\u00e1ndares armonizados europeos de seguridad UNI EN 1865 &#8211; UNI EN 1789.<\/strong><\/p>\n<p> <br type=\"_moz\" \/> <br \/> \u00a0<\/p>\n","protected":false},"excerpt":{"rendered":"<p>Dise\u00f1ada para asumir diferentes configuraciones, equipado con un sistema multinivel que utiliza 2 pistones mec\u00e1nicos deslizantes en cada eje. La fijaci\u00f3n de la camilla, a bordo del veh\u00edculo de rescate, se realiza a trav\u00e9s del sistema de bloqueo certificado UNI EN 1789 Art. 955 Proof (ver \u201cSistemas de fijaci\u00f3n\u201d). Caracter\u00edsticas: Controles ergon\u00f3micos para operaciones de [&hellip;]<\/p>\n","protected":false},"author":1,"featured_media":26167,"parent":0,"menu_order":20001100,"template":"","meta":{"_acf_changed":false,"footnotes":""},"application-tag":[],"class_list":["post-19996","product","type-product","status-publish","has-post-thumbnail","hentry"],"acf":[],"dsm_author":{"name":"admeb26","avatar_url":"https:\/\/meber2026.graphoservice.it\/wp-content\/plugins\/ultimate-member\/assets\/img\/default_avatar.jpg","archive_link":"https:\/\/meber2026.graphoservice.it\/es\/author\/admeb26\/","biodata":""},"dsm_categories":[],"dsm_attachment_categories":[],"dsm_featured_image":{"thumbnail":"https:\/\/meber2026.graphoservice.it\/wp-content\/uploads\/2026\/02\/Mercury-EL_trequarti-dx_DSC0595-150x150.png","medium":"https:\/\/meber2026.graphoservice.it\/wp-content\/uploads\/2026\/02\/Mercury-EL_trequarti-dx_DSC0595-300x300.png","medium_large":"https:\/\/meber2026.graphoservice.it\/wp-content\/uploads\/2026\/02\/Mercury-EL_trequarti-dx_DSC0595-768x768.png","large":"https:\/\/meber2026.graphoservice.it\/wp-content\/uploads\/2026\/02\/Mercury-EL_trequarti-dx_DSC0595-1024x1024.png","1536x1536":"https:\/\/meber2026.graphoservice.it\/wp-content\/uploads\/2026\/02\/Mercury-EL_trequarti-dx_DSC0595-1536x1536.png","2048x2048":"https:\/\/meber2026.graphoservice.it\/wp-content\/uploads\/2026\/02\/Mercury-EL_trequarti-dx_DSC0595.png","et-pb-post-main-image":"https:\/\/meber2026.graphoservice.it\/wp-content\/uploads\/2026\/02\/Mercury-EL_trequarti-dx_DSC0595-400x250.png","et-pb-post-main-image-fullwidth":"https:\/\/meber2026.graphoservice.it\/wp-content\/uploads\/2026\/02\/Mercury-EL_trequarti-dx_DSC0595-1080x675.png","et-pb-portfolio-image":"https:\/\/meber2026.graphoservice.it\/wp-content\/uploads\/2026\/02\/Mercury-EL_trequarti-dx_DSC0595-400x284.png","et-pb-portfolio-module-image":"https:\/\/meber2026.graphoservice.it\/wp-content\/uploads\/2026\/02\/Mercury-EL_trequarti-dx_DSC0595-510x382.png","et-pb-portfolio-image-single":"https:\/\/meber2026.graphoservice.it\/wp-content\/uploads\/2026\/02\/Mercury-EL_trequarti-dx_DSC0595-1080x1080.png","et-pb-gallery-module-image-portrait":"https:\/\/meber2026.graphoservice.it\/wp-content\/uploads\/2026\/02\/Mercury-EL_trequarti-dx_DSC0595-400x516.png","et-pb-post-main-image-fullwidth-large":"https:\/\/meber2026.graphoservice.it\/wp-content\/uploads\/2026\/02\/Mercury-EL_trequarti-dx_DSC0595-2000x1800.png","et-pb-image--responsive--desktop":"https:\/\/meber2026.graphoservice.it\/wp-content\/uploads\/2026\/02\/Mercury-EL_trequarti-dx_DSC0595-1280x1280.png","et-pb-image--responsive--tablet":"https:\/\/meber2026.graphoservice.it\/wp-content\/uploads\/2026\/02\/Mercury-EL_trequarti-dx_DSC0595-980x980.png","et-pb-image--responsive--phone":"https:\/\/meber2026.graphoservice.it\/wp-content\/uploads\/2026\/02\/Mercury-EL_trequarti-dx_DSC0595-480x480.png","full":"https:\/\/meber2026.graphoservice.it\/wp-content\/uploads\/2026\/02\/Mercury-EL_trequarti-dx_DSC0595.png"},"yoast_head":"<!-- This site is optimized with the Yoast SEO plugin v27.4 - https:\/\/yoast.com\/product\/yoast-seo-wordpress\/ -->\n<title>Camilla Mercury 7070 Proof<\/title>\n<meta name=\"description\" content=\"Camilla de carga autom\u00e1tica de acero inoxidable de altura variable para ambulancias. Dispositivo certificado seg\u00fan los est\u00e1ndares armonizados europeos de seguridad UNI EN1865-UNI EN1789\" \/>\n<meta name=\"robots\" content=\"noindex, follow, max-snippet:-1, max-image-preview:large, max-video-preview:-1\" \/>\n<meta property=\"og:locale\" content=\"es_ES\" \/>\n<meta property=\"og:type\" content=\"article\" \/>\n<meta property=\"og:title\" content=\"Camilla Mercury 7070 Proof\" \/>\n<meta property=\"og:description\" content=\"Camilla de carga autom\u00e1tica de acero inoxidable de altura variable para ambulancias. Dispositivo certificado seg\u00fan los est\u00e1ndares armonizados europeos de seguridad UNI EN1865-UNI EN1789\" \/>\n<meta property=\"og:url\" content=\"https:\/\/meber2026.graphoservice.it\/es\/product\/mercury-el-7092-h3-proof\/\" \/>\n<meta property=\"og:site_name\" content=\"Me.Ber.\" \/>\n<meta name=\"twitter:card\" content=\"summary_large_image\" \/>\n<meta name=\"twitter:label1\" content=\"Tiempo de lectura\" \/>\n\t<meta name=\"twitter:data1\" content=\"1 minuto\" \/>\n<script type=\"application\/ld+json\" class=\"yoast-schema-graph\">{\"@context\":\"https:\\\/\\\/schema.org\",\"@graph\":[{\"@type\":\"WebPage\",\"@id\":\"https:\\\/\\\/meber2026.graphoservice.it\\\/es\\\/product\\\/mercury-el-7092-h3-proof\\\/\",\"url\":\"https:\\\/\\\/meber2026.graphoservice.it\\\/es\\\/product\\\/mercury-el-7092-h3-proof\\\/\",\"name\":\"Camilla Mercury 7070 Proof\",\"isPartOf\":{\"@id\":\"https:\\\/\\\/meber2026.graphoservice.it\\\/es\\\/#website\"},\"primaryImageOfPage\":{\"@id\":\"https:\\\/\\\/meber2026.graphoservice.it\\\/es\\\/product\\\/mercury-el-7092-h3-proof\\\/#primaryimage\"},\"image\":{\"@id\":\"https:\\\/\\\/meber2026.graphoservice.it\\\/es\\\/product\\\/mercury-el-7092-h3-proof\\\/#primaryimage\"},\"thumbnailUrl\":\"https:\\\/\\\/meber2026.graphoservice.it\\\/wp-content\\\/uploads\\\/2026\\\/02\\\/Mercury-EL_trequarti-dx_DSC0595.png\",\"datePublished\":\"2026-02-10T09:29:36+00:00\",\"description\":\"Camilla de carga autom\u00e1tica de acero inoxidable de altura variable para ambulancias. Dispositivo certificado seg\u00fan los est\u00e1ndares armonizados europeos de seguridad UNI EN1865-UNI EN1789\",\"breadcrumb\":{\"@id\":\"https:\\\/\\\/meber2026.graphoservice.it\\\/es\\\/product\\\/mercury-el-7092-h3-proof\\\/#breadcrumb\"},\"inLanguage\":\"es\",\"potentialAction\":[{\"@type\":\"ReadAction\",\"target\":[\"https:\\\/\\\/meber2026.graphoservice.it\\\/es\\\/product\\\/mercury-el-7092-h3-proof\\\/\"]}]},{\"@type\":\"ImageObject\",\"inLanguage\":\"es\",\"@id\":\"https:\\\/\\\/meber2026.graphoservice.it\\\/es\\\/product\\\/mercury-el-7092-h3-proof\\\/#primaryimage\",\"url\":\"https:\\\/\\\/meber2026.graphoservice.it\\\/wp-content\\\/uploads\\\/2026\\\/02\\\/Mercury-EL_trequarti-dx_DSC0595.png\",\"contentUrl\":\"https:\\\/\\\/meber2026.graphoservice.it\\\/wp-content\\\/uploads\\\/2026\\\/02\\\/Mercury-EL_trequarti-dx_DSC0595.png\",\"width\":2000,\"height\":2000},{\"@type\":\"BreadcrumbList\",\"@id\":\"https:\\\/\\\/meber2026.graphoservice.it\\\/es\\\/product\\\/mercury-el-7092-h3-proof\\\/#breadcrumb\",\"itemListElement\":[{\"@type\":\"ListItem\",\"position\":1,\"name\":\"Home\",\"item\":\"https:\\\/\\\/meber2026.graphoservice.it\\\/es\\\/\"},{\"@type\":\"ListItem\",\"position\":2,\"name\":\"Mercury EL 7092\\\/H3 PROOF\"}]},{\"@type\":\"WebSite\",\"@id\":\"https:\\\/\\\/meber2026.graphoservice.it\\\/es\\\/#website\",\"url\":\"https:\\\/\\\/meber2026.graphoservice.it\\\/es\\\/\",\"name\":\"Me.Ber.\",\"description\":\"In Case of Emergerncy\",\"potentialAction\":[{\"@type\":\"SearchAction\",\"target\":{\"@type\":\"EntryPoint\",\"urlTemplate\":\"https:\\\/\\\/meber2026.graphoservice.it\\\/es\\\/?s={search_term_string}\"},\"query-input\":{\"@type\":\"PropertyValueSpecification\",\"valueRequired\":true,\"valueName\":\"search_term_string\"}}],\"inLanguage\":\"es\"}]}<\/script>\n<!-- \/ Yoast SEO plugin. -->","yoast_head_json":{"title":"Camilla Mercury 7070 Proof","description":"Camilla de carga autom\u00e1tica de acero inoxidable de altura variable para ambulancias. Dispositivo certificado seg\u00fan los est\u00e1ndares armonizados europeos de seguridad UNI EN1865-UNI EN1789","robots":{"index":"noindex","follow":"follow","max-snippet":"max-snippet:-1","max-image-preview":"max-image-preview:large","max-video-preview":"max-video-preview:-1"},"og_locale":"es_ES","og_type":"article","og_title":"Camilla Mercury 7070 Proof","og_description":"Camilla de carga autom\u00e1tica de acero inoxidable de altura variable para ambulancias. Dispositivo certificado seg\u00fan los est\u00e1ndares armonizados europeos de seguridad UNI EN1865-UNI EN1789","og_url":"https:\/\/meber2026.graphoservice.it\/es\/product\/mercury-el-7092-h3-proof\/","og_site_name":"Me.Ber.","twitter_card":"summary_large_image","twitter_misc":{"Tiempo de lectura":"1 minuto"},"schema":{"@context":"https:\/\/schema.org","@graph":[{"@type":"WebPage","@id":"https:\/\/meber2026.graphoservice.it\/es\/product\/mercury-el-7092-h3-proof\/","url":"https:\/\/meber2026.graphoservice.it\/es\/product\/mercury-el-7092-h3-proof\/","name":"Camilla Mercury 7070 Proof","isPartOf":{"@id":"https:\/\/meber2026.graphoservice.it\/es\/#website"},"primaryImageOfPage":{"@id":"https:\/\/meber2026.graphoservice.it\/es\/product\/mercury-el-7092-h3-proof\/#primaryimage"},"image":{"@id":"https:\/\/meber2026.graphoservice.it\/es\/product\/mercury-el-7092-h3-proof\/#primaryimage"},"thumbnailUrl":"https:\/\/meber2026.graphoservice.it\/wp-content\/uploads\/2026\/02\/Mercury-EL_trequarti-dx_DSC0595.png","datePublished":"2026-02-10T09:29:36+00:00","description":"Camilla de carga autom\u00e1tica de acero inoxidable de altura variable para ambulancias. Dispositivo certificado seg\u00fan los est\u00e1ndares armonizados europeos de seguridad UNI EN1865-UNI EN1789","breadcrumb":{"@id":"https:\/\/meber2026.graphoservice.it\/es\/product\/mercury-el-7092-h3-proof\/#breadcrumb"},"inLanguage":"es","potentialAction":[{"@type":"ReadAction","target":["https:\/\/meber2026.graphoservice.it\/es\/product\/mercury-el-7092-h3-proof\/"]}]},{"@type":"ImageObject","inLanguage":"es","@id":"https:\/\/meber2026.graphoservice.it\/es\/product\/mercury-el-7092-h3-proof\/#primaryimage","url":"https:\/\/meber2026.graphoservice.it\/wp-content\/uploads\/2026\/02\/Mercury-EL_trequarti-dx_DSC0595.png","contentUrl":"https:\/\/meber2026.graphoservice.it\/wp-content\/uploads\/2026\/02\/Mercury-EL_trequarti-dx_DSC0595.png","width":2000,"height":2000},{"@type":"BreadcrumbList","@id":"https:\/\/meber2026.graphoservice.it\/es\/product\/mercury-el-7092-h3-proof\/#breadcrumb","itemListElement":[{"@type":"ListItem","position":1,"name":"Home","item":"https:\/\/meber2026.graphoservice.it\/es\/"},{"@type":"ListItem","position":2,"name":"Mercury EL 7092\/H3 PROOF"}]},{"@type":"WebSite","@id":"https:\/\/meber2026.graphoservice.it\/es\/#website","url":"https:\/\/meber2026.graphoservice.it\/es\/","name":"Me.Ber.","description":"In Case of Emergerncy","potentialAction":[{"@type":"SearchAction","target":{"@type":"EntryPoint","urlTemplate":"https:\/\/meber2026.graphoservice.it\/es\/?s={search_term_string}"},"query-input":{"@type":"PropertyValueSpecification","valueRequired":true,"valueName":"search_term_string"}}],"inLanguage":"es"}]}},"_links":{"self":[{"href":"https:\/\/meber2026.graphoservice.it\/es\/wp-json\/wp\/v2\/product\/19996","targetHints":{"allow":["GET"]}}],"collection":[{"href":"https:\/\/meber2026.graphoservice.it\/es\/wp-json\/wp\/v2\/product"}],"about":[{"href":"https:\/\/meber2026.graphoservice.it\/es\/wp-json\/wp\/v2\/types\/product"}],"author":[{"embeddable":true,"href":"https:\/\/meber2026.graphoservice.it\/es\/wp-json\/wp\/v2\/users\/1"}],"version-history":[{"count":0,"href":"https:\/\/meber2026.graphoservice.it\/es\/wp-json\/wp\/v2\/product\/19996\/revisions"}],"wp:featuredmedia":[{"embeddable":true,"href":"https:\/\/meber2026.graphoservice.it\/es\/wp-json\/wp\/v2\/media\/26167"}],"wp:attachment":[{"href":"https:\/\/meber2026.graphoservice.it\/es\/wp-json\/wp\/v2\/media?parent=19996"}],"wp:term":[{"taxonomy":"application-tag","embeddable":true,"href":"https:\/\/meber2026.graphoservice.it\/es\/wp-json\/wp\/v2\/application-tag?post=19996"}],"curies":[{"name":"wp","href":"https:\/\/api.w.org\/{rel}","templated":true}]}}