{"id":19991,"date":"2026-02-10T09:29:35","date_gmt":"2026-02-10T09:29:35","guid":{"rendered":"https:\/\/meber2026.graphoservice.it\/product\/1366-2\/"},"modified":"2026-04-28T15:20:53","modified_gmt":"2026-04-28T15:20:53","slug":"1366-2","status":"publish","type":"product","link":"https:\/\/meber2026.graphoservice.it\/es\/product\/1366-2\/","title":{"rendered":"1366"},"content":{"rendered":"<p>Mochila confeccionada en cordua rojo resistente a la rotura, con doble costura, tiras reflectantes, correas de hombro reforzadas y fuertes cremalleras de 10 mm. Cuenta con un amplio compartimento con apertura frontal, dentro del cual se encuentran presentes cuatro bolsillos de malla para un almacenamiento racional de los dispositivos y la posibilidad de fijar un cilindro de 2 litros. Las dos grandes secciones laterales que se pueden abrir contienen cuatro bolsas de diferentes colores, lo que le permite identificar r\u00e1pidamente los diferentes kits. Fondo impermeable en PVC.<\/p>\n<p><strong>Dimensiones (LxHxP): <\/strong><span style=\"color: rgb(98, 98, 98); font-weight: 700;\">44x56x26<\/span><strong>\u00a0cm<\/strong><\/p>\n<p>\nEn esta versi\u00f3n (1366), la mochila se suministra con:<br \/>\n\u00a0<\/p>\n<p>\u00a0<\/p>\n<table border=\"0\" cellpadding=\"0\" cellspacing=\"0\" class=\"table table-bordered table-striped\">\n<tbody>\n<tr>\n<th colspan=\"3\">CUERPO CENTRAL<\/th>\n<\/tr>\n<tr>\n<td>N\u00b0<\/td>\n<td>Descripci\u00f3n<\/td>\n<td>\u00a0<\/td>\n<\/tr>\n<tr>\n<td colspan=\"3\">Equipo de reanimaci\u00f3n cardiopulmonar<\/td>\n<\/tr>\n<tr>\n<td>1<\/td>\n<td>Bal\u00f3n de reanimaci\u00f3n adultos de silicona Art. 1274<\/td>\n<td>\u00a0<\/td>\n<\/tr>\n<tr>\n<td>1<\/td>\n<td>La serie incluye mascarillas faciales para bal\u00f3n autoexpandible (n. 5 medidas) (Art.2401, 2402, 2403, 2404, 2405)<\/td>\n<td>\u00a0<\/td>\n<\/tr>\n<tr>\n<td>1<\/td>\n<td>V\u00e1lvula para bolsa reservorio\u00a0(ART. 1237-001)\u00a0<\/td>\n<td>\u00a0<\/td>\n<\/tr>\n<tr>\n<td>1<\/td>\n<td>Reservorio para bal\u00f3n autoexpandible (Art. 1237)<\/td>\n<td>\u00a0<\/td>\n<\/tr>\n<tr>\n<td>1<\/td>\n<td>Tubo anti-aplastamiento para balones accesorios<\/td>\n<td>\u00a0<\/td>\n<\/tr>\n<tr>\n<td>1<\/td>\n<td>Set completo, todas las medidas de c\u00e1nulas orotraqueales (n. 6 medidas) Art. 1409, 1410, 1411, 1412, 1413, 1414<\/td>\n<td>\u00a0<\/td>\n<\/tr>\n<tr>\n<td>1<\/td>\n<td>Mascarilla para oxigenoterapia de alto flujo con reservorio y tubo de conexi\u00f3n (ART. 1055)<\/td>\n<td>\u00a0<\/td>\n<\/tr>\n<tr>\n<td>1<\/td>\n<td>Mascarilla de bolsillo para ventilaci\u00f3n sistema &#8220;boca-mascarilla&#8221; Art. 1080<\/td>\n<td>\u00a0<\/td>\n<\/tr>\n<tr>\n<td>1<\/td>\n<td>Aspirador manual para secreciones (Art. 11064)<\/td>\n<td>\u00a0<\/td>\n<\/tr>\n<tr>\n<td colspan=\"3\">\n\t\t\tMaterial vario<\/td>\n<\/tr>\n<tr>\n<td>2<\/td>\n<td>Soluci\u00f3n fisiol\u00f3gica no inyectable de 500 ml (Art. 11382)<\/td>\n<td>\u00a0<\/td>\n<\/tr>\n<tr>\n<td>2<\/td>\n<td>Tijeras tipo Robin (para cortar prendas<) (Art. 1980)<\/td>\n<td>\u00a0<\/td>\n<\/tr>\n<tr>\n<td>1<\/td>\n<td>Collar\u00edn cervical ajustable para adultos (Art. 836)<\/td>\n<td>\u00a0<\/td>\n<\/tr>\n<tr>\n<td>1<\/td>\n<td>Collar\u00edn cervical ajustable pedi\u00e1trico (Art. 837)<\/td>\n<td>\u00a0<\/td>\n<\/tr>\n<tr>\n<td>2<\/td>\n<td>Tela de medicaci\u00f3n est\u00e9ril 60&#215;80 tambi\u00e9n para quemaduras<\/td>\n<td>\u00a0<\/td>\n<\/tr>\n<tr>\n<td colspan=\"3\">Material de autoprotecci\u00f3n<\/td>\n<\/tr>\n<tr>\n<td>1<\/td>\n<td>Guantes de nitrilo celestes sin polvo med. XL (Art. 1945) paq. de 100 unids.<\/td>\n<td>\n\t\t\t\u00a0<\/td>\n<\/tr>\n<tr>\n<td>2<\/td>\n<td>Gafas de protecci\u00f3n\u00a0(Art. 11354)<\/td>\n<td>\u00a0<\/td>\n<\/tr>\n<tr>\n<td>\u00a0<\/td>\n<td>\u00a0<\/td>\n<td>\u00a0<\/td>\n<\/tr>\n<\/tbody>\n<\/table>\n<p>\u00a0<\/p>\n<table border=\"0\" cellpadding=\"0\" cellspacing=\"0\" class=\"table table-bordered table-striped\">\n<tbody>\n<tr>\n<th colspan=\"3\">CUERPO LATERAL DERECHO<\/th>\n<\/tr>\n<tr>\n<td>N\u00b0<\/td>\n<td>Descripci\u00f3n<\/td>\n<td>\u00a0<\/td>\n<\/tr>\n<tr>\n<td>\u00a0<\/td>\n<td>Sobre azul (material para medicaci\u00f3n)<\/td>\n<td>\u00a0<\/td>\n<\/tr>\n<tr>\n<td>1<\/td>\n<td>Frasco de soluci\u00f3n cut\u00e1nea de yodopovidona de 125 ml<\/td>\n<td>\u00a0<\/td>\n<\/tr>\n<tr>\n<td>10<\/td>\n<td>2 Compresas de gasa est\u00e9riles de 8 capas 10 x 10 cm<\/td>\n<td>\u00a0<\/td>\n<\/tr>\n<tr>\n<td>2<\/td>\n<td>Compresas de gasa est\u00e9ril hidrof\u00edlicas 18 x 40 cm<\/td>\n<td>\u00a0<\/td>\n<\/tr>\n<tr>\n<td>1<\/td>\n<td>Paquete de tiritas m\u00e9dicas 40 unidades surtidas<\/td>\n<td>\u00a0<\/td>\n<\/tr>\n<tr>\n<td>1<\/td>\n<td>Tirita de seda en rollo 9,14 mt x 2,5 cm<\/td>\n<td>\u00a0<\/td>\n<\/tr>\n<tr>\n<td>2<\/td>\n<td>Venda ribeteada 15 cm<\/td>\n<td>\u00a0<\/td>\n<\/tr>\n<tr>\n<td>1<\/td>\n<td>Pinza est\u00e9ril de nylon 8\u00a0cm<\/td>\n<td>\u00a0<\/td>\n<\/tr>\n<tr>\n<td>\u00a0<\/td>\n<td>Bolsa verde<\/td>\n<td>\u00a0<\/td>\n<\/tr>\n<tr>\n<td>2<\/td>\n<td>Manta isot\u00e9rmica oro\/plata 160&#215;210 con embalaje y hoja serigrafiada (art. 1770) \u00a0<\/td>\n<\/tr>\n<tr>\n<td>1<\/td>\n<td>Tela de medicaci\u00f3n est\u00e9ril 60&#215;80 tambi\u00e9n para quemaduras<\/td>\n<td>\u00a0<\/td>\n<\/tr>\n<tr>\n<td>2<\/td>\n<td>Bolsa de hielo instant\u00e1neo en PVC\u00a0(Art. 1910)<\/td>\n<td>\u00a0<\/td>\n<\/tr>\n<\/tbody>\n<\/table>\n<p>\u00a0<\/p>\n<table border=\"0\" cellpadding=\"0\" cellspacing=\"0\" class=\"table table-bordered table-striped\">\n<tbody>\n<tr>\n<th colspan=\"3\">CUERPO LATERAL IZQUIERDO<\/th>\n<\/tr>\n<tr>\n<td>N\u00b0<\/td>\n<td>Descripci\u00f3n<\/td>\n<td>\u00a0<\/td>\n<\/tr>\n<tr>\n<td>\u00a0<\/td>\n<td>Bolsa roja (hemostasis y presi\u00f3n)<\/td>\n<td>\u00a0<\/td>\n<\/tr>\n<tr>\n<td>1<\/td>\n<td>Term\u00f3metro digital\u00a0<\/td>\n<td>\u00a0<\/td>\n<\/tr>\n<tr>\n<td>1<\/td>\n<td>Esfigmoman\u00f3metro aneroide de mano (Art. 8004)<\/td>\n<td>\u00a0<\/td>\n<\/tr>\n<tr>\n<td>1<\/td>\n<td>Fonendoscopio plano tubo rojo (Art. 8020\/R)<\/td>\n<td>\u00a0<\/td>\n<\/tr>\n<tr>\n<td>2<\/td>\n<td>Venda tamp\u00f3n hemost\u00e1tico<\/td>\n<td>\u00a0<\/td>\n<\/tr>\n<tr>\n<td>3<\/td>\n<td>Lazo hemost\u00e1tico ajustable (Art. 1960)<\/td>\n<td>\u00a0<\/td>\n<\/tr>\n<tr>\n<td>\u00a0<\/td>\n<td>Bolsa amarilla\u00a0<\/td>\n<td>\u00a0<\/td>\n<\/tr>\n<\/tbody>\n<\/table>\n<p>\u00a0<\/p>\n<table border=\"0\" cellpadding=\"0\" cellspacing=\"0\" class=\"table table-bordered table-striped\">\n<tbody>\n<tr>\n<th colspan=\"3\">BOLSILLO INTERNO DELANTERO<\/th>\n<\/tr>\n<tr>\n<td>N\u00b0<\/td>\n<td>Descripci\u00f3n<\/td>\n<td>\u00a0<\/td>\n<\/tr>\n<tr>\n<td>1<\/td>\n<td>Procedimientos operativos est\u00e1ndar aprobados por la Oficina Sanitaria VVE del curso TPSS<\/td>\n<td>\u00a0<\/td>\n<\/tr>\n<tr>\n<td>1<\/td>\n<td>Bolsa recolecci\u00f3n desprendimiento traum\u00e1tico de partes anat\u00f3micas (tama\u00f1o peque\u00f1o) (Art. 11380)<\/td>\n<td>\u00a0<\/td>\n<\/tr>\n<tr>\n<td>1<\/td>\n<td>Funda roja para mochila (Art.1354-001)<\/td>\n<td>\u00a0<\/td>\n<\/tr>\n<tr>\n<td>2<\/td>\n<td>Bolsa para v\u00f3mito\/residuos<\/td>\n<td>\u00a0<\/td>\n<\/tr>\n<\/tbody>\n<\/table>\n<p>\u00a0<\/p>\n","protected":false},"excerpt":{"rendered":"<p>Mochila confeccionada en cordua rojo resistente a la rotura, con doble costura, tiras reflectantes, correas de hombro reforzadas y fuertes cremalleras de 10 mm. Cuenta con un amplio compartimento con apertura frontal, dentro del cual se encuentran presentes cuatro bolsillos de malla para un almacenamiento racional de los dispositivos y la posibilidad de fijar un [&hellip;]<\/p>\n","protected":false},"author":1,"featured_media":15482,"parent":0,"menu_order":80001200,"template":"","meta":{"_acf_changed":false,"footnotes":""},"application-tag":[96],"class_list":["post-19991","product","type-product","status-publish","has-post-thumbnail","hentry","application-tag-botiquin-de-primeros-auxilios"],"acf":[],"dsm_author":{"name":"admeb26","avatar_url":"https:\/\/meber2026.graphoservice.it\/wp-content\/plugins\/ultimate-member\/assets\/img\/default_avatar.jpg","archive_link":"https:\/\/meber2026.graphoservice.it\/es\/author\/admeb26\/","biodata":""},"dsm_categories":[],"dsm_attachment_categories":[],"dsm_featured_image":{"thumbnail":"https:\/\/meber2026.graphoservice.it\/wp-content\/uploads\/2026\/02\/1354-zaino_chiuso-150x150.jpg","medium":"https:\/\/meber2026.graphoservice.it\/wp-content\/uploads\/2026\/02\/1354-zaino_chiuso-256x300.jpg","medium_large":"https:\/\/meber2026.graphoservice.it\/wp-content\/uploads\/2026\/02\/1354-zaino_chiuso.jpg","large":"https:\/\/meber2026.graphoservice.it\/wp-content\/uploads\/2026\/02\/1354-zaino_chiuso.jpg","1536x1536":"https:\/\/meber2026.graphoservice.it\/wp-content\/uploads\/2026\/02\/1354-zaino_chiuso.jpg","2048x2048":"https:\/\/meber2026.graphoservice.it\/wp-content\/uploads\/2026\/02\/1354-zaino_chiuso.jpg","et-pb-post-main-image":"https:\/\/meber2026.graphoservice.it\/wp-content\/uploads\/2026\/02\/1354-zaino_chiuso-400x250.jpg","et-pb-post-main-image-fullwidth":"https:\/\/meber2026.graphoservice.it\/wp-content\/uploads\/2026\/02\/1354-zaino_chiuso-666x675.jpg","et-pb-portfolio-image":"https:\/\/meber2026.graphoservice.it\/wp-content\/uploads\/2026\/02\/1354-zaino_chiuso-400x284.jpg","et-pb-portfolio-module-image":"https:\/\/meber2026.graphoservice.it\/wp-content\/uploads\/2026\/02\/1354-zaino_chiuso-510x382.jpg","et-pb-portfolio-image-single":"https:\/\/meber2026.graphoservice.it\/wp-content\/uploads\/2026\/02\/1354-zaino_chiuso.jpg","et-pb-gallery-module-image-portrait":"https:\/\/meber2026.graphoservice.it\/wp-content\/uploads\/2026\/02\/1354-zaino_chiuso-400x516.jpg","et-pb-post-main-image-fullwidth-large":"https:\/\/meber2026.graphoservice.it\/wp-content\/uploads\/2026\/02\/1354-zaino_chiuso.jpg","et-pb-image--responsive--desktop":"https:\/\/meber2026.graphoservice.it\/wp-content\/uploads\/2026\/02\/1354-zaino_chiuso.jpg","et-pb-image--responsive--tablet":"https:\/\/meber2026.graphoservice.it\/wp-content\/uploads\/2026\/02\/1354-zaino_chiuso.jpg","et-pb-image--responsive--phone":"https:\/\/meber2026.graphoservice.it\/wp-content\/uploads\/2026\/02\/1354-zaino_chiuso-480x562.jpg","full":"https:\/\/meber2026.graphoservice.it\/wp-content\/uploads\/2026\/02\/1354-zaino_chiuso.jpg"},"yoast_head":"<!-- This site is optimized with the Yoast SEO plugin v27.4 - https:\/\/yoast.com\/product\/yoast-seo-wordpress\/ -->\n<title>1366<\/title>\n<meta name=\"robots\" content=\"noindex, follow, max-snippet:-1, max-image-preview:large, max-video-preview:-1\" \/>\n<meta property=\"og:locale\" content=\"es_ES\" \/>\n<meta property=\"og:type\" content=\"article\" \/>\n<meta property=\"og:title\" content=\"1366\" \/>\n<meta property=\"og:description\" content=\"Mochila confeccionada en cordua rojo resistente a la rotura, con doble costura, tiras reflectantes, correas de hombro reforzadas y fuertes cremalleras de 10 mm. Cuenta con un amplio compartimento con apertura frontal, dentro del cual se encuentran presentes cuatro bolsillos de malla para un almacenamiento racional de los dispositivos y la posibilidad de fijar un [&hellip;]\" \/>\n<meta property=\"og:url\" content=\"https:\/\/meber2026.graphoservice.it\/es\/product\/1366-2\/\" \/>\n<meta property=\"og:site_name\" content=\"Me.Ber.\" \/>\n<meta property=\"article:modified_time\" content=\"2026-04-28T15:20:53+00:00\" \/>\n<meta property=\"og:image\" content=\"https:\/\/meber2026.graphoservice.it\/wp-content\/uploads\/2026\/02\/1354-zaino_chiuso.jpg\" \/>\n\t<meta property=\"og:image:width\" content=\"666\" \/>\n\t<meta property=\"og:image:height\" content=\"780\" \/>\n\t<meta property=\"og:image:type\" content=\"image\/jpeg\" \/>\n<meta name=\"twitter:card\" content=\"summary_large_image\" \/>\n<meta name=\"twitter:label1\" content=\"Tiempo de lectura\" \/>\n\t<meta name=\"twitter:data1\" content=\"1 minuto\" \/>\n<script type=\"application\/ld+json\" class=\"yoast-schema-graph\">{\"@context\":\"https:\\\/\\\/schema.org\",\"@graph\":[{\"@type\":\"WebPage\",\"@id\":\"https:\\\/\\\/meber2026.graphoservice.it\\\/es\\\/product\\\/1366-2\\\/\",\"url\":\"https:\\\/\\\/meber2026.graphoservice.it\\\/es\\\/product\\\/1366-2\\\/\",\"name\":\"1366\",\"isPartOf\":{\"@id\":\"https:\\\/\\\/meber2026.graphoservice.it\\\/es\\\/#website\"},\"primaryImageOfPage\":{\"@id\":\"https:\\\/\\\/meber2026.graphoservice.it\\\/es\\\/product\\\/1366-2\\\/#primaryimage\"},\"image\":{\"@id\":\"https:\\\/\\\/meber2026.graphoservice.it\\\/es\\\/product\\\/1366-2\\\/#primaryimage\"},\"thumbnailUrl\":\"https:\\\/\\\/meber2026.graphoservice.it\\\/wp-content\\\/uploads\\\/2026\\\/02\\\/1354-zaino_chiuso.jpg\",\"datePublished\":\"2026-02-10T09:29:35+00:00\",\"dateModified\":\"2026-04-28T15:20:53+00:00\",\"breadcrumb\":{\"@id\":\"https:\\\/\\\/meber2026.graphoservice.it\\\/es\\\/product\\\/1366-2\\\/#breadcrumb\"},\"inLanguage\":\"es\",\"potentialAction\":[{\"@type\":\"ReadAction\",\"target\":[\"https:\\\/\\\/meber2026.graphoservice.it\\\/es\\\/product\\\/1366-2\\\/\"]}]},{\"@type\":\"ImageObject\",\"inLanguage\":\"es\",\"@id\":\"https:\\\/\\\/meber2026.graphoservice.it\\\/es\\\/product\\\/1366-2\\\/#primaryimage\",\"url\":\"https:\\\/\\\/meber2026.graphoservice.it\\\/wp-content\\\/uploads\\\/2026\\\/02\\\/1354-zaino_chiuso.jpg\",\"contentUrl\":\"https:\\\/\\\/meber2026.graphoservice.it\\\/wp-content\\\/uploads\\\/2026\\\/02\\\/1354-zaino_chiuso.jpg\",\"width\":666,\"height\":780},{\"@type\":\"BreadcrumbList\",\"@id\":\"https:\\\/\\\/meber2026.graphoservice.it\\\/es\\\/product\\\/1366-2\\\/#breadcrumb\",\"itemListElement\":[{\"@type\":\"ListItem\",\"position\":1,\"name\":\"Home\",\"item\":\"https:\\\/\\\/meber2026.graphoservice.it\\\/es\\\/\"},{\"@type\":\"ListItem\",\"position\":2,\"name\":\"1366\"}]},{\"@type\":\"WebSite\",\"@id\":\"https:\\\/\\\/meber2026.graphoservice.it\\\/es\\\/#website\",\"url\":\"https:\\\/\\\/meber2026.graphoservice.it\\\/es\\\/\",\"name\":\"Me.Ber.\",\"description\":\"In Case of Emergerncy\",\"potentialAction\":[{\"@type\":\"SearchAction\",\"target\":{\"@type\":\"EntryPoint\",\"urlTemplate\":\"https:\\\/\\\/meber2026.graphoservice.it\\\/es\\\/?s={search_term_string}\"},\"query-input\":{\"@type\":\"PropertyValueSpecification\",\"valueRequired\":true,\"valueName\":\"search_term_string\"}}],\"inLanguage\":\"es\"}]}<\/script>\n<!-- \/ Yoast SEO plugin. -->","yoast_head_json":{"title":"1366","robots":{"index":"noindex","follow":"follow","max-snippet":"max-snippet:-1","max-image-preview":"max-image-preview:large","max-video-preview":"max-video-preview:-1"},"og_locale":"es_ES","og_type":"article","og_title":"1366","og_description":"Mochila confeccionada en cordua rojo resistente a la rotura, con doble costura, tiras reflectantes, correas de hombro reforzadas y fuertes cremalleras de 10 mm. Cuenta con un amplio compartimento con apertura frontal, dentro del cual se encuentran presentes cuatro bolsillos de malla para un almacenamiento racional de los dispositivos y la posibilidad de fijar un [&hellip;]","og_url":"https:\/\/meber2026.graphoservice.it\/es\/product\/1366-2\/","og_site_name":"Me.Ber.","article_modified_time":"2026-04-28T15:20:53+00:00","og_image":[{"width":666,"height":780,"url":"https:\/\/meber2026.graphoservice.it\/wp-content\/uploads\/2026\/02\/1354-zaino_chiuso.jpg","type":"image\/jpeg"}],"twitter_card":"summary_large_image","twitter_misc":{"Tiempo de lectura":"1 minuto"},"schema":{"@context":"https:\/\/schema.org","@graph":[{"@type":"WebPage","@id":"https:\/\/meber2026.graphoservice.it\/es\/product\/1366-2\/","url":"https:\/\/meber2026.graphoservice.it\/es\/product\/1366-2\/","name":"1366","isPartOf":{"@id":"https:\/\/meber2026.graphoservice.it\/es\/#website"},"primaryImageOfPage":{"@id":"https:\/\/meber2026.graphoservice.it\/es\/product\/1366-2\/#primaryimage"},"image":{"@id":"https:\/\/meber2026.graphoservice.it\/es\/product\/1366-2\/#primaryimage"},"thumbnailUrl":"https:\/\/meber2026.graphoservice.it\/wp-content\/uploads\/2026\/02\/1354-zaino_chiuso.jpg","datePublished":"2026-02-10T09:29:35+00:00","dateModified":"2026-04-28T15:20:53+00:00","breadcrumb":{"@id":"https:\/\/meber2026.graphoservice.it\/es\/product\/1366-2\/#breadcrumb"},"inLanguage":"es","potentialAction":[{"@type":"ReadAction","target":["https:\/\/meber2026.graphoservice.it\/es\/product\/1366-2\/"]}]},{"@type":"ImageObject","inLanguage":"es","@id":"https:\/\/meber2026.graphoservice.it\/es\/product\/1366-2\/#primaryimage","url":"https:\/\/meber2026.graphoservice.it\/wp-content\/uploads\/2026\/02\/1354-zaino_chiuso.jpg","contentUrl":"https:\/\/meber2026.graphoservice.it\/wp-content\/uploads\/2026\/02\/1354-zaino_chiuso.jpg","width":666,"height":780},{"@type":"BreadcrumbList","@id":"https:\/\/meber2026.graphoservice.it\/es\/product\/1366-2\/#breadcrumb","itemListElement":[{"@type":"ListItem","position":1,"name":"Home","item":"https:\/\/meber2026.graphoservice.it\/es\/"},{"@type":"ListItem","position":2,"name":"1366"}]},{"@type":"WebSite","@id":"https:\/\/meber2026.graphoservice.it\/es\/#website","url":"https:\/\/meber2026.graphoservice.it\/es\/","name":"Me.Ber.","description":"In Case of Emergerncy","potentialAction":[{"@type":"SearchAction","target":{"@type":"EntryPoint","urlTemplate":"https:\/\/meber2026.graphoservice.it\/es\/?s={search_term_string}"},"query-input":{"@type":"PropertyValueSpecification","valueRequired":true,"valueName":"search_term_string"}}],"inLanguage":"es"}]}},"_links":{"self":[{"href":"https:\/\/meber2026.graphoservice.it\/es\/wp-json\/wp\/v2\/product\/19991","targetHints":{"allow":["GET"]}}],"collection":[{"href":"https:\/\/meber2026.graphoservice.it\/es\/wp-json\/wp\/v2\/product"}],"about":[{"href":"https:\/\/meber2026.graphoservice.it\/es\/wp-json\/wp\/v2\/types\/product"}],"author":[{"embeddable":true,"href":"https:\/\/meber2026.graphoservice.it\/es\/wp-json\/wp\/v2\/users\/1"}],"version-history":[{"count":1,"href":"https:\/\/meber2026.graphoservice.it\/es\/wp-json\/wp\/v2\/product\/19991\/revisions"}],"predecessor-version":[{"id":29463,"href":"https:\/\/meber2026.graphoservice.it\/es\/wp-json\/wp\/v2\/product\/19991\/revisions\/29463"}],"wp:featuredmedia":[{"embeddable":true,"href":"https:\/\/meber2026.graphoservice.it\/es\/wp-json\/wp\/v2\/media\/15482"}],"wp:attachment":[{"href":"https:\/\/meber2026.graphoservice.it\/es\/wp-json\/wp\/v2\/media?parent=19991"}],"wp:term":[{"taxonomy":"application-tag","embeddable":true,"href":"https:\/\/meber2026.graphoservice.it\/es\/wp-json\/wp\/v2\/application-tag?post=19991"}],"curies":[{"name":"wp","href":"https:\/\/api.w.org\/{rel}","templated":true}]}}