{"id":19936,"date":"2026-02-10T09:29:29","date_gmt":"2026-02-10T09:29:29","guid":{"rendered":"https:\/\/meber2026.graphoservice.it\/product\/kuma-668\/"},"modified":"2026-02-10T09:29:30","modified_gmt":"2026-02-10T09:29:30","slug":"kuma-668","status":"publish","type":"product","link":"https:\/\/meber2026.graphoservice.it\/es\/product\/kuma-668\/","title":{"rendered":"Kuma 668"},"content":{"rendered":"<p>Kuma es la silla motorizada MeBer. Caracterizado por marco de aleaci\u00f3n de aluminio, bater\u00eda de iones de litio, palancas delanteras, pr\u00e1cticos reposabrazos, reposapi\u00e9s, pr\u00e1ctica manija extensible con peque\u00f1a consola adjunta para controlar las pistas y 4 ruedas (2 fijas de \u00d8200 mm\u00a0con freno y 2 giratorias de \u00d8125 mm). El motor el\u00e9ctrico acciona las v\u00edas permitiendo la subida y bajada de las escaleras sin esfuerzo para el operario. Kuma garantiza una carga \u00fatil de 181 kg y ofrece un asiento c\u00f3modo gracias al coj\u00edn y al reposacabezas de serie. Pr\u00e1ctica y f\u00e1cil de manejar, la silla motorizada Kuma es muy simple de usar. De color negro. Disponible con los siguientes accesorios est\u00e1ndar:<br \/>\n&#8211; Coj\u00edn del asiento<br \/>\n&#8211; Reposacabezas<br \/>\n&#8211; Tambores<br \/>\n&#8211; Cargador<br \/>\n&#8211; Cinturones<\/p>\n","protected":false},"excerpt":{"rendered":"<p>Kuma es la silla motorizada MeBer. Caracterizado por marco de aleaci\u00f3n de aluminio, bater\u00eda de iones de litio, palancas delanteras, pr\u00e1cticos reposabrazos, reposapi\u00e9s, pr\u00e1ctica manija extensible con peque\u00f1a consola adjunta para controlar las pistas y 4 ruedas (2 fijas de \u00d8200 mm\u00a0con freno y 2 giratorias de \u00d8125 mm). El motor el\u00e9ctrico acciona las v\u00edas [&hellip;]<\/p>\n","protected":false},"author":1,"featured_media":24293,"parent":0,"menu_order":30000500,"template":"","meta":{"_acf_changed":false,"footnotes":""},"application-tag":[],"class_list":["post-19936","product","type-product","status-publish","has-post-thumbnail","hentry"],"acf":[],"dsm_author":{"name":"admeb26","avatar_url":"https:\/\/meber2026.graphoservice.it\/wp-content\/plugins\/ultimate-member\/assets\/img\/default_avatar.jpg","archive_link":"https:\/\/meber2026.graphoservice.it\/es\/author\/admeb26\/","biodata":""},"dsm_categories":[],"dsm_attachment_categories":[],"dsm_featured_image":{"thumbnail":"https:\/\/meber2026.graphoservice.it\/wp-content\/uploads\/2026\/02\/Kuma_dsc0218-150x150.webp","medium":"https:\/\/meber2026.graphoservice.it\/wp-content\/uploads\/2026\/02\/Kuma_dsc0218-300x300.webp","medium_large":"https:\/\/meber2026.graphoservice.it\/wp-content\/uploads\/2026\/02\/Kuma_dsc0218-768x768.webp","large":"https:\/\/meber2026.graphoservice.it\/wp-content\/uploads\/2026\/02\/Kuma_dsc0218-1024x1024.webp","1536x1536":"https:\/\/meber2026.graphoservice.it\/wp-content\/uploads\/2026\/02\/Kuma_dsc0218-1536x1536.webp","2048x2048":"https:\/\/meber2026.graphoservice.it\/wp-content\/uploads\/2026\/02\/Kuma_dsc0218.webp","et-pb-post-main-image":"https:\/\/meber2026.graphoservice.it\/wp-content\/uploads\/2026\/02\/Kuma_dsc0218-400x250.webp","et-pb-post-main-image-fullwidth":"https:\/\/meber2026.graphoservice.it\/wp-content\/uploads\/2026\/02\/Kuma_dsc0218-1080x675.webp","et-pb-portfolio-image":"https:\/\/meber2026.graphoservice.it\/wp-content\/uploads\/2026\/02\/Kuma_dsc0218-400x284.webp","et-pb-portfolio-module-image":"https:\/\/meber2026.graphoservice.it\/wp-content\/uploads\/2026\/02\/Kuma_dsc0218-510x382.webp","et-pb-portfolio-image-single":"https:\/\/meber2026.graphoservice.it\/wp-content\/uploads\/2026\/02\/Kuma_dsc0218-1080x1080.webp","et-pb-gallery-module-image-portrait":"https:\/\/meber2026.graphoservice.it\/wp-content\/uploads\/2026\/02\/Kuma_dsc0218-400x516.webp","et-pb-post-main-image-fullwidth-large":"https:\/\/meber2026.graphoservice.it\/wp-content\/uploads\/2026\/02\/Kuma_dsc0218-2000x1800.webp","et-pb-image--responsive--desktop":"https:\/\/meber2026.graphoservice.it\/wp-content\/uploads\/2026\/02\/Kuma_dsc0218-1280x1280.webp","et-pb-image--responsive--tablet":"https:\/\/meber2026.graphoservice.it\/wp-content\/uploads\/2026\/02\/Kuma_dsc0218-980x980.webp","et-pb-image--responsive--phone":"https:\/\/meber2026.graphoservice.it\/wp-content\/uploads\/2026\/02\/Kuma_dsc0218-480x480.webp","full":"https:\/\/meber2026.graphoservice.it\/wp-content\/uploads\/2026\/02\/Kuma_dsc0218.webp"},"yoast_head":"<!-- This site is optimized with the Yoast SEO plugin v27.4 - https:\/\/yoast.com\/product\/yoast-seo-wordpress\/ -->\n<title>Kuma 668<\/title>\n<meta name=\"robots\" content=\"noindex, follow, max-snippet:-1, max-image-preview:large, max-video-preview:-1\" \/>\n<meta property=\"og:locale\" content=\"es_ES\" \/>\n<meta property=\"og:type\" content=\"article\" \/>\n<meta property=\"og:title\" content=\"Kuma 668\" \/>\n<meta property=\"og:description\" content=\"Kuma es la silla motorizada MeBer. Caracterizado por marco de aleaci\u00f3n de aluminio, bater\u00eda de iones de litio, palancas delanteras, pr\u00e1cticos reposabrazos, reposapi\u00e9s, pr\u00e1ctica manija extensible con peque\u00f1a consola adjunta para controlar las pistas y 4 ruedas (2 fijas de \u00d8200 mm\u00a0con freno y 2 giratorias de \u00d8125 mm). El motor el\u00e9ctrico acciona las v\u00edas [&hellip;]\" \/>\n<meta property=\"og:url\" content=\"https:\/\/meber2026.graphoservice.it\/es\/product\/kuma-668\/\" \/>\n<meta property=\"og:site_name\" content=\"Me.Ber.\" \/>\n<meta property=\"article:modified_time\" content=\"2026-02-10T09:29:30+00:00\" \/>\n<meta name=\"twitter:card\" content=\"summary_large_image\" \/>\n<meta name=\"twitter:label1\" content=\"Tiempo de lectura\" \/>\n\t<meta name=\"twitter:data1\" content=\"1 minuto\" \/>\n<script type=\"application\/ld+json\" class=\"yoast-schema-graph\">{\"@context\":\"https:\\\/\\\/schema.org\",\"@graph\":[{\"@type\":\"WebPage\",\"@id\":\"https:\\\/\\\/meber2026.graphoservice.it\\\/es\\\/product\\\/kuma-668\\\/\",\"url\":\"https:\\\/\\\/meber2026.graphoservice.it\\\/es\\\/product\\\/kuma-668\\\/\",\"name\":\"Kuma 668\",\"isPartOf\":{\"@id\":\"https:\\\/\\\/meber2026.graphoservice.it\\\/es\\\/#website\"},\"primaryImageOfPage\":{\"@id\":\"https:\\\/\\\/meber2026.graphoservice.it\\\/es\\\/product\\\/kuma-668\\\/#primaryimage\"},\"image\":{\"@id\":\"https:\\\/\\\/meber2026.graphoservice.it\\\/es\\\/product\\\/kuma-668\\\/#primaryimage\"},\"thumbnailUrl\":\"https:\\\/\\\/meber2026.graphoservice.it\\\/wp-content\\\/uploads\\\/2026\\\/02\\\/Kuma_dsc0218.webp\",\"datePublished\":\"2026-02-10T09:29:29+00:00\",\"dateModified\":\"2026-02-10T09:29:30+00:00\",\"breadcrumb\":{\"@id\":\"https:\\\/\\\/meber2026.graphoservice.it\\\/es\\\/product\\\/kuma-668\\\/#breadcrumb\"},\"inLanguage\":\"es\",\"potentialAction\":[{\"@type\":\"ReadAction\",\"target\":[\"https:\\\/\\\/meber2026.graphoservice.it\\\/es\\\/product\\\/kuma-668\\\/\"]}]},{\"@type\":\"ImageObject\",\"inLanguage\":\"es\",\"@id\":\"https:\\\/\\\/meber2026.graphoservice.it\\\/es\\\/product\\\/kuma-668\\\/#primaryimage\",\"url\":\"https:\\\/\\\/meber2026.graphoservice.it\\\/wp-content\\\/uploads\\\/2026\\\/02\\\/Kuma_dsc0218.webp\",\"contentUrl\":\"https:\\\/\\\/meber2026.graphoservice.it\\\/wp-content\\\/uploads\\\/2026\\\/02\\\/Kuma_dsc0218.webp\",\"width\":2000,\"height\":2000},{\"@type\":\"BreadcrumbList\",\"@id\":\"https:\\\/\\\/meber2026.graphoservice.it\\\/es\\\/product\\\/kuma-668\\\/#breadcrumb\",\"itemListElement\":[{\"@type\":\"ListItem\",\"position\":1,\"name\":\"Home\",\"item\":\"https:\\\/\\\/meber2026.graphoservice.it\\\/es\\\/\"},{\"@type\":\"ListItem\",\"position\":2,\"name\":\"Kuma 668\"}]},{\"@type\":\"WebSite\",\"@id\":\"https:\\\/\\\/meber2026.graphoservice.it\\\/es\\\/#website\",\"url\":\"https:\\\/\\\/meber2026.graphoservice.it\\\/es\\\/\",\"name\":\"Me.Ber.\",\"description\":\"In Case of Emergerncy\",\"potentialAction\":[{\"@type\":\"SearchAction\",\"target\":{\"@type\":\"EntryPoint\",\"urlTemplate\":\"https:\\\/\\\/meber2026.graphoservice.it\\\/es\\\/?s={search_term_string}\"},\"query-input\":{\"@type\":\"PropertyValueSpecification\",\"valueRequired\":true,\"valueName\":\"search_term_string\"}}],\"inLanguage\":\"es\"}]}<\/script>\n<!-- \/ Yoast SEO plugin. -->","yoast_head_json":{"title":"Kuma 668","robots":{"index":"noindex","follow":"follow","max-snippet":"max-snippet:-1","max-image-preview":"max-image-preview:large","max-video-preview":"max-video-preview:-1"},"og_locale":"es_ES","og_type":"article","og_title":"Kuma 668","og_description":"Kuma es la silla motorizada MeBer. Caracterizado por marco de aleaci\u00f3n de aluminio, bater\u00eda de iones de litio, palancas delanteras, pr\u00e1cticos reposabrazos, reposapi\u00e9s, pr\u00e1ctica manija extensible con peque\u00f1a consola adjunta para controlar las pistas y 4 ruedas (2 fijas de \u00d8200 mm\u00a0con freno y 2 giratorias de \u00d8125 mm). El motor el\u00e9ctrico acciona las v\u00edas [&hellip;]","og_url":"https:\/\/meber2026.graphoservice.it\/es\/product\/kuma-668\/","og_site_name":"Me.Ber.","article_modified_time":"2026-02-10T09:29:30+00:00","twitter_card":"summary_large_image","twitter_misc":{"Tiempo de lectura":"1 minuto"},"schema":{"@context":"https:\/\/schema.org","@graph":[{"@type":"WebPage","@id":"https:\/\/meber2026.graphoservice.it\/es\/product\/kuma-668\/","url":"https:\/\/meber2026.graphoservice.it\/es\/product\/kuma-668\/","name":"Kuma 668","isPartOf":{"@id":"https:\/\/meber2026.graphoservice.it\/es\/#website"},"primaryImageOfPage":{"@id":"https:\/\/meber2026.graphoservice.it\/es\/product\/kuma-668\/#primaryimage"},"image":{"@id":"https:\/\/meber2026.graphoservice.it\/es\/product\/kuma-668\/#primaryimage"},"thumbnailUrl":"https:\/\/meber2026.graphoservice.it\/wp-content\/uploads\/2026\/02\/Kuma_dsc0218.webp","datePublished":"2026-02-10T09:29:29+00:00","dateModified":"2026-02-10T09:29:30+00:00","breadcrumb":{"@id":"https:\/\/meber2026.graphoservice.it\/es\/product\/kuma-668\/#breadcrumb"},"inLanguage":"es","potentialAction":[{"@type":"ReadAction","target":["https:\/\/meber2026.graphoservice.it\/es\/product\/kuma-668\/"]}]},{"@type":"ImageObject","inLanguage":"es","@id":"https:\/\/meber2026.graphoservice.it\/es\/product\/kuma-668\/#primaryimage","url":"https:\/\/meber2026.graphoservice.it\/wp-content\/uploads\/2026\/02\/Kuma_dsc0218.webp","contentUrl":"https:\/\/meber2026.graphoservice.it\/wp-content\/uploads\/2026\/02\/Kuma_dsc0218.webp","width":2000,"height":2000},{"@type":"BreadcrumbList","@id":"https:\/\/meber2026.graphoservice.it\/es\/product\/kuma-668\/#breadcrumb","itemListElement":[{"@type":"ListItem","position":1,"name":"Home","item":"https:\/\/meber2026.graphoservice.it\/es\/"},{"@type":"ListItem","position":2,"name":"Kuma 668"}]},{"@type":"WebSite","@id":"https:\/\/meber2026.graphoservice.it\/es\/#website","url":"https:\/\/meber2026.graphoservice.it\/es\/","name":"Me.Ber.","description":"In Case of Emergerncy","potentialAction":[{"@type":"SearchAction","target":{"@type":"EntryPoint","urlTemplate":"https:\/\/meber2026.graphoservice.it\/es\/?s={search_term_string}"},"query-input":{"@type":"PropertyValueSpecification","valueRequired":true,"valueName":"search_term_string"}}],"inLanguage":"es"}]}},"_links":{"self":[{"href":"https:\/\/meber2026.graphoservice.it\/es\/wp-json\/wp\/v2\/product\/19936","targetHints":{"allow":["GET"]}}],"collection":[{"href":"https:\/\/meber2026.graphoservice.it\/es\/wp-json\/wp\/v2\/product"}],"about":[{"href":"https:\/\/meber2026.graphoservice.it\/es\/wp-json\/wp\/v2\/types\/product"}],"author":[{"embeddable":true,"href":"https:\/\/meber2026.graphoservice.it\/es\/wp-json\/wp\/v2\/users\/1"}],"version-history":[{"count":0,"href":"https:\/\/meber2026.graphoservice.it\/es\/wp-json\/wp\/v2\/product\/19936\/revisions"}],"wp:featuredmedia":[{"embeddable":true,"href":"https:\/\/meber2026.graphoservice.it\/es\/wp-json\/wp\/v2\/media\/24293"}],"wp:attachment":[{"href":"https:\/\/meber2026.graphoservice.it\/es\/wp-json\/wp\/v2\/media?parent=19936"}],"wp:term":[{"taxonomy":"application-tag","embeddable":true,"href":"https:\/\/meber2026.graphoservice.it\/es\/wp-json\/wp\/v2\/application-tag?post=19936"}],"curies":[{"name":"wp","href":"https:\/\/api.w.org\/{rel}","templated":true}]}}