{"id":19860,"date":"2026-02-10T09:29:21","date_gmt":"2026-02-10T09:29:21","guid":{"rendered":"https:\/\/meber2026.graphoservice.it\/product\/mercury-7077-4rg-proof\/"},"modified":"2026-02-10T09:29:21","modified_gmt":"2026-02-10T09:29:21","slug":"mercury-7077-4rg-proof","status":"publish","type":"product","link":"https:\/\/meber2026.graphoservice.it\/es\/product\/mercury-7077-4rg-proof\/","title":{"rendered":"Mercury 7077\/4RG PROOF"},"content":{"rendered":"<p>Versi\u00f3n alta de la camilla<strong>\u00a0Mercury Cinque.\u00a0<\/strong>Derivada de uno de los proyectos m\u00e1s exitosos en el sector de asistencia m\u00e9dica, sin dudas el producto Me.Ber. m\u00e1s popular: la Mercury 4RG. Mercury Cinque tiene como objetivo ampliar a\u00fan m\u00e1s las capacidades operativas del modelo original mediante la introducci\u00f3n de cinco alturas. \u00a1Mercury Cinque, sin embargo, es mucho m\u00e1s que una evoluci\u00f3n! Es la \u00fanica camilla de cinco alturas con carro frontal abatible y tambi\u00e9n la \u00fanica que garantiza una capacidad m\u00e1xima de carga de 250Kg en los cinco niveles.<br \/>\nEl muelle de gas asegura que las patas delanteras se abran en cualquier situaci\u00f3n, con y sin el paciente cargado.<\/p>\n<p> <strong><u>5 POSICIONES:<\/u><\/strong><\/p>\n<p><em>1. NIVEL DE CARGA<\/em>\u00a0&#8211; M\u00e1xima altura<br \/>\nOperaci\u00f3n de carga en el veh\u00edculo, desplazamiento en el suelo, traslado final al servicio de emergencias o quir\u00f3fano, tratamiento o triaje en el campo.<\/p>\n<p><em>2. POSICI\u00d3N ALTA &#8211;<\/em>\u00a0Recuperaci\u00f3n alta<br \/>\nAdecuada como posici\u00f3n de descanso. Altura ideal para la colocaci\u00f3n del paciente espinalizado.<\/p>\n<p><em>3. INTERMEDIA<\/em>\u00a0&#8211; Cama alta<br \/>\nAltura t\u00edpica de una cama de hospital o altura id\u00f3nea para que el paciente deambulante se siente. Altura ideal para el traslado de camilla a silla y viceversa.<\/p>\n<p><em>4. POSICI\u00d3N BAJA\u00a0<\/em>&#8211; Cama o sof\u00e1 de casa<br \/>\nAltura t\u00edpica de un sof\u00e1 o cama en una casa. Esta altura permite un f\u00e1cil traslado del paciente colaborador y simplifica el paso en camilla.<\/p>\n<p><em>5. POSICI\u00d3N BASE<\/em>\u00a0&#8211; Recuperaci\u00f3n en suelo<br \/>\nA solo 30cm del suelo permite todas las operaciones de carga convencionales, garantizando una capacidad de carga de 250kg.<\/p>\n<p>\nCaracter\u00edsticas principales:<\/p>\n<ul>\n<li>Ergonom\u00eda contra el dolor de espalda: los comandos de la camilla y la ergonom\u00eda general han sido estudiados para no sobrecargar al socorrista, sobre todo para aliviar la carga en la espalda.<\/li>\n<li>Ruedas de 200 mm: mayor comodidad para el paciente y gran seguridad para los socorristas que pueden moverse con facilidad incluso en presencia de terrenos y superficies irregulares.<\/li>\n<li>4 ruedas giratorias para maniobrar siempre en total seguridad: Mercury Cinque posee 4 ruedas giratorias. Un simple comando permite el desbloqueo de la rotaci\u00f3n de las ruedas delanteras para una m\u00e1xima maniobrabilidad.<\/li>\n<li>Decoraciones reflectantes: para mejorar la visibilidad de la camilla en el contexto de la asistencia nocturna en carretera, se han utilizado adhesivos reflectantes en varios puntos.\u00a0<\/li>\n<\/ul>\n<p>\nCompatible con el sistema de fijaci\u00f3n art. 955 Proof.<\/p>\n","protected":false},"excerpt":{"rendered":"<p>Versi\u00f3n alta de la camilla\u00a0Mercury Cinque.\u00a0Derivada de uno de los proyectos m\u00e1s exitosos en el sector de asistencia m\u00e9dica, sin dudas el producto Me.Ber. m\u00e1s popular: la Mercury 4RG. Mercury Cinque tiene como objetivo ampliar a\u00fan m\u00e1s las capacidades operativas del modelo original mediante la introducci\u00f3n de cinco alturas. \u00a1Mercury Cinque, sin embargo, es mucho [&hellip;]<\/p>\n","protected":false},"author":1,"featured_media":27233,"parent":0,"menu_order":20000600,"template":"","meta":{"_acf_changed":false,"footnotes":""},"application-tag":[],"class_list":["post-19860","product","type-product","status-publish","has-post-thumbnail","hentry"],"acf":[],"dsm_author":{"name":"admeb26","avatar_url":"https:\/\/meber2026.graphoservice.it\/wp-content\/plugins\/ultimate-member\/assets\/img\/default_avatar.jpg","archive_link":"https:\/\/meber2026.graphoservice.it\/es\/author\/admeb26\/","biodata":""},"dsm_categories":[],"dsm_attachment_categories":[],"dsm_featured_image":{"thumbnail":"https:\/\/meber2026.graphoservice.it\/wp-content\/uploads\/2026\/02\/MERCURY-Cinque-7075_4RG-PROOF-_DSC9918-150x150.webp","medium":"https:\/\/meber2026.graphoservice.it\/wp-content\/uploads\/2026\/02\/MERCURY-Cinque-7075_4RG-PROOF-_DSC9918-300x300.webp","medium_large":"https:\/\/meber2026.graphoservice.it\/wp-content\/uploads\/2026\/02\/MERCURY-Cinque-7075_4RG-PROOF-_DSC9918-768x768.webp","large":"https:\/\/meber2026.graphoservice.it\/wp-content\/uploads\/2026\/02\/MERCURY-Cinque-7075_4RG-PROOF-_DSC9918-1024x1024.webp","1536x1536":"https:\/\/meber2026.graphoservice.it\/wp-content\/uploads\/2026\/02\/MERCURY-Cinque-7075_4RG-PROOF-_DSC9918-1536x1536.webp","2048x2048":"https:\/\/meber2026.graphoservice.it\/wp-content\/uploads\/2026\/02\/MERCURY-Cinque-7075_4RG-PROOF-_DSC9918.webp","et-pb-post-main-image":"https:\/\/meber2026.graphoservice.it\/wp-content\/uploads\/2026\/02\/MERCURY-Cinque-7075_4RG-PROOF-_DSC9918-400x250.webp","et-pb-post-main-image-fullwidth":"https:\/\/meber2026.graphoservice.it\/wp-content\/uploads\/2026\/02\/MERCURY-Cinque-7075_4RG-PROOF-_DSC9918-1080x675.webp","et-pb-portfolio-image":"https:\/\/meber2026.graphoservice.it\/wp-content\/uploads\/2026\/02\/MERCURY-Cinque-7075_4RG-PROOF-_DSC9918-400x284.webp","et-pb-portfolio-module-image":"https:\/\/meber2026.graphoservice.it\/wp-content\/uploads\/2026\/02\/MERCURY-Cinque-7075_4RG-PROOF-_DSC9918-510x382.webp","et-pb-portfolio-image-single":"https:\/\/meber2026.graphoservice.it\/wp-content\/uploads\/2026\/02\/MERCURY-Cinque-7075_4RG-PROOF-_DSC9918-1080x1080.webp","et-pb-gallery-module-image-portrait":"https:\/\/meber2026.graphoservice.it\/wp-content\/uploads\/2026\/02\/MERCURY-Cinque-7075_4RG-PROOF-_DSC9918-400x516.webp","et-pb-post-main-image-fullwidth-large":"https:\/\/meber2026.graphoservice.it\/wp-content\/uploads\/2026\/02\/MERCURY-Cinque-7075_4RG-PROOF-_DSC9918-2000x1800.webp","et-pb-image--responsive--desktop":"https:\/\/meber2026.graphoservice.it\/wp-content\/uploads\/2026\/02\/MERCURY-Cinque-7075_4RG-PROOF-_DSC9918-1280x1280.webp","et-pb-image--responsive--tablet":"https:\/\/meber2026.graphoservice.it\/wp-content\/uploads\/2026\/02\/MERCURY-Cinque-7075_4RG-PROOF-_DSC9918-980x980.webp","et-pb-image--responsive--phone":"https:\/\/meber2026.graphoservice.it\/wp-content\/uploads\/2026\/02\/MERCURY-Cinque-7075_4RG-PROOF-_DSC9918-480x480.webp","full":"https:\/\/meber2026.graphoservice.it\/wp-content\/uploads\/2026\/02\/MERCURY-Cinque-7075_4RG-PROOF-_DSC9918.webp"},"yoast_head":"<!-- This site is optimized with the Yoast SEO plugin v27.4 - https:\/\/yoast.com\/product\/yoast-seo-wordpress\/ -->\n<title>Mercury 7077\/4RG PROOF<\/title>\n<meta name=\"robots\" content=\"noindex, follow, max-snippet:-1, max-image-preview:large, max-video-preview:-1\" \/>\n<meta property=\"og:locale\" content=\"es_ES\" \/>\n<meta property=\"og:type\" content=\"article\" \/>\n<meta property=\"og:title\" content=\"Mercury 7077\/4RG PROOF\" \/>\n<meta property=\"og:description\" content=\"Versi\u00f3n alta de la camilla\u00a0Mercury Cinque.\u00a0Derivada de uno de los proyectos m\u00e1s exitosos en el sector de asistencia m\u00e9dica, sin dudas el producto Me.Ber. m\u00e1s popular: la Mercury 4RG. Mercury Cinque tiene como objetivo ampliar a\u00fan m\u00e1s las capacidades operativas del modelo original mediante la introducci\u00f3n de cinco alturas. \u00a1Mercury Cinque, sin embargo, es mucho [&hellip;]\" \/>\n<meta property=\"og:url\" content=\"https:\/\/meber2026.graphoservice.it\/es\/product\/mercury-7077-4rg-proof\/\" \/>\n<meta property=\"og:site_name\" content=\"Me.Ber.\" \/>\n<meta name=\"twitter:card\" content=\"summary_large_image\" \/>\n<meta name=\"twitter:label1\" content=\"Tiempo de lectura\" \/>\n\t<meta name=\"twitter:data1\" content=\"2 minutos\" \/>\n<script type=\"application\/ld+json\" class=\"yoast-schema-graph\">{\"@context\":\"https:\\\/\\\/schema.org\",\"@graph\":[{\"@type\":\"WebPage\",\"@id\":\"https:\\\/\\\/meber2026.graphoservice.it\\\/es\\\/product\\\/mercury-7077-4rg-proof\\\/\",\"url\":\"https:\\\/\\\/meber2026.graphoservice.it\\\/es\\\/product\\\/mercury-7077-4rg-proof\\\/\",\"name\":\"Mercury 7077\\\/4RG PROOF\",\"isPartOf\":{\"@id\":\"https:\\\/\\\/meber2026.graphoservice.it\\\/es\\\/#website\"},\"primaryImageOfPage\":{\"@id\":\"https:\\\/\\\/meber2026.graphoservice.it\\\/es\\\/product\\\/mercury-7077-4rg-proof\\\/#primaryimage\"},\"image\":{\"@id\":\"https:\\\/\\\/meber2026.graphoservice.it\\\/es\\\/product\\\/mercury-7077-4rg-proof\\\/#primaryimage\"},\"thumbnailUrl\":\"https:\\\/\\\/meber2026.graphoservice.it\\\/wp-content\\\/uploads\\\/2026\\\/02\\\/MERCURY-Cinque-7075_4RG-PROOF-_DSC9918.webp\",\"datePublished\":\"2026-02-10T09:29:21+00:00\",\"breadcrumb\":{\"@id\":\"https:\\\/\\\/meber2026.graphoservice.it\\\/es\\\/product\\\/mercury-7077-4rg-proof\\\/#breadcrumb\"},\"inLanguage\":\"es\",\"potentialAction\":[{\"@type\":\"ReadAction\",\"target\":[\"https:\\\/\\\/meber2026.graphoservice.it\\\/es\\\/product\\\/mercury-7077-4rg-proof\\\/\"]}]},{\"@type\":\"ImageObject\",\"inLanguage\":\"es\",\"@id\":\"https:\\\/\\\/meber2026.graphoservice.it\\\/es\\\/product\\\/mercury-7077-4rg-proof\\\/#primaryimage\",\"url\":\"https:\\\/\\\/meber2026.graphoservice.it\\\/wp-content\\\/uploads\\\/2026\\\/02\\\/MERCURY-Cinque-7075_4RG-PROOF-_DSC9918.webp\",\"contentUrl\":\"https:\\\/\\\/meber2026.graphoservice.it\\\/wp-content\\\/uploads\\\/2026\\\/02\\\/MERCURY-Cinque-7075_4RG-PROOF-_DSC9918.webp\",\"width\":2000,\"height\":2000},{\"@type\":\"BreadcrumbList\",\"@id\":\"https:\\\/\\\/meber2026.graphoservice.it\\\/es\\\/product\\\/mercury-7077-4rg-proof\\\/#breadcrumb\",\"itemListElement\":[{\"@type\":\"ListItem\",\"position\":1,\"name\":\"Home\",\"item\":\"https:\\\/\\\/meber2026.graphoservice.it\\\/es\\\/\"},{\"@type\":\"ListItem\",\"position\":2,\"name\":\"Mercury 7077\\\/4RG PROOF\"}]},{\"@type\":\"WebSite\",\"@id\":\"https:\\\/\\\/meber2026.graphoservice.it\\\/es\\\/#website\",\"url\":\"https:\\\/\\\/meber2026.graphoservice.it\\\/es\\\/\",\"name\":\"Me.Ber.\",\"description\":\"In Case of Emergerncy\",\"potentialAction\":[{\"@type\":\"SearchAction\",\"target\":{\"@type\":\"EntryPoint\",\"urlTemplate\":\"https:\\\/\\\/meber2026.graphoservice.it\\\/es\\\/?s={search_term_string}\"},\"query-input\":{\"@type\":\"PropertyValueSpecification\",\"valueRequired\":true,\"valueName\":\"search_term_string\"}}],\"inLanguage\":\"es\"}]}<\/script>\n<!-- \/ Yoast SEO plugin. -->","yoast_head_json":{"title":"Mercury 7077\/4RG PROOF","robots":{"index":"noindex","follow":"follow","max-snippet":"max-snippet:-1","max-image-preview":"max-image-preview:large","max-video-preview":"max-video-preview:-1"},"og_locale":"es_ES","og_type":"article","og_title":"Mercury 7077\/4RG PROOF","og_description":"Versi\u00f3n alta de la camilla\u00a0Mercury Cinque.\u00a0Derivada de uno de los proyectos m\u00e1s exitosos en el sector de asistencia m\u00e9dica, sin dudas el producto Me.Ber. m\u00e1s popular: la Mercury 4RG. Mercury Cinque tiene como objetivo ampliar a\u00fan m\u00e1s las capacidades operativas del modelo original mediante la introducci\u00f3n de cinco alturas. \u00a1Mercury Cinque, sin embargo, es mucho [&hellip;]","og_url":"https:\/\/meber2026.graphoservice.it\/es\/product\/mercury-7077-4rg-proof\/","og_site_name":"Me.Ber.","twitter_card":"summary_large_image","twitter_misc":{"Tiempo de lectura":"2 minutos"},"schema":{"@context":"https:\/\/schema.org","@graph":[{"@type":"WebPage","@id":"https:\/\/meber2026.graphoservice.it\/es\/product\/mercury-7077-4rg-proof\/","url":"https:\/\/meber2026.graphoservice.it\/es\/product\/mercury-7077-4rg-proof\/","name":"Mercury 7077\/4RG PROOF","isPartOf":{"@id":"https:\/\/meber2026.graphoservice.it\/es\/#website"},"primaryImageOfPage":{"@id":"https:\/\/meber2026.graphoservice.it\/es\/product\/mercury-7077-4rg-proof\/#primaryimage"},"image":{"@id":"https:\/\/meber2026.graphoservice.it\/es\/product\/mercury-7077-4rg-proof\/#primaryimage"},"thumbnailUrl":"https:\/\/meber2026.graphoservice.it\/wp-content\/uploads\/2026\/02\/MERCURY-Cinque-7075_4RG-PROOF-_DSC9918.webp","datePublished":"2026-02-10T09:29:21+00:00","breadcrumb":{"@id":"https:\/\/meber2026.graphoservice.it\/es\/product\/mercury-7077-4rg-proof\/#breadcrumb"},"inLanguage":"es","potentialAction":[{"@type":"ReadAction","target":["https:\/\/meber2026.graphoservice.it\/es\/product\/mercury-7077-4rg-proof\/"]}]},{"@type":"ImageObject","inLanguage":"es","@id":"https:\/\/meber2026.graphoservice.it\/es\/product\/mercury-7077-4rg-proof\/#primaryimage","url":"https:\/\/meber2026.graphoservice.it\/wp-content\/uploads\/2026\/02\/MERCURY-Cinque-7075_4RG-PROOF-_DSC9918.webp","contentUrl":"https:\/\/meber2026.graphoservice.it\/wp-content\/uploads\/2026\/02\/MERCURY-Cinque-7075_4RG-PROOF-_DSC9918.webp","width":2000,"height":2000},{"@type":"BreadcrumbList","@id":"https:\/\/meber2026.graphoservice.it\/es\/product\/mercury-7077-4rg-proof\/#breadcrumb","itemListElement":[{"@type":"ListItem","position":1,"name":"Home","item":"https:\/\/meber2026.graphoservice.it\/es\/"},{"@type":"ListItem","position":2,"name":"Mercury 7077\/4RG PROOF"}]},{"@type":"WebSite","@id":"https:\/\/meber2026.graphoservice.it\/es\/#website","url":"https:\/\/meber2026.graphoservice.it\/es\/","name":"Me.Ber.","description":"In Case of Emergerncy","potentialAction":[{"@type":"SearchAction","target":{"@type":"EntryPoint","urlTemplate":"https:\/\/meber2026.graphoservice.it\/es\/?s={search_term_string}"},"query-input":{"@type":"PropertyValueSpecification","valueRequired":true,"valueName":"search_term_string"}}],"inLanguage":"es"}]}},"_links":{"self":[{"href":"https:\/\/meber2026.graphoservice.it\/es\/wp-json\/wp\/v2\/product\/19860","targetHints":{"allow":["GET"]}}],"collection":[{"href":"https:\/\/meber2026.graphoservice.it\/es\/wp-json\/wp\/v2\/product"}],"about":[{"href":"https:\/\/meber2026.graphoservice.it\/es\/wp-json\/wp\/v2\/types\/product"}],"author":[{"embeddable":true,"href":"https:\/\/meber2026.graphoservice.it\/es\/wp-json\/wp\/v2\/users\/1"}],"version-history":[{"count":0,"href":"https:\/\/meber2026.graphoservice.it\/es\/wp-json\/wp\/v2\/product\/19860\/revisions"}],"wp:featuredmedia":[{"embeddable":true,"href":"https:\/\/meber2026.graphoservice.it\/es\/wp-json\/wp\/v2\/media\/27233"}],"wp:attachment":[{"href":"https:\/\/meber2026.graphoservice.it\/es\/wp-json\/wp\/v2\/media?parent=19860"}],"wp:term":[{"taxonomy":"application-tag","embeddable":true,"href":"https:\/\/meber2026.graphoservice.it\/es\/wp-json\/wp\/v2\/application-tag?post=19860"}],"curies":[{"name":"wp","href":"https:\/\/api.w.org\/{rel}","templated":true}]}}