{"id":19850,"date":"2026-02-10T09:29:18","date_gmt":"2026-02-10T09:29:18","guid":{"rendered":"https:\/\/meber2026.graphoservice.it\/product\/extra-670-br\/"},"modified":"2026-02-10T09:29:19","modified_gmt":"2026-02-10T09:29:19","slug":"extra-670-br","status":"publish","type":"product","link":"https:\/\/meber2026.graphoservice.it\/es\/product\/extra-670-br\/","title":{"rendered":"Extra 670\/BR"},"content":{"rendered":"<p style=\"\">EXTRA es la silla de evacuaci\u00f3n Me.Ber. con dispositivo de orugas salvaescaleras. Fabricada \u00edntegramente con aleaciones especiales de aluminio.\u00a0La inclinaci\u00f3n del respaldo, las manijas traseras y la particular configuraci\u00f3n de las palancas delanteras garantizan una distribuci\u00f3n perfecta del peso, aliviando los esfuerzos de los operadores. Orugas largas de alto agarre permiten el apoyo de la silla en tres pasos, lo que le da a EXTRA una extraordinaria seguridad y manejabilidad durante el descenso con el paciente sentado. Durante el transporte en llano, las ruedas traseras de 200 mm y las ruedas delanteras de 125 mm tambi\u00e9n garantizan una excelente comodidad y maniobrabilidad. El equipo con dos pr\u00e1cticos reposabrazos y un asa telesc\u00f3pica trasera revestida con funda acolchada maximiza la comodidad y la maniobrabilidad. El reposapi\u00e9s plegable con bloqueo magn\u00e9tico y soluciones biomec\u00e1nicas innovadoras, en comparaci\u00f3n con las sillas convencionales, completan las caracter\u00edsticas de este art\u00edculo para rescate. Disponible la versi\u00f3n con freno en las ruedas traseras, como opci\u00f3n.\u00a0<\/p>\n<p><strong><img decoding=\"async\" alt=\"\" src=\"\/adm\/Images\/contents\/10G Logo 2019_def.png\" style=\"width: 80px; height: 74px;\" \/><\/strong><\/p>\n<p style=\"\"><strong><span style=\"\">Dispositivo certificado seg\u00fan los est\u00e1ndares armonizados europeos de seguridad UNI EN 1865 &#8211; UNI EN 1789.<\/span><\/strong><\/p>\n<p>\nSILLA DE EVACUACI\u00d3N SALVAESCALERAS ASISTIDA<\/p>\n<p>\u00a0<\/p>\n<p><iframe referrerpolicy=\"strict-origin-when-cross-origin\" loading=\"lazy\" allow=\"accelerometer; autoplay; encrypted-media; gyroscope; picture-in-picture\" allowfullscreen=\"\" frameborder=\"0\" height=\"315\" src=\"https:\/\/www.youtube.com\/embed\/coJE0zsCtj4?origin=https%3A%2F%2Fmeber2026.graphoservice.it%2Fes%2F\" width=\"360\"><\/iframe><\/p>\n<p>\u00a0<\/p>\n<p><iframe referrerpolicy=\"strict-origin-when-cross-origin\" loading=\"lazy\" allow=\"accelerometer; autoplay; encrypted-media; gyroscope; picture-in-picture\" allowfullscreen=\"\" frameborder=\"0\" height=\"315\" src=\"https:\/\/www.youtube.com\/embed\/NVCMZ-L4axc?origin=https%3A%2F%2Fmeber2026.graphoservice.it%2Fes%2F\" width=\"360\"><\/iframe><\/p>\n","protected":false},"excerpt":{"rendered":"<p>EXTRA es la silla de evacuaci\u00f3n Me.Ber. con dispositivo de orugas salvaescaleras. Fabricada \u00edntegramente con aleaciones especiales de aluminio.\u00a0La inclinaci\u00f3n del respaldo, las manijas traseras y la particular configuraci\u00f3n de las palancas delanteras garantizan una distribuci\u00f3n perfecta del peso, aliviando los esfuerzos de los operadores. Orugas largas de alto agarre permiten el apoyo de la [&hellip;]<\/p>\n","protected":false},"author":1,"featured_media":16888,"parent":0,"menu_order":30000100,"template":"","meta":{"_acf_changed":false,"footnotes":""},"application-tag":[],"class_list":["post-19850","product","type-product","status-publish","has-post-thumbnail","hentry"],"acf":[],"dsm_author":{"name":"admeb26","avatar_url":"https:\/\/meber2026.graphoservice.it\/wp-content\/plugins\/ultimate-member\/assets\/img\/default_avatar.jpg","archive_link":"https:\/\/meber2026.graphoservice.it\/es\/author\/admeb26\/","biodata":""},"dsm_categories":[],"dsm_attachment_categories":[],"dsm_featured_image":{"thumbnail":"https:\/\/meber2026.graphoservice.it\/wp-content\/uploads\/2026\/02\/Extra_maniglione_chiuso-150x150.jpg","medium":"https:\/\/meber2026.graphoservice.it\/wp-content\/uploads\/2026\/02\/Extra_maniglione_chiuso-278x300.jpg","medium_large":"https:\/\/meber2026.graphoservice.it\/wp-content\/uploads\/2026\/02\/Extra_maniglione_chiuso.jpg","large":"https:\/\/meber2026.graphoservice.it\/wp-content\/uploads\/2026\/02\/Extra_maniglione_chiuso.jpg","1536x1536":"https:\/\/meber2026.graphoservice.it\/wp-content\/uploads\/2026\/02\/Extra_maniglione_chiuso.jpg","2048x2048":"https:\/\/meber2026.graphoservice.it\/wp-content\/uploads\/2026\/02\/Extra_maniglione_chiuso.jpg","et-pb-post-main-image":"https:\/\/meber2026.graphoservice.it\/wp-content\/uploads\/2026\/02\/Extra_maniglione_chiuso-400x250.jpg","et-pb-post-main-image-fullwidth":"https:\/\/meber2026.graphoservice.it\/wp-content\/uploads\/2026\/02\/Extra_maniglione_chiuso-722x675.jpg","et-pb-portfolio-image":"https:\/\/meber2026.graphoservice.it\/wp-content\/uploads\/2026\/02\/Extra_maniglione_chiuso-400x284.jpg","et-pb-portfolio-module-image":"https:\/\/meber2026.graphoservice.it\/wp-content\/uploads\/2026\/02\/Extra_maniglione_chiuso-510x382.jpg","et-pb-portfolio-image-single":"https:\/\/meber2026.graphoservice.it\/wp-content\/uploads\/2026\/02\/Extra_maniglione_chiuso.jpg","et-pb-gallery-module-image-portrait":"https:\/\/meber2026.graphoservice.it\/wp-content\/uploads\/2026\/02\/Extra_maniglione_chiuso-400x516.jpg","et-pb-post-main-image-fullwidth-large":"https:\/\/meber2026.graphoservice.it\/wp-content\/uploads\/2026\/02\/Extra_maniglione_chiuso.jpg","et-pb-image--responsive--desktop":"https:\/\/meber2026.graphoservice.it\/wp-content\/uploads\/2026\/02\/Extra_maniglione_chiuso.jpg","et-pb-image--responsive--tablet":"https:\/\/meber2026.graphoservice.it\/wp-content\/uploads\/2026\/02\/Extra_maniglione_chiuso.jpg","et-pb-image--responsive--phone":"https:\/\/meber2026.graphoservice.it\/wp-content\/uploads\/2026\/02\/Extra_maniglione_chiuso-480x519.jpg","full":"https:\/\/meber2026.graphoservice.it\/wp-content\/uploads\/2026\/02\/Extra_maniglione_chiuso.jpg"},"yoast_head":"<!-- This site is optimized with the Yoast SEO plugin v27.4 - https:\/\/yoast.com\/product\/yoast-seo-wordpress\/ -->\n<title>Silla salvaescaleras Extra 670\/BR<\/title>\n<meta name=\"description\" content=\"Silla de evacuaci\u00f3n salvaescaleras asistida con dispositivo de orugas y reposabrazos. M\u00e1xima seguridad para operadores y pacientes.\" \/>\n<meta name=\"robots\" content=\"noindex, follow, max-snippet:-1, max-image-preview:large, max-video-preview:-1\" \/>\n<meta property=\"og:locale\" content=\"es_ES\" \/>\n<meta property=\"og:type\" content=\"article\" \/>\n<meta property=\"og:title\" content=\"Silla salvaescaleras Extra 670\/BR\" \/>\n<meta property=\"og:description\" content=\"Silla de evacuaci\u00f3n salvaescaleras asistida con dispositivo de orugas y reposabrazos. M\u00e1xima seguridad para operadores y pacientes.\" \/>\n<meta property=\"og:url\" content=\"https:\/\/meber2026.graphoservice.it\/es\/product\/extra-670-br\/\" \/>\n<meta property=\"og:site_name\" content=\"Me.Ber.\" \/>\n<meta property=\"article:modified_time\" content=\"2026-02-10T09:29:19+00:00\" \/>\n<meta name=\"twitter:card\" content=\"summary_large_image\" \/>\n<meta name=\"twitter:label1\" content=\"Tiempo de lectura\" \/>\n\t<meta name=\"twitter:data1\" content=\"1 minuto\" \/>\n<script type=\"application\/ld+json\" class=\"yoast-schema-graph\">{\"@context\":\"https:\\\/\\\/schema.org\",\"@graph\":[{\"@type\":\"WebPage\",\"@id\":\"https:\\\/\\\/meber2026.graphoservice.it\\\/es\\\/product\\\/extra-670-br\\\/\",\"url\":\"https:\\\/\\\/meber2026.graphoservice.it\\\/es\\\/product\\\/extra-670-br\\\/\",\"name\":\"Silla salvaescaleras Extra 670\\\/BR\",\"isPartOf\":{\"@id\":\"https:\\\/\\\/meber2026.graphoservice.it\\\/es\\\/#website\"},\"primaryImageOfPage\":{\"@id\":\"https:\\\/\\\/meber2026.graphoservice.it\\\/es\\\/product\\\/extra-670-br\\\/#primaryimage\"},\"image\":{\"@id\":\"https:\\\/\\\/meber2026.graphoservice.it\\\/es\\\/product\\\/extra-670-br\\\/#primaryimage\"},\"thumbnailUrl\":\"https:\\\/\\\/meber2026.graphoservice.it\\\/wp-content\\\/uploads\\\/2026\\\/02\\\/Extra_maniglione_chiuso.jpg\",\"datePublished\":\"2026-02-10T09:29:18+00:00\",\"dateModified\":\"2026-02-10T09:29:19+00:00\",\"description\":\"Silla de evacuaci\u00f3n salvaescaleras asistida con dispositivo de orugas y reposabrazos. M\u00e1xima seguridad para operadores y pacientes.\",\"breadcrumb\":{\"@id\":\"https:\\\/\\\/meber2026.graphoservice.it\\\/es\\\/product\\\/extra-670-br\\\/#breadcrumb\"},\"inLanguage\":\"es\",\"potentialAction\":[{\"@type\":\"ReadAction\",\"target\":[\"https:\\\/\\\/meber2026.graphoservice.it\\\/es\\\/product\\\/extra-670-br\\\/\"]}]},{\"@type\":\"ImageObject\",\"inLanguage\":\"es\",\"@id\":\"https:\\\/\\\/meber2026.graphoservice.it\\\/es\\\/product\\\/extra-670-br\\\/#primaryimage\",\"url\":\"https:\\\/\\\/meber2026.graphoservice.it\\\/wp-content\\\/uploads\\\/2026\\\/02\\\/Extra_maniglione_chiuso.jpg\",\"contentUrl\":\"https:\\\/\\\/meber2026.graphoservice.it\\\/wp-content\\\/uploads\\\/2026\\\/02\\\/Extra_maniglione_chiuso.jpg\",\"width\":722,\"height\":780},{\"@type\":\"BreadcrumbList\",\"@id\":\"https:\\\/\\\/meber2026.graphoservice.it\\\/es\\\/product\\\/extra-670-br\\\/#breadcrumb\",\"itemListElement\":[{\"@type\":\"ListItem\",\"position\":1,\"name\":\"Home\",\"item\":\"https:\\\/\\\/meber2026.graphoservice.it\\\/es\\\/\"},{\"@type\":\"ListItem\",\"position\":2,\"name\":\"Extra 670\\\/BR\"}]},{\"@type\":\"WebSite\",\"@id\":\"https:\\\/\\\/meber2026.graphoservice.it\\\/es\\\/#website\",\"url\":\"https:\\\/\\\/meber2026.graphoservice.it\\\/es\\\/\",\"name\":\"Me.Ber.\",\"description\":\"In Case of Emergerncy\",\"potentialAction\":[{\"@type\":\"SearchAction\",\"target\":{\"@type\":\"EntryPoint\",\"urlTemplate\":\"https:\\\/\\\/meber2026.graphoservice.it\\\/es\\\/?s={search_term_string}\"},\"query-input\":{\"@type\":\"PropertyValueSpecification\",\"valueRequired\":true,\"valueName\":\"search_term_string\"}}],\"inLanguage\":\"es\"}]}<\/script>\n<!-- \/ Yoast SEO plugin. -->","yoast_head_json":{"title":"Silla salvaescaleras Extra 670\/BR","description":"Silla de evacuaci\u00f3n salvaescaleras asistida con dispositivo de orugas y reposabrazos. M\u00e1xima seguridad para operadores y pacientes.","robots":{"index":"noindex","follow":"follow","max-snippet":"max-snippet:-1","max-image-preview":"max-image-preview:large","max-video-preview":"max-video-preview:-1"},"og_locale":"es_ES","og_type":"article","og_title":"Silla salvaescaleras Extra 670\/BR","og_description":"Silla de evacuaci\u00f3n salvaescaleras asistida con dispositivo de orugas y reposabrazos. M\u00e1xima seguridad para operadores y pacientes.","og_url":"https:\/\/meber2026.graphoservice.it\/es\/product\/extra-670-br\/","og_site_name":"Me.Ber.","article_modified_time":"2026-02-10T09:29:19+00:00","twitter_card":"summary_large_image","twitter_misc":{"Tiempo de lectura":"1 minuto"},"schema":{"@context":"https:\/\/schema.org","@graph":[{"@type":"WebPage","@id":"https:\/\/meber2026.graphoservice.it\/es\/product\/extra-670-br\/","url":"https:\/\/meber2026.graphoservice.it\/es\/product\/extra-670-br\/","name":"Silla salvaescaleras Extra 670\/BR","isPartOf":{"@id":"https:\/\/meber2026.graphoservice.it\/es\/#website"},"primaryImageOfPage":{"@id":"https:\/\/meber2026.graphoservice.it\/es\/product\/extra-670-br\/#primaryimage"},"image":{"@id":"https:\/\/meber2026.graphoservice.it\/es\/product\/extra-670-br\/#primaryimage"},"thumbnailUrl":"https:\/\/meber2026.graphoservice.it\/wp-content\/uploads\/2026\/02\/Extra_maniglione_chiuso.jpg","datePublished":"2026-02-10T09:29:18+00:00","dateModified":"2026-02-10T09:29:19+00:00","description":"Silla de evacuaci\u00f3n salvaescaleras asistida con dispositivo de orugas y reposabrazos. M\u00e1xima seguridad para operadores y pacientes.","breadcrumb":{"@id":"https:\/\/meber2026.graphoservice.it\/es\/product\/extra-670-br\/#breadcrumb"},"inLanguage":"es","potentialAction":[{"@type":"ReadAction","target":["https:\/\/meber2026.graphoservice.it\/es\/product\/extra-670-br\/"]}]},{"@type":"ImageObject","inLanguage":"es","@id":"https:\/\/meber2026.graphoservice.it\/es\/product\/extra-670-br\/#primaryimage","url":"https:\/\/meber2026.graphoservice.it\/wp-content\/uploads\/2026\/02\/Extra_maniglione_chiuso.jpg","contentUrl":"https:\/\/meber2026.graphoservice.it\/wp-content\/uploads\/2026\/02\/Extra_maniglione_chiuso.jpg","width":722,"height":780},{"@type":"BreadcrumbList","@id":"https:\/\/meber2026.graphoservice.it\/es\/product\/extra-670-br\/#breadcrumb","itemListElement":[{"@type":"ListItem","position":1,"name":"Home","item":"https:\/\/meber2026.graphoservice.it\/es\/"},{"@type":"ListItem","position":2,"name":"Extra 670\/BR"}]},{"@type":"WebSite","@id":"https:\/\/meber2026.graphoservice.it\/es\/#website","url":"https:\/\/meber2026.graphoservice.it\/es\/","name":"Me.Ber.","description":"In Case of Emergerncy","potentialAction":[{"@type":"SearchAction","target":{"@type":"EntryPoint","urlTemplate":"https:\/\/meber2026.graphoservice.it\/es\/?s={search_term_string}"},"query-input":{"@type":"PropertyValueSpecification","valueRequired":true,"valueName":"search_term_string"}}],"inLanguage":"es"}]}},"_links":{"self":[{"href":"https:\/\/meber2026.graphoservice.it\/es\/wp-json\/wp\/v2\/product\/19850","targetHints":{"allow":["GET"]}}],"collection":[{"href":"https:\/\/meber2026.graphoservice.it\/es\/wp-json\/wp\/v2\/product"}],"about":[{"href":"https:\/\/meber2026.graphoservice.it\/es\/wp-json\/wp\/v2\/types\/product"}],"author":[{"embeddable":true,"href":"https:\/\/meber2026.graphoservice.it\/es\/wp-json\/wp\/v2\/users\/1"}],"version-history":[{"count":0,"href":"https:\/\/meber2026.graphoservice.it\/es\/wp-json\/wp\/v2\/product\/19850\/revisions"}],"wp:featuredmedia":[{"embeddable":true,"href":"https:\/\/meber2026.graphoservice.it\/es\/wp-json\/wp\/v2\/media\/16888"}],"wp:attachment":[{"href":"https:\/\/meber2026.graphoservice.it\/es\/wp-json\/wp\/v2\/media?parent=19850"}],"wp:term":[{"taxonomy":"application-tag","embeddable":true,"href":"https:\/\/meber2026.graphoservice.it\/es\/wp-json\/wp\/v2\/application-tag?post=19850"}],"curies":[{"name":"wp","href":"https:\/\/api.w.org\/{rel}","templated":true}]}}