{"id":19755,"date":"2026-02-10T09:29:06","date_gmt":"2026-02-10T09:29:06","guid":{"rendered":"https:\/\/meber2026.graphoservice.it\/product\/camilla-fija-1515-proof\/"},"modified":"2026-02-10T09:29:07","modified_gmt":"2026-02-10T09:29:07","slug":"camilla-fija-1515-proof","status":"publish","type":"product","link":"https:\/\/meber2026.graphoservice.it\/es\/product\/camilla-fija-1515-proof\/","title":{"rendered":"Camilla fija 1515 PROOF"},"content":{"rendered":"<p style=\"\">Camilla fija de aluminio anodizado con plataforma y respaldo r\u00edgido en termopl\u00e1stico reforzado, resistente y f\u00e1cil de limpiar. Posibilidad de asumir las posiciones Trendelenburg y Fowler. Puede ser usada en nuestro carros de carga autom\u00e1tica (918, 918PROOF, TITANUS) o bien como camilla manual.<br \/>\n\u00a0<\/p>\n<div style=\"float:none; clear:both; background-color:#efefef; padding:48px;overflow:auto;\">\n<h4 style=\"border-bottom: solid 1px #555555; margin-bottom:32px\">Disponible en la versi\u00f3n con antivibraci\u00f3n (sin Trendelenburg y sin Fowler)<\/h4>\n<div style=\"\"><img decoding=\"async\" alt=\"\" class=\"img-responsive\" src=\"\/adm\/Images\/contents\/ammortizzatori\/Animazione-assorbimento-vibrazioni-1515.gif\" style=\"margin-bottom:40px;  float: none;\" \/><\/p>\n<p style=\"\">El elemento amortiguador de vibraciones de la camilla est\u00e1 formado por seis soportes antivibratorios de caucho natural que contribuyen a la reducci\u00f3n de cualquier estr\u00e9s en la camilla tanto cuando se utiliza en el carro como especialmente durante el transporte en ambulancia.<br \/>\n<em><strong>\u00a0<\/strong><\/em><\/p>\n<\/div>\n<div style=\"float:left; padding-left:16px\"><em><strong>\u00a0<\/strong><\/em><\/div>\n<div style=\"margin-top:24px;\"><iframe referrerpolicy=\"strict-origin-when-cross-origin\" loading=\"lazy\" allow=\"accelerometer; autoplay; clipboard-write; encrypted-media; gyroscope; picture-in-picture\" allowfullscreen=\"\" frameborder=\"0\" height=\"423\" src=\"https:\/\/www.youtube.com\/embed\/0YLMJK6JYBw?origin=https%3A%2F%2Fmeber2026.graphoservice.it%2Fes%2F\" title=\"YouTube video player\" width=\"752\"><\/iframe><\/div>\n<p>\u00a0<\/p>\n<p>\u00a0<\/p>\n<\/div>\n<p>\u00a0<\/p>\n<ul>\n<li style=\"\">4 Asas desmontables y ajustables<\/li>\n<li style=\"\">4 ruedas de 100mm de di\u00e1metro<\/li>\n<li style=\"\">Respaldo reclinable<\/li>\n<li style=\"\">con cinturones (art. 604\/MEB)<\/li>\n<li style=\"\">Barandillas abatibles<\/li>\n<li style=\"\">\u00a0<\/li>\n<\/ul>\n<p style=\"\"><img loading=\"lazy\" decoding=\"async\" alt=\"\" height=\"88\" src=\"https:\/\/www.meber.it\/adm\/Images\/contents\/10G Logo 2019_def.png\" width=\"80\" \/>\u00a0<\/p>\n<p style=\"\"><b>Dispositivo certificado seg\u00fan normas armonizadas de seguridad UNI EN 1865 &#8211; UNI EN 1789<\/b><\/p>\n","protected":false},"excerpt":{"rendered":"<p>Camilla fija de aluminio anodizado con plataforma y respaldo r\u00edgido en termopl\u00e1stico reforzado, resistente y f\u00e1cil de limpiar. Posibilidad de asumir las posiciones Trendelenburg y Fowler. Puede ser usada en nuestro carros de carga autom\u00e1tica (918, 918PROOF, TITANUS) o bien como camilla manual. \u00a0 Disponible en la versi\u00f3n con antivibraci\u00f3n (sin Trendelenburg y sin Fowler) [&hellip;]<\/p>\n","protected":false},"author":1,"featured_media":26469,"parent":0,"menu_order":10002200,"template":"","meta":{"_acf_changed":false,"footnotes":""},"application-tag":[],"class_list":["post-19755","product","type-product","status-publish","has-post-thumbnail","hentry"],"acf":[],"dsm_author":{"name":"admeb26","avatar_url":"https:\/\/meber2026.graphoservice.it\/wp-content\/plugins\/ultimate-member\/assets\/img\/default_avatar.jpg","archive_link":"https:\/\/meber2026.graphoservice.it\/es\/author\/admeb26\/","biodata":""},"dsm_categories":[],"dsm_attachment_categories":[],"dsm_featured_image":{"thumbnail":"https:\/\/meber2026.graphoservice.it\/wp-content\/uploads\/2026\/02\/1515-barella-fissa-150x150.webp","medium":"https:\/\/meber2026.graphoservice.it\/wp-content\/uploads\/2026\/02\/1515-barella-fissa-300x300.webp","medium_large":"https:\/\/meber2026.graphoservice.it\/wp-content\/uploads\/2026\/02\/1515-barella-fissa-768x768.webp","large":"https:\/\/meber2026.graphoservice.it\/wp-content\/uploads\/2026\/02\/1515-barella-fissa-1024x1024.webp","1536x1536":"https:\/\/meber2026.graphoservice.it\/wp-content\/uploads\/2026\/02\/1515-barella-fissa-1536x1536.webp","2048x2048":"https:\/\/meber2026.graphoservice.it\/wp-content\/uploads\/2026\/02\/1515-barella-fissa.webp","et-pb-post-main-image":"https:\/\/meber2026.graphoservice.it\/wp-content\/uploads\/2026\/02\/1515-barella-fissa-400x250.webp","et-pb-post-main-image-fullwidth":"https:\/\/meber2026.graphoservice.it\/wp-content\/uploads\/2026\/02\/1515-barella-fissa-1080x675.webp","et-pb-portfolio-image":"https:\/\/meber2026.graphoservice.it\/wp-content\/uploads\/2026\/02\/1515-barella-fissa-400x284.webp","et-pb-portfolio-module-image":"https:\/\/meber2026.graphoservice.it\/wp-content\/uploads\/2026\/02\/1515-barella-fissa-510x382.webp","et-pb-portfolio-image-single":"https:\/\/meber2026.graphoservice.it\/wp-content\/uploads\/2026\/02\/1515-barella-fissa-1080x1080.webp","et-pb-gallery-module-image-portrait":"https:\/\/meber2026.graphoservice.it\/wp-content\/uploads\/2026\/02\/1515-barella-fissa-400x516.webp","et-pb-post-main-image-fullwidth-large":"https:\/\/meber2026.graphoservice.it\/wp-content\/uploads\/2026\/02\/1515-barella-fissa-2000x1800.webp","et-pb-image--responsive--desktop":"https:\/\/meber2026.graphoservice.it\/wp-content\/uploads\/2026\/02\/1515-barella-fissa-1280x1280.webp","et-pb-image--responsive--tablet":"https:\/\/meber2026.graphoservice.it\/wp-content\/uploads\/2026\/02\/1515-barella-fissa-980x980.webp","et-pb-image--responsive--phone":"https:\/\/meber2026.graphoservice.it\/wp-content\/uploads\/2026\/02\/1515-barella-fissa-480x480.webp","full":"https:\/\/meber2026.graphoservice.it\/wp-content\/uploads\/2026\/02\/1515-barella-fissa.webp"},"yoast_head":"<!-- This site is optimized with the Yoast SEO plugin v27.4 - https:\/\/yoast.com\/product\/yoast-seo-wordpress\/ -->\n<title>Camilla fija 1515 proof<\/title>\n<meta name=\"description\" content=\"Camilla fija construida en aluminio con cama plataforma y respaldo r\u00edgido en termopl\u00e1stico reforzado. Posibilidad de asumir las posiciones Trendelenburg y Fowler.\" \/>\n<meta name=\"robots\" content=\"noindex, follow, max-snippet:-1, max-image-preview:large, max-video-preview:-1\" \/>\n<meta property=\"og:locale\" content=\"es_ES\" \/>\n<meta property=\"og:type\" content=\"article\" \/>\n<meta property=\"og:title\" content=\"Camilla fija 1515 proof\" \/>\n<meta property=\"og:description\" content=\"Camilla fija construida en aluminio con cama plataforma y respaldo r\u00edgido en termopl\u00e1stico reforzado. Posibilidad de asumir las posiciones Trendelenburg y Fowler.\" \/>\n<meta property=\"og:url\" content=\"https:\/\/meber2026.graphoservice.it\/es\/product\/camilla-fija-1515-proof\/\" \/>\n<meta property=\"og:site_name\" content=\"Me.Ber.\" \/>\n<meta property=\"article:modified_time\" content=\"2026-02-10T09:29:07+00:00\" \/>\n<meta name=\"twitter:card\" content=\"summary_large_image\" \/>\n<meta name=\"twitter:label1\" content=\"Tiempo de lectura\" \/>\n\t<meta name=\"twitter:data1\" content=\"1 minuto\" \/>\n<script type=\"application\/ld+json\" class=\"yoast-schema-graph\">{\"@context\":\"https:\\\/\\\/schema.org\",\"@graph\":[{\"@type\":\"WebPage\",\"@id\":\"https:\\\/\\\/meber2026.graphoservice.it\\\/es\\\/product\\\/camilla-fija-1515-proof\\\/\",\"url\":\"https:\\\/\\\/meber2026.graphoservice.it\\\/es\\\/product\\\/camilla-fija-1515-proof\\\/\",\"name\":\"Camilla fija 1515 proof\",\"isPartOf\":{\"@id\":\"https:\\\/\\\/meber2026.graphoservice.it\\\/es\\\/#website\"},\"primaryImageOfPage\":{\"@id\":\"https:\\\/\\\/meber2026.graphoservice.it\\\/es\\\/product\\\/camilla-fija-1515-proof\\\/#primaryimage\"},\"image\":{\"@id\":\"https:\\\/\\\/meber2026.graphoservice.it\\\/es\\\/product\\\/camilla-fija-1515-proof\\\/#primaryimage\"},\"thumbnailUrl\":\"https:\\\/\\\/meber2026.graphoservice.it\\\/wp-content\\\/uploads\\\/2026\\\/02\\\/1515-barella-fissa.webp\",\"datePublished\":\"2026-02-10T09:29:06+00:00\",\"dateModified\":\"2026-02-10T09:29:07+00:00\",\"description\":\"Camilla fija construida en aluminio con cama plataforma y respaldo r\u00edgido en termopl\u00e1stico reforzado. Posibilidad de asumir las posiciones Trendelenburg y Fowler.\",\"breadcrumb\":{\"@id\":\"https:\\\/\\\/meber2026.graphoservice.it\\\/es\\\/product\\\/camilla-fija-1515-proof\\\/#breadcrumb\"},\"inLanguage\":\"es\",\"potentialAction\":[{\"@type\":\"ReadAction\",\"target\":[\"https:\\\/\\\/meber2026.graphoservice.it\\\/es\\\/product\\\/camilla-fija-1515-proof\\\/\"]}]},{\"@type\":\"ImageObject\",\"inLanguage\":\"es\",\"@id\":\"https:\\\/\\\/meber2026.graphoservice.it\\\/es\\\/product\\\/camilla-fija-1515-proof\\\/#primaryimage\",\"url\":\"https:\\\/\\\/meber2026.graphoservice.it\\\/wp-content\\\/uploads\\\/2026\\\/02\\\/1515-barella-fissa.webp\",\"contentUrl\":\"https:\\\/\\\/meber2026.graphoservice.it\\\/wp-content\\\/uploads\\\/2026\\\/02\\\/1515-barella-fissa.webp\",\"width\":2000,\"height\":2000},{\"@type\":\"BreadcrumbList\",\"@id\":\"https:\\\/\\\/meber2026.graphoservice.it\\\/es\\\/product\\\/camilla-fija-1515-proof\\\/#breadcrumb\",\"itemListElement\":[{\"@type\":\"ListItem\",\"position\":1,\"name\":\"Home\",\"item\":\"https:\\\/\\\/meber2026.graphoservice.it\\\/es\\\/\"},{\"@type\":\"ListItem\",\"position\":2,\"name\":\"Camilla fija 1515 PROOF\"}]},{\"@type\":\"WebSite\",\"@id\":\"https:\\\/\\\/meber2026.graphoservice.it\\\/es\\\/#website\",\"url\":\"https:\\\/\\\/meber2026.graphoservice.it\\\/es\\\/\",\"name\":\"Me.Ber.\",\"description\":\"In Case of Emergerncy\",\"potentialAction\":[{\"@type\":\"SearchAction\",\"target\":{\"@type\":\"EntryPoint\",\"urlTemplate\":\"https:\\\/\\\/meber2026.graphoservice.it\\\/es\\\/?s={search_term_string}\"},\"query-input\":{\"@type\":\"PropertyValueSpecification\",\"valueRequired\":true,\"valueName\":\"search_term_string\"}}],\"inLanguage\":\"es\"}]}<\/script>\n<!-- \/ Yoast SEO plugin. -->","yoast_head_json":{"title":"Camilla fija 1515 proof","description":"Camilla fija construida en aluminio con cama plataforma y respaldo r\u00edgido en termopl\u00e1stico reforzado. Posibilidad de asumir las posiciones Trendelenburg y Fowler.","robots":{"index":"noindex","follow":"follow","max-snippet":"max-snippet:-1","max-image-preview":"max-image-preview:large","max-video-preview":"max-video-preview:-1"},"og_locale":"es_ES","og_type":"article","og_title":"Camilla fija 1515 proof","og_description":"Camilla fija construida en aluminio con cama plataforma y respaldo r\u00edgido en termopl\u00e1stico reforzado. Posibilidad de asumir las posiciones Trendelenburg y Fowler.","og_url":"https:\/\/meber2026.graphoservice.it\/es\/product\/camilla-fija-1515-proof\/","og_site_name":"Me.Ber.","article_modified_time":"2026-02-10T09:29:07+00:00","twitter_card":"summary_large_image","twitter_misc":{"Tiempo de lectura":"1 minuto"},"schema":{"@context":"https:\/\/schema.org","@graph":[{"@type":"WebPage","@id":"https:\/\/meber2026.graphoservice.it\/es\/product\/camilla-fija-1515-proof\/","url":"https:\/\/meber2026.graphoservice.it\/es\/product\/camilla-fija-1515-proof\/","name":"Camilla fija 1515 proof","isPartOf":{"@id":"https:\/\/meber2026.graphoservice.it\/es\/#website"},"primaryImageOfPage":{"@id":"https:\/\/meber2026.graphoservice.it\/es\/product\/camilla-fija-1515-proof\/#primaryimage"},"image":{"@id":"https:\/\/meber2026.graphoservice.it\/es\/product\/camilla-fija-1515-proof\/#primaryimage"},"thumbnailUrl":"https:\/\/meber2026.graphoservice.it\/wp-content\/uploads\/2026\/02\/1515-barella-fissa.webp","datePublished":"2026-02-10T09:29:06+00:00","dateModified":"2026-02-10T09:29:07+00:00","description":"Camilla fija construida en aluminio con cama plataforma y respaldo r\u00edgido en termopl\u00e1stico reforzado. Posibilidad de asumir las posiciones Trendelenburg y Fowler.","breadcrumb":{"@id":"https:\/\/meber2026.graphoservice.it\/es\/product\/camilla-fija-1515-proof\/#breadcrumb"},"inLanguage":"es","potentialAction":[{"@type":"ReadAction","target":["https:\/\/meber2026.graphoservice.it\/es\/product\/camilla-fija-1515-proof\/"]}]},{"@type":"ImageObject","inLanguage":"es","@id":"https:\/\/meber2026.graphoservice.it\/es\/product\/camilla-fija-1515-proof\/#primaryimage","url":"https:\/\/meber2026.graphoservice.it\/wp-content\/uploads\/2026\/02\/1515-barella-fissa.webp","contentUrl":"https:\/\/meber2026.graphoservice.it\/wp-content\/uploads\/2026\/02\/1515-barella-fissa.webp","width":2000,"height":2000},{"@type":"BreadcrumbList","@id":"https:\/\/meber2026.graphoservice.it\/es\/product\/camilla-fija-1515-proof\/#breadcrumb","itemListElement":[{"@type":"ListItem","position":1,"name":"Home","item":"https:\/\/meber2026.graphoservice.it\/es\/"},{"@type":"ListItem","position":2,"name":"Camilla fija 1515 PROOF"}]},{"@type":"WebSite","@id":"https:\/\/meber2026.graphoservice.it\/es\/#website","url":"https:\/\/meber2026.graphoservice.it\/es\/","name":"Me.Ber.","description":"In Case of Emergerncy","potentialAction":[{"@type":"SearchAction","target":{"@type":"EntryPoint","urlTemplate":"https:\/\/meber2026.graphoservice.it\/es\/?s={search_term_string}"},"query-input":{"@type":"PropertyValueSpecification","valueRequired":true,"valueName":"search_term_string"}}],"inLanguage":"es"}]}},"_links":{"self":[{"href":"https:\/\/meber2026.graphoservice.it\/es\/wp-json\/wp\/v2\/product\/19755","targetHints":{"allow":["GET"]}}],"collection":[{"href":"https:\/\/meber2026.graphoservice.it\/es\/wp-json\/wp\/v2\/product"}],"about":[{"href":"https:\/\/meber2026.graphoservice.it\/es\/wp-json\/wp\/v2\/types\/product"}],"author":[{"embeddable":true,"href":"https:\/\/meber2026.graphoservice.it\/es\/wp-json\/wp\/v2\/users\/1"}],"version-history":[{"count":0,"href":"https:\/\/meber2026.graphoservice.it\/es\/wp-json\/wp\/v2\/product\/19755\/revisions"}],"wp:featuredmedia":[{"embeddable":true,"href":"https:\/\/meber2026.graphoservice.it\/es\/wp-json\/wp\/v2\/media\/26469"}],"wp:attachment":[{"href":"https:\/\/meber2026.graphoservice.it\/es\/wp-json\/wp\/v2\/media?parent=19755"}],"wp:term":[{"taxonomy":"application-tag","embeddable":true,"href":"https:\/\/meber2026.graphoservice.it\/es\/wp-json\/wp\/v2\/application-tag?post=19755"}],"curies":[{"name":"wp","href":"https:\/\/api.w.org\/{rel}","templated":true}]}}