{"id":19650,"date":"2026-02-10T09:28:52","date_gmt":"2026-02-10T09:28:52","guid":{"rendered":"https:\/\/meber2026.graphoservice.it\/product\/guantes-de-nitrilo\/"},"modified":"2026-02-10T09:28:52","modified_gmt":"2026-02-10T09:28:52","slug":"guantes-de-nitrilo","status":"publish","type":"product","link":"https:\/\/meber2026.graphoservice.it\/es\/product\/guantes-de-nitrilo\/","title":{"rendered":"Guantes de nitrilo"},"content":{"rendered":"<p>Guante m\u00e9dico desechable, no est\u00e9ril, de nitrilo, especialmente adecuado para sujetos al\u00e9rgicos al caucho de l\u00e1tex natural sensibles a las reacciones al\u00e9rgicas de tipo I (hipersensibilidad inmediata). Color celeste, inodoro, espesor uniforme y sin burbujas, excelente sensibilidad t\u00e1ctil y destreza, mayor comodidad incluso durante operaciones prolongadas. Forma anat\u00f3mica, ambidiestra, con pu\u00f1o el\u00e1stico reforzado anti-enrollamiento, sin prote\u00ednas de l\u00e1tex y residuos de procesamiento qu\u00edmico, libre de polvo lubricante. Disponible en 4 medidas, caja de 100 unids.<\/p>\n","protected":false},"excerpt":{"rendered":"<p>Guante m\u00e9dico desechable, no est\u00e9ril, de nitrilo, especialmente adecuado para sujetos al\u00e9rgicos al caucho de l\u00e1tex natural sensibles a las reacciones al\u00e9rgicas de tipo I (hipersensibilidad inmediata). Color celeste, inodoro, espesor uniforme y sin burbujas, excelente sensibilidad t\u00e1ctil y destreza, mayor comodidad incluso durante operaciones prolongadas. Forma anat\u00f3mica, ambidiestra, con pu\u00f1o el\u00e1stico reforzado anti-enrollamiento, sin [&hellip;]<\/p>\n","protected":false},"author":1,"featured_media":16575,"parent":0,"menu_order":80007500,"template":"","meta":{"_acf_changed":false,"footnotes":""},"application-tag":[96],"class_list":["post-19650","product","type-product","status-publish","has-post-thumbnail","hentry","application-tag-botiquin-de-primeros-auxilios"],"acf":[],"dsm_author":{"name":"admeb26","avatar_url":"https:\/\/meber2026.graphoservice.it\/wp-content\/plugins\/ultimate-member\/assets\/img\/default_avatar.jpg","archive_link":"https:\/\/meber2026.graphoservice.it\/es\/author\/admeb26\/","biodata":""},"dsm_categories":[],"dsm_attachment_categories":[],"dsm_featured_image":{"thumbnail":"https:\/\/meber2026.graphoservice.it\/wp-content\/uploads\/2026\/02\/1940-2-4-5_guanti_nitrile_1-150x150.jpg","medium":"https:\/\/meber2026.graphoservice.it\/wp-content\/uploads\/2026\/02\/1940-2-4-5_guanti_nitrile_1-300x300.jpg","medium_large":"https:\/\/meber2026.graphoservice.it\/wp-content\/uploads\/2026\/02\/1940-2-4-5_guanti_nitrile_1-768x768.jpg","large":"https:\/\/meber2026.graphoservice.it\/wp-content\/uploads\/2026\/02\/1940-2-4-5_guanti_nitrile_1.jpg","1536x1536":"https:\/\/meber2026.graphoservice.it\/wp-content\/uploads\/2026\/02\/1940-2-4-5_guanti_nitrile_1.jpg","2048x2048":"https:\/\/meber2026.graphoservice.it\/wp-content\/uploads\/2026\/02\/1940-2-4-5_guanti_nitrile_1.jpg","et-pb-post-main-image":"https:\/\/meber2026.graphoservice.it\/wp-content\/uploads\/2026\/02\/1940-2-4-5_guanti_nitrile_1-400x250.jpg","et-pb-post-main-image-fullwidth":"https:\/\/meber2026.graphoservice.it\/wp-content\/uploads\/2026\/02\/1940-2-4-5_guanti_nitrile_1-780x675.jpg","et-pb-portfolio-image":"https:\/\/meber2026.graphoservice.it\/wp-content\/uploads\/2026\/02\/1940-2-4-5_guanti_nitrile_1-400x284.jpg","et-pb-portfolio-module-image":"https:\/\/meber2026.graphoservice.it\/wp-content\/uploads\/2026\/02\/1940-2-4-5_guanti_nitrile_1-510x382.jpg","et-pb-portfolio-image-single":"https:\/\/meber2026.graphoservice.it\/wp-content\/uploads\/2026\/02\/1940-2-4-5_guanti_nitrile_1.jpg","et-pb-gallery-module-image-portrait":"https:\/\/meber2026.graphoservice.it\/wp-content\/uploads\/2026\/02\/1940-2-4-5_guanti_nitrile_1-400x516.jpg","et-pb-post-main-image-fullwidth-large":"https:\/\/meber2026.graphoservice.it\/wp-content\/uploads\/2026\/02\/1940-2-4-5_guanti_nitrile_1.jpg","et-pb-image--responsive--desktop":"https:\/\/meber2026.graphoservice.it\/wp-content\/uploads\/2026\/02\/1940-2-4-5_guanti_nitrile_1.jpg","et-pb-image--responsive--tablet":"https:\/\/meber2026.graphoservice.it\/wp-content\/uploads\/2026\/02\/1940-2-4-5_guanti_nitrile_1.jpg","et-pb-image--responsive--phone":"https:\/\/meber2026.graphoservice.it\/wp-content\/uploads\/2026\/02\/1940-2-4-5_guanti_nitrile_1-480x480.jpg","full":"https:\/\/meber2026.graphoservice.it\/wp-content\/uploads\/2026\/02\/1940-2-4-5_guanti_nitrile_1.jpg"},"yoast_head":"<!-- This site is optimized with the Yoast SEO plugin v27.4 - https:\/\/yoast.com\/product\/yoast-seo-wordpress\/ -->\n<title>Guantes de nitrilo<\/title>\n<meta name=\"robots\" content=\"noindex, follow, max-snippet:-1, max-image-preview:large, max-video-preview:-1\" \/>\n<meta property=\"og:locale\" content=\"es_ES\" \/>\n<meta property=\"og:type\" content=\"article\" \/>\n<meta property=\"og:title\" content=\"Guantes de nitrilo\" \/>\n<meta property=\"og:description\" content=\"Guante m\u00e9dico desechable, no est\u00e9ril, de nitrilo, especialmente adecuado para sujetos al\u00e9rgicos al caucho de l\u00e1tex natural sensibles a las reacciones al\u00e9rgicas de tipo I (hipersensibilidad inmediata). Color celeste, inodoro, espesor uniforme y sin burbujas, excelente sensibilidad t\u00e1ctil y destreza, mayor comodidad incluso durante operaciones prolongadas. Forma anat\u00f3mica, ambidiestra, con pu\u00f1o el\u00e1stico reforzado anti-enrollamiento, sin [&hellip;]\" \/>\n<meta property=\"og:url\" content=\"https:\/\/meber2026.graphoservice.it\/es\/product\/guantes-de-nitrilo\/\" \/>\n<meta property=\"og:site_name\" content=\"Me.Ber.\" \/>\n<meta name=\"twitter:card\" content=\"summary_large_image\" \/>\n<script type=\"application\/ld+json\" class=\"yoast-schema-graph\">{\"@context\":\"https:\\\/\\\/schema.org\",\"@graph\":[{\"@type\":\"WebPage\",\"@id\":\"https:\\\/\\\/meber2026.graphoservice.it\\\/es\\\/product\\\/guantes-de-nitrilo\\\/\",\"url\":\"https:\\\/\\\/meber2026.graphoservice.it\\\/es\\\/product\\\/guantes-de-nitrilo\\\/\",\"name\":\"Guantes de nitrilo\",\"isPartOf\":{\"@id\":\"https:\\\/\\\/meber2026.graphoservice.it\\\/es\\\/#website\"},\"primaryImageOfPage\":{\"@id\":\"https:\\\/\\\/meber2026.graphoservice.it\\\/es\\\/product\\\/guantes-de-nitrilo\\\/#primaryimage\"},\"image\":{\"@id\":\"https:\\\/\\\/meber2026.graphoservice.it\\\/es\\\/product\\\/guantes-de-nitrilo\\\/#primaryimage\"},\"thumbnailUrl\":\"https:\\\/\\\/meber2026.graphoservice.it\\\/wp-content\\\/uploads\\\/2026\\\/02\\\/1940-2-4-5_guanti_nitrile_1.jpg\",\"datePublished\":\"2026-02-10T09:28:52+00:00\",\"breadcrumb\":{\"@id\":\"https:\\\/\\\/meber2026.graphoservice.it\\\/es\\\/product\\\/guantes-de-nitrilo\\\/#breadcrumb\"},\"inLanguage\":\"es\",\"potentialAction\":[{\"@type\":\"ReadAction\",\"target\":[\"https:\\\/\\\/meber2026.graphoservice.it\\\/es\\\/product\\\/guantes-de-nitrilo\\\/\"]}]},{\"@type\":\"ImageObject\",\"inLanguage\":\"es\",\"@id\":\"https:\\\/\\\/meber2026.graphoservice.it\\\/es\\\/product\\\/guantes-de-nitrilo\\\/#primaryimage\",\"url\":\"https:\\\/\\\/meber2026.graphoservice.it\\\/wp-content\\\/uploads\\\/2026\\\/02\\\/1940-2-4-5_guanti_nitrile_1.jpg\",\"contentUrl\":\"https:\\\/\\\/meber2026.graphoservice.it\\\/wp-content\\\/uploads\\\/2026\\\/02\\\/1940-2-4-5_guanti_nitrile_1.jpg\",\"width\":780,\"height\":780},{\"@type\":\"BreadcrumbList\",\"@id\":\"https:\\\/\\\/meber2026.graphoservice.it\\\/es\\\/product\\\/guantes-de-nitrilo\\\/#breadcrumb\",\"itemListElement\":[{\"@type\":\"ListItem\",\"position\":1,\"name\":\"Home\",\"item\":\"https:\\\/\\\/meber2026.graphoservice.it\\\/es\\\/\"},{\"@type\":\"ListItem\",\"position\":2,\"name\":\"Guantes de nitrilo\"}]},{\"@type\":\"WebSite\",\"@id\":\"https:\\\/\\\/meber2026.graphoservice.it\\\/es\\\/#website\",\"url\":\"https:\\\/\\\/meber2026.graphoservice.it\\\/es\\\/\",\"name\":\"Me.Ber.\",\"description\":\"In Case of Emergerncy\",\"potentialAction\":[{\"@type\":\"SearchAction\",\"target\":{\"@type\":\"EntryPoint\",\"urlTemplate\":\"https:\\\/\\\/meber2026.graphoservice.it\\\/es\\\/?s={search_term_string}\"},\"query-input\":{\"@type\":\"PropertyValueSpecification\",\"valueRequired\":true,\"valueName\":\"search_term_string\"}}],\"inLanguage\":\"es\"}]}<\/script>\n<!-- \/ Yoast SEO plugin. -->","yoast_head_json":{"title":"Guantes de nitrilo","robots":{"index":"noindex","follow":"follow","max-snippet":"max-snippet:-1","max-image-preview":"max-image-preview:large","max-video-preview":"max-video-preview:-1"},"og_locale":"es_ES","og_type":"article","og_title":"Guantes de nitrilo","og_description":"Guante m\u00e9dico desechable, no est\u00e9ril, de nitrilo, especialmente adecuado para sujetos al\u00e9rgicos al caucho de l\u00e1tex natural sensibles a las reacciones al\u00e9rgicas de tipo I (hipersensibilidad inmediata). Color celeste, inodoro, espesor uniforme y sin burbujas, excelente sensibilidad t\u00e1ctil y destreza, mayor comodidad incluso durante operaciones prolongadas. Forma anat\u00f3mica, ambidiestra, con pu\u00f1o el\u00e1stico reforzado anti-enrollamiento, sin [&hellip;]","og_url":"https:\/\/meber2026.graphoservice.it\/es\/product\/guantes-de-nitrilo\/","og_site_name":"Me.Ber.","twitter_card":"summary_large_image","schema":{"@context":"https:\/\/schema.org","@graph":[{"@type":"WebPage","@id":"https:\/\/meber2026.graphoservice.it\/es\/product\/guantes-de-nitrilo\/","url":"https:\/\/meber2026.graphoservice.it\/es\/product\/guantes-de-nitrilo\/","name":"Guantes de nitrilo","isPartOf":{"@id":"https:\/\/meber2026.graphoservice.it\/es\/#website"},"primaryImageOfPage":{"@id":"https:\/\/meber2026.graphoservice.it\/es\/product\/guantes-de-nitrilo\/#primaryimage"},"image":{"@id":"https:\/\/meber2026.graphoservice.it\/es\/product\/guantes-de-nitrilo\/#primaryimage"},"thumbnailUrl":"https:\/\/meber2026.graphoservice.it\/wp-content\/uploads\/2026\/02\/1940-2-4-5_guanti_nitrile_1.jpg","datePublished":"2026-02-10T09:28:52+00:00","breadcrumb":{"@id":"https:\/\/meber2026.graphoservice.it\/es\/product\/guantes-de-nitrilo\/#breadcrumb"},"inLanguage":"es","potentialAction":[{"@type":"ReadAction","target":["https:\/\/meber2026.graphoservice.it\/es\/product\/guantes-de-nitrilo\/"]}]},{"@type":"ImageObject","inLanguage":"es","@id":"https:\/\/meber2026.graphoservice.it\/es\/product\/guantes-de-nitrilo\/#primaryimage","url":"https:\/\/meber2026.graphoservice.it\/wp-content\/uploads\/2026\/02\/1940-2-4-5_guanti_nitrile_1.jpg","contentUrl":"https:\/\/meber2026.graphoservice.it\/wp-content\/uploads\/2026\/02\/1940-2-4-5_guanti_nitrile_1.jpg","width":780,"height":780},{"@type":"BreadcrumbList","@id":"https:\/\/meber2026.graphoservice.it\/es\/product\/guantes-de-nitrilo\/#breadcrumb","itemListElement":[{"@type":"ListItem","position":1,"name":"Home","item":"https:\/\/meber2026.graphoservice.it\/es\/"},{"@type":"ListItem","position":2,"name":"Guantes de nitrilo"}]},{"@type":"WebSite","@id":"https:\/\/meber2026.graphoservice.it\/es\/#website","url":"https:\/\/meber2026.graphoservice.it\/es\/","name":"Me.Ber.","description":"In Case of Emergerncy","potentialAction":[{"@type":"SearchAction","target":{"@type":"EntryPoint","urlTemplate":"https:\/\/meber2026.graphoservice.it\/es\/?s={search_term_string}"},"query-input":{"@type":"PropertyValueSpecification","valueRequired":true,"valueName":"search_term_string"}}],"inLanguage":"es"}]}},"_links":{"self":[{"href":"https:\/\/meber2026.graphoservice.it\/es\/wp-json\/wp\/v2\/product\/19650","targetHints":{"allow":["GET"]}}],"collection":[{"href":"https:\/\/meber2026.graphoservice.it\/es\/wp-json\/wp\/v2\/product"}],"about":[{"href":"https:\/\/meber2026.graphoservice.it\/es\/wp-json\/wp\/v2\/types\/product"}],"author":[{"embeddable":true,"href":"https:\/\/meber2026.graphoservice.it\/es\/wp-json\/wp\/v2\/users\/1"}],"version-history":[{"count":0,"href":"https:\/\/meber2026.graphoservice.it\/es\/wp-json\/wp\/v2\/product\/19650\/revisions"}],"wp:featuredmedia":[{"embeddable":true,"href":"https:\/\/meber2026.graphoservice.it\/es\/wp-json\/wp\/v2\/media\/16575"}],"wp:attachment":[{"href":"https:\/\/meber2026.graphoservice.it\/es\/wp-json\/wp\/v2\/media?parent=19650"}],"wp:term":[{"taxonomy":"application-tag","embeddable":true,"href":"https:\/\/meber2026.graphoservice.it\/es\/wp-json\/wp\/v2\/application-tag?post=19650"}],"curies":[{"name":"wp","href":"https:\/\/api.w.org\/{rel}","templated":true}]}}