{"id":19540,"date":"2026-02-10T09:28:38","date_gmt":"2026-02-10T09:28:38","guid":{"rendered":"https:\/\/meber2026.graphoservice.it\/product\/16150-002\/"},"modified":"2026-04-28T16:22:29","modified_gmt":"2026-04-28T16:22:29","slug":"16150-002","status":"publish","type":"product","link":"https:\/\/meber2026.graphoservice.it\/es\/product\/16150-002\/","title":{"rendered":"16150-002"},"content":{"rendered":"<div style=\"\"><span style=\"font-size: small;\">En solo 9 cm de espesor, la bolsa de almacenamiento aloja Ergon y sus accesorios. Ha sido dise\u00f1ado para ser utilizada en almacenes, o para ser utilizada a bordo de veh\u00edculos de emergencia. Abierta, la bolsa se convierte en un aislante del piso y se convierte en una superficie \u00fatil de trabajo lavable para la preparaci\u00f3n de medicamentos o para operar de manera segura con dispositivos electrom\u00e9dicos. <strong>cm 122x47x8<\/strong><\/span><\/div>\n","protected":false},"excerpt":{"rendered":"<p>En solo 9 cm de espesor, la bolsa de almacenamiento aloja Ergon y sus accesorios. Ha sido dise\u00f1ado para ser utilizada en almacenes, o para ser utilizada a bordo de veh\u00edculos de emergencia. Abierta, la bolsa se convierte en un aislante del piso y se convierte en una superficie \u00fatil de trabajo lavable para la [&hellip;]<\/p>\n","protected":false},"author":1,"featured_media":16400,"parent":0,"menu_order":40005400,"template":"","meta":{"_acf_changed":false,"footnotes":""},"application-tag":[93],"class_list":["post-19540","product","type-product","status-publish","has-post-thumbnail","hentry","application-tag-accesorios"],"acf":[],"dsm_author":{"name":"admeb26","avatar_url":"https:\/\/meber2026.graphoservice.it\/wp-content\/plugins\/ultimate-member\/assets\/img\/default_avatar.jpg","archive_link":"https:\/\/meber2026.graphoservice.it\/es\/author\/admeb26\/","biodata":""},"dsm_categories":[],"dsm_attachment_categories":[],"dsm_featured_image":{"thumbnail":"https:\/\/meber2026.graphoservice.it\/wp-content\/uploads\/2026\/02\/16150-002_sacca-piccola_angolo-150x150.jpg","medium":"https:\/\/meber2026.graphoservice.it\/wp-content\/uploads\/2026\/02\/16150-002_sacca-piccola_angolo-300x227.jpg","medium_large":"https:\/\/meber2026.graphoservice.it\/wp-content\/uploads\/2026\/02\/16150-002_sacca-piccola_angolo-768x581.jpg","large":"https:\/\/meber2026.graphoservice.it\/wp-content\/uploads\/2026\/02\/16150-002_sacca-piccola_angolo.jpg","1536x1536":"https:\/\/meber2026.graphoservice.it\/wp-content\/uploads\/2026\/02\/16150-002_sacca-piccola_angolo.jpg","2048x2048":"https:\/\/meber2026.graphoservice.it\/wp-content\/uploads\/2026\/02\/16150-002_sacca-piccola_angolo.jpg","et-pb-post-main-image":"https:\/\/meber2026.graphoservice.it\/wp-content\/uploads\/2026\/02\/16150-002_sacca-piccola_angolo-400x250.jpg","et-pb-post-main-image-fullwidth":"https:\/\/meber2026.graphoservice.it\/wp-content\/uploads\/2026\/02\/16150-002_sacca-piccola_angolo.jpg","et-pb-portfolio-image":"https:\/\/meber2026.graphoservice.it\/wp-content\/uploads\/2026\/02\/16150-002_sacca-piccola_angolo-400x284.jpg","et-pb-portfolio-module-image":"https:\/\/meber2026.graphoservice.it\/wp-content\/uploads\/2026\/02\/16150-002_sacca-piccola_angolo-510x382.jpg","et-pb-portfolio-image-single":"https:\/\/meber2026.graphoservice.it\/wp-content\/uploads\/2026\/02\/16150-002_sacca-piccola_angolo.jpg","et-pb-gallery-module-image-portrait":"https:\/\/meber2026.graphoservice.it\/wp-content\/uploads\/2026\/02\/16150-002_sacca-piccola_angolo-400x516.jpg","et-pb-post-main-image-fullwidth-large":"https:\/\/meber2026.graphoservice.it\/wp-content\/uploads\/2026\/02\/16150-002_sacca-piccola_angolo.jpg","et-pb-image--responsive--desktop":"https:\/\/meber2026.graphoservice.it\/wp-content\/uploads\/2026\/02\/16150-002_sacca-piccola_angolo.jpg","et-pb-image--responsive--tablet":"https:\/\/meber2026.graphoservice.it\/wp-content\/uploads\/2026\/02\/16150-002_sacca-piccola_angolo.jpg","et-pb-image--responsive--phone":"https:\/\/meber2026.graphoservice.it\/wp-content\/uploads\/2026\/02\/16150-002_sacca-piccola_angolo-480x363.jpg","full":"https:\/\/meber2026.graphoservice.it\/wp-content\/uploads\/2026\/02\/16150-002_sacca-piccola_angolo.jpg"},"yoast_head":"<!-- This site is optimized with the Yoast SEO plugin v27.4 - https:\/\/yoast.com\/product\/yoast-seo-wordpress\/ -->\n<title>16150-002<\/title>\n<meta name=\"description\" content=\"Esta bolsa est\u00e1 dise\u00f1ada para el almacenamiento de la camilla Ergon y sus accesorios. Se utiliza en los dep\u00f3sitos o en los veh\u00edculos de rescate.\" \/>\n<meta name=\"robots\" content=\"noindex, follow, max-snippet:-1, max-image-preview:large, max-video-preview:-1\" \/>\n<meta property=\"og:locale\" content=\"es_ES\" \/>\n<meta property=\"og:type\" content=\"article\" \/>\n<meta property=\"og:title\" content=\"16150-002\" \/>\n<meta property=\"og:description\" content=\"Esta bolsa est\u00e1 dise\u00f1ada para el almacenamiento de la camilla Ergon y sus accesorios. Se utiliza en los dep\u00f3sitos o en los veh\u00edculos de rescate.\" \/>\n<meta property=\"og:url\" content=\"https:\/\/meber2026.graphoservice.it\/es\/product\/16150-002\/\" \/>\n<meta property=\"og:site_name\" content=\"Me.Ber.\" \/>\n<meta property=\"article:modified_time\" content=\"2026-04-28T16:22:29+00:00\" \/>\n<meta property=\"og:image\" content=\"https:\/\/meber2026.graphoservice.it\/wp-content\/uploads\/2026\/02\/16150-002_sacca-piccola_angolo.jpg\" \/>\n\t<meta property=\"og:image:width\" content=\"780\" \/>\n\t<meta property=\"og:image:height\" content=\"590\" \/>\n\t<meta property=\"og:image:type\" content=\"image\/jpeg\" \/>\n<meta name=\"twitter:card\" content=\"summary_large_image\" \/>\n<script type=\"application\/ld+json\" class=\"yoast-schema-graph\">{\"@context\":\"https:\\\/\\\/schema.org\",\"@graph\":[{\"@type\":\"WebPage\",\"@id\":\"https:\\\/\\\/meber2026.graphoservice.it\\\/es\\\/product\\\/16150-002\\\/\",\"url\":\"https:\\\/\\\/meber2026.graphoservice.it\\\/es\\\/product\\\/16150-002\\\/\",\"name\":\"16150-002\",\"isPartOf\":{\"@id\":\"https:\\\/\\\/meber2026.graphoservice.it\\\/es\\\/#website\"},\"primaryImageOfPage\":{\"@id\":\"https:\\\/\\\/meber2026.graphoservice.it\\\/es\\\/product\\\/16150-002\\\/#primaryimage\"},\"image\":{\"@id\":\"https:\\\/\\\/meber2026.graphoservice.it\\\/es\\\/product\\\/16150-002\\\/#primaryimage\"},\"thumbnailUrl\":\"https:\\\/\\\/meber2026.graphoservice.it\\\/wp-content\\\/uploads\\\/2026\\\/02\\\/16150-002_sacca-piccola_angolo.jpg\",\"datePublished\":\"2026-02-10T09:28:38+00:00\",\"dateModified\":\"2026-04-28T16:22:29+00:00\",\"description\":\"Esta bolsa est\u00e1 dise\u00f1ada para el almacenamiento de la camilla Ergon y sus accesorios. Se utiliza en los dep\u00f3sitos o en los veh\u00edculos de rescate.\",\"breadcrumb\":{\"@id\":\"https:\\\/\\\/meber2026.graphoservice.it\\\/es\\\/product\\\/16150-002\\\/#breadcrumb\"},\"inLanguage\":\"es\",\"potentialAction\":[{\"@type\":\"ReadAction\",\"target\":[\"https:\\\/\\\/meber2026.graphoservice.it\\\/es\\\/product\\\/16150-002\\\/\"]}]},{\"@type\":\"ImageObject\",\"inLanguage\":\"es\",\"@id\":\"https:\\\/\\\/meber2026.graphoservice.it\\\/es\\\/product\\\/16150-002\\\/#primaryimage\",\"url\":\"https:\\\/\\\/meber2026.graphoservice.it\\\/wp-content\\\/uploads\\\/2026\\\/02\\\/16150-002_sacca-piccola_angolo.jpg\",\"contentUrl\":\"https:\\\/\\\/meber2026.graphoservice.it\\\/wp-content\\\/uploads\\\/2026\\\/02\\\/16150-002_sacca-piccola_angolo.jpg\",\"width\":780,\"height\":590},{\"@type\":\"BreadcrumbList\",\"@id\":\"https:\\\/\\\/meber2026.graphoservice.it\\\/es\\\/product\\\/16150-002\\\/#breadcrumb\",\"itemListElement\":[{\"@type\":\"ListItem\",\"position\":1,\"name\":\"Home\",\"item\":\"https:\\\/\\\/meber2026.graphoservice.it\\\/es\\\/\"},{\"@type\":\"ListItem\",\"position\":2,\"name\":\"16150-002\"}]},{\"@type\":\"WebSite\",\"@id\":\"https:\\\/\\\/meber2026.graphoservice.it\\\/es\\\/#website\",\"url\":\"https:\\\/\\\/meber2026.graphoservice.it\\\/es\\\/\",\"name\":\"Me.Ber.\",\"description\":\"In Case of Emergerncy\",\"potentialAction\":[{\"@type\":\"SearchAction\",\"target\":{\"@type\":\"EntryPoint\",\"urlTemplate\":\"https:\\\/\\\/meber2026.graphoservice.it\\\/es\\\/?s={search_term_string}\"},\"query-input\":{\"@type\":\"PropertyValueSpecification\",\"valueRequired\":true,\"valueName\":\"search_term_string\"}}],\"inLanguage\":\"es\"}]}<\/script>\n<!-- \/ Yoast SEO plugin. -->","yoast_head_json":{"title":"16150-002","description":"Esta bolsa est\u00e1 dise\u00f1ada para el almacenamiento de la camilla Ergon y sus accesorios. Se utiliza en los dep\u00f3sitos o en los veh\u00edculos de rescate.","robots":{"index":"noindex","follow":"follow","max-snippet":"max-snippet:-1","max-image-preview":"max-image-preview:large","max-video-preview":"max-video-preview:-1"},"og_locale":"es_ES","og_type":"article","og_title":"16150-002","og_description":"Esta bolsa est\u00e1 dise\u00f1ada para el almacenamiento de la camilla Ergon y sus accesorios. Se utiliza en los dep\u00f3sitos o en los veh\u00edculos de rescate.","og_url":"https:\/\/meber2026.graphoservice.it\/es\/product\/16150-002\/","og_site_name":"Me.Ber.","article_modified_time":"2026-04-28T16:22:29+00:00","og_image":[{"width":780,"height":590,"url":"https:\/\/meber2026.graphoservice.it\/wp-content\/uploads\/2026\/02\/16150-002_sacca-piccola_angolo.jpg","type":"image\/jpeg"}],"twitter_card":"summary_large_image","schema":{"@context":"https:\/\/schema.org","@graph":[{"@type":"WebPage","@id":"https:\/\/meber2026.graphoservice.it\/es\/product\/16150-002\/","url":"https:\/\/meber2026.graphoservice.it\/es\/product\/16150-002\/","name":"16150-002","isPartOf":{"@id":"https:\/\/meber2026.graphoservice.it\/es\/#website"},"primaryImageOfPage":{"@id":"https:\/\/meber2026.graphoservice.it\/es\/product\/16150-002\/#primaryimage"},"image":{"@id":"https:\/\/meber2026.graphoservice.it\/es\/product\/16150-002\/#primaryimage"},"thumbnailUrl":"https:\/\/meber2026.graphoservice.it\/wp-content\/uploads\/2026\/02\/16150-002_sacca-piccola_angolo.jpg","datePublished":"2026-02-10T09:28:38+00:00","dateModified":"2026-04-28T16:22:29+00:00","description":"Esta bolsa est\u00e1 dise\u00f1ada para el almacenamiento de la camilla Ergon y sus accesorios. Se utiliza en los dep\u00f3sitos o en los veh\u00edculos de rescate.","breadcrumb":{"@id":"https:\/\/meber2026.graphoservice.it\/es\/product\/16150-002\/#breadcrumb"},"inLanguage":"es","potentialAction":[{"@type":"ReadAction","target":["https:\/\/meber2026.graphoservice.it\/es\/product\/16150-002\/"]}]},{"@type":"ImageObject","inLanguage":"es","@id":"https:\/\/meber2026.graphoservice.it\/es\/product\/16150-002\/#primaryimage","url":"https:\/\/meber2026.graphoservice.it\/wp-content\/uploads\/2026\/02\/16150-002_sacca-piccola_angolo.jpg","contentUrl":"https:\/\/meber2026.graphoservice.it\/wp-content\/uploads\/2026\/02\/16150-002_sacca-piccola_angolo.jpg","width":780,"height":590},{"@type":"BreadcrumbList","@id":"https:\/\/meber2026.graphoservice.it\/es\/product\/16150-002\/#breadcrumb","itemListElement":[{"@type":"ListItem","position":1,"name":"Home","item":"https:\/\/meber2026.graphoservice.it\/es\/"},{"@type":"ListItem","position":2,"name":"16150-002"}]},{"@type":"WebSite","@id":"https:\/\/meber2026.graphoservice.it\/es\/#website","url":"https:\/\/meber2026.graphoservice.it\/es\/","name":"Me.Ber.","description":"In Case of Emergerncy","potentialAction":[{"@type":"SearchAction","target":{"@type":"EntryPoint","urlTemplate":"https:\/\/meber2026.graphoservice.it\/es\/?s={search_term_string}"},"query-input":{"@type":"PropertyValueSpecification","valueRequired":true,"valueName":"search_term_string"}}],"inLanguage":"es"}]}},"_links":{"self":[{"href":"https:\/\/meber2026.graphoservice.it\/es\/wp-json\/wp\/v2\/product\/19540","targetHints":{"allow":["GET"]}}],"collection":[{"href":"https:\/\/meber2026.graphoservice.it\/es\/wp-json\/wp\/v2\/product"}],"about":[{"href":"https:\/\/meber2026.graphoservice.it\/es\/wp-json\/wp\/v2\/types\/product"}],"author":[{"embeddable":true,"href":"https:\/\/meber2026.graphoservice.it\/es\/wp-json\/wp\/v2\/users\/1"}],"version-history":[{"count":1,"href":"https:\/\/meber2026.graphoservice.it\/es\/wp-json\/wp\/v2\/product\/19540\/revisions"}],"predecessor-version":[{"id":31509,"href":"https:\/\/meber2026.graphoservice.it\/es\/wp-json\/wp\/v2\/product\/19540\/revisions\/31509"}],"wp:featuredmedia":[{"embeddable":true,"href":"https:\/\/meber2026.graphoservice.it\/es\/wp-json\/wp\/v2\/media\/16400"}],"wp:attachment":[{"href":"https:\/\/meber2026.graphoservice.it\/es\/wp-json\/wp\/v2\/media?parent=19540"}],"wp:term":[{"taxonomy":"application-tag","embeddable":true,"href":"https:\/\/meber2026.graphoservice.it\/es\/wp-json\/wp\/v2\/application-tag?post=19540"}],"curies":[{"name":"wp","href":"https:\/\/api.w.org\/{rel}","templated":true}]}}