{"id":19485,"date":"2026-02-10T09:28:31","date_gmt":"2026-02-10T09:28:31","guid":{"rendered":"https:\/\/meber2026.graphoservice.it\/product\/12098-2\/"},"modified":"2026-04-28T16:21:27","modified_gmt":"2026-04-28T16:21:27","slug":"12098-2","status":"publish","type":"product","link":"https:\/\/meber2026.graphoservice.it\/es\/product\/12098-2\/","title":{"rendered":"12098"},"content":{"rendered":"<p>Coj\u00edn para silla de evacuaci\u00f3n dise\u00f1ada para mejorar la comodidad del paciente transportado y, al mismo tiempo, para proteger los pl\u00e1sticos r\u00edgidos del asiento de los esfuerzos.<br \/>\nFabricado en espuma de poliuretano de memoria lenta, revestido con una funda ign\u00edfuga anticorte hace que sea f\u00e1cilmente desenfundable y desinfectable. Dise\u00f1ado espec\u00edficamente para la silla Extra, se puede adaptar a cualquier silla de la gama gracias a las c\u00f3modas correas de sujeci\u00f3n Velcro\u00ae.<\/p>\n<p>Disponible en los colores negro y naranja.<\/p>\n<p><strong>Dimensiones:<br \/>\nASIENTO 42 x 43,5 x 6 [cm] (AxLxS)<br \/>\nRESPALDO 46,5 x 43,5 x 3 [cm] (AxLxS)<\/strong><\/p>\n<p><span style=\" font-weight: 700; color: rgb(98, 98, 98);\"><span style=\"font-size: 10px;\">*<\/span><\/span><span style=\" color: rgb(98, 98, 98); font-size: 10px;\">Todas las im\u00e1genes mostradas son solo para fines ilustrativos.<\/span><\/p>\n","protected":false},"excerpt":{"rendered":"<p>Coj\u00edn para silla de evacuaci\u00f3n dise\u00f1ada para mejorar la comodidad del paciente transportado y, al mismo tiempo, para proteger los pl\u00e1sticos r\u00edgidos del asiento de los esfuerzos. Fabricado en espuma de poliuretano de memoria lenta, revestido con una funda ign\u00edfuga anticorte hace que sea f\u00e1cilmente desenfundable y desinfectable. Dise\u00f1ado espec\u00edficamente para la silla Extra, se [&hellip;]<\/p>\n","protected":false},"author":1,"featured_media":16315,"parent":0,"menu_order":40004600,"template":"","meta":{"_acf_changed":false,"footnotes":""},"application-tag":[93],"class_list":["post-19485","product","type-product","status-publish","has-post-thumbnail","hentry","application-tag-accesorios"],"acf":[],"dsm_author":{"name":"admeb26","avatar_url":"https:\/\/meber2026.graphoservice.it\/wp-content\/plugins\/ultimate-member\/assets\/img\/default_avatar.jpg","archive_link":"https:\/\/meber2026.graphoservice.it\/es\/author\/admeb26\/","biodata":""},"dsm_categories":[],"dsm_attachment_categories":[],"dsm_featured_image":{"thumbnail":"https:\/\/meber2026.graphoservice.it\/wp-content\/uploads\/2026\/02\/12098_Cuscino_Extra_nero-150x150.jpg","medium":"https:\/\/meber2026.graphoservice.it\/wp-content\/uploads\/2026\/02\/12098_Cuscino_Extra_nero-225x300.jpg","medium_large":"https:\/\/meber2026.graphoservice.it\/wp-content\/uploads\/2026\/02\/12098_Cuscino_Extra_nero.jpg","large":"https:\/\/meber2026.graphoservice.it\/wp-content\/uploads\/2026\/02\/12098_Cuscino_Extra_nero.jpg","1536x1536":"https:\/\/meber2026.graphoservice.it\/wp-content\/uploads\/2026\/02\/12098_Cuscino_Extra_nero.jpg","2048x2048":"https:\/\/meber2026.graphoservice.it\/wp-content\/uploads\/2026\/02\/12098_Cuscino_Extra_nero.jpg","et-pb-post-main-image":"https:\/\/meber2026.graphoservice.it\/wp-content\/uploads\/2026\/02\/12098_Cuscino_Extra_nero-400x250.jpg","et-pb-post-main-image-fullwidth":"https:\/\/meber2026.graphoservice.it\/wp-content\/uploads\/2026\/02\/12098_Cuscino_Extra_nero-585x675.jpg","et-pb-portfolio-image":"https:\/\/meber2026.graphoservice.it\/wp-content\/uploads\/2026\/02\/12098_Cuscino_Extra_nero-400x284.jpg","et-pb-portfolio-module-image":"https:\/\/meber2026.graphoservice.it\/wp-content\/uploads\/2026\/02\/12098_Cuscino_Extra_nero-510x382.jpg","et-pb-portfolio-image-single":"https:\/\/meber2026.graphoservice.it\/wp-content\/uploads\/2026\/02\/12098_Cuscino_Extra_nero.jpg","et-pb-gallery-module-image-portrait":"https:\/\/meber2026.graphoservice.it\/wp-content\/uploads\/2026\/02\/12098_Cuscino_Extra_nero-400x516.jpg","et-pb-post-main-image-fullwidth-large":"https:\/\/meber2026.graphoservice.it\/wp-content\/uploads\/2026\/02\/12098_Cuscino_Extra_nero.jpg","et-pb-image--responsive--desktop":"https:\/\/meber2026.graphoservice.it\/wp-content\/uploads\/2026\/02\/12098_Cuscino_Extra_nero.jpg","et-pb-image--responsive--tablet":"https:\/\/meber2026.graphoservice.it\/wp-content\/uploads\/2026\/02\/12098_Cuscino_Extra_nero.jpg","et-pb-image--responsive--phone":"https:\/\/meber2026.graphoservice.it\/wp-content\/uploads\/2026\/02\/12098_Cuscino_Extra_nero-480x640.jpg","full":"https:\/\/meber2026.graphoservice.it\/wp-content\/uploads\/2026\/02\/12098_Cuscino_Extra_nero.jpg"},"yoast_head":"<!-- This site is optimized with the Yoast SEO plugin v27.4 - https:\/\/yoast.com\/product\/yoast-seo-wordpress\/ -->\n<title>12098<\/title>\n<meta name=\"robots\" content=\"noindex, follow, max-snippet:-1, max-image-preview:large, max-video-preview:-1\" \/>\n<meta property=\"og:locale\" content=\"es_ES\" \/>\n<meta property=\"og:type\" content=\"article\" \/>\n<meta property=\"og:title\" content=\"12098\" \/>\n<meta property=\"og:description\" content=\"Coj\u00edn para silla de evacuaci\u00f3n dise\u00f1ada para mejorar la comodidad del paciente transportado y, al mismo tiempo, para proteger los pl\u00e1sticos r\u00edgidos del asiento de los esfuerzos. Fabricado en espuma de poliuretano de memoria lenta, revestido con una funda ign\u00edfuga anticorte hace que sea f\u00e1cilmente desenfundable y desinfectable. Dise\u00f1ado espec\u00edficamente para la silla Extra, se [&hellip;]\" \/>\n<meta property=\"og:url\" content=\"https:\/\/meber2026.graphoservice.it\/es\/product\/12098-2\/\" \/>\n<meta property=\"og:site_name\" content=\"Me.Ber.\" \/>\n<meta property=\"article:modified_time\" content=\"2026-04-28T16:21:27+00:00\" \/>\n<meta property=\"og:image\" content=\"https:\/\/meber2026.graphoservice.it\/wp-content\/uploads\/2026\/02\/12098_Cuscino_Extra_nero.jpg\" \/>\n\t<meta property=\"og:image:width\" content=\"585\" \/>\n\t<meta property=\"og:image:height\" content=\"780\" \/>\n\t<meta property=\"og:image:type\" content=\"image\/jpeg\" \/>\n<meta name=\"twitter:card\" content=\"summary_large_image\" \/>\n<meta name=\"twitter:label1\" content=\"Tiempo de lectura\" \/>\n\t<meta name=\"twitter:data1\" content=\"1 minuto\" \/>\n<script type=\"application\/ld+json\" class=\"yoast-schema-graph\">{\"@context\":\"https:\\\/\\\/schema.org\",\"@graph\":[{\"@type\":\"WebPage\",\"@id\":\"https:\\\/\\\/meber2026.graphoservice.it\\\/es\\\/product\\\/12098-2\\\/\",\"url\":\"https:\\\/\\\/meber2026.graphoservice.it\\\/es\\\/product\\\/12098-2\\\/\",\"name\":\"12098\",\"isPartOf\":{\"@id\":\"https:\\\/\\\/meber2026.graphoservice.it\\\/es\\\/#website\"},\"primaryImageOfPage\":{\"@id\":\"https:\\\/\\\/meber2026.graphoservice.it\\\/es\\\/product\\\/12098-2\\\/#primaryimage\"},\"image\":{\"@id\":\"https:\\\/\\\/meber2026.graphoservice.it\\\/es\\\/product\\\/12098-2\\\/#primaryimage\"},\"thumbnailUrl\":\"https:\\\/\\\/meber2026.graphoservice.it\\\/wp-content\\\/uploads\\\/2026\\\/02\\\/12098_Cuscino_Extra_nero.jpg\",\"datePublished\":\"2026-02-10T09:28:31+00:00\",\"dateModified\":\"2026-04-28T16:21:27+00:00\",\"breadcrumb\":{\"@id\":\"https:\\\/\\\/meber2026.graphoservice.it\\\/es\\\/product\\\/12098-2\\\/#breadcrumb\"},\"inLanguage\":\"es\",\"potentialAction\":[{\"@type\":\"ReadAction\",\"target\":[\"https:\\\/\\\/meber2026.graphoservice.it\\\/es\\\/product\\\/12098-2\\\/\"]}]},{\"@type\":\"ImageObject\",\"inLanguage\":\"es\",\"@id\":\"https:\\\/\\\/meber2026.graphoservice.it\\\/es\\\/product\\\/12098-2\\\/#primaryimage\",\"url\":\"https:\\\/\\\/meber2026.graphoservice.it\\\/wp-content\\\/uploads\\\/2026\\\/02\\\/12098_Cuscino_Extra_nero.jpg\",\"contentUrl\":\"https:\\\/\\\/meber2026.graphoservice.it\\\/wp-content\\\/uploads\\\/2026\\\/02\\\/12098_Cuscino_Extra_nero.jpg\",\"width\":585,\"height\":780},{\"@type\":\"BreadcrumbList\",\"@id\":\"https:\\\/\\\/meber2026.graphoservice.it\\\/es\\\/product\\\/12098-2\\\/#breadcrumb\",\"itemListElement\":[{\"@type\":\"ListItem\",\"position\":1,\"name\":\"Home\",\"item\":\"https:\\\/\\\/meber2026.graphoservice.it\\\/es\\\/\"},{\"@type\":\"ListItem\",\"position\":2,\"name\":\"12098\"}]},{\"@type\":\"WebSite\",\"@id\":\"https:\\\/\\\/meber2026.graphoservice.it\\\/es\\\/#website\",\"url\":\"https:\\\/\\\/meber2026.graphoservice.it\\\/es\\\/\",\"name\":\"Me.Ber.\",\"description\":\"In Case of Emergerncy\",\"potentialAction\":[{\"@type\":\"SearchAction\",\"target\":{\"@type\":\"EntryPoint\",\"urlTemplate\":\"https:\\\/\\\/meber2026.graphoservice.it\\\/es\\\/?s={search_term_string}\"},\"query-input\":{\"@type\":\"PropertyValueSpecification\",\"valueRequired\":true,\"valueName\":\"search_term_string\"}}],\"inLanguage\":\"es\"}]}<\/script>\n<!-- \/ Yoast SEO plugin. -->","yoast_head_json":{"title":"12098","robots":{"index":"noindex","follow":"follow","max-snippet":"max-snippet:-1","max-image-preview":"max-image-preview:large","max-video-preview":"max-video-preview:-1"},"og_locale":"es_ES","og_type":"article","og_title":"12098","og_description":"Coj\u00edn para silla de evacuaci\u00f3n dise\u00f1ada para mejorar la comodidad del paciente transportado y, al mismo tiempo, para proteger los pl\u00e1sticos r\u00edgidos del asiento de los esfuerzos. Fabricado en espuma de poliuretano de memoria lenta, revestido con una funda ign\u00edfuga anticorte hace que sea f\u00e1cilmente desenfundable y desinfectable. Dise\u00f1ado espec\u00edficamente para la silla Extra, se [&hellip;]","og_url":"https:\/\/meber2026.graphoservice.it\/es\/product\/12098-2\/","og_site_name":"Me.Ber.","article_modified_time":"2026-04-28T16:21:27+00:00","og_image":[{"width":585,"height":780,"url":"https:\/\/meber2026.graphoservice.it\/wp-content\/uploads\/2026\/02\/12098_Cuscino_Extra_nero.jpg","type":"image\/jpeg"}],"twitter_card":"summary_large_image","twitter_misc":{"Tiempo de lectura":"1 minuto"},"schema":{"@context":"https:\/\/schema.org","@graph":[{"@type":"WebPage","@id":"https:\/\/meber2026.graphoservice.it\/es\/product\/12098-2\/","url":"https:\/\/meber2026.graphoservice.it\/es\/product\/12098-2\/","name":"12098","isPartOf":{"@id":"https:\/\/meber2026.graphoservice.it\/es\/#website"},"primaryImageOfPage":{"@id":"https:\/\/meber2026.graphoservice.it\/es\/product\/12098-2\/#primaryimage"},"image":{"@id":"https:\/\/meber2026.graphoservice.it\/es\/product\/12098-2\/#primaryimage"},"thumbnailUrl":"https:\/\/meber2026.graphoservice.it\/wp-content\/uploads\/2026\/02\/12098_Cuscino_Extra_nero.jpg","datePublished":"2026-02-10T09:28:31+00:00","dateModified":"2026-04-28T16:21:27+00:00","breadcrumb":{"@id":"https:\/\/meber2026.graphoservice.it\/es\/product\/12098-2\/#breadcrumb"},"inLanguage":"es","potentialAction":[{"@type":"ReadAction","target":["https:\/\/meber2026.graphoservice.it\/es\/product\/12098-2\/"]}]},{"@type":"ImageObject","inLanguage":"es","@id":"https:\/\/meber2026.graphoservice.it\/es\/product\/12098-2\/#primaryimage","url":"https:\/\/meber2026.graphoservice.it\/wp-content\/uploads\/2026\/02\/12098_Cuscino_Extra_nero.jpg","contentUrl":"https:\/\/meber2026.graphoservice.it\/wp-content\/uploads\/2026\/02\/12098_Cuscino_Extra_nero.jpg","width":585,"height":780},{"@type":"BreadcrumbList","@id":"https:\/\/meber2026.graphoservice.it\/es\/product\/12098-2\/#breadcrumb","itemListElement":[{"@type":"ListItem","position":1,"name":"Home","item":"https:\/\/meber2026.graphoservice.it\/es\/"},{"@type":"ListItem","position":2,"name":"12098"}]},{"@type":"WebSite","@id":"https:\/\/meber2026.graphoservice.it\/es\/#website","url":"https:\/\/meber2026.graphoservice.it\/es\/","name":"Me.Ber.","description":"In Case of Emergerncy","potentialAction":[{"@type":"SearchAction","target":{"@type":"EntryPoint","urlTemplate":"https:\/\/meber2026.graphoservice.it\/es\/?s={search_term_string}"},"query-input":{"@type":"PropertyValueSpecification","valueRequired":true,"valueName":"search_term_string"}}],"inLanguage":"es"}]}},"_links":{"self":[{"href":"https:\/\/meber2026.graphoservice.it\/es\/wp-json\/wp\/v2\/product\/19485","targetHints":{"allow":["GET"]}}],"collection":[{"href":"https:\/\/meber2026.graphoservice.it\/es\/wp-json\/wp\/v2\/product"}],"about":[{"href":"https:\/\/meber2026.graphoservice.it\/es\/wp-json\/wp\/v2\/types\/product"}],"author":[{"embeddable":true,"href":"https:\/\/meber2026.graphoservice.it\/es\/wp-json\/wp\/v2\/users\/1"}],"version-history":[{"count":1,"href":"https:\/\/meber2026.graphoservice.it\/es\/wp-json\/wp\/v2\/product\/19485\/revisions"}],"predecessor-version":[{"id":31465,"href":"https:\/\/meber2026.graphoservice.it\/es\/wp-json\/wp\/v2\/product\/19485\/revisions\/31465"}],"wp:featuredmedia":[{"embeddable":true,"href":"https:\/\/meber2026.graphoservice.it\/es\/wp-json\/wp\/v2\/media\/16315"}],"wp:attachment":[{"href":"https:\/\/meber2026.graphoservice.it\/es\/wp-json\/wp\/v2\/media?parent=19485"}],"wp:term":[{"taxonomy":"application-tag","embeddable":true,"href":"https:\/\/meber2026.graphoservice.it\/es\/wp-json\/wp\/v2\/application-tag?post=19485"}],"curies":[{"name":"wp","href":"https:\/\/api.w.org\/{rel}","templated":true}]}}