{"id":19470,"date":"2026-02-10T09:28:30","date_gmt":"2026-02-10T09:28:30","guid":{"rendered":"https:\/\/meber2026.graphoservice.it\/product\/7018-a\/"},"modified":"2026-02-10T09:28:30","modified_gmt":"2026-02-10T09:28:30","slug":"7018-a","status":"publish","type":"product","link":"https:\/\/meber2026.graphoservice.it\/es\/product\/7018-a\/","title":{"rendered":"7018\/A"},"content":{"rendered":"<p>Colch\u00f3n de gel fluido terap\u00e9utico fabricado con tres secciones diferentes de poliuretano expandido (una de las cuales es de memoria lenta). Equipado con aletas contenedoras y dos zonas r\u00edgidas de cabeza\/pie. La zona sacra\/dorsal est\u00e1 formada por dos losas en gel de fluido terap\u00e9utico (40x40xH1,50 cm) para crear una comodidad equilibrada para el paciente. Las tres zonas en poliuretano expandido absorben las vibraciones debido a las tensiones pasivas del movimiento del veh\u00edculo sanitario, mientras que las dos zonas en gel de fluido terap\u00e9utico absorben el peso del paciente garantizando una transferencia m\u00e1s c\u00f3moda.  Realizado a mano en Skay ign\u00edfugo, impermeable y resistente a las roturas con una doble costura con lados externos notablemente elevados para contener al paciente. Las placas de gel est\u00e1n pegadas en un &#8220;bolsillo&#8221; especial creado para garantizar una larga vida \u00fatil. <strong>Apto para cualquier tipo de camilla de carga autom\u00e1tica<\/strong>.<br \/>\n<strong>Dimensiones: cm 179x47x13 \u2013 peso kg 9,7<\/strong><\/p>\n<p><span style=\"font-weight: 700; color: rgb(98, 98, 98);\"><span style=\"font-size: 10px;\">*<\/span><\/span><span style=\"color: rgb(98, 98, 98); font-size: 10px;\">Todas las im\u00e1genes mostradas son solo para fines ilustrativos.<\/span><\/p>\n","protected":false},"excerpt":{"rendered":"<p>Colch\u00f3n de gel fluido terap\u00e9utico fabricado con tres secciones diferentes de poliuretano expandido (una de las cuales es de memoria lenta). Equipado con aletas contenedoras y dos zonas r\u00edgidas de cabeza\/pie. La zona sacra\/dorsal est\u00e1 formada por dos losas en gel de fluido terap\u00e9utico (40x40xH1,50 cm) para crear una comodidad equilibrada para el paciente. Las [&hellip;]<\/p>\n","protected":false},"author":1,"featured_media":16293,"parent":0,"menu_order":40002600,"template":"","meta":{"_acf_changed":false,"footnotes":""},"application-tag":[93],"class_list":["post-19470","product","type-product","status-publish","has-post-thumbnail","hentry","application-tag-accesorios"],"acf":[],"dsm_author":{"name":"admeb26","avatar_url":"https:\/\/meber2026.graphoservice.it\/wp-content\/plugins\/ultimate-member\/assets\/img\/default_avatar.jpg","archive_link":"https:\/\/meber2026.graphoservice.it\/es\/author\/admeb26\/","biodata":""},"dsm_categories":[],"dsm_attachment_categories":[],"dsm_featured_image":{"thumbnail":"https:\/\/meber2026.graphoservice.it\/wp-content\/uploads\/2026\/02\/7018_MaterassoGel-150x150.jpg","medium":"https:\/\/meber2026.graphoservice.it\/wp-content\/uploads\/2026\/02\/7018_MaterassoGel-300x127.jpg","medium_large":"https:\/\/meber2026.graphoservice.it\/wp-content\/uploads\/2026\/02\/7018_MaterassoGel-768x325.jpg","large":"https:\/\/meber2026.graphoservice.it\/wp-content\/uploads\/2026\/02\/7018_MaterassoGel.jpg","1536x1536":"https:\/\/meber2026.graphoservice.it\/wp-content\/uploads\/2026\/02\/7018_MaterassoGel.jpg","2048x2048":"https:\/\/meber2026.graphoservice.it\/wp-content\/uploads\/2026\/02\/7018_MaterassoGel.jpg","et-pb-post-main-image":"https:\/\/meber2026.graphoservice.it\/wp-content\/uploads\/2026\/02\/7018_MaterassoGel-400x250.jpg","et-pb-post-main-image-fullwidth":"https:\/\/meber2026.graphoservice.it\/wp-content\/uploads\/2026\/02\/7018_MaterassoGel.jpg","et-pb-portfolio-image":"https:\/\/meber2026.graphoservice.it\/wp-content\/uploads\/2026\/02\/7018_MaterassoGel-400x284.jpg","et-pb-portfolio-module-image":"https:\/\/meber2026.graphoservice.it\/wp-content\/uploads\/2026\/02\/7018_MaterassoGel-510x330.jpg","et-pb-portfolio-image-single":"https:\/\/meber2026.graphoservice.it\/wp-content\/uploads\/2026\/02\/7018_MaterassoGel.jpg","et-pb-gallery-module-image-portrait":"https:\/\/meber2026.graphoservice.it\/wp-content\/uploads\/2026\/02\/7018_MaterassoGel-400x330.jpg","et-pb-post-main-image-fullwidth-large":"https:\/\/meber2026.graphoservice.it\/wp-content\/uploads\/2026\/02\/7018_MaterassoGel.jpg","et-pb-image--responsive--desktop":"https:\/\/meber2026.graphoservice.it\/wp-content\/uploads\/2026\/02\/7018_MaterassoGel.jpg","et-pb-image--responsive--tablet":"https:\/\/meber2026.graphoservice.it\/wp-content\/uploads\/2026\/02\/7018_MaterassoGel.jpg","et-pb-image--responsive--phone":"https:\/\/meber2026.graphoservice.it\/wp-content\/uploads\/2026\/02\/7018_MaterassoGel-480x203.jpg","full":"https:\/\/meber2026.graphoservice.it\/wp-content\/uploads\/2026\/02\/7018_MaterassoGel.jpg"},"yoast_head":"<!-- This site is optimized with the Yoast SEO plugin v27.4 - https:\/\/yoast.com\/product\/yoast-seo-wordpress\/ -->\n<title>7018\/A<\/title>\n<meta name=\"robots\" content=\"noindex, follow, max-snippet:-1, max-image-preview:large, max-video-preview:-1\" \/>\n<meta property=\"og:locale\" content=\"es_ES\" \/>\n<meta property=\"og:type\" content=\"article\" \/>\n<meta property=\"og:title\" content=\"7018\/A\" \/>\n<meta property=\"og:description\" content=\"Colch\u00f3n de gel fluido terap\u00e9utico fabricado con tres secciones diferentes de poliuretano expandido (una de las cuales es de memoria lenta). Equipado con aletas contenedoras y dos zonas r\u00edgidas de cabeza\/pie. La zona sacra\/dorsal est\u00e1 formada por dos losas en gel de fluido terap\u00e9utico (40x40xH1,50 cm) para crear una comodidad equilibrada para el paciente. Las [&hellip;]\" \/>\n<meta property=\"og:url\" content=\"https:\/\/meber2026.graphoservice.it\/es\/product\/7018-a\/\" \/>\n<meta property=\"og:site_name\" content=\"Me.Ber.\" \/>\n<meta name=\"twitter:card\" content=\"summary_large_image\" \/>\n<meta name=\"twitter:label1\" content=\"Tiempo de lectura\" \/>\n\t<meta name=\"twitter:data1\" content=\"1 minuto\" \/>\n<script type=\"application\/ld+json\" class=\"yoast-schema-graph\">{\"@context\":\"https:\\\/\\\/schema.org\",\"@graph\":[{\"@type\":\"WebPage\",\"@id\":\"https:\\\/\\\/meber2026.graphoservice.it\\\/es\\\/product\\\/7018-a\\\/\",\"url\":\"https:\\\/\\\/meber2026.graphoservice.it\\\/es\\\/product\\\/7018-a\\\/\",\"name\":\"7018\\\/A\",\"isPartOf\":{\"@id\":\"https:\\\/\\\/meber2026.graphoservice.it\\\/es\\\/#website\"},\"primaryImageOfPage\":{\"@id\":\"https:\\\/\\\/meber2026.graphoservice.it\\\/es\\\/product\\\/7018-a\\\/#primaryimage\"},\"image\":{\"@id\":\"https:\\\/\\\/meber2026.graphoservice.it\\\/es\\\/product\\\/7018-a\\\/#primaryimage\"},\"thumbnailUrl\":\"https:\\\/\\\/meber2026.graphoservice.it\\\/wp-content\\\/uploads\\\/2026\\\/02\\\/7018_MaterassoGel.jpg\",\"datePublished\":\"2026-02-10T09:28:30+00:00\",\"breadcrumb\":{\"@id\":\"https:\\\/\\\/meber2026.graphoservice.it\\\/es\\\/product\\\/7018-a\\\/#breadcrumb\"},\"inLanguage\":\"es\",\"potentialAction\":[{\"@type\":\"ReadAction\",\"target\":[\"https:\\\/\\\/meber2026.graphoservice.it\\\/es\\\/product\\\/7018-a\\\/\"]}]},{\"@type\":\"ImageObject\",\"inLanguage\":\"es\",\"@id\":\"https:\\\/\\\/meber2026.graphoservice.it\\\/es\\\/product\\\/7018-a\\\/#primaryimage\",\"url\":\"https:\\\/\\\/meber2026.graphoservice.it\\\/wp-content\\\/uploads\\\/2026\\\/02\\\/7018_MaterassoGel.jpg\",\"contentUrl\":\"https:\\\/\\\/meber2026.graphoservice.it\\\/wp-content\\\/uploads\\\/2026\\\/02\\\/7018_MaterassoGel.jpg\",\"width\":780,\"height\":330},{\"@type\":\"BreadcrumbList\",\"@id\":\"https:\\\/\\\/meber2026.graphoservice.it\\\/es\\\/product\\\/7018-a\\\/#breadcrumb\",\"itemListElement\":[{\"@type\":\"ListItem\",\"position\":1,\"name\":\"Home\",\"item\":\"https:\\\/\\\/meber2026.graphoservice.it\\\/es\\\/\"},{\"@type\":\"ListItem\",\"position\":2,\"name\":\"7018\\\/A\"}]},{\"@type\":\"WebSite\",\"@id\":\"https:\\\/\\\/meber2026.graphoservice.it\\\/es\\\/#website\",\"url\":\"https:\\\/\\\/meber2026.graphoservice.it\\\/es\\\/\",\"name\":\"Me.Ber.\",\"description\":\"In Case of Emergerncy\",\"potentialAction\":[{\"@type\":\"SearchAction\",\"target\":{\"@type\":\"EntryPoint\",\"urlTemplate\":\"https:\\\/\\\/meber2026.graphoservice.it\\\/es\\\/?s={search_term_string}\"},\"query-input\":{\"@type\":\"PropertyValueSpecification\",\"valueRequired\":true,\"valueName\":\"search_term_string\"}}],\"inLanguage\":\"es\"}]}<\/script>\n<!-- \/ Yoast SEO plugin. -->","yoast_head_json":{"title":"7018\/A","robots":{"index":"noindex","follow":"follow","max-snippet":"max-snippet:-1","max-image-preview":"max-image-preview:large","max-video-preview":"max-video-preview:-1"},"og_locale":"es_ES","og_type":"article","og_title":"7018\/A","og_description":"Colch\u00f3n de gel fluido terap\u00e9utico fabricado con tres secciones diferentes de poliuretano expandido (una de las cuales es de memoria lenta). Equipado con aletas contenedoras y dos zonas r\u00edgidas de cabeza\/pie. La zona sacra\/dorsal est\u00e1 formada por dos losas en gel de fluido terap\u00e9utico (40x40xH1,50 cm) para crear una comodidad equilibrada para el paciente. Las [&hellip;]","og_url":"https:\/\/meber2026.graphoservice.it\/es\/product\/7018-a\/","og_site_name":"Me.Ber.","twitter_card":"summary_large_image","twitter_misc":{"Tiempo de lectura":"1 minuto"},"schema":{"@context":"https:\/\/schema.org","@graph":[{"@type":"WebPage","@id":"https:\/\/meber2026.graphoservice.it\/es\/product\/7018-a\/","url":"https:\/\/meber2026.graphoservice.it\/es\/product\/7018-a\/","name":"7018\/A","isPartOf":{"@id":"https:\/\/meber2026.graphoservice.it\/es\/#website"},"primaryImageOfPage":{"@id":"https:\/\/meber2026.graphoservice.it\/es\/product\/7018-a\/#primaryimage"},"image":{"@id":"https:\/\/meber2026.graphoservice.it\/es\/product\/7018-a\/#primaryimage"},"thumbnailUrl":"https:\/\/meber2026.graphoservice.it\/wp-content\/uploads\/2026\/02\/7018_MaterassoGel.jpg","datePublished":"2026-02-10T09:28:30+00:00","breadcrumb":{"@id":"https:\/\/meber2026.graphoservice.it\/es\/product\/7018-a\/#breadcrumb"},"inLanguage":"es","potentialAction":[{"@type":"ReadAction","target":["https:\/\/meber2026.graphoservice.it\/es\/product\/7018-a\/"]}]},{"@type":"ImageObject","inLanguage":"es","@id":"https:\/\/meber2026.graphoservice.it\/es\/product\/7018-a\/#primaryimage","url":"https:\/\/meber2026.graphoservice.it\/wp-content\/uploads\/2026\/02\/7018_MaterassoGel.jpg","contentUrl":"https:\/\/meber2026.graphoservice.it\/wp-content\/uploads\/2026\/02\/7018_MaterassoGel.jpg","width":780,"height":330},{"@type":"BreadcrumbList","@id":"https:\/\/meber2026.graphoservice.it\/es\/product\/7018-a\/#breadcrumb","itemListElement":[{"@type":"ListItem","position":1,"name":"Home","item":"https:\/\/meber2026.graphoservice.it\/es\/"},{"@type":"ListItem","position":2,"name":"7018\/A"}]},{"@type":"WebSite","@id":"https:\/\/meber2026.graphoservice.it\/es\/#website","url":"https:\/\/meber2026.graphoservice.it\/es\/","name":"Me.Ber.","description":"In Case of Emergerncy","potentialAction":[{"@type":"SearchAction","target":{"@type":"EntryPoint","urlTemplate":"https:\/\/meber2026.graphoservice.it\/es\/?s={search_term_string}"},"query-input":{"@type":"PropertyValueSpecification","valueRequired":true,"valueName":"search_term_string"}}],"inLanguage":"es"}]}},"_links":{"self":[{"href":"https:\/\/meber2026.graphoservice.it\/es\/wp-json\/wp\/v2\/product\/19470","targetHints":{"allow":["GET"]}}],"collection":[{"href":"https:\/\/meber2026.graphoservice.it\/es\/wp-json\/wp\/v2\/product"}],"about":[{"href":"https:\/\/meber2026.graphoservice.it\/es\/wp-json\/wp\/v2\/types\/product"}],"author":[{"embeddable":true,"href":"https:\/\/meber2026.graphoservice.it\/es\/wp-json\/wp\/v2\/users\/1"}],"version-history":[{"count":0,"href":"https:\/\/meber2026.graphoservice.it\/es\/wp-json\/wp\/v2\/product\/19470\/revisions"}],"wp:featuredmedia":[{"embeddable":true,"href":"https:\/\/meber2026.graphoservice.it\/es\/wp-json\/wp\/v2\/media\/16293"}],"wp:attachment":[{"href":"https:\/\/meber2026.graphoservice.it\/es\/wp-json\/wp\/v2\/media?parent=19470"}],"wp:term":[{"taxonomy":"application-tag","embeddable":true,"href":"https:\/\/meber2026.graphoservice.it\/es\/wp-json\/wp\/v2\/application-tag?post=19470"}],"curies":[{"name":"wp","href":"https:\/\/api.w.org\/{rel}","templated":true}]}}