{"id":19425,"date":"2026-02-10T09:28:24","date_gmt":"2026-02-10T09:28:24","guid":{"rendered":"https:\/\/meber2026.graphoservice.it\/product\/7014-a\/"},"modified":"2026-02-10T09:28:25","modified_gmt":"2026-02-10T09:28:25","slug":"7014-a","status":"publish","type":"product","link":"https:\/\/meber2026.graphoservice.it\/es\/product\/7014-a\/","title":{"rendered":"7014\/A"},"content":{"rendered":"<div title=\"Page 92\">\n<div>\n<div>\n<div>\n<div style=\"\"><span style=\"font-size: small;\">Colchoneta para camilla de carga autom\u00e1tica fabricado en Skay y espuma ign\u00edfuga. Completamente soldado e impermeable el\u00e9ctricamente, es <strong> adecuado para casi todas las camillas de carga autom\u00e1tica MeBer (no id\u00f3neo para camilla Evox)<\/strong>.<\/span><br \/>\n<strong><span style=\"font-size: small;\">Dimensiones: cm 186 x 47 x 9.\u00a0<\/span><\/strong><\/p>\n<p><span style=\"font-weight: 700; color: rgb(98, 98, 98);\"><span style=\"font-size: 10px;\">*<\/span><\/span><span style=\"color: rgb(98, 98, 98); font-size: 10px;\">Todas las im\u00e1genes mostradas son solo para fines ilustrativos.<\/span><\/div>\n<\/div>\n<\/div>\n<\/div>\n<\/div>\n<p style=\"\"><span style=\"font-size: small;\">\u00a0<\/span><span style=\"font-family: 'Microsoft Sans Serif'\"><o:p><\/o:p><\/span><\/p>\n","protected":false},"excerpt":{"rendered":"<p>Colchoneta para camilla de carga autom\u00e1tica fabricado en Skay y espuma ign\u00edfuga. Completamente soldado e impermeable el\u00e9ctricamente, es adecuado para casi todas las camillas de carga autom\u00e1tica MeBer (no id\u00f3neo para camilla Evox). Dimensiones: cm 186 x 47 x 9.\u00a0 *Todas las im\u00e1genes mostradas son solo para fines ilustrativos. \u00a0<\/p>\n","protected":false},"author":1,"featured_media":16218,"parent":0,"menu_order":40000300,"template":"","meta":{"_acf_changed":false,"footnotes":""},"application-tag":[],"class_list":["post-19425","product","type-product","status-publish","has-post-thumbnail","hentry"],"acf":[],"dsm_author":{"name":"admeb26","avatar_url":"https:\/\/meber2026.graphoservice.it\/wp-content\/plugins\/ultimate-member\/assets\/img\/default_avatar.jpg","archive_link":"https:\/\/meber2026.graphoservice.it\/es\/author\/admeb26\/","biodata":""},"dsm_categories":[],"dsm_attachment_categories":[],"dsm_featured_image":{"thumbnail":"https:\/\/meber2026.graphoservice.it\/wp-content\/uploads\/2026\/02\/MATERASSO-ARANCIO-0604-150x150.jpg","medium":"https:\/\/meber2026.graphoservice.it\/wp-content\/uploads\/2026\/02\/MATERASSO-ARANCIO-0604-300x216.jpg","medium_large":"https:\/\/meber2026.graphoservice.it\/wp-content\/uploads\/2026\/02\/MATERASSO-ARANCIO-0604.jpg","large":"https:\/\/meber2026.graphoservice.it\/wp-content\/uploads\/2026\/02\/MATERASSO-ARANCIO-0604.jpg","1536x1536":"https:\/\/meber2026.graphoservice.it\/wp-content\/uploads\/2026\/02\/MATERASSO-ARANCIO-0604.jpg","2048x2048":"https:\/\/meber2026.graphoservice.it\/wp-content\/uploads\/2026\/02\/MATERASSO-ARANCIO-0604.jpg","et-pb-post-main-image":"https:\/\/meber2026.graphoservice.it\/wp-content\/uploads\/2026\/02\/MATERASSO-ARANCIO-0604-400x250.jpg","et-pb-post-main-image-fullwidth":"https:\/\/meber2026.graphoservice.it\/wp-content\/uploads\/2026\/02\/MATERASSO-ARANCIO-0604.jpg","et-pb-portfolio-image":"https:\/\/meber2026.graphoservice.it\/wp-content\/uploads\/2026\/02\/MATERASSO-ARANCIO-0604-400x284.jpg","et-pb-portfolio-module-image":"https:\/\/meber2026.graphoservice.it\/wp-content\/uploads\/2026\/02\/MATERASSO-ARANCIO-0604.jpg","et-pb-portfolio-image-single":"https:\/\/meber2026.graphoservice.it\/wp-content\/uploads\/2026\/02\/MATERASSO-ARANCIO-0604.jpg","et-pb-gallery-module-image-portrait":"https:\/\/meber2026.graphoservice.it\/wp-content\/uploads\/2026\/02\/MATERASSO-ARANCIO-0604-400x360.jpg","et-pb-post-main-image-fullwidth-large":"https:\/\/meber2026.graphoservice.it\/wp-content\/uploads\/2026\/02\/MATERASSO-ARANCIO-0604.jpg","et-pb-image--responsive--desktop":"https:\/\/meber2026.graphoservice.it\/wp-content\/uploads\/2026\/02\/MATERASSO-ARANCIO-0604.jpg","et-pb-image--responsive--tablet":"https:\/\/meber2026.graphoservice.it\/wp-content\/uploads\/2026\/02\/MATERASSO-ARANCIO-0604.jpg","et-pb-image--responsive--phone":"https:\/\/meber2026.graphoservice.it\/wp-content\/uploads\/2026\/02\/MATERASSO-ARANCIO-0604-480x346.jpg","full":"https:\/\/meber2026.graphoservice.it\/wp-content\/uploads\/2026\/02\/MATERASSO-ARANCIO-0604.jpg"},"yoast_head":"<!-- This site is optimized with the Yoast SEO plugin v27.4 - https:\/\/yoast.com\/product\/yoast-seo-wordpress\/ -->\n<title>7014\/A<\/title>\n<meta name=\"robots\" content=\"noindex, follow, max-snippet:-1, max-image-preview:large, max-video-preview:-1\" \/>\n<meta property=\"og:locale\" content=\"es_ES\" \/>\n<meta property=\"og:type\" content=\"article\" \/>\n<meta property=\"og:title\" content=\"7014\/A\" \/>\n<meta property=\"og:description\" content=\"Colchoneta para camilla de carga autom\u00e1tica fabricado en Skay y espuma ign\u00edfuga. Completamente soldado e impermeable el\u00e9ctricamente, es adecuado para casi todas las camillas de carga autom\u00e1tica MeBer (no id\u00f3neo para camilla Evox). Dimensiones: cm 186 x 47 x 9.\u00a0 *Todas las im\u00e1genes mostradas son solo para fines ilustrativos. \u00a0\" \/>\n<meta property=\"og:url\" content=\"https:\/\/meber2026.graphoservice.it\/es\/product\/7014-a\/\" \/>\n<meta property=\"og:site_name\" content=\"Me.Ber.\" \/>\n<meta property=\"article:modified_time\" content=\"2026-02-10T09:28:25+00:00\" \/>\n<meta name=\"twitter:card\" content=\"summary_large_image\" \/>\n<script type=\"application\/ld+json\" class=\"yoast-schema-graph\">{\"@context\":\"https:\\\/\\\/schema.org\",\"@graph\":[{\"@type\":\"WebPage\",\"@id\":\"https:\\\/\\\/meber2026.graphoservice.it\\\/es\\\/product\\\/7014-a\\\/\",\"url\":\"https:\\\/\\\/meber2026.graphoservice.it\\\/es\\\/product\\\/7014-a\\\/\",\"name\":\"7014\\\/A\",\"isPartOf\":{\"@id\":\"https:\\\/\\\/meber2026.graphoservice.it\\\/es\\\/#website\"},\"primaryImageOfPage\":{\"@id\":\"https:\\\/\\\/meber2026.graphoservice.it\\\/es\\\/product\\\/7014-a\\\/#primaryimage\"},\"image\":{\"@id\":\"https:\\\/\\\/meber2026.graphoservice.it\\\/es\\\/product\\\/7014-a\\\/#primaryimage\"},\"thumbnailUrl\":\"https:\\\/\\\/meber2026.graphoservice.it\\\/wp-content\\\/uploads\\\/2026\\\/02\\\/MATERASSO-ARANCIO-0604.jpg\",\"datePublished\":\"2026-02-10T09:28:24+00:00\",\"dateModified\":\"2026-02-10T09:28:25+00:00\",\"breadcrumb\":{\"@id\":\"https:\\\/\\\/meber2026.graphoservice.it\\\/es\\\/product\\\/7014-a\\\/#breadcrumb\"},\"inLanguage\":\"es\",\"potentialAction\":[{\"@type\":\"ReadAction\",\"target\":[\"https:\\\/\\\/meber2026.graphoservice.it\\\/es\\\/product\\\/7014-a\\\/\"]}]},{\"@type\":\"ImageObject\",\"inLanguage\":\"es\",\"@id\":\"https:\\\/\\\/meber2026.graphoservice.it\\\/es\\\/product\\\/7014-a\\\/#primaryimage\",\"url\":\"https:\\\/\\\/meber2026.graphoservice.it\\\/wp-content\\\/uploads\\\/2026\\\/02\\\/MATERASSO-ARANCIO-0604.jpg\",\"contentUrl\":\"https:\\\/\\\/meber2026.graphoservice.it\\\/wp-content\\\/uploads\\\/2026\\\/02\\\/MATERASSO-ARANCIO-0604.jpg\",\"width\":500,\"height\":360},{\"@type\":\"BreadcrumbList\",\"@id\":\"https:\\\/\\\/meber2026.graphoservice.it\\\/es\\\/product\\\/7014-a\\\/#breadcrumb\",\"itemListElement\":[{\"@type\":\"ListItem\",\"position\":1,\"name\":\"Home\",\"item\":\"https:\\\/\\\/meber2026.graphoservice.it\\\/es\\\/\"},{\"@type\":\"ListItem\",\"position\":2,\"name\":\"7014\\\/A\"}]},{\"@type\":\"WebSite\",\"@id\":\"https:\\\/\\\/meber2026.graphoservice.it\\\/es\\\/#website\",\"url\":\"https:\\\/\\\/meber2026.graphoservice.it\\\/es\\\/\",\"name\":\"Me.Ber.\",\"description\":\"In Case of Emergerncy\",\"potentialAction\":[{\"@type\":\"SearchAction\",\"target\":{\"@type\":\"EntryPoint\",\"urlTemplate\":\"https:\\\/\\\/meber2026.graphoservice.it\\\/es\\\/?s={search_term_string}\"},\"query-input\":{\"@type\":\"PropertyValueSpecification\",\"valueRequired\":true,\"valueName\":\"search_term_string\"}}],\"inLanguage\":\"es\"}]}<\/script>\n<!-- \/ Yoast SEO plugin. -->","yoast_head_json":{"title":"7014\/A","robots":{"index":"noindex","follow":"follow","max-snippet":"max-snippet:-1","max-image-preview":"max-image-preview:large","max-video-preview":"max-video-preview:-1"},"og_locale":"es_ES","og_type":"article","og_title":"7014\/A","og_description":"Colchoneta para camilla de carga autom\u00e1tica fabricado en Skay y espuma ign\u00edfuga. Completamente soldado e impermeable el\u00e9ctricamente, es adecuado para casi todas las camillas de carga autom\u00e1tica MeBer (no id\u00f3neo para camilla Evox). Dimensiones: cm 186 x 47 x 9.\u00a0 *Todas las im\u00e1genes mostradas son solo para fines ilustrativos. \u00a0","og_url":"https:\/\/meber2026.graphoservice.it\/es\/product\/7014-a\/","og_site_name":"Me.Ber.","article_modified_time":"2026-02-10T09:28:25+00:00","twitter_card":"summary_large_image","schema":{"@context":"https:\/\/schema.org","@graph":[{"@type":"WebPage","@id":"https:\/\/meber2026.graphoservice.it\/es\/product\/7014-a\/","url":"https:\/\/meber2026.graphoservice.it\/es\/product\/7014-a\/","name":"7014\/A","isPartOf":{"@id":"https:\/\/meber2026.graphoservice.it\/es\/#website"},"primaryImageOfPage":{"@id":"https:\/\/meber2026.graphoservice.it\/es\/product\/7014-a\/#primaryimage"},"image":{"@id":"https:\/\/meber2026.graphoservice.it\/es\/product\/7014-a\/#primaryimage"},"thumbnailUrl":"https:\/\/meber2026.graphoservice.it\/wp-content\/uploads\/2026\/02\/MATERASSO-ARANCIO-0604.jpg","datePublished":"2026-02-10T09:28:24+00:00","dateModified":"2026-02-10T09:28:25+00:00","breadcrumb":{"@id":"https:\/\/meber2026.graphoservice.it\/es\/product\/7014-a\/#breadcrumb"},"inLanguage":"es","potentialAction":[{"@type":"ReadAction","target":["https:\/\/meber2026.graphoservice.it\/es\/product\/7014-a\/"]}]},{"@type":"ImageObject","inLanguage":"es","@id":"https:\/\/meber2026.graphoservice.it\/es\/product\/7014-a\/#primaryimage","url":"https:\/\/meber2026.graphoservice.it\/wp-content\/uploads\/2026\/02\/MATERASSO-ARANCIO-0604.jpg","contentUrl":"https:\/\/meber2026.graphoservice.it\/wp-content\/uploads\/2026\/02\/MATERASSO-ARANCIO-0604.jpg","width":500,"height":360},{"@type":"BreadcrumbList","@id":"https:\/\/meber2026.graphoservice.it\/es\/product\/7014-a\/#breadcrumb","itemListElement":[{"@type":"ListItem","position":1,"name":"Home","item":"https:\/\/meber2026.graphoservice.it\/es\/"},{"@type":"ListItem","position":2,"name":"7014\/A"}]},{"@type":"WebSite","@id":"https:\/\/meber2026.graphoservice.it\/es\/#website","url":"https:\/\/meber2026.graphoservice.it\/es\/","name":"Me.Ber.","description":"In Case of Emergerncy","potentialAction":[{"@type":"SearchAction","target":{"@type":"EntryPoint","urlTemplate":"https:\/\/meber2026.graphoservice.it\/es\/?s={search_term_string}"},"query-input":{"@type":"PropertyValueSpecification","valueRequired":true,"valueName":"search_term_string"}}],"inLanguage":"es"}]}},"_links":{"self":[{"href":"https:\/\/meber2026.graphoservice.it\/es\/wp-json\/wp\/v2\/product\/19425","targetHints":{"allow":["GET"]}}],"collection":[{"href":"https:\/\/meber2026.graphoservice.it\/es\/wp-json\/wp\/v2\/product"}],"about":[{"href":"https:\/\/meber2026.graphoservice.it\/es\/wp-json\/wp\/v2\/types\/product"}],"author":[{"embeddable":true,"href":"https:\/\/meber2026.graphoservice.it\/es\/wp-json\/wp\/v2\/users\/1"}],"version-history":[{"count":0,"href":"https:\/\/meber2026.graphoservice.it\/es\/wp-json\/wp\/v2\/product\/19425\/revisions"}],"wp:featuredmedia":[{"embeddable":true,"href":"https:\/\/meber2026.graphoservice.it\/es\/wp-json\/wp\/v2\/media\/16218"}],"wp:attachment":[{"href":"https:\/\/meber2026.graphoservice.it\/es\/wp-json\/wp\/v2\/media?parent=19425"}],"wp:term":[{"taxonomy":"application-tag","embeddable":true,"href":"https:\/\/meber2026.graphoservice.it\/es\/wp-json\/wp\/v2\/application-tag?post=19425"}],"curies":[{"name":"wp","href":"https:\/\/api.w.org\/{rel}","templated":true}]}}